{"id":62333,"date":"2018-02-05T10:35:31","date_gmt":"2018-02-05T09:35:31","guid":{"rendered":"https:\/\/pule.se\/produkt\/royal-basic-svart\/"},"modified":"2026-03-04T09:41:40","modified_gmt":"2026-03-04T08:41:40","slug":"royal-basic-svart","status":"publish","type":"product","link":"https:\/\/shop.bjerring-sales.dk\/en\/product\/royal-basic-svart\/","title":{"rendered":"Royal Basic - Stainless \/ Black"},"content":{"rendered":"<p>The barrier post Royal Basic is a complete post with straps. The Basic pole is one of our most affordable options when it comes to fencing with a pole and tape. It is equipped with an integrated tape cassette containing a 3 meter long black tape. The barrier tape can also be attached to the wall, but with the help of a wall bracket.<\/p>\n<p>Royal is a product line of queue posts that includes affordable and quality posts in the field of cordon fencing. We stock all fencing products and also offer a large range of posts for ropes within the Casino product range.<\/p>\n<ul>\n<li>The barrier post is delivered complete with straps<\/li>\n<li>3 meter extendable strap in black<\/li>\n<\/ul>","protected":false},"excerpt":{"rendered":"<p>Looking for a neat way to demarcate an area? Then we have the answer with our two-part post with band and full slab in concrete.<\/p>","protected":false},"featured_media":98143,"template":"","meta":{"iawp_total_views":2},"product_brand":[],"product_cat":[6354,5818,6355,5817],"product_tag":[5813,5814,5864,5865],"class_list":{"0":"post-62333","1":"product","2":"type-product","3":"status-publish","4":"has-post-thumbnail","6":"product_cat-avsparrning-royal","7":"product_cat-kostolpar-band","8":"product_cat-avsparrning-basic","9":"product_cat-avsparrning","10":"product_tag-avsparrningsstolpe","11":"product_tag-kostolpe","12":"product_tag-royal-basic","13":"product_tag-avsparrning-med-band","15":"first","16":"instock","17":"taxable","18":"shipping-taxable","19":"purchasable","20":"product-type-simple"},"yoast_head":"<!-- This site is optimized with the Yoast SEO plugin v27.0 - https:\/\/yoast.com\/product\/yoast-seo-wordpress\/ -->\n<title>Royal Basic - Rostfritt\/Svart - Bjerring-Sales<\/title>\n<meta name=\"description\" content=\"Letar du efter ett snyggt s\u00e4tt att avgr\u00e4nsa ett omr\u00e5de? D\u00e5 har vi svaret med v\u00e5r tv\u00e5delade stolpe med band och hel platta i betong.\" \/>\n<meta name=\"robots\" content=\"index, follow, max-snippet:-1, max-image-preview:large, max-video-preview:-1\" \/>\n<link rel=\"canonical\" href=\"https:\/\/shop.bjerring-sales.dk\/en\/product\/royal-basic-svart\/\" \/>\n<meta property=\"og:locale\" content=\"en_GB\" \/>\n<meta property=\"og:type\" content=\"article\" \/>\n<meta property=\"og:title\" content=\"Royal Basic - Rostfritt\/Svart - Bjerring-Sales\" \/>\n<meta property=\"og:description\" content=\"Letar du efter ett snyggt s\u00e4tt att avgr\u00e4nsa ett omr\u00e5de? D\u00e5 har vi svaret med v\u00e5r tv\u00e5delade stolpe med band och hel platta i betong.\" \/>\n<meta property=\"og:url\" content=\"https:\/\/shop.bjerring-sales.dk\/en\/product\/royal-basic-svart\/\" \/>\n<meta property=\"og:site_name\" content=\"Bjerring-Sales\" \/>\n<meta property=\"article:modified_time\" content=\"2026-03-04T08:41:40+00:00\" \/>\n<meta property=\"og:image\" content=\"https:\/\/shop.bjerring-sales.dk\/wp-content\/uploads\/2024\/08\/webb-royalbasic1.jpg\" \/>\n\t<meta property=\"og:image:width\" content=\"800\" \/>\n\t<meta property=\"og:image:height\" content=\"800\" \/>\n\t<meta property=\"og:image:type\" content=\"image\/jpeg\" \/>\n<meta name=\"twitter:card\" content=\"summary_large_image\" \/>\n<meta name=\"twitter:label1\" content=\"Estimated reading time\" \/>\n\t<meta name=\"twitter:data1\" content=\"1 minute\" \/>\n<script type=\"application\/ld+json\" class=\"yoast-schema-graph\">{\"@context\":\"https:\/\/schema.org\",\"@graph\":[{\"@type\":\"WebPage\",\"@id\":\"https:\/\/shop.bjerring-sales.dk\/sv\/produkt\/royal-basic-svart\/\",\"url\":\"https:\/\/shop.bjerring-sales.dk\/sv\/produkt\/royal-basic-svart\/\",\"name\":\"Royal Basic - Rostfritt\/Svart - Bjerring-Sales\",\"isPartOf\":{\"@id\":\"https:\/\/shop.bjerring-sales.dk\/#website\"},\"primaryImageOfPage\":{\"@id\":\"https:\/\/shop.bjerring-sales.dk\/sv\/produkt\/royal-basic-svart\/#primaryimage\"},\"image\":{\"@id\":\"https:\/\/shop.bjerring-sales.dk\/sv\/produkt\/royal-basic-svart\/#primaryimage\"},\"thumbnailUrl\":\"https:\/\/shop.bjerring-sales.dk\/wp-content\/uploads\/2024\/08\/webb-royalbasic1.jpg\",\"datePublished\":\"2018-02-05T09:35:31+00:00\",\"dateModified\":\"2026-03-04T08:41:40+00:00\",\"description\":\"Letar du efter ett snyggt s\u00e4tt att avgr\u00e4nsa ett omr\u00e5de? D\u00e5 har vi svaret med v\u00e5r tv\u00e5delade stolpe med band och hel platta i betong.\",\"breadcrumb\":{\"@id\":\"https:\/\/shop.bjerring-sales.dk\/sv\/produkt\/royal-basic-svart\/#breadcrumb\"},\"inLanguage\":\"en-GB\",\"potentialAction\":[{\"@type\":\"ReadAction\",\"target\":[\"https:\/\/shop.bjerring-sales.dk\/sv\/produkt\/royal-basic-svart\/\"]}]},{\"@type\":\"ImageObject\",\"inLanguage\":\"en-GB\",\"@id\":\"https:\/\/shop.bjerring-sales.dk\/sv\/produkt\/royal-basic-svart\/#primaryimage\",\"url\":\"https:\/\/shop.bjerring-sales.dk\/wp-content\/uploads\/2024\/08\/webb-royalbasic1.jpg\",\"contentUrl\":\"https:\/\/shop.bjerring-sales.dk\/wp-content\/uploads\/2024\/08\/webb-royalbasic1.jpg\",\"width\":800,\"height\":800},{\"@type\":\"BreadcrumbList\",\"@id\":\"https:\/\/shop.bjerring-sales.dk\/sv\/produkt\/royal-basic-svart\/#breadcrumb\",\"itemListElement\":[{\"@type\":\"ListItem\",\"position\":1,\"name\":\"Hem\",\"item\":\"https:\/\/shop.bjerring-sales.dk\/\"},{\"@type\":\"ListItem\",\"position\":2,\"name\":\"Webbutik\",\"item\":\"https:\/\/shop.bjerring-sales.dk\/butik\/\"},{\"@type\":\"ListItem\",\"position\":3,\"name\":\"Royal Basic &#8211; Rostfritt\/Svart\"}]},{\"@type\":\"WebSite\",\"@id\":\"https:\/\/shop.bjerring-sales.dk\/#website\",\"url\":\"https:\/\/shop.bjerring-sales.dk\/\",\"name\":\"Bjerring-Sales\",\"description\":\"M\u00f6bler f\u00f6r teatrar, skolor, kontor och k\u00f6pcentrum\",\"publisher\":{\"@id\":\"https:\/\/shop.bjerring-sales.dk\/#organization\"},\"potentialAction\":[{\"@type\":\"SearchAction\",\"target\":{\"@type\":\"EntryPoint\",\"urlTemplate\":\"https:\/\/shop.bjerring-sales.dk\/?s={search_term_string}\"},\"query-input\":{\"@type\":\"PropertyValueSpecification\",\"valueRequired\":true,\"valueName\":\"search_term_string\"}}],\"inLanguage\":\"en-GB\"},{\"@type\":\"Organization\",\"@id\":\"https:\/\/shop.bjerring-sales.dk\/#organization\",\"name\":\"Bjerring-Sales\",\"url\":\"https:\/\/shop.bjerring-sales.dk\/\",\"logo\":{\"@type\":\"ImageObject\",\"inLanguage\":\"en-GB\",\"@id\":\"https:\/\/shop.bjerring-sales.dk\/#\/schema\/logo\/image\/\",\"url\":\"https:\/\/shop.bjerring-sales.dk\/wp-content\/uploads\/2023\/01\/logo_sv.png\",\"contentUrl\":\"https:\/\/shop.bjerring-sales.dk\/wp-content\/uploads\/2023\/01\/logo_sv.png\",\"width\":195,\"height\":68,\"caption\":\"Bjerring-Sales\"},\"image\":{\"@id\":\"https:\/\/shop.bjerring-sales.dk\/#\/schema\/logo\/image\/\"}}]}<\/script>\n<!-- \/ Yoast SEO plugin. -->","yoast_head_json":{"title":"Royal Basic - Stainless\/Black - Bjerring-Sales","description":"Looking for a neat way to demarcate an area? Then we have the answer with our two-part post with band and full slab in concrete.","robots":{"index":"index","follow":"follow","max-snippet":"max-snippet:-1","max-image-preview":"max-image-preview:large","max-video-preview":"max-video-preview:-1"},"canonical":"https:\/\/shop.bjerring-sales.dk\/en\/product\/royal-basic-svart\/","og_locale":"en_GB","og_type":"article","og_title":"Royal Basic - Rostfritt\/Svart - Bjerring-Sales","og_description":"Letar du efter ett snyggt s\u00e4tt att avgr\u00e4nsa ett omr\u00e5de? D\u00e5 har vi svaret med v\u00e5r tv\u00e5delade stolpe med band och hel platta i betong.","og_url":"https:\/\/shop.bjerring-sales.dk\/en\/product\/royal-basic-svart\/","og_site_name":"Bjerring-Sales","article_modified_time":"2026-03-04T08:41:40+00:00","og_image":[{"width":800,"height":800,"url":"https:\/\/shop.bjerring-sales.dk\/wp-content\/uploads\/2024\/08\/webb-royalbasic1.jpg","type":"image\/jpeg"}],"twitter_card":"summary_large_image","twitter_misc":{"Estimated reading time":"1 minute"},"schema":{"@context":"https:\/\/schema.org","@graph":[{"@type":"WebPage","@id":"https:\/\/shop.bjerring-sales.dk\/sv\/produkt\/royal-basic-svart\/","url":"https:\/\/shop.bjerring-sales.dk\/sv\/produkt\/royal-basic-svart\/","name":"Royal Basic - Stainless\/Black - Bjerring-Sales","isPartOf":{"@id":"https:\/\/shop.bjerring-sales.dk\/#website"},"primaryImageOfPage":{"@id":"https:\/\/shop.bjerring-sales.dk\/sv\/produkt\/royal-basic-svart\/#primaryimage"},"image":{"@id":"https:\/\/shop.bjerring-sales.dk\/sv\/produkt\/royal-basic-svart\/#primaryimage"},"thumbnailUrl":"https:\/\/shop.bjerring-sales.dk\/wp-content\/uploads\/2024\/08\/webb-royalbasic1.jpg","datePublished":"2018-02-05T09:35:31+00:00","dateModified":"2026-03-04T08:41:40+00:00","description":"Looking for a neat way to demarcate an area? Then we have the answer with our two-part post with band and full slab in concrete.","breadcrumb":{"@id":"https:\/\/shop.bjerring-sales.dk\/sv\/produkt\/royal-basic-svart\/#breadcrumb"},"inLanguage":"en-GB","potentialAction":[{"@type":"ReadAction","target":["https:\/\/shop.bjerring-sales.dk\/sv\/produkt\/royal-basic-svart\/"]}]},{"@type":"ImageObject","inLanguage":"en-GB","@id":"https:\/\/shop.bjerring-sales.dk\/sv\/produkt\/royal-basic-svart\/#primaryimage","url":"https:\/\/shop.bjerring-sales.dk\/wp-content\/uploads\/2024\/08\/webb-royalbasic1.jpg","contentUrl":"https:\/\/shop.bjerring-sales.dk\/wp-content\/uploads\/2024\/08\/webb-royalbasic1.jpg","width":800,"height":800},{"@type":"BreadcrumbList","@id":"https:\/\/shop.bjerring-sales.dk\/sv\/produkt\/royal-basic-svart\/#breadcrumb","itemListElement":[{"@type":"ListItem","position":1,"name":"Hem","item":"https:\/\/shop.bjerring-sales.dk\/"},{"@type":"ListItem","position":2,"name":"Webbutik","item":"https:\/\/shop.bjerring-sales.dk\/butik\/"},{"@type":"ListItem","position":3,"name":"Royal Basic &#8211; Rostfritt\/Svart"}]},{"@type":"WebSite","@id":"https:\/\/shop.bjerring-sales.dk\/#website","url":"https:\/\/shop.bjerring-sales.dk\/","name":"Bjerring Sales","description":"Furniture for theatres, schools, offices and shopping centres","publisher":{"@id":"https:\/\/shop.bjerring-sales.dk\/#organization"},"potentialAction":[{"@type":"SearchAction","target":{"@type":"EntryPoint","urlTemplate":"https:\/\/shop.bjerring-sales.dk\/?s={search_term_string}"},"query-input":{"@type":"PropertyValueSpecification","valueRequired":true,"valueName":"search_term_string"}}],"inLanguage":"en-GB"},{"@type":"Organization","@id":"https:\/\/shop.bjerring-sales.dk\/#organization","name":"Bjerring Sales","url":"https:\/\/shop.bjerring-sales.dk\/","logo":{"@type":"ImageObject","inLanguage":"en-GB","@id":"https:\/\/shop.bjerring-sales.dk\/#\/schema\/logo\/image\/","url":"https:\/\/shop.bjerring-sales.dk\/wp-content\/uploads\/2023\/01\/logo_sv.png","contentUrl":"https:\/\/shop.bjerring-sales.dk\/wp-content\/uploads\/2023\/01\/logo_sv.png","width":195,"height":68,"caption":"Bjerring-Sales"},"image":{"@id":"https:\/\/shop.bjerring-sales.dk\/#\/schema\/logo\/image\/"}}]}},"_links":{"self":[{"href":"https:\/\/shop.bjerring-sales.dk\/en\/wp-json\/wp\/v2\/product\/62333","targetHints":{"allow":["GET"]}}],"collection":[{"href":"https:\/\/shop.bjerring-sales.dk\/en\/wp-json\/wp\/v2\/product"}],"about":[{"href":"https:\/\/shop.bjerring-sales.dk\/en\/wp-json\/wp\/v2\/types\/product"}],"wp:featuredmedia":[{"embeddable":true,"href":"https:\/\/shop.bjerring-sales.dk\/en\/wp-json\/wp\/v2\/media\/98143"}],"wp:attachment":[{"href":"https:\/\/shop.bjerring-sales.dk\/en\/wp-json\/wp\/v2\/media?parent=62333"}],"wp:term":[{"taxonomy":"product_brand","embeddable":true,"href":"https:\/\/shop.bjerring-sales.dk\/en\/wp-json\/wp\/v2\/product_brand?post=62333"},{"taxonomy":"product_cat","embeddable":true,"href":"https:\/\/shop.bjerring-sales.dk\/en\/wp-json\/wp\/v2\/product_cat?post=62333"},{"taxonomy":"product_tag","embeddable":true,"href":"https:\/\/shop.bjerring-sales.dk\/en\/wp-json\/wp\/v2\/product_tag?post=62333"}],"curies":[{"name":"wp","href":"https:\/\/api.w.org\/{rel}","templated":true}]}}