{"id":62278,"date":"2018-02-05T13:23:10","date_gmt":"2018-02-05T12:23:10","guid":{"rendered":"https:\/\/pule.se\/produkt\/casino-stapelbar-svart-platta\/"},"modified":"2023-01-18T14:49:12","modified_gmt":"2023-01-18T13:49:12","slug":"casino-stapelbar-svart-platta","status":"publish","type":"product","link":"https:\/\/shop.bjerring-sales.dk\/en\/product\/casino-stapelbar-svart-platta\/","title":{"rendered":"Casino Stackable - Black \/ Flat"},"content":{"rendered":"<div class=\"tab-content\">\n<p>Black stackable queue post for rope with flat top and stackable foot. Black Casino post is also available with full foot.<\/p>\n<p>Queue posts\/person barriers are used to stop, screen off and direct flows of people in a neat and efficient way. The queue posts are widely used for barricades at entrances and restaurants and for queue management at fairs and events. We also have complete entrance packages in different variations.<\/p>\n<p>If you have a large area to be cordoned off, using a transport trolley for queue posts makes it easier.<\/p>\n<p>Choose between different variations on the post and foot, design of the top part and color of the rope and hook.<\/p>\n<ul>\n<li>Ball posts are available in stainless steel, black and brass<\/li>\n<li>Ball, plate or crown as top part.<\/li>\n<li>Braided ropes in black, off-white and red<\/li>\n<li>Velvet covered ropes in black, blue and red<\/li>\n<\/ul>\n<\/div>","protected":false},"excerpt":{"rendered":"<p>Black stackable rope queue post with flat top and stackable foot. Our range of queue bollards help to delineate, stop and direct people flows neatly and efficiently.<\/p>","protected":false},"featured_media":75424,"template":"","meta":{"iawp_total_views":3},"product_brand":[],"product_cat":[5909,6356,5817],"product_tag":[5813,5814,6099,6148],"class_list":{"0":"post-62278","1":"product","2":"type-product","3":"status-publish","4":"has-post-thumbnail","6":"product_cat-kostolpar-rep","7":"product_cat-avsparrning-casino","8":"product_cat-avsparrning","9":"product_tag-avsparrningsstolpe","10":"product_tag-kostolpe","11":"product_tag-casino-stolpe","12":"product_tag-stapelbar-stolpe","14":"first","15":"instock","16":"taxable","17":"shipping-taxable","18":"purchasable","19":"product-type-simple"},"yoast_head":"<!-- This site is optimized with the Yoast SEO plugin v27.0 - https:\/\/yoast.com\/product\/yoast-seo-wordpress\/ -->\n<title>Casino Stapelbar - Svart\/Platta - Bjerring-Sales<\/title>\n<meta name=\"description\" content=\"Svart stapelbar k\u00f6stolpe till rep med platt topp och stapelbar fot.\u00a0V\u00e5rt utbud av k\u00f6stolpar hj\u00e4lper till att avgr\u00e4nsa, stoppa och dirigera folkfl\u00f6den snyggt och effektivt.\" \/>\n<meta name=\"robots\" content=\"index, follow, max-snippet:-1, max-image-preview:large, max-video-preview:-1\" \/>\n<link rel=\"canonical\" href=\"https:\/\/shop.bjerring-sales.dk\/en\/product\/casino-stapelbar-svart-platta\/\" \/>\n<meta property=\"og:locale\" content=\"en_GB\" \/>\n<meta property=\"og:type\" content=\"article\" \/>\n<meta property=\"og:title\" content=\"Casino Stapelbar - Svart\/Platta - Bjerring-Sales\" \/>\n<meta property=\"og:description\" content=\"Svart stapelbar k\u00f6stolpe till rep med platt topp och stapelbar fot.\u00a0V\u00e5rt utbud av k\u00f6stolpar hj\u00e4lper till att avgr\u00e4nsa, stoppa och dirigera folkfl\u00f6den snyggt och effektivt.\" \/>\n<meta property=\"og:url\" content=\"https:\/\/shop.bjerring-sales.dk\/en\/product\/casino-stapelbar-svart-platta\/\" \/>\n<meta property=\"og:site_name\" content=\"Bjerring-Sales\" \/>\n<meta property=\"article:modified_time\" content=\"2023-01-18T13:49:12+00:00\" \/>\n<meta property=\"og:image\" content=\"https:\/\/pule.se\/wp-content\/uploads\/2018\/02\/webb-kostolpesvartplattastapelbar-1.jpg\" \/>\n\t<meta property=\"og:image:width\" content=\"800\" \/>\n\t<meta property=\"og:image:height\" content=\"800\" \/>\n\t<meta property=\"og:image:type\" content=\"image\/jpeg\" \/>\n<meta name=\"twitter:card\" content=\"summary_large_image\" \/>\n<meta name=\"twitter:label1\" content=\"Estimated reading time\" \/>\n\t<meta name=\"twitter:data1\" content=\"1 minute\" \/>\n<script type=\"application\/ld+json\" class=\"yoast-schema-graph\">{\"@context\":\"https:\/\/schema.org\",\"@graph\":[{\"@type\":\"WebPage\",\"@id\":\"https:\/\/shop.bjerring-sales.dk\/sv\/produkt\/casino-stapelbar-svart-platta\/\",\"url\":\"https:\/\/shop.bjerring-sales.dk\/sv\/produkt\/casino-stapelbar-svart-platta\/\",\"name\":\"Casino Stapelbar - Svart\/Platta - Bjerring-Sales\",\"isPartOf\":{\"@id\":\"https:\/\/shop.bjerring-sales.dk\/#website\"},\"primaryImageOfPage\":{\"@id\":\"https:\/\/shop.bjerring-sales.dk\/sv\/produkt\/casino-stapelbar-svart-platta\/#primaryimage\"},\"image\":{\"@id\":\"https:\/\/shop.bjerring-sales.dk\/sv\/produkt\/casino-stapelbar-svart-platta\/#primaryimage\"},\"thumbnailUrl\":\"https:\/\/shop.bjerring-sales.dk\/wp-content\/uploads\/2018\/02\/webb-kostolpesvartplattastapelbar-1.jpg\",\"datePublished\":\"2018-02-05T12:23:10+00:00\",\"dateModified\":\"2023-01-18T13:49:12+00:00\",\"description\":\"Svart stapelbar k\u00f6stolpe till rep med platt topp och stapelbar fot.\u00a0V\u00e5rt utbud av k\u00f6stolpar hj\u00e4lper till att avgr\u00e4nsa, stoppa och dirigera folkfl\u00f6den snyggt och effektivt.\",\"breadcrumb\":{\"@id\":\"https:\/\/shop.bjerring-sales.dk\/sv\/produkt\/casino-stapelbar-svart-platta\/#breadcrumb\"},\"inLanguage\":\"en-GB\",\"potentialAction\":[{\"@type\":\"ReadAction\",\"target\":[\"https:\/\/shop.bjerring-sales.dk\/sv\/produkt\/casino-stapelbar-svart-platta\/\"]}]},{\"@type\":\"ImageObject\",\"inLanguage\":\"en-GB\",\"@id\":\"https:\/\/shop.bjerring-sales.dk\/sv\/produkt\/casino-stapelbar-svart-platta\/#primaryimage\",\"url\":\"https:\/\/shop.bjerring-sales.dk\/wp-content\/uploads\/2018\/02\/webb-kostolpesvartplattastapelbar-1.jpg\",\"contentUrl\":\"https:\/\/shop.bjerring-sales.dk\/wp-content\/uploads\/2018\/02\/webb-kostolpesvartplattastapelbar-1.jpg\",\"width\":800,\"height\":800},{\"@type\":\"BreadcrumbList\",\"@id\":\"https:\/\/shop.bjerring-sales.dk\/sv\/produkt\/casino-stapelbar-svart-platta\/#breadcrumb\",\"itemListElement\":[{\"@type\":\"ListItem\",\"position\":1,\"name\":\"Hem\",\"item\":\"https:\/\/shop.bjerring-sales.dk\/\"},{\"@type\":\"ListItem\",\"position\":2,\"name\":\"Webbutik\",\"item\":\"https:\/\/shop.bjerring-sales.dk\/butik\/\"},{\"@type\":\"ListItem\",\"position\":3,\"name\":\"Casino Stapelbar &#8211; Svart\/Platta\"}]},{\"@type\":\"WebSite\",\"@id\":\"https:\/\/shop.bjerring-sales.dk\/#website\",\"url\":\"https:\/\/shop.bjerring-sales.dk\/\",\"name\":\"Bjerring-Sales\",\"description\":\"M\u00f6bler f\u00f6r teatrar, skolor, kontor och k\u00f6pcentrum\",\"publisher\":{\"@id\":\"https:\/\/shop.bjerring-sales.dk\/#organization\"},\"potentialAction\":[{\"@type\":\"SearchAction\",\"target\":{\"@type\":\"EntryPoint\",\"urlTemplate\":\"https:\/\/shop.bjerring-sales.dk\/?s={search_term_string}\"},\"query-input\":{\"@type\":\"PropertyValueSpecification\",\"valueRequired\":true,\"valueName\":\"search_term_string\"}}],\"inLanguage\":\"en-GB\"},{\"@type\":\"Organization\",\"@id\":\"https:\/\/shop.bjerring-sales.dk\/#organization\",\"name\":\"Bjerring-Sales\",\"url\":\"https:\/\/shop.bjerring-sales.dk\/\",\"logo\":{\"@type\":\"ImageObject\",\"inLanguage\":\"en-GB\",\"@id\":\"https:\/\/shop.bjerring-sales.dk\/#\/schema\/logo\/image\/\",\"url\":\"https:\/\/shop.bjerring-sales.dk\/wp-content\/uploads\/2023\/01\/logo_sv.png\",\"contentUrl\":\"https:\/\/shop.bjerring-sales.dk\/wp-content\/uploads\/2023\/01\/logo_sv.png\",\"width\":195,\"height\":68,\"caption\":\"Bjerring-Sales\"},\"image\":{\"@id\":\"https:\/\/shop.bjerring-sales.dk\/#\/schema\/logo\/image\/\"}}]}<\/script>\n<!-- \/ Yoast SEO plugin. -->","yoast_head_json":{"title":"Casino Stapelbar - Svart\/Platta - Bjerring-Sales","description":"Black stackable queue post for rope with flat top and stackable foot. Our range of queue poles helps to delimit, stop and direct people&#039;s flows nicely and efficiently.","robots":{"index":"index","follow":"follow","max-snippet":"max-snippet:-1","max-image-preview":"max-image-preview:large","max-video-preview":"max-video-preview:-1"},"canonical":"https:\/\/shop.bjerring-sales.dk\/en\/product\/casino-stapelbar-svart-platta\/","og_locale":"en_GB","og_type":"article","og_title":"Casino Stapelbar - Svart\/Platta - Bjerring-Sales","og_description":"Svart stapelbar k\u00f6stolpe till rep med platt topp och stapelbar fot.\u00a0V\u00e5rt utbud av k\u00f6stolpar hj\u00e4lper till att avgr\u00e4nsa, stoppa och dirigera folkfl\u00f6den snyggt och effektivt.","og_url":"https:\/\/shop.bjerring-sales.dk\/en\/product\/casino-stapelbar-svart-platta\/","og_site_name":"Bjerring-Sales","article_modified_time":"2023-01-18T13:49:12+00:00","og_image":[{"width":800,"height":800,"url":"https:\/\/pule.se\/wp-content\/uploads\/2018\/02\/webb-kostolpesvartplattastapelbar-1.jpg","type":"image\/jpeg"}],"twitter_card":"summary_large_image","twitter_misc":{"Estimated reading time":"1 minute"},"schema":{"@context":"https:\/\/schema.org","@graph":[{"@type":"WebPage","@id":"https:\/\/shop.bjerring-sales.dk\/sv\/produkt\/casino-stapelbar-svart-platta\/","url":"https:\/\/shop.bjerring-sales.dk\/sv\/produkt\/casino-stapelbar-svart-platta\/","name":"Casino Stapelbar - Svart\/Platta - Bjerring-Sales","isPartOf":{"@id":"https:\/\/shop.bjerring-sales.dk\/#website"},"primaryImageOfPage":{"@id":"https:\/\/shop.bjerring-sales.dk\/sv\/produkt\/casino-stapelbar-svart-platta\/#primaryimage"},"image":{"@id":"https:\/\/shop.bjerring-sales.dk\/sv\/produkt\/casino-stapelbar-svart-platta\/#primaryimage"},"thumbnailUrl":"https:\/\/shop.bjerring-sales.dk\/wp-content\/uploads\/2018\/02\/webb-kostolpesvartplattastapelbar-1.jpg","datePublished":"2018-02-05T12:23:10+00:00","dateModified":"2023-01-18T13:49:12+00:00","description":"Black stackable queue post for rope with flat top and stackable foot. Our range of queue poles helps to delimit, stop and direct people&#039;s flows nicely and efficiently.","breadcrumb":{"@id":"https:\/\/shop.bjerring-sales.dk\/sv\/produkt\/casino-stapelbar-svart-platta\/#breadcrumb"},"inLanguage":"en-GB","potentialAction":[{"@type":"ReadAction","target":["https:\/\/shop.bjerring-sales.dk\/sv\/produkt\/casino-stapelbar-svart-platta\/"]}]},{"@type":"ImageObject","inLanguage":"en-GB","@id":"https:\/\/shop.bjerring-sales.dk\/sv\/produkt\/casino-stapelbar-svart-platta\/#primaryimage","url":"https:\/\/shop.bjerring-sales.dk\/wp-content\/uploads\/2018\/02\/webb-kostolpesvartplattastapelbar-1.jpg","contentUrl":"https:\/\/shop.bjerring-sales.dk\/wp-content\/uploads\/2018\/02\/webb-kostolpesvartplattastapelbar-1.jpg","width":800,"height":800},{"@type":"BreadcrumbList","@id":"https:\/\/shop.bjerring-sales.dk\/sv\/produkt\/casino-stapelbar-svart-platta\/#breadcrumb","itemListElement":[{"@type":"ListItem","position":1,"name":"Hem","item":"https:\/\/shop.bjerring-sales.dk\/"},{"@type":"ListItem","position":2,"name":"Webbutik","item":"https:\/\/shop.bjerring-sales.dk\/butik\/"},{"@type":"ListItem","position":3,"name":"Casino Stapelbar &#8211; Svart\/Platta"}]},{"@type":"WebSite","@id":"https:\/\/shop.bjerring-sales.dk\/#website","url":"https:\/\/shop.bjerring-sales.dk\/","name":"Bjerring Sales","description":"Furniture for theatres, schools, offices and shopping centres","publisher":{"@id":"https:\/\/shop.bjerring-sales.dk\/#organization"},"potentialAction":[{"@type":"SearchAction","target":{"@type":"EntryPoint","urlTemplate":"https:\/\/shop.bjerring-sales.dk\/?s={search_term_string}"},"query-input":{"@type":"PropertyValueSpecification","valueRequired":true,"valueName":"search_term_string"}}],"inLanguage":"en-GB"},{"@type":"Organization","@id":"https:\/\/shop.bjerring-sales.dk\/#organization","name":"Bjerring Sales","url":"https:\/\/shop.bjerring-sales.dk\/","logo":{"@type":"ImageObject","inLanguage":"en-GB","@id":"https:\/\/shop.bjerring-sales.dk\/#\/schema\/logo\/image\/","url":"https:\/\/shop.bjerring-sales.dk\/wp-content\/uploads\/2023\/01\/logo_sv.png","contentUrl":"https:\/\/shop.bjerring-sales.dk\/wp-content\/uploads\/2023\/01\/logo_sv.png","width":195,"height":68,"caption":"Bjerring-Sales"},"image":{"@id":"https:\/\/shop.bjerring-sales.dk\/#\/schema\/logo\/image\/"}}]}},"_links":{"self":[{"href":"https:\/\/shop.bjerring-sales.dk\/en\/wp-json\/wp\/v2\/product\/62278","targetHints":{"allow":["GET"]}}],"collection":[{"href":"https:\/\/shop.bjerring-sales.dk\/en\/wp-json\/wp\/v2\/product"}],"about":[{"href":"https:\/\/shop.bjerring-sales.dk\/en\/wp-json\/wp\/v2\/types\/product"}],"wp:featuredmedia":[{"embeddable":true,"href":"https:\/\/shop.bjerring-sales.dk\/en\/wp-json\/wp\/v2\/media\/75424"}],"wp:attachment":[{"href":"https:\/\/shop.bjerring-sales.dk\/en\/wp-json\/wp\/v2\/media?parent=62278"}],"wp:term":[{"taxonomy":"product_brand","embeddable":true,"href":"https:\/\/shop.bjerring-sales.dk\/en\/wp-json\/wp\/v2\/product_brand?post=62278"},{"taxonomy":"product_cat","embeddable":true,"href":"https:\/\/shop.bjerring-sales.dk\/en\/wp-json\/wp\/v2\/product_cat?post=62278"},{"taxonomy":"product_tag","embeddable":true,"href":"https:\/\/shop.bjerring-sales.dk\/en\/wp-json\/wp\/v2\/product_tag?post=62278"}],"curies":[{"name":"wp","href":"https:\/\/api.w.org\/{rel}","templated":true}]}}