{"id":62093,"date":"2018-03-21T15:12:34","date_gmt":"2018-03-21T14:12:34","guid":{"rendered":"https:\/\/pule.se\/produkt\/berlin-bankset-basic\/"},"modified":"2025-07-02T14:35:35","modified_gmt":"2025-07-02T12:35:35","slug":"berlin-bankset-basic","status":"publish","type":"product","link":"https:\/\/shop.bjerring-sales.dk\/en\/product\/berlin-bankset-basic\/","title":{"rendered":"Berlin bench set - Basic"},"content":{"rendered":"<div class=\"wpb-content-wrapper\"><div class=\"vc_row wpb_row vc_row-fluid\"><div class=\"wpb_column vc_column_container vc_col-sm-12\"><div class=\"vc_column-inner\"><div class=\"wpb_wrapper\">\n\t<div class=\"wpb_text_column wpb_content_element\" >\n\t\t<div class=\"wpb_wrapper\">\n\t\t\t<p><span style=\"font-size: 24pt\">Berlin bench set Basic - Good quality at a better price!<\/span><br \/>\nThe Berlin bench set Basic is a bench set in pine that is available in two different designs, Basic and Premium. The bench set is perfect for events, fairs, parties, festivals and picnics. The Basic design is available in one size and the Premium design is available in three sizes. The table top is made of lacquered pine and the table stand is a green powder-coated steel stand.<\/p>\n\n\t\t<\/div>\n\t<\/div>\n<\/div><\/div><\/div><\/div><div class=\"vc_row wpb_row vc_row-fluid\"><div class=\"wpb_column vc_column_container vc_col-sm-6\"><div class=\"vc_column-inner\"><div class=\"wpb_wrapper\">\n\t<div  class=\"wpb_single_image wpb_content_element vc_align_center\">\n\t\t\n\t\t<figure class=\"wpb_wrapper vc_figure\">\n\t\t\t<div class=\"vc_single_image-wrapper vc_box_shadow_border  vc_box_border_grey\"><img loading=\"lazy\" decoding=\"async\" width=\"800\" height=\"550\" src=\"https:\/\/shop.bjerring-sales.dk\/wp-content\/uploads\/2018\/03\/Berlin_x2_800x550.jpg\" class=\"vc_single_image-img attachment-full\" alt=\"\" title=\"Berlin_x2_800x550\" srcset=\"https:\/\/shop.bjerring-sales.dk\/wp-content\/uploads\/2018\/03\/Berlin_x2_800x550.jpg 800w, https:\/\/shop.bjerring-sales.dk\/wp-content\/uploads\/2018\/03\/Berlin_x2_800x550-150x103.jpg 150w, https:\/\/shop.bjerring-sales.dk\/wp-content\/uploads\/2018\/03\/Berlin_x2_800x550-600x413.jpg 600w, https:\/\/shop.bjerring-sales.dk\/wp-content\/uploads\/2018\/03\/Berlin_x2_800x550-300x206.jpg 300w, https:\/\/shop.bjerring-sales.dk\/wp-content\/uploads\/2018\/03\/Berlin_x2_800x550-768x528.jpg 768w\" sizes=\"auto, (max-width: 800px) 100vw, 800px\" \/><\/div>\n\t\t<\/figure>\n\t<\/div>\n<\/div><\/div><\/div><div class=\"wpb_column vc_column_container vc_col-sm-6\"><div class=\"vc_column-inner\"><div class=\"wpb_wrapper\">\n\t<div  class=\"wpb_single_image wpb_content_element vc_align_center\">\n\t\t\n\t\t<figure class=\"wpb_wrapper vc_figure\">\n\t\t\t<div class=\"vc_single_image-wrapper vc_box_shadow_border  vc_box_border_grey\"><img loading=\"lazy\" decoding=\"async\" width=\"800\" height=\"550\" src=\"https:\/\/shop.bjerring-sales.dk\/wp-content\/uploads\/2018\/03\/Berlin_bankset_miljo_800x550.jpg\" class=\"vc_single_image-img attachment-full\" alt=\"\" title=\"Berlin_bankset_environment_800x550\" srcset=\"https:\/\/shop.bjerring-sales.dk\/wp-content\/uploads\/2018\/03\/Berlin_bankset_miljo_800x550.jpg 800w, https:\/\/shop.bjerring-sales.dk\/wp-content\/uploads\/2018\/03\/Berlin_bankset_miljo_800x550-150x103.jpg 150w, https:\/\/shop.bjerring-sales.dk\/wp-content\/uploads\/2018\/03\/Berlin_bankset_miljo_800x550-600x413.jpg 600w, https:\/\/shop.bjerring-sales.dk\/wp-content\/uploads\/2018\/03\/Berlin_bankset_miljo_800x550-300x206.jpg 300w, https:\/\/shop.bjerring-sales.dk\/wp-content\/uploads\/2018\/03\/Berlin_bankset_miljo_800x550-768x528.jpg 768w\" sizes=\"auto, (max-width: 800px) 100vw, 800px\" \/><\/div>\n\t\t<\/figure>\n\t<\/div>\n<\/div><\/div><\/div><\/div><div class=\"vc_row wpb_row vc_row-fluid\"><div class=\"wpb_column vc_column_container vc_col-sm-6\"><div class=\"vc_column-inner\"><div class=\"wpb_wrapper\">\n\t<div class=\"wpb_text_column wpb_content_element\" >\n\t\t<div class=\"wpb_wrapper\">\n\t\t\t<p><span style=\"font-size: 18pt\">Specifications<\/span><\/p>\n<ul>\n<li>MOQ 4 st<\/li>\n<li>Table and countertops in pine wood<\/li>\n<li>Table and bench stand in powder-coated steel<\/li>\n<li>Also available in Premium version<\/li>\n<\/ul>\n<p><span style=\"font-size: 18pt\">Dimensions \/ Weight \u2013 180\u00d770 cm<\/span><\/p>\n<ul>\n<li>Length: 180 cm<\/li>\n<li>Width: 70 cm<\/li>\n<li>Height: 76 cm<\/li>\n<\/ul>\n\n\t\t<\/div>\n\t<\/div>\n<\/div><\/div><\/div><div class=\"wpb_column vc_column_container vc_col-sm-6\"><div class=\"vc_column-inner\"><div class=\"wpb_wrapper\">\n\t<div class=\"wpb_text_column wpb_content_element\" >\n\t\t<div class=\"wpb_wrapper\">\n\t\t\t<p><span style=\"font-size: 18pt\">Weight<\/span><\/p>\n<ul>\n<li>Weight: 44 kg<\/li>\n<\/ul>\n\n\t\t<\/div>\n\t<\/div>\n<\/div><\/div><\/div><\/div>\n<\/div>","protected":false},"excerpt":{"rendered":"<p>Berlin Basic is a bench set in pine that is perfect for festivals etc. MOQ 4pcs. The bench set is perfect for events, fairs, parties, festivals and picnics. The Basic version is available in one size and the Premium version is available in three sizes.<\/p>","protected":false},"featured_media":98135,"template":"","meta":{"iawp_total_views":26},"product_brand":[],"product_cat":[5787,5880,6345,6304],"product_tag":[6154,6155,6156,6365],"class_list":{"0":"post-62093","1":"product","2":"type-product","3":"status-publish","4":"has-post-thumbnail","6":"product_cat-bord","7":"product_cat-bankset","8":"product_cat-bankset-utomhus","9":"product_cat-utemobler","10":"product_tag-fallbart-bankset","11":"product_tag-berlin-bankset","12":"product_tag-bankset-tra","13":"product_tag-bankset-basic","15":"first","16":"instock","17":"taxable","18":"shipping-taxable","19":"purchasable","20":"product-type-simple"},"yoast_head":"<!-- This site is optimized with the Yoast SEO plugin v27.0 - https:\/\/yoast.com\/product\/yoast-seo-wordpress\/ -->\n<title>Berlin b\u00e4nkset - Basic - Bjerring-Sales<\/title>\n<meta name=\"description\" content=\"Berlin \u00e4r ett b\u00e4nkset i furu som finns i tv\u00e5 olika utf\u00f6randen, Basic och Premium.\u00a0 B\u00e4nksetet passar perfekt till evenemang, m\u00e4ssor, fester, festivaler och picknickar.\" \/>\n<meta name=\"robots\" content=\"index, follow, max-snippet:-1, max-image-preview:large, max-video-preview:-1\" \/>\n<link rel=\"canonical\" href=\"https:\/\/shop.bjerring-sales.dk\/en\/product\/berlin-bankset-basic\/\" \/>\n<meta property=\"og:locale\" content=\"en_GB\" \/>\n<meta property=\"og:type\" content=\"article\" \/>\n<meta property=\"og:title\" content=\"Berlin b\u00e4nkset Basic \u2013 Bra kvalitet till b\u00e4ttre pris!\" \/>\n<meta property=\"og:description\" content=\"Berlin b\u00e4nkset Basic \u00e4r ett b\u00e4nkset i furu som finns i tv\u00e5 olika utf\u00f6randen, Basic och Premium. B\u00e4nksetet passar perfekt till evenemang, m\u00e4ssor, fester, festivaler och picknickar.\" \/>\n<meta property=\"og:url\" content=\"https:\/\/shop.bjerring-sales.dk\/en\/product\/berlin-bankset-basic\/\" \/>\n<meta property=\"og:site_name\" content=\"Bjerring-Sales\" \/>\n<meta property=\"article:modified_time\" content=\"2025-07-02T12:35:35+00:00\" \/>\n<meta property=\"og:image\" content=\"https:\/\/shop.bjerring-sales.dk\/wp-content\/uploads\/2018\/03\/Berlin_x2_800x550.jpg\" \/>\n\t<meta property=\"og:image:width\" content=\"800\" \/>\n\t<meta property=\"og:image:height\" content=\"550\" \/>\n\t<meta property=\"og:image:type\" content=\"image\/jpeg\" \/>\n<meta name=\"twitter:card\" content=\"summary_large_image\" \/>\n<meta name=\"twitter:title\" content=\"Berlin b\u00e4nkset Basic \u2013 Bra kvalitet till b\u00e4ttre pris!\" \/>\n<meta name=\"twitter:description\" content=\"Berlin b\u00e4nkset Basic \u00e4r ett b\u00e4nkset i furu som finns i tv\u00e5 olika utf\u00f6randen, Basic och Premium. B\u00e4nksetet passar perfekt till evenemang, m\u00e4ssor, fester, festivaler och picknickar.\" \/>\n<meta name=\"twitter:image\" content=\"https:\/\/shop.bjerring-sales.dk\/wp-content\/uploads\/2018\/03\/Berlin_x2_800x550.jpg\" \/>\n<meta name=\"twitter:label1\" content=\"Estimated reading time\" \/>\n\t<meta name=\"twitter:data1\" content=\"1 minute\" \/>\n<script type=\"application\/ld+json\" class=\"yoast-schema-graph\">{\"@context\":\"https:\/\/schema.org\",\"@graph\":[{\"@type\":\"WebPage\",\"@id\":\"https:\/\/shop.bjerring-sales.dk\/sv\/produkt\/berlin-bankset-basic\/\",\"url\":\"https:\/\/shop.bjerring-sales.dk\/sv\/produkt\/berlin-bankset-basic\/\",\"name\":\"Berlin b\u00e4nkset - Basic - Bjerring-Sales\",\"isPartOf\":{\"@id\":\"https:\/\/shop.bjerring-sales.dk\/#website\"},\"primaryImageOfPage\":{\"@id\":\"https:\/\/shop.bjerring-sales.dk\/sv\/produkt\/berlin-bankset-basic\/#primaryimage\"},\"image\":{\"@id\":\"https:\/\/shop.bjerring-sales.dk\/sv\/produkt\/berlin-bankset-basic\/#primaryimage\"},\"thumbnailUrl\":\"https:\/\/shop.bjerring-sales.dk\/wp-content\/uploads\/2024\/08\/webb-berlinbankset.jpg\",\"datePublished\":\"2018-03-21T14:12:34+00:00\",\"dateModified\":\"2025-07-02T12:35:35+00:00\",\"description\":\"Berlin \u00e4r ett b\u00e4nkset i furu som finns i tv\u00e5 olika utf\u00f6randen, Basic och Premium.\u00a0 B\u00e4nksetet passar perfekt till evenemang, m\u00e4ssor, fester, festivaler och picknickar.\",\"breadcrumb\":{\"@id\":\"https:\/\/shop.bjerring-sales.dk\/sv\/produkt\/berlin-bankset-basic\/#breadcrumb\"},\"inLanguage\":\"en-GB\",\"potentialAction\":[{\"@type\":\"ReadAction\",\"target\":[\"https:\/\/shop.bjerring-sales.dk\/sv\/produkt\/berlin-bankset-basic\/\"]}]},{\"@type\":\"ImageObject\",\"inLanguage\":\"en-GB\",\"@id\":\"https:\/\/shop.bjerring-sales.dk\/sv\/produkt\/berlin-bankset-basic\/#primaryimage\",\"url\":\"https:\/\/shop.bjerring-sales.dk\/wp-content\/uploads\/2024\/08\/webb-berlinbankset.jpg\",\"contentUrl\":\"https:\/\/shop.bjerring-sales.dk\/wp-content\/uploads\/2024\/08\/webb-berlinbankset.jpg\",\"width\":800,\"height\":800},{\"@type\":\"BreadcrumbList\",\"@id\":\"https:\/\/shop.bjerring-sales.dk\/sv\/produkt\/berlin-bankset-basic\/#breadcrumb\",\"itemListElement\":[{\"@type\":\"ListItem\",\"position\":1,\"name\":\"Hem\",\"item\":\"https:\/\/shop.bjerring-sales.dk\/\"},{\"@type\":\"ListItem\",\"position\":2,\"name\":\"Webbutik\",\"item\":\"https:\/\/shop.bjerring-sales.dk\/butik\/\"},{\"@type\":\"ListItem\",\"position\":3,\"name\":\"Berlin b\u00e4nkset &#8211; Basic\"}]},{\"@type\":\"WebSite\",\"@id\":\"https:\/\/shop.bjerring-sales.dk\/#website\",\"url\":\"https:\/\/shop.bjerring-sales.dk\/\",\"name\":\"Bjerring-Sales\",\"description\":\"M\u00f6bler f\u00f6r teatrar, skolor, kontor och k\u00f6pcentrum\",\"publisher\":{\"@id\":\"https:\/\/shop.bjerring-sales.dk\/#organization\"},\"potentialAction\":[{\"@type\":\"SearchAction\",\"target\":{\"@type\":\"EntryPoint\",\"urlTemplate\":\"https:\/\/shop.bjerring-sales.dk\/?s={search_term_string}\"},\"query-input\":{\"@type\":\"PropertyValueSpecification\",\"valueRequired\":true,\"valueName\":\"search_term_string\"}}],\"inLanguage\":\"en-GB\"},{\"@type\":\"Organization\",\"@id\":\"https:\/\/shop.bjerring-sales.dk\/#organization\",\"name\":\"Bjerring-Sales\",\"url\":\"https:\/\/shop.bjerring-sales.dk\/\",\"logo\":{\"@type\":\"ImageObject\",\"inLanguage\":\"en-GB\",\"@id\":\"https:\/\/shop.bjerring-sales.dk\/#\/schema\/logo\/image\/\",\"url\":\"https:\/\/shop.bjerring-sales.dk\/wp-content\/uploads\/2023\/01\/logo_sv.png\",\"contentUrl\":\"https:\/\/shop.bjerring-sales.dk\/wp-content\/uploads\/2023\/01\/logo_sv.png\",\"width\":195,\"height\":68,\"caption\":\"Bjerring-Sales\"},\"image\":{\"@id\":\"https:\/\/shop.bjerring-sales.dk\/#\/schema\/logo\/image\/\"}}]}<\/script>\n<!-- \/ Yoast SEO plugin. -->","yoast_head_json":{"title":"Berlin b\u00e4nkset - Basic - Bjerring-Sales","description":"Berlin \u00e4r ett b\u00e4nkset i furu som finns i tv\u00e5 olika utf\u00f6randen, Basic och Premium.\u00a0 B\u00e4nksetet passar perfekt till evenemang, m\u00e4ssor, fester, festivaler och picknickar.","robots":{"index":"index","follow":"follow","max-snippet":"max-snippet:-1","max-image-preview":"max-image-preview:large","max-video-preview":"max-video-preview:-1"},"canonical":"https:\/\/shop.bjerring-sales.dk\/en\/product\/berlin-bankset-basic\/","og_locale":"en_GB","og_type":"article","og_title":"Berlin b\u00e4nkset Basic \u2013 Bra kvalitet till b\u00e4ttre pris!","og_description":"Berlin b\u00e4nkset Basic \u00e4r ett b\u00e4nkset i furu som finns i tv\u00e5 olika utf\u00f6randen, Basic och Premium. B\u00e4nksetet passar perfekt till evenemang, m\u00e4ssor, fester, festivaler och picknickar.","og_url":"https:\/\/shop.bjerring-sales.dk\/en\/product\/berlin-bankset-basic\/","og_site_name":"Bjerring-Sales","article_modified_time":"2025-07-02T12:35:35+00:00","og_image":[{"width":800,"height":550,"url":"https:\/\/shop.bjerring-sales.dk\/wp-content\/uploads\/2018\/03\/Berlin_x2_800x550.jpg","type":"image\/jpeg"}],"twitter_card":"summary_large_image","twitter_title":"Berlin b\u00e4nkset Basic \u2013 Bra kvalitet till b\u00e4ttre pris!","twitter_description":"Berlin b\u00e4nkset Basic \u00e4r ett b\u00e4nkset i furu som finns i tv\u00e5 olika utf\u00f6randen, Basic och Premium. B\u00e4nksetet passar perfekt till evenemang, m\u00e4ssor, fester, festivaler och picknickar.","twitter_image":"https:\/\/shop.bjerring-sales.dk\/wp-content\/uploads\/2018\/03\/Berlin_x2_800x550.jpg","twitter_misc":{"Estimated reading time":"1 minute"},"schema":{"@context":"https:\/\/schema.org","@graph":[{"@type":"WebPage","@id":"https:\/\/shop.bjerring-sales.dk\/sv\/produkt\/berlin-bankset-basic\/","url":"https:\/\/shop.bjerring-sales.dk\/sv\/produkt\/berlin-bankset-basic\/","name":"Berlin b\u00e4nkset - Basic - Bjerring-Sales","isPartOf":{"@id":"https:\/\/shop.bjerring-sales.dk\/#website"},"primaryImageOfPage":{"@id":"https:\/\/shop.bjerring-sales.dk\/sv\/produkt\/berlin-bankset-basic\/#primaryimage"},"image":{"@id":"https:\/\/shop.bjerring-sales.dk\/sv\/produkt\/berlin-bankset-basic\/#primaryimage"},"thumbnailUrl":"https:\/\/shop.bjerring-sales.dk\/wp-content\/uploads\/2024\/08\/webb-berlinbankset.jpg","datePublished":"2018-03-21T14:12:34+00:00","dateModified":"2025-07-02T12:35:35+00:00","description":"Berlin \u00e4r ett b\u00e4nkset i furu som finns i tv\u00e5 olika utf\u00f6randen, Basic och Premium.\u00a0 B\u00e4nksetet passar perfekt till evenemang, m\u00e4ssor, fester, festivaler och picknickar.","breadcrumb":{"@id":"https:\/\/shop.bjerring-sales.dk\/sv\/produkt\/berlin-bankset-basic\/#breadcrumb"},"inLanguage":"en-GB","potentialAction":[{"@type":"ReadAction","target":["https:\/\/shop.bjerring-sales.dk\/sv\/produkt\/berlin-bankset-basic\/"]}]},{"@type":"ImageObject","inLanguage":"en-GB","@id":"https:\/\/shop.bjerring-sales.dk\/sv\/produkt\/berlin-bankset-basic\/#primaryimage","url":"https:\/\/shop.bjerring-sales.dk\/wp-content\/uploads\/2024\/08\/webb-berlinbankset.jpg","contentUrl":"https:\/\/shop.bjerring-sales.dk\/wp-content\/uploads\/2024\/08\/webb-berlinbankset.jpg","width":800,"height":800},{"@type":"BreadcrumbList","@id":"https:\/\/shop.bjerring-sales.dk\/sv\/produkt\/berlin-bankset-basic\/#breadcrumb","itemListElement":[{"@type":"ListItem","position":1,"name":"Hem","item":"https:\/\/shop.bjerring-sales.dk\/"},{"@type":"ListItem","position":2,"name":"Webbutik","item":"https:\/\/shop.bjerring-sales.dk\/butik\/"},{"@type":"ListItem","position":3,"name":"Berlin b\u00e4nkset &#8211; Basic"}]},{"@type":"WebSite","@id":"https:\/\/shop.bjerring-sales.dk\/#website","url":"https:\/\/shop.bjerring-sales.dk\/","name":"Bjerring Sales","description":"Furniture for theatres, schools, offices and shopping centres","publisher":{"@id":"https:\/\/shop.bjerring-sales.dk\/#organization"},"potentialAction":[{"@type":"SearchAction","target":{"@type":"EntryPoint","urlTemplate":"https:\/\/shop.bjerring-sales.dk\/?s={search_term_string}"},"query-input":{"@type":"PropertyValueSpecification","valueRequired":true,"valueName":"search_term_string"}}],"inLanguage":"en-GB"},{"@type":"Organization","@id":"https:\/\/shop.bjerring-sales.dk\/#organization","name":"Bjerring Sales","url":"https:\/\/shop.bjerring-sales.dk\/","logo":{"@type":"ImageObject","inLanguage":"en-GB","@id":"https:\/\/shop.bjerring-sales.dk\/#\/schema\/logo\/image\/","url":"https:\/\/shop.bjerring-sales.dk\/wp-content\/uploads\/2023\/01\/logo_sv.png","contentUrl":"https:\/\/shop.bjerring-sales.dk\/wp-content\/uploads\/2023\/01\/logo_sv.png","width":195,"height":68,"caption":"Bjerring-Sales"},"image":{"@id":"https:\/\/shop.bjerring-sales.dk\/#\/schema\/logo\/image\/"}}]}},"_links":{"self":[{"href":"https:\/\/shop.bjerring-sales.dk\/en\/wp-json\/wp\/v2\/product\/62093","targetHints":{"allow":["GET"]}}],"collection":[{"href":"https:\/\/shop.bjerring-sales.dk\/en\/wp-json\/wp\/v2\/product"}],"about":[{"href":"https:\/\/shop.bjerring-sales.dk\/en\/wp-json\/wp\/v2\/types\/product"}],"wp:featuredmedia":[{"embeddable":true,"href":"https:\/\/shop.bjerring-sales.dk\/en\/wp-json\/wp\/v2\/media\/98135"}],"wp:attachment":[{"href":"https:\/\/shop.bjerring-sales.dk\/en\/wp-json\/wp\/v2\/media?parent=62093"}],"wp:term":[{"taxonomy":"product_brand","embeddable":true,"href":"https:\/\/shop.bjerring-sales.dk\/en\/wp-json\/wp\/v2\/product_brand?post=62093"},{"taxonomy":"product_cat","embeddable":true,"href":"https:\/\/shop.bjerring-sales.dk\/en\/wp-json\/wp\/v2\/product_cat?post=62093"},{"taxonomy":"product_tag","embeddable":true,"href":"https:\/\/shop.bjerring-sales.dk\/en\/wp-json\/wp\/v2\/product_tag?post=62093"}],"curies":[{"name":"wp","href":"https:\/\/api.w.org\/{rel}","templated":true}]}}