{"id":61992,"date":"2018-04-07T01:56:01","date_gmt":"2018-04-06T23:56:01","guid":{"rendered":"https:\/\/pule.se\/produkt\/rep-flatat-rostfritt\/"},"modified":"2023-01-18T14:45:00","modified_gmt":"2023-01-18T13:45:00","slug":"rep-flatat-rostfritt","status":"publish","type":"product","link":"https:\/\/shop.bjerring-sales.dk\/en\/product\/rep-flatat-rostfritt\/","title":{"rendered":"Braided rope - Stainless steel"},"content":{"rendered":"<p>Durable and elegant ropes for queue posts in stainless steel. Suitable for taverns, restaurants, hotels and events where needed separated.<\/p>\n<ul>\n<li>150 cm long<\/li>\n<li>Locking owl in stainless steel<\/li>\n<li>Braided ropes in black, white and red<\/li>\n<\/ul>","protected":false},"excerpt":{"rendered":"<p>Durable and elegant ropes for queue posts in stainless steel. Suitable for taverns, restaurants, hotels and events where needed separated.<\/p>","protected":false},"featured_media":75349,"template":"","meta":{"iawp_total_views":5},"product_brand":[],"product_cat":[5919,6356,5817],"product_tag":[6139,6140,6142],"class_list":{"0":"post-61992","1":"product","2":"type-product","3":"status-publish","4":"has-post-thumbnail","6":"product_cat-avsparrningsrep","7":"product_cat-avsparrning-casino","8":"product_cat-avsparrning","9":"product_tag-rep-till-stolpe","10":"product_tag-avsparrningsrep","11":"product_tag-flatat-rep","13":"first","14":"instock","15":"taxable","16":"shipping-taxable","17":"purchasable","18":"product-type-variable"},"yoast_head":"<!-- This site is optimized with the Yoast SEO plugin v27.0 - https:\/\/yoast.com\/product\/yoast-seo-wordpress\/ -->\n<title>Fl\u00e4tat rep - Rostfritt - Bjerring-Sales<\/title>\n<meta name=\"description\" content=\"T\u00e5liga och eleganta rep till k\u00f6stolpar i rostfritt st\u00e5l. L\u00e4mpliga f\u00f6r krogar, restauranger, hotell och event d\u00e4r det beh\u00f6vs avskiljas.\" \/>\n<meta name=\"robots\" content=\"index, follow, max-snippet:-1, max-image-preview:large, max-video-preview:-1\" \/>\n<link rel=\"canonical\" href=\"https:\/\/shop.bjerring-sales.dk\/en\/product\/rep-flatat-rostfritt\/\" \/>\n<meta property=\"og:locale\" content=\"en_GB\" \/>\n<meta property=\"og:type\" content=\"article\" \/>\n<meta property=\"og:title\" content=\"Fl\u00e4tat rep - Rostfritt - Bjerring-Sales\" \/>\n<meta property=\"og:description\" content=\"T\u00e5liga och eleganta rep till k\u00f6stolpar i rostfritt st\u00e5l. L\u00e4mpliga f\u00f6r krogar, restauranger, hotell och event d\u00e4r det beh\u00f6vs avskiljas.\" \/>\n<meta property=\"og:url\" content=\"https:\/\/shop.bjerring-sales.dk\/en\/product\/rep-flatat-rostfritt\/\" \/>\n<meta property=\"og:site_name\" content=\"Bjerring-Sales\" \/>\n<meta property=\"article:modified_time\" content=\"2023-01-18T13:45:00+00:00\" \/>\n<meta property=\"og:image\" content=\"https:\/\/pule.se\/wp-content\/uploads\/2018\/04\/rep-flatade-rostfritt-1.jpg\" \/>\n\t<meta property=\"og:image:width\" content=\"463\" \/>\n\t<meta property=\"og:image:height\" content=\"463\" \/>\n\t<meta property=\"og:image:type\" content=\"image\/jpeg\" \/>\n<meta name=\"twitter:card\" content=\"summary_large_image\" \/>\n<script type=\"application\/ld+json\" class=\"yoast-schema-graph\">{\"@context\":\"https:\/\/schema.org\",\"@graph\":[{\"@type\":\"WebPage\",\"@id\":\"https:\/\/shop.bjerring-sales.dk\/sv\/produkt\/rep-flatat-rostfritt\/\",\"url\":\"https:\/\/shop.bjerring-sales.dk\/sv\/produkt\/rep-flatat-rostfritt\/\",\"name\":\"Fl\u00e4tat rep - Rostfritt - Bjerring-Sales\",\"isPartOf\":{\"@id\":\"https:\/\/shop.bjerring-sales.dk\/#website\"},\"primaryImageOfPage\":{\"@id\":\"https:\/\/shop.bjerring-sales.dk\/sv\/produkt\/rep-flatat-rostfritt\/#primaryimage\"},\"image\":{\"@id\":\"https:\/\/shop.bjerring-sales.dk\/sv\/produkt\/rep-flatat-rostfritt\/#primaryimage\"},\"thumbnailUrl\":\"https:\/\/shop.bjerring-sales.dk\/wp-content\/uploads\/2018\/04\/rep-flatade-rostfritt-1.jpg\",\"datePublished\":\"2018-04-06T23:56:01+00:00\",\"dateModified\":\"2023-01-18T13:45:00+00:00\",\"description\":\"T\u00e5liga och eleganta rep till k\u00f6stolpar i rostfritt st\u00e5l. L\u00e4mpliga f\u00f6r krogar, restauranger, hotell och event d\u00e4r det beh\u00f6vs avskiljas.\",\"breadcrumb\":{\"@id\":\"https:\/\/shop.bjerring-sales.dk\/sv\/produkt\/rep-flatat-rostfritt\/#breadcrumb\"},\"inLanguage\":\"en-GB\",\"potentialAction\":[{\"@type\":\"ReadAction\",\"target\":[\"https:\/\/shop.bjerring-sales.dk\/sv\/produkt\/rep-flatat-rostfritt\/\"]}]},{\"@type\":\"ImageObject\",\"inLanguage\":\"en-GB\",\"@id\":\"https:\/\/shop.bjerring-sales.dk\/sv\/produkt\/rep-flatat-rostfritt\/#primaryimage\",\"url\":\"https:\/\/shop.bjerring-sales.dk\/wp-content\/uploads\/2018\/04\/rep-flatade-rostfritt-1.jpg\",\"contentUrl\":\"https:\/\/shop.bjerring-sales.dk\/wp-content\/uploads\/2018\/04\/rep-flatade-rostfritt-1.jpg\",\"width\":463,\"height\":463},{\"@type\":\"BreadcrumbList\",\"@id\":\"https:\/\/shop.bjerring-sales.dk\/sv\/produkt\/rep-flatat-rostfritt\/#breadcrumb\",\"itemListElement\":[{\"@type\":\"ListItem\",\"position\":1,\"name\":\"Hem\",\"item\":\"https:\/\/shop.bjerring-sales.dk\/\"},{\"@type\":\"ListItem\",\"position\":2,\"name\":\"Webbutik\",\"item\":\"https:\/\/shop.bjerring-sales.dk\/butik\/\"},{\"@type\":\"ListItem\",\"position\":3,\"name\":\"Fl\u00e4tat rep &#8211; Rostfritt\"}]},{\"@type\":\"WebSite\",\"@id\":\"https:\/\/shop.bjerring-sales.dk\/#website\",\"url\":\"https:\/\/shop.bjerring-sales.dk\/\",\"name\":\"Bjerring-Sales\",\"description\":\"M\u00f6bler f\u00f6r teatrar, skolor, kontor och k\u00f6pcentrum\",\"publisher\":{\"@id\":\"https:\/\/shop.bjerring-sales.dk\/#organization\"},\"potentialAction\":[{\"@type\":\"SearchAction\",\"target\":{\"@type\":\"EntryPoint\",\"urlTemplate\":\"https:\/\/shop.bjerring-sales.dk\/?s={search_term_string}\"},\"query-input\":{\"@type\":\"PropertyValueSpecification\",\"valueRequired\":true,\"valueName\":\"search_term_string\"}}],\"inLanguage\":\"en-GB\"},{\"@type\":\"Organization\",\"@id\":\"https:\/\/shop.bjerring-sales.dk\/#organization\",\"name\":\"Bjerring-Sales\",\"url\":\"https:\/\/shop.bjerring-sales.dk\/\",\"logo\":{\"@type\":\"ImageObject\",\"inLanguage\":\"en-GB\",\"@id\":\"https:\/\/shop.bjerring-sales.dk\/#\/schema\/logo\/image\/\",\"url\":\"https:\/\/shop.bjerring-sales.dk\/wp-content\/uploads\/2023\/01\/logo_sv.png\",\"contentUrl\":\"https:\/\/shop.bjerring-sales.dk\/wp-content\/uploads\/2023\/01\/logo_sv.png\",\"width\":195,\"height\":68,\"caption\":\"Bjerring-Sales\"},\"image\":{\"@id\":\"https:\/\/shop.bjerring-sales.dk\/#\/schema\/logo\/image\/\"}}]}<\/script>\n<!-- \/ Yoast SEO plugin. -->","yoast_head_json":{"title":"Fl\u00e4tat rep - Rostfritt - Bjerring-Sales","description":"Durable and elegant ropes for queue posts in stainless steel. Suitable for taverns, restaurants, hotels and events where needed separated.","robots":{"index":"index","follow":"follow","max-snippet":"max-snippet:-1","max-image-preview":"max-image-preview:large","max-video-preview":"max-video-preview:-1"},"canonical":"https:\/\/shop.bjerring-sales.dk\/en\/product\/rep-flatat-rostfritt\/","og_locale":"en_GB","og_type":"article","og_title":"Fl\u00e4tat rep - Rostfritt - Bjerring-Sales","og_description":"T\u00e5liga och eleganta rep till k\u00f6stolpar i rostfritt st\u00e5l. L\u00e4mpliga f\u00f6r krogar, restauranger, hotell och event d\u00e4r det beh\u00f6vs avskiljas.","og_url":"https:\/\/shop.bjerring-sales.dk\/en\/product\/rep-flatat-rostfritt\/","og_site_name":"Bjerring-Sales","article_modified_time":"2023-01-18T13:45:00+00:00","og_image":[{"width":463,"height":463,"url":"https:\/\/pule.se\/wp-content\/uploads\/2018\/04\/rep-flatade-rostfritt-1.jpg","type":"image\/jpeg"}],"twitter_card":"summary_large_image","schema":{"@context":"https:\/\/schema.org","@graph":[{"@type":"WebPage","@id":"https:\/\/shop.bjerring-sales.dk\/sv\/produkt\/rep-flatat-rostfritt\/","url":"https:\/\/shop.bjerring-sales.dk\/sv\/produkt\/rep-flatat-rostfritt\/","name":"Fl\u00e4tat rep - Rostfritt - Bjerring-Sales","isPartOf":{"@id":"https:\/\/shop.bjerring-sales.dk\/#website"},"primaryImageOfPage":{"@id":"https:\/\/shop.bjerring-sales.dk\/sv\/produkt\/rep-flatat-rostfritt\/#primaryimage"},"image":{"@id":"https:\/\/shop.bjerring-sales.dk\/sv\/produkt\/rep-flatat-rostfritt\/#primaryimage"},"thumbnailUrl":"https:\/\/shop.bjerring-sales.dk\/wp-content\/uploads\/2018\/04\/rep-flatade-rostfritt-1.jpg","datePublished":"2018-04-06T23:56:01+00:00","dateModified":"2023-01-18T13:45:00+00:00","description":"Durable and elegant ropes for queue posts in stainless steel. Suitable for taverns, restaurants, hotels and events where needed separated.","breadcrumb":{"@id":"https:\/\/shop.bjerring-sales.dk\/sv\/produkt\/rep-flatat-rostfritt\/#breadcrumb"},"inLanguage":"en-GB","potentialAction":[{"@type":"ReadAction","target":["https:\/\/shop.bjerring-sales.dk\/sv\/produkt\/rep-flatat-rostfritt\/"]}]},{"@type":"ImageObject","inLanguage":"en-GB","@id":"https:\/\/shop.bjerring-sales.dk\/sv\/produkt\/rep-flatat-rostfritt\/#primaryimage","url":"https:\/\/shop.bjerring-sales.dk\/wp-content\/uploads\/2018\/04\/rep-flatade-rostfritt-1.jpg","contentUrl":"https:\/\/shop.bjerring-sales.dk\/wp-content\/uploads\/2018\/04\/rep-flatade-rostfritt-1.jpg","width":463,"height":463},{"@type":"BreadcrumbList","@id":"https:\/\/shop.bjerring-sales.dk\/sv\/produkt\/rep-flatat-rostfritt\/#breadcrumb","itemListElement":[{"@type":"ListItem","position":1,"name":"Hem","item":"https:\/\/shop.bjerring-sales.dk\/"},{"@type":"ListItem","position":2,"name":"Webbutik","item":"https:\/\/shop.bjerring-sales.dk\/butik\/"},{"@type":"ListItem","position":3,"name":"Fl\u00e4tat rep &#8211; Rostfritt"}]},{"@type":"WebSite","@id":"https:\/\/shop.bjerring-sales.dk\/#website","url":"https:\/\/shop.bjerring-sales.dk\/","name":"Bjerring Sales","description":"Furniture for theatres, schools, offices and shopping centres","publisher":{"@id":"https:\/\/shop.bjerring-sales.dk\/#organization"},"potentialAction":[{"@type":"SearchAction","target":{"@type":"EntryPoint","urlTemplate":"https:\/\/shop.bjerring-sales.dk\/?s={search_term_string}"},"query-input":{"@type":"PropertyValueSpecification","valueRequired":true,"valueName":"search_term_string"}}],"inLanguage":"en-GB"},{"@type":"Organization","@id":"https:\/\/shop.bjerring-sales.dk\/#organization","name":"Bjerring Sales","url":"https:\/\/shop.bjerring-sales.dk\/","logo":{"@type":"ImageObject","inLanguage":"en-GB","@id":"https:\/\/shop.bjerring-sales.dk\/#\/schema\/logo\/image\/","url":"https:\/\/shop.bjerring-sales.dk\/wp-content\/uploads\/2023\/01\/logo_sv.png","contentUrl":"https:\/\/shop.bjerring-sales.dk\/wp-content\/uploads\/2023\/01\/logo_sv.png","width":195,"height":68,"caption":"Bjerring-Sales"},"image":{"@id":"https:\/\/shop.bjerring-sales.dk\/#\/schema\/logo\/image\/"}}]}},"_links":{"self":[{"href":"https:\/\/shop.bjerring-sales.dk\/en\/wp-json\/wp\/v2\/product\/61992","targetHints":{"allow":["GET"]}}],"collection":[{"href":"https:\/\/shop.bjerring-sales.dk\/en\/wp-json\/wp\/v2\/product"}],"about":[{"href":"https:\/\/shop.bjerring-sales.dk\/en\/wp-json\/wp\/v2\/types\/product"}],"wp:featuredmedia":[{"embeddable":true,"href":"https:\/\/shop.bjerring-sales.dk\/en\/wp-json\/wp\/v2\/media\/75349"}],"wp:attachment":[{"href":"https:\/\/shop.bjerring-sales.dk\/en\/wp-json\/wp\/v2\/media?parent=61992"}],"wp:term":[{"taxonomy":"product_brand","embeddable":true,"href":"https:\/\/shop.bjerring-sales.dk\/en\/wp-json\/wp\/v2\/product_brand?post=61992"},{"taxonomy":"product_cat","embeddable":true,"href":"https:\/\/shop.bjerring-sales.dk\/en\/wp-json\/wp\/v2\/product_cat?post=61992"},{"taxonomy":"product_tag","embeddable":true,"href":"https:\/\/shop.bjerring-sales.dk\/en\/wp-json\/wp\/v2\/product_tag?post=61992"}],"curies":[{"name":"wp","href":"https:\/\/api.w.org\/{rel}","templated":true}]}}