{"id":61910,"date":"2018-10-03T15:50:59","date_gmt":"2018-10-03T13:50:59","guid":{"rendered":"https:\/\/pule.se\/produkt\/massing-kula-svart-6stolpar\/"},"modified":"2023-11-11T15:50:04","modified_gmt":"2023-11-11T14:50:04","slug":"massing-kula-svart-6stolpar","status":"publish","type":"product","link":"https:\/\/shop.bjerring-sales.dk\/en\/product\/massing-kula-svart-6stolpar\/","title":{"rendered":"Entrance package Brass 6 posts"},"content":{"rendered":"<div class=\"wpb-content-wrapper\"><div class=\"vc_row wpb_row vc_row-fluid\"><div class=\"wpb_column vc_column_container vc_col-sm-12\"><div class=\"vc_column-inner\"><div class=\"wpb_wrapper\">\n\t<div class=\"wpb_text_column wpb_content_element\" >\n\t\t<div class=\"wpb_wrapper\">\n\t\t\t<p><span style=\"font-size: 24pt;\">Complete entrance package with 6 brass posts, rope and entrance mat<br \/>\n<\/span>A complete entrance package that contains 6 casino poles in brass with a ball as the top part, 4 braided ropes with ends in brass and 1 entrance mat in red with a rubberized underside, which makes it exemplary for use both indoors and outdoors. The entrance rug measures 180\u00d7120 cm.<\/p>\n\n\t\t<\/div>\n\t<\/div>\n<\/div><\/div><\/div><\/div><div class=\"vc_row wpb_row vc_row-fluid\"><div class=\"wpb_column vc_column_container vc_col-sm-4\"><div class=\"vc_column-inner\"><div class=\"wpb_wrapper\">\n\t<div  class=\"wpb_single_image wpb_content_element vc_align_center\">\n\t\t\n\t\t<figure class=\"wpb_wrapper vc_figure\">\n\t\t\t<div class=\"vc_single_image-wrapper vc_box_shadow_border  vc_box_border_grey\"><img loading=\"lazy\" decoding=\"async\" width=\"800\" height=\"550\" src=\"https:\/\/shop.bjerring-sales.dk\/wp-content\/uploads\/2018\/11\/entrepaket-4stolpar-01.jpg\" class=\"vc_single_image-img attachment-full\" alt=\"\" title=\"entrance package-4 poles-01\" srcset=\"https:\/\/shop.bjerring-sales.dk\/wp-content\/uploads\/2018\/11\/entrepaket-4stolpar-01.jpg 800w, https:\/\/shop.bjerring-sales.dk\/wp-content\/uploads\/2018\/11\/entrepaket-4stolpar-01-150x103.jpg 150w, https:\/\/shop.bjerring-sales.dk\/wp-content\/uploads\/2018\/11\/entrepaket-4stolpar-01-600x413.jpg 600w, https:\/\/shop.bjerring-sales.dk\/wp-content\/uploads\/2018\/11\/entrepaket-4stolpar-01-300x206.jpg 300w, https:\/\/shop.bjerring-sales.dk\/wp-content\/uploads\/2018\/11\/entrepaket-4stolpar-01-768x528.jpg 768w, https:\/\/shop.bjerring-sales.dk\/wp-content\/uploads\/2018\/11\/entrepaket-4stolpar-01-18x12.jpg 18w\" sizes=\"auto, (max-width: 800px) 100vw, 800px\" \/><\/div>\n\t\t<\/figure>\n\t<\/div>\n<\/div><\/div><\/div><div class=\"wpb_column vc_column_container vc_col-sm-4\"><div class=\"vc_column-inner\"><div class=\"wpb_wrapper\">\n\t<div  class=\"wpb_single_image wpb_content_element vc_align_center\">\n\t\t\n\t\t<figure class=\"wpb_wrapper vc_figure\">\n\t\t\t<div class=\"vc_single_image-wrapper vc_box_shadow_border  vc_box_border_grey\"><img loading=\"lazy\" decoding=\"async\" width=\"800\" height=\"550\" src=\"https:\/\/shop.bjerring-sales.dk\/wp-content\/uploads\/2018\/11\/entrepaket-4stolpar-02.jpg\" class=\"vc_single_image-img attachment-full\" alt=\"\" title=\"entrance package-4 poles-02\" srcset=\"https:\/\/shop.bjerring-sales.dk\/wp-content\/uploads\/2018\/11\/entrepaket-4stolpar-02.jpg 800w, https:\/\/shop.bjerring-sales.dk\/wp-content\/uploads\/2018\/11\/entrepaket-4stolpar-02-150x103.jpg 150w, https:\/\/shop.bjerring-sales.dk\/wp-content\/uploads\/2018\/11\/entrepaket-4stolpar-02-600x413.jpg 600w, https:\/\/shop.bjerring-sales.dk\/wp-content\/uploads\/2018\/11\/entrepaket-4stolpar-02-300x206.jpg 300w, https:\/\/shop.bjerring-sales.dk\/wp-content\/uploads\/2018\/11\/entrepaket-4stolpar-02-768x528.jpg 768w, https:\/\/shop.bjerring-sales.dk\/wp-content\/uploads\/2018\/11\/entrepaket-4stolpar-02-18x12.jpg 18w\" sizes=\"auto, (max-width: 800px) 100vw, 800px\" \/><\/div>\n\t\t<\/figure>\n\t<\/div>\n<\/div><\/div><\/div><div class=\"wpb_column vc_column_container vc_col-sm-4\"><div class=\"vc_column-inner\"><div class=\"wpb_wrapper\">\n\t<div  class=\"wpb_single_image wpb_content_element vc_align_center\">\n\t\t\n\t\t<figure class=\"wpb_wrapper vc_figure\">\n\t\t\t<div class=\"vc_single_image-wrapper vc_box_shadow_border  vc_box_border_grey\"><img loading=\"lazy\" decoding=\"async\" width=\"800\" height=\"550\" src=\"https:\/\/shop.bjerring-sales.dk\/wp-content\/uploads\/2018\/03\/berlin_stabord_800x550.jpg\" class=\"vc_single_image-img attachment-full\" alt=\"\" title=\"berlin_stabord_800x550\" srcset=\"https:\/\/shop.bjerring-sales.dk\/wp-content\/uploads\/2018\/03\/berlin_stabord_800x550.jpg 800w, https:\/\/shop.bjerring-sales.dk\/wp-content\/uploads\/2018\/03\/berlin_stabord_800x550-150x103.jpg 150w, https:\/\/shop.bjerring-sales.dk\/wp-content\/uploads\/2018\/03\/berlin_stabord_800x550-600x413.jpg 600w, https:\/\/shop.bjerring-sales.dk\/wp-content\/uploads\/2018\/03\/berlin_stabord_800x550-300x206.jpg 300w, https:\/\/shop.bjerring-sales.dk\/wp-content\/uploads\/2018\/03\/berlin_stabord_800x550-768x528.jpg 768w, https:\/\/shop.bjerring-sales.dk\/wp-content\/uploads\/2018\/03\/berlin_stabord_800x550-18x12.jpg 18w\" sizes=\"auto, (max-width: 800px) 100vw, 800px\" \/><\/div>\n\t\t<\/figure>\n\t<\/div>\n<\/div><\/div><\/div><\/div><div class=\"vc_row wpb_row vc_row-fluid\"><div class=\"wpb_column vc_column_container vc_col-sm-12\"><div class=\"vc_column-inner\"><div class=\"wpb_wrapper\">\n\t<div class=\"wpb_text_column wpb_content_element\" >\n\t\t<div class=\"wpb_wrapper\">\n\t\t\t<p><span style=\"font-size: 18pt;\">Specifications<\/span><\/p>\n<ul>\n<li>6 Casino poles in brass with a ball as the top part<\/li>\n<li>4 braided ropes with brass ends<\/li>\n<li>1 red entrance mat with rubberized underside, dimensions: 1800\u00d71200 mm<\/li>\n<\/ul>\n\n\t\t<\/div>\n\t<\/div>\n<\/div><\/div><\/div><\/div>\n<\/div>","protected":false},"excerpt":{"rendered":"<p>A complete entrance package that contains 6 Casino posts in brass with ball as top part, 4 braided ropes with ends in brass and 1 entrance mat in red with rubberized underside.<\/p>","protected":false},"featured_media":75246,"template":"","meta":{"iawp_total_views":4},"product_brand":[],"product_cat":[6356,5912,5817],"product_tag":[6112,6113],"class_list":{"0":"post-61910","1":"product","2":"type-product","3":"status-publish","4":"has-post-thumbnail","6":"product_cat-avsparrning-casino","7":"product_cat-entre-paket","8":"product_cat-avsparrning","9":"product_tag-entrepaket","10":"product_tag-kostolpar-och-matta","12":"first","13":"instock","14":"taxable","15":"shipping-taxable","16":"purchasable","17":"product-type-simple"},"yoast_head":"<!-- This site is optimized with the Yoast SEO plugin v27.0 - https:\/\/yoast.com\/product\/yoast-seo-wordpress\/ -->\n<title>Entr\u00e9paket M\u00e4ssing 6 stolpar - Bjerring-Sales<\/title>\n<meta name=\"description\" content=\"Ett komplett entr\u00e9paket som inneh\u00e5ller 6 st Casino stolpar i m\u00e4ssing med kula som topp-del, 4 st fl\u00e4tade rep med \u00e4ndar i m\u00e4ssing samt 1 st entr\u00e9matta i r\u00f6tt med gummerad undersida.\" \/>\n<meta name=\"robots\" content=\"index, follow, max-snippet:-1, max-image-preview:large, max-video-preview:-1\" \/>\n<link rel=\"canonical\" href=\"https:\/\/shop.bjerring-sales.dk\/en\/product\/massing-kula-svart-6stolpar\/\" \/>\n<meta property=\"og:locale\" content=\"en_GB\" \/>\n<meta property=\"og:type\" content=\"article\" \/>\n<meta property=\"og:title\" content=\"Komplett entr\u00e9paket med 6 m\u00e4ssingstolpar, rep och entr\u00e9matta\" \/>\n<meta property=\"og:description\" content=\"Ett komplett entr\u00e9paket som inneh\u00e5ller 6 st Casino stolpar i m\u00e4ssing med kula som topp-del, 4 st fl\u00e4tade rep med \u00e4ndar i m\u00e4ssing samt 1 st entr\u00e9matta i r\u00f6tt med gummerad undersida.\" \/>\n<meta property=\"og:url\" content=\"https:\/\/shop.bjerring-sales.dk\/en\/product\/massing-kula-svart-6stolpar\/\" \/>\n<meta property=\"og:site_name\" content=\"Bjerring-Sales\" \/>\n<meta property=\"article:modified_time\" content=\"2023-11-11T14:50:04+00:00\" \/>\n<meta property=\"og:image\" content=\"https:\/\/shop.bjerring-sales.dk\/wp-content\/uploads\/2018\/11\/entrepaket-4stolpar-01.jpg\" \/>\n\t<meta property=\"og:image:width\" content=\"800\" \/>\n\t<meta property=\"og:image:height\" content=\"550\" \/>\n\t<meta property=\"og:image:type\" content=\"image\/jpeg\" \/>\n<meta name=\"twitter:card\" content=\"summary_large_image\" \/>\n<meta name=\"twitter:title\" content=\"Komplett entr\u00e9paket med 6 m\u00e4ssingstolpar, rep och entr\u00e9matta\" \/>\n<meta name=\"twitter:description\" content=\"Ett komplett entr\u00e9paket som inneh\u00e5ller 6 st Casino stolpar i m\u00e4ssing med kula som topp-del, 4 st fl\u00e4tade rep med \u00e4ndar i m\u00e4ssing samt 1 st entr\u00e9matta i r\u00f6tt med gummerad undersida.\" \/>\n<meta name=\"twitter:image\" content=\"https:\/\/shop.bjerring-sales.dk\/wp-content\/uploads\/2018\/11\/entrepaket-4stolpar-01.jpg\" \/>\n<meta name=\"twitter:label1\" content=\"Estimated reading time\" \/>\n\t<meta name=\"twitter:data1\" content=\"1 minute\" \/>\n<script type=\"application\/ld+json\" class=\"yoast-schema-graph\">{\"@context\":\"https:\/\/schema.org\",\"@graph\":[{\"@type\":\"WebPage\",\"@id\":\"https:\/\/shop.bjerring-sales.dk\/sv\/produkt\/massing-kula-svart-6stolpar\/\",\"url\":\"https:\/\/shop.bjerring-sales.dk\/sv\/produkt\/massing-kula-svart-6stolpar\/\",\"name\":\"Entr\u00e9paket M\u00e4ssing 6 stolpar - Bjerring-Sales\",\"isPartOf\":{\"@id\":\"https:\/\/shop.bjerring-sales.dk\/#website\"},\"primaryImageOfPage\":{\"@id\":\"https:\/\/shop.bjerring-sales.dk\/sv\/produkt\/massing-kula-svart-6stolpar\/#primaryimage\"},\"image\":{\"@id\":\"https:\/\/shop.bjerring-sales.dk\/sv\/produkt\/massing-kula-svart-6stolpar\/#primaryimage\"},\"thumbnailUrl\":\"https:\/\/shop.bjerring-sales.dk\/wp-content\/uploads\/2018\/10\/elj-entrepaket-6st-svart-3.jpg\",\"datePublished\":\"2018-10-03T13:50:59+00:00\",\"dateModified\":\"2023-11-11T14:50:04+00:00\",\"description\":\"Ett komplett entr\u00e9paket som inneh\u00e5ller 6 st Casino stolpar i m\u00e4ssing med kula som topp-del, 4 st fl\u00e4tade rep med \u00e4ndar i m\u00e4ssing samt 1 st entr\u00e9matta i r\u00f6tt med gummerad undersida.\",\"breadcrumb\":{\"@id\":\"https:\/\/shop.bjerring-sales.dk\/sv\/produkt\/massing-kula-svart-6stolpar\/#breadcrumb\"},\"inLanguage\":\"en-GB\",\"potentialAction\":[{\"@type\":\"ReadAction\",\"target\":[\"https:\/\/shop.bjerring-sales.dk\/sv\/produkt\/massing-kula-svart-6stolpar\/\"]}]},{\"@type\":\"ImageObject\",\"inLanguage\":\"en-GB\",\"@id\":\"https:\/\/shop.bjerring-sales.dk\/sv\/produkt\/massing-kula-svart-6stolpar\/#primaryimage\",\"url\":\"https:\/\/shop.bjerring-sales.dk\/wp-content\/uploads\/2018\/10\/elj-entrepaket-6st-svart-3.jpg\",\"contentUrl\":\"https:\/\/shop.bjerring-sales.dk\/wp-content\/uploads\/2018\/10\/elj-entrepaket-6st-svart-3.jpg\",\"width\":800,\"height\":800},{\"@type\":\"BreadcrumbList\",\"@id\":\"https:\/\/shop.bjerring-sales.dk\/sv\/produkt\/massing-kula-svart-6stolpar\/#breadcrumb\",\"itemListElement\":[{\"@type\":\"ListItem\",\"position\":1,\"name\":\"Hem\",\"item\":\"https:\/\/shop.bjerring-sales.dk\/\"},{\"@type\":\"ListItem\",\"position\":2,\"name\":\"Webbutik\",\"item\":\"https:\/\/shop.bjerring-sales.dk\/butik\/\"},{\"@type\":\"ListItem\",\"position\":3,\"name\":\"Entr\u00e9paket M\u00e4ssing 6 stolpar\"}]},{\"@type\":\"WebSite\",\"@id\":\"https:\/\/shop.bjerring-sales.dk\/#website\",\"url\":\"https:\/\/shop.bjerring-sales.dk\/\",\"name\":\"Bjerring-Sales\",\"description\":\"M\u00f6bler f\u00f6r teatrar, skolor, kontor och k\u00f6pcentrum\",\"publisher\":{\"@id\":\"https:\/\/shop.bjerring-sales.dk\/#organization\"},\"potentialAction\":[{\"@type\":\"SearchAction\",\"target\":{\"@type\":\"EntryPoint\",\"urlTemplate\":\"https:\/\/shop.bjerring-sales.dk\/?s={search_term_string}\"},\"query-input\":{\"@type\":\"PropertyValueSpecification\",\"valueRequired\":true,\"valueName\":\"search_term_string\"}}],\"inLanguage\":\"en-GB\"},{\"@type\":\"Organization\",\"@id\":\"https:\/\/shop.bjerring-sales.dk\/#organization\",\"name\":\"Bjerring-Sales\",\"url\":\"https:\/\/shop.bjerring-sales.dk\/\",\"logo\":{\"@type\":\"ImageObject\",\"inLanguage\":\"en-GB\",\"@id\":\"https:\/\/shop.bjerring-sales.dk\/#\/schema\/logo\/image\/\",\"url\":\"https:\/\/shop.bjerring-sales.dk\/wp-content\/uploads\/2023\/01\/logo_sv.png\",\"contentUrl\":\"https:\/\/shop.bjerring-sales.dk\/wp-content\/uploads\/2023\/01\/logo_sv.png\",\"width\":195,\"height\":68,\"caption\":\"Bjerring-Sales\"},\"image\":{\"@id\":\"https:\/\/shop.bjerring-sales.dk\/#\/schema\/logo\/image\/\"}}]}<\/script>\n<!-- \/ Yoast SEO plugin. -->","yoast_head_json":{"title":"Entr\u00e9paket M\u00e4ssing 6 stolpar - Bjerring-Sales","description":"A complete entrance package that contains 6 Casino posts in brass with ball as top part, 4 braided ropes with ends in brass and 1 entrance mat in red with rubberized underside.","robots":{"index":"index","follow":"follow","max-snippet":"max-snippet:-1","max-image-preview":"max-image-preview:large","max-video-preview":"max-video-preview:-1"},"canonical":"https:\/\/shop.bjerring-sales.dk\/en\/product\/massing-kula-svart-6stolpar\/","og_locale":"en_GB","og_type":"article","og_title":"Komplett entr\u00e9paket med 6 m\u00e4ssingstolpar, rep och entr\u00e9matta","og_description":"Ett komplett entr\u00e9paket som inneh\u00e5ller 6 st Casino stolpar i m\u00e4ssing med kula som topp-del, 4 st fl\u00e4tade rep med \u00e4ndar i m\u00e4ssing samt 1 st entr\u00e9matta i r\u00f6tt med gummerad undersida.","og_url":"https:\/\/shop.bjerring-sales.dk\/en\/product\/massing-kula-svart-6stolpar\/","og_site_name":"Bjerring-Sales","article_modified_time":"2023-11-11T14:50:04+00:00","og_image":[{"width":800,"height":550,"url":"https:\/\/shop.bjerring-sales.dk\/wp-content\/uploads\/2018\/11\/entrepaket-4stolpar-01.jpg","type":"image\/jpeg"}],"twitter_card":"summary_large_image","twitter_title":"Komplett entr\u00e9paket med 6 m\u00e4ssingstolpar, rep och entr\u00e9matta","twitter_description":"Ett komplett entr\u00e9paket som inneh\u00e5ller 6 st Casino stolpar i m\u00e4ssing med kula som topp-del, 4 st fl\u00e4tade rep med \u00e4ndar i m\u00e4ssing samt 1 st entr\u00e9matta i r\u00f6tt med gummerad undersida.","twitter_image":"https:\/\/shop.bjerring-sales.dk\/wp-content\/uploads\/2018\/11\/entrepaket-4stolpar-01.jpg","twitter_misc":{"Estimated reading time":"1 minute"},"schema":{"@context":"https:\/\/schema.org","@graph":[{"@type":"WebPage","@id":"https:\/\/shop.bjerring-sales.dk\/sv\/produkt\/massing-kula-svart-6stolpar\/","url":"https:\/\/shop.bjerring-sales.dk\/sv\/produkt\/massing-kula-svart-6stolpar\/","name":"Entr\u00e9paket M\u00e4ssing 6 stolpar - Bjerring-Sales","isPartOf":{"@id":"https:\/\/shop.bjerring-sales.dk\/#website"},"primaryImageOfPage":{"@id":"https:\/\/shop.bjerring-sales.dk\/sv\/produkt\/massing-kula-svart-6stolpar\/#primaryimage"},"image":{"@id":"https:\/\/shop.bjerring-sales.dk\/sv\/produkt\/massing-kula-svart-6stolpar\/#primaryimage"},"thumbnailUrl":"https:\/\/shop.bjerring-sales.dk\/wp-content\/uploads\/2018\/10\/elj-entrepaket-6st-svart-3.jpg","datePublished":"2018-10-03T13:50:59+00:00","dateModified":"2023-11-11T14:50:04+00:00","description":"A complete entrance package that contains 6 Casino posts in brass with ball as top part, 4 braided ropes with ends in brass and 1 entrance mat in red with rubberized underside.","breadcrumb":{"@id":"https:\/\/shop.bjerring-sales.dk\/sv\/produkt\/massing-kula-svart-6stolpar\/#breadcrumb"},"inLanguage":"en-GB","potentialAction":[{"@type":"ReadAction","target":["https:\/\/shop.bjerring-sales.dk\/sv\/produkt\/massing-kula-svart-6stolpar\/"]}]},{"@type":"ImageObject","inLanguage":"en-GB","@id":"https:\/\/shop.bjerring-sales.dk\/sv\/produkt\/massing-kula-svart-6stolpar\/#primaryimage","url":"https:\/\/shop.bjerring-sales.dk\/wp-content\/uploads\/2018\/10\/elj-entrepaket-6st-svart-3.jpg","contentUrl":"https:\/\/shop.bjerring-sales.dk\/wp-content\/uploads\/2018\/10\/elj-entrepaket-6st-svart-3.jpg","width":800,"height":800},{"@type":"BreadcrumbList","@id":"https:\/\/shop.bjerring-sales.dk\/sv\/produkt\/massing-kula-svart-6stolpar\/#breadcrumb","itemListElement":[{"@type":"ListItem","position":1,"name":"Hem","item":"https:\/\/shop.bjerring-sales.dk\/"},{"@type":"ListItem","position":2,"name":"Webbutik","item":"https:\/\/shop.bjerring-sales.dk\/butik\/"},{"@type":"ListItem","position":3,"name":"Entr\u00e9paket M\u00e4ssing 6 stolpar"}]},{"@type":"WebSite","@id":"https:\/\/shop.bjerring-sales.dk\/#website","url":"https:\/\/shop.bjerring-sales.dk\/","name":"Bjerring Sales","description":"Furniture for theatres, schools, offices and shopping centres","publisher":{"@id":"https:\/\/shop.bjerring-sales.dk\/#organization"},"potentialAction":[{"@type":"SearchAction","target":{"@type":"EntryPoint","urlTemplate":"https:\/\/shop.bjerring-sales.dk\/?s={search_term_string}"},"query-input":{"@type":"PropertyValueSpecification","valueRequired":true,"valueName":"search_term_string"}}],"inLanguage":"en-GB"},{"@type":"Organization","@id":"https:\/\/shop.bjerring-sales.dk\/#organization","name":"Bjerring Sales","url":"https:\/\/shop.bjerring-sales.dk\/","logo":{"@type":"ImageObject","inLanguage":"en-GB","@id":"https:\/\/shop.bjerring-sales.dk\/#\/schema\/logo\/image\/","url":"https:\/\/shop.bjerring-sales.dk\/wp-content\/uploads\/2023\/01\/logo_sv.png","contentUrl":"https:\/\/shop.bjerring-sales.dk\/wp-content\/uploads\/2023\/01\/logo_sv.png","width":195,"height":68,"caption":"Bjerring-Sales"},"image":{"@id":"https:\/\/shop.bjerring-sales.dk\/#\/schema\/logo\/image\/"}}]}},"_links":{"self":[{"href":"https:\/\/shop.bjerring-sales.dk\/en\/wp-json\/wp\/v2\/product\/61910","targetHints":{"allow":["GET"]}}],"collection":[{"href":"https:\/\/shop.bjerring-sales.dk\/en\/wp-json\/wp\/v2\/product"}],"about":[{"href":"https:\/\/shop.bjerring-sales.dk\/en\/wp-json\/wp\/v2\/types\/product"}],"wp:featuredmedia":[{"embeddable":true,"href":"https:\/\/shop.bjerring-sales.dk\/en\/wp-json\/wp\/v2\/media\/75246"}],"wp:attachment":[{"href":"https:\/\/shop.bjerring-sales.dk\/en\/wp-json\/wp\/v2\/media?parent=61910"}],"wp:term":[{"taxonomy":"product_brand","embeddable":true,"href":"https:\/\/shop.bjerring-sales.dk\/en\/wp-json\/wp\/v2\/product_brand?post=61910"},{"taxonomy":"product_cat","embeddable":true,"href":"https:\/\/shop.bjerring-sales.dk\/en\/wp-json\/wp\/v2\/product_cat?post=61910"},{"taxonomy":"product_tag","embeddable":true,"href":"https:\/\/shop.bjerring-sales.dk\/en\/wp-json\/wp\/v2\/product_tag?post=61910"}],"curies":[{"name":"wp","href":"https:\/\/api.w.org\/{rel}","templated":true}]}}