{"id":61894,"date":"2018-10-03T20:53:16","date_gmt":"2018-10-03T18:53:16","guid":{"rendered":"https:\/\/pule.se\/produkt\/massing-skylthallare-rep\/"},"modified":"2026-04-16T14:20:31","modified_gmt":"2026-04-16T12:20:31","slug":"massing-skylthallare-rep","status":"publish","type":"product","link":"https:\/\/shop.bjerring-sales.dk\/en\/product\/massing-skylthallare-rep\/","title":{"rendered":"Brass sign holder for Casino"},"content":{"rendered":"<p><span style=\"font-size: 24pt\">Sign holder in A4 format that fits posts with brass rope.<\/span><br \/>\nPerfect for announcements, menus, prices or times outside of events, restaurants, pubs and other events. This sign holder fits all of our Casino poles with the exception of Casino Basic.<\/p>","protected":false},"excerpt":{"rendered":"<p><span style=\"color: #ff0000\">The sign holder is temporarily out of stock, expected to be back in late May\/early June.<\/span>. A4 size sign holder that fits posts with brass rope. Perfect for messages, menus, prices or times outside events, restaurants, pubs and other functions.<\/p>","protected":false},"featured_media":101228,"template":"","meta":{"iawp_total_views":5},"product_brand":[],"product_cat":[6356,5817,5914],"product_tag":[6104,6105],"class_list":{"0":"post-61894","1":"product","2":"type-product","3":"status-publish","4":"has-post-thumbnail","6":"product_cat-avsparrning-casino","7":"product_cat-avsparrning","8":"product_cat-skylthallare","9":"product_tag-skylthallare","10":"product_tag-a4-hallare","12":"first","13":"instock","14":"taxable","15":"shipping-taxable","16":"purchasable","17":"product-type-simple"},"yoast_head":"<!-- This site is optimized with the Yoast SEO plugin v27.0 - https:\/\/yoast.com\/product\/yoast-seo-wordpress\/ -->\n<title>Skylth\u00e5llare i m\u00e4ssing till Casino - Bjerring-Sales<\/title>\n<meta name=\"description\" content=\"Skylth\u00e5llare i A4 format som passar stolpar med rep i m\u00e4ssing. Perfekt f\u00f6r meddelanden, menyer, priser eller tider utanf\u00f6r event, restauranger, krogar och andra tillst\u00e4llningar.\" \/>\n<meta name=\"robots\" content=\"index, follow, max-snippet:-1, max-image-preview:large, max-video-preview:-1\" \/>\n<link rel=\"canonical\" href=\"https:\/\/shop.bjerring-sales.dk\/en\/product\/massing-skylthallare-rep\/\" \/>\n<meta property=\"og:locale\" content=\"en_GB\" \/>\n<meta property=\"og:type\" content=\"article\" \/>\n<meta property=\"og:title\" content=\"Skylth\u00e5llare i m\u00e4ssing till Casino - Bjerring-Sales\" \/>\n<meta property=\"og:description\" content=\"Skylth\u00e5llare i A4 format som passar stolpar med rep i m\u00e4ssing. Perfekt f\u00f6r meddelanden, menyer, priser eller tider utanf\u00f6r event, restauranger, krogar och andra tillst\u00e4llningar.\" \/>\n<meta property=\"og:url\" content=\"https:\/\/shop.bjerring-sales.dk\/en\/product\/massing-skylthallare-rep\/\" \/>\n<meta property=\"og:site_name\" content=\"Bjerring-Sales\" \/>\n<meta property=\"article:modified_time\" content=\"2026-04-16T12:20:31+00:00\" \/>\n<meta property=\"og:image\" content=\"https:\/\/shop.bjerring-sales.dk\/wp-content\/uploads\/2026\/02\/elj-skylthallare-massing-rep.jpg\" \/>\n\t<meta property=\"og:image:width\" content=\"800\" \/>\n\t<meta property=\"og:image:height\" content=\"800\" \/>\n\t<meta property=\"og:image:type\" content=\"image\/jpeg\" \/>\n<meta name=\"twitter:card\" content=\"summary_large_image\" \/>\n<meta name=\"twitter:label1\" content=\"Estimated reading time\" \/>\n\t<meta name=\"twitter:data1\" content=\"1 minute\" \/>\n<script type=\"application\/ld+json\" class=\"yoast-schema-graph\">{\"@context\":\"https:\/\/schema.org\",\"@graph\":[{\"@type\":\"WebPage\",\"@id\":\"https:\/\/shop.bjerring-sales.dk\/sv\/produkt\/massing-skylthallare-rep\/\",\"url\":\"https:\/\/shop.bjerring-sales.dk\/sv\/produkt\/massing-skylthallare-rep\/\",\"name\":\"Skylth\u00e5llare i m\u00e4ssing till Casino - Bjerring-Sales\",\"isPartOf\":{\"@id\":\"https:\/\/shop.bjerring-sales.dk\/#website\"},\"primaryImageOfPage\":{\"@id\":\"https:\/\/shop.bjerring-sales.dk\/sv\/produkt\/massing-skylthallare-rep\/#primaryimage\"},\"image\":{\"@id\":\"https:\/\/shop.bjerring-sales.dk\/sv\/produkt\/massing-skylthallare-rep\/#primaryimage\"},\"thumbnailUrl\":\"https:\/\/shop.bjerring-sales.dk\/wp-content\/uploads\/2026\/02\/elj-skylthallare-massing-rep.jpg\",\"datePublished\":\"2018-10-03T18:53:16+00:00\",\"dateModified\":\"2026-04-16T12:20:31+00:00\",\"description\":\"Skylth\u00e5llare i A4 format som passar stolpar med rep i m\u00e4ssing. Perfekt f\u00f6r meddelanden, menyer, priser eller tider utanf\u00f6r event, restauranger, krogar och andra tillst\u00e4llningar.\",\"breadcrumb\":{\"@id\":\"https:\/\/shop.bjerring-sales.dk\/sv\/produkt\/massing-skylthallare-rep\/#breadcrumb\"},\"inLanguage\":\"en-GB\",\"potentialAction\":[{\"@type\":\"ReadAction\",\"target\":[\"https:\/\/shop.bjerring-sales.dk\/sv\/produkt\/massing-skylthallare-rep\/\"]}]},{\"@type\":\"ImageObject\",\"inLanguage\":\"en-GB\",\"@id\":\"https:\/\/shop.bjerring-sales.dk\/sv\/produkt\/massing-skylthallare-rep\/#primaryimage\",\"url\":\"https:\/\/shop.bjerring-sales.dk\/wp-content\/uploads\/2026\/02\/elj-skylthallare-massing-rep.jpg\",\"contentUrl\":\"https:\/\/shop.bjerring-sales.dk\/wp-content\/uploads\/2026\/02\/elj-skylthallare-massing-rep.jpg\",\"width\":800,\"height\":800},{\"@type\":\"BreadcrumbList\",\"@id\":\"https:\/\/shop.bjerring-sales.dk\/sv\/produkt\/massing-skylthallare-rep\/#breadcrumb\",\"itemListElement\":[{\"@type\":\"ListItem\",\"position\":1,\"name\":\"Hem\",\"item\":\"https:\/\/shop.bjerring-sales.dk\/\"},{\"@type\":\"ListItem\",\"position\":2,\"name\":\"Webbutik\",\"item\":\"https:\/\/shop.bjerring-sales.dk\/butik\/\"},{\"@type\":\"ListItem\",\"position\":3,\"name\":\"Skylth\u00e5llare i m\u00e4ssing till Casino\"}]},{\"@type\":\"WebSite\",\"@id\":\"https:\/\/shop.bjerring-sales.dk\/#website\",\"url\":\"https:\/\/shop.bjerring-sales.dk\/\",\"name\":\"Bjerring-Sales\",\"description\":\"M\u00f6bler f\u00f6r teatrar, skolor, kontor och k\u00f6pcentrum\",\"publisher\":{\"@id\":\"https:\/\/shop.bjerring-sales.dk\/#organization\"},\"potentialAction\":[{\"@type\":\"SearchAction\",\"target\":{\"@type\":\"EntryPoint\",\"urlTemplate\":\"https:\/\/shop.bjerring-sales.dk\/?s={search_term_string}\"},\"query-input\":{\"@type\":\"PropertyValueSpecification\",\"valueRequired\":true,\"valueName\":\"search_term_string\"}}],\"inLanguage\":\"en-GB\"},{\"@type\":\"Organization\",\"@id\":\"https:\/\/shop.bjerring-sales.dk\/#organization\",\"name\":\"Bjerring-Sales\",\"url\":\"https:\/\/shop.bjerring-sales.dk\/\",\"logo\":{\"@type\":\"ImageObject\",\"inLanguage\":\"en-GB\",\"@id\":\"https:\/\/shop.bjerring-sales.dk\/#\/schema\/logo\/image\/\",\"url\":\"https:\/\/shop.bjerring-sales.dk\/wp-content\/uploads\/2023\/01\/logo_sv.png\",\"contentUrl\":\"https:\/\/shop.bjerring-sales.dk\/wp-content\/uploads\/2023\/01\/logo_sv.png\",\"width\":195,\"height\":68,\"caption\":\"Bjerring-Sales\"},\"image\":{\"@id\":\"https:\/\/shop.bjerring-sales.dk\/#\/schema\/logo\/image\/\"}}]}<\/script>\n<!-- \/ Yoast SEO plugin. -->","yoast_head_json":{"title":"Skylth\u00e5llare i m\u00e4ssing till Casino - Bjerring-Sales","description":"Sign holder in A4 format that fits posts with brass ropes. Perfect for announcements, menus, prices or times outside events, restaurants, restaurants and other events.","robots":{"index":"index","follow":"follow","max-snippet":"max-snippet:-1","max-image-preview":"max-image-preview:large","max-video-preview":"max-video-preview:-1"},"canonical":"https:\/\/shop.bjerring-sales.dk\/en\/product\/massing-skylthallare-rep\/","og_locale":"en_GB","og_type":"article","og_title":"Skylth\u00e5llare i m\u00e4ssing till Casino - Bjerring-Sales","og_description":"Skylth\u00e5llare i A4 format som passar stolpar med rep i m\u00e4ssing. Perfekt f\u00f6r meddelanden, menyer, priser eller tider utanf\u00f6r event, restauranger, krogar och andra tillst\u00e4llningar.","og_url":"https:\/\/shop.bjerring-sales.dk\/en\/product\/massing-skylthallare-rep\/","og_site_name":"Bjerring-Sales","article_modified_time":"2026-04-16T12:20:31+00:00","og_image":[{"width":800,"height":800,"url":"https:\/\/shop.bjerring-sales.dk\/wp-content\/uploads\/2026\/02\/elj-skylthallare-massing-rep.jpg","type":"image\/jpeg"}],"twitter_card":"summary_large_image","twitter_misc":{"Estimated reading time":"1 minute"},"schema":{"@context":"https:\/\/schema.org","@graph":[{"@type":"WebPage","@id":"https:\/\/shop.bjerring-sales.dk\/sv\/produkt\/massing-skylthallare-rep\/","url":"https:\/\/shop.bjerring-sales.dk\/sv\/produkt\/massing-skylthallare-rep\/","name":"Skylth\u00e5llare i m\u00e4ssing till Casino - Bjerring-Sales","isPartOf":{"@id":"https:\/\/shop.bjerring-sales.dk\/#website"},"primaryImageOfPage":{"@id":"https:\/\/shop.bjerring-sales.dk\/sv\/produkt\/massing-skylthallare-rep\/#primaryimage"},"image":{"@id":"https:\/\/shop.bjerring-sales.dk\/sv\/produkt\/massing-skylthallare-rep\/#primaryimage"},"thumbnailUrl":"https:\/\/shop.bjerring-sales.dk\/wp-content\/uploads\/2026\/02\/elj-skylthallare-massing-rep.jpg","datePublished":"2018-10-03T18:53:16+00:00","dateModified":"2026-04-16T12:20:31+00:00","description":"Sign holder in A4 format that fits posts with brass ropes. Perfect for announcements, menus, prices or times outside events, restaurants, restaurants and other events.","breadcrumb":{"@id":"https:\/\/shop.bjerring-sales.dk\/sv\/produkt\/massing-skylthallare-rep\/#breadcrumb"},"inLanguage":"en-GB","potentialAction":[{"@type":"ReadAction","target":["https:\/\/shop.bjerring-sales.dk\/sv\/produkt\/massing-skylthallare-rep\/"]}]},{"@type":"ImageObject","inLanguage":"en-GB","@id":"https:\/\/shop.bjerring-sales.dk\/sv\/produkt\/massing-skylthallare-rep\/#primaryimage","url":"https:\/\/shop.bjerring-sales.dk\/wp-content\/uploads\/2026\/02\/elj-skylthallare-massing-rep.jpg","contentUrl":"https:\/\/shop.bjerring-sales.dk\/wp-content\/uploads\/2026\/02\/elj-skylthallare-massing-rep.jpg","width":800,"height":800},{"@type":"BreadcrumbList","@id":"https:\/\/shop.bjerring-sales.dk\/sv\/produkt\/massing-skylthallare-rep\/#breadcrumb","itemListElement":[{"@type":"ListItem","position":1,"name":"Hem","item":"https:\/\/shop.bjerring-sales.dk\/"},{"@type":"ListItem","position":2,"name":"Webbutik","item":"https:\/\/shop.bjerring-sales.dk\/butik\/"},{"@type":"ListItem","position":3,"name":"Skylth\u00e5llare i m\u00e4ssing till Casino"}]},{"@type":"WebSite","@id":"https:\/\/shop.bjerring-sales.dk\/#website","url":"https:\/\/shop.bjerring-sales.dk\/","name":"Bjerring Sales","description":"Furniture for theatres, schools, offices and shopping centres","publisher":{"@id":"https:\/\/shop.bjerring-sales.dk\/#organization"},"potentialAction":[{"@type":"SearchAction","target":{"@type":"EntryPoint","urlTemplate":"https:\/\/shop.bjerring-sales.dk\/?s={search_term_string}"},"query-input":{"@type":"PropertyValueSpecification","valueRequired":true,"valueName":"search_term_string"}}],"inLanguage":"en-GB"},{"@type":"Organization","@id":"https:\/\/shop.bjerring-sales.dk\/#organization","name":"Bjerring Sales","url":"https:\/\/shop.bjerring-sales.dk\/","logo":{"@type":"ImageObject","inLanguage":"en-GB","@id":"https:\/\/shop.bjerring-sales.dk\/#\/schema\/logo\/image\/","url":"https:\/\/shop.bjerring-sales.dk\/wp-content\/uploads\/2023\/01\/logo_sv.png","contentUrl":"https:\/\/shop.bjerring-sales.dk\/wp-content\/uploads\/2023\/01\/logo_sv.png","width":195,"height":68,"caption":"Bjerring-Sales"},"image":{"@id":"https:\/\/shop.bjerring-sales.dk\/#\/schema\/logo\/image\/"}}]}},"_links":{"self":[{"href":"https:\/\/shop.bjerring-sales.dk\/en\/wp-json\/wp\/v2\/product\/61894","targetHints":{"allow":["GET"]}}],"collection":[{"href":"https:\/\/shop.bjerring-sales.dk\/en\/wp-json\/wp\/v2\/product"}],"about":[{"href":"https:\/\/shop.bjerring-sales.dk\/en\/wp-json\/wp\/v2\/types\/product"}],"wp:featuredmedia":[{"embeddable":true,"href":"https:\/\/shop.bjerring-sales.dk\/en\/wp-json\/wp\/v2\/media\/101228"}],"wp:attachment":[{"href":"https:\/\/shop.bjerring-sales.dk\/en\/wp-json\/wp\/v2\/media?parent=61894"}],"wp:term":[{"taxonomy":"product_brand","embeddable":true,"href":"https:\/\/shop.bjerring-sales.dk\/en\/wp-json\/wp\/v2\/product_brand?post=61894"},{"taxonomy":"product_cat","embeddable":true,"href":"https:\/\/shop.bjerring-sales.dk\/en\/wp-json\/wp\/v2\/product_cat?post=61894"},{"taxonomy":"product_tag","embeddable":true,"href":"https:\/\/shop.bjerring-sales.dk\/en\/wp-json\/wp\/v2\/product_tag?post=61894"}],"curies":[{"name":"wp","href":"https:\/\/api.w.org\/{rel}","templated":true}]}}