{"id":61831,"date":"2019-03-07T10:12:03","date_gmt":"2019-03-07T09:12:03","guid":{"rendered":"https:\/\/pule.se\/produkt\/casino-basic-massing-kula\/"},"modified":"2026-04-07T01:03:18","modified_gmt":"2026-04-06T23:03:18","slug":"casino-basic-massing-kula","status":"publish","type":"product","link":"https:\/\/shop.bjerring-sales.dk\/en\/product\/casino-basic-massing-kula\/","title":{"rendered":"Casino Basic - Brass \/ Ball"},"content":{"rendered":"<div class=\"tab-content\">\n<p>The queue post Casino Basic brass is a complete post in brass with ball for rope. The Basic pole is one of our most affordable options when it comes to fencing with a pole and rope. It is equipped with an integrated ball into which the rope can be attached. Casino Basic is also available in chrome. We have braided ropes and velvet ropes in different colors with associated ends in different materials. Now there are also ropes by the meter in the range.<\/p>\n<p>Casino is a product series that contains affordable and quality poles in the field of rope fencing. We stock all barrier products and also offer a large range of posts with straps within the Royal product range.<\/p>\n<ul>\n<li>Complete post in brass<\/li>\n<li>Integrated ball for rope<\/li>\n<li>Basic = Quality at a good price<\/li>\n<\/ul>\n<\/div>","protected":false},"excerpt":{"rendered":"<p>K\u00f6stolpen Casino Basic brass is a complete post in brass with ball for rope. The basic post is one of our most affordable alternatives when it comes to fencing with posts and ropes. It is equipped with an integrated ball to which the rope is attached.<\/p>","protected":false},"featured_media":98144,"template":"","meta":{"iawp_total_views":10},"product_brand":[],"product_cat":[5909,6355,6356,5817],"product_tag":[6097,6098,6099],"class_list":{"0":"post-61831","1":"product","2":"type-product","3":"status-publish","4":"has-post-thumbnail","6":"product_cat-kostolpar-rep","7":"product_cat-avsparrning-basic","8":"product_cat-avsparrning-casino","9":"product_cat-avsparrning","10":"product_tag-kostolpe-massing","11":"product_tag-avsparrning","12":"product_tag-casino-stolpe","14":"first","15":"instock","16":"taxable","17":"shipping-taxable","18":"purchasable","19":"product-type-simple"},"yoast_head":"<!-- This site is optimized with the Yoast SEO plugin v27.0 - https:\/\/yoast.com\/product\/yoast-seo-wordpress\/ -->\n<title>Casino Basic - M\u00e4ssing\/Kula - Bjerring-Sales<\/title>\n<meta name=\"description\" content=\"K\u00f6stolpen Casino Basic m\u00e4ssing \u00e4r en komplett stolpe i m\u00e4ssing med kula f\u00f6r rep. Basic stolpen \u00e4r ett v\u00e5rt mest prisv\u00e4rda alternativ n\u00e4r det g\u00e4ller avsp\u00e4rrning med stolpe och rep.\" \/>\n<meta name=\"robots\" content=\"index, follow, max-snippet:-1, max-image-preview:large, max-video-preview:-1\" \/>\n<link rel=\"canonical\" href=\"https:\/\/shop.bjerring-sales.dk\/en\/product\/casino-basic-massing-kula\/\" \/>\n<meta property=\"og:locale\" content=\"en_GB\" \/>\n<meta property=\"og:type\" content=\"article\" \/>\n<meta property=\"og:title\" content=\"Casino Basic - M\u00e4ssing\/Kula - Bjerring-Sales\" \/>\n<meta property=\"og:description\" content=\"K\u00f6stolpen Casino Basic m\u00e4ssing \u00e4r en komplett stolpe i m\u00e4ssing med kula f\u00f6r rep. Basic stolpen \u00e4r ett v\u00e5rt mest prisv\u00e4rda alternativ n\u00e4r det g\u00e4ller avsp\u00e4rrning med stolpe och rep.\" \/>\n<meta property=\"og:url\" content=\"https:\/\/shop.bjerring-sales.dk\/en\/product\/casino-basic-massing-kula\/\" \/>\n<meta property=\"og:site_name\" content=\"Bjerring-Sales\" \/>\n<meta property=\"article:modified_time\" content=\"2026-04-06T23:03:18+00:00\" \/>\n<meta property=\"og:image\" content=\"https:\/\/shop.bjerring-sales.dk\/wp-content\/uploads\/2024\/08\/Casino_basic_massing_800x800.jpg\" \/>\n\t<meta property=\"og:image:width\" content=\"800\" \/>\n\t<meta property=\"og:image:height\" content=\"800\" \/>\n\t<meta property=\"og:image:type\" content=\"image\/jpeg\" \/>\n<meta name=\"twitter:card\" content=\"summary_large_image\" \/>\n<meta name=\"twitter:label1\" content=\"Estimated reading time\" \/>\n\t<meta name=\"twitter:data1\" content=\"1 minute\" \/>\n<script type=\"application\/ld+json\" class=\"yoast-schema-graph\">{\"@context\":\"https:\/\/schema.org\",\"@graph\":[{\"@type\":\"WebPage\",\"@id\":\"https:\/\/shop.bjerring-sales.dk\/sv\/produkt\/casino-basic-massing-kula\/\",\"url\":\"https:\/\/shop.bjerring-sales.dk\/sv\/produkt\/casino-basic-massing-kula\/\",\"name\":\"Casino Basic - M\u00e4ssing\/Kula - Bjerring-Sales\",\"isPartOf\":{\"@id\":\"https:\/\/shop.bjerring-sales.dk\/#website\"},\"primaryImageOfPage\":{\"@id\":\"https:\/\/shop.bjerring-sales.dk\/sv\/produkt\/casino-basic-massing-kula\/#primaryimage\"},\"image\":{\"@id\":\"https:\/\/shop.bjerring-sales.dk\/sv\/produkt\/casino-basic-massing-kula\/#primaryimage\"},\"thumbnailUrl\":\"https:\/\/shop.bjerring-sales.dk\/wp-content\/uploads\/2024\/08\/Casino_basic_massing_800x800.jpg\",\"datePublished\":\"2019-03-07T09:12:03+00:00\",\"dateModified\":\"2026-04-06T23:03:18+00:00\",\"description\":\"K\u00f6stolpen Casino Basic m\u00e4ssing \u00e4r en komplett stolpe i m\u00e4ssing med kula f\u00f6r rep. Basic stolpen \u00e4r ett v\u00e5rt mest prisv\u00e4rda alternativ n\u00e4r det g\u00e4ller avsp\u00e4rrning med stolpe och rep.\",\"breadcrumb\":{\"@id\":\"https:\/\/shop.bjerring-sales.dk\/sv\/produkt\/casino-basic-massing-kula\/#breadcrumb\"},\"inLanguage\":\"en-GB\",\"potentialAction\":[{\"@type\":\"ReadAction\",\"target\":[\"https:\/\/shop.bjerring-sales.dk\/sv\/produkt\/casino-basic-massing-kula\/\"]}]},{\"@type\":\"ImageObject\",\"inLanguage\":\"en-GB\",\"@id\":\"https:\/\/shop.bjerring-sales.dk\/sv\/produkt\/casino-basic-massing-kula\/#primaryimage\",\"url\":\"https:\/\/shop.bjerring-sales.dk\/wp-content\/uploads\/2024\/08\/Casino_basic_massing_800x800.jpg\",\"contentUrl\":\"https:\/\/shop.bjerring-sales.dk\/wp-content\/uploads\/2024\/08\/Casino_basic_massing_800x800.jpg\",\"width\":800,\"height\":800},{\"@type\":\"BreadcrumbList\",\"@id\":\"https:\/\/shop.bjerring-sales.dk\/sv\/produkt\/casino-basic-massing-kula\/#breadcrumb\",\"itemListElement\":[{\"@type\":\"ListItem\",\"position\":1,\"name\":\"Hem\",\"item\":\"https:\/\/shop.bjerring-sales.dk\/\"},{\"@type\":\"ListItem\",\"position\":2,\"name\":\"Webbutik\",\"item\":\"https:\/\/shop.bjerring-sales.dk\/butik\/\"},{\"@type\":\"ListItem\",\"position\":3,\"name\":\"Casino Basic &#8211; M\u00e4ssing\/Kula\"}]},{\"@type\":\"WebSite\",\"@id\":\"https:\/\/shop.bjerring-sales.dk\/#website\",\"url\":\"https:\/\/shop.bjerring-sales.dk\/\",\"name\":\"Bjerring-Sales\",\"description\":\"M\u00f6bler f\u00f6r teatrar, skolor, kontor och k\u00f6pcentrum\",\"publisher\":{\"@id\":\"https:\/\/shop.bjerring-sales.dk\/#organization\"},\"potentialAction\":[{\"@type\":\"SearchAction\",\"target\":{\"@type\":\"EntryPoint\",\"urlTemplate\":\"https:\/\/shop.bjerring-sales.dk\/?s={search_term_string}\"},\"query-input\":{\"@type\":\"PropertyValueSpecification\",\"valueRequired\":true,\"valueName\":\"search_term_string\"}}],\"inLanguage\":\"en-GB\"},{\"@type\":\"Organization\",\"@id\":\"https:\/\/shop.bjerring-sales.dk\/#organization\",\"name\":\"Bjerring-Sales\",\"url\":\"https:\/\/shop.bjerring-sales.dk\/\",\"logo\":{\"@type\":\"ImageObject\",\"inLanguage\":\"en-GB\",\"@id\":\"https:\/\/shop.bjerring-sales.dk\/#\/schema\/logo\/image\/\",\"url\":\"https:\/\/shop.bjerring-sales.dk\/wp-content\/uploads\/2023\/01\/logo_sv.png\",\"contentUrl\":\"https:\/\/shop.bjerring-sales.dk\/wp-content\/uploads\/2023\/01\/logo_sv.png\",\"width\":195,\"height\":68,\"caption\":\"Bjerring-Sales\"},\"image\":{\"@id\":\"https:\/\/shop.bjerring-sales.dk\/#\/schema\/logo\/image\/\"}}]}<\/script>\n<!-- \/ Yoast SEO plugin. -->","yoast_head_json":{"title":"Casino Basic - M\u00e4ssing\/Kula - Bjerring-Sales","description":"K\u00f6stolpen Casino Basic m\u00e4ssing \u00e4r en komplett stolpe i m\u00e4ssing med kula f\u00f6r rep. Basic stolpen \u00e4r ett v\u00e5rt mest prisv\u00e4rda alternativ n\u00e4r det g\u00e4ller avsp\u00e4rrning med stolpe och rep.","robots":{"index":"index","follow":"follow","max-snippet":"max-snippet:-1","max-image-preview":"max-image-preview:large","max-video-preview":"max-video-preview:-1"},"canonical":"https:\/\/shop.bjerring-sales.dk\/en\/product\/casino-basic-massing-kula\/","og_locale":"en_GB","og_type":"article","og_title":"Casino Basic - M\u00e4ssing\/Kula - Bjerring-Sales","og_description":"K\u00f6stolpen Casino Basic m\u00e4ssing \u00e4r en komplett stolpe i m\u00e4ssing med kula f\u00f6r rep. Basic stolpen \u00e4r ett v\u00e5rt mest prisv\u00e4rda alternativ n\u00e4r det g\u00e4ller avsp\u00e4rrning med stolpe och rep.","og_url":"https:\/\/shop.bjerring-sales.dk\/en\/product\/casino-basic-massing-kula\/","og_site_name":"Bjerring-Sales","article_modified_time":"2026-04-06T23:03:18+00:00","og_image":[{"width":800,"height":800,"url":"https:\/\/shop.bjerring-sales.dk\/wp-content\/uploads\/2024\/08\/Casino_basic_massing_800x800.jpg","type":"image\/jpeg"}],"twitter_card":"summary_large_image","twitter_misc":{"Estimated reading time":"1 minute"},"schema":{"@context":"https:\/\/schema.org","@graph":[{"@type":"WebPage","@id":"https:\/\/shop.bjerring-sales.dk\/sv\/produkt\/casino-basic-massing-kula\/","url":"https:\/\/shop.bjerring-sales.dk\/sv\/produkt\/casino-basic-massing-kula\/","name":"Casino Basic - M\u00e4ssing\/Kula - Bjerring-Sales","isPartOf":{"@id":"https:\/\/shop.bjerring-sales.dk\/#website"},"primaryImageOfPage":{"@id":"https:\/\/shop.bjerring-sales.dk\/sv\/produkt\/casino-basic-massing-kula\/#primaryimage"},"image":{"@id":"https:\/\/shop.bjerring-sales.dk\/sv\/produkt\/casino-basic-massing-kula\/#primaryimage"},"thumbnailUrl":"https:\/\/shop.bjerring-sales.dk\/wp-content\/uploads\/2024\/08\/Casino_basic_massing_800x800.jpg","datePublished":"2019-03-07T09:12:03+00:00","dateModified":"2026-04-06T23:03:18+00:00","description":"K\u00f6stolpen Casino Basic m\u00e4ssing \u00e4r en komplett stolpe i m\u00e4ssing med kula f\u00f6r rep. Basic stolpen \u00e4r ett v\u00e5rt mest prisv\u00e4rda alternativ n\u00e4r det g\u00e4ller avsp\u00e4rrning med stolpe och rep.","breadcrumb":{"@id":"https:\/\/shop.bjerring-sales.dk\/sv\/produkt\/casino-basic-massing-kula\/#breadcrumb"},"inLanguage":"en-GB","potentialAction":[{"@type":"ReadAction","target":["https:\/\/shop.bjerring-sales.dk\/sv\/produkt\/casino-basic-massing-kula\/"]}]},{"@type":"ImageObject","inLanguage":"en-GB","@id":"https:\/\/shop.bjerring-sales.dk\/sv\/produkt\/casino-basic-massing-kula\/#primaryimage","url":"https:\/\/shop.bjerring-sales.dk\/wp-content\/uploads\/2024\/08\/Casino_basic_massing_800x800.jpg","contentUrl":"https:\/\/shop.bjerring-sales.dk\/wp-content\/uploads\/2024\/08\/Casino_basic_massing_800x800.jpg","width":800,"height":800},{"@type":"BreadcrumbList","@id":"https:\/\/shop.bjerring-sales.dk\/sv\/produkt\/casino-basic-massing-kula\/#breadcrumb","itemListElement":[{"@type":"ListItem","position":1,"name":"Hem","item":"https:\/\/shop.bjerring-sales.dk\/"},{"@type":"ListItem","position":2,"name":"Webbutik","item":"https:\/\/shop.bjerring-sales.dk\/butik\/"},{"@type":"ListItem","position":3,"name":"Casino Basic &#8211; M\u00e4ssing\/Kula"}]},{"@type":"WebSite","@id":"https:\/\/shop.bjerring-sales.dk\/#website","url":"https:\/\/shop.bjerring-sales.dk\/","name":"Bjerring Sales","description":"Furniture for theatres, schools, offices and shopping centres","publisher":{"@id":"https:\/\/shop.bjerring-sales.dk\/#organization"},"potentialAction":[{"@type":"SearchAction","target":{"@type":"EntryPoint","urlTemplate":"https:\/\/shop.bjerring-sales.dk\/?s={search_term_string}"},"query-input":{"@type":"PropertyValueSpecification","valueRequired":true,"valueName":"search_term_string"}}],"inLanguage":"en-GB"},{"@type":"Organization","@id":"https:\/\/shop.bjerring-sales.dk\/#organization","name":"Bjerring Sales","url":"https:\/\/shop.bjerring-sales.dk\/","logo":{"@type":"ImageObject","inLanguage":"en-GB","@id":"https:\/\/shop.bjerring-sales.dk\/#\/schema\/logo\/image\/","url":"https:\/\/shop.bjerring-sales.dk\/wp-content\/uploads\/2023\/01\/logo_sv.png","contentUrl":"https:\/\/shop.bjerring-sales.dk\/wp-content\/uploads\/2023\/01\/logo_sv.png","width":195,"height":68,"caption":"Bjerring-Sales"},"image":{"@id":"https:\/\/shop.bjerring-sales.dk\/#\/schema\/logo\/image\/"}}]}},"_links":{"self":[{"href":"https:\/\/shop.bjerring-sales.dk\/en\/wp-json\/wp\/v2\/product\/61831","targetHints":{"allow":["GET"]}}],"collection":[{"href":"https:\/\/shop.bjerring-sales.dk\/en\/wp-json\/wp\/v2\/product"}],"about":[{"href":"https:\/\/shop.bjerring-sales.dk\/en\/wp-json\/wp\/v2\/types\/product"}],"wp:featuredmedia":[{"embeddable":true,"href":"https:\/\/shop.bjerring-sales.dk\/en\/wp-json\/wp\/v2\/media\/98144"}],"wp:attachment":[{"href":"https:\/\/shop.bjerring-sales.dk\/en\/wp-json\/wp\/v2\/media?parent=61831"}],"wp:term":[{"taxonomy":"product_brand","embeddable":true,"href":"https:\/\/shop.bjerring-sales.dk\/en\/wp-json\/wp\/v2\/product_brand?post=61831"},{"taxonomy":"product_cat","embeddable":true,"href":"https:\/\/shop.bjerring-sales.dk\/en\/wp-json\/wp\/v2\/product_cat?post=61831"},{"taxonomy":"product_tag","embeddable":true,"href":"https:\/\/shop.bjerring-sales.dk\/en\/wp-json\/wp\/v2\/product_tag?post=61831"}],"curies":[{"name":"wp","href":"https:\/\/api.w.org\/{rel}","templated":true}]}}