{"id":61791,"date":"2019-04-02T10:52:25","date_gmt":"2019-04-02T08:52:25","guid":{"rendered":"https:\/\/pule.se\/produkt\/planet\/"},"modified":"2026-03-29T18:59:11","modified_gmt":"2026-03-29T16:59:11","slug":"planet","status":"publish","type":"product","link":"https:\/\/shop.bjerring-sales.dk\/en\/product\/planet\/","title":{"rendered":"Planet Board - New Classic"},"content":{"rendered":"<div class=\"wpb-content-wrapper\"><div class=\"vc_row wpb_row vc_row-fluid\"><div class=\"wpb_column vc_column_container vc_col-sm-12\"><div class=\"vc_column-inner\"><div class=\"wpb_wrapper\">\n\t<div class=\"wpb_text_column wpb_content_element\" >\n\t\t<div class=\"wpb_wrapper\">\n\t\t\t<p><span style=\"font-size: 24pt\">Popular table for events, parties, banquets and conferences<\/span><br \/>\nThe plane is a further development of the round folding tables from Zown. All tables in the New Classic series have been given the new color Shark Gray to distinguish the tables from the competitors. The folding Planet table has both UV protection and is moisture resistant, which makes it suitable for outdoor use. The round table top is produced in high-density polyethylene. The table stand is a stable powder-coated steel construction with many smart features. We have tablecloths and custom-made trolleys for all round folding tables. The plane tables can be used both indoors and outdoors and are popular for events, parties, banquets and conferences.<\/p>\n\n\t\t<\/div>\n\t<\/div>\n<\/div><\/div><\/div><\/div><div class=\"vc_row wpb_row vc_row-fluid\"><div class=\"wpb_column vc_column_container vc_col-sm-12\"><div class=\"vc_column-inner\"><div class=\"wpb_wrapper\"><div class=\"vc_separator wpb_content_element vc_separator_align_center vc_sep_width_100 vc_sep_pos_align_center vc_separator_no_text vc_sep_color_grey\" ><span class=\"vc_sep_holder vc_sep_holder_l\"><span class=\"vc_sep_line\"><\/span><\/span><span class=\"vc_sep_holder vc_sep_holder_r\"><span class=\"vc_sep_line\"><\/span><\/span>\n<\/div><\/div><\/div><\/div><\/div><div class=\"vc_row wpb_row vc_row-fluid\"><div class=\"wpb_column vc_column_container vc_col-sm-6\"><div class=\"vc_column-inner\"><div class=\"wpb_wrapper\">\n\t<div class=\"wpb_text_column wpb_content_element\" >\n\t\t<div class=\"wpb_wrapper\">\n\t\t\t<p><span style=\"font-size: 18pt\">Color<br \/>\n<\/span>The tables have a dark gray color (Shark Gray) on both stand and table top.<\/p>\n<p><span style=\"font-size: 18pt\">Dimensions L \/ B \/ H<br \/>\n<\/span>PL120 - 121.92 \u00d7 74.3 cm<br \/>\nPL150 - 152.4 \u00d7 74.3 cm<br \/>\nPL160 - 160.02 \u00d7 74.3 cm<br \/>\nPL180 - 180.34 \u00d7 74.3 cm<\/p>\n<p><span style=\"font-size: 18pt\">Dimensions of packaging<br \/>\n<\/span>PL120 - 124.46 \u00d7 124.46 \u00d7 6.35 cm<br \/>\nPL150 - 154.94 \u00d7 154.94 \u00d7 7.11 cm<br \/>\nPL160 - 164.47 \u00d7 165.71 \u00d7 8.23 cm<br \/>\nPL180 - 183.18 \u00d7 182.88 \u00d7 7.29 cm<\/p>\n<p><span style=\"font-size: 18pt\">Weight<br \/>\n<\/span>PL120 - 15.88 kg<br \/>\nRec. Max. load: 340 kg<br \/>\nCapacity: accommodates 6 people<\/p>\n<p>PL150 - 22.31 kg<br \/>\nRec. Max. load: 340 kg<br \/>\nCapacity: accommodates 8 people<\/p>\n<p>PL160 - 24.3 kg<br \/>\nRec. Max. load: 315 kg<br \/>\nCapacity: accommodates 8 people<\/p>\n<p>PL180 - 29.3 kg<br \/>\nRec. Max. load: 350 kg<br \/>\nCapacity: accommodates 10 people<\/p>\n\n\t\t<\/div>\n\t<\/div>\n<\/div><\/div><\/div><div class=\"wpb_column vc_column_container vc_col-sm-6\"><div class=\"vc_column-inner\"><div class=\"wpb_wrapper\">\n\t<div class=\"wpb_text_column wpb_content_element\" >\n\t\t<div class=\"wpb_wrapper\">\n\t\t\t<p><span style=\"font-size: 18pt\">Material<br \/>\n<\/span>The stand is powder coated and the table top is made of high density polyethylene.<\/p>\n<p><span style=\"font-size: 18pt\">Certifications<br \/>\n<\/span>EN 581-1 \/ 581-3 Contract<br \/>\nEN 15372 L2<\/p>\n<p><span style=\"font-size: 18pt\">Guarantee<br \/>\n<\/span>10 years<\/p>\n<p><span style=\"font-size: 18pt\">Other<br \/>\n<\/span>The tables are foldable as well as UV and water resistant and can be used outdoors. Trolleys and tablecloths are in the range.<\/p>\n\n\t\t<\/div>\n\t<\/div>\n<\/div><\/div><\/div><\/div>\n<\/div>","protected":false},"excerpt":{"rendered":"<p>The plane is a further development of the round folding tables from Zown. The plane tables are available in different sizes.<\/p>","protected":false},"featured_media":98909,"template":"","meta":{"iawp_total_views":9},"product_brand":[],"product_cat":[5863,6343,5787,6304,6350],"product_tag":[6085,6091,6092,6093,6079],"class_list":{"0":"post-61791","1":"product","2":"type-product","3":"status-publish","4":"has-post-thumbnail","6":"product_cat-fallbara-bord","7":"product_cat-bord-utomhus","8":"product_cat-bord","9":"product_cat-utemobler","10":"product_cat-new-zown-classic","11":"product_tag-fallbart-bord","12":"product_tag-fallbart-runt-bord","13":"product_tag-event-bord","14":"product_tag-planet-bord","15":"product_tag-new-zown-classic","17":"first","18":"instock","19":"taxable","20":"shipping-taxable","21":"purchasable","22":"product-type-variable"},"yoast_head":"<!-- This site is optimized with the Yoast SEO plugin v27.0 - https:\/\/yoast.com\/product\/yoast-seo-wordpress\/ -->\n<title>Planet Bord - New Classic - Bjerring-Sales<\/title>\n<meta name=\"description\" content=\"Planet \u00e4r en vidareutveckling av dom runda f\u00e4llbara borden fr\u00e5n Zown. Planet borden finns i olika storlekar.\" \/>\n<meta name=\"robots\" content=\"index, follow, max-snippet:-1, max-image-preview:large, max-video-preview:-1\" \/>\n<link rel=\"canonical\" href=\"https:\/\/shop.bjerring-sales.dk\/en\/product\/planet\/\" \/>\n<meta property=\"og:locale\" content=\"en_GB\" \/>\n<meta property=\"og:type\" content=\"article\" \/>\n<meta property=\"og:title\" content=\"Planet Bord - New Classic - Bjerring-Sales\" \/>\n<meta property=\"og:description\" content=\"Planet \u00e4r en vidareutveckling av dom runda f\u00e4llbara borden fr\u00e5n Zown. Planet borden finns i olika storlekar.\" \/>\n<meta property=\"og:url\" content=\"https:\/\/shop.bjerring-sales.dk\/en\/product\/planet\/\" \/>\n<meta property=\"og:site_name\" content=\"Bjerring-Sales\" \/>\n<meta property=\"article:modified_time\" content=\"2026-03-29T16:59:11+00:00\" \/>\n<meta property=\"og:image\" content=\"https:\/\/shop.bjerring-sales.dk\/wp-content\/uploads\/2024\/10\/Planet120_800x800.jpg\" \/>\n\t<meta property=\"og:image:width\" content=\"800\" \/>\n\t<meta property=\"og:image:height\" content=\"800\" \/>\n\t<meta property=\"og:image:type\" content=\"image\/jpeg\" \/>\n<meta name=\"twitter:card\" content=\"summary_large_image\" \/>\n<meta name=\"twitter:label1\" content=\"Estimated reading time\" \/>\n\t<meta name=\"twitter:data1\" content=\"2 minutes\" \/>\n<script type=\"application\/ld+json\" class=\"yoast-schema-graph\">{\"@context\":\"https:\/\/schema.org\",\"@graph\":[{\"@type\":\"WebPage\",\"@id\":\"https:\/\/shop.bjerring-sales.dk\/sv\/produkt\/planet\/\",\"url\":\"https:\/\/shop.bjerring-sales.dk\/sv\/produkt\/planet\/\",\"name\":\"Planet Bord - New Classic - Bjerring-Sales\",\"isPartOf\":{\"@id\":\"https:\/\/shop.bjerring-sales.dk\/#website\"},\"primaryImageOfPage\":{\"@id\":\"https:\/\/shop.bjerring-sales.dk\/sv\/produkt\/planet\/#primaryimage\"},\"image\":{\"@id\":\"https:\/\/shop.bjerring-sales.dk\/sv\/produkt\/planet\/#primaryimage\"},\"thumbnailUrl\":\"https:\/\/shop.bjerring-sales.dk\/wp-content\/uploads\/2024\/10\/Planet120_800x800.jpg\",\"datePublished\":\"2019-04-02T08:52:25+00:00\",\"dateModified\":\"2026-03-29T16:59:11+00:00\",\"description\":\"Planet \u00e4r en vidareutveckling av dom runda f\u00e4llbara borden fr\u00e5n Zown. Planet borden finns i olika storlekar.\",\"breadcrumb\":{\"@id\":\"https:\/\/shop.bjerring-sales.dk\/sv\/produkt\/planet\/#breadcrumb\"},\"inLanguage\":\"en-GB\",\"potentialAction\":[{\"@type\":\"ReadAction\",\"target\":[\"https:\/\/shop.bjerring-sales.dk\/sv\/produkt\/planet\/\"]}]},{\"@type\":\"ImageObject\",\"inLanguage\":\"en-GB\",\"@id\":\"https:\/\/shop.bjerring-sales.dk\/sv\/produkt\/planet\/#primaryimage\",\"url\":\"https:\/\/shop.bjerring-sales.dk\/wp-content\/uploads\/2024\/10\/Planet120_800x800.jpg\",\"contentUrl\":\"https:\/\/shop.bjerring-sales.dk\/wp-content\/uploads\/2024\/10\/Planet120_800x800.jpg\",\"width\":800,\"height\":800},{\"@type\":\"BreadcrumbList\",\"@id\":\"https:\/\/shop.bjerring-sales.dk\/sv\/produkt\/planet\/#breadcrumb\",\"itemListElement\":[{\"@type\":\"ListItem\",\"position\":1,\"name\":\"Hem\",\"item\":\"https:\/\/shop.bjerring-sales.dk\/\"},{\"@type\":\"ListItem\",\"position\":2,\"name\":\"Webbutik\",\"item\":\"https:\/\/shop.bjerring-sales.dk\/butik\/\"},{\"@type\":\"ListItem\",\"position\":3,\"name\":\"Planet Bord &#8211; New Classic\"}]},{\"@type\":\"WebSite\",\"@id\":\"https:\/\/shop.bjerring-sales.dk\/#website\",\"url\":\"https:\/\/shop.bjerring-sales.dk\/\",\"name\":\"Bjerring-Sales\",\"description\":\"M\u00f6bler f\u00f6r teatrar, skolor, kontor och k\u00f6pcentrum\",\"publisher\":{\"@id\":\"https:\/\/shop.bjerring-sales.dk\/#organization\"},\"potentialAction\":[{\"@type\":\"SearchAction\",\"target\":{\"@type\":\"EntryPoint\",\"urlTemplate\":\"https:\/\/shop.bjerring-sales.dk\/?s={search_term_string}\"},\"query-input\":{\"@type\":\"PropertyValueSpecification\",\"valueRequired\":true,\"valueName\":\"search_term_string\"}}],\"inLanguage\":\"en-GB\"},{\"@type\":\"Organization\",\"@id\":\"https:\/\/shop.bjerring-sales.dk\/#organization\",\"name\":\"Bjerring-Sales\",\"url\":\"https:\/\/shop.bjerring-sales.dk\/\",\"logo\":{\"@type\":\"ImageObject\",\"inLanguage\":\"en-GB\",\"@id\":\"https:\/\/shop.bjerring-sales.dk\/#\/schema\/logo\/image\/\",\"url\":\"https:\/\/shop.bjerring-sales.dk\/wp-content\/uploads\/2023\/01\/logo_sv.png\",\"contentUrl\":\"https:\/\/shop.bjerring-sales.dk\/wp-content\/uploads\/2023\/01\/logo_sv.png\",\"width\":195,\"height\":68,\"caption\":\"Bjerring-Sales\"},\"image\":{\"@id\":\"https:\/\/shop.bjerring-sales.dk\/#\/schema\/logo\/image\/\"}}]}<\/script>\n<!-- \/ Yoast SEO plugin. -->","yoast_head_json":{"title":"Planet Bord - New Classic - Bjerring-Sales","description":"The plane is a further development of the round folding tables from Zown. The plane tables are available in different sizes.","robots":{"index":"index","follow":"follow","max-snippet":"max-snippet:-1","max-image-preview":"max-image-preview:large","max-video-preview":"max-video-preview:-1"},"canonical":"https:\/\/shop.bjerring-sales.dk\/en\/product\/planet\/","og_locale":"en_GB","og_type":"article","og_title":"Planet Bord - New Classic - Bjerring-Sales","og_description":"Planet \u00e4r en vidareutveckling av dom runda f\u00e4llbara borden fr\u00e5n Zown. Planet borden finns i olika storlekar.","og_url":"https:\/\/shop.bjerring-sales.dk\/en\/product\/planet\/","og_site_name":"Bjerring-Sales","article_modified_time":"2026-03-29T16:59:11+00:00","og_image":[{"width":800,"height":800,"url":"https:\/\/shop.bjerring-sales.dk\/wp-content\/uploads\/2024\/10\/Planet120_800x800.jpg","type":"image\/jpeg"}],"twitter_card":"summary_large_image","twitter_misc":{"Estimated reading time":"2 minutes"},"schema":{"@context":"https:\/\/schema.org","@graph":[{"@type":"WebPage","@id":"https:\/\/shop.bjerring-sales.dk\/sv\/produkt\/planet\/","url":"https:\/\/shop.bjerring-sales.dk\/sv\/produkt\/planet\/","name":"Planet Bord - New Classic - Bjerring-Sales","isPartOf":{"@id":"https:\/\/shop.bjerring-sales.dk\/#website"},"primaryImageOfPage":{"@id":"https:\/\/shop.bjerring-sales.dk\/sv\/produkt\/planet\/#primaryimage"},"image":{"@id":"https:\/\/shop.bjerring-sales.dk\/sv\/produkt\/planet\/#primaryimage"},"thumbnailUrl":"https:\/\/shop.bjerring-sales.dk\/wp-content\/uploads\/2024\/10\/Planet120_800x800.jpg","datePublished":"2019-04-02T08:52:25+00:00","dateModified":"2026-03-29T16:59:11+00:00","description":"The plane is a further development of the round folding tables from Zown. The plane tables are available in different sizes.","breadcrumb":{"@id":"https:\/\/shop.bjerring-sales.dk\/sv\/produkt\/planet\/#breadcrumb"},"inLanguage":"en-GB","potentialAction":[{"@type":"ReadAction","target":["https:\/\/shop.bjerring-sales.dk\/sv\/produkt\/planet\/"]}]},{"@type":"ImageObject","inLanguage":"en-GB","@id":"https:\/\/shop.bjerring-sales.dk\/sv\/produkt\/planet\/#primaryimage","url":"https:\/\/shop.bjerring-sales.dk\/wp-content\/uploads\/2024\/10\/Planet120_800x800.jpg","contentUrl":"https:\/\/shop.bjerring-sales.dk\/wp-content\/uploads\/2024\/10\/Planet120_800x800.jpg","width":800,"height":800},{"@type":"BreadcrumbList","@id":"https:\/\/shop.bjerring-sales.dk\/sv\/produkt\/planet\/#breadcrumb","itemListElement":[{"@type":"ListItem","position":1,"name":"Hem","item":"https:\/\/shop.bjerring-sales.dk\/"},{"@type":"ListItem","position":2,"name":"Webbutik","item":"https:\/\/shop.bjerring-sales.dk\/butik\/"},{"@type":"ListItem","position":3,"name":"Planet Bord &#8211; New Classic"}]},{"@type":"WebSite","@id":"https:\/\/shop.bjerring-sales.dk\/#website","url":"https:\/\/shop.bjerring-sales.dk\/","name":"Bjerring Sales","description":"Furniture for theatres, schools, offices and shopping centres","publisher":{"@id":"https:\/\/shop.bjerring-sales.dk\/#organization"},"potentialAction":[{"@type":"SearchAction","target":{"@type":"EntryPoint","urlTemplate":"https:\/\/shop.bjerring-sales.dk\/?s={search_term_string}"},"query-input":{"@type":"PropertyValueSpecification","valueRequired":true,"valueName":"search_term_string"}}],"inLanguage":"en-GB"},{"@type":"Organization","@id":"https:\/\/shop.bjerring-sales.dk\/#organization","name":"Bjerring Sales","url":"https:\/\/shop.bjerring-sales.dk\/","logo":{"@type":"ImageObject","inLanguage":"en-GB","@id":"https:\/\/shop.bjerring-sales.dk\/#\/schema\/logo\/image\/","url":"https:\/\/shop.bjerring-sales.dk\/wp-content\/uploads\/2023\/01\/logo_sv.png","contentUrl":"https:\/\/shop.bjerring-sales.dk\/wp-content\/uploads\/2023\/01\/logo_sv.png","width":195,"height":68,"caption":"Bjerring-Sales"},"image":{"@id":"https:\/\/shop.bjerring-sales.dk\/#\/schema\/logo\/image\/"}}]}},"_links":{"self":[{"href":"https:\/\/shop.bjerring-sales.dk\/en\/wp-json\/wp\/v2\/product\/61791","targetHints":{"allow":["GET"]}}],"collection":[{"href":"https:\/\/shop.bjerring-sales.dk\/en\/wp-json\/wp\/v2\/product"}],"about":[{"href":"https:\/\/shop.bjerring-sales.dk\/en\/wp-json\/wp\/v2\/types\/product"}],"wp:featuredmedia":[{"embeddable":true,"href":"https:\/\/shop.bjerring-sales.dk\/en\/wp-json\/wp\/v2\/media\/98909"}],"wp:attachment":[{"href":"https:\/\/shop.bjerring-sales.dk\/en\/wp-json\/wp\/v2\/media?parent=61791"}],"wp:term":[{"taxonomy":"product_brand","embeddable":true,"href":"https:\/\/shop.bjerring-sales.dk\/en\/wp-json\/wp\/v2\/product_brand?post=61791"},{"taxonomy":"product_cat","embeddable":true,"href":"https:\/\/shop.bjerring-sales.dk\/en\/wp-json\/wp\/v2\/product_cat?post=61791"},{"taxonomy":"product_tag","embeddable":true,"href":"https:\/\/shop.bjerring-sales.dk\/en\/wp-json\/wp\/v2\/product_tag?post=61791"}],"curies":[{"name":"wp","href":"https:\/\/api.w.org\/{rel}","templated":true}]}}