{"id":61782,"date":"2019-04-02T13:13:54","date_gmt":"2019-04-02T11:13:54","guid":{"rendered":"https:\/\/pule.se\/produkt\/worktop180\/"},"modified":"2026-04-15T14:59:18","modified_gmt":"2026-04-15T12:59:18","slug":"worktop180","status":"publish","type":"product","link":"https:\/\/shop.bjerring-sales.dk\/en\/product\/worktop180\/","title":{"rendered":"Worktop 180 - New Classic"},"content":{"rendered":"<div class=\"wpb-content-wrapper\"><div class=\"vc_row wpb_row vc_row-fluid\"><div class=\"wpb_column vc_column_container vc_col-sm-12\"><div class=\"vc_column-inner\"><div class=\"wpb_wrapper\">\n\t<div class=\"wpb_text_column wpb_content_element\" >\n\t\t<div class=\"wpb_wrapper\">\n\t\t\t<div class=\"tab-content\">\n<p><span style=\"font-size: 24pt\">The tabletop produced in high-density polyethylene<\/span><br \/>\nWorktop 180 is a foldable and adjustable plastic table from Zown. The table is a further development of the equally foldable and adjustable plastic table &quot;Worktop&quot; from Zown. All folding plastic tables in the New Classic series have been given the new color Shark Grey. The dark gray color has been developed by Zown to differentiate the tables from all similar plastic tables currently on the market. The foldable and adjustable plastic table has UV protection and is moisture-resistant and is therefore also perfect outdoors. The tabletop is produced in high-density polyethylene, which makes it extra durable.<\/p>\n<p>The table stand, which has 4 different height positions, is a powder-coated steel construction. The higher heights are perfect for standing work. The tables have built-in coupling fittings on the short side and can therefore be extended to long tables. All folding plastic tables from Zown fit well both indoors and outdoors. Due to the fact that Worktop 180 is an adjustable plastic table, it has also become popular in workshops and garages.<\/p>\n<\/div>\n\n\t\t<\/div>\n\t<\/div>\n<\/div><\/div><\/div><\/div><div class=\"vc_row wpb_row vc_row-fluid\"><div class=\"wpb_column vc_column_container vc_col-sm-12\"><div class=\"vc_column-inner\"><div class=\"wpb_wrapper\"><div class=\"vc_separator wpb_content_element vc_separator_align_center vc_sep_width_100 vc_sep_pos_align_center vc_separator_no_text vc_sep_color_grey\" ><span class=\"vc_sep_holder vc_sep_holder_l\"><span class=\"vc_sep_line\"><\/span><\/span><span class=\"vc_sep_holder vc_sep_holder_r\"><span class=\"vc_sep_line\"><\/span><\/span>\n<\/div><\/div><\/div><\/div><\/div><div class=\"vc_row wpb_row vc_row-fluid\"><div class=\"wpb_column vc_column_container vc_col-sm-6\"><div class=\"vc_column-inner\"><div class=\"wpb_wrapper\">\n\t<div class=\"wpb_text_column wpb_content_element\" >\n\t\t<div class=\"wpb_wrapper\">\n\t\t\t<div class=\"tab-content\">\n<p><span style=\"font-size: 18pt\">Color<br \/>\n<\/span>The table has a dark gray color (Shark Gray) on both table stand and table top.<\/p>\n<p><span style=\"font-size: 18pt\">Dimensions L \/ B \/ H<br \/>\n<\/span>1829x752x743 mm<br \/>\nAdjustable heights: 74, 85, 90 and 94 cm<\/p>\n<p><span style=\"font-size: 18pt\">Dimensions of packaging<br \/>\n<\/span>1854.2 \u00d7 777.2 \u00d7 64 mm<\/p>\n<p><span style=\"font-size: 18pt\">Material<br \/>\n<\/span>The stand is a powder-coated steel construction and the table top is made of high-density polyethylene.<\/p>\n<p><span style=\"font-size: 18pt\">Weight<br \/>\n<\/span>9.2 kg<br \/>\nRecommended maximum load: 270 kg<\/p>\n<\/div>\n\n\t\t<\/div>\n\t<\/div>\n<\/div><\/div><\/div><div class=\"wpb_column vc_column_container vc_col-sm-6\"><div class=\"vc_column-inner\"><div class=\"wpb_wrapper\">\n\t<div class=\"wpb_text_column wpb_content_element\" >\n\t\t<div class=\"wpb_wrapper\">\n\t\t\t<div class=\"tab-content\">\n<p><span style=\"font-size: 18pt\">Certifications<br \/>\n<\/span>EN 581-1 \/ 581-3 Contract<br \/>\nEN 15372 L2<\/p>\n<p><span style=\"font-size: 18pt\">Guarantee<br \/>\n<\/span>10 years<\/p>\n<p><span style=\"font-size: 18pt\">Other<br \/>\n<\/span>The worktop is foldable and has 4 adjustable heights. The table is UV and water resistant and can be used both indoors and outdoors.<\/p>\n<\/div>\n\n\t\t<\/div>\n\t<\/div>\n<\/div><\/div><\/div><\/div>\n<\/div>","protected":false},"excerpt":{"rendered":"<p>Worktop 180 is a further development of the folding and adjustable plastic table Worktop from Zown. A folding plastic table that is adjustable in 4 different heights.<\/p>","protected":false},"featured_media":94846,"template":"","meta":{"iawp_total_views":10},"product_brand":[],"product_cat":[5787,5863,6343,6304,6350],"product_tag":[6079,6085,6088,6089,6090],"class_list":{"0":"post-61782","1":"product","2":"type-product","3":"status-publish","4":"has-post-thumbnail","6":"product_cat-bord","7":"product_cat-fallbara-bord","8":"product_cat-bord-utomhus","9":"product_cat-utemobler","10":"product_cat-new-zown-classic","11":"product_tag-new-zown-classic","12":"product_tag-fallbart-bord","13":"product_tag-worktop-180","14":"product_tag-stallbart-bord","15":"product_tag-hojdjusterbart-bord","17":"first","18":"instock","19":"taxable","20":"shipping-taxable","21":"purchasable","22":"product-type-simple"},"yoast_head":"<!-- This site is optimized with the Yoast SEO plugin v27.0 - https:\/\/yoast.com\/product\/yoast-seo-wordpress\/ -->\n<title>Worktop 180 - New Classic - Bjerring-Sales<\/title>\n<meta name=\"description\" content=\"Worktop 180 \u00e4r en vidareutveckling av det f\u00e4llbara och st\u00e4llbara plastbordet Worktop fr\u00e5n Zown. Ett f\u00e4llbart plastbord som \u00e4r st\u00e4llbart i 4 olika h\u00f6jder.\" \/>\n<meta name=\"robots\" content=\"index, follow, max-snippet:-1, max-image-preview:large, max-video-preview:-1\" \/>\n<link rel=\"canonical\" href=\"https:\/\/shop.bjerring-sales.dk\/en\/product\/worktop180\/\" \/>\n<meta property=\"og:locale\" content=\"en_GB\" \/>\n<meta property=\"og:type\" content=\"article\" \/>\n<meta property=\"og:title\" content=\"Worktop 180 - New Classic - Bjerring-Sales\" \/>\n<meta property=\"og:description\" content=\"Worktop 180 \u00e4r en vidareutveckling av det f\u00e4llbara och st\u00e4llbara plastbordet Worktop fr\u00e5n Zown. Ett f\u00e4llbart plastbord som \u00e4r st\u00e4llbart i 4 olika h\u00f6jder.\" \/>\n<meta property=\"og:url\" content=\"https:\/\/shop.bjerring-sales.dk\/en\/product\/worktop180\/\" \/>\n<meta property=\"og:site_name\" content=\"Bjerring-Sales\" \/>\n<meta property=\"article:modified_time\" content=\"2026-04-15T12:59:18+00:00\" \/>\n<meta property=\"og:image\" content=\"https:\/\/shop.bjerring-sales.dk\/wp-content\/uploads\/2024\/01\/WT180_1.jpg\" \/>\n\t<meta property=\"og:image:width\" content=\"800\" \/>\n\t<meta property=\"og:image:height\" content=\"800\" \/>\n\t<meta property=\"og:image:type\" content=\"image\/jpeg\" \/>\n<meta name=\"twitter:card\" content=\"summary_large_image\" \/>\n<meta name=\"twitter:label1\" content=\"Estimated reading time\" \/>\n\t<meta name=\"twitter:data1\" content=\"2 minutes\" \/>\n<script type=\"application\/ld+json\" class=\"yoast-schema-graph\">{\"@context\":\"https:\/\/schema.org\",\"@graph\":[{\"@type\":\"WebPage\",\"@id\":\"https:\/\/shop.bjerring-sales.dk\/sv\/produkt\/worktop180\/\",\"url\":\"https:\/\/shop.bjerring-sales.dk\/sv\/produkt\/worktop180\/\",\"name\":\"Worktop 180 - New Classic - Bjerring-Sales\",\"isPartOf\":{\"@id\":\"https:\/\/shop.bjerring-sales.dk\/#website\"},\"primaryImageOfPage\":{\"@id\":\"https:\/\/shop.bjerring-sales.dk\/sv\/produkt\/worktop180\/#primaryimage\"},\"image\":{\"@id\":\"https:\/\/shop.bjerring-sales.dk\/sv\/produkt\/worktop180\/#primaryimage\"},\"thumbnailUrl\":\"https:\/\/shop.bjerring-sales.dk\/wp-content\/uploads\/2024\/01\/WT180_1.jpg\",\"datePublished\":\"2019-04-02T11:13:54+00:00\",\"dateModified\":\"2026-04-15T12:59:18+00:00\",\"description\":\"Worktop 180 \u00e4r en vidareutveckling av det f\u00e4llbara och st\u00e4llbara plastbordet Worktop fr\u00e5n Zown. Ett f\u00e4llbart plastbord som \u00e4r st\u00e4llbart i 4 olika h\u00f6jder.\",\"breadcrumb\":{\"@id\":\"https:\/\/shop.bjerring-sales.dk\/sv\/produkt\/worktop180\/#breadcrumb\"},\"inLanguage\":\"en-GB\",\"potentialAction\":[{\"@type\":\"ReadAction\",\"target\":[\"https:\/\/shop.bjerring-sales.dk\/sv\/produkt\/worktop180\/\"]}]},{\"@type\":\"ImageObject\",\"inLanguage\":\"en-GB\",\"@id\":\"https:\/\/shop.bjerring-sales.dk\/sv\/produkt\/worktop180\/#primaryimage\",\"url\":\"https:\/\/shop.bjerring-sales.dk\/wp-content\/uploads\/2024\/01\/WT180_1.jpg\",\"contentUrl\":\"https:\/\/shop.bjerring-sales.dk\/wp-content\/uploads\/2024\/01\/WT180_1.jpg\",\"width\":800,\"height\":800,\"caption\":\"F\u00e4llbart plastbord\"},{\"@type\":\"BreadcrumbList\",\"@id\":\"https:\/\/shop.bjerring-sales.dk\/sv\/produkt\/worktop180\/#breadcrumb\",\"itemListElement\":[{\"@type\":\"ListItem\",\"position\":1,\"name\":\"Hem\",\"item\":\"https:\/\/shop.bjerring-sales.dk\/\"},{\"@type\":\"ListItem\",\"position\":2,\"name\":\"Webbutik\",\"item\":\"https:\/\/shop.bjerring-sales.dk\/butik\/\"},{\"@type\":\"ListItem\",\"position\":3,\"name\":\"Worktop 180 &#8211; New Classic\"}]},{\"@type\":\"WebSite\",\"@id\":\"https:\/\/shop.bjerring-sales.dk\/#website\",\"url\":\"https:\/\/shop.bjerring-sales.dk\/\",\"name\":\"Bjerring-Sales\",\"description\":\"M\u00f6bler f\u00f6r teatrar, skolor, kontor och k\u00f6pcentrum\",\"publisher\":{\"@id\":\"https:\/\/shop.bjerring-sales.dk\/#organization\"},\"potentialAction\":[{\"@type\":\"SearchAction\",\"target\":{\"@type\":\"EntryPoint\",\"urlTemplate\":\"https:\/\/shop.bjerring-sales.dk\/?s={search_term_string}\"},\"query-input\":{\"@type\":\"PropertyValueSpecification\",\"valueRequired\":true,\"valueName\":\"search_term_string\"}}],\"inLanguage\":\"en-GB\"},{\"@type\":\"Organization\",\"@id\":\"https:\/\/shop.bjerring-sales.dk\/#organization\",\"name\":\"Bjerring-Sales\",\"url\":\"https:\/\/shop.bjerring-sales.dk\/\",\"logo\":{\"@type\":\"ImageObject\",\"inLanguage\":\"en-GB\",\"@id\":\"https:\/\/shop.bjerring-sales.dk\/#\/schema\/logo\/image\/\",\"url\":\"https:\/\/shop.bjerring-sales.dk\/wp-content\/uploads\/2023\/01\/logo_sv.png\",\"contentUrl\":\"https:\/\/shop.bjerring-sales.dk\/wp-content\/uploads\/2023\/01\/logo_sv.png\",\"width\":195,\"height\":68,\"caption\":\"Bjerring-Sales\"},\"image\":{\"@id\":\"https:\/\/shop.bjerring-sales.dk\/#\/schema\/logo\/image\/\"}}]}<\/script>\n<!-- \/ Yoast SEO plugin. -->","yoast_head_json":{"title":"Worktop 180 - New Classic - Bjerring-Sales","description":"Worktop 180 is a further development of the folding and adjustable plastic table Worktop from Zown. A folding plastic table that is adjustable in 4 different heights.","robots":{"index":"index","follow":"follow","max-snippet":"max-snippet:-1","max-image-preview":"max-image-preview:large","max-video-preview":"max-video-preview:-1"},"canonical":"https:\/\/shop.bjerring-sales.dk\/en\/product\/worktop180\/","og_locale":"en_GB","og_type":"article","og_title":"Worktop 180 - New Classic - Bjerring-Sales","og_description":"Worktop 180 \u00e4r en vidareutveckling av det f\u00e4llbara och st\u00e4llbara plastbordet Worktop fr\u00e5n Zown. Ett f\u00e4llbart plastbord som \u00e4r st\u00e4llbart i 4 olika h\u00f6jder.","og_url":"https:\/\/shop.bjerring-sales.dk\/en\/product\/worktop180\/","og_site_name":"Bjerring-Sales","article_modified_time":"2026-04-15T12:59:18+00:00","og_image":[{"width":800,"height":800,"url":"https:\/\/shop.bjerring-sales.dk\/wp-content\/uploads\/2024\/01\/WT180_1.jpg","type":"image\/jpeg"}],"twitter_card":"summary_large_image","twitter_misc":{"Estimated reading time":"2 minutes"},"schema":{"@context":"https:\/\/schema.org","@graph":[{"@type":"WebPage","@id":"https:\/\/shop.bjerring-sales.dk\/sv\/produkt\/worktop180\/","url":"https:\/\/shop.bjerring-sales.dk\/sv\/produkt\/worktop180\/","name":"Worktop 180 - New Classic - Bjerring-Sales","isPartOf":{"@id":"https:\/\/shop.bjerring-sales.dk\/#website"},"primaryImageOfPage":{"@id":"https:\/\/shop.bjerring-sales.dk\/sv\/produkt\/worktop180\/#primaryimage"},"image":{"@id":"https:\/\/shop.bjerring-sales.dk\/sv\/produkt\/worktop180\/#primaryimage"},"thumbnailUrl":"https:\/\/shop.bjerring-sales.dk\/wp-content\/uploads\/2024\/01\/WT180_1.jpg","datePublished":"2019-04-02T11:13:54+00:00","dateModified":"2026-04-15T12:59:18+00:00","description":"Worktop 180 is a further development of the folding and adjustable plastic table Worktop from Zown. A folding plastic table that is adjustable in 4 different heights.","breadcrumb":{"@id":"https:\/\/shop.bjerring-sales.dk\/sv\/produkt\/worktop180\/#breadcrumb"},"inLanguage":"en-GB","potentialAction":[{"@type":"ReadAction","target":["https:\/\/shop.bjerring-sales.dk\/sv\/produkt\/worktop180\/"]}]},{"@type":"ImageObject","inLanguage":"en-GB","@id":"https:\/\/shop.bjerring-sales.dk\/sv\/produkt\/worktop180\/#primaryimage","url":"https:\/\/shop.bjerring-sales.dk\/wp-content\/uploads\/2024\/01\/WT180_1.jpg","contentUrl":"https:\/\/shop.bjerring-sales.dk\/wp-content\/uploads\/2024\/01\/WT180_1.jpg","width":800,"height":800,"caption":"F\u00e4llbart plastbord"},{"@type":"BreadcrumbList","@id":"https:\/\/shop.bjerring-sales.dk\/sv\/produkt\/worktop180\/#breadcrumb","itemListElement":[{"@type":"ListItem","position":1,"name":"Hem","item":"https:\/\/shop.bjerring-sales.dk\/"},{"@type":"ListItem","position":2,"name":"Webbutik","item":"https:\/\/shop.bjerring-sales.dk\/butik\/"},{"@type":"ListItem","position":3,"name":"Worktop 180 &#8211; New Classic"}]},{"@type":"WebSite","@id":"https:\/\/shop.bjerring-sales.dk\/#website","url":"https:\/\/shop.bjerring-sales.dk\/","name":"Bjerring Sales","description":"Furniture for theatres, schools, offices and shopping centres","publisher":{"@id":"https:\/\/shop.bjerring-sales.dk\/#organization"},"potentialAction":[{"@type":"SearchAction","target":{"@type":"EntryPoint","urlTemplate":"https:\/\/shop.bjerring-sales.dk\/?s={search_term_string}"},"query-input":{"@type":"PropertyValueSpecification","valueRequired":true,"valueName":"search_term_string"}}],"inLanguage":"en-GB"},{"@type":"Organization","@id":"https:\/\/shop.bjerring-sales.dk\/#organization","name":"Bjerring Sales","url":"https:\/\/shop.bjerring-sales.dk\/","logo":{"@type":"ImageObject","inLanguage":"en-GB","@id":"https:\/\/shop.bjerring-sales.dk\/#\/schema\/logo\/image\/","url":"https:\/\/shop.bjerring-sales.dk\/wp-content\/uploads\/2023\/01\/logo_sv.png","contentUrl":"https:\/\/shop.bjerring-sales.dk\/wp-content\/uploads\/2023\/01\/logo_sv.png","width":195,"height":68,"caption":"Bjerring-Sales"},"image":{"@id":"https:\/\/shop.bjerring-sales.dk\/#\/schema\/logo\/image\/"}}]}},"_links":{"self":[{"href":"https:\/\/shop.bjerring-sales.dk\/en\/wp-json\/wp\/v2\/product\/61782","targetHints":{"allow":["GET"]}}],"collection":[{"href":"https:\/\/shop.bjerring-sales.dk\/en\/wp-json\/wp\/v2\/product"}],"about":[{"href":"https:\/\/shop.bjerring-sales.dk\/en\/wp-json\/wp\/v2\/types\/product"}],"wp:featuredmedia":[{"embeddable":true,"href":"https:\/\/shop.bjerring-sales.dk\/en\/wp-json\/wp\/v2\/media\/94846"}],"wp:attachment":[{"href":"https:\/\/shop.bjerring-sales.dk\/en\/wp-json\/wp\/v2\/media?parent=61782"}],"wp:term":[{"taxonomy":"product_brand","embeddable":true,"href":"https:\/\/shop.bjerring-sales.dk\/en\/wp-json\/wp\/v2\/product_brand?post=61782"},{"taxonomy":"product_cat","embeddable":true,"href":"https:\/\/shop.bjerring-sales.dk\/en\/wp-json\/wp\/v2\/product_cat?post=61782"},{"taxonomy":"product_tag","embeddable":true,"href":"https:\/\/shop.bjerring-sales.dk\/en\/wp-json\/wp\/v2\/product_tag?post=61782"}],"curies":[{"name":"wp","href":"https:\/\/api.w.org\/{rel}","templated":true}]}}