{"id":61773,"date":"2019-05-08T15:46:52","date_gmt":"2019-05-08T13:46:52","guid":{"rendered":"https:\/\/pule.se\/produkt\/cocktail-80-new-classic\/"},"modified":"2026-04-10T15:26:52","modified_gmt":"2026-04-10T13:26:52","slug":"cocktail-80-new-classic","status":"publish","type":"product","link":"https:\/\/shop.bjerring-sales.dk\/en\/product\/cocktail-80-new-classic\/","title":{"rendered":"Cocktail 80 - New Classic"},"content":{"rendered":"<div class=\"wpb-content-wrapper\"><div class=\"vc_row wpb_row vc_row-fluid\"><div class=\"wpb_column vc_column_container vc_col-sm-12\"><div class=\"vc_column-inner\"><div class=\"wpb_wrapper\">\n\t<div class=\"wpb_text_column wpb_content_element\" >\n\t\t<div class=\"wpb_wrapper\">\n\t\t\t<p><span style=\"font-size: 24pt\">Cocktail80 is a folding bar table made by the well-known producer Zown<br \/>\n<\/span>Cocktail 80 NC is the latest addition to Zown&#039;s well-known &quot;the new classic collection&quot;. It is a stable and foldable bar table that builds on the previously popular Event standing table model. Cocktail 80 NC is designed to withstand intensive use and has been tested for UV protection and water resistance. It comes in a dark gray shade (Shark Grey) and there are matching standing table covers available in different colors to customize to your preference.<\/p>\n<ul>\n<li>UV protection and is water resistant<\/li>\n<li>Available matching standing table covers in different colors<\/li>\n<li>Dark Gray (Shark Gray)<\/li>\n<\/ul>\n\n\t\t<\/div>\n\t<\/div>\n<\/div><\/div><\/div><\/div><div class=\"vc_row wpb_row vc_row-fluid\"><div class=\"wpb_column vc_column_container vc_col-sm-4\"><div class=\"vc_column-inner\"><div class=\"wpb_wrapper\">\n\t<div  class=\"wpb_single_image wpb_content_element vc_align_center\">\n\t\t\n\t\t<figure class=\"wpb_wrapper vc_figure\">\n\t\t\t<div class=\"vc_single_image-wrapper vc_box_shadow_border  vc_box_border_grey\"><img loading=\"lazy\" decoding=\"async\" width=\"800\" height=\"800\" src=\"https:\/\/shop.bjerring-sales.dk\/wp-content\/uploads\/2019\/05\/cocktail80-01.webp\" class=\"vc_single_image-img attachment-full\" alt=\"\" title=\"cocktail80-01\" srcset=\"https:\/\/shop.bjerring-sales.dk\/wp-content\/uploads\/2019\/05\/cocktail80-01.webp 800w, https:\/\/shop.bjerring-sales.dk\/wp-content\/uploads\/2019\/05\/cocktail80-01-300x300.webp 300w, https:\/\/shop.bjerring-sales.dk\/wp-content\/uploads\/2019\/05\/cocktail80-01-150x150.webp 150w, https:\/\/shop.bjerring-sales.dk\/wp-content\/uploads\/2019\/05\/cocktail80-01-600x600.webp 600w, https:\/\/shop.bjerring-sales.dk\/wp-content\/uploads\/2019\/05\/cocktail80-01-768x768.webp 768w, https:\/\/shop.bjerring-sales.dk\/wp-content\/uploads\/2019\/05\/cocktail80-01-12x12.webp 12w\" sizes=\"auto, (max-width: 800px) 100vw, 800px\" \/><\/div>\n\t\t<\/figure>\n\t<\/div>\n<\/div><\/div><\/div><div class=\"wpb_column vc_column_container vc_col-sm-4\"><div class=\"vc_column-inner\"><div class=\"wpb_wrapper\">\n\t<div  class=\"wpb_single_image wpb_content_element vc_align_center\">\n\t\t\n\t\t<figure class=\"wpb_wrapper vc_figure\">\n\t\t\t<div class=\"vc_single_image-wrapper vc_box_shadow_border  vc_box_border_grey\"><img loading=\"lazy\" decoding=\"async\" width=\"800\" height=\"800\" src=\"https:\/\/shop.bjerring-sales.dk\/wp-content\/uploads\/2019\/05\/cocktail80-02.jpg\" class=\"vc_single_image-img attachment-full\" alt=\"\" title=\"cocktail80-02\" srcset=\"https:\/\/shop.bjerring-sales.dk\/wp-content\/uploads\/2019\/05\/cocktail80-02.jpg 800w, https:\/\/shop.bjerring-sales.dk\/wp-content\/uploads\/2019\/05\/cocktail80-02-300x300.jpg 300w, https:\/\/shop.bjerring-sales.dk\/wp-content\/uploads\/2019\/05\/cocktail80-02-150x150.jpg 150w, https:\/\/shop.bjerring-sales.dk\/wp-content\/uploads\/2019\/05\/cocktail80-02-600x600.jpg 600w, https:\/\/shop.bjerring-sales.dk\/wp-content\/uploads\/2019\/05\/cocktail80-02-768x768.jpg 768w, https:\/\/shop.bjerring-sales.dk\/wp-content\/uploads\/2019\/05\/cocktail80-02-12x12.jpg 12w\" sizes=\"auto, (max-width: 800px) 100vw, 800px\" \/><\/div>\n\t\t<\/figure>\n\t<\/div>\n<\/div><\/div><\/div><div class=\"wpb_column vc_column_container vc_col-sm-4\"><div class=\"vc_column-inner\"><div class=\"wpb_wrapper\">\n\t<div  class=\"wpb_single_image wpb_content_element vc_align_center\">\n\t\t\n\t\t<figure class=\"wpb_wrapper vc_figure\">\n\t\t\t<div class=\"vc_single_image-wrapper vc_box_shadow_border  vc_box_border_grey\"><img loading=\"lazy\" decoding=\"async\" width=\"800\" height=\"800\" src=\"https:\/\/shop.bjerring-sales.dk\/wp-content\/uploads\/2019\/05\/cocktail80-03.jpg\" class=\"vc_single_image-img attachment-full\" alt=\"\" title=\"cocktail80-03\" srcset=\"https:\/\/shop.bjerring-sales.dk\/wp-content\/uploads\/2019\/05\/cocktail80-03.jpg 800w, https:\/\/shop.bjerring-sales.dk\/wp-content\/uploads\/2019\/05\/cocktail80-03-300x300.jpg 300w, https:\/\/shop.bjerring-sales.dk\/wp-content\/uploads\/2019\/05\/cocktail80-03-150x150.jpg 150w, https:\/\/shop.bjerring-sales.dk\/wp-content\/uploads\/2019\/05\/cocktail80-03-600x600.jpg 600w, https:\/\/shop.bjerring-sales.dk\/wp-content\/uploads\/2019\/05\/cocktail80-03-768x768.jpg 768w, https:\/\/shop.bjerring-sales.dk\/wp-content\/uploads\/2019\/05\/cocktail80-03-12x12.jpg 12w\" sizes=\"auto, (max-width: 800px) 100vw, 800px\" \/><\/div>\n\t\t<\/figure>\n\t<\/div>\n<\/div><\/div><\/div><\/div><div class=\"vc_row wpb_row vc_row-fluid\"><div class=\"wpb_column vc_column_container vc_col-sm-6\"><div class=\"vc_column-inner\"><div class=\"wpb_wrapper\">\n\t<div class=\"wpb_text_column wpb_content_element\" >\n\t\t<div class=\"wpb_wrapper\">\n\t\t\t<p><span style=\"font-size: 18pt\">Areas of use<\/span><\/p>\n<p>This bar table is particularly suitable for events and conferences where it is used extensively and needs to withstand wear and tear. It has become increasingly common to see this table at events around Europe and globally, thanks to its ability to handle high loads.<\/p>\n<p><span style=\"font-size: 18pt\">Certifications<\/span><\/p>\n<ul>\n<li>EN 581-1 \/ 3 Contract<\/li>\n<li>EN 15372 L2<\/li>\n<\/ul>\n<p><span style=\"font-size: 18pt\">Measure<\/span><\/p>\n<ul>\n<li>Circumference table top: \u00d880 cm<\/li>\n<li>Height: 110 cm<\/li>\n<\/ul>\n\n\t\t<\/div>\n\t<\/div>\n<\/div><\/div><\/div><div class=\"wpb_column vc_column_container vc_col-sm-6\"><div class=\"vc_column-inner\"><div class=\"wpb_wrapper\">\n\t<div class=\"wpb_text_column wpb_content_element\" >\n\t\t<div class=\"wpb_wrapper\">\n\t\t\t<p><span style=\"font-size: 18pt\">Weight<\/span><\/p>\n<ul>\n<li>8.4 kg<\/li>\n<li>Rec. max. load: 170 kg<\/li>\n<\/ul>\n<p><span style=\"font-size: 18pt\">EAN code<\/span><\/p>\n<ul>\n<li>8436539306733<\/li>\n<\/ul>\n<p><span style=\"font-size: 18pt\">Guarantee<\/span><\/p>\n<ul>\n<li>10 year warranty<\/li>\n<\/ul>\n\n\t\t<\/div>\n\t<\/div>\n<\/div><\/div><\/div><\/div>\n<\/div>","protected":false},"excerpt":{"rendered":"<p>Cocktail 80 NC is a new stable and folding bar table made by the well-known manufacturer Zown. The standing table is part of their series &quot;the new classic collection&quot;.<\/p>","protected":false},"featured_media":100004,"template":"","meta":{"iawp_total_views":16},"product_brand":[],"product_cat":[6343,5787,5897,6304,6350],"product_tag":[6079,6087,6167,6013],"class_list":{"0":"post-61773","1":"product","2":"type-product","3":"status-publish","4":"has-post-thumbnail","6":"product_cat-bord-utomhus","7":"product_cat-bord","8":"product_cat-barbord","9":"product_cat-utemobler","10":"product_cat-new-zown-classic","11":"product_tag-new-zown-classic","12":"product_tag-fallbart-barbord","13":"product_tag-fallbart-stabord","14":"product_tag-stabord","16":"first","17":"instock","18":"taxable","19":"shipping-taxable","20":"purchasable","21":"product-type-simple"},"yoast_head":"<!-- This site is optimized with the Yoast SEO plugin v27.0 - https:\/\/yoast.com\/product\/yoast-seo-wordpress\/ -->\n<title>Cocktail 80 - New Classic - Bjerring-Sales<\/title>\n<meta name=\"description\" content=\"Cocktail 80 NC \u00e4r ett nytt stabilt och f\u00e4llbart barbord tillverkat av den v\u00e4lk\u00e4nda producenten Zown.\" \/>\n<meta name=\"robots\" content=\"index, follow, max-snippet:-1, max-image-preview:large, max-video-preview:-1\" \/>\n<link rel=\"canonical\" href=\"https:\/\/shop.bjerring-sales.dk\/en\/product\/cocktail-80-new-classic\/\" \/>\n<meta property=\"og:locale\" content=\"en_GB\" \/>\n<meta property=\"og:type\" content=\"article\" \/>\n<meta property=\"og:title\" content=\"Cocktail80 - Ett f\u00e4llbart barbord tillverkat av Zown\" \/>\n<meta property=\"og:description\" content=\"Cocktail 80 NC \u00e4r ett nytt stabilt och f\u00e4llbart barbord tillverkat av den v\u00e4lk\u00e4nda producenten Zown.\" \/>\n<meta property=\"og:url\" content=\"https:\/\/shop.bjerring-sales.dk\/en\/product\/cocktail-80-new-classic\/\" \/>\n<meta property=\"og:site_name\" content=\"Bjerring-Sales\" \/>\n<meta property=\"article:modified_time\" content=\"2026-04-10T13:26:52+00:00\" \/>\n<meta property=\"og:image\" content=\"https:\/\/shop.bjerring-sales.dk\/wp-content\/uploads\/2019\/05\/cocktail80-01.webp\" \/>\n\t<meta property=\"og:image:width\" content=\"800\" \/>\n\t<meta property=\"og:image:height\" content=\"800\" \/>\n\t<meta property=\"og:image:type\" content=\"image\/webp\" \/>\n<meta name=\"twitter:card\" content=\"summary_large_image\" \/>\n<meta name=\"twitter:title\" content=\"Cocktail80 - Ett f\u00e4llbart barbord tillverkat av Zown\" \/>\n<meta name=\"twitter:description\" content=\"Cocktail 80 NC \u00e4r ett nytt stabilt och f\u00e4llbart barbord tillverkat av den v\u00e4lk\u00e4nda producenten Zown.\" \/>\n<meta name=\"twitter:image\" content=\"https:\/\/shop.bjerring-sales.dk\/wp-content\/uploads\/2019\/05\/cocktail80-01.webp\" \/>\n<meta name=\"twitter:label1\" content=\"Estimated reading time\" \/>\n\t<meta name=\"twitter:data1\" content=\"1 minute\" \/>\n<script type=\"application\/ld+json\" class=\"yoast-schema-graph\">{\"@context\":\"https:\/\/schema.org\",\"@graph\":[{\"@type\":\"WebPage\",\"@id\":\"https:\/\/shop.bjerring-sales.dk\/sv\/produkt\/cocktail-80-new-classic\/\",\"url\":\"https:\/\/shop.bjerring-sales.dk\/sv\/produkt\/cocktail-80-new-classic\/\",\"name\":\"Cocktail 80 - New Classic - Bjerring-Sales\",\"isPartOf\":{\"@id\":\"https:\/\/shop.bjerring-sales.dk\/#website\"},\"primaryImageOfPage\":{\"@id\":\"https:\/\/shop.bjerring-sales.dk\/sv\/produkt\/cocktail-80-new-classic\/#primaryimage\"},\"image\":{\"@id\":\"https:\/\/shop.bjerring-sales.dk\/sv\/produkt\/cocktail-80-new-classic\/#primaryimage\"},\"thumbnailUrl\":\"https:\/\/shop.bjerring-sales.dk\/wp-content\/uploads\/2024\/10\/Cocktail80-NC.jpg\",\"datePublished\":\"2019-05-08T13:46:52+00:00\",\"dateModified\":\"2026-04-10T13:26:52+00:00\",\"description\":\"Cocktail 80 NC \u00e4r ett nytt stabilt och f\u00e4llbart barbord tillverkat av den v\u00e4lk\u00e4nda producenten Zown.\",\"breadcrumb\":{\"@id\":\"https:\/\/shop.bjerring-sales.dk\/sv\/produkt\/cocktail-80-new-classic\/#breadcrumb\"},\"inLanguage\":\"en-GB\",\"potentialAction\":[{\"@type\":\"ReadAction\",\"target\":[\"https:\/\/shop.bjerring-sales.dk\/sv\/produkt\/cocktail-80-new-classic\/\"]}]},{\"@type\":\"ImageObject\",\"inLanguage\":\"en-GB\",\"@id\":\"https:\/\/shop.bjerring-sales.dk\/sv\/produkt\/cocktail-80-new-classic\/#primaryimage\",\"url\":\"https:\/\/shop.bjerring-sales.dk\/wp-content\/uploads\/2024\/10\/Cocktail80-NC.jpg\",\"contentUrl\":\"https:\/\/shop.bjerring-sales.dk\/wp-content\/uploads\/2024\/10\/Cocktail80-NC.jpg\",\"width\":800,\"height\":800},{\"@type\":\"BreadcrumbList\",\"@id\":\"https:\/\/shop.bjerring-sales.dk\/sv\/produkt\/cocktail-80-new-classic\/#breadcrumb\",\"itemListElement\":[{\"@type\":\"ListItem\",\"position\":1,\"name\":\"Hem\",\"item\":\"https:\/\/shop.bjerring-sales.dk\/\"},{\"@type\":\"ListItem\",\"position\":2,\"name\":\"Webbutik\",\"item\":\"https:\/\/shop.bjerring-sales.dk\/butik\/\"},{\"@type\":\"ListItem\",\"position\":3,\"name\":\"Cocktail 80 &#8211; New Classic\"}]},{\"@type\":\"WebSite\",\"@id\":\"https:\/\/shop.bjerring-sales.dk\/#website\",\"url\":\"https:\/\/shop.bjerring-sales.dk\/\",\"name\":\"Bjerring-Sales\",\"description\":\"M\u00f6bler f\u00f6r teatrar, skolor, kontor och k\u00f6pcentrum\",\"publisher\":{\"@id\":\"https:\/\/shop.bjerring-sales.dk\/#organization\"},\"potentialAction\":[{\"@type\":\"SearchAction\",\"target\":{\"@type\":\"EntryPoint\",\"urlTemplate\":\"https:\/\/shop.bjerring-sales.dk\/?s={search_term_string}\"},\"query-input\":{\"@type\":\"PropertyValueSpecification\",\"valueRequired\":true,\"valueName\":\"search_term_string\"}}],\"inLanguage\":\"en-GB\"},{\"@type\":\"Organization\",\"@id\":\"https:\/\/shop.bjerring-sales.dk\/#organization\",\"name\":\"Bjerring-Sales\",\"url\":\"https:\/\/shop.bjerring-sales.dk\/\",\"logo\":{\"@type\":\"ImageObject\",\"inLanguage\":\"en-GB\",\"@id\":\"https:\/\/shop.bjerring-sales.dk\/#\/schema\/logo\/image\/\",\"url\":\"https:\/\/shop.bjerring-sales.dk\/wp-content\/uploads\/2023\/01\/logo_sv.png\",\"contentUrl\":\"https:\/\/shop.bjerring-sales.dk\/wp-content\/uploads\/2023\/01\/logo_sv.png\",\"width\":195,\"height\":68,\"caption\":\"Bjerring-Sales\"},\"image\":{\"@id\":\"https:\/\/shop.bjerring-sales.dk\/#\/schema\/logo\/image\/\"}}]}<\/script>\n<!-- \/ Yoast SEO plugin. -->","yoast_head_json":{"title":"Cocktail 80 - New Classic - Bjerring-Sales","description":"Cocktail 80 NC is a new stable and folding bar table made by the well-known manufacturer Zown.","robots":{"index":"index","follow":"follow","max-snippet":"max-snippet:-1","max-image-preview":"max-image-preview:large","max-video-preview":"max-video-preview:-1"},"canonical":"https:\/\/shop.bjerring-sales.dk\/en\/product\/cocktail-80-new-classic\/","og_locale":"en_GB","og_type":"article","og_title":"Cocktail80 - Ett f\u00e4llbart barbord tillverkat av Zown","og_description":"Cocktail 80 NC \u00e4r ett nytt stabilt och f\u00e4llbart barbord tillverkat av den v\u00e4lk\u00e4nda producenten Zown.","og_url":"https:\/\/shop.bjerring-sales.dk\/en\/product\/cocktail-80-new-classic\/","og_site_name":"Bjerring-Sales","article_modified_time":"2026-04-10T13:26:52+00:00","og_image":[{"width":800,"height":800,"url":"https:\/\/shop.bjerring-sales.dk\/wp-content\/uploads\/2019\/05\/cocktail80-01.webp","type":"image\/webp"}],"twitter_card":"summary_large_image","twitter_title":"Cocktail80 - Ett f\u00e4llbart barbord tillverkat av Zown","twitter_description":"Cocktail 80 NC \u00e4r ett nytt stabilt och f\u00e4llbart barbord tillverkat av den v\u00e4lk\u00e4nda producenten Zown.","twitter_image":"https:\/\/shop.bjerring-sales.dk\/wp-content\/uploads\/2019\/05\/cocktail80-01.webp","twitter_misc":{"Estimated reading time":"1 minute"},"schema":{"@context":"https:\/\/schema.org","@graph":[{"@type":"WebPage","@id":"https:\/\/shop.bjerring-sales.dk\/sv\/produkt\/cocktail-80-new-classic\/","url":"https:\/\/shop.bjerring-sales.dk\/sv\/produkt\/cocktail-80-new-classic\/","name":"Cocktail 80 - New Classic - Bjerring-Sales","isPartOf":{"@id":"https:\/\/shop.bjerring-sales.dk\/#website"},"primaryImageOfPage":{"@id":"https:\/\/shop.bjerring-sales.dk\/sv\/produkt\/cocktail-80-new-classic\/#primaryimage"},"image":{"@id":"https:\/\/shop.bjerring-sales.dk\/sv\/produkt\/cocktail-80-new-classic\/#primaryimage"},"thumbnailUrl":"https:\/\/shop.bjerring-sales.dk\/wp-content\/uploads\/2024\/10\/Cocktail80-NC.jpg","datePublished":"2019-05-08T13:46:52+00:00","dateModified":"2026-04-10T13:26:52+00:00","description":"Cocktail 80 NC is a new stable and folding bar table made by the well-known manufacturer Zown.","breadcrumb":{"@id":"https:\/\/shop.bjerring-sales.dk\/sv\/produkt\/cocktail-80-new-classic\/#breadcrumb"},"inLanguage":"en-GB","potentialAction":[{"@type":"ReadAction","target":["https:\/\/shop.bjerring-sales.dk\/sv\/produkt\/cocktail-80-new-classic\/"]}]},{"@type":"ImageObject","inLanguage":"en-GB","@id":"https:\/\/shop.bjerring-sales.dk\/sv\/produkt\/cocktail-80-new-classic\/#primaryimage","url":"https:\/\/shop.bjerring-sales.dk\/wp-content\/uploads\/2024\/10\/Cocktail80-NC.jpg","contentUrl":"https:\/\/shop.bjerring-sales.dk\/wp-content\/uploads\/2024\/10\/Cocktail80-NC.jpg","width":800,"height":800},{"@type":"BreadcrumbList","@id":"https:\/\/shop.bjerring-sales.dk\/sv\/produkt\/cocktail-80-new-classic\/#breadcrumb","itemListElement":[{"@type":"ListItem","position":1,"name":"Hem","item":"https:\/\/shop.bjerring-sales.dk\/"},{"@type":"ListItem","position":2,"name":"Webbutik","item":"https:\/\/shop.bjerring-sales.dk\/butik\/"},{"@type":"ListItem","position":3,"name":"Cocktail 80 &#8211; New Classic"}]},{"@type":"WebSite","@id":"https:\/\/shop.bjerring-sales.dk\/#website","url":"https:\/\/shop.bjerring-sales.dk\/","name":"Bjerring Sales","description":"Furniture for theatres, schools, offices and shopping centres","publisher":{"@id":"https:\/\/shop.bjerring-sales.dk\/#organization"},"potentialAction":[{"@type":"SearchAction","target":{"@type":"EntryPoint","urlTemplate":"https:\/\/shop.bjerring-sales.dk\/?s={search_term_string}"},"query-input":{"@type":"PropertyValueSpecification","valueRequired":true,"valueName":"search_term_string"}}],"inLanguage":"en-GB"},{"@type":"Organization","@id":"https:\/\/shop.bjerring-sales.dk\/#organization","name":"Bjerring Sales","url":"https:\/\/shop.bjerring-sales.dk\/","logo":{"@type":"ImageObject","inLanguage":"en-GB","@id":"https:\/\/shop.bjerring-sales.dk\/#\/schema\/logo\/image\/","url":"https:\/\/shop.bjerring-sales.dk\/wp-content\/uploads\/2023\/01\/logo_sv.png","contentUrl":"https:\/\/shop.bjerring-sales.dk\/wp-content\/uploads\/2023\/01\/logo_sv.png","width":195,"height":68,"caption":"Bjerring-Sales"},"image":{"@id":"https:\/\/shop.bjerring-sales.dk\/#\/schema\/logo\/image\/"}}]}},"_links":{"self":[{"href":"https:\/\/shop.bjerring-sales.dk\/en\/wp-json\/wp\/v2\/product\/61773","targetHints":{"allow":["GET"]}}],"collection":[{"href":"https:\/\/shop.bjerring-sales.dk\/en\/wp-json\/wp\/v2\/product"}],"about":[{"href":"https:\/\/shop.bjerring-sales.dk\/en\/wp-json\/wp\/v2\/types\/product"}],"wp:featuredmedia":[{"embeddable":true,"href":"https:\/\/shop.bjerring-sales.dk\/en\/wp-json\/wp\/v2\/media\/100004"}],"wp:attachment":[{"href":"https:\/\/shop.bjerring-sales.dk\/en\/wp-json\/wp\/v2\/media?parent=61773"}],"wp:term":[{"taxonomy":"product_brand","embeddable":true,"href":"https:\/\/shop.bjerring-sales.dk\/en\/wp-json\/wp\/v2\/product_brand?post=61773"},{"taxonomy":"product_cat","embeddable":true,"href":"https:\/\/shop.bjerring-sales.dk\/en\/wp-json\/wp\/v2\/product_cat?post=61773"},{"taxonomy":"product_tag","embeddable":true,"href":"https:\/\/shop.bjerring-sales.dk\/en\/wp-json\/wp\/v2\/product_tag?post=61773"}],"curies":[{"name":"wp","href":"https:\/\/api.w.org\/{rel}","templated":true}]}}