{"id":61425,"date":"2020-10-12T15:47:27","date_gmt":"2020-10-12T13:47:27","guid":{"rendered":"https:\/\/pule.se\/produkt\/direktoren-kontorsstol-med-rygg-i-mesh\/"},"modified":"2026-04-17T07:26:04","modified_gmt":"2026-04-17T05:26:04","slug":"direktoren-kontorsstol-med-rygg-i-mesh","status":"publish","type":"product","link":"https:\/\/shop.bjerring-sales.dk\/en\/product\/direktoren-kontorsstol-med-rygg-i-mesh\/","title":{"rendered":"Direkt\u00f6ren - An office chair with a mesh back"},"content":{"rendered":"<div class=\"wpb-content-wrapper\"><div class=\"vc_row wpb_row vc_row-fluid\"><div class=\"wpb_column vc_column_container vc_col-sm-12\"><div class=\"vc_column-inner\"><div class=\"wpb_wrapper\">\n\t<div class=\"wpb_text_column wpb_content_element\" >\n\t\t<div class=\"wpb_wrapper\">\n\t\t\t<p style=\"text-align: left\"><span style=\"font-size: 24pt\">The Director - An affordable office chair with a black mesh back<br \/>\n<\/span>The director is an affordable office chair that ensures that the user sits comfortably all day! The director is an office chair with a back in black mesh and a seat in black fabric. The chair has 50,000 Martindale.<\/p>\n\n\t\t<\/div>\n\t<\/div>\n<\/div><\/div><\/div><\/div><div class=\"vc_row wpb_row vc_row-fluid\"><div class=\"wpb_column vc_column_container vc_col-sm-6\"><div class=\"vc_column-inner\"><div class=\"wpb_wrapper\">\n\t<div  class=\"wpb_single_image wpb_content_element vc_align_center\">\n\t\t\n\t\t<figure class=\"wpb_wrapper vc_figure\">\n\t\t\t<div class=\"vc_single_image-wrapper vc_box_shadow_border  vc_box_border_grey\"><img loading=\"lazy\" decoding=\"async\" width=\"800\" height=\"550\" src=\"https:\/\/shop.bjerring-sales.dk\/wp-content\/uploads\/2020\/10\/hoj-sankbart-skrivbord-towerforvaring-1.jpg\" class=\"vc_single_image-img attachment-full\" alt=\"\" title=\"height-sinkable-desk-tower-storage\" srcset=\"https:\/\/shop.bjerring-sales.dk\/wp-content\/uploads\/2020\/10\/hoj-sankbart-skrivbord-towerforvaring-1.jpg 800w, https:\/\/shop.bjerring-sales.dk\/wp-content\/uploads\/2020\/10\/hoj-sankbart-skrivbord-towerforvaring-1-150x103.jpg 150w, https:\/\/shop.bjerring-sales.dk\/wp-content\/uploads\/2020\/10\/hoj-sankbart-skrivbord-towerforvaring-1-600x413.jpg 600w, https:\/\/shop.bjerring-sales.dk\/wp-content\/uploads\/2020\/10\/hoj-sankbart-skrivbord-towerforvaring-1-300x206.jpg 300w, https:\/\/shop.bjerring-sales.dk\/wp-content\/uploads\/2020\/10\/hoj-sankbart-skrivbord-towerforvaring-1-768x528.jpg 768w\" sizes=\"auto, (max-width: 800px) 100vw, 800px\" \/><\/div>\n\t\t<\/figure>\n\t<\/div>\n<\/div><\/div><\/div><div class=\"wpb_column vc_column_container vc_col-sm-6\"><div class=\"vc_column-inner\"><div class=\"wpb_wrapper\">\n\t<div  class=\"wpb_single_image wpb_content_element vc_align_center\">\n\t\t\n\t\t<figure class=\"wpb_wrapper vc_figure\">\n\t\t\t<div class=\"vc_single_image-wrapper vc_box_shadow_border  vc_box_border_grey\"><img loading=\"lazy\" decoding=\"async\" width=\"800\" height=\"550\" src=\"https:\/\/shop.bjerring-sales.dk\/wp-content\/uploads\/2020\/10\/Direktoren-kontorsstol-1-1.jpg\" class=\"vc_single_image-img attachment-full\" alt=\"\" title=\"The director-office chair-1\" srcset=\"https:\/\/shop.bjerring-sales.dk\/wp-content\/uploads\/2020\/10\/Direktoren-kontorsstol-1-1.jpg 800w, https:\/\/shop.bjerring-sales.dk\/wp-content\/uploads\/2020\/10\/Direktoren-kontorsstol-1-1-150x103.jpg 150w, https:\/\/shop.bjerring-sales.dk\/wp-content\/uploads\/2020\/10\/Direktoren-kontorsstol-1-1-600x413.jpg 600w, https:\/\/shop.bjerring-sales.dk\/wp-content\/uploads\/2020\/10\/Direktoren-kontorsstol-1-1-300x206.jpg 300w, https:\/\/shop.bjerring-sales.dk\/wp-content\/uploads\/2020\/10\/Direktoren-kontorsstol-1-1-768x528.jpg 768w\" sizes=\"auto, (max-width: 800px) 100vw, 800px\" \/><\/div>\n\t\t<\/figure>\n\t<\/div>\n<\/div><\/div><\/div><\/div><div class=\"vc_row wpb_row vc_row-fluid\"><div class=\"wpb_column vc_column_container vc_col-sm-6\"><div class=\"vc_column-inner\"><div class=\"wpb_wrapper\">\n\t<div class=\"wpb_text_column wpb_content_element\" >\n\t\t<div class=\"wpb_wrapper\">\n\t\t\t<p><span style=\"font-size: 18pt\">Backrest<br \/>\n<\/span>It must be possible to rotate the backrest on the office chair so that the user can lean more than 90 degrees. The best chairs allow back movement and adapt to the user&#039;s movements. Choose an office chair with a backrest that is wide enough for the back and that at least provides good support for the middle of the back. The office chair The director is equipped with a height-adjustable lumbar support.<\/p>\n<p><span style=\"font-size: 18pt\">Armrests<br \/>\n<\/span>When sitting in front of the desk, it is important that the body has a natural posture. <span class=\"tlid-translation translation\" lang=\"sv\"><span class=\"\" title=\"\">On the office chair The director chooses if you want the chair with or without armrests.<br \/>\n<\/span><\/span><\/p>\n<p><span style=\"font-size: 18pt\">Nackst\u00f6d<br \/>\n<\/span>F\u00f6r att g\u00f6ra denna kontorsstol \u00e4ven b\u00e4ttre till en bekv\u00e4m arbetsmilj\u00f6 s\u00e5 har vi nu lagt in denna stol med nackst\u00f6d.\u00a0<span class=\"tlid-translation translation\" lang=\"sv\"><span class=\"\" title=\"\">P\u00e5 kontorsstolen Direkt\u00f6ren v\u00e4ljer du sj\u00e4lv om du vill ha stolen med eller utan nackst\u00f6d.<\/span><\/span><\/p>\n\n\t\t<\/div>\n\t<\/div>\n<\/div><\/div><\/div><div class=\"wpb_column vc_column_container vc_col-sm-6\"><div class=\"vc_column-inner\"><div class=\"wpb_wrapper\">\n\t<div class=\"wpb_text_column wpb_content_element\" >\n\t\t<div class=\"wpb_wrapper\">\n\t\t\t<p><span style=\"font-size: 18pt\">Measure<br \/>\n<\/span>Width: 66 cm<br \/>\nDepth: 65 cm<br \/>\nHeight: 96.5-108 cm<br \/>\nSeat height: 48.3-59.8 cm<\/p>\n<p><span style=\"font-size: 18pt\">Guarantee<br \/>\n<\/span>5 year warranty<\/p>\n<p><span style=\"font-size: 18pt\">Other<\/span><\/p>\n<ul>\n<li>50,000 Martindale<\/li>\n<li>The office chair can be locked in different 3 positions<\/li>\n<\/ul>\n\n\t\t<\/div>\n\t<\/div>\n<\/div><\/div><\/div><\/div>\n<\/div>","protected":false},"excerpt":{"rendered":"<p>Direkt\u00f6ren \u00e4r en prisv\u00e4rd kontorsstol med rygg i svart mesh. V\u00e4lj om du vill ha stolen med eller utan armst\u00f6d, och nu \u00e4ven med nackst\u00f6d.<\/p>","protected":false},"featured_media":101254,"template":"","meta":{"iawp_total_views":16},"product_brand":[],"product_cat":[5785,5791,5629,5826,5827],"product_tag":[5875,6399],"class_list":{"0":"post-61425","1":"product","2":"type-product","3":"status-publish","4":"has-post-thumbnail","6":"product_cat-hemmakontor","7":"product_cat-stolar","8":"product_cat-kontorsmobler","9":"product_cat-skrivbordsstolar","10":"product_cat-kontorsstolar","11":"product_tag-kontorsstol","12":"product_tag-kontorsstol-med-meshrygg","14":"first","15":"instock","16":"taxable","17":"shipping-taxable","18":"purchasable","19":"product-type-variable"},"yoast_head":"<!-- This site is optimized with the Yoast SEO plugin v27.0 - https:\/\/yoast.com\/product\/yoast-seo-wordpress\/ -->\n<title>Direkt\u00f6ren - En kontorsstol med rygg i mesh - Bjerring-Sales<\/title>\n<meta name=\"description\" content=\"Direkt\u00f6ren \u00e4r en prisv\u00e4rd kontorsstol med rygg i svart mesh. V\u00e4lj om du vill ha stolen med eller utan armst\u00f6d.\" \/>\n<meta name=\"robots\" content=\"index, follow, max-snippet:-1, max-image-preview:large, max-video-preview:-1\" \/>\n<link rel=\"canonical\" href=\"https:\/\/shop.bjerring-sales.dk\/en\/product\/direktoren-kontorsstol-med-rygg-i-mesh\/\" \/>\n<meta property=\"og:locale\" content=\"en_GB\" \/>\n<meta property=\"og:type\" content=\"article\" \/>\n<meta property=\"og:title\" content=\"Direkt\u00f6ren - En kontorsstol med rygg i mesh - Bjerring-Sales\" \/>\n<meta property=\"og:description\" content=\"Direkt\u00f6ren \u00e4r en prisv\u00e4rd kontorsstol med rygg i svart mesh. V\u00e4lj om du vill ha stolen med eller utan armst\u00f6d.\" \/>\n<meta property=\"og:url\" content=\"https:\/\/shop.bjerring-sales.dk\/en\/product\/direktoren-kontorsstol-med-rygg-i-mesh\/\" \/>\n<meta property=\"og:site_name\" content=\"Bjerring-Sales\" \/>\n<meta property=\"article:modified_time\" content=\"2026-04-17T05:26:04+00:00\" \/>\n<meta property=\"og:image\" content=\"https:\/\/shop.bjerring-sales.dk\/wp-content\/uploads\/2026\/02\/elj-kontorsstolar-direktoren-3-varianter.jpg\" \/>\n\t<meta property=\"og:image:width\" content=\"800\" \/>\n\t<meta property=\"og:image:height\" content=\"800\" \/>\n\t<meta property=\"og:image:type\" content=\"image\/jpeg\" \/>\n<meta name=\"twitter:card\" content=\"summary_large_image\" \/>\n<meta name=\"twitter:label1\" content=\"Estimated reading time\" \/>\n\t<meta name=\"twitter:data1\" content=\"2 minutes\" \/>\n<script type=\"application\/ld+json\" class=\"yoast-schema-graph\">{\"@context\":\"https:\/\/schema.org\",\"@graph\":[{\"@type\":\"WebPage\",\"@id\":\"https:\/\/shop.bjerring-sales.dk\/sv\/produkt\/direktoren-kontorsstol-med-rygg-i-mesh\/\",\"url\":\"https:\/\/shop.bjerring-sales.dk\/sv\/produkt\/direktoren-kontorsstol-med-rygg-i-mesh\/\",\"name\":\"Direkt\u00f6ren - En kontorsstol med rygg i mesh - Bjerring-Sales\",\"isPartOf\":{\"@id\":\"https:\/\/shop.bjerring-sales.dk\/#website\"},\"primaryImageOfPage\":{\"@id\":\"https:\/\/shop.bjerring-sales.dk\/sv\/produkt\/direktoren-kontorsstol-med-rygg-i-mesh\/#primaryimage\"},\"image\":{\"@id\":\"https:\/\/shop.bjerring-sales.dk\/sv\/produkt\/direktoren-kontorsstol-med-rygg-i-mesh\/#primaryimage\"},\"thumbnailUrl\":\"https:\/\/shop.bjerring-sales.dk\/wp-content\/uploads\/2026\/02\/elj-kontorsstolar-direktoren-3-varianter.jpg\",\"datePublished\":\"2020-10-12T13:47:27+00:00\",\"dateModified\":\"2026-04-17T05:26:04+00:00\",\"description\":\"Direkt\u00f6ren \u00e4r en prisv\u00e4rd kontorsstol med rygg i svart mesh. V\u00e4lj om du vill ha stolen med eller utan armst\u00f6d.\",\"breadcrumb\":{\"@id\":\"https:\/\/shop.bjerring-sales.dk\/sv\/produkt\/direktoren-kontorsstol-med-rygg-i-mesh\/#breadcrumb\"},\"inLanguage\":\"en-GB\",\"potentialAction\":[{\"@type\":\"ReadAction\",\"target\":[\"https:\/\/shop.bjerring-sales.dk\/sv\/produkt\/direktoren-kontorsstol-med-rygg-i-mesh\/\"]}]},{\"@type\":\"ImageObject\",\"inLanguage\":\"en-GB\",\"@id\":\"https:\/\/shop.bjerring-sales.dk\/sv\/produkt\/direktoren-kontorsstol-med-rygg-i-mesh\/#primaryimage\",\"url\":\"https:\/\/shop.bjerring-sales.dk\/wp-content\/uploads\/2026\/02\/elj-kontorsstolar-direktoren-3-varianter.jpg\",\"contentUrl\":\"https:\/\/shop.bjerring-sales.dk\/wp-content\/uploads\/2026\/02\/elj-kontorsstolar-direktoren-3-varianter.jpg\",\"width\":800,\"height\":800},{\"@type\":\"BreadcrumbList\",\"@id\":\"https:\/\/shop.bjerring-sales.dk\/sv\/produkt\/direktoren-kontorsstol-med-rygg-i-mesh\/#breadcrumb\",\"itemListElement\":[{\"@type\":\"ListItem\",\"position\":1,\"name\":\"Hem\",\"item\":\"https:\/\/shop.bjerring-sales.dk\/\"},{\"@type\":\"ListItem\",\"position\":2,\"name\":\"Webbutik\",\"item\":\"https:\/\/shop.bjerring-sales.dk\/butik\/\"},{\"@type\":\"ListItem\",\"position\":3,\"name\":\"Direkt\u00f6ren &#8211; En kontorsstol med rygg i mesh\"}]},{\"@type\":\"WebSite\",\"@id\":\"https:\/\/shop.bjerring-sales.dk\/#website\",\"url\":\"https:\/\/shop.bjerring-sales.dk\/\",\"name\":\"Bjerring-Sales\",\"description\":\"M\u00f6bler f\u00f6r teatrar, skolor, kontor och k\u00f6pcentrum\",\"publisher\":{\"@id\":\"https:\/\/shop.bjerring-sales.dk\/#organization\"},\"potentialAction\":[{\"@type\":\"SearchAction\",\"target\":{\"@type\":\"EntryPoint\",\"urlTemplate\":\"https:\/\/shop.bjerring-sales.dk\/?s={search_term_string}\"},\"query-input\":{\"@type\":\"PropertyValueSpecification\",\"valueRequired\":true,\"valueName\":\"search_term_string\"}}],\"inLanguage\":\"en-GB\"},{\"@type\":\"Organization\",\"@id\":\"https:\/\/shop.bjerring-sales.dk\/#organization\",\"name\":\"Bjerring-Sales\",\"url\":\"https:\/\/shop.bjerring-sales.dk\/\",\"logo\":{\"@type\":\"ImageObject\",\"inLanguage\":\"en-GB\",\"@id\":\"https:\/\/shop.bjerring-sales.dk\/#\/schema\/logo\/image\/\",\"url\":\"https:\/\/shop.bjerring-sales.dk\/wp-content\/uploads\/2023\/01\/logo_sv.png\",\"contentUrl\":\"https:\/\/shop.bjerring-sales.dk\/wp-content\/uploads\/2023\/01\/logo_sv.png\",\"width\":195,\"height\":68,\"caption\":\"Bjerring-Sales\"},\"image\":{\"@id\":\"https:\/\/shop.bjerring-sales.dk\/#\/schema\/logo\/image\/\"}}]}<\/script>\n<!-- \/ Yoast SEO plugin. -->","yoast_head_json":{"title":"Direkt\u00f6ren - En kontorsstol med rygg i mesh - Bjerring-Sales","description":"The director is an affordable office chair with a black mesh back. Choose if you want the chair with or without armrests.","robots":{"index":"index","follow":"follow","max-snippet":"max-snippet:-1","max-image-preview":"max-image-preview:large","max-video-preview":"max-video-preview:-1"},"canonical":"https:\/\/shop.bjerring-sales.dk\/en\/product\/direktoren-kontorsstol-med-rygg-i-mesh\/","og_locale":"en_GB","og_type":"article","og_title":"Direkt\u00f6ren - En kontorsstol med rygg i mesh - Bjerring-Sales","og_description":"Direkt\u00f6ren \u00e4r en prisv\u00e4rd kontorsstol med rygg i svart mesh. V\u00e4lj om du vill ha stolen med eller utan armst\u00f6d.","og_url":"https:\/\/shop.bjerring-sales.dk\/en\/product\/direktoren-kontorsstol-med-rygg-i-mesh\/","og_site_name":"Bjerring-Sales","article_modified_time":"2026-04-17T05:26:04+00:00","og_image":[{"width":800,"height":800,"url":"https:\/\/shop.bjerring-sales.dk\/wp-content\/uploads\/2026\/02\/elj-kontorsstolar-direktoren-3-varianter.jpg","type":"image\/jpeg"}],"twitter_card":"summary_large_image","twitter_misc":{"Estimated reading time":"2 minutes"},"schema":{"@context":"https:\/\/schema.org","@graph":[{"@type":"WebPage","@id":"https:\/\/shop.bjerring-sales.dk\/sv\/produkt\/direktoren-kontorsstol-med-rygg-i-mesh\/","url":"https:\/\/shop.bjerring-sales.dk\/sv\/produkt\/direktoren-kontorsstol-med-rygg-i-mesh\/","name":"Direkt\u00f6ren - En kontorsstol med rygg i mesh - Bjerring-Sales","isPartOf":{"@id":"https:\/\/shop.bjerring-sales.dk\/#website"},"primaryImageOfPage":{"@id":"https:\/\/shop.bjerring-sales.dk\/sv\/produkt\/direktoren-kontorsstol-med-rygg-i-mesh\/#primaryimage"},"image":{"@id":"https:\/\/shop.bjerring-sales.dk\/sv\/produkt\/direktoren-kontorsstol-med-rygg-i-mesh\/#primaryimage"},"thumbnailUrl":"https:\/\/shop.bjerring-sales.dk\/wp-content\/uploads\/2026\/02\/elj-kontorsstolar-direktoren-3-varianter.jpg","datePublished":"2020-10-12T13:47:27+00:00","dateModified":"2026-04-17T05:26:04+00:00","description":"The director is an affordable office chair with a black mesh back. Choose if you want the chair with or without armrests.","breadcrumb":{"@id":"https:\/\/shop.bjerring-sales.dk\/sv\/produkt\/direktoren-kontorsstol-med-rygg-i-mesh\/#breadcrumb"},"inLanguage":"en-GB","potentialAction":[{"@type":"ReadAction","target":["https:\/\/shop.bjerring-sales.dk\/sv\/produkt\/direktoren-kontorsstol-med-rygg-i-mesh\/"]}]},{"@type":"ImageObject","inLanguage":"en-GB","@id":"https:\/\/shop.bjerring-sales.dk\/sv\/produkt\/direktoren-kontorsstol-med-rygg-i-mesh\/#primaryimage","url":"https:\/\/shop.bjerring-sales.dk\/wp-content\/uploads\/2026\/02\/elj-kontorsstolar-direktoren-3-varianter.jpg","contentUrl":"https:\/\/shop.bjerring-sales.dk\/wp-content\/uploads\/2026\/02\/elj-kontorsstolar-direktoren-3-varianter.jpg","width":800,"height":800},{"@type":"BreadcrumbList","@id":"https:\/\/shop.bjerring-sales.dk\/sv\/produkt\/direktoren-kontorsstol-med-rygg-i-mesh\/#breadcrumb","itemListElement":[{"@type":"ListItem","position":1,"name":"Hem","item":"https:\/\/shop.bjerring-sales.dk\/"},{"@type":"ListItem","position":2,"name":"Webbutik","item":"https:\/\/shop.bjerring-sales.dk\/butik\/"},{"@type":"ListItem","position":3,"name":"Direkt\u00f6ren &#8211; En kontorsstol med rygg i mesh"}]},{"@type":"WebSite","@id":"https:\/\/shop.bjerring-sales.dk\/#website","url":"https:\/\/shop.bjerring-sales.dk\/","name":"Bjerring Sales","description":"Furniture for theatres, schools, offices and shopping centres","publisher":{"@id":"https:\/\/shop.bjerring-sales.dk\/#organization"},"potentialAction":[{"@type":"SearchAction","target":{"@type":"EntryPoint","urlTemplate":"https:\/\/shop.bjerring-sales.dk\/?s={search_term_string}"},"query-input":{"@type":"PropertyValueSpecification","valueRequired":true,"valueName":"search_term_string"}}],"inLanguage":"en-GB"},{"@type":"Organization","@id":"https:\/\/shop.bjerring-sales.dk\/#organization","name":"Bjerring Sales","url":"https:\/\/shop.bjerring-sales.dk\/","logo":{"@type":"ImageObject","inLanguage":"en-GB","@id":"https:\/\/shop.bjerring-sales.dk\/#\/schema\/logo\/image\/","url":"https:\/\/shop.bjerring-sales.dk\/wp-content\/uploads\/2023\/01\/logo_sv.png","contentUrl":"https:\/\/shop.bjerring-sales.dk\/wp-content\/uploads\/2023\/01\/logo_sv.png","width":195,"height":68,"caption":"Bjerring-Sales"},"image":{"@id":"https:\/\/shop.bjerring-sales.dk\/#\/schema\/logo\/image\/"}}]}},"_links":{"self":[{"href":"https:\/\/shop.bjerring-sales.dk\/en\/wp-json\/wp\/v2\/product\/61425","targetHints":{"allow":["GET"]}}],"collection":[{"href":"https:\/\/shop.bjerring-sales.dk\/en\/wp-json\/wp\/v2\/product"}],"about":[{"href":"https:\/\/shop.bjerring-sales.dk\/en\/wp-json\/wp\/v2\/types\/product"}],"wp:featuredmedia":[{"embeddable":true,"href":"https:\/\/shop.bjerring-sales.dk\/en\/wp-json\/wp\/v2\/media\/101254"}],"wp:attachment":[{"href":"https:\/\/shop.bjerring-sales.dk\/en\/wp-json\/wp\/v2\/media?parent=61425"}],"wp:term":[{"taxonomy":"product_brand","embeddable":true,"href":"https:\/\/shop.bjerring-sales.dk\/en\/wp-json\/wp\/v2\/product_brand?post=61425"},{"taxonomy":"product_cat","embeddable":true,"href":"https:\/\/shop.bjerring-sales.dk\/en\/wp-json\/wp\/v2\/product_cat?post=61425"},{"taxonomy":"product_tag","embeddable":true,"href":"https:\/\/shop.bjerring-sales.dk\/en\/wp-json\/wp\/v2\/product_tag?post=61425"}],"curies":[{"name":"wp","href":"https:\/\/api.w.org\/{rel}","templated":true}]}}