{"id":60928,"date":"2020-10-28T09:33:28","date_gmt":"2020-10-28T08:33:28","guid":{"rendered":"https:\/\/pule.se\/produkt\/plastfotter-till-skap-120-cm\/"},"modified":"2024-03-20T10:54:10","modified_gmt":"2024-03-20T09:54:10","slug":"plastfotter-till-skap-120-cm","status":"publish","type":"product","link":"https:\/\/shop.bjerring-sales.dk\/en\/product\/plastfotter-till-skap-120-cm\/","title":{"rendered":"Plastic feet for cabinets 120-160 cm"},"content":{"rendered":"<div class=\"wpb-content-wrapper\"><div class=\"vc_row wpb_row vc_row-fluid\"><div class=\"wpb_column vc_column_container vc_col-sm-12\"><div class=\"vc_column-inner\"><div class=\"wpb_wrapper\">\n\t<div class=\"wpb_text_column wpb_content_element\" >\n\t\t<div class=\"wpb_wrapper\">\n\t\t\t<p><span style=\"font-size: 24pt\">Plastic feet for cabinets (6 pcs) 120-160 cm \u2013 Modify<br \/>\n<\/span>The plastic feet from the Modify series are developed for our cabinets with sliding doors. They can also be used for other cabinets with the same dimensions. In addition to plastic feet, there are also legs in metal, wheels and plinths in various colors.<\/p>\n\n\t\t<\/div>\n\t<\/div>\n<\/div><\/div><\/div><\/div><div class=\"vc_row wpb_row vc_row-fluid\"><div class=\"wpb_column vc_column_container vc_col-sm-7\"><div class=\"vc_column-inner\"><div class=\"wpb_wrapper\">\n\t<div class=\"wpb_text_column wpb_content_element\" >\n\t\t<div class=\"wpb_wrapper\">\n\t\t\t<p><span style=\"font-size: 18pt\">Colors<br \/>\n<\/span>The plastic feet are black as standard.<\/p>\n<h3><a href=\"https:\/\/elj.se\/wp-content\/uploads\/2020\/10\/ELJ_Office_Polygram-ZM-685AH_02.jpg\"><img loading=\"lazy\" decoding=\"async\" class=\"alignnone wp-image-24617 size-full\" src=\"https:\/\/elj.se\/wp-content\/uploads\/2020\/10\/ELJ_Office_Polygram-ZM-685AH_02.jpg\" alt=\"\" width=\"800\" height=\"550\" \/><\/a><\/h3>\n<p><span style=\"font-size: 18pt\">Areas of use<br \/>\n<\/span>Cabinets with storage are a natural element in the office and in the open office landscape. Hide chargers and post-it notes, documents and private items so that the desk stays clean and tidy. There are smart options for document management so that the structure is even better.<\/p>\n\n\t\t<\/div>\n\t<\/div>\n<\/div><\/div><\/div><div class=\"wpb_column vc_column_container vc_col-sm-5\"><div class=\"vc_column-inner vc_custom_1524613512965\"><div class=\"wpb_wrapper\">\n\t<div  class=\"wpb_single_image wpb_content_element vc_align_center\">\n\t\t\n\t\t<figure class=\"wpb_wrapper vc_figure\">\n\t\t\t<div class=\"vc_single_image-wrapper   vc_box_border_grey\"><img loading=\"lazy\" decoding=\"async\" width=\"280\" height=\"214\" src=\"https:\/\/shop.bjerring-sales.dk\/wp-content\/uploads\/2020\/10\/prem-280x214-1.jpg\" class=\"vc_single_image-img attachment-full\" alt=\"\" title=\"prem-280x214\" srcset=\"https:\/\/shop.bjerring-sales.dk\/wp-content\/uploads\/2020\/10\/prem-280x214-1.jpg 280w, https:\/\/shop.bjerring-sales.dk\/wp-content\/uploads\/2020\/10\/prem-280x214-1-150x115.jpg 150w\" sizes=\"auto, (max-width: 280px) 100vw, 280px\" \/><\/div>\n\t\t<\/figure>\n\t<\/div>\n\n\t<div class=\"wpb_text_column wpb_content_element\" >\n\t\t<div class=\"wpb_wrapper\">\n\t\t\t<p><span style=\"font-size: 18pt\">Measure<br \/>\n<\/span>The plastic feet are used for cabinets measuring 120-160x40x72 cm. The paws are 17 mm high and can be height-adjusted +10 mm.<br \/>\n<a href=\"https:\/\/elj.se\/wp-content\/uploads\/2020\/10\/elj_modify_120_1207_hojder_gra.jpg\"><img loading=\"lazy\" decoding=\"async\" class=\"alignnone wp-image-24775 size-large\" src=\"https:\/\/elj.se\/wp-content\/uploads\/2020\/10\/elj_modify_120_1207_hojder_gra.jpg\" alt=\"\" width=\"1024\" height=\"262\" \/><\/a><\/p>\n<p><span style=\"font-size: 18pt\">Guarantee<br \/>\n<\/span>5 year warranty<\/p>\n\n\t\t<\/div>\n\t<\/div>\n<\/div><\/div><\/div><\/div>\n<\/div>","protected":false},"excerpt":{"rendered":"<p>Black plastic feet 120 cm from the Modify series. Used for different types of cabinets.<\/p>","protected":false},"featured_media":97218,"template":"","meta":{"iawp_total_views":1},"product_brand":[],"product_cat":[6358,5790],"product_tag":[],"class_list":{"0":"post-60928","1":"product","2":"type-product","3":"status-publish","4":"has-post-thumbnail","6":"product_cat-modify","7":"product_cat-tillbehor-till-forvaring","9":"first","10":"instock","11":"taxable","12":"shipping-taxable","13":"purchasable","14":"product-type-simple"},"yoast_head":"<!-- This site is optimized with the Yoast SEO plugin v27.0 - https:\/\/yoast.com\/product\/yoast-seo-wordpress\/ -->\n<title>Plastf\u00f6tter till sk\u00e5p 120-160 cm - Bjerring-Sales<\/title>\n<meta name=\"description\" content=\"Svarta plastf\u00f6tter 120 cm fr\u00e5n Modify serien. Anv\u00e4nds till olika typer av sk\u00e5p.\" \/>\n<meta name=\"robots\" content=\"index, follow, max-snippet:-1, max-image-preview:large, max-video-preview:-1\" \/>\n<link rel=\"canonical\" href=\"https:\/\/shop.bjerring-sales.dk\/en\/product\/plastfotter-till-skap-120-cm\/\" \/>\n<meta property=\"og:locale\" content=\"en_GB\" \/>\n<meta property=\"og:type\" content=\"article\" \/>\n<meta property=\"og:title\" content=\"Plastf\u00f6tter till sk\u00e5p 120-160 cm - Bjerring-Sales\" \/>\n<meta property=\"og:description\" content=\"Svarta plastf\u00f6tter 120 cm fr\u00e5n Modify serien. Anv\u00e4nds till olika typer av sk\u00e5p.\" \/>\n<meta property=\"og:url\" content=\"https:\/\/shop.bjerring-sales.dk\/en\/product\/plastfotter-till-skap-120-cm\/\" \/>\n<meta property=\"og:site_name\" content=\"Bjerring-Sales\" \/>\n<meta property=\"article:modified_time\" content=\"2024-03-20T09:54:10+00:00\" \/>\n<meta property=\"og:image\" content=\"https:\/\/shop.bjerring-sales.dk\/wp-content\/uploads\/2024\/03\/Plastfotter-svarta.jpg\" \/>\n\t<meta property=\"og:image:width\" content=\"800\" \/>\n\t<meta property=\"og:image:height\" content=\"800\" \/>\n\t<meta property=\"og:image:type\" content=\"image\/jpeg\" \/>\n<meta name=\"twitter:card\" content=\"summary_large_image\" \/>\n<meta name=\"twitter:label1\" content=\"Estimated reading time\" \/>\n\t<meta name=\"twitter:data1\" content=\"1 minute\" \/>\n<script type=\"application\/ld+json\" class=\"yoast-schema-graph\">{\"@context\":\"https:\/\/schema.org\",\"@graph\":[{\"@type\":\"WebPage\",\"@id\":\"https:\/\/shop.bjerring-sales.dk\/sv\/produkt\/plastfotter-till-skap-120-cm\/\",\"url\":\"https:\/\/shop.bjerring-sales.dk\/sv\/produkt\/plastfotter-till-skap-120-cm\/\",\"name\":\"Plastf\u00f6tter till sk\u00e5p 120-160 cm - Bjerring-Sales\",\"isPartOf\":{\"@id\":\"https:\/\/shop.bjerring-sales.dk\/#website\"},\"primaryImageOfPage\":{\"@id\":\"https:\/\/shop.bjerring-sales.dk\/sv\/produkt\/plastfotter-till-skap-120-cm\/#primaryimage\"},\"image\":{\"@id\":\"https:\/\/shop.bjerring-sales.dk\/sv\/produkt\/plastfotter-till-skap-120-cm\/#primaryimage\"},\"thumbnailUrl\":\"https:\/\/shop.bjerring-sales.dk\/wp-content\/uploads\/2024\/03\/Plastfotter-svarta.jpg\",\"datePublished\":\"2020-10-28T08:33:28+00:00\",\"dateModified\":\"2024-03-20T09:54:10+00:00\",\"description\":\"Svarta plastf\u00f6tter 120 cm fr\u00e5n Modify serien. Anv\u00e4nds till olika typer av sk\u00e5p.\",\"breadcrumb\":{\"@id\":\"https:\/\/shop.bjerring-sales.dk\/sv\/produkt\/plastfotter-till-skap-120-cm\/#breadcrumb\"},\"inLanguage\":\"en-GB\",\"potentialAction\":[{\"@type\":\"ReadAction\",\"target\":[\"https:\/\/shop.bjerring-sales.dk\/sv\/produkt\/plastfotter-till-skap-120-cm\/\"]}]},{\"@type\":\"ImageObject\",\"inLanguage\":\"en-GB\",\"@id\":\"https:\/\/shop.bjerring-sales.dk\/sv\/produkt\/plastfotter-till-skap-120-cm\/#primaryimage\",\"url\":\"https:\/\/shop.bjerring-sales.dk\/wp-content\/uploads\/2024\/03\/Plastfotter-svarta.jpg\",\"contentUrl\":\"https:\/\/shop.bjerring-sales.dk\/wp-content\/uploads\/2024\/03\/Plastfotter-svarta.jpg\",\"width\":800,\"height\":800},{\"@type\":\"BreadcrumbList\",\"@id\":\"https:\/\/shop.bjerring-sales.dk\/sv\/produkt\/plastfotter-till-skap-120-cm\/#breadcrumb\",\"itemListElement\":[{\"@type\":\"ListItem\",\"position\":1,\"name\":\"Hem\",\"item\":\"https:\/\/shop.bjerring-sales.dk\/\"},{\"@type\":\"ListItem\",\"position\":2,\"name\":\"Webbutik\",\"item\":\"https:\/\/shop.bjerring-sales.dk\/butik\/\"},{\"@type\":\"ListItem\",\"position\":3,\"name\":\"Plastf\u00f6tter till sk\u00e5p 120-160 cm\"}]},{\"@type\":\"WebSite\",\"@id\":\"https:\/\/shop.bjerring-sales.dk\/#website\",\"url\":\"https:\/\/shop.bjerring-sales.dk\/\",\"name\":\"Bjerring-Sales\",\"description\":\"M\u00f6bler f\u00f6r teatrar, skolor, kontor och k\u00f6pcentrum\",\"publisher\":{\"@id\":\"https:\/\/shop.bjerring-sales.dk\/#organization\"},\"potentialAction\":[{\"@type\":\"SearchAction\",\"target\":{\"@type\":\"EntryPoint\",\"urlTemplate\":\"https:\/\/shop.bjerring-sales.dk\/?s={search_term_string}\"},\"query-input\":{\"@type\":\"PropertyValueSpecification\",\"valueRequired\":true,\"valueName\":\"search_term_string\"}}],\"inLanguage\":\"en-GB\"},{\"@type\":\"Organization\",\"@id\":\"https:\/\/shop.bjerring-sales.dk\/#organization\",\"name\":\"Bjerring-Sales\",\"url\":\"https:\/\/shop.bjerring-sales.dk\/\",\"logo\":{\"@type\":\"ImageObject\",\"inLanguage\":\"en-GB\",\"@id\":\"https:\/\/shop.bjerring-sales.dk\/#\/schema\/logo\/image\/\",\"url\":\"https:\/\/shop.bjerring-sales.dk\/wp-content\/uploads\/2023\/01\/logo_sv.png\",\"contentUrl\":\"https:\/\/shop.bjerring-sales.dk\/wp-content\/uploads\/2023\/01\/logo_sv.png\",\"width\":195,\"height\":68,\"caption\":\"Bjerring-Sales\"},\"image\":{\"@id\":\"https:\/\/shop.bjerring-sales.dk\/#\/schema\/logo\/image\/\"}}]}<\/script>\n<!-- \/ Yoast SEO plugin. -->","yoast_head_json":{"title":"Plastf\u00f6tter till sk\u00e5p 120-160 cm - Bjerring-Sales","description":"Black plastic feet 120 cm from the Modify series. Used for different types of cabinets.","robots":{"index":"index","follow":"follow","max-snippet":"max-snippet:-1","max-image-preview":"max-image-preview:large","max-video-preview":"max-video-preview:-1"},"canonical":"https:\/\/shop.bjerring-sales.dk\/en\/product\/plastfotter-till-skap-120-cm\/","og_locale":"en_GB","og_type":"article","og_title":"Plastf\u00f6tter till sk\u00e5p 120-160 cm - Bjerring-Sales","og_description":"Svarta plastf\u00f6tter 120 cm fr\u00e5n Modify serien. Anv\u00e4nds till olika typer av sk\u00e5p.","og_url":"https:\/\/shop.bjerring-sales.dk\/en\/product\/plastfotter-till-skap-120-cm\/","og_site_name":"Bjerring-Sales","article_modified_time":"2024-03-20T09:54:10+00:00","og_image":[{"width":800,"height":800,"url":"https:\/\/shop.bjerring-sales.dk\/wp-content\/uploads\/2024\/03\/Plastfotter-svarta.jpg","type":"image\/jpeg"}],"twitter_card":"summary_large_image","twitter_misc":{"Estimated reading time":"1 minute"},"schema":{"@context":"https:\/\/schema.org","@graph":[{"@type":"WebPage","@id":"https:\/\/shop.bjerring-sales.dk\/sv\/produkt\/plastfotter-till-skap-120-cm\/","url":"https:\/\/shop.bjerring-sales.dk\/sv\/produkt\/plastfotter-till-skap-120-cm\/","name":"Plastf\u00f6tter till sk\u00e5p 120-160 cm - Bjerring-Sales","isPartOf":{"@id":"https:\/\/shop.bjerring-sales.dk\/#website"},"primaryImageOfPage":{"@id":"https:\/\/shop.bjerring-sales.dk\/sv\/produkt\/plastfotter-till-skap-120-cm\/#primaryimage"},"image":{"@id":"https:\/\/shop.bjerring-sales.dk\/sv\/produkt\/plastfotter-till-skap-120-cm\/#primaryimage"},"thumbnailUrl":"https:\/\/shop.bjerring-sales.dk\/wp-content\/uploads\/2024\/03\/Plastfotter-svarta.jpg","datePublished":"2020-10-28T08:33:28+00:00","dateModified":"2024-03-20T09:54:10+00:00","description":"Black plastic feet 120 cm from the Modify series. Used for different types of cabinets.","breadcrumb":{"@id":"https:\/\/shop.bjerring-sales.dk\/sv\/produkt\/plastfotter-till-skap-120-cm\/#breadcrumb"},"inLanguage":"en-GB","potentialAction":[{"@type":"ReadAction","target":["https:\/\/shop.bjerring-sales.dk\/sv\/produkt\/plastfotter-till-skap-120-cm\/"]}]},{"@type":"ImageObject","inLanguage":"en-GB","@id":"https:\/\/shop.bjerring-sales.dk\/sv\/produkt\/plastfotter-till-skap-120-cm\/#primaryimage","url":"https:\/\/shop.bjerring-sales.dk\/wp-content\/uploads\/2024\/03\/Plastfotter-svarta.jpg","contentUrl":"https:\/\/shop.bjerring-sales.dk\/wp-content\/uploads\/2024\/03\/Plastfotter-svarta.jpg","width":800,"height":800},{"@type":"BreadcrumbList","@id":"https:\/\/shop.bjerring-sales.dk\/sv\/produkt\/plastfotter-till-skap-120-cm\/#breadcrumb","itemListElement":[{"@type":"ListItem","position":1,"name":"Hem","item":"https:\/\/shop.bjerring-sales.dk\/"},{"@type":"ListItem","position":2,"name":"Webbutik","item":"https:\/\/shop.bjerring-sales.dk\/butik\/"},{"@type":"ListItem","position":3,"name":"Plastf\u00f6tter till sk\u00e5p 120-160 cm"}]},{"@type":"WebSite","@id":"https:\/\/shop.bjerring-sales.dk\/#website","url":"https:\/\/shop.bjerring-sales.dk\/","name":"Bjerring Sales","description":"Furniture for theatres, schools, offices and shopping centres","publisher":{"@id":"https:\/\/shop.bjerring-sales.dk\/#organization"},"potentialAction":[{"@type":"SearchAction","target":{"@type":"EntryPoint","urlTemplate":"https:\/\/shop.bjerring-sales.dk\/?s={search_term_string}"},"query-input":{"@type":"PropertyValueSpecification","valueRequired":true,"valueName":"search_term_string"}}],"inLanguage":"en-GB"},{"@type":"Organization","@id":"https:\/\/shop.bjerring-sales.dk\/#organization","name":"Bjerring Sales","url":"https:\/\/shop.bjerring-sales.dk\/","logo":{"@type":"ImageObject","inLanguage":"en-GB","@id":"https:\/\/shop.bjerring-sales.dk\/#\/schema\/logo\/image\/","url":"https:\/\/shop.bjerring-sales.dk\/wp-content\/uploads\/2023\/01\/logo_sv.png","contentUrl":"https:\/\/shop.bjerring-sales.dk\/wp-content\/uploads\/2023\/01\/logo_sv.png","width":195,"height":68,"caption":"Bjerring-Sales"},"image":{"@id":"https:\/\/shop.bjerring-sales.dk\/#\/schema\/logo\/image\/"}}]}},"_links":{"self":[{"href":"https:\/\/shop.bjerring-sales.dk\/en\/wp-json\/wp\/v2\/product\/60928","targetHints":{"allow":["GET"]}}],"collection":[{"href":"https:\/\/shop.bjerring-sales.dk\/en\/wp-json\/wp\/v2\/product"}],"about":[{"href":"https:\/\/shop.bjerring-sales.dk\/en\/wp-json\/wp\/v2\/types\/product"}],"wp:featuredmedia":[{"embeddable":true,"href":"https:\/\/shop.bjerring-sales.dk\/en\/wp-json\/wp\/v2\/media\/97218"}],"wp:attachment":[{"href":"https:\/\/shop.bjerring-sales.dk\/en\/wp-json\/wp\/v2\/media?parent=60928"}],"wp:term":[{"taxonomy":"product_brand","embeddable":true,"href":"https:\/\/shop.bjerring-sales.dk\/en\/wp-json\/wp\/v2\/product_brand?post=60928"},{"taxonomy":"product_cat","embeddable":true,"href":"https:\/\/shop.bjerring-sales.dk\/en\/wp-json\/wp\/v2\/product_cat?post=60928"},{"taxonomy":"product_tag","embeddable":true,"href":"https:\/\/shop.bjerring-sales.dk\/en\/wp-json\/wp\/v2\/product_tag?post=60928"}],"curies":[{"name":"wp","href":"https:\/\/api.w.org\/{rel}","templated":true}]}}