{"id":60912,"date":"2020-10-28T10:47:09","date_gmt":"2020-10-28T09:47:09","guid":{"rendered":"https:\/\/pule.se\/produkt\/sockel-till-skap-120-cm\/"},"modified":"2025-03-22T14:54:14","modified_gmt":"2025-03-22T13:54:14","slug":"sockel-till-skap-120-cm","status":"publish","type":"product","link":"https:\/\/shop.bjerring-sales.dk\/en\/product\/sockel-till-skap-120-cm\/","title":{"rendered":"Base for cabinet 120 cm"},"content":{"rendered":"<div class=\"wpb-content-wrapper\"><div class=\"vc_row wpb_row vc_row-fluid\"><div class=\"wpb_column vc_column_container vc_col-sm-12\"><div class=\"vc_column-inner\"><div class=\"wpb_wrapper\">\n\t<div class=\"wpb_text_column wpb_content_element\" >\n\t\t<div class=\"wpb_wrapper\">\n\t\t\t<p><span style=\"font-size: 24pt\">Base for cabinet 120 cm - Modify<br \/>\n<\/span>Base from the Modify series is developed for our cabinets with sliding doors. They can also be used for other cabinets with the same dimensions. In addition to the base, there are also legs in metal, wheels and plastic feet in various colors.<\/p>\n\n\t\t<\/div>\n\t<\/div>\n<\/div><\/div><\/div><\/div><div class=\"vc_row wpb_row vc_row-fluid\"><div class=\"wpb_column vc_column_container vc_col-sm-12\"><div class=\"vc_column-inner\"><div class=\"wpb_wrapper\"><div class=\"vc_separator wpb_content_element vc_separator_align_center vc_sep_width_100 vc_sep_pos_align_center vc_separator_no_text vc_sep_color_grey\" ><span class=\"vc_sep_holder vc_sep_holder_l\"><span class=\"vc_sep_line\"><\/span><\/span><span class=\"vc_sep_holder vc_sep_holder_r\"><span class=\"vc_sep_line\"><\/span><\/span>\n<\/div><\/div><\/div><\/div><\/div><div class=\"vc_row wpb_row vc_row-fluid\"><div class=\"wpb_column vc_column_container vc_col-sm-7\"><div class=\"vc_column-inner\"><div class=\"wpb_wrapper\">\n\t<div class=\"wpb_text_column wpb_content_element\" >\n\t\t<div class=\"wpb_wrapper\">\n\t\t\t<p><span style=\"font-size: 18pt\">Colors<br \/>\n<\/span>The base is white as standard.<\/p>\n<h3><a href=\"https:\/\/elj.se\/wp-content\/uploads\/2020\/10\/ELJ_Office_Polygram-ZM-685AH_02.jpg\"><img loading=\"lazy\" decoding=\"async\" class=\"alignnone wp-image-24617 size-full\" src=\"https:\/\/elj.se\/wp-content\/uploads\/2020\/10\/ELJ_Office_Polygram-ZM-685AH_02.jpg\" alt=\"\" width=\"800\" height=\"550\" \/><\/a><\/h3>\n<p><span style=\"font-size: 18pt\">Areas of use<br \/>\n<\/span>Cabinets with storage are a natural element in the office and in the open office landscape. Hide chargers and post-it notes, documents and private items so that the desk stays clean and tidy. There are smart options for document management so that the structure is even better.<\/p>\n\n\t\t<\/div>\n\t<\/div>\n<\/div><\/div><\/div><div class=\"wpb_column vc_column_container vc_col-sm-5\"><div class=\"vc_column-inner vc_custom_1524613512965\"><div class=\"wpb_wrapper\">\n\t<div  class=\"wpb_single_image wpb_content_element vc_align_center\">\n\t\t\n\t\t<figure class=\"wpb_wrapper vc_figure\">\n\t\t\t<div class=\"vc_single_image-wrapper   vc_box_border_grey\"><img loading=\"lazy\" decoding=\"async\" width=\"280\" height=\"214\" src=\"https:\/\/shop.bjerring-sales.dk\/wp-content\/uploads\/2020\/10\/prem-280x214-1.jpg\" class=\"vc_single_image-img attachment-full\" alt=\"\" title=\"prem-280x214\" srcset=\"https:\/\/shop.bjerring-sales.dk\/wp-content\/uploads\/2020\/10\/prem-280x214-1.jpg 280w, https:\/\/shop.bjerring-sales.dk\/wp-content\/uploads\/2020\/10\/prem-280x214-1-150x115.jpg 150w\" sizes=\"auto, (max-width: 280px) 100vw, 280px\" \/><\/div>\n\t\t<\/figure>\n\t<\/div>\n\n\t<div class=\"wpb_text_column wpb_content_element\" >\n\t\t<div class=\"wpb_wrapper\">\n\t\t\t<p><span style=\"font-size: 18pt\">Measure<br \/>\n<\/span>The base is used for cabinets measuring 80x40x72 cm. The base is 80 mm high.<br \/>\n<a href=\"https:\/\/elj.se\/wp-content\/uploads\/2020\/10\/elj_modify_120_1207_hojder_gra.jpg\"><img loading=\"lazy\" decoding=\"async\" class=\"alignnone wp-image-24775 size-large\" src=\"https:\/\/elj.se\/wp-content\/uploads\/2020\/10\/elj_modify_120_1207_hojder_gra.jpg\" alt=\"\" width=\"1024\" height=\"262\" \/><\/a><\/p>\n<p><span style=\"font-size: 18pt\">Guarantee<br \/>\n<\/span>5 year warranty<\/p>\n\n\t\t<\/div>\n\t<\/div>\n<\/div><\/div><\/div><\/div>\n<\/div>","protected":false},"excerpt":{"rendered":"<p>120 cm plinth from the Modify series. Used for various types of cabinets. Available in 3 colors.<\/p>","protected":false},"featured_media":100675,"template":"","meta":{"iawp_total_views":1},"product_brand":[],"product_cat":[6358,5790],"product_tag":[],"class_list":{"0":"post-60912","1":"product","2":"type-product","3":"status-publish","4":"has-post-thumbnail","6":"product_cat-modify","7":"product_cat-tillbehor-till-forvaring","9":"first","10":"instock","11":"taxable","12":"shipping-taxable","13":"purchasable","14":"product-type-variable"},"yoast_head":"<!-- This site is optimized with the Yoast SEO plugin v27.0 - https:\/\/yoast.com\/product\/yoast-seo-wordpress\/ -->\n<title>Sockel till sk\u00e5p 120 cm - Bjerring-Sales<\/title>\n<meta name=\"description\" content=\"Vit sockel 120 cm fr\u00e5n Modify serien. Anv\u00e4nds till olika typer av sk\u00e5p.\" \/>\n<meta name=\"robots\" content=\"index, follow, max-snippet:-1, max-image-preview:large, max-video-preview:-1\" \/>\n<link rel=\"canonical\" href=\"https:\/\/shop.bjerring-sales.dk\/en\/product\/sockel-till-skap-120-cm\/\" \/>\n<meta property=\"og:locale\" content=\"en_GB\" \/>\n<meta property=\"og:type\" content=\"article\" \/>\n<meta property=\"og:title\" content=\"Sockel till sk\u00e5p 120 cm - Bjerring-Sales\" \/>\n<meta property=\"og:description\" content=\"Vit sockel 120 cm fr\u00e5n Modify serien. Anv\u00e4nds till olika typer av sk\u00e5p.\" \/>\n<meta property=\"og:url\" content=\"https:\/\/shop.bjerring-sales.dk\/en\/product\/sockel-till-skap-120-cm\/\" \/>\n<meta property=\"og:site_name\" content=\"Bjerring-Sales\" \/>\n<meta property=\"article:modified_time\" content=\"2025-03-22T13:54:14+00:00\" \/>\n<meta property=\"og:image\" content=\"https:\/\/shop.bjerring-sales.dk\/wp-content\/uploads\/2025\/03\/Sockel-vit.jpg\" \/>\n\t<meta property=\"og:image:width\" content=\"800\" \/>\n\t<meta property=\"og:image:height\" content=\"800\" \/>\n\t<meta property=\"og:image:type\" content=\"image\/jpeg\" \/>\n<meta name=\"twitter:card\" content=\"summary_large_image\" \/>\n<meta name=\"twitter:label1\" content=\"Estimated reading time\" \/>\n\t<meta name=\"twitter:data1\" content=\"2 minutes\" \/>\n<script type=\"application\/ld+json\" class=\"yoast-schema-graph\">{\"@context\":\"https:\/\/schema.org\",\"@graph\":[{\"@type\":\"WebPage\",\"@id\":\"https:\/\/shop.bjerring-sales.dk\/sv\/produkt\/sockel-till-skap-120-cm\/\",\"url\":\"https:\/\/shop.bjerring-sales.dk\/sv\/produkt\/sockel-till-skap-120-cm\/\",\"name\":\"Sockel till sk\u00e5p 120 cm - Bjerring-Sales\",\"isPartOf\":{\"@id\":\"https:\/\/shop.bjerring-sales.dk\/#website\"},\"primaryImageOfPage\":{\"@id\":\"https:\/\/shop.bjerring-sales.dk\/sv\/produkt\/sockel-till-skap-120-cm\/#primaryimage\"},\"image\":{\"@id\":\"https:\/\/shop.bjerring-sales.dk\/sv\/produkt\/sockel-till-skap-120-cm\/#primaryimage\"},\"thumbnailUrl\":\"https:\/\/shop.bjerring-sales.dk\/wp-content\/uploads\/2025\/03\/Sockel-vit.jpg\",\"datePublished\":\"2020-10-28T09:47:09+00:00\",\"dateModified\":\"2025-03-22T13:54:14+00:00\",\"description\":\"Vit sockel 120 cm fr\u00e5n Modify serien. Anv\u00e4nds till olika typer av sk\u00e5p.\",\"breadcrumb\":{\"@id\":\"https:\/\/shop.bjerring-sales.dk\/sv\/produkt\/sockel-till-skap-120-cm\/#breadcrumb\"},\"inLanguage\":\"en-GB\",\"potentialAction\":[{\"@type\":\"ReadAction\",\"target\":[\"https:\/\/shop.bjerring-sales.dk\/sv\/produkt\/sockel-till-skap-120-cm\/\"]}]},{\"@type\":\"ImageObject\",\"inLanguage\":\"en-GB\",\"@id\":\"https:\/\/shop.bjerring-sales.dk\/sv\/produkt\/sockel-till-skap-120-cm\/#primaryimage\",\"url\":\"https:\/\/shop.bjerring-sales.dk\/wp-content\/uploads\/2025\/03\/Sockel-vit.jpg\",\"contentUrl\":\"https:\/\/shop.bjerring-sales.dk\/wp-content\/uploads\/2025\/03\/Sockel-vit.jpg\",\"width\":800,\"height\":800},{\"@type\":\"BreadcrumbList\",\"@id\":\"https:\/\/shop.bjerring-sales.dk\/sv\/produkt\/sockel-till-skap-120-cm\/#breadcrumb\",\"itemListElement\":[{\"@type\":\"ListItem\",\"position\":1,\"name\":\"Hem\",\"item\":\"https:\/\/shop.bjerring-sales.dk\/\"},{\"@type\":\"ListItem\",\"position\":2,\"name\":\"Webbutik\",\"item\":\"https:\/\/shop.bjerring-sales.dk\/butik\/\"},{\"@type\":\"ListItem\",\"position\":3,\"name\":\"Sockel till sk\u00e5p 120 cm\"}]},{\"@type\":\"WebSite\",\"@id\":\"https:\/\/shop.bjerring-sales.dk\/#website\",\"url\":\"https:\/\/shop.bjerring-sales.dk\/\",\"name\":\"Bjerring-Sales\",\"description\":\"M\u00f6bler f\u00f6r teatrar, skolor, kontor och k\u00f6pcentrum\",\"publisher\":{\"@id\":\"https:\/\/shop.bjerring-sales.dk\/#organization\"},\"potentialAction\":[{\"@type\":\"SearchAction\",\"target\":{\"@type\":\"EntryPoint\",\"urlTemplate\":\"https:\/\/shop.bjerring-sales.dk\/?s={search_term_string}\"},\"query-input\":{\"@type\":\"PropertyValueSpecification\",\"valueRequired\":true,\"valueName\":\"search_term_string\"}}],\"inLanguage\":\"en-GB\"},{\"@type\":\"Organization\",\"@id\":\"https:\/\/shop.bjerring-sales.dk\/#organization\",\"name\":\"Bjerring-Sales\",\"url\":\"https:\/\/shop.bjerring-sales.dk\/\",\"logo\":{\"@type\":\"ImageObject\",\"inLanguage\":\"en-GB\",\"@id\":\"https:\/\/shop.bjerring-sales.dk\/#\/schema\/logo\/image\/\",\"url\":\"https:\/\/shop.bjerring-sales.dk\/wp-content\/uploads\/2023\/01\/logo_sv.png\",\"contentUrl\":\"https:\/\/shop.bjerring-sales.dk\/wp-content\/uploads\/2023\/01\/logo_sv.png\",\"width\":195,\"height\":68,\"caption\":\"Bjerring-Sales\"},\"image\":{\"@id\":\"https:\/\/shop.bjerring-sales.dk\/#\/schema\/logo\/image\/\"}}]}<\/script>\n<!-- \/ Yoast SEO plugin. -->","yoast_head_json":{"title":"Sockel till sk\u00e5p 120 cm - Bjerring-Sales","description":"White base 120 cm from the Modify series. Used for different types of cabinets.","robots":{"index":"index","follow":"follow","max-snippet":"max-snippet:-1","max-image-preview":"max-image-preview:large","max-video-preview":"max-video-preview:-1"},"canonical":"https:\/\/shop.bjerring-sales.dk\/en\/product\/sockel-till-skap-120-cm\/","og_locale":"en_GB","og_type":"article","og_title":"Sockel till sk\u00e5p 120 cm - Bjerring-Sales","og_description":"Vit sockel 120 cm fr\u00e5n Modify serien. Anv\u00e4nds till olika typer av sk\u00e5p.","og_url":"https:\/\/shop.bjerring-sales.dk\/en\/product\/sockel-till-skap-120-cm\/","og_site_name":"Bjerring-Sales","article_modified_time":"2025-03-22T13:54:14+00:00","og_image":[{"width":800,"height":800,"url":"https:\/\/shop.bjerring-sales.dk\/wp-content\/uploads\/2025\/03\/Sockel-vit.jpg","type":"image\/jpeg"}],"twitter_card":"summary_large_image","twitter_misc":{"Estimated reading time":"2 minutes"},"schema":{"@context":"https:\/\/schema.org","@graph":[{"@type":"WebPage","@id":"https:\/\/shop.bjerring-sales.dk\/sv\/produkt\/sockel-till-skap-120-cm\/","url":"https:\/\/shop.bjerring-sales.dk\/sv\/produkt\/sockel-till-skap-120-cm\/","name":"Sockel till sk\u00e5p 120 cm - Bjerring-Sales","isPartOf":{"@id":"https:\/\/shop.bjerring-sales.dk\/#website"},"primaryImageOfPage":{"@id":"https:\/\/shop.bjerring-sales.dk\/sv\/produkt\/sockel-till-skap-120-cm\/#primaryimage"},"image":{"@id":"https:\/\/shop.bjerring-sales.dk\/sv\/produkt\/sockel-till-skap-120-cm\/#primaryimage"},"thumbnailUrl":"https:\/\/shop.bjerring-sales.dk\/wp-content\/uploads\/2025\/03\/Sockel-vit.jpg","datePublished":"2020-10-28T09:47:09+00:00","dateModified":"2025-03-22T13:54:14+00:00","description":"White base 120 cm from the Modify series. Used for different types of cabinets.","breadcrumb":{"@id":"https:\/\/shop.bjerring-sales.dk\/sv\/produkt\/sockel-till-skap-120-cm\/#breadcrumb"},"inLanguage":"en-GB","potentialAction":[{"@type":"ReadAction","target":["https:\/\/shop.bjerring-sales.dk\/sv\/produkt\/sockel-till-skap-120-cm\/"]}]},{"@type":"ImageObject","inLanguage":"en-GB","@id":"https:\/\/shop.bjerring-sales.dk\/sv\/produkt\/sockel-till-skap-120-cm\/#primaryimage","url":"https:\/\/shop.bjerring-sales.dk\/wp-content\/uploads\/2025\/03\/Sockel-vit.jpg","contentUrl":"https:\/\/shop.bjerring-sales.dk\/wp-content\/uploads\/2025\/03\/Sockel-vit.jpg","width":800,"height":800},{"@type":"BreadcrumbList","@id":"https:\/\/shop.bjerring-sales.dk\/sv\/produkt\/sockel-till-skap-120-cm\/#breadcrumb","itemListElement":[{"@type":"ListItem","position":1,"name":"Hem","item":"https:\/\/shop.bjerring-sales.dk\/"},{"@type":"ListItem","position":2,"name":"Webbutik","item":"https:\/\/shop.bjerring-sales.dk\/butik\/"},{"@type":"ListItem","position":3,"name":"Sockel till sk\u00e5p 120 cm"}]},{"@type":"WebSite","@id":"https:\/\/shop.bjerring-sales.dk\/#website","url":"https:\/\/shop.bjerring-sales.dk\/","name":"Bjerring Sales","description":"Furniture for theatres, schools, offices and shopping centres","publisher":{"@id":"https:\/\/shop.bjerring-sales.dk\/#organization"},"potentialAction":[{"@type":"SearchAction","target":{"@type":"EntryPoint","urlTemplate":"https:\/\/shop.bjerring-sales.dk\/?s={search_term_string}"},"query-input":{"@type":"PropertyValueSpecification","valueRequired":true,"valueName":"search_term_string"}}],"inLanguage":"en-GB"},{"@type":"Organization","@id":"https:\/\/shop.bjerring-sales.dk\/#organization","name":"Bjerring Sales","url":"https:\/\/shop.bjerring-sales.dk\/","logo":{"@type":"ImageObject","inLanguage":"en-GB","@id":"https:\/\/shop.bjerring-sales.dk\/#\/schema\/logo\/image\/","url":"https:\/\/shop.bjerring-sales.dk\/wp-content\/uploads\/2023\/01\/logo_sv.png","contentUrl":"https:\/\/shop.bjerring-sales.dk\/wp-content\/uploads\/2023\/01\/logo_sv.png","width":195,"height":68,"caption":"Bjerring-Sales"},"image":{"@id":"https:\/\/shop.bjerring-sales.dk\/#\/schema\/logo\/image\/"}}]}},"_links":{"self":[{"href":"https:\/\/shop.bjerring-sales.dk\/en\/wp-json\/wp\/v2\/product\/60912","targetHints":{"allow":["GET"]}}],"collection":[{"href":"https:\/\/shop.bjerring-sales.dk\/en\/wp-json\/wp\/v2\/product"}],"about":[{"href":"https:\/\/shop.bjerring-sales.dk\/en\/wp-json\/wp\/v2\/types\/product"}],"wp:featuredmedia":[{"embeddable":true,"href":"https:\/\/shop.bjerring-sales.dk\/en\/wp-json\/wp\/v2\/media\/100675"}],"wp:attachment":[{"href":"https:\/\/shop.bjerring-sales.dk\/en\/wp-json\/wp\/v2\/media?parent=60912"}],"wp:term":[{"taxonomy":"product_brand","embeddable":true,"href":"https:\/\/shop.bjerring-sales.dk\/en\/wp-json\/wp\/v2\/product_brand?post=60912"},{"taxonomy":"product_cat","embeddable":true,"href":"https:\/\/shop.bjerring-sales.dk\/en\/wp-json\/wp\/v2\/product_cat?post=60912"},{"taxonomy":"product_tag","embeddable":true,"href":"https:\/\/shop.bjerring-sales.dk\/en\/wp-json\/wp\/v2\/product_tag?post=60912"}],"curies":[{"name":"wp","href":"https:\/\/api.w.org\/{rel}","templated":true}]}}