{"id":60777,"date":"2020-10-27T14:27:08","date_gmt":"2020-10-27T13:27:08","guid":{"rendered":"https:\/\/pule.se\/produkt\/monitorarm-1-skarm-vit\/"},"modified":"2026-03-31T09:51:40","modified_gmt":"2026-03-31T07:51:40","slug":"monitorarm-1-skarm-vit","status":"publish","type":"product","link":"https:\/\/shop.bjerring-sales.dk\/en\/product\/monitorarm-1-skarm-vit\/","title":{"rendered":"Monitor arm 1 screen - white"},"content":{"rendered":"<div class=\"wpb-content-wrapper\"><div class=\"vc_row wpb_row vc_row-fluid\"><div class=\"wpb_column vc_column_container vc_col-sm-12\"><div class=\"vc_column-inner\"><div class=\"wpb_wrapper\">\n\t<div class=\"wpb_text_column wpb_content_element vc_custom_1631871944927\" >\n\t\t<div class=\"wpb_wrapper\">\n\t\t\t<p style=\"text-align: left\"><span style=\"font-size: 24pt\">White monitor arm for 1 screen<\/span><\/p>\n\n\t\t<\/div>\n\t<\/div>\n<\/div><\/div><\/div><\/div><div class=\"vc_row wpb_row vc_row-fluid\"><div class=\"wpb_column vc_column_container vc_col-sm-12\"><div class=\"vc_column-inner\"><div class=\"wpb_wrapper\"><div class=\"vc_separator wpb_content_element vc_separator_align_center vc_sep_width_100 vc_sep_pos_align_center vc_separator_no_text vc_sep_color_grey vc_custom_1631871950970\" ><span class=\"vc_sep_holder vc_sep_holder_l\"><span class=\"vc_sep_line\"><\/span><\/span><span class=\"vc_sep_holder vc_sep_holder_r\"><span class=\"vc_sep_line\"><\/span><\/span>\n<\/div><\/div><\/div><\/div><\/div><div class=\"vc_row wpb_row vc_row-fluid\"><div class=\"wpb_column vc_column_container vc_col-sm-6\"><div class=\"vc_column-inner\"><div class=\"wpb_wrapper\">\n\t<div class=\"wpb_text_column wpb_content_element\" >\n\t\t<div class=\"wpb_wrapper\">\n\t\t\t<p style=\"text-align: left\">A monitor arm to be able to carry 1 display screen with a total maximum load of 8 kg. The monitor arm works well for screens that are 14-32 inches, which is usually the most common size range for a regular office. A reasonably modern screen that is 32 \u2033 weighs just under 4kg. The arm can be moved back and forth with an arm length of about 50 cm. The display holder can also be adjusted in height with an interval of about 32 cm. You easily attach the arm to the desk top, it works for most boards with a thickness of 12-48 mm.<\/p>\n<p><span style=\"font-size: 18pt\">Specifications<br \/>\n<\/span>Vesa 75\/100 bracket<br \/>\nRecommended monitor \/ screen size 14 \u2033 - 32 \u2033<br \/>\nMax. load: 8 kg<br \/>\nArm length: approx. 500mm<br \/>\nHeight adjustment range approx. 320mm<br \/>\nClamping bracket for table top with thickness 12-48mm<\/p>\n\n\t\t<\/div>\n\t<\/div>\n<\/div><\/div><\/div><div class=\"wpb_column vc_column_container vc_col-sm-6\"><div class=\"vc_column-inner\"><div class=\"wpb_wrapper\">\n\t<div class=\"wpb_text_column wpb_content_element\" >\n\t\t<div class=\"wpb_wrapper\">\n\t\t\t<p><span style=\"font-size: 18pt\">Areas of use<br \/>\n<\/span>Our display holders are suitable for open office landscapes to save on the size of the table. Of course, it is also suitable for other offices and for the home for gamers who want to increase control!<\/p>\n<p><span style=\"font-size: 18pt\">Ergonomics<br \/>\n<\/span>Choosing a display holder for your computer screen instead of just placing the screen on the table makes the screen position higher, which in turn creates a more natural position for the user. The screen holder helps you create a more ergonomic workplace, whether in the office or at home.<\/p>\n\n\t\t<\/div>\n\t<\/div>\n<\/div><\/div><\/div><\/div>\n<\/div>","protected":false},"excerpt":{"rendered":"<p>A white monitor arm that can carry 1 display screen. The monitor arm fits a screen that is 14-32 inches.<\/p>","protected":false},"featured_media":100190,"template":"","meta":{"iawp_total_views":8},"product_brand":[],"product_cat":[5629,5798,5870],"product_tag":[5795,5793,5794],"class_list":{"0":"post-60777","1":"product","2":"type-product","3":"status-publish","4":"has-post-thumbnail","6":"product_cat-kontorsmobler","7":"product_cat-kontorsprodukter","8":"product_cat-monitorarmar","9":"product_tag-skarmhallare","10":"product_tag-ergonomi","11":"product_tag-displayhallare-1-skarm","13":"first","14":"instock","15":"taxable","16":"shipping-taxable","17":"purchasable","18":"product-type-simple"},"yoast_head":"<!-- This site is optimized with the Yoast SEO plugin v27.0 - https:\/\/yoast.com\/product\/yoast-seo-wordpress\/ -->\n<title>Monitorarm 1 sk\u00e4rm - vit - Bjerring-Sales<\/title>\n<meta name=\"description\" content=\"En vit monitorarm som kan b\u00e4ra 1 displaysk\u00e4rm. Monitorarmen passar till sk\u00e4rm som \u00e4r 14-32 tum.\" \/>\n<meta name=\"robots\" content=\"index, follow, max-snippet:-1, max-image-preview:large, max-video-preview:-1\" \/>\n<link rel=\"canonical\" href=\"https:\/\/shop.bjerring-sales.dk\/en\/product\/monitorarm-1-skarm-vit\/\" \/>\n<meta property=\"og:locale\" content=\"en_GB\" \/>\n<meta property=\"og:type\" content=\"article\" \/>\n<meta property=\"og:title\" content=\"Monitorarm 1 sk\u00e4rm - vit - Bjerring-Sales\" \/>\n<meta property=\"og:description\" content=\"En vit monitorarm som kan b\u00e4ra 1 displaysk\u00e4rm. Monitorarmen passar till sk\u00e4rm som \u00e4r 14-32 tum.\" \/>\n<meta property=\"og:url\" content=\"https:\/\/shop.bjerring-sales.dk\/en\/product\/monitorarm-1-skarm-vit\/\" \/>\n<meta property=\"og:site_name\" content=\"Bjerring-Sales\" \/>\n<meta property=\"article:modified_time\" content=\"2026-03-31T07:51:40+00:00\" \/>\n<meta property=\"og:image\" content=\"https:\/\/shop.bjerring-sales.dk\/wp-content\/uploads\/2024\/10\/vit-singel-monitorarm.jpg\" \/>\n\t<meta property=\"og:image:width\" content=\"800\" \/>\n\t<meta property=\"og:image:height\" content=\"800\" \/>\n\t<meta property=\"og:image:type\" content=\"image\/jpeg\" \/>\n<meta name=\"twitter:card\" content=\"summary_large_image\" \/>\n<meta name=\"twitter:label1\" content=\"Estimated reading time\" \/>\n\t<meta name=\"twitter:data1\" content=\"2 minutes\" \/>\n<script type=\"application\/ld+json\" class=\"yoast-schema-graph\">{\"@context\":\"https:\/\/schema.org\",\"@graph\":[{\"@type\":\"WebPage\",\"@id\":\"https:\/\/shop.bjerring-sales.dk\/sv\/produkt\/monitorarm-1-skarm-vit\/\",\"url\":\"https:\/\/shop.bjerring-sales.dk\/sv\/produkt\/monitorarm-1-skarm-vit\/\",\"name\":\"Monitorarm 1 sk\u00e4rm - vit - Bjerring-Sales\",\"isPartOf\":{\"@id\":\"https:\/\/shop.bjerring-sales.dk\/#website\"},\"primaryImageOfPage\":{\"@id\":\"https:\/\/shop.bjerring-sales.dk\/sv\/produkt\/monitorarm-1-skarm-vit\/#primaryimage\"},\"image\":{\"@id\":\"https:\/\/shop.bjerring-sales.dk\/sv\/produkt\/monitorarm-1-skarm-vit\/#primaryimage\"},\"thumbnailUrl\":\"https:\/\/shop.bjerring-sales.dk\/wp-content\/uploads\/2024\/10\/vit-singel-monitorarm.jpg\",\"datePublished\":\"2020-10-27T13:27:08+00:00\",\"dateModified\":\"2026-03-31T07:51:40+00:00\",\"description\":\"En vit monitorarm som kan b\u00e4ra 1 displaysk\u00e4rm. Monitorarmen passar till sk\u00e4rm som \u00e4r 14-32 tum.\",\"breadcrumb\":{\"@id\":\"https:\/\/shop.bjerring-sales.dk\/sv\/produkt\/monitorarm-1-skarm-vit\/#breadcrumb\"},\"inLanguage\":\"en-GB\",\"potentialAction\":[{\"@type\":\"ReadAction\",\"target\":[\"https:\/\/shop.bjerring-sales.dk\/sv\/produkt\/monitorarm-1-skarm-vit\/\"]}]},{\"@type\":\"ImageObject\",\"inLanguage\":\"en-GB\",\"@id\":\"https:\/\/shop.bjerring-sales.dk\/sv\/produkt\/monitorarm-1-skarm-vit\/#primaryimage\",\"url\":\"https:\/\/shop.bjerring-sales.dk\/wp-content\/uploads\/2024\/10\/vit-singel-monitorarm.jpg\",\"contentUrl\":\"https:\/\/shop.bjerring-sales.dk\/wp-content\/uploads\/2024\/10\/vit-singel-monitorarm.jpg\",\"width\":800,\"height\":800},{\"@type\":\"BreadcrumbList\",\"@id\":\"https:\/\/shop.bjerring-sales.dk\/sv\/produkt\/monitorarm-1-skarm-vit\/#breadcrumb\",\"itemListElement\":[{\"@type\":\"ListItem\",\"position\":1,\"name\":\"Hem\",\"item\":\"https:\/\/shop.bjerring-sales.dk\/\"},{\"@type\":\"ListItem\",\"position\":2,\"name\":\"Webbutik\",\"item\":\"https:\/\/shop.bjerring-sales.dk\/butik\/\"},{\"@type\":\"ListItem\",\"position\":3,\"name\":\"Monitorarm 1 sk\u00e4rm &#8211; vit\"}]},{\"@type\":\"WebSite\",\"@id\":\"https:\/\/shop.bjerring-sales.dk\/#website\",\"url\":\"https:\/\/shop.bjerring-sales.dk\/\",\"name\":\"Bjerring-Sales\",\"description\":\"M\u00f6bler f\u00f6r teatrar, skolor, kontor och k\u00f6pcentrum\",\"publisher\":{\"@id\":\"https:\/\/shop.bjerring-sales.dk\/#organization\"},\"potentialAction\":[{\"@type\":\"SearchAction\",\"target\":{\"@type\":\"EntryPoint\",\"urlTemplate\":\"https:\/\/shop.bjerring-sales.dk\/?s={search_term_string}\"},\"query-input\":{\"@type\":\"PropertyValueSpecification\",\"valueRequired\":true,\"valueName\":\"search_term_string\"}}],\"inLanguage\":\"en-GB\"},{\"@type\":\"Organization\",\"@id\":\"https:\/\/shop.bjerring-sales.dk\/#organization\",\"name\":\"Bjerring-Sales\",\"url\":\"https:\/\/shop.bjerring-sales.dk\/\",\"logo\":{\"@type\":\"ImageObject\",\"inLanguage\":\"en-GB\",\"@id\":\"https:\/\/shop.bjerring-sales.dk\/#\/schema\/logo\/image\/\",\"url\":\"https:\/\/shop.bjerring-sales.dk\/wp-content\/uploads\/2023\/01\/logo_sv.png\",\"contentUrl\":\"https:\/\/shop.bjerring-sales.dk\/wp-content\/uploads\/2023\/01\/logo_sv.png\",\"width\":195,\"height\":68,\"caption\":\"Bjerring-Sales\"},\"image\":{\"@id\":\"https:\/\/shop.bjerring-sales.dk\/#\/schema\/logo\/image\/\"}}]}<\/script>\n<!-- \/ Yoast SEO plugin. -->","yoast_head_json":{"title":"Monitorarm 1 sk\u00e4rm - vit - Bjerring-Sales","description":"A white monitor arm that can carry 1 display screen. The monitor arm fits a screen that is 14-32 inches.","robots":{"index":"index","follow":"follow","max-snippet":"max-snippet:-1","max-image-preview":"max-image-preview:large","max-video-preview":"max-video-preview:-1"},"canonical":"https:\/\/shop.bjerring-sales.dk\/en\/product\/monitorarm-1-skarm-vit\/","og_locale":"en_GB","og_type":"article","og_title":"Monitorarm 1 sk\u00e4rm - vit - Bjerring-Sales","og_description":"En vit monitorarm som kan b\u00e4ra 1 displaysk\u00e4rm. Monitorarmen passar till sk\u00e4rm som \u00e4r 14-32 tum.","og_url":"https:\/\/shop.bjerring-sales.dk\/en\/product\/monitorarm-1-skarm-vit\/","og_site_name":"Bjerring-Sales","article_modified_time":"2026-03-31T07:51:40+00:00","og_image":[{"width":800,"height":800,"url":"https:\/\/shop.bjerring-sales.dk\/wp-content\/uploads\/2024\/10\/vit-singel-monitorarm.jpg","type":"image\/jpeg"}],"twitter_card":"summary_large_image","twitter_misc":{"Estimated reading time":"2 minutes"},"schema":{"@context":"https:\/\/schema.org","@graph":[{"@type":"WebPage","@id":"https:\/\/shop.bjerring-sales.dk\/sv\/produkt\/monitorarm-1-skarm-vit\/","url":"https:\/\/shop.bjerring-sales.dk\/sv\/produkt\/monitorarm-1-skarm-vit\/","name":"Monitorarm 1 sk\u00e4rm - vit - Bjerring-Sales","isPartOf":{"@id":"https:\/\/shop.bjerring-sales.dk\/#website"},"primaryImageOfPage":{"@id":"https:\/\/shop.bjerring-sales.dk\/sv\/produkt\/monitorarm-1-skarm-vit\/#primaryimage"},"image":{"@id":"https:\/\/shop.bjerring-sales.dk\/sv\/produkt\/monitorarm-1-skarm-vit\/#primaryimage"},"thumbnailUrl":"https:\/\/shop.bjerring-sales.dk\/wp-content\/uploads\/2024\/10\/vit-singel-monitorarm.jpg","datePublished":"2020-10-27T13:27:08+00:00","dateModified":"2026-03-31T07:51:40+00:00","description":"A white monitor arm that can carry 1 display screen. The monitor arm fits a screen that is 14-32 inches.","breadcrumb":{"@id":"https:\/\/shop.bjerring-sales.dk\/sv\/produkt\/monitorarm-1-skarm-vit\/#breadcrumb"},"inLanguage":"en-GB","potentialAction":[{"@type":"ReadAction","target":["https:\/\/shop.bjerring-sales.dk\/sv\/produkt\/monitorarm-1-skarm-vit\/"]}]},{"@type":"ImageObject","inLanguage":"en-GB","@id":"https:\/\/shop.bjerring-sales.dk\/sv\/produkt\/monitorarm-1-skarm-vit\/#primaryimage","url":"https:\/\/shop.bjerring-sales.dk\/wp-content\/uploads\/2024\/10\/vit-singel-monitorarm.jpg","contentUrl":"https:\/\/shop.bjerring-sales.dk\/wp-content\/uploads\/2024\/10\/vit-singel-monitorarm.jpg","width":800,"height":800},{"@type":"BreadcrumbList","@id":"https:\/\/shop.bjerring-sales.dk\/sv\/produkt\/monitorarm-1-skarm-vit\/#breadcrumb","itemListElement":[{"@type":"ListItem","position":1,"name":"Hem","item":"https:\/\/shop.bjerring-sales.dk\/"},{"@type":"ListItem","position":2,"name":"Webbutik","item":"https:\/\/shop.bjerring-sales.dk\/butik\/"},{"@type":"ListItem","position":3,"name":"Monitorarm 1 sk\u00e4rm &#8211; vit"}]},{"@type":"WebSite","@id":"https:\/\/shop.bjerring-sales.dk\/#website","url":"https:\/\/shop.bjerring-sales.dk\/","name":"Bjerring Sales","description":"Furniture for theatres, schools, offices and shopping centres","publisher":{"@id":"https:\/\/shop.bjerring-sales.dk\/#organization"},"potentialAction":[{"@type":"SearchAction","target":{"@type":"EntryPoint","urlTemplate":"https:\/\/shop.bjerring-sales.dk\/?s={search_term_string}"},"query-input":{"@type":"PropertyValueSpecification","valueRequired":true,"valueName":"search_term_string"}}],"inLanguage":"en-GB"},{"@type":"Organization","@id":"https:\/\/shop.bjerring-sales.dk\/#organization","name":"Bjerring Sales","url":"https:\/\/shop.bjerring-sales.dk\/","logo":{"@type":"ImageObject","inLanguage":"en-GB","@id":"https:\/\/shop.bjerring-sales.dk\/#\/schema\/logo\/image\/","url":"https:\/\/shop.bjerring-sales.dk\/wp-content\/uploads\/2023\/01\/logo_sv.png","contentUrl":"https:\/\/shop.bjerring-sales.dk\/wp-content\/uploads\/2023\/01\/logo_sv.png","width":195,"height":68,"caption":"Bjerring-Sales"},"image":{"@id":"https:\/\/shop.bjerring-sales.dk\/#\/schema\/logo\/image\/"}}]}},"_links":{"self":[{"href":"https:\/\/shop.bjerring-sales.dk\/en\/wp-json\/wp\/v2\/product\/60777","targetHints":{"allow":["GET"]}}],"collection":[{"href":"https:\/\/shop.bjerring-sales.dk\/en\/wp-json\/wp\/v2\/product"}],"about":[{"href":"https:\/\/shop.bjerring-sales.dk\/en\/wp-json\/wp\/v2\/types\/product"}],"wp:featuredmedia":[{"embeddable":true,"href":"https:\/\/shop.bjerring-sales.dk\/en\/wp-json\/wp\/v2\/media\/100190"}],"wp:attachment":[{"href":"https:\/\/shop.bjerring-sales.dk\/en\/wp-json\/wp\/v2\/media?parent=60777"}],"wp:term":[{"taxonomy":"product_brand","embeddable":true,"href":"https:\/\/shop.bjerring-sales.dk\/en\/wp-json\/wp\/v2\/product_brand?post=60777"},{"taxonomy":"product_cat","embeddable":true,"href":"https:\/\/shop.bjerring-sales.dk\/en\/wp-json\/wp\/v2\/product_cat?post=60777"},{"taxonomy":"product_tag","embeddable":true,"href":"https:\/\/shop.bjerring-sales.dk\/en\/wp-json\/wp\/v2\/product_tag?post=60777"}],"curies":[{"name":"wp","href":"https:\/\/api.w.org\/{rel}","templated":true}]}}