{"id":60775,"date":"2020-10-28T09:26:14","date_gmt":"2020-10-28T08:26:14","guid":{"rendered":"https:\/\/pule.se\/produkt\/monitorarm-2-skarmar-vit\/"},"modified":"2026-02-09T13:29:00","modified_gmt":"2026-02-09T12:29:00","slug":"monitorarm-2-skarmar-vit","status":"publish","type":"product","link":"https:\/\/shop.bjerring-sales.dk\/en\/product\/monitorarm-2-skarmar-vit\/","title":{"rendered":"Monitor arm 2 screens - white"},"content":{"rendered":"<div class=\"wpb-content-wrapper\"><div class=\"vc_row wpb_row vc_row-fluid\"><div class=\"wpb_column vc_column_container vc_col-sm-12\"><div class=\"vc_column-inner\"><div class=\"wpb_wrapper\">\n\t<div class=\"wpb_text_column wpb_content_element vc_custom_1631871908999\" >\n\t\t<div class=\"wpb_wrapper\">\n\t\t\t<p style=\"text-align: left\"><span style=\"font-size: 24pt\">White monitor arm for 2 screens - Create a stylish workplace!<\/span><\/p>\n\n\t\t<\/div>\n\t<\/div>\n<\/div><\/div><\/div><\/div><div class=\"vc_row wpb_row vc_row-fluid\"><div class=\"wpb_column vc_column_container vc_col-sm-12\"><div class=\"vc_column-inner\"><div class=\"wpb_wrapper\"><div class=\"vc_separator wpb_content_element vc_separator_align_center vc_sep_width_100 vc_sep_pos_align_center vc_separator_no_text vc_sep_color_grey vc_custom_1631871914963\" ><span class=\"vc_sep_holder vc_sep_holder_l\"><span class=\"vc_sep_line\"><\/span><\/span><span class=\"vc_sep_holder vc_sep_holder_r\"><span class=\"vc_sep_line\"><\/span><\/span>\n<\/div><\/div><\/div><\/div><\/div><div class=\"vc_row wpb_row vc_row-fluid\"><div class=\"wpb_column vc_column_container vc_col-sm-6\"><div class=\"vc_column-inner\"><div class=\"wpb_wrapper\">\n\t<div class=\"wpb_text_column wpb_content_element\" >\n\t\t<div class=\"wpb_wrapper\">\n\t\t\t<p style=\"text-align: left\">Our monitor arm has 2 interconnected arms to be able to carry 2 display screens with a total maximum load of 16 kg. The monitor arms work well for screens that are 14-32 inches, which is usually the most common size range for a regular office. A reasonably modern screen that is 32 \u2033 weighs just under 4kg. The arms can be moved back and forth with an arm length of about 50 cm. The display holders can also be adjusted in height with an interval of about 32 cm. You easily attach the arm to the desk top, it works for most boards with a thickness of 12-48 mm.<\/p>\n<p><span style=\"font-size: 18pt\">Specifications<br \/>\n<\/span>Vesa 75\/100 bracket<br \/>\nRecommended monitor \/ screen size 14 \u2033 - 32 \u2033<br \/>\nMax. load: 8 kg \/ holder (16 kg)<br \/>\nArm length: approx. 500mm<br \/>\nHeight adjustment range approx. 320mm<br \/>\nClamping bracket for table top with thickness 12-48mm<\/p>\n\n\t\t<\/div>\n\t<\/div>\n<\/div><\/div><\/div><div class=\"wpb_column vc_column_container vc_col-sm-6\"><div class=\"vc_column-inner\"><div class=\"wpb_wrapper\">\n\t<div class=\"wpb_text_column wpb_content_element\" >\n\t\t<div class=\"wpb_wrapper\">\n\t\t\t<p><span style=\"font-size: 18pt\">Areas of use<br \/>\n<\/span>Our display holders are suitable for open office landscapes to save on the size of the table. Of course, it is also suitable for other offices and for the home for gamers who want to increase control!<\/p>\n<p><span style=\"font-size: 18pt\">Ergonomics<br \/>\n<\/span>Choosing a display holder for computer screens instead of just placing the screens on the table makes the screen position higher, which in turn creates a more natural position for the user. The screen holders help you create a more ergonomic workplace, whether in the office or at home.<\/p>\n\n\t\t<\/div>\n\t<\/div>\n<\/div><\/div><\/div><\/div>\n<\/div>","protected":false},"excerpt":{"rendered":"<p>White monitor arm to be able to carry 2 display screens with a total max. load of 8 kg. The monitor arms work well for screens that are 14-32 inches<\/p>","protected":false},"featured_media":100189,"template":"","meta":{"iawp_total_views":4},"product_brand":[],"product_cat":[5629,5798,5870],"product_tag":[5793,5871,5872],"class_list":{"0":"post-60775","1":"product","2":"type-product","3":"status-publish","4":"has-post-thumbnail","6":"product_cat-kontorsmobler","7":"product_cat-kontorsprodukter","8":"product_cat-monitorarmar","9":"product_tag-ergonomi","10":"product_tag-skarmhallare-dubbel","11":"product_tag-displayhallare-2-skarmar","13":"first","14":"instock","15":"taxable","16":"shipping-taxable","17":"purchasable","18":"product-type-simple"},"yoast_head":"<!-- This site is optimized with the Yoast SEO plugin v27.0 - https:\/\/yoast.com\/product\/yoast-seo-wordpress\/ -->\n<title>Monitorarm 2 sk\u00e4rmar - vit - Bjerring-Sales<\/title>\n<meta name=\"description\" content=\"Vit monitorarm f\u00f6r att kunna b\u00e4ra 2 displaysk\u00e4rmar med en total max. belastning p\u00e5 8 kg. Monitorarmarna fungerar bra till sk\u00e4rmar som \u00e4r 14-32 tum\" \/>\n<meta name=\"robots\" content=\"index, follow, max-snippet:-1, max-image-preview:large, max-video-preview:-1\" \/>\n<link rel=\"canonical\" href=\"https:\/\/shop.bjerring-sales.dk\/en\/product\/monitorarm-2-skarmar-vit\/\" \/>\n<meta property=\"og:locale\" content=\"en_GB\" \/>\n<meta property=\"og:type\" content=\"article\" \/>\n<meta property=\"og:title\" content=\"Monitorarm 2 sk\u00e4rmar - vit - Bjerring-Sales\" \/>\n<meta property=\"og:description\" content=\"Vit monitorarm f\u00f6r att kunna b\u00e4ra 2 displaysk\u00e4rmar med en total max. belastning p\u00e5 8 kg. Monitorarmarna fungerar bra till sk\u00e4rmar som \u00e4r 14-32 tum\" \/>\n<meta property=\"og:url\" content=\"https:\/\/shop.bjerring-sales.dk\/en\/product\/monitorarm-2-skarmar-vit\/\" \/>\n<meta property=\"og:site_name\" content=\"Bjerring-Sales\" \/>\n<meta property=\"article:modified_time\" content=\"2026-02-09T12:29:00+00:00\" \/>\n<meta property=\"og:image\" content=\"https:\/\/shop.bjerring-sales.dk\/wp-content\/uploads\/2024\/10\/vita-monitorarmar-dubbel.jpg\" \/>\n\t<meta property=\"og:image:width\" content=\"800\" \/>\n\t<meta property=\"og:image:height\" content=\"800\" \/>\n\t<meta property=\"og:image:type\" content=\"image\/jpeg\" \/>\n<meta name=\"twitter:card\" content=\"summary_large_image\" \/>\n<meta name=\"twitter:label1\" content=\"Estimated reading time\" \/>\n\t<meta name=\"twitter:data1\" content=\"2 minutes\" \/>\n<script type=\"application\/ld+json\" class=\"yoast-schema-graph\">{\"@context\":\"https:\/\/schema.org\",\"@graph\":[{\"@type\":\"WebPage\",\"@id\":\"https:\/\/shop.bjerring-sales.dk\/sv\/produkt\/monitorarm-2-skarmar-vit\/\",\"url\":\"https:\/\/shop.bjerring-sales.dk\/sv\/produkt\/monitorarm-2-skarmar-vit\/\",\"name\":\"Monitorarm 2 sk\u00e4rmar - vit - Bjerring-Sales\",\"isPartOf\":{\"@id\":\"https:\/\/shop.bjerring-sales.dk\/#website\"},\"primaryImageOfPage\":{\"@id\":\"https:\/\/shop.bjerring-sales.dk\/sv\/produkt\/monitorarm-2-skarmar-vit\/#primaryimage\"},\"image\":{\"@id\":\"https:\/\/shop.bjerring-sales.dk\/sv\/produkt\/monitorarm-2-skarmar-vit\/#primaryimage\"},\"thumbnailUrl\":\"https:\/\/shop.bjerring-sales.dk\/wp-content\/uploads\/2024\/10\/vita-monitorarmar-dubbel.jpg\",\"datePublished\":\"2020-10-28T08:26:14+00:00\",\"dateModified\":\"2026-02-09T12:29:00+00:00\",\"description\":\"Vit monitorarm f\u00f6r att kunna b\u00e4ra 2 displaysk\u00e4rmar med en total max. belastning p\u00e5 8 kg. Monitorarmarna fungerar bra till sk\u00e4rmar som \u00e4r 14-32 tum\",\"breadcrumb\":{\"@id\":\"https:\/\/shop.bjerring-sales.dk\/sv\/produkt\/monitorarm-2-skarmar-vit\/#breadcrumb\"},\"inLanguage\":\"en-GB\",\"potentialAction\":[{\"@type\":\"ReadAction\",\"target\":[\"https:\/\/shop.bjerring-sales.dk\/sv\/produkt\/monitorarm-2-skarmar-vit\/\"]}]},{\"@type\":\"ImageObject\",\"inLanguage\":\"en-GB\",\"@id\":\"https:\/\/shop.bjerring-sales.dk\/sv\/produkt\/monitorarm-2-skarmar-vit\/#primaryimage\",\"url\":\"https:\/\/shop.bjerring-sales.dk\/wp-content\/uploads\/2024\/10\/vita-monitorarmar-dubbel.jpg\",\"contentUrl\":\"https:\/\/shop.bjerring-sales.dk\/wp-content\/uploads\/2024\/10\/vita-monitorarmar-dubbel.jpg\",\"width\":800,\"height\":800},{\"@type\":\"BreadcrumbList\",\"@id\":\"https:\/\/shop.bjerring-sales.dk\/sv\/produkt\/monitorarm-2-skarmar-vit\/#breadcrumb\",\"itemListElement\":[{\"@type\":\"ListItem\",\"position\":1,\"name\":\"Hem\",\"item\":\"https:\/\/shop.bjerring-sales.dk\/\"},{\"@type\":\"ListItem\",\"position\":2,\"name\":\"Webbutik\",\"item\":\"https:\/\/shop.bjerring-sales.dk\/butik\/\"},{\"@type\":\"ListItem\",\"position\":3,\"name\":\"Monitorarm 2 sk\u00e4rmar &#8211; vit\"}]},{\"@type\":\"WebSite\",\"@id\":\"https:\/\/shop.bjerring-sales.dk\/#website\",\"url\":\"https:\/\/shop.bjerring-sales.dk\/\",\"name\":\"Bjerring-Sales\",\"description\":\"M\u00f6bler f\u00f6r teatrar, skolor, kontor och k\u00f6pcentrum\",\"publisher\":{\"@id\":\"https:\/\/shop.bjerring-sales.dk\/#organization\"},\"potentialAction\":[{\"@type\":\"SearchAction\",\"target\":{\"@type\":\"EntryPoint\",\"urlTemplate\":\"https:\/\/shop.bjerring-sales.dk\/?s={search_term_string}\"},\"query-input\":{\"@type\":\"PropertyValueSpecification\",\"valueRequired\":true,\"valueName\":\"search_term_string\"}}],\"inLanguage\":\"en-GB\"},{\"@type\":\"Organization\",\"@id\":\"https:\/\/shop.bjerring-sales.dk\/#organization\",\"name\":\"Bjerring-Sales\",\"url\":\"https:\/\/shop.bjerring-sales.dk\/\",\"logo\":{\"@type\":\"ImageObject\",\"inLanguage\":\"en-GB\",\"@id\":\"https:\/\/shop.bjerring-sales.dk\/#\/schema\/logo\/image\/\",\"url\":\"https:\/\/shop.bjerring-sales.dk\/wp-content\/uploads\/2023\/01\/logo_sv.png\",\"contentUrl\":\"https:\/\/shop.bjerring-sales.dk\/wp-content\/uploads\/2023\/01\/logo_sv.png\",\"width\":195,\"height\":68,\"caption\":\"Bjerring-Sales\"},\"image\":{\"@id\":\"https:\/\/shop.bjerring-sales.dk\/#\/schema\/logo\/image\/\"}}]}<\/script>\n<!-- \/ Yoast SEO plugin. -->","yoast_head_json":{"title":"Monitorarm 2 sk\u00e4rmar - vit - Bjerring-Sales","description":"White monitor arm to be able to carry 2 display screens with a total max. load of 8 kg. The monitor arms work well for screens that are 14-32 inches","robots":{"index":"index","follow":"follow","max-snippet":"max-snippet:-1","max-image-preview":"max-image-preview:large","max-video-preview":"max-video-preview:-1"},"canonical":"https:\/\/shop.bjerring-sales.dk\/en\/product\/monitorarm-2-skarmar-vit\/","og_locale":"en_GB","og_type":"article","og_title":"Monitorarm 2 sk\u00e4rmar - vit - Bjerring-Sales","og_description":"Vit monitorarm f\u00f6r att kunna b\u00e4ra 2 displaysk\u00e4rmar med en total max. belastning p\u00e5 8 kg. Monitorarmarna fungerar bra till sk\u00e4rmar som \u00e4r 14-32 tum","og_url":"https:\/\/shop.bjerring-sales.dk\/en\/product\/monitorarm-2-skarmar-vit\/","og_site_name":"Bjerring-Sales","article_modified_time":"2026-02-09T12:29:00+00:00","og_image":[{"width":800,"height":800,"url":"https:\/\/shop.bjerring-sales.dk\/wp-content\/uploads\/2024\/10\/vita-monitorarmar-dubbel.jpg","type":"image\/jpeg"}],"twitter_card":"summary_large_image","twitter_misc":{"Estimated reading time":"2 minutes"},"schema":{"@context":"https:\/\/schema.org","@graph":[{"@type":"WebPage","@id":"https:\/\/shop.bjerring-sales.dk\/sv\/produkt\/monitorarm-2-skarmar-vit\/","url":"https:\/\/shop.bjerring-sales.dk\/sv\/produkt\/monitorarm-2-skarmar-vit\/","name":"Monitorarm 2 sk\u00e4rmar - vit - Bjerring-Sales","isPartOf":{"@id":"https:\/\/shop.bjerring-sales.dk\/#website"},"primaryImageOfPage":{"@id":"https:\/\/shop.bjerring-sales.dk\/sv\/produkt\/monitorarm-2-skarmar-vit\/#primaryimage"},"image":{"@id":"https:\/\/shop.bjerring-sales.dk\/sv\/produkt\/monitorarm-2-skarmar-vit\/#primaryimage"},"thumbnailUrl":"https:\/\/shop.bjerring-sales.dk\/wp-content\/uploads\/2024\/10\/vita-monitorarmar-dubbel.jpg","datePublished":"2020-10-28T08:26:14+00:00","dateModified":"2026-02-09T12:29:00+00:00","description":"White monitor arm to be able to carry 2 display screens with a total max. load of 8 kg. The monitor arms work well for screens that are 14-32 inches","breadcrumb":{"@id":"https:\/\/shop.bjerring-sales.dk\/sv\/produkt\/monitorarm-2-skarmar-vit\/#breadcrumb"},"inLanguage":"en-GB","potentialAction":[{"@type":"ReadAction","target":["https:\/\/shop.bjerring-sales.dk\/sv\/produkt\/monitorarm-2-skarmar-vit\/"]}]},{"@type":"ImageObject","inLanguage":"en-GB","@id":"https:\/\/shop.bjerring-sales.dk\/sv\/produkt\/monitorarm-2-skarmar-vit\/#primaryimage","url":"https:\/\/shop.bjerring-sales.dk\/wp-content\/uploads\/2024\/10\/vita-monitorarmar-dubbel.jpg","contentUrl":"https:\/\/shop.bjerring-sales.dk\/wp-content\/uploads\/2024\/10\/vita-monitorarmar-dubbel.jpg","width":800,"height":800},{"@type":"BreadcrumbList","@id":"https:\/\/shop.bjerring-sales.dk\/sv\/produkt\/monitorarm-2-skarmar-vit\/#breadcrumb","itemListElement":[{"@type":"ListItem","position":1,"name":"Hem","item":"https:\/\/shop.bjerring-sales.dk\/"},{"@type":"ListItem","position":2,"name":"Webbutik","item":"https:\/\/shop.bjerring-sales.dk\/butik\/"},{"@type":"ListItem","position":3,"name":"Monitorarm 2 sk\u00e4rmar &#8211; vit"}]},{"@type":"WebSite","@id":"https:\/\/shop.bjerring-sales.dk\/#website","url":"https:\/\/shop.bjerring-sales.dk\/","name":"Bjerring Sales","description":"Furniture for theatres, schools, offices and shopping centres","publisher":{"@id":"https:\/\/shop.bjerring-sales.dk\/#organization"},"potentialAction":[{"@type":"SearchAction","target":{"@type":"EntryPoint","urlTemplate":"https:\/\/shop.bjerring-sales.dk\/?s={search_term_string}"},"query-input":{"@type":"PropertyValueSpecification","valueRequired":true,"valueName":"search_term_string"}}],"inLanguage":"en-GB"},{"@type":"Organization","@id":"https:\/\/shop.bjerring-sales.dk\/#organization","name":"Bjerring Sales","url":"https:\/\/shop.bjerring-sales.dk\/","logo":{"@type":"ImageObject","inLanguage":"en-GB","@id":"https:\/\/shop.bjerring-sales.dk\/#\/schema\/logo\/image\/","url":"https:\/\/shop.bjerring-sales.dk\/wp-content\/uploads\/2023\/01\/logo_sv.png","contentUrl":"https:\/\/shop.bjerring-sales.dk\/wp-content\/uploads\/2023\/01\/logo_sv.png","width":195,"height":68,"caption":"Bjerring-Sales"},"image":{"@id":"https:\/\/shop.bjerring-sales.dk\/#\/schema\/logo\/image\/"}}]}},"_links":{"self":[{"href":"https:\/\/shop.bjerring-sales.dk\/en\/wp-json\/wp\/v2\/product\/60775","targetHints":{"allow":["GET"]}}],"collection":[{"href":"https:\/\/shop.bjerring-sales.dk\/en\/wp-json\/wp\/v2\/product"}],"about":[{"href":"https:\/\/shop.bjerring-sales.dk\/en\/wp-json\/wp\/v2\/types\/product"}],"wp:featuredmedia":[{"embeddable":true,"href":"https:\/\/shop.bjerring-sales.dk\/en\/wp-json\/wp\/v2\/media\/100189"}],"wp:attachment":[{"href":"https:\/\/shop.bjerring-sales.dk\/en\/wp-json\/wp\/v2\/media?parent=60775"}],"wp:term":[{"taxonomy":"product_brand","embeddable":true,"href":"https:\/\/shop.bjerring-sales.dk\/en\/wp-json\/wp\/v2\/product_brand?post=60775"},{"taxonomy":"product_cat","embeddable":true,"href":"https:\/\/shop.bjerring-sales.dk\/en\/wp-json\/wp\/v2\/product_cat?post=60775"},{"taxonomy":"product_tag","embeddable":true,"href":"https:\/\/shop.bjerring-sales.dk\/en\/wp-json\/wp\/v2\/product_tag?post=60775"}],"curies":[{"name":"wp","href":"https:\/\/api.w.org\/{rel}","templated":true}]}}