{"id":60739,"date":"2018-04-05T01:55:22","date_gmt":"2018-04-04T23:55:22","guid":{"rendered":"https:\/\/pule.se\/produkt\/vaggkassett-plastskal\/"},"modified":"2026-04-01T09:39:34","modified_gmt":"2026-04-01T07:39:34","slug":"vaggkassett-plastskal","status":"publish","type":"product","link":"https:\/\/shop.bjerring-sales.dk\/en\/product\/vaggkassett-plastskal\/","title":{"rendered":"Plastic wall cassette with tape"},"content":{"rendered":"<p><span style=\"font-size: 24pt\">Plastic wall cassette with retractable strap for closure<br \/>\n<\/span>Suitable for warehouses, shops, restaurants and other events where there are recurring roadblocks. We also have wall cassettes with magnetic brackets for quick sealing. These are particularly suitable when you need to cordon off areas in warehouses or other situations where fencing is required. Blocking with wall cassettes has also become popular in stores for blocking off, for example. checkouts and between store and warehouse.<\/p>\n<p>It is also possible to attach a wall cassette to one end and a personal barrier\/queue post to the other end to attach the band to.<\/p>\n<ul>\n<li>Wall cassettes are available with black or red plastic shells<\/li>\n<li>Ribbons are available in the colors red \/ white, red, black &amp; yellow \/ black<\/li>\n<li>Length 5 m<\/li>\n<\/ul>","protected":false},"excerpt":{"rendered":"<p><span style=\"color: #ff0000\">The wall cassettes with magnetic mounts have been discontinued due to a new export policy from the manufacturing country regarding rare earth metals. Other wall cassettes are not affected. <\/span>Stylish and practical wall cassette with retractable strap for permanent personal barrier. Convenient for restaurants, taverns and other events where there are recurring roadblocks.<\/p>","protected":false},"featured_media":97981,"template":"","meta":{"iawp_total_views":8},"product_brand":[],"product_cat":[6354,5869,5817],"product_tag":[6098,6144],"class_list":{"0":"post-60739","1":"product","2":"type-product","3":"status-publish","4":"has-post-thumbnail","6":"product_cat-avsparrning-royal","7":"product_cat-vaggkassetter-vaggfasten","8":"product_cat-avsparrning","9":"product_tag-avsparrning","10":"product_tag-vaggkassett-med-band","12":"first","13":"instock","14":"taxable","15":"shipping-taxable","16":"purchasable","17":"product-type-variable"},"yoast_head":"<!-- This site is optimized with the Yoast SEO plugin v27.0 - https:\/\/yoast.com\/product\/yoast-seo-wordpress\/ -->\n<title>V\u00e4ggkassett i plast med band - Bjerring-Sales<\/title>\n<meta name=\"description\" content=\"Snygg och praktisk v\u00e4ggkassett med indragbart band f\u00f6r permanent personbarri\u00e4r. Smidigt f\u00f6r restauranger, krogar och andra event d\u00e4r det \u00e4r \u00e5terkommande avsp\u00e4rrningar.\" \/>\n<meta name=\"robots\" content=\"index, follow, max-snippet:-1, max-image-preview:large, max-video-preview:-1\" \/>\n<link rel=\"canonical\" href=\"https:\/\/shop.bjerring-sales.dk\/en\/product\/vaggkassett-plastskal\/\" \/>\n<meta property=\"og:locale\" content=\"en_GB\" \/>\n<meta property=\"og:type\" content=\"article\" \/>\n<meta property=\"og:title\" content=\"V\u00e4ggkassett i plast med band - Bjerring-Sales\" \/>\n<meta property=\"og:description\" content=\"Snygg och praktisk v\u00e4ggkassett med indragbart band f\u00f6r permanent personbarri\u00e4r. Smidigt f\u00f6r restauranger, krogar och andra event d\u00e4r det \u00e4r \u00e5terkommande avsp\u00e4rrningar.\" \/>\n<meta property=\"og:url\" content=\"https:\/\/shop.bjerring-sales.dk\/en\/product\/vaggkassett-plastskal\/\" \/>\n<meta property=\"og:site_name\" content=\"Bjerring-Sales\" \/>\n<meta property=\"article:modified_time\" content=\"2026-04-01T07:39:34+00:00\" \/>\n<meta property=\"og:image\" content=\"https:\/\/shop.bjerring-sales.dk\/wp-content\/uploads\/2024\/06\/webb-vaggkassettoppensvart.jpg\" \/>\n\t<meta property=\"og:image:width\" content=\"800\" \/>\n\t<meta property=\"og:image:height\" content=\"800\" \/>\n\t<meta property=\"og:image:type\" content=\"image\/jpeg\" \/>\n<meta name=\"twitter:card\" content=\"summary_large_image\" \/>\n<meta name=\"twitter:label1\" content=\"Estimated reading time\" \/>\n\t<meta name=\"twitter:data1\" content=\"1 minute\" \/>\n<script type=\"application\/ld+json\" class=\"yoast-schema-graph\">{\"@context\":\"https:\/\/schema.org\",\"@graph\":[{\"@type\":\"WebPage\",\"@id\":\"https:\/\/shop.bjerring-sales.dk\/sv\/produkt\/vaggkassett-plastskal\/\",\"url\":\"https:\/\/shop.bjerring-sales.dk\/sv\/produkt\/vaggkassett-plastskal\/\",\"name\":\"V\u00e4ggkassett i plast med band - Bjerring-Sales\",\"isPartOf\":{\"@id\":\"https:\/\/shop.bjerring-sales.dk\/#website\"},\"primaryImageOfPage\":{\"@id\":\"https:\/\/shop.bjerring-sales.dk\/sv\/produkt\/vaggkassett-plastskal\/#primaryimage\"},\"image\":{\"@id\":\"https:\/\/shop.bjerring-sales.dk\/sv\/produkt\/vaggkassett-plastskal\/#primaryimage\"},\"thumbnailUrl\":\"https:\/\/shop.bjerring-sales.dk\/wp-content\/uploads\/2024\/06\/webb-vaggkassettoppensvart.jpg\",\"datePublished\":\"2018-04-04T23:55:22+00:00\",\"dateModified\":\"2026-04-01T07:39:34+00:00\",\"description\":\"Snygg och praktisk v\u00e4ggkassett med indragbart band f\u00f6r permanent personbarri\u00e4r. Smidigt f\u00f6r restauranger, krogar och andra event d\u00e4r det \u00e4r \u00e5terkommande avsp\u00e4rrningar.\",\"breadcrumb\":{\"@id\":\"https:\/\/shop.bjerring-sales.dk\/sv\/produkt\/vaggkassett-plastskal\/#breadcrumb\"},\"inLanguage\":\"en-GB\",\"potentialAction\":[{\"@type\":\"ReadAction\",\"target\":[\"https:\/\/shop.bjerring-sales.dk\/sv\/produkt\/vaggkassett-plastskal\/\"]}]},{\"@type\":\"ImageObject\",\"inLanguage\":\"en-GB\",\"@id\":\"https:\/\/shop.bjerring-sales.dk\/sv\/produkt\/vaggkassett-plastskal\/#primaryimage\",\"url\":\"https:\/\/shop.bjerring-sales.dk\/wp-content\/uploads\/2024\/06\/webb-vaggkassettoppensvart.jpg\",\"contentUrl\":\"https:\/\/shop.bjerring-sales.dk\/wp-content\/uploads\/2024\/06\/webb-vaggkassettoppensvart.jpg\",\"width\":800,\"height\":800},{\"@type\":\"BreadcrumbList\",\"@id\":\"https:\/\/shop.bjerring-sales.dk\/sv\/produkt\/vaggkassett-plastskal\/#breadcrumb\",\"itemListElement\":[{\"@type\":\"ListItem\",\"position\":1,\"name\":\"Hem\",\"item\":\"https:\/\/shop.bjerring-sales.dk\/\"},{\"@type\":\"ListItem\",\"position\":2,\"name\":\"Webbutik\",\"item\":\"https:\/\/shop.bjerring-sales.dk\/butik\/\"},{\"@type\":\"ListItem\",\"position\":3,\"name\":\"V\u00e4ggkassett i plast med band\"}]},{\"@type\":\"WebSite\",\"@id\":\"https:\/\/shop.bjerring-sales.dk\/#website\",\"url\":\"https:\/\/shop.bjerring-sales.dk\/\",\"name\":\"Bjerring-Sales\",\"description\":\"M\u00f6bler f\u00f6r teatrar, skolor, kontor och k\u00f6pcentrum\",\"publisher\":{\"@id\":\"https:\/\/shop.bjerring-sales.dk\/#organization\"},\"potentialAction\":[{\"@type\":\"SearchAction\",\"target\":{\"@type\":\"EntryPoint\",\"urlTemplate\":\"https:\/\/shop.bjerring-sales.dk\/?s={search_term_string}\"},\"query-input\":{\"@type\":\"PropertyValueSpecification\",\"valueRequired\":true,\"valueName\":\"search_term_string\"}}],\"inLanguage\":\"en-GB\"},{\"@type\":\"Organization\",\"@id\":\"https:\/\/shop.bjerring-sales.dk\/#organization\",\"name\":\"Bjerring-Sales\",\"url\":\"https:\/\/shop.bjerring-sales.dk\/\",\"logo\":{\"@type\":\"ImageObject\",\"inLanguage\":\"en-GB\",\"@id\":\"https:\/\/shop.bjerring-sales.dk\/#\/schema\/logo\/image\/\",\"url\":\"https:\/\/shop.bjerring-sales.dk\/wp-content\/uploads\/2023\/01\/logo_sv.png\",\"contentUrl\":\"https:\/\/shop.bjerring-sales.dk\/wp-content\/uploads\/2023\/01\/logo_sv.png\",\"width\":195,\"height\":68,\"caption\":\"Bjerring-Sales\"},\"image\":{\"@id\":\"https:\/\/shop.bjerring-sales.dk\/#\/schema\/logo\/image\/\"}}]}<\/script>\n<!-- \/ Yoast SEO plugin. -->","yoast_head_json":{"title":"V\u00e4ggkassett i plast med band - Bjerring-Sales","description":"Stylish and practical wall cassette with retractable strap for permanent personal barrier. Convenient for restaurants, taverns and other events where there are recurring roadblocks.","robots":{"index":"index","follow":"follow","max-snippet":"max-snippet:-1","max-image-preview":"max-image-preview:large","max-video-preview":"max-video-preview:-1"},"canonical":"https:\/\/shop.bjerring-sales.dk\/en\/product\/vaggkassett-plastskal\/","og_locale":"en_GB","og_type":"article","og_title":"V\u00e4ggkassett i plast med band - Bjerring-Sales","og_description":"Snygg och praktisk v\u00e4ggkassett med indragbart band f\u00f6r permanent personbarri\u00e4r. Smidigt f\u00f6r restauranger, krogar och andra event d\u00e4r det \u00e4r \u00e5terkommande avsp\u00e4rrningar.","og_url":"https:\/\/shop.bjerring-sales.dk\/en\/product\/vaggkassett-plastskal\/","og_site_name":"Bjerring-Sales","article_modified_time":"2026-04-01T07:39:34+00:00","og_image":[{"width":800,"height":800,"url":"https:\/\/shop.bjerring-sales.dk\/wp-content\/uploads\/2024\/06\/webb-vaggkassettoppensvart.jpg","type":"image\/jpeg"}],"twitter_card":"summary_large_image","twitter_misc":{"Estimated reading time":"1 minute"},"schema":{"@context":"https:\/\/schema.org","@graph":[{"@type":"WebPage","@id":"https:\/\/shop.bjerring-sales.dk\/sv\/produkt\/vaggkassett-plastskal\/","url":"https:\/\/shop.bjerring-sales.dk\/sv\/produkt\/vaggkassett-plastskal\/","name":"V\u00e4ggkassett i plast med band - Bjerring-Sales","isPartOf":{"@id":"https:\/\/shop.bjerring-sales.dk\/#website"},"primaryImageOfPage":{"@id":"https:\/\/shop.bjerring-sales.dk\/sv\/produkt\/vaggkassett-plastskal\/#primaryimage"},"image":{"@id":"https:\/\/shop.bjerring-sales.dk\/sv\/produkt\/vaggkassett-plastskal\/#primaryimage"},"thumbnailUrl":"https:\/\/shop.bjerring-sales.dk\/wp-content\/uploads\/2024\/06\/webb-vaggkassettoppensvart.jpg","datePublished":"2018-04-04T23:55:22+00:00","dateModified":"2026-04-01T07:39:34+00:00","description":"Stylish and practical wall cassette with retractable strap for permanent personal barrier. Convenient for restaurants, taverns and other events where there are recurring roadblocks.","breadcrumb":{"@id":"https:\/\/shop.bjerring-sales.dk\/sv\/produkt\/vaggkassett-plastskal\/#breadcrumb"},"inLanguage":"en-GB","potentialAction":[{"@type":"ReadAction","target":["https:\/\/shop.bjerring-sales.dk\/sv\/produkt\/vaggkassett-plastskal\/"]}]},{"@type":"ImageObject","inLanguage":"en-GB","@id":"https:\/\/shop.bjerring-sales.dk\/sv\/produkt\/vaggkassett-plastskal\/#primaryimage","url":"https:\/\/shop.bjerring-sales.dk\/wp-content\/uploads\/2024\/06\/webb-vaggkassettoppensvart.jpg","contentUrl":"https:\/\/shop.bjerring-sales.dk\/wp-content\/uploads\/2024\/06\/webb-vaggkassettoppensvart.jpg","width":800,"height":800},{"@type":"BreadcrumbList","@id":"https:\/\/shop.bjerring-sales.dk\/sv\/produkt\/vaggkassett-plastskal\/#breadcrumb","itemListElement":[{"@type":"ListItem","position":1,"name":"Hem","item":"https:\/\/shop.bjerring-sales.dk\/"},{"@type":"ListItem","position":2,"name":"Webbutik","item":"https:\/\/shop.bjerring-sales.dk\/butik\/"},{"@type":"ListItem","position":3,"name":"V\u00e4ggkassett i plast med band"}]},{"@type":"WebSite","@id":"https:\/\/shop.bjerring-sales.dk\/#website","url":"https:\/\/shop.bjerring-sales.dk\/","name":"Bjerring Sales","description":"Furniture for theatres, schools, offices and shopping centres","publisher":{"@id":"https:\/\/shop.bjerring-sales.dk\/#organization"},"potentialAction":[{"@type":"SearchAction","target":{"@type":"EntryPoint","urlTemplate":"https:\/\/shop.bjerring-sales.dk\/?s={search_term_string}"},"query-input":{"@type":"PropertyValueSpecification","valueRequired":true,"valueName":"search_term_string"}}],"inLanguage":"en-GB"},{"@type":"Organization","@id":"https:\/\/shop.bjerring-sales.dk\/#organization","name":"Bjerring Sales","url":"https:\/\/shop.bjerring-sales.dk\/","logo":{"@type":"ImageObject","inLanguage":"en-GB","@id":"https:\/\/shop.bjerring-sales.dk\/#\/schema\/logo\/image\/","url":"https:\/\/shop.bjerring-sales.dk\/wp-content\/uploads\/2023\/01\/logo_sv.png","contentUrl":"https:\/\/shop.bjerring-sales.dk\/wp-content\/uploads\/2023\/01\/logo_sv.png","width":195,"height":68,"caption":"Bjerring-Sales"},"image":{"@id":"https:\/\/shop.bjerring-sales.dk\/#\/schema\/logo\/image\/"}}]}},"_links":{"self":[{"href":"https:\/\/shop.bjerring-sales.dk\/en\/wp-json\/wp\/v2\/product\/60739","targetHints":{"allow":["GET"]}}],"collection":[{"href":"https:\/\/shop.bjerring-sales.dk\/en\/wp-json\/wp\/v2\/product"}],"about":[{"href":"https:\/\/shop.bjerring-sales.dk\/en\/wp-json\/wp\/v2\/types\/product"}],"wp:featuredmedia":[{"embeddable":true,"href":"https:\/\/shop.bjerring-sales.dk\/en\/wp-json\/wp\/v2\/media\/97981"}],"wp:attachment":[{"href":"https:\/\/shop.bjerring-sales.dk\/en\/wp-json\/wp\/v2\/media?parent=60739"}],"wp:term":[{"taxonomy":"product_brand","embeddable":true,"href":"https:\/\/shop.bjerring-sales.dk\/en\/wp-json\/wp\/v2\/product_brand?post=60739"},{"taxonomy":"product_cat","embeddable":true,"href":"https:\/\/shop.bjerring-sales.dk\/en\/wp-json\/wp\/v2\/product_cat?post=60739"},{"taxonomy":"product_tag","embeddable":true,"href":"https:\/\/shop.bjerring-sales.dk\/en\/wp-json\/wp\/v2\/product_tag?post=60739"}],"curies":[{"name":"wp","href":"https:\/\/api.w.org\/{rel}","templated":true}]}}