{"id":60731,"date":"2021-09-08T14:44:38","date_gmt":"2021-09-08T12:44:38","guid":{"rendered":"https:\/\/pule.se\/produkt\/royal-basic-svart-stolpe-med-gul-svart-band\/"},"modified":"2023-01-18T14:39:05","modified_gmt":"2023-01-18T13:39:05","slug":"royal-basic-svart-stolpe-med-gul-svart-band","status":"publish","type":"product","link":"https:\/\/shop.bjerring-sales.dk\/en\/product\/royal-basic-svart-stolpe-med-gul-svart-band\/","title":{"rendered":"Royal Basic \u2013 Black pole with yellow\/black ribbon 3m"},"content":{"rendered":"<p><span style=\"font-size: 24pt\">Royal Basic is our most affordable cordon post<br \/>\n<\/span>The barrier post Royal Basic is a black post with a yellow\/black band. The Basic pole is one of our most affordable options when it comes to fencing with a pole and tape. The post is equipped with an integrated tape cassette that contains a 3 meter yellow\/black polyester tape. The barrier tape can also be attached to the wall, but with the help of a wall bracket.<\/p>\n<p>Royal is a product series with affordable and high-quality posts in the field of cordon fencing. We stock all fencing products and also offer a large range of posts for ropes within the Casino product range.<\/p>\n<ul>\n<li>The barrier post is delivered complete with straps<\/li>\n<li>3 meters yellow\/black extendable ribbon<\/li>\n<\/ul>","protected":false},"excerpt":{"rendered":"<p>The barrier post Royal Basic is a black post with a yellow\/black band. The Basic pole is one of our most affordable options when it comes to fencing with a pole and tape.<\/p>","protected":false},"featured_media":73895,"template":"","meta":{"iawp_total_views":13},"product_brand":[],"product_cat":[6354,5818,6355,5817],"product_tag":[5813,5814,5864,5865,5867],"class_list":{"0":"post-60731","1":"product","2":"type-product","3":"status-publish","4":"has-post-thumbnail","6":"product_cat-avsparrning-royal","7":"product_cat-kostolpar-band","8":"product_cat-avsparrning-basic","9":"product_cat-avsparrning","10":"product_tag-avsparrningsstolpe","11":"product_tag-kostolpe","12":"product_tag-royal-basic","13":"product_tag-avsparrning-med-band","14":"product_tag-svart-stolpe-med-gul-svart-band","16":"first","17":"instock","18":"taxable","19":"shipping-taxable","20":"purchasable","21":"product-type-simple"},"yoast_head":"<!-- This site is optimized with the Yoast SEO plugin v27.0 - https:\/\/yoast.com\/product\/yoast-seo-wordpress\/ -->\n<title>Royal Basic \u2013 Svart stolpe med gul\/svart band 3m - Bjerring-Sales<\/title>\n<meta name=\"description\" content=\"Avsp\u00e4rrningsstolpen Royal Basic \u00e4r en svart stolpe med gul\/svart band. Basic stolpen \u00e4r ett v\u00e5rt mest prisv\u00e4rda alternativ n\u00e4r det g\u00e4ller avsp\u00e4rrning med stolpe och band.\" \/>\n<meta name=\"robots\" content=\"index, follow, max-snippet:-1, max-image-preview:large, max-video-preview:-1\" \/>\n<link rel=\"canonical\" href=\"https:\/\/shop.bjerring-sales.dk\/en\/product\/royal-basic-svart-stolpe-med-gul-svart-band\/\" \/>\n<meta property=\"og:locale\" content=\"en_GB\" \/>\n<meta property=\"og:type\" content=\"article\" \/>\n<meta property=\"og:title\" content=\"Royal Basic \u2013 Svart stolpe med gul\/svart band 3m - Bjerring-Sales\" \/>\n<meta property=\"og:description\" content=\"Avsp\u00e4rrningsstolpen Royal Basic \u00e4r en svart stolpe med gul\/svart band. Basic stolpen \u00e4r ett v\u00e5rt mest prisv\u00e4rda alternativ n\u00e4r det g\u00e4ller avsp\u00e4rrning med stolpe och band.\" \/>\n<meta property=\"og:url\" content=\"https:\/\/shop.bjerring-sales.dk\/en\/product\/royal-basic-svart-stolpe-med-gul-svart-band\/\" \/>\n<meta property=\"og:site_name\" content=\"Bjerring-Sales\" \/>\n<meta property=\"article:modified_time\" content=\"2023-01-18T13:39:05+00:00\" \/>\n<meta property=\"og:image\" content=\"https:\/\/pule.se\/wp-content\/uploads\/2021\/09\/Basic-svart-stolpe-svart-gul-band-1.jpg\" \/>\n\t<meta property=\"og:image:width\" content=\"800\" \/>\n\t<meta property=\"og:image:height\" content=\"800\" \/>\n\t<meta property=\"og:image:type\" content=\"image\/jpeg\" \/>\n<meta name=\"twitter:card\" content=\"summary_large_image\" \/>\n<meta name=\"twitter:label1\" content=\"Estimated reading time\" \/>\n\t<meta name=\"twitter:data1\" content=\"1 minute\" \/>\n<script type=\"application\/ld+json\" class=\"yoast-schema-graph\">{\"@context\":\"https:\/\/schema.org\",\"@graph\":[{\"@type\":\"WebPage\",\"@id\":\"https:\/\/shop.bjerring-sales.dk\/sv\/produkt\/royal-basic-svart-stolpe-med-gul-svart-band\/\",\"url\":\"https:\/\/shop.bjerring-sales.dk\/sv\/produkt\/royal-basic-svart-stolpe-med-gul-svart-band\/\",\"name\":\"Royal Basic \u2013 Svart stolpe med gul\/svart band 3m - Bjerring-Sales\",\"isPartOf\":{\"@id\":\"https:\/\/shop.bjerring-sales.dk\/#website\"},\"primaryImageOfPage\":{\"@id\":\"https:\/\/shop.bjerring-sales.dk\/sv\/produkt\/royal-basic-svart-stolpe-med-gul-svart-band\/#primaryimage\"},\"image\":{\"@id\":\"https:\/\/shop.bjerring-sales.dk\/sv\/produkt\/royal-basic-svart-stolpe-med-gul-svart-band\/#primaryimage\"},\"thumbnailUrl\":\"https:\/\/shop.bjerring-sales.dk\/wp-content\/uploads\/2021\/09\/Basic-svart-stolpe-svart-gul-band-1.jpg\",\"datePublished\":\"2021-09-08T12:44:38+00:00\",\"dateModified\":\"2023-01-18T13:39:05+00:00\",\"description\":\"Avsp\u00e4rrningsstolpen Royal Basic \u00e4r en svart stolpe med gul\/svart band. Basic stolpen \u00e4r ett v\u00e5rt mest prisv\u00e4rda alternativ n\u00e4r det g\u00e4ller avsp\u00e4rrning med stolpe och band.\",\"breadcrumb\":{\"@id\":\"https:\/\/shop.bjerring-sales.dk\/sv\/produkt\/royal-basic-svart-stolpe-med-gul-svart-band\/#breadcrumb\"},\"inLanguage\":\"en-GB\",\"potentialAction\":[{\"@type\":\"ReadAction\",\"target\":[\"https:\/\/shop.bjerring-sales.dk\/sv\/produkt\/royal-basic-svart-stolpe-med-gul-svart-band\/\"]}]},{\"@type\":\"ImageObject\",\"inLanguage\":\"en-GB\",\"@id\":\"https:\/\/shop.bjerring-sales.dk\/sv\/produkt\/royal-basic-svart-stolpe-med-gul-svart-band\/#primaryimage\",\"url\":\"https:\/\/shop.bjerring-sales.dk\/wp-content\/uploads\/2021\/09\/Basic-svart-stolpe-svart-gul-band-1.jpg\",\"contentUrl\":\"https:\/\/shop.bjerring-sales.dk\/wp-content\/uploads\/2021\/09\/Basic-svart-stolpe-svart-gul-band-1.jpg\",\"width\":800,\"height\":800},{\"@type\":\"BreadcrumbList\",\"@id\":\"https:\/\/shop.bjerring-sales.dk\/sv\/produkt\/royal-basic-svart-stolpe-med-gul-svart-band\/#breadcrumb\",\"itemListElement\":[{\"@type\":\"ListItem\",\"position\":1,\"name\":\"Hem\",\"item\":\"https:\/\/shop.bjerring-sales.dk\/\"},{\"@type\":\"ListItem\",\"position\":2,\"name\":\"Webbutik\",\"item\":\"https:\/\/shop.bjerring-sales.dk\/butik\/\"},{\"@type\":\"ListItem\",\"position\":3,\"name\":\"Royal Basic \u2013 Svart stolpe med gul\/svart band 3m\"}]},{\"@type\":\"WebSite\",\"@id\":\"https:\/\/shop.bjerring-sales.dk\/#website\",\"url\":\"https:\/\/shop.bjerring-sales.dk\/\",\"name\":\"Bjerring-Sales\",\"description\":\"M\u00f6bler f\u00f6r teatrar, skolor, kontor och k\u00f6pcentrum\",\"publisher\":{\"@id\":\"https:\/\/shop.bjerring-sales.dk\/#organization\"},\"potentialAction\":[{\"@type\":\"SearchAction\",\"target\":{\"@type\":\"EntryPoint\",\"urlTemplate\":\"https:\/\/shop.bjerring-sales.dk\/?s={search_term_string}\"},\"query-input\":{\"@type\":\"PropertyValueSpecification\",\"valueRequired\":true,\"valueName\":\"search_term_string\"}}],\"inLanguage\":\"en-GB\"},{\"@type\":\"Organization\",\"@id\":\"https:\/\/shop.bjerring-sales.dk\/#organization\",\"name\":\"Bjerring-Sales\",\"url\":\"https:\/\/shop.bjerring-sales.dk\/\",\"logo\":{\"@type\":\"ImageObject\",\"inLanguage\":\"en-GB\",\"@id\":\"https:\/\/shop.bjerring-sales.dk\/#\/schema\/logo\/image\/\",\"url\":\"https:\/\/shop.bjerring-sales.dk\/wp-content\/uploads\/2023\/01\/logo_sv.png\",\"contentUrl\":\"https:\/\/shop.bjerring-sales.dk\/wp-content\/uploads\/2023\/01\/logo_sv.png\",\"width\":195,\"height\":68,\"caption\":\"Bjerring-Sales\"},\"image\":{\"@id\":\"https:\/\/shop.bjerring-sales.dk\/#\/schema\/logo\/image\/\"}}]}<\/script>\n<!-- \/ Yoast SEO plugin. -->","yoast_head_json":{"title":"Royal Basic \u2013 Svart stolpe med gul\/svart band 3m - Bjerring-Sales","description":"The barrier post Royal Basic is a black post with a yellow\/black band. The Basic pole is one of our most affordable options when it comes to fencing with a pole and tape.","robots":{"index":"index","follow":"follow","max-snippet":"max-snippet:-1","max-image-preview":"max-image-preview:large","max-video-preview":"max-video-preview:-1"},"canonical":"https:\/\/shop.bjerring-sales.dk\/en\/product\/royal-basic-svart-stolpe-med-gul-svart-band\/","og_locale":"en_GB","og_type":"article","og_title":"Royal Basic \u2013 Svart stolpe med gul\/svart band 3m - Bjerring-Sales","og_description":"Avsp\u00e4rrningsstolpen Royal Basic \u00e4r en svart stolpe med gul\/svart band. Basic stolpen \u00e4r ett v\u00e5rt mest prisv\u00e4rda alternativ n\u00e4r det g\u00e4ller avsp\u00e4rrning med stolpe och band.","og_url":"https:\/\/shop.bjerring-sales.dk\/en\/product\/royal-basic-svart-stolpe-med-gul-svart-band\/","og_site_name":"Bjerring-Sales","article_modified_time":"2023-01-18T13:39:05+00:00","og_image":[{"width":800,"height":800,"url":"https:\/\/pule.se\/wp-content\/uploads\/2021\/09\/Basic-svart-stolpe-svart-gul-band-1.jpg","type":"image\/jpeg"}],"twitter_card":"summary_large_image","twitter_misc":{"Estimated reading time":"1 minute"},"schema":{"@context":"https:\/\/schema.org","@graph":[{"@type":"WebPage","@id":"https:\/\/shop.bjerring-sales.dk\/sv\/produkt\/royal-basic-svart-stolpe-med-gul-svart-band\/","url":"https:\/\/shop.bjerring-sales.dk\/sv\/produkt\/royal-basic-svart-stolpe-med-gul-svart-band\/","name":"Royal Basic \u2013 Svart stolpe med gul\/svart band 3m - Bjerring-Sales","isPartOf":{"@id":"https:\/\/shop.bjerring-sales.dk\/#website"},"primaryImageOfPage":{"@id":"https:\/\/shop.bjerring-sales.dk\/sv\/produkt\/royal-basic-svart-stolpe-med-gul-svart-band\/#primaryimage"},"image":{"@id":"https:\/\/shop.bjerring-sales.dk\/sv\/produkt\/royal-basic-svart-stolpe-med-gul-svart-band\/#primaryimage"},"thumbnailUrl":"https:\/\/shop.bjerring-sales.dk\/wp-content\/uploads\/2021\/09\/Basic-svart-stolpe-svart-gul-band-1.jpg","datePublished":"2021-09-08T12:44:38+00:00","dateModified":"2023-01-18T13:39:05+00:00","description":"The barrier post Royal Basic is a black post with a yellow\/black band. The Basic pole is one of our most affordable options when it comes to fencing with a pole and tape.","breadcrumb":{"@id":"https:\/\/shop.bjerring-sales.dk\/sv\/produkt\/royal-basic-svart-stolpe-med-gul-svart-band\/#breadcrumb"},"inLanguage":"en-GB","potentialAction":[{"@type":"ReadAction","target":["https:\/\/shop.bjerring-sales.dk\/sv\/produkt\/royal-basic-svart-stolpe-med-gul-svart-band\/"]}]},{"@type":"ImageObject","inLanguage":"en-GB","@id":"https:\/\/shop.bjerring-sales.dk\/sv\/produkt\/royal-basic-svart-stolpe-med-gul-svart-band\/#primaryimage","url":"https:\/\/shop.bjerring-sales.dk\/wp-content\/uploads\/2021\/09\/Basic-svart-stolpe-svart-gul-band-1.jpg","contentUrl":"https:\/\/shop.bjerring-sales.dk\/wp-content\/uploads\/2021\/09\/Basic-svart-stolpe-svart-gul-band-1.jpg","width":800,"height":800},{"@type":"BreadcrumbList","@id":"https:\/\/shop.bjerring-sales.dk\/sv\/produkt\/royal-basic-svart-stolpe-med-gul-svart-band\/#breadcrumb","itemListElement":[{"@type":"ListItem","position":1,"name":"Hem","item":"https:\/\/shop.bjerring-sales.dk\/"},{"@type":"ListItem","position":2,"name":"Webbutik","item":"https:\/\/shop.bjerring-sales.dk\/butik\/"},{"@type":"ListItem","position":3,"name":"Royal Basic \u2013 Svart stolpe med gul\/svart band 3m"}]},{"@type":"WebSite","@id":"https:\/\/shop.bjerring-sales.dk\/#website","url":"https:\/\/shop.bjerring-sales.dk\/","name":"Bjerring Sales","description":"Furniture for theatres, schools, offices and shopping centres","publisher":{"@id":"https:\/\/shop.bjerring-sales.dk\/#organization"},"potentialAction":[{"@type":"SearchAction","target":{"@type":"EntryPoint","urlTemplate":"https:\/\/shop.bjerring-sales.dk\/?s={search_term_string}"},"query-input":{"@type":"PropertyValueSpecification","valueRequired":true,"valueName":"search_term_string"}}],"inLanguage":"en-GB"},{"@type":"Organization","@id":"https:\/\/shop.bjerring-sales.dk\/#organization","name":"Bjerring Sales","url":"https:\/\/shop.bjerring-sales.dk\/","logo":{"@type":"ImageObject","inLanguage":"en-GB","@id":"https:\/\/shop.bjerring-sales.dk\/#\/schema\/logo\/image\/","url":"https:\/\/shop.bjerring-sales.dk\/wp-content\/uploads\/2023\/01\/logo_sv.png","contentUrl":"https:\/\/shop.bjerring-sales.dk\/wp-content\/uploads\/2023\/01\/logo_sv.png","width":195,"height":68,"caption":"Bjerring-Sales"},"image":{"@id":"https:\/\/shop.bjerring-sales.dk\/#\/schema\/logo\/image\/"}}]}},"_links":{"self":[{"href":"https:\/\/shop.bjerring-sales.dk\/en\/wp-json\/wp\/v2\/product\/60731","targetHints":{"allow":["GET"]}}],"collection":[{"href":"https:\/\/shop.bjerring-sales.dk\/en\/wp-json\/wp\/v2\/product"}],"about":[{"href":"https:\/\/shop.bjerring-sales.dk\/en\/wp-json\/wp\/v2\/types\/product"}],"wp:featuredmedia":[{"embeddable":true,"href":"https:\/\/shop.bjerring-sales.dk\/en\/wp-json\/wp\/v2\/media\/73895"}],"wp:attachment":[{"href":"https:\/\/shop.bjerring-sales.dk\/en\/wp-json\/wp\/v2\/media?parent=60731"}],"wp:term":[{"taxonomy":"product_brand","embeddable":true,"href":"https:\/\/shop.bjerring-sales.dk\/en\/wp-json\/wp\/v2\/product_brand?post=60731"},{"taxonomy":"product_cat","embeddable":true,"href":"https:\/\/shop.bjerring-sales.dk\/en\/wp-json\/wp\/v2\/product_cat?post=60731"},{"taxonomy":"product_tag","embeddable":true,"href":"https:\/\/shop.bjerring-sales.dk\/en\/wp-json\/wp\/v2\/product_tag?post=60731"}],"curies":[{"name":"wp","href":"https:\/\/api.w.org\/{rel}","templated":true}]}}