{"id":59965,"date":"2020-12-09T11:09:13","date_gmt":"2020-12-09T10:09:13","guid":{"rendered":"https:\/\/pule.se\/produkt\/tygkladd-stol-fyrbensstativ\/"},"modified":"2026-03-26T09:20:12","modified_gmt":"2026-03-26T08:20:12","slug":"tygkladd-stol-fyrbensstativ","status":"publish","type":"product","link":"https:\/\/shop.bjerring-sales.dk\/en\/product\/tygkladd-stol-fyrbensstativ\/","title":{"rendered":"Fabric-covered stackable chair with four-legged stand - Choice"},"content":{"rendered":"<div class=\"wpb-content-wrapper\"><div class=\"vc_row wpb_row vc_row-fluid\"><div class=\"wpb_column vc_column_container vc_col-sm-12\"><div class=\"vc_column-inner\"><div class=\"wpb_wrapper\">\n\t<div class=\"wpb_text_column wpb_content_element\" >\n\t\t<div class=\"wpb_wrapper\">\n\t\t\t<p><span style=\"font-size: 24pt\">Fabric-covered stackable chair with four-legged stand - Choice series<br \/>\n<\/span>The Choice chair is a stackable chair that is stocked in very many variations, here we present the fabric-covered variant. The chair is stocked in 48 variants.<\/p>\n<p>Choice with fabric upholstery is the perfect chair for conferences, offices and training rooms. The chair is available in many variations with seat and back in fabric upholstery. Choose between having the same color on the seat \/ back or seat \/ back in different colors. This creates opportunities for interior designers who want to decorate with furniture that follows a company&#039;s graphic profile, or the opportunity to be able to vary with different colors around a table or in a conference room. The Choice chair is also available with a seat \/ back in plastic or if the customer prefers a seat in fabric and back in plastic or vice versa. Choice is also stocked as a practical stool that can be used next to the desk for colleagues who want to be able to sit down quickly. The Choice chair is unique with many uses and its design creates a comfortable seat that prevents you from getting tired in the back.<\/p>\n\n\t\t<\/div>\n\t<\/div>\n<\/div><\/div><\/div><\/div><div class=\"vc_row wpb_row vc_row-fluid\"><div class=\"wpb_column vc_column_container vc_col-sm-12\"><div class=\"vc_column-inner\"><div class=\"wpb_wrapper\"><div class=\"vc_separator wpb_content_element vc_separator_align_center vc_sep_width_100 vc_sep_pos_align_center vc_separator_no_text vc_sep_color_grey\" ><span class=\"vc_sep_holder vc_sep_holder_l\"><span class=\"vc_sep_line\"><\/span><\/span><span class=\"vc_sep_holder vc_sep_holder_r\"><span class=\"vc_sep_line\"><\/span><\/span>\n<\/div><\/div><\/div><\/div><\/div><div class=\"vc_row wpb_row vc_row-fluid\"><div class=\"wpb_column vc_column_container vc_col-sm-6\"><div class=\"vc_column-inner\"><div class=\"wpb_wrapper\">\n\t<div class=\"wpb_text_column wpb_content_element\" >\n\t\t<div class=\"wpb_wrapper\">\n\t\t\t<p><span style=\"font-size: 18pt\">Colors<br \/>\n<\/span>Seat and back are available in the colors black, blue, light gray and dark grey.<br \/>\nThe stand is available in the colors black, white and silver grey.<\/p>\n<p><span style=\"font-size: 18pt\">Specifications<br \/>\n<\/span><\/p>\n<ul>\n<li>Stackable, max 8 pcs in height.<\/li>\n<li>50,000 Martindales<\/li>\n<\/ul>\n<p><span style=\"font-size: 18pt\">Measure<\/span><\/p>\n<ul>\n<li>Height: 800 mm<\/li>\n<li>Depth: 550 mm<\/li>\n<li>Width at the hind legs: 500 mm<\/li>\n<li>Width at the front legs: 470 mm<\/li>\n<li>Seat width: 460 mm<\/li>\n<li>Seat depth: 450 mm<\/li>\n<li>Seat height at the front: 480 mm<\/li>\n<li>Seat height at the rear: 465 mm<\/li>\n<\/ul>\n<p><span style=\"font-size: 18pt\">Weight<\/span><\/p>\n<ul>\n<li>The Choice chair weighs 6.5 kg<\/li>\n<\/ul>\n\n\t\t<\/div>\n\t<\/div>\n<\/div><\/div><\/div><div class=\"wpb_column vc_column_container vc_col-sm-6\"><div class=\"vc_column-inner\"><div class=\"wpb_wrapper\">\n\t<div  class=\"wpb_single_image wpb_content_element vc_align_center\">\n\t\t\n\t\t<figure class=\"wpb_wrapper vc_figure\">\n\t\t\t<div class=\"vc_single_image-wrapper vc_box_shadow_border  vc_box_border_grey\"><img loading=\"lazy\" decoding=\"async\" width=\"800\" height=\"550\" src=\"https:\/\/shop.bjerring-sales.dk\/wp-content\/uploads\/2021\/01\/Choice-Luna-Dinning-1.gif\" class=\"vc_single_image-img attachment-full\" alt=\"\" title=\"Choice-Luna-Dinning\" \/><\/div>\n\t\t<\/figure>\n\t<\/div>\n\n\t<div class=\"wpb_text_column wpb_content_element\" >\n\t\t<div class=\"wpb_wrapper\">\n\t\t\t<p><span style=\"font-size: 18pt\">Guarantee<br \/>\n<\/span>2 years<\/p>\n\n\t\t<\/div>\n\t<\/div>\n<\/div><\/div><\/div><\/div><div class=\"vc_row wpb_row vc_row-fluid\"><div class=\"wpb_column vc_column_container vc_col-sm-12\"><div class=\"vc_column-inner\"><div class=\"wpb_wrapper\"><div class=\"vc_separator wpb_content_element vc_separator_align_center vc_sep_width_100 vc_sep_pos_align_center vc_separator_no_text vc_sep_color_grey\" ><span class=\"vc_sep_holder vc_sep_holder_l\"><span class=\"vc_sep_line\"><\/span><\/span><span class=\"vc_sep_holder vc_sep_holder_r\"><span class=\"vc_sep_line\"><\/span><\/span>\n<\/div><\/div><\/div><\/div><\/div><div class=\"vc_row wpb_row vc_row-fluid\"><div class=\"wpb_column vc_column_container vc_col-sm-6\"><div class=\"vc_column-inner\"><div class=\"wpb_wrapper\">\n\t<div  class=\"wpb_single_image wpb_content_element vc_align_center\">\n\t\t\n\t\t<figure class=\"wpb_wrapper vc_figure\">\n\t\t\t<div class=\"vc_single_image-wrapper   vc_box_border_grey\"><img loading=\"lazy\" decoding=\"async\" width=\"788\" height=\"700\" src=\"https:\/\/shop.bjerring-sales.dk\/wp-content\/uploads\/2021\/02\/chof07.jpg\" class=\"vc_single_image-img attachment-full\" alt=\"\" title=\"boss07\" srcset=\"https:\/\/shop.bjerring-sales.dk\/wp-content\/uploads\/2021\/02\/chof07.jpg 788w, https:\/\/shop.bjerring-sales.dk\/wp-content\/uploads\/2021\/02\/chof07-150x133.jpg 150w, https:\/\/shop.bjerring-sales.dk\/wp-content\/uploads\/2021\/02\/chof07-600x533.jpg 600w, https:\/\/shop.bjerring-sales.dk\/wp-content\/uploads\/2021\/02\/chof07-300x266.jpg 300w, https:\/\/shop.bjerring-sales.dk\/wp-content\/uploads\/2021\/02\/chof07-768x682.jpg 768w\" sizes=\"auto, (max-width: 788px) 100vw, 788px\" \/><\/div>\n\t\t<\/figure>\n\t<\/div>\n<\/div><\/div><\/div><div class=\"wpb_column vc_column_container vc_col-sm-6\"><div class=\"vc_column-inner\"><div class=\"wpb_wrapper\">\n\t<div  class=\"wpb_single_image wpb_content_element vc_align_center\">\n\t\t\n\t\t<figure class=\"wpb_wrapper vc_figure\">\n\t\t\t<div class=\"vc_single_image-wrapper   vc_box_border_grey\"><img loading=\"lazy\" decoding=\"async\" width=\"788\" height=\"700\" src=\"https:\/\/shop.bjerring-sales.dk\/wp-content\/uploads\/2021\/02\/chof06.jpg\" class=\"vc_single_image-img attachment-full\" alt=\"\" title=\"boss06\" srcset=\"https:\/\/shop.bjerring-sales.dk\/wp-content\/uploads\/2021\/02\/chof06.jpg 788w, https:\/\/shop.bjerring-sales.dk\/wp-content\/uploads\/2021\/02\/chof06-150x133.jpg 150w, https:\/\/shop.bjerring-sales.dk\/wp-content\/uploads\/2021\/02\/chof06-600x533.jpg 600w, https:\/\/shop.bjerring-sales.dk\/wp-content\/uploads\/2021\/02\/chof06-300x266.jpg 300w, https:\/\/shop.bjerring-sales.dk\/wp-content\/uploads\/2021\/02\/chof06-768x682.jpg 768w\" sizes=\"auto, (max-width: 788px) 100vw, 788px\" \/><\/div>\n\t\t<\/figure>\n\t<\/div>\n<\/div><\/div><\/div><\/div>\n<\/div>","protected":false},"excerpt":{"rendered":"<p>Choice with fabric upholstery is the perfect chair for conferences, offices and training rooms. The chair is available in many variations with seat and back in fabric upholstery. Choose between having the same color seat\/back or seat\/back in different colors. This creates opportunities for decorators who want to furnish with furniture that follows a company&#039;s graphic profile. MOQ 4 pcs.<\/p>","protected":false},"featured_media":99358,"template":"","meta":{"iawp_total_views":4},"product_brand":[],"product_cat":[5825,6361,5848,5853],"product_tag":[6066,6067,6068,6069,5849,5852,5887,6043],"class_list":{"0":"post-59965","1":"product","2":"type-product","3":"status-publish","4":"has-post-thumbnail","6":"product_cat-stapelbara-stolar","7":"product_cat-choice","8":"product_cat-kladda-stolar","9":"product_cat-konferensstolar","10":"product_tag-stol-med-fyrbensstativ","11":"product_tag-stilren-stol","12":"product_tag-bekvam-stol","13":"product_tag-stol","14":"product_tag-konferensstol","15":"product_tag-stol-med-kladsel","16":"product_tag-matsalsstol","17":"product_tag-tygkladd-stol","19":"first","20":"instock","21":"taxable","22":"shipping-taxable","23":"purchasable","24":"product-type-variable"},"yoast_head":"<!-- This site is optimized with the Yoast SEO plugin v27.0 - https:\/\/yoast.com\/product\/yoast-seo-wordpress\/ -->\n<title>Tygkl\u00e4dd stapelbar stol med fyrbensstativ - Choice - Bjerring-Sales<\/title>\n<meta name=\"description\" content=\"Choice med tygkl\u00e4dsel \u00e4r den perfekta stolen f\u00f6r konferenser, kontor och utbildningsrum. Stolen finns i m\u00e5nga variationer med sits och rygg i tygkl\u00e4dsel.\" \/>\n<meta name=\"robots\" content=\"index, follow, max-snippet:-1, max-image-preview:large, max-video-preview:-1\" \/>\n<link rel=\"canonical\" href=\"https:\/\/shop.bjerring-sales.dk\/en\/product\/tygkladd-stol-fyrbensstativ\/\" \/>\n<meta property=\"og:locale\" content=\"en_GB\" \/>\n<meta property=\"og:type\" content=\"article\" \/>\n<meta property=\"og:title\" content=\"Tygkl\u00e4dd stapelbar stol med fyrbensstativ - Choice - Bjerring-Sales\" \/>\n<meta property=\"og:description\" content=\"Choice med tygkl\u00e4dsel \u00e4r den perfekta stolen f\u00f6r konferenser, kontor och utbildningsrum. Stolen finns i m\u00e5nga variationer med sits och rygg i tygkl\u00e4dsel.\" \/>\n<meta property=\"og:url\" content=\"https:\/\/shop.bjerring-sales.dk\/en\/product\/tygkladd-stol-fyrbensstativ\/\" \/>\n<meta property=\"og:site_name\" content=\"Bjerring-Sales\" \/>\n<meta property=\"article:modified_time\" content=\"2026-03-26T08:20:12+00:00\" \/>\n<meta property=\"og:image\" content=\"https:\/\/shop.bjerring-sales.dk\/wp-content\/uploads\/2024\/10\/Choice_WhiteFrame_DarkgraySeat_LightgrayBack-1.png\" \/>\n\t<meta property=\"og:image:width\" content=\"800\" \/>\n\t<meta property=\"og:image:height\" content=\"800\" \/>\n\t<meta property=\"og:image:type\" content=\"image\/png\" \/>\n<meta name=\"twitter:card\" content=\"summary_large_image\" \/>\n<meta name=\"twitter:label1\" content=\"Estimated reading time\" \/>\n\t<meta name=\"twitter:data1\" content=\"2 minutes\" \/>\n<script type=\"application\/ld+json\" class=\"yoast-schema-graph\">{\"@context\":\"https:\/\/schema.org\",\"@graph\":[{\"@type\":\"WebPage\",\"@id\":\"https:\/\/shop.bjerring-sales.dk\/sv\/produkt\/tygkladd-stol-fyrbensstativ\/\",\"url\":\"https:\/\/shop.bjerring-sales.dk\/sv\/produkt\/tygkladd-stol-fyrbensstativ\/\",\"name\":\"Tygkl\u00e4dd stapelbar stol med fyrbensstativ - Choice - Bjerring-Sales\",\"isPartOf\":{\"@id\":\"https:\/\/shop.bjerring-sales.dk\/#website\"},\"primaryImageOfPage\":{\"@id\":\"https:\/\/shop.bjerring-sales.dk\/sv\/produkt\/tygkladd-stol-fyrbensstativ\/#primaryimage\"},\"image\":{\"@id\":\"https:\/\/shop.bjerring-sales.dk\/sv\/produkt\/tygkladd-stol-fyrbensstativ\/#primaryimage\"},\"thumbnailUrl\":\"https:\/\/shop.bjerring-sales.dk\/wp-content\/uploads\/2024\/10\/Choice_WhiteFrame_DarkgraySeat_LightgrayBack-1.png\",\"datePublished\":\"2020-12-09T10:09:13+00:00\",\"dateModified\":\"2026-03-26T08:20:12+00:00\",\"description\":\"Choice med tygkl\u00e4dsel \u00e4r den perfekta stolen f\u00f6r konferenser, kontor och utbildningsrum. Stolen finns i m\u00e5nga variationer med sits och rygg i tygkl\u00e4dsel.\",\"breadcrumb\":{\"@id\":\"https:\/\/shop.bjerring-sales.dk\/sv\/produkt\/tygkladd-stol-fyrbensstativ\/#breadcrumb\"},\"inLanguage\":\"en-GB\",\"potentialAction\":[{\"@type\":\"ReadAction\",\"target\":[\"https:\/\/shop.bjerring-sales.dk\/sv\/produkt\/tygkladd-stol-fyrbensstativ\/\"]}]},{\"@type\":\"ImageObject\",\"inLanguage\":\"en-GB\",\"@id\":\"https:\/\/shop.bjerring-sales.dk\/sv\/produkt\/tygkladd-stol-fyrbensstativ\/#primaryimage\",\"url\":\"https:\/\/shop.bjerring-sales.dk\/wp-content\/uploads\/2024\/10\/Choice_WhiteFrame_DarkgraySeat_LightgrayBack-1.png\",\"contentUrl\":\"https:\/\/shop.bjerring-sales.dk\/wp-content\/uploads\/2024\/10\/Choice_WhiteFrame_DarkgraySeat_LightgrayBack-1.png\",\"width\":800,\"height\":800},{\"@type\":\"BreadcrumbList\",\"@id\":\"https:\/\/shop.bjerring-sales.dk\/sv\/produkt\/tygkladd-stol-fyrbensstativ\/#breadcrumb\",\"itemListElement\":[{\"@type\":\"ListItem\",\"position\":1,\"name\":\"Hem\",\"item\":\"https:\/\/shop.bjerring-sales.dk\/\"},{\"@type\":\"ListItem\",\"position\":2,\"name\":\"Webbutik\",\"item\":\"https:\/\/shop.bjerring-sales.dk\/butik\/\"},{\"@type\":\"ListItem\",\"position\":3,\"name\":\"Tygkl\u00e4dd stapelbar stol med fyrbensstativ &#8211; Choice\"}]},{\"@type\":\"WebSite\",\"@id\":\"https:\/\/shop.bjerring-sales.dk\/#website\",\"url\":\"https:\/\/shop.bjerring-sales.dk\/\",\"name\":\"Bjerring-Sales\",\"description\":\"M\u00f6bler f\u00f6r teatrar, skolor, kontor och k\u00f6pcentrum\",\"publisher\":{\"@id\":\"https:\/\/shop.bjerring-sales.dk\/#organization\"},\"potentialAction\":[{\"@type\":\"SearchAction\",\"target\":{\"@type\":\"EntryPoint\",\"urlTemplate\":\"https:\/\/shop.bjerring-sales.dk\/?s={search_term_string}\"},\"query-input\":{\"@type\":\"PropertyValueSpecification\",\"valueRequired\":true,\"valueName\":\"search_term_string\"}}],\"inLanguage\":\"en-GB\"},{\"@type\":\"Organization\",\"@id\":\"https:\/\/shop.bjerring-sales.dk\/#organization\",\"name\":\"Bjerring-Sales\",\"url\":\"https:\/\/shop.bjerring-sales.dk\/\",\"logo\":{\"@type\":\"ImageObject\",\"inLanguage\":\"en-GB\",\"@id\":\"https:\/\/shop.bjerring-sales.dk\/#\/schema\/logo\/image\/\",\"url\":\"https:\/\/shop.bjerring-sales.dk\/wp-content\/uploads\/2023\/01\/logo_sv.png\",\"contentUrl\":\"https:\/\/shop.bjerring-sales.dk\/wp-content\/uploads\/2023\/01\/logo_sv.png\",\"width\":195,\"height\":68,\"caption\":\"Bjerring-Sales\"},\"image\":{\"@id\":\"https:\/\/shop.bjerring-sales.dk\/#\/schema\/logo\/image\/\"}}]}<\/script>\n<!-- \/ Yoast SEO plugin. -->","yoast_head_json":{"title":"Tygkl\u00e4dd stapelbar stol med fyrbensstativ - Choice - Bjerring-Sales","description":"Choice with fabric upholstery is the perfect chair for conferences, offices and training rooms. The chair is available in many variations with seat and back in fabric upholstery.","robots":{"index":"index","follow":"follow","max-snippet":"max-snippet:-1","max-image-preview":"max-image-preview:large","max-video-preview":"max-video-preview:-1"},"canonical":"https:\/\/shop.bjerring-sales.dk\/en\/product\/tygkladd-stol-fyrbensstativ\/","og_locale":"en_GB","og_type":"article","og_title":"Tygkl\u00e4dd stapelbar stol med fyrbensstativ - Choice - Bjerring-Sales","og_description":"Choice med tygkl\u00e4dsel \u00e4r den perfekta stolen f\u00f6r konferenser, kontor och utbildningsrum. Stolen finns i m\u00e5nga variationer med sits och rygg i tygkl\u00e4dsel.","og_url":"https:\/\/shop.bjerring-sales.dk\/en\/product\/tygkladd-stol-fyrbensstativ\/","og_site_name":"Bjerring-Sales","article_modified_time":"2026-03-26T08:20:12+00:00","og_image":[{"width":800,"height":800,"url":"https:\/\/shop.bjerring-sales.dk\/wp-content\/uploads\/2024\/10\/Choice_WhiteFrame_DarkgraySeat_LightgrayBack-1.png","type":"image\/png"}],"twitter_card":"summary_large_image","twitter_misc":{"Estimated reading time":"2 minutes"},"schema":{"@context":"https:\/\/schema.org","@graph":[{"@type":"WebPage","@id":"https:\/\/shop.bjerring-sales.dk\/sv\/produkt\/tygkladd-stol-fyrbensstativ\/","url":"https:\/\/shop.bjerring-sales.dk\/sv\/produkt\/tygkladd-stol-fyrbensstativ\/","name":"Tygkl\u00e4dd stapelbar stol med fyrbensstativ - Choice - Bjerring-Sales","isPartOf":{"@id":"https:\/\/shop.bjerring-sales.dk\/#website"},"primaryImageOfPage":{"@id":"https:\/\/shop.bjerring-sales.dk\/sv\/produkt\/tygkladd-stol-fyrbensstativ\/#primaryimage"},"image":{"@id":"https:\/\/shop.bjerring-sales.dk\/sv\/produkt\/tygkladd-stol-fyrbensstativ\/#primaryimage"},"thumbnailUrl":"https:\/\/shop.bjerring-sales.dk\/wp-content\/uploads\/2024\/10\/Choice_WhiteFrame_DarkgraySeat_LightgrayBack-1.png","datePublished":"2020-12-09T10:09:13+00:00","dateModified":"2026-03-26T08:20:12+00:00","description":"Choice with fabric upholstery is the perfect chair for conferences, offices and training rooms. The chair is available in many variations with seat and back in fabric upholstery.","breadcrumb":{"@id":"https:\/\/shop.bjerring-sales.dk\/sv\/produkt\/tygkladd-stol-fyrbensstativ\/#breadcrumb"},"inLanguage":"en-GB","potentialAction":[{"@type":"ReadAction","target":["https:\/\/shop.bjerring-sales.dk\/sv\/produkt\/tygkladd-stol-fyrbensstativ\/"]}]},{"@type":"ImageObject","inLanguage":"en-GB","@id":"https:\/\/shop.bjerring-sales.dk\/sv\/produkt\/tygkladd-stol-fyrbensstativ\/#primaryimage","url":"https:\/\/shop.bjerring-sales.dk\/wp-content\/uploads\/2024\/10\/Choice_WhiteFrame_DarkgraySeat_LightgrayBack-1.png","contentUrl":"https:\/\/shop.bjerring-sales.dk\/wp-content\/uploads\/2024\/10\/Choice_WhiteFrame_DarkgraySeat_LightgrayBack-1.png","width":800,"height":800},{"@type":"BreadcrumbList","@id":"https:\/\/shop.bjerring-sales.dk\/sv\/produkt\/tygkladd-stol-fyrbensstativ\/#breadcrumb","itemListElement":[{"@type":"ListItem","position":1,"name":"Hem","item":"https:\/\/shop.bjerring-sales.dk\/"},{"@type":"ListItem","position":2,"name":"Webbutik","item":"https:\/\/shop.bjerring-sales.dk\/butik\/"},{"@type":"ListItem","position":3,"name":"Tygkl\u00e4dd stapelbar stol med fyrbensstativ &#8211; Choice"}]},{"@type":"WebSite","@id":"https:\/\/shop.bjerring-sales.dk\/#website","url":"https:\/\/shop.bjerring-sales.dk\/","name":"Bjerring Sales","description":"Furniture for theatres, schools, offices and shopping centres","publisher":{"@id":"https:\/\/shop.bjerring-sales.dk\/#organization"},"potentialAction":[{"@type":"SearchAction","target":{"@type":"EntryPoint","urlTemplate":"https:\/\/shop.bjerring-sales.dk\/?s={search_term_string}"},"query-input":{"@type":"PropertyValueSpecification","valueRequired":true,"valueName":"search_term_string"}}],"inLanguage":"en-GB"},{"@type":"Organization","@id":"https:\/\/shop.bjerring-sales.dk\/#organization","name":"Bjerring Sales","url":"https:\/\/shop.bjerring-sales.dk\/","logo":{"@type":"ImageObject","inLanguage":"en-GB","@id":"https:\/\/shop.bjerring-sales.dk\/#\/schema\/logo\/image\/","url":"https:\/\/shop.bjerring-sales.dk\/wp-content\/uploads\/2023\/01\/logo_sv.png","contentUrl":"https:\/\/shop.bjerring-sales.dk\/wp-content\/uploads\/2023\/01\/logo_sv.png","width":195,"height":68,"caption":"Bjerring-Sales"},"image":{"@id":"https:\/\/shop.bjerring-sales.dk\/#\/schema\/logo\/image\/"}}]}},"_links":{"self":[{"href":"https:\/\/shop.bjerring-sales.dk\/en\/wp-json\/wp\/v2\/product\/59965","targetHints":{"allow":["GET"]}}],"collection":[{"href":"https:\/\/shop.bjerring-sales.dk\/en\/wp-json\/wp\/v2\/product"}],"about":[{"href":"https:\/\/shop.bjerring-sales.dk\/en\/wp-json\/wp\/v2\/types\/product"}],"wp:featuredmedia":[{"embeddable":true,"href":"https:\/\/shop.bjerring-sales.dk\/en\/wp-json\/wp\/v2\/media\/99358"}],"wp:attachment":[{"href":"https:\/\/shop.bjerring-sales.dk\/en\/wp-json\/wp\/v2\/media?parent=59965"}],"wp:term":[{"taxonomy":"product_brand","embeddable":true,"href":"https:\/\/shop.bjerring-sales.dk\/en\/wp-json\/wp\/v2\/product_brand?post=59965"},{"taxonomy":"product_cat","embeddable":true,"href":"https:\/\/shop.bjerring-sales.dk\/en\/wp-json\/wp\/v2\/product_cat?post=59965"},{"taxonomy":"product_tag","embeddable":true,"href":"https:\/\/shop.bjerring-sales.dk\/en\/wp-json\/wp\/v2\/product_tag?post=59965"}],"curies":[{"name":"wp","href":"https:\/\/api.w.org\/{rel}","templated":true}]}}