{"id":59735,"date":"2020-12-11T15:07:32","date_gmt":"2020-12-11T14:07:32","guid":{"rendered":"https:\/\/pule.se\/produkt\/stapelbar-stol-i-plast\/"},"modified":"2026-02-16T14:12:11","modified_gmt":"2026-02-16T13:12:11","slug":"stapelbar-stol-i-plast","status":"publish","type":"product","link":"https:\/\/shop.bjerring-sales.dk\/en\/product\/stapelbar-stol-i-plast\/","title":{"rendered":"Stackable chair with seat and back in plastic - Choice"},"content":{"rendered":"<div class=\"wpb-content-wrapper\"><div class=\"vc_row wpb_row vc_row-fluid\"><div class=\"wpb_column vc_column_container vc_col-sm-12\"><div class=\"vc_column-inner\"><div class=\"wpb_wrapper\">\n\t<div class=\"wpb_text_column wpb_content_element\" >\n\t\t<div class=\"wpb_wrapper\">\n\t\t\t<p><span style=\"font-size: 24pt\">Stackable chair with four-legged stand &amp; seat &amp; back in plastic - Choice series<br \/>\n<\/span>The Choice chair is a stackable chair that is stocked in very many variations. Here we present Choice with seat and back in plastic and four-legged stand.<\/p>\n<p>Choice with seat and back in plastic is the perfect chair for conferences, offices and training rooms. The chair is available in many variations where it is only the imagination that sets the limits. Choose between having the same color on the seat \/ back or seat \/ back in different colors. This creates opportunities for interior designers who want to decorate with furniture that follows a company&#039;s graphic profile, or the opportunity to be able to vary with different colors around a table or in a conference room. The Choice chair is also available with a seat \/ back in fabric or if the customer prefers a seat in fabric and back in plastic. Choice is also stocked as a practical stool that can be used next to the desk for colleagues who want to be able to sit down quickly. The Choice chair is unique with many uses and its design creates a comfortable seat that prevents you from getting tired in the back.<\/p>\n\n\t\t<\/div>\n\t<\/div>\n<\/div><\/div><\/div><\/div><div class=\"vc_row wpb_row vc_row-fluid\"><div class=\"wpb_column vc_column_container vc_col-sm-6\"><div class=\"vc_column-inner\"><div class=\"wpb_wrapper\">\n\t<div  class=\"wpb_single_image wpb_content_element vc_align_center\">\n\t\t\n\t\t<figure class=\"wpb_wrapper vc_figure\">\n\t\t\t<div class=\"vc_single_image-wrapper vc_box_shadow_border  vc_box_border_grey\"><img loading=\"lazy\" decoding=\"async\" width=\"800\" height=\"550\" src=\"https:\/\/shop.bjerring-sales.dk\/wp-content\/uploads\/2021\/02\/Hotel_Conference_Luna_Choice_550px.gif\" class=\"vc_single_image-img attachment-full\" alt=\"\" title=\"Hotel_Conference_Luna_Choice_550px\" \/><\/div>\n\t\t<\/figure>\n\t<\/div>\n<\/div><\/div><\/div><div class=\"wpb_column vc_column_container vc_col-sm-6\"><div class=\"vc_column-inner\"><div class=\"wpb_wrapper\">\n\t<div  class=\"wpb_single_image wpb_content_element vc_align_center\">\n\t\t\n\t\t<figure class=\"wpb_wrapper vc_figure\">\n\t\t\t<div class=\"vc_single_image-wrapper vc_box_shadow_border  vc_box_border_grey\"><img loading=\"lazy\" decoding=\"async\" width=\"800\" height=\"550\" src=\"https:\/\/shop.bjerring-sales.dk\/wp-content\/uploads\/2021\/02\/Hotel_Conference_Luna_Choice_01.gif\" class=\"vc_single_image-img attachment-full\" alt=\"\" title=\"Hotel_Conference_Luna_Choice_01\" \/><\/div>\n\t\t<\/figure>\n\t<\/div>\n<\/div><\/div><\/div><\/div><div class=\"vc_row wpb_row vc_row-fluid\"><div class=\"wpb_column vc_column_container vc_col-sm-6\"><div class=\"vc_column-inner\"><div class=\"wpb_wrapper\">\n\t<div class=\"wpb_text_column wpb_content_element\" >\n\t\t<div class=\"wpb_wrapper\">\n\t\t\t<p><span style=\"font-size: 18pt\">Colors<\/span><\/p>\n<ul>\n<li>Seat and back are available in black, white, lime green, orange and dark gray<\/li>\n<li>The stand is available in black, white and silver gray<\/li>\n<\/ul>\n<p><span style=\"font-size: 18pt\">Measure<\/span><\/p>\n<ul>\n<li>Height: 800 mm<\/li>\n<li>Depth: 550 mm<\/li>\n<li>Width at the hind legs: 500 mm<\/li>\n<li>Width at the front legs: 470 mm<\/li>\n<li>Back height from the seat: 335 mm<\/li>\n<li>Seat width: 460 mm<\/li>\n<li>Seat depth: 450 mm<\/li>\n<li>Seat height at the front: 480 mm<\/li>\n<li>Seat height at the rear: 465 mm<\/li>\n<\/ul>\n\n\t\t<\/div>\n\t<\/div>\n<\/div><\/div><\/div><div class=\"wpb_column vc_column_container vc_col-sm-6\"><div class=\"vc_column-inner\"><div class=\"wpb_wrapper\">\n\t<div class=\"wpb_text_column wpb_content_element\" >\n\t\t<div class=\"wpb_wrapper\">\n\t\t\t<p><span style=\"font-size: 18pt\">Weight<\/span><\/p>\n<ul>\n<li>The Choice chair weighs 6.15 kg<\/li>\n<\/ul>\n<p><span style=\"font-size: 18pt\">Specifications<br \/>\n<\/span><\/p>\n<ul>\n<li>Stackable, max 8 pcs in height.<\/li>\n<li>50,000 Martindales<\/li>\n<\/ul>\n<p><span style=\"font-size: 18pt\">Guarantee<br \/>\n<\/span>2 years<\/p>\n\n\t\t<\/div>\n\t<\/div>\n<\/div><\/div><\/div><\/div><div class=\"vc_row wpb_row vc_row-fluid\"><div class=\"wpb_column vc_column_container vc_col-sm-4\"><div class=\"vc_column-inner\"><div class=\"wpb_wrapper\">\n\t<div  class=\"wpb_single_image wpb_content_element vc_align_center\">\n\t\t\n\t\t<figure class=\"wpb_wrapper vc_figure\">\n\t\t\t<div class=\"vc_single_image-wrapper   vc_box_border_grey\"><img loading=\"lazy\" decoding=\"async\" width=\"732\" height=\"800\" src=\"https:\/\/shop.bjerring-sales.dk\/wp-content\/uploads\/2020\/12\/chof01.jpg\" class=\"vc_single_image-img attachment-full\" alt=\"\" title=\"boss01\" srcset=\"https:\/\/shop.bjerring-sales.dk\/wp-content\/uploads\/2020\/12\/chof01.jpg 732w, https:\/\/shop.bjerring-sales.dk\/wp-content\/uploads\/2020\/12\/chof01-150x164.jpg 150w, https:\/\/shop.bjerring-sales.dk\/wp-content\/uploads\/2020\/12\/chof01-600x656.jpg 600w, https:\/\/shop.bjerring-sales.dk\/wp-content\/uploads\/2020\/12\/chof01-275x300.jpg 275w\" sizes=\"auto, (max-width: 732px) 100vw, 732px\" \/><\/div>\n\t\t<\/figure>\n\t<\/div>\n<\/div><\/div><\/div><div class=\"wpb_column vc_column_container vc_col-sm-4\"><div class=\"vc_column-inner\"><div class=\"wpb_wrapper\">\n\t<div  class=\"wpb_single_image wpb_content_element vc_align_center\">\n\t\t\n\t\t<figure class=\"wpb_wrapper vc_figure\">\n\t\t\t<div class=\"vc_single_image-wrapper   vc_box_border_grey\"><img loading=\"lazy\" decoding=\"async\" width=\"732\" height=\"800\" src=\"https:\/\/shop.bjerring-sales.dk\/wp-content\/uploads\/2020\/12\/chof02.jpg\" class=\"vc_single_image-img attachment-full\" alt=\"\" title=\"boss02\" srcset=\"https:\/\/shop.bjerring-sales.dk\/wp-content\/uploads\/2020\/12\/chof02.jpg 732w, https:\/\/shop.bjerring-sales.dk\/wp-content\/uploads\/2020\/12\/chof02-150x164.jpg 150w, https:\/\/shop.bjerring-sales.dk\/wp-content\/uploads\/2020\/12\/chof02-600x656.jpg 600w, https:\/\/shop.bjerring-sales.dk\/wp-content\/uploads\/2020\/12\/chof02-275x300.jpg 275w\" sizes=\"auto, (max-width: 732px) 100vw, 732px\" \/><\/div>\n\t\t<\/figure>\n\t<\/div>\n<\/div><\/div><\/div><div class=\"wpb_column vc_column_container vc_col-sm-4\"><div class=\"vc_column-inner\"><div class=\"wpb_wrapper\">\n\t<div  class=\"wpb_single_image wpb_content_element vc_align_center\">\n\t\t\n\t\t<figure class=\"wpb_wrapper vc_figure\">\n\t\t\t<div class=\"vc_single_image-wrapper   vc_box_border_grey\"><img loading=\"lazy\" decoding=\"async\" width=\"732\" height=\"800\" src=\"https:\/\/shop.bjerring-sales.dk\/wp-content\/uploads\/2020\/12\/chof03.jpg\" class=\"vc_single_image-img attachment-full\" alt=\"\" title=\"boss03\" srcset=\"https:\/\/shop.bjerring-sales.dk\/wp-content\/uploads\/2020\/12\/chof03.jpg 732w, https:\/\/shop.bjerring-sales.dk\/wp-content\/uploads\/2020\/12\/chof03-150x164.jpg 150w, https:\/\/shop.bjerring-sales.dk\/wp-content\/uploads\/2020\/12\/chof03-600x656.jpg 600w, https:\/\/shop.bjerring-sales.dk\/wp-content\/uploads\/2020\/12\/chof03-275x300.jpg 275w\" sizes=\"auto, (max-width: 732px) 100vw, 732px\" \/><\/div>\n\t\t<\/figure>\n\t<\/div>\n<\/div><\/div><\/div><\/div>\n<\/div>","protected":false},"excerpt":{"rendered":"<p>The Choice chair is a stackable chair that is stocked in many variations. Here we present Choice with plastic seat and back and four-legged stand. Choice with plastic seat and back is the perfect chair for conferences, offices and training rooms. MOQ 4 pcs<\/p>","protected":false},"featured_media":99225,"template":"","meta":{"iawp_total_views":4},"product_brand":[],"product_cat":[5825,6361,5853],"product_tag":[5849,5850,5887,6047,6066,6067,6068,6069],"class_list":{"0":"post-59735","1":"product","2":"type-product","3":"status-publish","4":"has-post-thumbnail","6":"product_cat-stapelbara-stolar","7":"product_cat-choice","8":"product_cat-konferensstolar","9":"product_tag-konferensstol","10":"product_tag-stapelbar-stol","11":"product_tag-matsalsstol","12":"product_tag-choice-stolen","13":"product_tag-stol-med-fyrbensstativ","14":"product_tag-stilren-stol","15":"product_tag-bekvam-stol","16":"product_tag-stol","18":"first","19":"instock","20":"taxable","21":"shipping-taxable","22":"purchasable","23":"product-type-variable"},"yoast_head":"<!-- This site is optimized with the Yoast SEO plugin v27.0 - https:\/\/yoast.com\/product\/yoast-seo-wordpress\/ -->\n<title>Stapelbar stol med sits och rygg i plast - Choice - Bjerring-Sales<\/title>\n<meta name=\"description\" content=\"Choice stolen \u00e4r en stapelbar stol som lagerh\u00e5lls i v\u00e4ldigt m\u00e5nga variationer. H\u00e4r presenterar vi Choice med sits och rygg i plast och fyrbensstativ.\" \/>\n<meta name=\"robots\" content=\"index, follow, max-snippet:-1, max-image-preview:large, max-video-preview:-1\" \/>\n<link rel=\"canonical\" href=\"https:\/\/shop.bjerring-sales.dk\/en\/product\/stapelbar-stol-i-plast\/\" \/>\n<meta property=\"og:locale\" content=\"en_GB\" \/>\n<meta property=\"og:type\" content=\"article\" \/>\n<meta property=\"og:title\" content=\"Stapelbar stol med sits och rygg i plast - Choice - Bjerring-Sales\" \/>\n<meta property=\"og:description\" content=\"Choice stolen \u00e4r en stapelbar stol som lagerh\u00e5lls i v\u00e4ldigt m\u00e5nga variationer. H\u00e4r presenterar vi Choice med sits och rygg i plast och fyrbensstativ.\" \/>\n<meta property=\"og:url\" content=\"https:\/\/shop.bjerring-sales.dk\/en\/product\/stapelbar-stol-i-plast\/\" \/>\n<meta property=\"og:site_name\" content=\"Bjerring-Sales\" \/>\n<meta property=\"article:modified_time\" content=\"2026-02-16T13:12:11+00:00\" \/>\n<meta property=\"og:image\" content=\"https:\/\/shop.bjerring-sales.dk\/wp-content\/uploads\/2024\/10\/Choice_WhiteBack_WhiteLegs_DarkgraySeat-1.png\" \/>\n\t<meta property=\"og:image:width\" content=\"800\" \/>\n\t<meta property=\"og:image:height\" content=\"800\" \/>\n\t<meta property=\"og:image:type\" content=\"image\/png\" \/>\n<meta name=\"twitter:card\" content=\"summary_large_image\" \/>\n<meta name=\"twitter:label1\" content=\"Estimated reading time\" \/>\n\t<meta name=\"twitter:data1\" content=\"2 minutes\" \/>\n<script type=\"application\/ld+json\" class=\"yoast-schema-graph\">{\"@context\":\"https:\/\/schema.org\",\"@graph\":[{\"@type\":\"WebPage\",\"@id\":\"https:\/\/shop.bjerring-sales.dk\/sv\/produkt\/stapelbar-stol-i-plast\/\",\"url\":\"https:\/\/shop.bjerring-sales.dk\/sv\/produkt\/stapelbar-stol-i-plast\/\",\"name\":\"Stapelbar stol med sits och rygg i plast - Choice - Bjerring-Sales\",\"isPartOf\":{\"@id\":\"https:\/\/shop.bjerring-sales.dk\/#website\"},\"primaryImageOfPage\":{\"@id\":\"https:\/\/shop.bjerring-sales.dk\/sv\/produkt\/stapelbar-stol-i-plast\/#primaryimage\"},\"image\":{\"@id\":\"https:\/\/shop.bjerring-sales.dk\/sv\/produkt\/stapelbar-stol-i-plast\/#primaryimage\"},\"thumbnailUrl\":\"https:\/\/shop.bjerring-sales.dk\/wp-content\/uploads\/2024\/10\/Choice_WhiteBack_WhiteLegs_DarkgraySeat-1.png\",\"datePublished\":\"2020-12-11T14:07:32+00:00\",\"dateModified\":\"2026-02-16T13:12:11+00:00\",\"description\":\"Choice stolen \u00e4r en stapelbar stol som lagerh\u00e5lls i v\u00e4ldigt m\u00e5nga variationer. H\u00e4r presenterar vi Choice med sits och rygg i plast och fyrbensstativ.\",\"breadcrumb\":{\"@id\":\"https:\/\/shop.bjerring-sales.dk\/sv\/produkt\/stapelbar-stol-i-plast\/#breadcrumb\"},\"inLanguage\":\"en-GB\",\"potentialAction\":[{\"@type\":\"ReadAction\",\"target\":[\"https:\/\/shop.bjerring-sales.dk\/sv\/produkt\/stapelbar-stol-i-plast\/\"]}]},{\"@type\":\"ImageObject\",\"inLanguage\":\"en-GB\",\"@id\":\"https:\/\/shop.bjerring-sales.dk\/sv\/produkt\/stapelbar-stol-i-plast\/#primaryimage\",\"url\":\"https:\/\/shop.bjerring-sales.dk\/wp-content\/uploads\/2024\/10\/Choice_WhiteBack_WhiteLegs_DarkgraySeat-1.png\",\"contentUrl\":\"https:\/\/shop.bjerring-sales.dk\/wp-content\/uploads\/2024\/10\/Choice_WhiteBack_WhiteLegs_DarkgraySeat-1.png\",\"width\":800,\"height\":800},{\"@type\":\"BreadcrumbList\",\"@id\":\"https:\/\/shop.bjerring-sales.dk\/sv\/produkt\/stapelbar-stol-i-plast\/#breadcrumb\",\"itemListElement\":[{\"@type\":\"ListItem\",\"position\":1,\"name\":\"Hem\",\"item\":\"https:\/\/shop.bjerring-sales.dk\/\"},{\"@type\":\"ListItem\",\"position\":2,\"name\":\"Webbutik\",\"item\":\"https:\/\/shop.bjerring-sales.dk\/butik\/\"},{\"@type\":\"ListItem\",\"position\":3,\"name\":\"Stapelbar stol med sits och rygg i plast &#8211; Choice\"}]},{\"@type\":\"WebSite\",\"@id\":\"https:\/\/shop.bjerring-sales.dk\/#website\",\"url\":\"https:\/\/shop.bjerring-sales.dk\/\",\"name\":\"Bjerring-Sales\",\"description\":\"M\u00f6bler f\u00f6r teatrar, skolor, kontor och k\u00f6pcentrum\",\"publisher\":{\"@id\":\"https:\/\/shop.bjerring-sales.dk\/#organization\"},\"potentialAction\":[{\"@type\":\"SearchAction\",\"target\":{\"@type\":\"EntryPoint\",\"urlTemplate\":\"https:\/\/shop.bjerring-sales.dk\/?s={search_term_string}\"},\"query-input\":{\"@type\":\"PropertyValueSpecification\",\"valueRequired\":true,\"valueName\":\"search_term_string\"}}],\"inLanguage\":\"en-GB\"},{\"@type\":\"Organization\",\"@id\":\"https:\/\/shop.bjerring-sales.dk\/#organization\",\"name\":\"Bjerring-Sales\",\"url\":\"https:\/\/shop.bjerring-sales.dk\/\",\"logo\":{\"@type\":\"ImageObject\",\"inLanguage\":\"en-GB\",\"@id\":\"https:\/\/shop.bjerring-sales.dk\/#\/schema\/logo\/image\/\",\"url\":\"https:\/\/shop.bjerring-sales.dk\/wp-content\/uploads\/2023\/01\/logo_sv.png\",\"contentUrl\":\"https:\/\/shop.bjerring-sales.dk\/wp-content\/uploads\/2023\/01\/logo_sv.png\",\"width\":195,\"height\":68,\"caption\":\"Bjerring-Sales\"},\"image\":{\"@id\":\"https:\/\/shop.bjerring-sales.dk\/#\/schema\/logo\/image\/\"}}]}<\/script>\n<!-- \/ Yoast SEO plugin. -->","yoast_head_json":{"title":"Stapelbar stol med sits och rygg i plast - Choice - Bjerring-Sales","description":"The Choice chair is a stackable chair that is stocked in very many variations. Here we present Choice with seat and back in plastic and four-legged stand.","robots":{"index":"index","follow":"follow","max-snippet":"max-snippet:-1","max-image-preview":"max-image-preview:large","max-video-preview":"max-video-preview:-1"},"canonical":"https:\/\/shop.bjerring-sales.dk\/en\/product\/stapelbar-stol-i-plast\/","og_locale":"en_GB","og_type":"article","og_title":"Stapelbar stol med sits och rygg i plast - Choice - Bjerring-Sales","og_description":"Choice stolen \u00e4r en stapelbar stol som lagerh\u00e5lls i v\u00e4ldigt m\u00e5nga variationer. H\u00e4r presenterar vi Choice med sits och rygg i plast och fyrbensstativ.","og_url":"https:\/\/shop.bjerring-sales.dk\/en\/product\/stapelbar-stol-i-plast\/","og_site_name":"Bjerring-Sales","article_modified_time":"2026-02-16T13:12:11+00:00","og_image":[{"width":800,"height":800,"url":"https:\/\/shop.bjerring-sales.dk\/wp-content\/uploads\/2024\/10\/Choice_WhiteBack_WhiteLegs_DarkgraySeat-1.png","type":"image\/png"}],"twitter_card":"summary_large_image","twitter_misc":{"Estimated reading time":"2 minutes"},"schema":{"@context":"https:\/\/schema.org","@graph":[{"@type":"WebPage","@id":"https:\/\/shop.bjerring-sales.dk\/sv\/produkt\/stapelbar-stol-i-plast\/","url":"https:\/\/shop.bjerring-sales.dk\/sv\/produkt\/stapelbar-stol-i-plast\/","name":"Stapelbar stol med sits och rygg i plast - Choice - Bjerring-Sales","isPartOf":{"@id":"https:\/\/shop.bjerring-sales.dk\/#website"},"primaryImageOfPage":{"@id":"https:\/\/shop.bjerring-sales.dk\/sv\/produkt\/stapelbar-stol-i-plast\/#primaryimage"},"image":{"@id":"https:\/\/shop.bjerring-sales.dk\/sv\/produkt\/stapelbar-stol-i-plast\/#primaryimage"},"thumbnailUrl":"https:\/\/shop.bjerring-sales.dk\/wp-content\/uploads\/2024\/10\/Choice_WhiteBack_WhiteLegs_DarkgraySeat-1.png","datePublished":"2020-12-11T14:07:32+00:00","dateModified":"2026-02-16T13:12:11+00:00","description":"The Choice chair is a stackable chair that is stocked in very many variations. Here we present Choice with seat and back in plastic and four-legged stand.","breadcrumb":{"@id":"https:\/\/shop.bjerring-sales.dk\/sv\/produkt\/stapelbar-stol-i-plast\/#breadcrumb"},"inLanguage":"en-GB","potentialAction":[{"@type":"ReadAction","target":["https:\/\/shop.bjerring-sales.dk\/sv\/produkt\/stapelbar-stol-i-plast\/"]}]},{"@type":"ImageObject","inLanguage":"en-GB","@id":"https:\/\/shop.bjerring-sales.dk\/sv\/produkt\/stapelbar-stol-i-plast\/#primaryimage","url":"https:\/\/shop.bjerring-sales.dk\/wp-content\/uploads\/2024\/10\/Choice_WhiteBack_WhiteLegs_DarkgraySeat-1.png","contentUrl":"https:\/\/shop.bjerring-sales.dk\/wp-content\/uploads\/2024\/10\/Choice_WhiteBack_WhiteLegs_DarkgraySeat-1.png","width":800,"height":800},{"@type":"BreadcrumbList","@id":"https:\/\/shop.bjerring-sales.dk\/sv\/produkt\/stapelbar-stol-i-plast\/#breadcrumb","itemListElement":[{"@type":"ListItem","position":1,"name":"Hem","item":"https:\/\/shop.bjerring-sales.dk\/"},{"@type":"ListItem","position":2,"name":"Webbutik","item":"https:\/\/shop.bjerring-sales.dk\/butik\/"},{"@type":"ListItem","position":3,"name":"Stapelbar stol med sits och rygg i plast &#8211; Choice"}]},{"@type":"WebSite","@id":"https:\/\/shop.bjerring-sales.dk\/#website","url":"https:\/\/shop.bjerring-sales.dk\/","name":"Bjerring Sales","description":"Furniture for theatres, schools, offices and shopping centres","publisher":{"@id":"https:\/\/shop.bjerring-sales.dk\/#organization"},"potentialAction":[{"@type":"SearchAction","target":{"@type":"EntryPoint","urlTemplate":"https:\/\/shop.bjerring-sales.dk\/?s={search_term_string}"},"query-input":{"@type":"PropertyValueSpecification","valueRequired":true,"valueName":"search_term_string"}}],"inLanguage":"en-GB"},{"@type":"Organization","@id":"https:\/\/shop.bjerring-sales.dk\/#organization","name":"Bjerring Sales","url":"https:\/\/shop.bjerring-sales.dk\/","logo":{"@type":"ImageObject","inLanguage":"en-GB","@id":"https:\/\/shop.bjerring-sales.dk\/#\/schema\/logo\/image\/","url":"https:\/\/shop.bjerring-sales.dk\/wp-content\/uploads\/2023\/01\/logo_sv.png","contentUrl":"https:\/\/shop.bjerring-sales.dk\/wp-content\/uploads\/2023\/01\/logo_sv.png","width":195,"height":68,"caption":"Bjerring-Sales"},"image":{"@id":"https:\/\/shop.bjerring-sales.dk\/#\/schema\/logo\/image\/"}}]}},"_links":{"self":[{"href":"https:\/\/shop.bjerring-sales.dk\/en\/wp-json\/wp\/v2\/product\/59735","targetHints":{"allow":["GET"]}}],"collection":[{"href":"https:\/\/shop.bjerring-sales.dk\/en\/wp-json\/wp\/v2\/product"}],"about":[{"href":"https:\/\/shop.bjerring-sales.dk\/en\/wp-json\/wp\/v2\/types\/product"}],"wp:featuredmedia":[{"embeddable":true,"href":"https:\/\/shop.bjerring-sales.dk\/en\/wp-json\/wp\/v2\/media\/99225"}],"wp:attachment":[{"href":"https:\/\/shop.bjerring-sales.dk\/en\/wp-json\/wp\/v2\/media?parent=59735"}],"wp:term":[{"taxonomy":"product_brand","embeddable":true,"href":"https:\/\/shop.bjerring-sales.dk\/en\/wp-json\/wp\/v2\/product_brand?post=59735"},{"taxonomy":"product_cat","embeddable":true,"href":"https:\/\/shop.bjerring-sales.dk\/en\/wp-json\/wp\/v2\/product_cat?post=59735"},{"taxonomy":"product_tag","embeddable":true,"href":"https:\/\/shop.bjerring-sales.dk\/en\/wp-json\/wp\/v2\/product_tag?post=59735"}],"curies":[{"name":"wp","href":"https:\/\/api.w.org\/{rel}","templated":true}]}}