{"id":59473,"date":"2022-10-10T12:00:55","date_gmt":"2022-10-10T10:00:55","guid":{"rendered":"https:\/\/pule.se\/produkt\/luna-u\/"},"modified":"2026-04-17T15:57:20","modified_gmt":"2026-04-17T13:57:20","slug":"luna-u","status":"publish","type":"product","link":"https:\/\/shop.bjerring-sales.dk\/en\/product\/luna-u\/","title":{"rendered":"Luna U - A stylish table with fixed legs in a U-shape"},"content":{"rendered":"<div class=\"wpb-content-wrapper\"><div class=\"vc_row wpb_row vc_row-fluid\"><div class=\"wpb_column vc_column_container vc_col-sm-12\"><div class=\"vc_column-inner\"><div class=\"wpb_wrapper\">\n\t<div class=\"wpb_text_column wpb_content_element\" >\n\t\t<div class=\"wpb_wrapper\">\n\t\t\t<p><span style=\"font-size: 24pt\">An affordable table with U-stand for all types of rooms - the Luna series<br \/>\n<\/span>The Luna series consists of tables with fixed legs in different shapes. Luna U has a U-shaped stand and is stocked in 10 sizes with different choices of tabletops and stand colors. The tables in the Luna series are light, elegant and made for the modern office. Thanks to an innovative design and functionality, Luna tables are suitable as desks for offices, meeting tables for meeting rooms and conference rooms, dining tables for dining rooms, etc. A table that fits in everywhere!<\/p>\n\n\t\t<\/div>\n\t<\/div>\n<\/div><\/div><\/div><\/div><div class=\"vc_row wpb_row vc_row-fluid\"><div class=\"wpb_column vc_column_container vc_col-sm-4\"><div class=\"vc_column-inner\"><div class=\"wpb_wrapper\">\n\t<div  class=\"wpb_single_image wpb_content_element vc_align_center\">\n\t\t\n\t\t<figure class=\"wpb_wrapper vc_figure\">\n\t\t\t<div class=\"vc_single_image-wrapper vc_box_shadow_border  vc_box_border_grey\"><img loading=\"lazy\" decoding=\"async\" width=\"800\" height=\"550\" src=\"https:\/\/shop.bjerring-sales.dk\/wp-content\/uploads\/2021\/01\/Choice-Luna-Dinning_04-1.gif\" class=\"vc_single_image-img attachment-full\" alt=\"\" title=\"Choice-Luna-Dinning_04\" \/><\/div>\n\t\t<\/figure>\n\t<\/div>\n<\/div><\/div><\/div><div class=\"wpb_column vc_column_container vc_col-sm-4\"><div class=\"vc_column-inner\"><div class=\"wpb_wrapper\">\n\t<div  class=\"wpb_single_image wpb_content_element vc_align_center\">\n\t\t\n\t\t<figure class=\"wpb_wrapper vc_figure\">\n\t\t\t<div class=\"vc_single_image-wrapper vc_box_shadow_border  vc_box_border_grey\"><img loading=\"lazy\" decoding=\"async\" width=\"800\" height=\"550\" src=\"https:\/\/shop.bjerring-sales.dk\/wp-content\/uploads\/2021\/01\/Choice-Luna-Dinning-1.gif\" class=\"vc_single_image-img attachment-full\" alt=\"\" title=\"Choice-Luna-Dinning\" \/><\/div>\n\t\t<\/figure>\n\t<\/div>\n<\/div><\/div><\/div><div class=\"wpb_column vc_column_container vc_col-sm-4\"><div class=\"vc_column-inner\"><div class=\"wpb_wrapper\">\n\t<div  class=\"wpb_single_image wpb_content_element vc_align_center\">\n\t\t\n\t\t<figure class=\"wpb_wrapper vc_figure\">\n\t\t\t<div class=\"vc_single_image-wrapper vc_box_shadow_border  vc_box_border_grey\"><img loading=\"lazy\" decoding=\"async\" width=\"800\" height=\"550\" src=\"https:\/\/shop.bjerring-sales.dk\/wp-content\/uploads\/2021\/01\/Chair_Choice_table_Luna_550px.gif\" class=\"vc_single_image-img attachment-full\" alt=\"\" title=\"Chair_Choice_table_Luna_550px\" \/><\/div>\n\t\t<\/figure>\n\t<\/div>\n<\/div><\/div><\/div><\/div><div class=\"vc_row wpb_row vc_row-fluid\"><div class=\"wpb_column vc_column_container vc_col-sm-6\"><div class=\"vc_column-inner\"><div class=\"wpb_wrapper\">\n\t<div class=\"wpb_text_column wpb_content_element\" >\n\t\t<div class=\"wpb_wrapper\">\n\t\t\t<p><span style=\"font-size: 18pt\">Stand<br \/>\n<\/span>The stand is made of metal tubes with the dimensions: 40x40x2 mm. The stand is powder coated and has plastic feet with height equalization (+ 10 mm). There is a 10 mm space between the legs and the desk, which gives a modern effect. All racks meet the requirements of the LST EN 527-3 standard.<\/p>\n<p><span style=\"font-size: 18pt\">Mounting<br \/>\n<\/span>The Luna table is delivered unassembled, the parts for the stand are drilled and threaded which makes it easy to assemble, only a 5mm hex key is needed (not included). When ordering a complete table, a self-drilling wood screw (PZ 2) for the table top is also included as it is not pre-drilled.<\/p>\n<p><img loading=\"lazy\" decoding=\"async\" class=\"alignnone size-full wp-image-72653\" src=\"https:\/\/shop.bjerring-sales.dk\/wp-content\/uploads\/2021\/03\/PDF-doc-16.png\" alt=\"\" width=\"16\" height=\"16\" \/>\u00a0<a href=\"https:\/\/elj.se\/wp-content\/uploads\/2022\/10\/Monteringsanvisning-Luna-A-och-U.pdf\" target=\"_blank\" rel=\"noopener\">Download assembly instructions<\/a><\/p>\n<p><span style=\"font-size: 18pt\">Specifications<br \/>\n<\/span><\/p>\n<ul>\n<li>Desk height - 740 mm<\/li>\n<li>All desks meet the requirements of the LST EN 527-3 standard<\/li>\n<li>Only one tool for mounting (insect wrench DIN 911 S5)<\/li>\n<\/ul>\n<p><span style=\"font-size: 18pt\">Colors<\/span><\/p>\n<ul>\n<li>Table tops are available in beech, birch, oak, white, black, gray and urban oak<\/li>\n<li>The table stand is available in black, white and silver gray<\/li>\n<\/ul>\n\n\t\t<\/div>\n\t<\/div>\n<\/div><\/div><\/div><div class=\"wpb_column vc_column_container vc_col-sm-6\"><div class=\"vc_column-inner\"><div class=\"wpb_wrapper\">\n\t<div class=\"wpb_text_column wpb_content_element\" >\n\t\t<div class=\"wpb_wrapper\">\n\t\t\t<p><span style=\"font-size: 18pt\">Measure<\/span><\/p>\n<ul>\n<li>120 \u00d7 60 cm<\/li>\n<li>120 \u00d7 70 cm<\/li>\n<li>120 \u00d7 80 cm<\/li>\n<li>140 \u00d7 60 cm<\/li>\n<li>140 \u00d7 70 cm<\/li>\n<li>140 \u00d7 80 cm<\/li>\n<li>160 \u00d7 70 cm<\/li>\n<li>160 \u00d7 80 cm<\/li>\n<li>180 \u00d7 70 cm<\/li>\n<li>180 \u00d7 80 cm<\/li>\n<\/ul>\n<p><span style=\"font-size: 18pt\">Guarantee<br \/>\n<\/span>2 years<\/p>\n\n\t\t<\/div>\n\t<\/div>\n<\/div><\/div><\/div><\/div><div class=\"vc_row wpb_row vc_row-fluid\"><div class=\"wpb_column vc_column_container vc_col-sm-12\"><div class=\"vc_column-inner\"><div class=\"wpb_wrapper\"><div class=\"vc_separator wpb_content_element vc_separator_align_center vc_sep_width_100 vc_sep_pos_align_center vc_separator_no_text vc_sep_color_grey\" ><span class=\"vc_sep_holder vc_sep_holder_l\"><span class=\"vc_sep_line\"><\/span><\/span><span class=\"vc_sep_holder vc_sep_holder_r\"><span class=\"vc_sep_line\"><\/span><\/span>\n<\/div><\/div><\/div><\/div><\/div><div class=\"vc_row wpb_row vc_row-fluid\"><div class=\"wpb_column vc_column_container vc_col-sm-6\"><div class=\"vc_column-inner\"><div class=\"wpb_wrapper\">\n\t<div  class=\"wpb_single_image wpb_content_element vc_align_center\">\n\t\t\n\t\t<figure class=\"wpb_wrapper vc_figure\">\n\t\t\t<div class=\"vc_single_image-wrapper   vc_box_border_grey\"><img loading=\"lazy\" decoding=\"async\" width=\"1920\" height=\"1440\" src=\"https:\/\/shop.bjerring-sales.dk\/wp-content\/uploads\/2021\/01\/Miniatyrer_Luna_U_1.jpg\" class=\"vc_single_image-img attachment-full\" alt=\"\" title=\"Thumbnails_Luna_U_1\" srcset=\"https:\/\/shop.bjerring-sales.dk\/wp-content\/uploads\/2021\/01\/Miniatyrer_Luna_U_1.jpg 1920w, https:\/\/shop.bjerring-sales.dk\/wp-content\/uploads\/2021\/01\/Miniatyrer_Luna_U_1-150x113.jpg 150w, https:\/\/shop.bjerring-sales.dk\/wp-content\/uploads\/2021\/01\/Miniatyrer_Luna_U_1-600x450.jpg 600w, https:\/\/shop.bjerring-sales.dk\/wp-content\/uploads\/2021\/01\/Miniatyrer_Luna_U_1-300x225.jpg 300w, https:\/\/shop.bjerring-sales.dk\/wp-content\/uploads\/2021\/01\/Miniatyrer_Luna_U_1-1024x768.jpg 1024w, https:\/\/shop.bjerring-sales.dk\/wp-content\/uploads\/2021\/01\/Miniatyrer_Luna_U_1-768x576.jpg 768w, https:\/\/shop.bjerring-sales.dk\/wp-content\/uploads\/2021\/01\/Miniatyrer_Luna_U_1-1536x1152.jpg 1536w, https:\/\/shop.bjerring-sales.dk\/wp-content\/uploads\/2021\/01\/Miniatyrer_Luna_U_1-2048x1536.jpg 2048w\" sizes=\"auto, (max-width: 1920px) 100vw, 1920px\" \/><\/div>\n\t\t<\/figure>\n\t<\/div>\n<\/div><\/div><\/div><div class=\"wpb_column vc_column_container vc_col-sm-6\"><div class=\"vc_column-inner\"><div class=\"wpb_wrapper\">\n\t<div  class=\"wpb_single_image wpb_content_element vc_align_center\">\n\t\t\n\t\t<figure class=\"wpb_wrapper vc_figure\">\n\t\t\t<div class=\"vc_single_image-wrapper   vc_box_border_grey\"><img loading=\"lazy\" decoding=\"async\" width=\"1920\" height=\"1440\" src=\"https:\/\/shop.bjerring-sales.dk\/wp-content\/uploads\/2021\/01\/Miniatyrer_Luna_U_2.jpg\" class=\"vc_single_image-img attachment-full\" alt=\"\" title=\"Thumbnails_Luna_U_2\" srcset=\"https:\/\/shop.bjerring-sales.dk\/wp-content\/uploads\/2021\/01\/Miniatyrer_Luna_U_2.jpg 1920w, https:\/\/shop.bjerring-sales.dk\/wp-content\/uploads\/2021\/01\/Miniatyrer_Luna_U_2-150x113.jpg 150w, https:\/\/shop.bjerring-sales.dk\/wp-content\/uploads\/2021\/01\/Miniatyrer_Luna_U_2-600x450.jpg 600w, https:\/\/shop.bjerring-sales.dk\/wp-content\/uploads\/2021\/01\/Miniatyrer_Luna_U_2-300x225.jpg 300w, https:\/\/shop.bjerring-sales.dk\/wp-content\/uploads\/2021\/01\/Miniatyrer_Luna_U_2-1024x768.jpg 1024w, https:\/\/shop.bjerring-sales.dk\/wp-content\/uploads\/2021\/01\/Miniatyrer_Luna_U_2-768x576.jpg 768w, https:\/\/shop.bjerring-sales.dk\/wp-content\/uploads\/2021\/01\/Miniatyrer_Luna_U_2-1536x1152.jpg 1536w, https:\/\/shop.bjerring-sales.dk\/wp-content\/uploads\/2021\/01\/Miniatyrer_Luna_U_2-2048x1536.jpg 2048w\" sizes=\"auto, (max-width: 1920px) 100vw, 1920px\" \/><\/div>\n\t\t<\/figure>\n\t<\/div>\n<\/div><\/div><\/div><\/div><div class=\"vc_row wpb_row vc_row-fluid\"><div class=\"wpb_column vc_column_container vc_col-sm-6\"><div class=\"vc_column-inner\"><div class=\"wpb_wrapper\">\n\t<div  class=\"wpb_single_image wpb_content_element vc_align_center\">\n\t\t\n\t\t<figure class=\"wpb_wrapper vc_figure\">\n\t\t\t<div class=\"vc_single_image-wrapper   vc_box_border_grey\"><img loading=\"lazy\" decoding=\"async\" width=\"1920\" height=\"1440\" src=\"https:\/\/shop.bjerring-sales.dk\/wp-content\/uploads\/2021\/01\/Miniatyrer_Luna_U_3.jpg\" class=\"vc_single_image-img attachment-full\" alt=\"\" title=\"Thumbnails_Luna_U_3\" srcset=\"https:\/\/shop.bjerring-sales.dk\/wp-content\/uploads\/2021\/01\/Miniatyrer_Luna_U_3.jpg 1920w, https:\/\/shop.bjerring-sales.dk\/wp-content\/uploads\/2021\/01\/Miniatyrer_Luna_U_3-150x113.jpg 150w, https:\/\/shop.bjerring-sales.dk\/wp-content\/uploads\/2021\/01\/Miniatyrer_Luna_U_3-600x450.jpg 600w, https:\/\/shop.bjerring-sales.dk\/wp-content\/uploads\/2021\/01\/Miniatyrer_Luna_U_3-300x225.jpg 300w, https:\/\/shop.bjerring-sales.dk\/wp-content\/uploads\/2021\/01\/Miniatyrer_Luna_U_3-1024x768.jpg 1024w, https:\/\/shop.bjerring-sales.dk\/wp-content\/uploads\/2021\/01\/Miniatyrer_Luna_U_3-768x576.jpg 768w, https:\/\/shop.bjerring-sales.dk\/wp-content\/uploads\/2021\/01\/Miniatyrer_Luna_U_3-1536x1152.jpg 1536w, https:\/\/shop.bjerring-sales.dk\/wp-content\/uploads\/2021\/01\/Miniatyrer_Luna_U_3-2048x1536.jpg 2048w\" sizes=\"auto, (max-width: 1920px) 100vw, 1920px\" \/><\/div>\n\t\t<\/figure>\n\t<\/div>\n<\/div><\/div><\/div><div class=\"wpb_column vc_column_container vc_col-sm-6\"><div class=\"vc_column-inner\"><div class=\"wpb_wrapper\">\n\t<div  class=\"wpb_single_image wpb_content_element vc_align_center\">\n\t\t\n\t\t<figure class=\"wpb_wrapper vc_figure\">\n\t\t\t<div class=\"vc_single_image-wrapper   vc_box_border_grey\"><img loading=\"lazy\" decoding=\"async\" width=\"1920\" height=\"1440\" src=\"https:\/\/shop.bjerring-sales.dk\/wp-content\/uploads\/2021\/01\/Miniatyrer_Luna_U_4.jpg\" class=\"vc_single_image-img attachment-full\" alt=\"\" title=\"Thumbnails_Luna_U_4\" srcset=\"https:\/\/shop.bjerring-sales.dk\/wp-content\/uploads\/2021\/01\/Miniatyrer_Luna_U_4.jpg 1920w, https:\/\/shop.bjerring-sales.dk\/wp-content\/uploads\/2021\/01\/Miniatyrer_Luna_U_4-150x113.jpg 150w, https:\/\/shop.bjerring-sales.dk\/wp-content\/uploads\/2021\/01\/Miniatyrer_Luna_U_4-600x450.jpg 600w, https:\/\/shop.bjerring-sales.dk\/wp-content\/uploads\/2021\/01\/Miniatyrer_Luna_U_4-300x225.jpg 300w, https:\/\/shop.bjerring-sales.dk\/wp-content\/uploads\/2021\/01\/Miniatyrer_Luna_U_4-1024x768.jpg 1024w, https:\/\/shop.bjerring-sales.dk\/wp-content\/uploads\/2021\/01\/Miniatyrer_Luna_U_4-768x576.jpg 768w, https:\/\/shop.bjerring-sales.dk\/wp-content\/uploads\/2021\/01\/Miniatyrer_Luna_U_4-1536x1152.jpg 1536w, https:\/\/shop.bjerring-sales.dk\/wp-content\/uploads\/2021\/01\/Miniatyrer_Luna_U_4-2048x1536.jpg 2048w\" sizes=\"auto, (max-width: 1920px) 100vw, 1920px\" \/><\/div>\n\t\t<\/figure>\n\t<\/div>\n<\/div><\/div><\/div><\/div>\n<\/div>","protected":false},"excerpt":{"rendered":"<p>The Luna series consists of tables with fixed legs in different shapes. Luna U has a U-shaped stand and is stocked in 10 sizes with different choices of tabletops and stand colors. The tables in the Luna series are light, elegant and made for the modern office.<\/p>","protected":false},"featured_media":100019,"template":"","meta":{"iawp_total_views":89},"product_brand":[],"product_cat":[5786,5787,5785,5821,6359,5820],"product_tag":[5781,5992,5993,6035,6058,6059,6060,6062,6063],"class_list":{"0":"post-59473","1":"product","2":"type-product","3":"status-publish","4":"has-post-thumbnail","6":"product_cat-skrivbord","7":"product_cat-bord","8":"product_cat-hemmakontor","9":"product_cat-utbildningsbord","10":"product_cat-luna","11":"product_cat-konferensbord","12":"product_tag-skrivbord","13":"product_tag-konferensbord","14":"product_tag-matbord","15":"product_tag-bord-med-fast-stativ","16":"product_tag-bord-med-fasta-ben","17":"product_tag-arbetsbord","18":"product_tag-luna-bordet","19":"product_tag-bord","20":"product_tag-bord-med-u-stativ","22":"first","23":"instock","24":"taxable","25":"shipping-taxable","26":"purchasable","27":"product-type-variable"},"yoast_head":"<!-- This site is optimized with the Yoast SEO plugin v27.0 - https:\/\/yoast.com\/product\/yoast-seo-wordpress\/ -->\n<title>Luna U - Ett stilrent bord med fasta ben i U-form - Bjerring-Sales<\/title>\n<meta name=\"description\" content=\"Luna serien best\u00e5r av bord med fasta ben i olika former. Luna U har ett U-format stativ och lagerh\u00e5lls i 10 storlekar med olika val av bordsskivor och f\u00e4rger p\u00e5 stativ.\" \/>\n<meta name=\"robots\" content=\"index, follow, max-snippet:-1, max-image-preview:large, max-video-preview:-1\" \/>\n<link rel=\"canonical\" href=\"https:\/\/shop.bjerring-sales.dk\/en\/product\/luna-u\/\" \/>\n<meta property=\"og:locale\" content=\"en_GB\" \/>\n<meta property=\"og:type\" content=\"article\" \/>\n<meta property=\"og:title\" content=\"Luna U - Ett stilrent bord med fasta ben i U-form - Bjerring-Sales\" \/>\n<meta property=\"og:description\" content=\"Luna serien best\u00e5r av bord med fasta ben i olika former. Luna U har ett U-format stativ och lagerh\u00e5lls i 10 storlekar med olika val av bordsskivor och f\u00e4rger p\u00e5 stativ.\" \/>\n<meta property=\"og:url\" content=\"https:\/\/shop.bjerring-sales.dk\/en\/product\/luna-u\/\" \/>\n<meta property=\"og:site_name\" content=\"Bjerring-Sales\" \/>\n<meta property=\"article:modified_time\" content=\"2026-04-17T13:57:20+00:00\" \/>\n<meta property=\"og:image\" content=\"https:\/\/shop.bjerring-sales.dk\/wp-content\/uploads\/2024\/10\/160x80_WhiteLegs_Urban-Oak-1.jpg\" \/>\n\t<meta property=\"og:image:width\" content=\"800\" \/>\n\t<meta property=\"og:image:height\" content=\"800\" \/>\n\t<meta property=\"og:image:type\" content=\"image\/jpeg\" \/>\n<meta name=\"twitter:card\" content=\"summary_large_image\" \/>\n<meta name=\"twitter:label1\" content=\"Estimated reading time\" \/>\n\t<meta name=\"twitter:data1\" content=\"2 minutes\" \/>\n<script type=\"application\/ld+json\" class=\"yoast-schema-graph\">{\"@context\":\"https:\/\/schema.org\",\"@graph\":[{\"@type\":\"WebPage\",\"@id\":\"https:\/\/shop.bjerring-sales.dk\/sv\/produkt\/luna-u\/\",\"url\":\"https:\/\/shop.bjerring-sales.dk\/sv\/produkt\/luna-u\/\",\"name\":\"Luna U - Ett stilrent bord med fasta ben i U-form - Bjerring-Sales\",\"isPartOf\":{\"@id\":\"https:\/\/shop.bjerring-sales.dk\/#website\"},\"primaryImageOfPage\":{\"@id\":\"https:\/\/shop.bjerring-sales.dk\/sv\/produkt\/luna-u\/#primaryimage\"},\"image\":{\"@id\":\"https:\/\/shop.bjerring-sales.dk\/sv\/produkt\/luna-u\/#primaryimage\"},\"thumbnailUrl\":\"https:\/\/shop.bjerring-sales.dk\/wp-content\/uploads\/2024\/10\/160x80_WhiteLegs_Urban-Oak-1.jpg\",\"datePublished\":\"2022-10-10T10:00:55+00:00\",\"dateModified\":\"2026-04-17T13:57:20+00:00\",\"description\":\"Luna serien best\u00e5r av bord med fasta ben i olika former. Luna U har ett U-format stativ och lagerh\u00e5lls i 10 storlekar med olika val av bordsskivor och f\u00e4rger p\u00e5 stativ.\",\"breadcrumb\":{\"@id\":\"https:\/\/shop.bjerring-sales.dk\/sv\/produkt\/luna-u\/#breadcrumb\"},\"inLanguage\":\"en-GB\",\"potentialAction\":[{\"@type\":\"ReadAction\",\"target\":[\"https:\/\/shop.bjerring-sales.dk\/sv\/produkt\/luna-u\/\"]}]},{\"@type\":\"ImageObject\",\"inLanguage\":\"en-GB\",\"@id\":\"https:\/\/shop.bjerring-sales.dk\/sv\/produkt\/luna-u\/#primaryimage\",\"url\":\"https:\/\/shop.bjerring-sales.dk\/wp-content\/uploads\/2024\/10\/160x80_WhiteLegs_Urban-Oak-1.jpg\",\"contentUrl\":\"https:\/\/shop.bjerring-sales.dk\/wp-content\/uploads\/2024\/10\/160x80_WhiteLegs_Urban-Oak-1.jpg\",\"width\":800,\"height\":800},{\"@type\":\"BreadcrumbList\",\"@id\":\"https:\/\/shop.bjerring-sales.dk\/sv\/produkt\/luna-u\/#breadcrumb\",\"itemListElement\":[{\"@type\":\"ListItem\",\"position\":1,\"name\":\"Hem\",\"item\":\"https:\/\/shop.bjerring-sales.dk\/\"},{\"@type\":\"ListItem\",\"position\":2,\"name\":\"Webbutik\",\"item\":\"https:\/\/shop.bjerring-sales.dk\/butik\/\"},{\"@type\":\"ListItem\",\"position\":3,\"name\":\"Luna U &#8211; Ett stilrent bord med fasta ben i U-form\"}]},{\"@type\":\"WebSite\",\"@id\":\"https:\/\/shop.bjerring-sales.dk\/#website\",\"url\":\"https:\/\/shop.bjerring-sales.dk\/\",\"name\":\"Bjerring-Sales\",\"description\":\"M\u00f6bler f\u00f6r teatrar, skolor, kontor och k\u00f6pcentrum\",\"publisher\":{\"@id\":\"https:\/\/shop.bjerring-sales.dk\/#organization\"},\"potentialAction\":[{\"@type\":\"SearchAction\",\"target\":{\"@type\":\"EntryPoint\",\"urlTemplate\":\"https:\/\/shop.bjerring-sales.dk\/?s={search_term_string}\"},\"query-input\":{\"@type\":\"PropertyValueSpecification\",\"valueRequired\":true,\"valueName\":\"search_term_string\"}}],\"inLanguage\":\"en-GB\"},{\"@type\":\"Organization\",\"@id\":\"https:\/\/shop.bjerring-sales.dk\/#organization\",\"name\":\"Bjerring-Sales\",\"url\":\"https:\/\/shop.bjerring-sales.dk\/\",\"logo\":{\"@type\":\"ImageObject\",\"inLanguage\":\"en-GB\",\"@id\":\"https:\/\/shop.bjerring-sales.dk\/#\/schema\/logo\/image\/\",\"url\":\"https:\/\/shop.bjerring-sales.dk\/wp-content\/uploads\/2023\/01\/logo_sv.png\",\"contentUrl\":\"https:\/\/shop.bjerring-sales.dk\/wp-content\/uploads\/2023\/01\/logo_sv.png\",\"width\":195,\"height\":68,\"caption\":\"Bjerring-Sales\"},\"image\":{\"@id\":\"https:\/\/shop.bjerring-sales.dk\/#\/schema\/logo\/image\/\"}}]}<\/script>\n<!-- \/ Yoast SEO plugin. -->","yoast_head_json":{"title":"Luna U - Ett stilrent bord med fasta ben i U-form - Bjerring-Sales","description":"Luna serien best\u00e5r av bord med fasta ben i olika former. Luna U har ett U-format stativ och lagerh\u00e5lls i 10 storlekar med olika val av bordsskivor och f\u00e4rger p\u00e5 stativ.","robots":{"index":"index","follow":"follow","max-snippet":"max-snippet:-1","max-image-preview":"max-image-preview:large","max-video-preview":"max-video-preview:-1"},"canonical":"https:\/\/shop.bjerring-sales.dk\/en\/product\/luna-u\/","og_locale":"en_GB","og_type":"article","og_title":"Luna U - Ett stilrent bord med fasta ben i U-form - Bjerring-Sales","og_description":"Luna serien best\u00e5r av bord med fasta ben i olika former. Luna U har ett U-format stativ och lagerh\u00e5lls i 10 storlekar med olika val av bordsskivor och f\u00e4rger p\u00e5 stativ.","og_url":"https:\/\/shop.bjerring-sales.dk\/en\/product\/luna-u\/","og_site_name":"Bjerring-Sales","article_modified_time":"2026-04-17T13:57:20+00:00","og_image":[{"width":800,"height":800,"url":"https:\/\/shop.bjerring-sales.dk\/wp-content\/uploads\/2024\/10\/160x80_WhiteLegs_Urban-Oak-1.jpg","type":"image\/jpeg"}],"twitter_card":"summary_large_image","twitter_misc":{"Estimated reading time":"2 minutes"},"schema":{"@context":"https:\/\/schema.org","@graph":[{"@type":"WebPage","@id":"https:\/\/shop.bjerring-sales.dk\/sv\/produkt\/luna-u\/","url":"https:\/\/shop.bjerring-sales.dk\/sv\/produkt\/luna-u\/","name":"Luna U - Ett stilrent bord med fasta ben i U-form - Bjerring-Sales","isPartOf":{"@id":"https:\/\/shop.bjerring-sales.dk\/#website"},"primaryImageOfPage":{"@id":"https:\/\/shop.bjerring-sales.dk\/sv\/produkt\/luna-u\/#primaryimage"},"image":{"@id":"https:\/\/shop.bjerring-sales.dk\/sv\/produkt\/luna-u\/#primaryimage"},"thumbnailUrl":"https:\/\/shop.bjerring-sales.dk\/wp-content\/uploads\/2024\/10\/160x80_WhiteLegs_Urban-Oak-1.jpg","datePublished":"2022-10-10T10:00:55+00:00","dateModified":"2026-04-17T13:57:20+00:00","description":"Luna serien best\u00e5r av bord med fasta ben i olika former. Luna U har ett U-format stativ och lagerh\u00e5lls i 10 storlekar med olika val av bordsskivor och f\u00e4rger p\u00e5 stativ.","breadcrumb":{"@id":"https:\/\/shop.bjerring-sales.dk\/sv\/produkt\/luna-u\/#breadcrumb"},"inLanguage":"en-GB","potentialAction":[{"@type":"ReadAction","target":["https:\/\/shop.bjerring-sales.dk\/sv\/produkt\/luna-u\/"]}]},{"@type":"ImageObject","inLanguage":"en-GB","@id":"https:\/\/shop.bjerring-sales.dk\/sv\/produkt\/luna-u\/#primaryimage","url":"https:\/\/shop.bjerring-sales.dk\/wp-content\/uploads\/2024\/10\/160x80_WhiteLegs_Urban-Oak-1.jpg","contentUrl":"https:\/\/shop.bjerring-sales.dk\/wp-content\/uploads\/2024\/10\/160x80_WhiteLegs_Urban-Oak-1.jpg","width":800,"height":800},{"@type":"BreadcrumbList","@id":"https:\/\/shop.bjerring-sales.dk\/sv\/produkt\/luna-u\/#breadcrumb","itemListElement":[{"@type":"ListItem","position":1,"name":"Hem","item":"https:\/\/shop.bjerring-sales.dk\/"},{"@type":"ListItem","position":2,"name":"Webbutik","item":"https:\/\/shop.bjerring-sales.dk\/butik\/"},{"@type":"ListItem","position":3,"name":"Luna U &#8211; Ett stilrent bord med fasta ben i U-form"}]},{"@type":"WebSite","@id":"https:\/\/shop.bjerring-sales.dk\/#website","url":"https:\/\/shop.bjerring-sales.dk\/","name":"Bjerring Sales","description":"Furniture for theatres, schools, offices and shopping centres","publisher":{"@id":"https:\/\/shop.bjerring-sales.dk\/#organization"},"potentialAction":[{"@type":"SearchAction","target":{"@type":"EntryPoint","urlTemplate":"https:\/\/shop.bjerring-sales.dk\/?s={search_term_string}"},"query-input":{"@type":"PropertyValueSpecification","valueRequired":true,"valueName":"search_term_string"}}],"inLanguage":"en-GB"},{"@type":"Organization","@id":"https:\/\/shop.bjerring-sales.dk\/#organization","name":"Bjerring Sales","url":"https:\/\/shop.bjerring-sales.dk\/","logo":{"@type":"ImageObject","inLanguage":"en-GB","@id":"https:\/\/shop.bjerring-sales.dk\/#\/schema\/logo\/image\/","url":"https:\/\/shop.bjerring-sales.dk\/wp-content\/uploads\/2023\/01\/logo_sv.png","contentUrl":"https:\/\/shop.bjerring-sales.dk\/wp-content\/uploads\/2023\/01\/logo_sv.png","width":195,"height":68,"caption":"Bjerring-Sales"},"image":{"@id":"https:\/\/shop.bjerring-sales.dk\/#\/schema\/logo\/image\/"}}]}},"_links":{"self":[{"href":"https:\/\/shop.bjerring-sales.dk\/en\/wp-json\/wp\/v2\/product\/59473","targetHints":{"allow":["GET"]}}],"collection":[{"href":"https:\/\/shop.bjerring-sales.dk\/en\/wp-json\/wp\/v2\/product"}],"about":[{"href":"https:\/\/shop.bjerring-sales.dk\/en\/wp-json\/wp\/v2\/types\/product"}],"wp:featuredmedia":[{"embeddable":true,"href":"https:\/\/shop.bjerring-sales.dk\/en\/wp-json\/wp\/v2\/media\/100019"}],"wp:attachment":[{"href":"https:\/\/shop.bjerring-sales.dk\/en\/wp-json\/wp\/v2\/media?parent=59473"}],"wp:term":[{"taxonomy":"product_brand","embeddable":true,"href":"https:\/\/shop.bjerring-sales.dk\/en\/wp-json\/wp\/v2\/product_brand?post=59473"},{"taxonomy":"product_cat","embeddable":true,"href":"https:\/\/shop.bjerring-sales.dk\/en\/wp-json\/wp\/v2\/product_cat?post=59473"},{"taxonomy":"product_tag","embeddable":true,"href":"https:\/\/shop.bjerring-sales.dk\/en\/wp-json\/wp\/v2\/product_tag?post=59473"}],"curies":[{"name":"wp","href":"https:\/\/api.w.org\/{rel}","templated":true}]}}