{"id":59249,"date":"2021-01-20T11:54:14","date_gmt":"2021-01-20T10:54:14","guid":{"rendered":"https:\/\/pule.se\/produkt\/stativ-med-fasta-ben-u-form\/"},"modified":"2026-03-10T14:42:15","modified_gmt":"2026-03-10T13:42:15","slug":"stativ-med-fasta-ben-u-form","status":"publish","type":"product","link":"https:\/\/shop.bjerring-sales.dk\/en\/product\/stativ-med-fasta-ben-u-form\/","title":{"rendered":"Stand with fixed legs in U-shape - Luna"},"content":{"rendered":"<div class=\"wpb-content-wrapper\"><div class=\"vc_row wpb_row vc_row-fluid\"><div class=\"wpb_column vc_column_container vc_col-sm-12\"><div class=\"vc_column-inner\"><div class=\"wpb_wrapper\">\n\t<div class=\"wpb_text_column wpb_content_element\" >\n\t\t<div class=\"wpb_wrapper\">\n\t\t\t<p><span style=\"font-size: 24pt\">A stylish stand with legs in a U-shape - the Luna series<br \/>\n<\/span>The Luna series consists of tables and stands with fixed legs in various shapes. Luna U has a U-shaped stand and is stocked in 12 different sizes with different stand colors. The stands in the Luna series are stylish, light and made for the modern office. Thanks to an innovative design and functionality, Luna tables are suitable as desks for offices, meeting tables for meeting rooms and conference rooms, dining tables for homes and dining rooms, etc. A table that fits in everywhere!<\/p>\n\n\t\t<\/div>\n\t<\/div>\n<\/div><\/div><\/div><\/div><div class=\"vc_row wpb_row vc_row-fluid\"><div class=\"wpb_column vc_column_container vc_col-sm-6\"><div class=\"vc_column-inner\"><div class=\"wpb_wrapper\">\n\t<div  class=\"wpb_single_image wpb_content_element vc_align_center\">\n\t\t\n\t\t<figure class=\"wpb_wrapper vc_figure\">\n\t\t\t<div class=\"vc_single_image-wrapper vc_box_shadow_border  vc_box_border_grey\"><img loading=\"lazy\" decoding=\"async\" width=\"800\" height=\"550\" src=\"https:\/\/shop.bjerring-sales.dk\/wp-content\/uploads\/2021\/01\/Choice-Luna-Dinning_04-1.gif\" class=\"vc_single_image-img attachment-full\" alt=\"\" title=\"Choice-Luna-Dinning_04\" \/><\/div>\n\t\t<\/figure>\n\t<\/div>\n<\/div><\/div><\/div><div class=\"wpb_column vc_column_container vc_col-sm-6\"><div class=\"vc_column-inner\"><div class=\"wpb_wrapper\">\n\t<div  class=\"wpb_single_image wpb_content_element vc_align_center\">\n\t\t\n\t\t<figure class=\"wpb_wrapper vc_figure\">\n\t\t\t<div class=\"vc_single_image-wrapper vc_box_shadow_border  vc_box_border_grey\"><img loading=\"lazy\" decoding=\"async\" width=\"800\" height=\"550\" src=\"https:\/\/shop.bjerring-sales.dk\/wp-content\/uploads\/2021\/01\/Choice-Luna-Dinning-1.gif\" class=\"vc_single_image-img attachment-full\" alt=\"\" title=\"Choice-Luna-Dinning\" \/><\/div>\n\t\t<\/figure>\n\t<\/div>\n<\/div><\/div><\/div><\/div><div class=\"vc_row wpb_row vc_row-fluid\"><div class=\"wpb_column vc_column_container vc_col-sm-6\"><div class=\"vc_column-inner\"><div class=\"wpb_wrapper\">\n\t<div class=\"wpb_text_column wpb_content_element\" >\n\t\t<div class=\"wpb_wrapper\">\n\t\t\t<p><span style=\"font-size: 18pt\">Stand<br \/>\n<\/span>The stand is made of metal tubes with the dimensions: 40x40x2 mm. The stand is powder coated and has a plastic foot with height leveling (+ 10 mm). There is a 10 mm space between the legs and the desk, which gives a modern effect. All racks meet the requirements of the LST EN 527-3 standard.<\/p>\n<p><span style=\"font-size: 18pt\">Dimensions &amp; Weight<\/span><\/p>\n<ul>\n<li>120x60x71 cm - 12.3 kg<\/li>\n<li>120x70x71 cm - 12.8 kg<\/li>\n<li>120x80x71 cm - 13.3 kg<\/li>\n<li>140x60x71 cm - 12.8 kg<\/li>\n<li>140x70x71 cm - 13.3 kg<\/li>\n<li>140x80x71 cm - 13.8 kg<\/li>\n<li>160x60x71 cm \u2013 14.2 kg<\/li>\n<li>160x70x71 cm \u2013 14.9 kg<\/li>\n<li>160x80x71 cm \u2013 15.4 kg<\/li>\n<li>180x60x71 cm - 13.8 kg<\/li>\n<li>180x70x71 cm - 14.3 kg<\/li>\n<li>180x80x71 cm - 14.8 kg<\/li>\n<\/ul>\n\n\t\t<\/div>\n\t<\/div>\n<\/div><\/div><\/div><div class=\"wpb_column vc_column_container vc_col-sm-6\"><div class=\"vc_column-inner\"><div class=\"wpb_wrapper\">\n\t<div class=\"wpb_text_column wpb_content_element\" >\n\t\t<div class=\"wpb_wrapper\">\n\t\t\t<p><span style=\"font-size: 18pt\">Mounting<br \/>\n<\/span>The Luna stand is delivered unassembled, the parts for the stand are drilled and threaded which makes it easy to assemble, only a 5mm hex key is needed (not included). When ordering a complete table, a self-drilling wood screw (PZ 2) for the table top is also included as it is not pre-drilled.<\/p>\n<p><img loading=\"lazy\" decoding=\"async\" class=\"alignnone size-full wp-image-72653\" src=\"https:\/\/shop.bjerring-sales.dk\/wp-content\/uploads\/2021\/03\/PDF-doc-16.png\" alt=\"\" width=\"16\" height=\"16\" \/>\u00a0<a href=\"https:\/\/elj.se\/wp-content\/uploads\/2022\/10\/Monteringsanvisning-Luna-A-och-U.pdf\" target=\"_blank\" rel=\"noopener\">Download assembly instructions<\/a><\/p>\n<p><span style=\"font-size: 18pt\">Colors<\/span><\/p>\n<ul>\n<li>The Luna stand is available in black, white and silver gray<\/li>\n<\/ul>\n<p><span style=\"font-size: 18pt\">Specifications<br \/>\n<\/span><\/p>\n<ul>\n<li>Desk height - 740 mm (depending on the thickness of the table top)<\/li>\n<li>All racks meet the requirements of the LST EN 527-3 standard<\/li>\n<li>Only one tool for mounting (insect wrench DIN 911 S5)<\/li>\n<\/ul>\n<p><span style=\"font-size: 18pt\">Guarantee<br \/>\n<\/span>2 years<\/p>\n\n\t\t<\/div>\n\t<\/div>\n<\/div><\/div><\/div><\/div>\n<\/div>","protected":false},"excerpt":{"rendered":"<p>The Luna series consists of tables and stands with fixed legs in various shapes. Luna U has a U-shaped stand and is stocked in 12 different sizes with different stand colors. The stands in the Luna series are stylish, light and made for the modern office.<\/p>","protected":false},"featured_media":99915,"template":"","meta":{"iawp_total_views":3},"product_brand":[],"product_cat":[5787,6359,5819],"product_tag":[6054,6055],"class_list":{"0":"post-59249","1":"product","2":"type-product","3":"status-publish","4":"has-post-thumbnail","6":"product_cat-bord","7":"product_cat-luna","8":"product_cat-bordsstativ","9":"product_tag-stativ-med-u-form","10":"product_tag-luna-stativet","12":"first","13":"instock","14":"taxable","15":"shipping-taxable","16":"purchasable","17":"product-type-variable"},"yoast_head":"<!-- This site is optimized with the Yoast SEO plugin v27.0 - https:\/\/yoast.com\/product\/yoast-seo-wordpress\/ -->\n<title>Stativ med fasta ben i U-form - Luna - Bjerring-Sales<\/title>\n<meta name=\"description\" content=\"Luna U har ett U-format stativ och lagerh\u00e5lls i 12 olika storlekar. Stativen i Luna serien \u00e4r snygga, l\u00e4tta och tillverkade f\u00f6r det moderna kontoret.\" \/>\n<meta name=\"robots\" content=\"index, follow, max-snippet:-1, max-image-preview:large, max-video-preview:-1\" \/>\n<link rel=\"canonical\" href=\"https:\/\/shop.bjerring-sales.dk\/en\/product\/stativ-med-fasta-ben-u-form\/\" \/>\n<meta property=\"og:locale\" content=\"en_GB\" \/>\n<meta property=\"og:type\" content=\"article\" \/>\n<meta property=\"og:title\" content=\"Stativ med fasta ben i U-form - Luna - Bjerring-Sales\" \/>\n<meta property=\"og:description\" content=\"Luna U har ett U-format stativ och lagerh\u00e5lls i 12 olika storlekar. Stativen i Luna serien \u00e4r snygga, l\u00e4tta och tillverkade f\u00f6r det moderna kontoret.\" \/>\n<meta property=\"og:url\" content=\"https:\/\/shop.bjerring-sales.dk\/en\/product\/stativ-med-fasta-ben-u-form\/\" \/>\n<meta property=\"og:site_name\" content=\"Bjerring-Sales\" \/>\n<meta property=\"article:modified_time\" content=\"2026-03-10T13:42:15+00:00\" \/>\n<meta property=\"og:image\" content=\"https:\/\/shop.bjerring-sales.dk\/wp-content\/uploads\/2024\/10\/Luna-U_180x60_WhiteLegs.png\" \/>\n\t<meta property=\"og:image:width\" content=\"800\" \/>\n\t<meta property=\"og:image:height\" content=\"800\" \/>\n\t<meta property=\"og:image:type\" content=\"image\/png\" \/>\n<meta name=\"twitter:card\" content=\"summary_large_image\" \/>\n<meta name=\"twitter:label1\" content=\"Estimated reading time\" \/>\n\t<meta name=\"twitter:data1\" content=\"2 minutes\" \/>\n<script type=\"application\/ld+json\" class=\"yoast-schema-graph\">{\"@context\":\"https:\/\/schema.org\",\"@graph\":[{\"@type\":\"WebPage\",\"@id\":\"https:\/\/shop.bjerring-sales.dk\/sv\/produkt\/stativ-med-fasta-ben-u-form\/\",\"url\":\"https:\/\/shop.bjerring-sales.dk\/sv\/produkt\/stativ-med-fasta-ben-u-form\/\",\"name\":\"Stativ med fasta ben i U-form - Luna - Bjerring-Sales\",\"isPartOf\":{\"@id\":\"https:\/\/shop.bjerring-sales.dk\/#website\"},\"primaryImageOfPage\":{\"@id\":\"https:\/\/shop.bjerring-sales.dk\/sv\/produkt\/stativ-med-fasta-ben-u-form\/#primaryimage\"},\"image\":{\"@id\":\"https:\/\/shop.bjerring-sales.dk\/sv\/produkt\/stativ-med-fasta-ben-u-form\/#primaryimage\"},\"thumbnailUrl\":\"https:\/\/shop.bjerring-sales.dk\/wp-content\/uploads\/2024\/10\/Luna-U_180x60_WhiteLegs.png\",\"datePublished\":\"2021-01-20T10:54:14+00:00\",\"dateModified\":\"2026-03-10T13:42:15+00:00\",\"description\":\"Luna U har ett U-format stativ och lagerh\u00e5lls i 12 olika storlekar. Stativen i Luna serien \u00e4r snygga, l\u00e4tta och tillverkade f\u00f6r det moderna kontoret.\",\"breadcrumb\":{\"@id\":\"https:\/\/shop.bjerring-sales.dk\/sv\/produkt\/stativ-med-fasta-ben-u-form\/#breadcrumb\"},\"inLanguage\":\"en-GB\",\"potentialAction\":[{\"@type\":\"ReadAction\",\"target\":[\"https:\/\/shop.bjerring-sales.dk\/sv\/produkt\/stativ-med-fasta-ben-u-form\/\"]}]},{\"@type\":\"ImageObject\",\"inLanguage\":\"en-GB\",\"@id\":\"https:\/\/shop.bjerring-sales.dk\/sv\/produkt\/stativ-med-fasta-ben-u-form\/#primaryimage\",\"url\":\"https:\/\/shop.bjerring-sales.dk\/wp-content\/uploads\/2024\/10\/Luna-U_180x60_WhiteLegs.png\",\"contentUrl\":\"https:\/\/shop.bjerring-sales.dk\/wp-content\/uploads\/2024\/10\/Luna-U_180x60_WhiteLegs.png\",\"width\":800,\"height\":800},{\"@type\":\"BreadcrumbList\",\"@id\":\"https:\/\/shop.bjerring-sales.dk\/sv\/produkt\/stativ-med-fasta-ben-u-form\/#breadcrumb\",\"itemListElement\":[{\"@type\":\"ListItem\",\"position\":1,\"name\":\"Hem\",\"item\":\"https:\/\/shop.bjerring-sales.dk\/\"},{\"@type\":\"ListItem\",\"position\":2,\"name\":\"Webbutik\",\"item\":\"https:\/\/shop.bjerring-sales.dk\/butik\/\"},{\"@type\":\"ListItem\",\"position\":3,\"name\":\"Stativ med fasta ben i U-form &#8211; Luna\"}]},{\"@type\":\"WebSite\",\"@id\":\"https:\/\/shop.bjerring-sales.dk\/#website\",\"url\":\"https:\/\/shop.bjerring-sales.dk\/\",\"name\":\"Bjerring-Sales\",\"description\":\"M\u00f6bler f\u00f6r teatrar, skolor, kontor och k\u00f6pcentrum\",\"publisher\":{\"@id\":\"https:\/\/shop.bjerring-sales.dk\/#organization\"},\"potentialAction\":[{\"@type\":\"SearchAction\",\"target\":{\"@type\":\"EntryPoint\",\"urlTemplate\":\"https:\/\/shop.bjerring-sales.dk\/?s={search_term_string}\"},\"query-input\":{\"@type\":\"PropertyValueSpecification\",\"valueRequired\":true,\"valueName\":\"search_term_string\"}}],\"inLanguage\":\"en-GB\"},{\"@type\":\"Organization\",\"@id\":\"https:\/\/shop.bjerring-sales.dk\/#organization\",\"name\":\"Bjerring-Sales\",\"url\":\"https:\/\/shop.bjerring-sales.dk\/\",\"logo\":{\"@type\":\"ImageObject\",\"inLanguage\":\"en-GB\",\"@id\":\"https:\/\/shop.bjerring-sales.dk\/#\/schema\/logo\/image\/\",\"url\":\"https:\/\/shop.bjerring-sales.dk\/wp-content\/uploads\/2023\/01\/logo_sv.png\",\"contentUrl\":\"https:\/\/shop.bjerring-sales.dk\/wp-content\/uploads\/2023\/01\/logo_sv.png\",\"width\":195,\"height\":68,\"caption\":\"Bjerring-Sales\"},\"image\":{\"@id\":\"https:\/\/shop.bjerring-sales.dk\/#\/schema\/logo\/image\/\"}}]}<\/script>\n<!-- \/ Yoast SEO plugin. -->","yoast_head_json":{"title":"Stativ med fasta ben i U-form - Luna - Bjerring-Sales","description":"Luna U har ett U-format stativ och lagerh\u00e5lls i 12 olika storlekar. Stativen i Luna serien \u00e4r snygga, l\u00e4tta och tillverkade f\u00f6r det moderna kontoret.","robots":{"index":"index","follow":"follow","max-snippet":"max-snippet:-1","max-image-preview":"max-image-preview:large","max-video-preview":"max-video-preview:-1"},"canonical":"https:\/\/shop.bjerring-sales.dk\/en\/product\/stativ-med-fasta-ben-u-form\/","og_locale":"en_GB","og_type":"article","og_title":"Stativ med fasta ben i U-form - Luna - Bjerring-Sales","og_description":"Luna U har ett U-format stativ och lagerh\u00e5lls i 12 olika storlekar. Stativen i Luna serien \u00e4r snygga, l\u00e4tta och tillverkade f\u00f6r det moderna kontoret.","og_url":"https:\/\/shop.bjerring-sales.dk\/en\/product\/stativ-med-fasta-ben-u-form\/","og_site_name":"Bjerring-Sales","article_modified_time":"2026-03-10T13:42:15+00:00","og_image":[{"width":800,"height":800,"url":"https:\/\/shop.bjerring-sales.dk\/wp-content\/uploads\/2024\/10\/Luna-U_180x60_WhiteLegs.png","type":"image\/png"}],"twitter_card":"summary_large_image","twitter_misc":{"Estimated reading time":"2 minutes"},"schema":{"@context":"https:\/\/schema.org","@graph":[{"@type":"WebPage","@id":"https:\/\/shop.bjerring-sales.dk\/sv\/produkt\/stativ-med-fasta-ben-u-form\/","url":"https:\/\/shop.bjerring-sales.dk\/sv\/produkt\/stativ-med-fasta-ben-u-form\/","name":"Stativ med fasta ben i U-form - Luna - Bjerring-Sales","isPartOf":{"@id":"https:\/\/shop.bjerring-sales.dk\/#website"},"primaryImageOfPage":{"@id":"https:\/\/shop.bjerring-sales.dk\/sv\/produkt\/stativ-med-fasta-ben-u-form\/#primaryimage"},"image":{"@id":"https:\/\/shop.bjerring-sales.dk\/sv\/produkt\/stativ-med-fasta-ben-u-form\/#primaryimage"},"thumbnailUrl":"https:\/\/shop.bjerring-sales.dk\/wp-content\/uploads\/2024\/10\/Luna-U_180x60_WhiteLegs.png","datePublished":"2021-01-20T10:54:14+00:00","dateModified":"2026-03-10T13:42:15+00:00","description":"Luna U har ett U-format stativ och lagerh\u00e5lls i 12 olika storlekar. Stativen i Luna serien \u00e4r snygga, l\u00e4tta och tillverkade f\u00f6r det moderna kontoret.","breadcrumb":{"@id":"https:\/\/shop.bjerring-sales.dk\/sv\/produkt\/stativ-med-fasta-ben-u-form\/#breadcrumb"},"inLanguage":"en-GB","potentialAction":[{"@type":"ReadAction","target":["https:\/\/shop.bjerring-sales.dk\/sv\/produkt\/stativ-med-fasta-ben-u-form\/"]}]},{"@type":"ImageObject","inLanguage":"en-GB","@id":"https:\/\/shop.bjerring-sales.dk\/sv\/produkt\/stativ-med-fasta-ben-u-form\/#primaryimage","url":"https:\/\/shop.bjerring-sales.dk\/wp-content\/uploads\/2024\/10\/Luna-U_180x60_WhiteLegs.png","contentUrl":"https:\/\/shop.bjerring-sales.dk\/wp-content\/uploads\/2024\/10\/Luna-U_180x60_WhiteLegs.png","width":800,"height":800},{"@type":"BreadcrumbList","@id":"https:\/\/shop.bjerring-sales.dk\/sv\/produkt\/stativ-med-fasta-ben-u-form\/#breadcrumb","itemListElement":[{"@type":"ListItem","position":1,"name":"Hem","item":"https:\/\/shop.bjerring-sales.dk\/"},{"@type":"ListItem","position":2,"name":"Webbutik","item":"https:\/\/shop.bjerring-sales.dk\/butik\/"},{"@type":"ListItem","position":3,"name":"Stativ med fasta ben i U-form &#8211; Luna"}]},{"@type":"WebSite","@id":"https:\/\/shop.bjerring-sales.dk\/#website","url":"https:\/\/shop.bjerring-sales.dk\/","name":"Bjerring Sales","description":"Furniture for theatres, schools, offices and shopping centres","publisher":{"@id":"https:\/\/shop.bjerring-sales.dk\/#organization"},"potentialAction":[{"@type":"SearchAction","target":{"@type":"EntryPoint","urlTemplate":"https:\/\/shop.bjerring-sales.dk\/?s={search_term_string}"},"query-input":{"@type":"PropertyValueSpecification","valueRequired":true,"valueName":"search_term_string"}}],"inLanguage":"en-GB"},{"@type":"Organization","@id":"https:\/\/shop.bjerring-sales.dk\/#organization","name":"Bjerring Sales","url":"https:\/\/shop.bjerring-sales.dk\/","logo":{"@type":"ImageObject","inLanguage":"en-GB","@id":"https:\/\/shop.bjerring-sales.dk\/#\/schema\/logo\/image\/","url":"https:\/\/shop.bjerring-sales.dk\/wp-content\/uploads\/2023\/01\/logo_sv.png","contentUrl":"https:\/\/shop.bjerring-sales.dk\/wp-content\/uploads\/2023\/01\/logo_sv.png","width":195,"height":68,"caption":"Bjerring-Sales"},"image":{"@id":"https:\/\/shop.bjerring-sales.dk\/#\/schema\/logo\/image\/"}}]}},"_links":{"self":[{"href":"https:\/\/shop.bjerring-sales.dk\/en\/wp-json\/wp\/v2\/product\/59249","targetHints":{"allow":["GET"]}}],"collection":[{"href":"https:\/\/shop.bjerring-sales.dk\/en\/wp-json\/wp\/v2\/product"}],"about":[{"href":"https:\/\/shop.bjerring-sales.dk\/en\/wp-json\/wp\/v2\/types\/product"}],"wp:featuredmedia":[{"embeddable":true,"href":"https:\/\/shop.bjerring-sales.dk\/en\/wp-json\/wp\/v2\/media\/99915"}],"wp:attachment":[{"href":"https:\/\/shop.bjerring-sales.dk\/en\/wp-json\/wp\/v2\/media?parent=59249"}],"wp:term":[{"taxonomy":"product_brand","embeddable":true,"href":"https:\/\/shop.bjerring-sales.dk\/en\/wp-json\/wp\/v2\/product_brand?post=59249"},{"taxonomy":"product_cat","embeddable":true,"href":"https:\/\/shop.bjerring-sales.dk\/en\/wp-json\/wp\/v2\/product_cat?post=59249"},{"taxonomy":"product_tag","embeddable":true,"href":"https:\/\/shop.bjerring-sales.dk\/en\/wp-json\/wp\/v2\/product_tag?post=59249"}],"curies":[{"name":"wp","href":"https:\/\/api.w.org\/{rel}","templated":true}]}}