{"id":59007,"date":"2021-01-28T10:13:16","date_gmt":"2021-01-28T09:13:16","guid":{"rendered":"https:\/\/pule.se\/produkt\/skjutdorrskap-120x40x72cm-ek\/"},"modified":"2024-04-25T14:35:44","modified_gmt":"2024-04-25T12:35:44","slug":"skjutdorrskap-120x40x72cm-ek","status":"publish","type":"product","link":"https:\/\/shop.bjerring-sales.dk\/en\/product\/skjutdorrskap-120x40x72cm-ek\/","title":{"rendered":"Sliding door cabinet 120x40x72cm - oak"},"content":{"rendered":"<div class=\"wpb-content-wrapper\"><div class=\"vc_row wpb_row vc_row-fluid\"><div class=\"wpb_column vc_column_container vc_col-sm-7\"><div class=\"vc_column-inner\"><div class=\"wpb_wrapper\">\n\t<div class=\"wpb_text_column wpb_content_element\" >\n\t\t<div class=\"wpb_wrapper\">\n\t\t\t<p><span style=\"font-size: 24pt\">White cabinet with oak sliding doors 120x40x72 cm - Modify<br \/>\n<\/span>Cabinets with sliding doors in the Modify series are designed for customers who want many choices. We offer 4 different sizes of cabinets with sliding doors with 5 different choices of chassis: frame without chassis, plinth, plastic feet, steel legs or wheels. The different choices of chassis are available in different colors. Also choose the color of the handle to create a variety of options.<\/p>\n<p><span style=\"font-size: 18pt\">Colors<br \/>\n<\/span>Cabinets with sliding doors are available as stock in oak, white and gray with different choices and colors on the base and handles. Later on, we will also have the cabinets in other colors, for example a white cabinet with doors in any color. At present we can arrange special orders with other color combinations with 3-5 weeks delivery time.<\/p>\n<h3><a href=\"https:\/\/elj.se\/wp-content\/uploads\/2020\/11\/ELJ_Office_Styrelse_01.gif\"><img loading=\"lazy\" decoding=\"async\" class=\"alignnone wp-image-25067 size-full\" src=\"https:\/\/elj.se\/wp-content\/uploads\/2020\/11\/ELJ_Office_Styrelse_01.gif\" alt=\"\" width=\"800\" height=\"550\" \/><\/a><\/h3>\n<p><span style=\"font-size: 18pt\">Areas of use<br \/>\n<\/span>Cabinets with sliding doors are a natural element in the office and in the open office landscape. Hide chargers and post-it notes, documents and private items so that the desk stays clean and tidy. There are smart options for document management so that the structure is even better.<\/p>\n<p><span style=\"font-size: 18pt\">Measure<br \/>\n<\/span>Modify cabinet with sliding doors 120x40x72 cm<\/p>\n<p><a href=\"https:\/\/elj.se\/wp-content\/uploads\/2021\/01\/elj_modify_120_1207_hojder_urban_oak.jpg\"><img loading=\"lazy\" decoding=\"async\" class=\"alignnone wp-image-27999 size-large\" src=\"https:\/\/elj.se\/wp-content\/uploads\/2021\/01\/elj_modify_120_1207_hojder_urban_oak.jpg\" alt=\"\" width=\"1024\" height=\"262\" \/><\/a><\/p>\n<p><span style=\"font-size: 18pt\">Material - Cabinet<br \/>\n<\/span><\/p>\n<ul>\n<li>The back of the sliding door cabinet is made of an 18 mm melamine-coated chipboard.<\/li>\n<li>Walls, top \/ bottom, shelves and doors are made of 18 mm melamine-coated chipboard with 1 mm ABS edging.<\/li>\n<li>The sliding doors are made of 18 mm melamine-coated chipboard with 1 mm ABS edge with plastic runners.<\/li>\n<li>The shelves have a load capacity of 25 kg.<\/li>\n<\/ul>\n<p><span style=\"font-size: 18pt\">Material - Handle &amp; chassis<\/span><\/p>\n<ul>\n<li>The sliding door cabinet has recessed handles (145x42x15 mm) which are made of aluminum and then powder coated in white, silver gray or black.<\/li>\n<li>The metal feet are 80 mm high and made with 20 \u00d7 20 mm metal pipes. The metal feet are powder coated and have integrated plastic legs with height adjustment +10 mm.<\/li>\n<li>The plastic feet are 17 mm high and can be height-adjusted +10 mm. Available in black as standard.<\/li>\n<li>The wheels are \u00d880 mm and have a load capacity of 100 kg \/ wheel. Two of four wheels have stop brakes.<\/li>\n<\/ul>\n<p><span style=\"font-size: 18pt\">Certifications<br \/>\n<\/span>LST EN 14073-1: 2004 | LST EN 14073-2: 2004 | LST EN 14073-3: 2004 | LST EN 14074-2004<\/p>\n<p><span style=\"font-size: 18pt\">Guarantee<br \/>\n<\/span>5 years<\/p>\n\n\t\t<\/div>\n\t<\/div>\n<\/div><\/div><\/div><div class=\"wpb_column vc_column_container vc_col-sm-5\"><div class=\"vc_column-inner vc_custom_1524613512965\"><div class=\"wpb_wrapper\">\n\t<div  class=\"wpb_single_image wpb_content_element vc_align_center\">\n\t\t\n\t\t<figure class=\"wpb_wrapper vc_figure\">\n\t\t\t<div class=\"vc_single_image-wrapper   vc_box_border_grey\"><img loading=\"lazy\" decoding=\"async\" width=\"280\" height=\"214\" src=\"https:\/\/shop.bjerring-sales.dk\/wp-content\/uploads\/2020\/10\/prem-280x214-1.jpg\" class=\"vc_single_image-img attachment-full\" alt=\"\" title=\"prem-280x214\" srcset=\"https:\/\/shop.bjerring-sales.dk\/wp-content\/uploads\/2020\/10\/prem-280x214-1.jpg 280w, https:\/\/shop.bjerring-sales.dk\/wp-content\/uploads\/2020\/10\/prem-280x214-1-150x115.jpg 150w\" sizes=\"auto, (max-width: 280px) 100vw, 280px\" \/><\/div>\n\t\t<\/figure>\n\t<\/div>\n\n\t<div  class=\"wpb_single_image wpb_content_element vc_align_center\">\n\t\t\n\t\t<figure class=\"wpb_wrapper vc_figure\">\n\t\t\t<div class=\"vc_single_image-wrapper   vc_box_border_grey\"><img loading=\"lazy\" decoding=\"async\" width=\"700\" height=\"1920\" src=\"https:\/\/shop.bjerring-sales.dk\/wp-content\/uploads\/2021\/01\/eljbildskap-scaled-1.jpg\" class=\"vc_single_image-img attachment-full\" alt=\"\" title=\"electrical imaging cabinet-scaled\" srcset=\"https:\/\/shop.bjerring-sales.dk\/wp-content\/uploads\/2021\/01\/eljbildskap-scaled-1.jpg 700w, https:\/\/shop.bjerring-sales.dk\/wp-content\/uploads\/2021\/01\/eljbildskap-scaled-1-150x412.jpg 150w, https:\/\/shop.bjerring-sales.dk\/wp-content\/uploads\/2021\/01\/eljbildskap-scaled-1-600x1646.jpg 600w, https:\/\/shop.bjerring-sales.dk\/wp-content\/uploads\/2021\/01\/eljbildskap-scaled-1-109x300.jpg 109w, https:\/\/shop.bjerring-sales.dk\/wp-content\/uploads\/2021\/01\/eljbildskap-scaled-1-373x1024.jpg 373w, https:\/\/shop.bjerring-sales.dk\/wp-content\/uploads\/2021\/01\/eljbildskap-scaled-1-768x2107.jpg 768w, https:\/\/shop.bjerring-sales.dk\/wp-content\/uploads\/2021\/01\/eljbildskap-scaled-1-560x1536.jpg 560w\" sizes=\"auto, (max-width: 700px) 100vw, 700px\" \/><\/div>\n\t\t<\/figure>\n\t<\/div>\n<\/div><\/div><\/div><\/div>\n<\/div>","protected":false},"excerpt":{"rendered":"<p>White cabinet with oak sliding doors 120x40x72 cm in the Modify series are designed for customers who want many choices. The cabinet holds 2 binders in height. Lock with 2 keys included.<\/p>","protected":false},"featured_media":74496,"template":"","meta":{"iawp_total_views":1},"product_brand":[],"product_cat":[5854,5856,6358,5690],"product_tag":[5807,6048,6049,6050],"class_list":{"0":"post-59007","1":"product","2":"type-product","3":"status-publish","4":"has-post-thumbnail","6":"product_cat-skap-skjutdorrar","7":"product_cat-skjutdorrskap-120x72-cm","8":"product_cat-modify","9":"product_cat-forvaring","10":"product_tag-forvaring","11":"product_tag-skjutdorrskap","12":"product_tag-modify-skap","13":"product_tag-skap-med-skjutdorrar","15":"first","16":"instock","17":"taxable","18":"shipping-taxable","19":"purchasable","20":"product-type-variable"},"yoast_head":"<!-- This site is optimized with the Yoast SEO plugin v27.0 - https:\/\/yoast.com\/product\/yoast-seo-wordpress\/ -->\n<title>Skjutd\u00f6rrsk\u00e5p 120x40x72cm - ek - Bjerring-Sales<\/title>\n<meta name=\"description\" content=\"Vitt sk\u00e5p med ek skjutd\u00f6rrar 120x40x72 cm i Modify serien \u00e4r framtagna f\u00f6r kunder som vill ha m\u00e5nga valm\u00f6jligheter.\" \/>\n<meta name=\"robots\" content=\"index, follow, max-snippet:-1, max-image-preview:large, max-video-preview:-1\" \/>\n<link rel=\"canonical\" href=\"https:\/\/shop.bjerring-sales.dk\/en\/product\/skjutdorrskap-120x40x72cm-ek\/\" \/>\n<meta property=\"og:locale\" content=\"en_GB\" \/>\n<meta property=\"og:type\" content=\"article\" \/>\n<meta property=\"og:title\" content=\"Skjutd\u00f6rrsk\u00e5p 120x40x72cm - ek - Bjerring-Sales\" \/>\n<meta property=\"og:description\" content=\"Vitt sk\u00e5p med ek skjutd\u00f6rrar 120x40x72 cm i Modify serien \u00e4r framtagna f\u00f6r kunder som vill ha m\u00e5nga valm\u00f6jligheter.\" \/>\n<meta property=\"og:url\" content=\"https:\/\/shop.bjerring-sales.dk\/en\/product\/skjutdorrskap-120x40x72cm-ek\/\" \/>\n<meta property=\"og:site_name\" content=\"Bjerring-Sales\" \/>\n<meta property=\"article:modified_time\" content=\"2024-04-25T12:35:44+00:00\" \/>\n<meta property=\"og:image\" content=\"https:\/\/pule.se\/wp-content\/uploads\/2021\/01\/Sliding_door_cabinet_Oak_120x72cm_MetalBlack-BlackHandles-3.gif\" \/>\n\t<meta property=\"og:image:width\" content=\"800\" \/>\n\t<meta property=\"og:image:height\" content=\"800\" \/>\n\t<meta property=\"og:image:type\" content=\"image\/gif\" \/>\n<meta name=\"twitter:card\" content=\"summary_large_image\" \/>\n<meta name=\"twitter:label1\" content=\"Estimated reading time\" \/>\n\t<meta name=\"twitter:data1\" content=\"2 minutes\" \/>\n<script type=\"application\/ld+json\" class=\"yoast-schema-graph\">{\"@context\":\"https:\/\/schema.org\",\"@graph\":[{\"@type\":\"WebPage\",\"@id\":\"https:\/\/shop.bjerring-sales.dk\/sv\/produkt\/skjutdorrskap-120x40x72cm-ek\/\",\"url\":\"https:\/\/shop.bjerring-sales.dk\/sv\/produkt\/skjutdorrskap-120x40x72cm-ek\/\",\"name\":\"Skjutd\u00f6rrsk\u00e5p 120x40x72cm - ek - Bjerring-Sales\",\"isPartOf\":{\"@id\":\"https:\/\/shop.bjerring-sales.dk\/#website\"},\"primaryImageOfPage\":{\"@id\":\"https:\/\/shop.bjerring-sales.dk\/sv\/produkt\/skjutdorrskap-120x40x72cm-ek\/#primaryimage\"},\"image\":{\"@id\":\"https:\/\/shop.bjerring-sales.dk\/sv\/produkt\/skjutdorrskap-120x40x72cm-ek\/#primaryimage\"},\"thumbnailUrl\":\"https:\/\/shop.bjerring-sales.dk\/wp-content\/uploads\/2021\/01\/Sliding_door_cabinet_Oak_120x72cm_MetalBlack-BlackHandles-3.gif\",\"datePublished\":\"2021-01-28T09:13:16+00:00\",\"dateModified\":\"2024-04-25T12:35:44+00:00\",\"description\":\"Vitt sk\u00e5p med ek skjutd\u00f6rrar 120x40x72 cm i Modify serien \u00e4r framtagna f\u00f6r kunder som vill ha m\u00e5nga valm\u00f6jligheter.\",\"breadcrumb\":{\"@id\":\"https:\/\/shop.bjerring-sales.dk\/sv\/produkt\/skjutdorrskap-120x40x72cm-ek\/#breadcrumb\"},\"inLanguage\":\"en-GB\",\"potentialAction\":[{\"@type\":\"ReadAction\",\"target\":[\"https:\/\/shop.bjerring-sales.dk\/sv\/produkt\/skjutdorrskap-120x40x72cm-ek\/\"]}]},{\"@type\":\"ImageObject\",\"inLanguage\":\"en-GB\",\"@id\":\"https:\/\/shop.bjerring-sales.dk\/sv\/produkt\/skjutdorrskap-120x40x72cm-ek\/#primaryimage\",\"url\":\"https:\/\/shop.bjerring-sales.dk\/wp-content\/uploads\/2021\/01\/Sliding_door_cabinet_Oak_120x72cm_MetalBlack-BlackHandles-3.gif\",\"contentUrl\":\"https:\/\/shop.bjerring-sales.dk\/wp-content\/uploads\/2021\/01\/Sliding_door_cabinet_Oak_120x72cm_MetalBlack-BlackHandles-3.gif\",\"width\":800,\"height\":800},{\"@type\":\"BreadcrumbList\",\"@id\":\"https:\/\/shop.bjerring-sales.dk\/sv\/produkt\/skjutdorrskap-120x40x72cm-ek\/#breadcrumb\",\"itemListElement\":[{\"@type\":\"ListItem\",\"position\":1,\"name\":\"Hem\",\"item\":\"https:\/\/shop.bjerring-sales.dk\/\"},{\"@type\":\"ListItem\",\"position\":2,\"name\":\"Webbutik\",\"item\":\"https:\/\/shop.bjerring-sales.dk\/butik\/\"},{\"@type\":\"ListItem\",\"position\":3,\"name\":\"Skjutd\u00f6rrsk\u00e5p 120x40x72cm &#8211; ek\"}]},{\"@type\":\"WebSite\",\"@id\":\"https:\/\/shop.bjerring-sales.dk\/#website\",\"url\":\"https:\/\/shop.bjerring-sales.dk\/\",\"name\":\"Bjerring-Sales\",\"description\":\"M\u00f6bler f\u00f6r teatrar, skolor, kontor och k\u00f6pcentrum\",\"publisher\":{\"@id\":\"https:\/\/shop.bjerring-sales.dk\/#organization\"},\"potentialAction\":[{\"@type\":\"SearchAction\",\"target\":{\"@type\":\"EntryPoint\",\"urlTemplate\":\"https:\/\/shop.bjerring-sales.dk\/?s={search_term_string}\"},\"query-input\":{\"@type\":\"PropertyValueSpecification\",\"valueRequired\":true,\"valueName\":\"search_term_string\"}}],\"inLanguage\":\"en-GB\"},{\"@type\":\"Organization\",\"@id\":\"https:\/\/shop.bjerring-sales.dk\/#organization\",\"name\":\"Bjerring-Sales\",\"url\":\"https:\/\/shop.bjerring-sales.dk\/\",\"logo\":{\"@type\":\"ImageObject\",\"inLanguage\":\"en-GB\",\"@id\":\"https:\/\/shop.bjerring-sales.dk\/#\/schema\/logo\/image\/\",\"url\":\"https:\/\/shop.bjerring-sales.dk\/wp-content\/uploads\/2023\/01\/logo_sv.png\",\"contentUrl\":\"https:\/\/shop.bjerring-sales.dk\/wp-content\/uploads\/2023\/01\/logo_sv.png\",\"width\":195,\"height\":68,\"caption\":\"Bjerring-Sales\"},\"image\":{\"@id\":\"https:\/\/shop.bjerring-sales.dk\/#\/schema\/logo\/image\/\"}}]}<\/script>\n<!-- \/ Yoast SEO plugin. -->","yoast_head_json":{"title":"Skjutd\u00f6rrsk\u00e5p 120x40x72cm - ek - Bjerring-Sales","description":"Vitt sk\u00e5p med ek skjutd\u00f6rrar 120x40x72 cm i Modify serien \u00e4r framtagna f\u00f6r kunder som vill ha m\u00e5nga valm\u00f6jligheter.","robots":{"index":"index","follow":"follow","max-snippet":"max-snippet:-1","max-image-preview":"max-image-preview:large","max-video-preview":"max-video-preview:-1"},"canonical":"https:\/\/shop.bjerring-sales.dk\/en\/product\/skjutdorrskap-120x40x72cm-ek\/","og_locale":"en_GB","og_type":"article","og_title":"Skjutd\u00f6rrsk\u00e5p 120x40x72cm - ek - Bjerring-Sales","og_description":"Vitt sk\u00e5p med ek skjutd\u00f6rrar 120x40x72 cm i Modify serien \u00e4r framtagna f\u00f6r kunder som vill ha m\u00e5nga valm\u00f6jligheter.","og_url":"https:\/\/shop.bjerring-sales.dk\/en\/product\/skjutdorrskap-120x40x72cm-ek\/","og_site_name":"Bjerring-Sales","article_modified_time":"2024-04-25T12:35:44+00:00","og_image":[{"width":800,"height":800,"url":"https:\/\/pule.se\/wp-content\/uploads\/2021\/01\/Sliding_door_cabinet_Oak_120x72cm_MetalBlack-BlackHandles-3.gif","type":"image\/gif"}],"twitter_card":"summary_large_image","twitter_misc":{"Estimated reading time":"2 minutes"},"schema":{"@context":"https:\/\/schema.org","@graph":[{"@type":"WebPage","@id":"https:\/\/shop.bjerring-sales.dk\/sv\/produkt\/skjutdorrskap-120x40x72cm-ek\/","url":"https:\/\/shop.bjerring-sales.dk\/sv\/produkt\/skjutdorrskap-120x40x72cm-ek\/","name":"Skjutd\u00f6rrsk\u00e5p 120x40x72cm - ek - Bjerring-Sales","isPartOf":{"@id":"https:\/\/shop.bjerring-sales.dk\/#website"},"primaryImageOfPage":{"@id":"https:\/\/shop.bjerring-sales.dk\/sv\/produkt\/skjutdorrskap-120x40x72cm-ek\/#primaryimage"},"image":{"@id":"https:\/\/shop.bjerring-sales.dk\/sv\/produkt\/skjutdorrskap-120x40x72cm-ek\/#primaryimage"},"thumbnailUrl":"https:\/\/shop.bjerring-sales.dk\/wp-content\/uploads\/2021\/01\/Sliding_door_cabinet_Oak_120x72cm_MetalBlack-BlackHandles-3.gif","datePublished":"2021-01-28T09:13:16+00:00","dateModified":"2024-04-25T12:35:44+00:00","description":"Vitt sk\u00e5p med ek skjutd\u00f6rrar 120x40x72 cm i Modify serien \u00e4r framtagna f\u00f6r kunder som vill ha m\u00e5nga valm\u00f6jligheter.","breadcrumb":{"@id":"https:\/\/shop.bjerring-sales.dk\/sv\/produkt\/skjutdorrskap-120x40x72cm-ek\/#breadcrumb"},"inLanguage":"en-GB","potentialAction":[{"@type":"ReadAction","target":["https:\/\/shop.bjerring-sales.dk\/sv\/produkt\/skjutdorrskap-120x40x72cm-ek\/"]}]},{"@type":"ImageObject","inLanguage":"en-GB","@id":"https:\/\/shop.bjerring-sales.dk\/sv\/produkt\/skjutdorrskap-120x40x72cm-ek\/#primaryimage","url":"https:\/\/shop.bjerring-sales.dk\/wp-content\/uploads\/2021\/01\/Sliding_door_cabinet_Oak_120x72cm_MetalBlack-BlackHandles-3.gif","contentUrl":"https:\/\/shop.bjerring-sales.dk\/wp-content\/uploads\/2021\/01\/Sliding_door_cabinet_Oak_120x72cm_MetalBlack-BlackHandles-3.gif","width":800,"height":800},{"@type":"BreadcrumbList","@id":"https:\/\/shop.bjerring-sales.dk\/sv\/produkt\/skjutdorrskap-120x40x72cm-ek\/#breadcrumb","itemListElement":[{"@type":"ListItem","position":1,"name":"Hem","item":"https:\/\/shop.bjerring-sales.dk\/"},{"@type":"ListItem","position":2,"name":"Webbutik","item":"https:\/\/shop.bjerring-sales.dk\/butik\/"},{"@type":"ListItem","position":3,"name":"Skjutd\u00f6rrsk\u00e5p 120x40x72cm &#8211; ek"}]},{"@type":"WebSite","@id":"https:\/\/shop.bjerring-sales.dk\/#website","url":"https:\/\/shop.bjerring-sales.dk\/","name":"Bjerring Sales","description":"Furniture for theatres, schools, offices and shopping centres","publisher":{"@id":"https:\/\/shop.bjerring-sales.dk\/#organization"},"potentialAction":[{"@type":"SearchAction","target":{"@type":"EntryPoint","urlTemplate":"https:\/\/shop.bjerring-sales.dk\/?s={search_term_string}"},"query-input":{"@type":"PropertyValueSpecification","valueRequired":true,"valueName":"search_term_string"}}],"inLanguage":"en-GB"},{"@type":"Organization","@id":"https:\/\/shop.bjerring-sales.dk\/#organization","name":"Bjerring Sales","url":"https:\/\/shop.bjerring-sales.dk\/","logo":{"@type":"ImageObject","inLanguage":"en-GB","@id":"https:\/\/shop.bjerring-sales.dk\/#\/schema\/logo\/image\/","url":"https:\/\/shop.bjerring-sales.dk\/wp-content\/uploads\/2023\/01\/logo_sv.png","contentUrl":"https:\/\/shop.bjerring-sales.dk\/wp-content\/uploads\/2023\/01\/logo_sv.png","width":195,"height":68,"caption":"Bjerring-Sales"},"image":{"@id":"https:\/\/shop.bjerring-sales.dk\/#\/schema\/logo\/image\/"}}]}},"_links":{"self":[{"href":"https:\/\/shop.bjerring-sales.dk\/en\/wp-json\/wp\/v2\/product\/59007","targetHints":{"allow":["GET"]}}],"collection":[{"href":"https:\/\/shop.bjerring-sales.dk\/en\/wp-json\/wp\/v2\/product"}],"about":[{"href":"https:\/\/shop.bjerring-sales.dk\/en\/wp-json\/wp\/v2\/types\/product"}],"wp:featuredmedia":[{"embeddable":true,"href":"https:\/\/shop.bjerring-sales.dk\/en\/wp-json\/wp\/v2\/media\/74496"}],"wp:attachment":[{"href":"https:\/\/shop.bjerring-sales.dk\/en\/wp-json\/wp\/v2\/media?parent=59007"}],"wp:term":[{"taxonomy":"product_brand","embeddable":true,"href":"https:\/\/shop.bjerring-sales.dk\/en\/wp-json\/wp\/v2\/product_brand?post=59007"},{"taxonomy":"product_cat","embeddable":true,"href":"https:\/\/shop.bjerring-sales.dk\/en\/wp-json\/wp\/v2\/product_cat?post=59007"},{"taxonomy":"product_tag","embeddable":true,"href":"https:\/\/shop.bjerring-sales.dk\/en\/wp-json\/wp\/v2\/product_tag?post=59007"}],"curies":[{"name":"wp","href":"https:\/\/api.w.org\/{rel}","templated":true}]}}