{"id":58580,"date":"2020-10-22T15:47:34","date_gmt":"2020-10-22T13:47:34","guid":{"rendered":"https:\/\/pule.se\/produkt\/bordsskarm-kortsida-gra-premium\/"},"modified":"2024-03-22T13:01:06","modified_gmt":"2024-03-22T12:01:06","slug":"bordsskarm-kortsida-gra-premium","status":"publish","type":"product","link":"https:\/\/shop.bjerring-sales.dk\/en\/product\/bordsskarm-kortsida-gra-premium\/","title":{"rendered":"Table screen short side gray - Silencio Premium"},"content":{"rendered":"<div class=\"wpb-content-wrapper\"><div class=\"vc_row wpb_row vc_row-fluid\"><div class=\"wpb_column vc_column_container vc_col-sm-12\"><div class=\"vc_column-inner\"><div class=\"wpb_wrapper\">\n\t<div class=\"wpb_text_column wpb_content_element\" >\n\t\t<div class=\"wpb_wrapper\">\n\t\t\t<p><span style=\"font-size: 24pt\">Table screen short side - Silencio Premium<br \/>\n<\/span>Table screen short side in the Silencio series are designed with price, quality and design in mind. We have chosen to produce the table screens in both Basic and Premium versions, depending on the customer&#039;s wishes. The table screens are easy to mount on the short side of the desk with good fasteners that are included. The table screens are certified and manufactured to fit all types of desks. Silencio table screens are stock items available for immediate delivery.<\/p>\n\n\t\t<\/div>\n\t<\/div>\n<\/div><\/div><\/div><\/div><div class=\"vc_row wpb_row vc_row-fluid\"><div class=\"wpb_column vc_column_container vc_col-sm-4\"><div class=\"vc_column-inner\"><div class=\"wpb_wrapper\">\n\t<div  class=\"wpb_single_image wpb_content_element vc_align_center\">\n\t\t\n\t\t<figure class=\"wpb_wrapper vc_figure\">\n\t\t\t<div class=\"vc_single_image-wrapper vc_box_shadow_border  vc_box_border_grey\"><img loading=\"lazy\" decoding=\"async\" width=\"800\" height=\"550\" src=\"https:\/\/shop.bjerring-sales.dk\/wp-content\/uploads\/2020\/10\/Bordsskarm_800x550-2.jpg\" class=\"vc_single_image-img attachment-full\" alt=\"\" title=\"Table frame_800x550\" srcset=\"https:\/\/shop.bjerring-sales.dk\/wp-content\/uploads\/2020\/10\/Bordsskarm_800x550-2.jpg 800w, https:\/\/shop.bjerring-sales.dk\/wp-content\/uploads\/2020\/10\/Bordsskarm_800x550-2-150x103.jpg 150w, https:\/\/shop.bjerring-sales.dk\/wp-content\/uploads\/2020\/10\/Bordsskarm_800x550-2-600x413.jpg 600w, https:\/\/shop.bjerring-sales.dk\/wp-content\/uploads\/2020\/10\/Bordsskarm_800x550-2-300x206.jpg 300w, https:\/\/shop.bjerring-sales.dk\/wp-content\/uploads\/2020\/10\/Bordsskarm_800x550-2-768x528.jpg 768w\" sizes=\"auto, (max-width: 800px) 100vw, 800px\" \/><\/div>\n\t\t<\/figure>\n\t<\/div>\n<\/div><\/div><\/div><div class=\"wpb_column vc_column_container vc_col-sm-4\"><div class=\"vc_column-inner\"><div class=\"wpb_wrapper\">\n\t<div  class=\"wpb_single_image wpb_content_element vc_align_center\">\n\t\t\n\t\t<figure class=\"wpb_wrapper vc_figure\">\n\t\t\t<div class=\"vc_single_image-wrapper vc_box_shadow_border  vc_box_border_grey\"><img loading=\"lazy\" decoding=\"async\" width=\"800\" height=\"550\" src=\"https:\/\/shop.bjerring-sales.dk\/wp-content\/uploads\/2020\/10\/miljo-bordsskarm-forvaring_800x550-2.jpg\" class=\"vc_single_image-img attachment-full\" alt=\"\" title=\"milijo-table-screen-storage_800x550\" srcset=\"https:\/\/shop.bjerring-sales.dk\/wp-content\/uploads\/2020\/10\/miljo-bordsskarm-forvaring_800x550-2.jpg 800w, https:\/\/shop.bjerring-sales.dk\/wp-content\/uploads\/2020\/10\/miljo-bordsskarm-forvaring_800x550-2-150x103.jpg 150w, https:\/\/shop.bjerring-sales.dk\/wp-content\/uploads\/2020\/10\/miljo-bordsskarm-forvaring_800x550-2-600x413.jpg 600w, https:\/\/shop.bjerring-sales.dk\/wp-content\/uploads\/2020\/10\/miljo-bordsskarm-forvaring_800x550-2-300x206.jpg 300w, https:\/\/shop.bjerring-sales.dk\/wp-content\/uploads\/2020\/10\/miljo-bordsskarm-forvaring_800x550-2-768x528.jpg 768w\" sizes=\"auto, (max-width: 800px) 100vw, 800px\" \/><\/div>\n\t\t<\/figure>\n\t<\/div>\n<\/div><\/div><\/div><div class=\"wpb_column vc_column_container vc_col-sm-4\"><div class=\"vc_column-inner\"><div class=\"wpb_wrapper\">\n\t<div  class=\"wpb_single_image wpb_content_element vc_align_center\">\n\t\t\n\t\t<figure class=\"wpb_wrapper vc_figure\">\n\t\t\t<div class=\"vc_single_image-wrapper vc_box_shadow_border  vc_box_border_grey\"><img loading=\"lazy\" decoding=\"async\" width=\"800\" height=\"550\" src=\"https:\/\/shop.bjerring-sales.dk\/wp-content\/uploads\/2020\/10\/ELJ_Screens-180x51_01_800x550.jpg\" class=\"vc_single_image-img attachment-full\" alt=\"\" title=\"ELJ_Screens-180x51_01_800x550\" srcset=\"https:\/\/shop.bjerring-sales.dk\/wp-content\/uploads\/2020\/10\/ELJ_Screens-180x51_01_800x550.jpg 800w, https:\/\/shop.bjerring-sales.dk\/wp-content\/uploads\/2020\/10\/ELJ_Screens-180x51_01_800x550-150x103.jpg 150w, https:\/\/shop.bjerring-sales.dk\/wp-content\/uploads\/2020\/10\/ELJ_Screens-180x51_01_800x550-600x413.jpg 600w, https:\/\/shop.bjerring-sales.dk\/wp-content\/uploads\/2020\/10\/ELJ_Screens-180x51_01_800x550-300x206.jpg 300w, https:\/\/shop.bjerring-sales.dk\/wp-content\/uploads\/2020\/10\/ELJ_Screens-180x51_01_800x550-768x528.jpg 768w\" sizes=\"auto, (max-width: 800px) 100vw, 800px\" \/><\/div>\n\t\t<\/figure>\n\t<\/div>\n<\/div><\/div><\/div><\/div><div class=\"vc_row wpb_row vc_row-fluid\"><div class=\"wpb_column vc_column_container vc_col-sm-6\"><div class=\"vc_column-inner\"><div class=\"wpb_wrapper\">\n\t<div class=\"wpb_text_column wpb_content_element\" >\n\t\t<div class=\"wpb_wrapper\">\n\t\t\t<p style=\"text-align: left\"><span style=\"font-size: 18pt\">Colors<br \/>\n<\/span>Silencio table screen short side in Basic and Premium version is currently stocked in &quot;Gray&quot;, which is shown as shown below. We can custom manufacture the table screens in all colors according to the picture below with 2-3 weeks delivery time.<\/p>\n<h3><a href=\"https:\/\/elj.se\/wp-content\/uploads\/2020\/09\/farger.jpg\"><img loading=\"lazy\" decoding=\"async\" class=\"alignnone wp-image-23763 size-full\" src=\"https:\/\/elj.se\/wp-content\/uploads\/2020\/09\/farger.jpg\" alt=\"\" width=\"480\" height=\"451\" \/><\/a><\/h3>\n\n\t\t<\/div>\n\t<\/div>\n<\/div><\/div><\/div><div class=\"wpb_column vc_column_container vc_col-sm-6\"><div class=\"vc_column-inner\"><div class=\"wpb_wrapper\">\n\t<div class=\"wpb_text_column wpb_content_element\" >\n\t\t<div class=\"wpb_wrapper\">\n\t\t\t<p><span style=\"font-size: 18pt\">Areas of use<br \/>\n<\/span>Short side desk screen is used to mute and absorb sound from the side of the desk and in office landscapes. Table screens also function as a form of shielding. Table screens are a perfect complement to the office landscape to create a more pleasant and comfortable work environment.<\/p>\n<p><span style=\"font-size: 18pt\">Material<br \/>\n<\/span>Table screen short side in Premium design has a chipboard of 16 mm which is covered with 10 mm acoustic foam which is then covered with a quality fabric.<\/p>\n<p><span style=\"font-size: 18pt\">Measure<\/span><\/p>\n<ul>\n<li>Silencio table screen short side, Premium 70 \u00d7 59.5 \u00d7 3.6 cm<\/li>\n<li>Silencio table screen short side, Premium 80 \u00d7 59.5 \u00d7 3.6 cm<\/li>\n<\/ul>\n<p><span style=\"font-size: 18pt\">Guarantee<br \/>\n<\/span>2 year warranty<\/p>\n<p><span style=\"font-size: 18pt\">Certifications<br \/>\n<\/span>EN 1023-1: 1996, EN 1023-2: 2000, EN 1023-3: 2000.<\/p>\n\n\t\t<\/div>\n\t<\/div>\n<\/div><\/div><\/div><\/div>\n<\/div>","protected":false},"excerpt":{"rendered":"<p>Table screen short side in Premium design has a chipboard of 16 mm which is covered with 10 mm acoustic foam which is then covered with a quality fabric.<\/p>","protected":false},"featured_media":94722,"template":"","meta":{"iawp_total_views":2},"product_brand":[],"product_cat":[5834,5629,5833,6362],"product_tag":[5780,5828,5829,5830,5831,5832],"class_list":{"0":"post-58580","1":"product","2":"type-product","3":"status-publish","4":"has-post-thumbnail","6":"product_cat-bordsskarmar","7":"product_cat-kontorsmobler","8":"product_cat-ljudabsorbenter-avskarmning","9":"product_cat-silencio","10":"product_tag-up-down","11":"product_tag-bordsskarm","12":"product_tag-silencio","13":"product_tag-ljudabsorbent","14":"product_tag-sidoskarm","15":"product_tag-avskarmning","17":"first","18":"instock","19":"taxable","20":"shipping-taxable","21":"purchasable","22":"product-type-variable"},"yoast_head":"<!-- This site is optimized with the Yoast SEO plugin v27.0 - https:\/\/yoast.com\/product\/yoast-seo-wordpress\/ -->\n<title>Bordssk\u00e4rm kortsida gr\u00e5 - Silencio Premium - Bjerring-Sales<\/title>\n<meta name=\"description\" content=\"Bordssk\u00e4rm kortsida i Premium utf\u00f6rande har en sp\u00e5nskiva p\u00e5 16 mm som \u00e4r t\u00e4ckt med 10 mm akustiskt skum som sedan kl\u00e4tts med ett kvalitativt tyg.\" \/>\n<meta name=\"robots\" content=\"index, follow, max-snippet:-1, max-image-preview:large, max-video-preview:-1\" \/>\n<link rel=\"canonical\" href=\"https:\/\/shop.bjerring-sales.dk\/en\/product\/bordsskarm-kortsida-gra-premium\/\" \/>\n<meta property=\"og:locale\" content=\"en_GB\" \/>\n<meta property=\"og:type\" content=\"article\" \/>\n<meta property=\"og:title\" content=\"Bordssk\u00e4rm kortsida gr\u00e5 - Silencio Premium - Bjerring-Sales\" \/>\n<meta property=\"og:description\" content=\"Bordssk\u00e4rm kortsida i Premium utf\u00f6rande har en sp\u00e5nskiva p\u00e5 16 mm som \u00e4r t\u00e4ckt med 10 mm akustiskt skum som sedan kl\u00e4tts med ett kvalitativt tyg.\" \/>\n<meta property=\"og:url\" content=\"https:\/\/shop.bjerring-sales.dk\/en\/product\/bordsskarm-kortsida-gra-premium\/\" \/>\n<meta property=\"og:site_name\" content=\"Bjerring-Sales\" \/>\n<meta property=\"article:modified_time\" content=\"2024-03-22T12:01:06+00:00\" \/>\n<meta property=\"og:image\" content=\"https:\/\/shop.bjerring-sales.dk\/wp-content\/uploads\/2023\/11\/Bordsskarm_kortsida_gra_80_cm.jpg\" \/>\n\t<meta property=\"og:image:width\" content=\"800\" \/>\n\t<meta property=\"og:image:height\" content=\"800\" \/>\n\t<meta property=\"og:image:type\" content=\"image\/jpeg\" \/>\n<meta name=\"twitter:card\" content=\"summary_large_image\" \/>\n<meta name=\"twitter:label1\" content=\"Estimated reading time\" \/>\n\t<meta name=\"twitter:data1\" content=\"2 minutes\" \/>\n<script type=\"application\/ld+json\" class=\"yoast-schema-graph\">{\"@context\":\"https:\/\/schema.org\",\"@graph\":[{\"@type\":\"WebPage\",\"@id\":\"https:\/\/shop.bjerring-sales.dk\/sv\/produkt\/bordsskarm-kortsida-gra-premium\/\",\"url\":\"https:\/\/shop.bjerring-sales.dk\/sv\/produkt\/bordsskarm-kortsida-gra-premium\/\",\"name\":\"Bordssk\u00e4rm kortsida gr\u00e5 - Silencio Premium - Bjerring-Sales\",\"isPartOf\":{\"@id\":\"https:\/\/shop.bjerring-sales.dk\/#website\"},\"primaryImageOfPage\":{\"@id\":\"https:\/\/shop.bjerring-sales.dk\/sv\/produkt\/bordsskarm-kortsida-gra-premium\/#primaryimage\"},\"image\":{\"@id\":\"https:\/\/shop.bjerring-sales.dk\/sv\/produkt\/bordsskarm-kortsida-gra-premium\/#primaryimage\"},\"thumbnailUrl\":\"https:\/\/shop.bjerring-sales.dk\/wp-content\/uploads\/2023\/11\/Bordsskarm_kortsida_gra_80_cm.jpg\",\"datePublished\":\"2020-10-22T13:47:34+00:00\",\"dateModified\":\"2024-03-22T12:01:06+00:00\",\"description\":\"Bordssk\u00e4rm kortsida i Premium utf\u00f6rande har en sp\u00e5nskiva p\u00e5 16 mm som \u00e4r t\u00e4ckt med 10 mm akustiskt skum som sedan kl\u00e4tts med ett kvalitativt tyg.\",\"breadcrumb\":{\"@id\":\"https:\/\/shop.bjerring-sales.dk\/sv\/produkt\/bordsskarm-kortsida-gra-premium\/#breadcrumb\"},\"inLanguage\":\"en-GB\",\"potentialAction\":[{\"@type\":\"ReadAction\",\"target\":[\"https:\/\/shop.bjerring-sales.dk\/sv\/produkt\/bordsskarm-kortsida-gra-premium\/\"]}]},{\"@type\":\"ImageObject\",\"inLanguage\":\"en-GB\",\"@id\":\"https:\/\/shop.bjerring-sales.dk\/sv\/produkt\/bordsskarm-kortsida-gra-premium\/#primaryimage\",\"url\":\"https:\/\/shop.bjerring-sales.dk\/wp-content\/uploads\/2023\/11\/Bordsskarm_kortsida_gra_80_cm.jpg\",\"contentUrl\":\"https:\/\/shop.bjerring-sales.dk\/wp-content\/uploads\/2023\/11\/Bordsskarm_kortsida_gra_80_cm.jpg\",\"width\":800,\"height\":800},{\"@type\":\"BreadcrumbList\",\"@id\":\"https:\/\/shop.bjerring-sales.dk\/sv\/produkt\/bordsskarm-kortsida-gra-premium\/#breadcrumb\",\"itemListElement\":[{\"@type\":\"ListItem\",\"position\":1,\"name\":\"Hem\",\"item\":\"https:\/\/shop.bjerring-sales.dk\/\"},{\"@type\":\"ListItem\",\"position\":2,\"name\":\"Webbutik\",\"item\":\"https:\/\/shop.bjerring-sales.dk\/butik\/\"},{\"@type\":\"ListItem\",\"position\":3,\"name\":\"Bordssk\u00e4rm kortsida gr\u00e5 &#8211; Silencio Premium\"}]},{\"@type\":\"WebSite\",\"@id\":\"https:\/\/shop.bjerring-sales.dk\/#website\",\"url\":\"https:\/\/shop.bjerring-sales.dk\/\",\"name\":\"Bjerring-Sales\",\"description\":\"M\u00f6bler f\u00f6r teatrar, skolor, kontor och k\u00f6pcentrum\",\"publisher\":{\"@id\":\"https:\/\/shop.bjerring-sales.dk\/#organization\"},\"potentialAction\":[{\"@type\":\"SearchAction\",\"target\":{\"@type\":\"EntryPoint\",\"urlTemplate\":\"https:\/\/shop.bjerring-sales.dk\/?s={search_term_string}\"},\"query-input\":{\"@type\":\"PropertyValueSpecification\",\"valueRequired\":true,\"valueName\":\"search_term_string\"}}],\"inLanguage\":\"en-GB\"},{\"@type\":\"Organization\",\"@id\":\"https:\/\/shop.bjerring-sales.dk\/#organization\",\"name\":\"Bjerring-Sales\",\"url\":\"https:\/\/shop.bjerring-sales.dk\/\",\"logo\":{\"@type\":\"ImageObject\",\"inLanguage\":\"en-GB\",\"@id\":\"https:\/\/shop.bjerring-sales.dk\/#\/schema\/logo\/image\/\",\"url\":\"https:\/\/shop.bjerring-sales.dk\/wp-content\/uploads\/2023\/01\/logo_sv.png\",\"contentUrl\":\"https:\/\/shop.bjerring-sales.dk\/wp-content\/uploads\/2023\/01\/logo_sv.png\",\"width\":195,\"height\":68,\"caption\":\"Bjerring-Sales\"},\"image\":{\"@id\":\"https:\/\/shop.bjerring-sales.dk\/#\/schema\/logo\/image\/\"}}]}<\/script>\n<!-- \/ Yoast SEO plugin. -->","yoast_head_json":{"title":"Bordssk\u00e4rm kortsida gr\u00e5 - Silencio Premium - Bjerring-Sales","description":"Table screen short side in Premium design has a chipboard of 16 mm which is covered with 10 mm acoustic foam which is then covered with a quality fabric.","robots":{"index":"index","follow":"follow","max-snippet":"max-snippet:-1","max-image-preview":"max-image-preview:large","max-video-preview":"max-video-preview:-1"},"canonical":"https:\/\/shop.bjerring-sales.dk\/en\/product\/bordsskarm-kortsida-gra-premium\/","og_locale":"en_GB","og_type":"article","og_title":"Bordssk\u00e4rm kortsida gr\u00e5 - Silencio Premium - Bjerring-Sales","og_description":"Bordssk\u00e4rm kortsida i Premium utf\u00f6rande har en sp\u00e5nskiva p\u00e5 16 mm som \u00e4r t\u00e4ckt med 10 mm akustiskt skum som sedan kl\u00e4tts med ett kvalitativt tyg.","og_url":"https:\/\/shop.bjerring-sales.dk\/en\/product\/bordsskarm-kortsida-gra-premium\/","og_site_name":"Bjerring-Sales","article_modified_time":"2024-03-22T12:01:06+00:00","og_image":[{"width":800,"height":800,"url":"https:\/\/shop.bjerring-sales.dk\/wp-content\/uploads\/2023\/11\/Bordsskarm_kortsida_gra_80_cm.jpg","type":"image\/jpeg"}],"twitter_card":"summary_large_image","twitter_misc":{"Estimated reading time":"2 minutes"},"schema":{"@context":"https:\/\/schema.org","@graph":[{"@type":"WebPage","@id":"https:\/\/shop.bjerring-sales.dk\/sv\/produkt\/bordsskarm-kortsida-gra-premium\/","url":"https:\/\/shop.bjerring-sales.dk\/sv\/produkt\/bordsskarm-kortsida-gra-premium\/","name":"Bordssk\u00e4rm kortsida gr\u00e5 - Silencio Premium - Bjerring-Sales","isPartOf":{"@id":"https:\/\/shop.bjerring-sales.dk\/#website"},"primaryImageOfPage":{"@id":"https:\/\/shop.bjerring-sales.dk\/sv\/produkt\/bordsskarm-kortsida-gra-premium\/#primaryimage"},"image":{"@id":"https:\/\/shop.bjerring-sales.dk\/sv\/produkt\/bordsskarm-kortsida-gra-premium\/#primaryimage"},"thumbnailUrl":"https:\/\/shop.bjerring-sales.dk\/wp-content\/uploads\/2023\/11\/Bordsskarm_kortsida_gra_80_cm.jpg","datePublished":"2020-10-22T13:47:34+00:00","dateModified":"2024-03-22T12:01:06+00:00","description":"Table screen short side in Premium design has a chipboard of 16 mm which is covered with 10 mm acoustic foam which is then covered with a quality fabric.","breadcrumb":{"@id":"https:\/\/shop.bjerring-sales.dk\/sv\/produkt\/bordsskarm-kortsida-gra-premium\/#breadcrumb"},"inLanguage":"en-GB","potentialAction":[{"@type":"ReadAction","target":["https:\/\/shop.bjerring-sales.dk\/sv\/produkt\/bordsskarm-kortsida-gra-premium\/"]}]},{"@type":"ImageObject","inLanguage":"en-GB","@id":"https:\/\/shop.bjerring-sales.dk\/sv\/produkt\/bordsskarm-kortsida-gra-premium\/#primaryimage","url":"https:\/\/shop.bjerring-sales.dk\/wp-content\/uploads\/2023\/11\/Bordsskarm_kortsida_gra_80_cm.jpg","contentUrl":"https:\/\/shop.bjerring-sales.dk\/wp-content\/uploads\/2023\/11\/Bordsskarm_kortsida_gra_80_cm.jpg","width":800,"height":800},{"@type":"BreadcrumbList","@id":"https:\/\/shop.bjerring-sales.dk\/sv\/produkt\/bordsskarm-kortsida-gra-premium\/#breadcrumb","itemListElement":[{"@type":"ListItem","position":1,"name":"Hem","item":"https:\/\/shop.bjerring-sales.dk\/"},{"@type":"ListItem","position":2,"name":"Webbutik","item":"https:\/\/shop.bjerring-sales.dk\/butik\/"},{"@type":"ListItem","position":3,"name":"Bordssk\u00e4rm kortsida gr\u00e5 &#8211; Silencio Premium"}]},{"@type":"WebSite","@id":"https:\/\/shop.bjerring-sales.dk\/#website","url":"https:\/\/shop.bjerring-sales.dk\/","name":"Bjerring Sales","description":"Furniture for theatres, schools, offices and shopping centres","publisher":{"@id":"https:\/\/shop.bjerring-sales.dk\/#organization"},"potentialAction":[{"@type":"SearchAction","target":{"@type":"EntryPoint","urlTemplate":"https:\/\/shop.bjerring-sales.dk\/?s={search_term_string}"},"query-input":{"@type":"PropertyValueSpecification","valueRequired":true,"valueName":"search_term_string"}}],"inLanguage":"en-GB"},{"@type":"Organization","@id":"https:\/\/shop.bjerring-sales.dk\/#organization","name":"Bjerring Sales","url":"https:\/\/shop.bjerring-sales.dk\/","logo":{"@type":"ImageObject","inLanguage":"en-GB","@id":"https:\/\/shop.bjerring-sales.dk\/#\/schema\/logo\/image\/","url":"https:\/\/shop.bjerring-sales.dk\/wp-content\/uploads\/2023\/01\/logo_sv.png","contentUrl":"https:\/\/shop.bjerring-sales.dk\/wp-content\/uploads\/2023\/01\/logo_sv.png","width":195,"height":68,"caption":"Bjerring-Sales"},"image":{"@id":"https:\/\/shop.bjerring-sales.dk\/#\/schema\/logo\/image\/"}}]}},"_links":{"self":[{"href":"https:\/\/shop.bjerring-sales.dk\/en\/wp-json\/wp\/v2\/product\/58580","targetHints":{"allow":["GET"]}}],"collection":[{"href":"https:\/\/shop.bjerring-sales.dk\/en\/wp-json\/wp\/v2\/product"}],"about":[{"href":"https:\/\/shop.bjerring-sales.dk\/en\/wp-json\/wp\/v2\/types\/product"}],"wp:featuredmedia":[{"embeddable":true,"href":"https:\/\/shop.bjerring-sales.dk\/en\/wp-json\/wp\/v2\/media\/94722"}],"wp:attachment":[{"href":"https:\/\/shop.bjerring-sales.dk\/en\/wp-json\/wp\/v2\/media?parent=58580"}],"wp:term":[{"taxonomy":"product_brand","embeddable":true,"href":"https:\/\/shop.bjerring-sales.dk\/en\/wp-json\/wp\/v2\/product_brand?post=58580"},{"taxonomy":"product_cat","embeddable":true,"href":"https:\/\/shop.bjerring-sales.dk\/en\/wp-json\/wp\/v2\/product_cat?post=58580"},{"taxonomy":"product_tag","embeddable":true,"href":"https:\/\/shop.bjerring-sales.dk\/en\/wp-json\/wp\/v2\/product_tag?post=58580"}],"curies":[{"name":"wp","href":"https:\/\/api.w.org\/{rel}","templated":true}]}}