{"id":58524,"date":"2021-03-30T13:48:37","date_gmt":"2021-03-30T11:48:37","guid":{"rendered":"https:\/\/pule.se\/produkt\/stapelbar-stol-bjorkplywood\/"},"modified":"2026-01-15T16:38:42","modified_gmt":"2026-01-15T15:38:42","slug":"stapelbar-stol-bjorkplywood","status":"publish","type":"product","link":"https:\/\/shop.bjerring-sales.dk\/en\/product\/stapelbar-stol-bjorkplywood\/","title":{"rendered":"Sofie \u2013 Stackable chair in birch plywood"},"content":{"rendered":"<div class=\"wpb-content-wrapper\"><div class=\"vc_row wpb_row vc_row-fluid\"><div class=\"wpb_column vc_column_container vc_col-sm-12\"><div class=\"vc_column-inner\"><div class=\"wpb_wrapper\">\n\t<div class=\"wpb_text_column wpb_content_element\" >\n\t\t<div class=\"wpb_wrapper\">\n\t\t\t<p><span style=\"font-size: 24pt;\">Sofie \u2013 An affordable stackable chair in birch plywood for conference &amp; training<br \/>\n<\/span>Sofie is a stackable chair in birch plywood. The chair is easy to keep clean and easy to stack. It is perfect for meeting rooms, schools, trainings, fairs, conferences and other events. MOQ is 4 pcs.<\/p>\n\n\t\t<\/div>\n\t<\/div>\n<\/div><\/div><\/div><\/div><div class=\"vc_row wpb_row vc_row-fluid\"><div class=\"wpb_column vc_column_container vc_col-sm-12\"><div class=\"vc_column-inner\"><div class=\"wpb_wrapper\"><div class=\"vc_separator wpb_content_element vc_separator_align_center vc_sep_width_100 vc_sep_pos_align_center vc_separator_no_text vc_sep_color_grey\" ><span class=\"vc_sep_holder vc_sep_holder_l\"><span class=\"vc_sep_line\"><\/span><\/span><span class=\"vc_sep_holder vc_sep_holder_r\"><span class=\"vc_sep_line\"><\/span><\/span>\n<\/div><\/div><\/div><\/div><\/div><div class=\"vc_row wpb_row vc_row-fluid\"><div class=\"wpb_column vc_column_container vc_col-sm-6\"><div class=\"vc_column-inner\"><div class=\"wpb_wrapper\">\n\t<div class=\"wpb_text_column wpb_content_element\" >\n\t\t<div class=\"wpb_wrapper\">\n\t\t\t<p><span style=\"font-size: 18pt;\">Material<br \/>\n<\/span>The seat and back are made of birch plywood which has been varnished. The frame is powder coated and available in silver grey.<\/p>\n<p><span style=\"font-size: 18pt;\">Measure<\/span><\/p>\n<ul>\n<li>Total height: 860 mm<\/li>\n<li>Total width: 535 mm<\/li>\n<li>Total depth: 560 mm<\/li>\n<li>Seat height: 470 mm<\/li>\n<li>Seat width: 465 mm<\/li>\n<li>Seat depth: 400 mm<\/li>\n<\/ul>\n\n\t\t<\/div>\n\t<\/div>\n<\/div><\/div><\/div><div class=\"wpb_column vc_column_container vc_col-sm-6\"><div class=\"vc_column-inner\"><div class=\"wpb_wrapper\">\n\t<div class=\"wpb_text_column wpb_content_element\" >\n\t\t<div class=\"wpb_wrapper\">\n\t\t\t<p><span style=\"font-size: 18pt;\">Weight<br \/>\n<\/span>5 kg<\/p>\n<p><span style=\"font-size: 18pt;\">Other<\/span><\/p>\n<ul>\n<li>MOQ: 4 pcs<\/li>\n<\/ul>\n\n\t\t<\/div>\n\t<\/div>\n<\/div><\/div><\/div><\/div>\n<\/div>","protected":false},"excerpt":{"rendered":"<p>Sofie is a stackable chair in birch plywood. Perfect in restaurants, at trainings, fairs, conferences and other events. MOQ 4 pcs<\/p>","protected":false},"featured_media":101099,"template":"","meta":{"iawp_total_views":1},"product_brand":[],"product_cat":[5791,5825],"product_tag":[5850,6042],"class_list":{"0":"post-58524","1":"product","2":"type-product","3":"status-publish","4":"has-post-thumbnail","6":"product_cat-stolar","7":"product_cat-stapelbara-stolar","8":"product_tag-stapelbar-stol","9":"product_tag-stol-i-plywood","11":"first","12":"instock","13":"taxable","14":"shipping-taxable","15":"purchasable","16":"product-type-variable"},"yoast_head":"<!-- This site is optimized with the Yoast SEO plugin v27.0 - https:\/\/yoast.com\/product\/yoast-seo-wordpress\/ -->\n<title>Sofie - Stapelbar stol i bj\u00f6rkplywood - Bjerring-Sales<\/title>\n<meta name=\"description\" content=\"Sofie \u00e4r en stapelbar stol i bj\u00f6rkplywood. Perfekt i restauranger, kontoret, skola och utbildningar, m\u00e4ssor &amp; konferenser.\" \/>\n<meta name=\"robots\" content=\"index, follow, max-snippet:-1, max-image-preview:large, max-video-preview:-1\" \/>\n<link rel=\"canonical\" href=\"https:\/\/shop.bjerring-sales.dk\/en\/product\/stapelbar-stol-bjorkplywood\/\" \/>\n<meta property=\"og:locale\" content=\"en_GB\" \/>\n<meta property=\"og:type\" content=\"article\" \/>\n<meta property=\"og:title\" content=\"Sofie - Stapelbar stol i bj\u00f6rkplywood - Bjerring-Sales\" \/>\n<meta property=\"og:description\" content=\"Sofie \u00e4r en stapelbar stol i bj\u00f6rkplywood. Perfekt i restauranger, kontoret, skola och utbildningar, m\u00e4ssor &amp; konferenser.\" \/>\n<meta property=\"og:url\" content=\"https:\/\/shop.bjerring-sales.dk\/en\/product\/stapelbar-stol-bjorkplywood\/\" \/>\n<meta property=\"og:site_name\" content=\"Bjerring-Sales\" \/>\n<meta property=\"article:modified_time\" content=\"2026-01-15T15:38:42+00:00\" \/>\n<meta property=\"og:image\" content=\"https:\/\/shop.bjerring-sales.dk\/wp-content\/uploads\/2026\/01\/Birch_Gray-scaled-1.jpg\" \/>\n\t<meta property=\"og:image:width\" content=\"1920\" \/>\n\t<meta property=\"og:image:height\" content=\"1920\" \/>\n\t<meta property=\"og:image:type\" content=\"image\/jpeg\" \/>\n<meta name=\"twitter:card\" content=\"summary_large_image\" \/>\n<meta name=\"twitter:label1\" content=\"Estimated reading time\" \/>\n\t<meta name=\"twitter:data1\" content=\"1 minute\" \/>\n<script type=\"application\/ld+json\" class=\"yoast-schema-graph\">{\"@context\":\"https:\/\/schema.org\",\"@graph\":[{\"@type\":\"WebPage\",\"@id\":\"https:\/\/shop.bjerring-sales.dk\/product\/stapelbar-stol-bjorkplywood\/\",\"url\":\"https:\/\/shop.bjerring-sales.dk\/product\/stapelbar-stol-bjorkplywood\/\",\"name\":\"Sofie - Stapelbar stol i bj\u00f6rkplywood - Bjerring-Sales\",\"isPartOf\":{\"@id\":\"https:\/\/shop.bjerring-sales.dk\/#website\"},\"primaryImageOfPage\":{\"@id\":\"https:\/\/shop.bjerring-sales.dk\/product\/stapelbar-stol-bjorkplywood\/#primaryimage\"},\"image\":{\"@id\":\"https:\/\/shop.bjerring-sales.dk\/product\/stapelbar-stol-bjorkplywood\/#primaryimage\"},\"thumbnailUrl\":\"https:\/\/shop.bjerring-sales.dk\/wp-content\/uploads\/2026\/01\/Birch_Gray-scaled-1.jpg\",\"datePublished\":\"2021-03-30T11:48:37+00:00\",\"dateModified\":\"2026-01-15T15:38:42+00:00\",\"description\":\"Sofie \u00e4r en stapelbar stol i bj\u00f6rkplywood. Perfekt i restauranger, kontoret, skola och utbildningar, m\u00e4ssor & konferenser.\",\"breadcrumb\":{\"@id\":\"https:\/\/shop.bjerring-sales.dk\/product\/stapelbar-stol-bjorkplywood\/#breadcrumb\"},\"inLanguage\":\"en-GB\",\"potentialAction\":[{\"@type\":\"ReadAction\",\"target\":[\"https:\/\/shop.bjerring-sales.dk\/product\/stapelbar-stol-bjorkplywood\/\"]}]},{\"@type\":\"ImageObject\",\"inLanguage\":\"en-GB\",\"@id\":\"https:\/\/shop.bjerring-sales.dk\/product\/stapelbar-stol-bjorkplywood\/#primaryimage\",\"url\":\"https:\/\/shop.bjerring-sales.dk\/wp-content\/uploads\/2026\/01\/Birch_Gray-scaled-1.jpg\",\"contentUrl\":\"https:\/\/shop.bjerring-sales.dk\/wp-content\/uploads\/2026\/01\/Birch_Gray-scaled-1.jpg\",\"width\":1920,\"height\":1920},{\"@type\":\"BreadcrumbList\",\"@id\":\"https:\/\/shop.bjerring-sales.dk\/product\/stapelbar-stol-bjorkplywood\/#breadcrumb\",\"itemListElement\":[{\"@type\":\"ListItem\",\"position\":1,\"name\":\"Hem\",\"item\":\"https:\/\/shop.bjerring-sales.dk\/\"},{\"@type\":\"ListItem\",\"position\":2,\"name\":\"Webbutik\",\"item\":\"https:\/\/shop.bjerring-sales.dk\/butik\/\"},{\"@type\":\"ListItem\",\"position\":3,\"name\":\"Sofie &#8211; Stapelbar stol i bj\u00f6rkplywood\"}]},{\"@type\":\"WebSite\",\"@id\":\"https:\/\/shop.bjerring-sales.dk\/#website\",\"url\":\"https:\/\/shop.bjerring-sales.dk\/\",\"name\":\"Bjerring-Sales\",\"description\":\"M\u00f6bler f\u00f6r teatrar, skolor, kontor och k\u00f6pcentrum\",\"publisher\":{\"@id\":\"https:\/\/shop.bjerring-sales.dk\/#organization\"},\"potentialAction\":[{\"@type\":\"SearchAction\",\"target\":{\"@type\":\"EntryPoint\",\"urlTemplate\":\"https:\/\/shop.bjerring-sales.dk\/?s={search_term_string}\"},\"query-input\":{\"@type\":\"PropertyValueSpecification\",\"valueRequired\":true,\"valueName\":\"search_term_string\"}}],\"inLanguage\":\"en-GB\"},{\"@type\":\"Organization\",\"@id\":\"https:\/\/shop.bjerring-sales.dk\/#organization\",\"name\":\"Bjerring-Sales\",\"url\":\"https:\/\/shop.bjerring-sales.dk\/\",\"logo\":{\"@type\":\"ImageObject\",\"inLanguage\":\"en-GB\",\"@id\":\"https:\/\/shop.bjerring-sales.dk\/#\/schema\/logo\/image\/\",\"url\":\"https:\/\/shop.bjerring-sales.dk\/wp-content\/uploads\/2023\/01\/logo_sv.png\",\"contentUrl\":\"https:\/\/shop.bjerring-sales.dk\/wp-content\/uploads\/2023\/01\/logo_sv.png\",\"width\":195,\"height\":68,\"caption\":\"Bjerring-Sales\"},\"image\":{\"@id\":\"https:\/\/shop.bjerring-sales.dk\/#\/schema\/logo\/image\/\"}}]}<\/script>\n<!-- \/ Yoast SEO plugin. -->","yoast_head_json":{"title":"Sofie - Stapelbar stol i bj\u00f6rkplywood - Bjerring-Sales","description":"Sofie \u00e4r en stapelbar stol i bj\u00f6rkplywood. Perfekt i restauranger, kontoret, skola och utbildningar, m\u00e4ssor & konferenser.","robots":{"index":"index","follow":"follow","max-snippet":"max-snippet:-1","max-image-preview":"max-image-preview:large","max-video-preview":"max-video-preview:-1"},"canonical":"https:\/\/shop.bjerring-sales.dk\/en\/product\/stapelbar-stol-bjorkplywood\/","og_locale":"en_GB","og_type":"article","og_title":"Sofie - Stapelbar stol i bj\u00f6rkplywood - Bjerring-Sales","og_description":"Sofie \u00e4r en stapelbar stol i bj\u00f6rkplywood. Perfekt i restauranger, kontoret, skola och utbildningar, m\u00e4ssor & konferenser.","og_url":"https:\/\/shop.bjerring-sales.dk\/en\/product\/stapelbar-stol-bjorkplywood\/","og_site_name":"Bjerring-Sales","article_modified_time":"2026-01-15T15:38:42+00:00","og_image":[{"width":1920,"height":1920,"url":"https:\/\/shop.bjerring-sales.dk\/wp-content\/uploads\/2026\/01\/Birch_Gray-scaled-1.jpg","type":"image\/jpeg"}],"twitter_card":"summary_large_image","twitter_misc":{"Estimated reading time":"1 minute"},"schema":{"@context":"https:\/\/schema.org","@graph":[{"@type":"WebPage","@id":"https:\/\/shop.bjerring-sales.dk\/product\/stapelbar-stol-bjorkplywood\/","url":"https:\/\/shop.bjerring-sales.dk\/product\/stapelbar-stol-bjorkplywood\/","name":"Sofie - Stapelbar stol i bj\u00f6rkplywood - Bjerring-Sales","isPartOf":{"@id":"https:\/\/shop.bjerring-sales.dk\/#website"},"primaryImageOfPage":{"@id":"https:\/\/shop.bjerring-sales.dk\/product\/stapelbar-stol-bjorkplywood\/#primaryimage"},"image":{"@id":"https:\/\/shop.bjerring-sales.dk\/product\/stapelbar-stol-bjorkplywood\/#primaryimage"},"thumbnailUrl":"https:\/\/shop.bjerring-sales.dk\/wp-content\/uploads\/2026\/01\/Birch_Gray-scaled-1.jpg","datePublished":"2021-03-30T11:48:37+00:00","dateModified":"2026-01-15T15:38:42+00:00","description":"Sofie \u00e4r en stapelbar stol i bj\u00f6rkplywood. Perfekt i restauranger, kontoret, skola och utbildningar, m\u00e4ssor & konferenser.","breadcrumb":{"@id":"https:\/\/shop.bjerring-sales.dk\/product\/stapelbar-stol-bjorkplywood\/#breadcrumb"},"inLanguage":"en-GB","potentialAction":[{"@type":"ReadAction","target":["https:\/\/shop.bjerring-sales.dk\/product\/stapelbar-stol-bjorkplywood\/"]}]},{"@type":"ImageObject","inLanguage":"en-GB","@id":"https:\/\/shop.bjerring-sales.dk\/product\/stapelbar-stol-bjorkplywood\/#primaryimage","url":"https:\/\/shop.bjerring-sales.dk\/wp-content\/uploads\/2026\/01\/Birch_Gray-scaled-1.jpg","contentUrl":"https:\/\/shop.bjerring-sales.dk\/wp-content\/uploads\/2026\/01\/Birch_Gray-scaled-1.jpg","width":1920,"height":1920},{"@type":"BreadcrumbList","@id":"https:\/\/shop.bjerring-sales.dk\/product\/stapelbar-stol-bjorkplywood\/#breadcrumb","itemListElement":[{"@type":"ListItem","position":1,"name":"Hem","item":"https:\/\/shop.bjerring-sales.dk\/"},{"@type":"ListItem","position":2,"name":"Webbutik","item":"https:\/\/shop.bjerring-sales.dk\/butik\/"},{"@type":"ListItem","position":3,"name":"Sofie &#8211; Stapelbar stol i bj\u00f6rkplywood"}]},{"@type":"WebSite","@id":"https:\/\/shop.bjerring-sales.dk\/#website","url":"https:\/\/shop.bjerring-sales.dk\/","name":"Bjerring Sales","description":"Furniture for theatres, schools, offices and shopping centres","publisher":{"@id":"https:\/\/shop.bjerring-sales.dk\/#organization"},"potentialAction":[{"@type":"SearchAction","target":{"@type":"EntryPoint","urlTemplate":"https:\/\/shop.bjerring-sales.dk\/?s={search_term_string}"},"query-input":{"@type":"PropertyValueSpecification","valueRequired":true,"valueName":"search_term_string"}}],"inLanguage":"en-GB"},{"@type":"Organization","@id":"https:\/\/shop.bjerring-sales.dk\/#organization","name":"Bjerring Sales","url":"https:\/\/shop.bjerring-sales.dk\/","logo":{"@type":"ImageObject","inLanguage":"en-GB","@id":"https:\/\/shop.bjerring-sales.dk\/#\/schema\/logo\/image\/","url":"https:\/\/shop.bjerring-sales.dk\/wp-content\/uploads\/2023\/01\/logo_sv.png","contentUrl":"https:\/\/shop.bjerring-sales.dk\/wp-content\/uploads\/2023\/01\/logo_sv.png","width":195,"height":68,"caption":"Bjerring-Sales"},"image":{"@id":"https:\/\/shop.bjerring-sales.dk\/#\/schema\/logo\/image\/"}}]}},"_links":{"self":[{"href":"https:\/\/shop.bjerring-sales.dk\/en\/wp-json\/wp\/v2\/product\/58524","targetHints":{"allow":["GET"]}}],"collection":[{"href":"https:\/\/shop.bjerring-sales.dk\/en\/wp-json\/wp\/v2\/product"}],"about":[{"href":"https:\/\/shop.bjerring-sales.dk\/en\/wp-json\/wp\/v2\/types\/product"}],"wp:featuredmedia":[{"embeddable":true,"href":"https:\/\/shop.bjerring-sales.dk\/en\/wp-json\/wp\/v2\/media\/101099"}],"wp:attachment":[{"href":"https:\/\/shop.bjerring-sales.dk\/en\/wp-json\/wp\/v2\/media?parent=58524"}],"wp:term":[{"taxonomy":"product_brand","embeddable":true,"href":"https:\/\/shop.bjerring-sales.dk\/en\/wp-json\/wp\/v2\/product_brand?post=58524"},{"taxonomy":"product_cat","embeddable":true,"href":"https:\/\/shop.bjerring-sales.dk\/en\/wp-json\/wp\/v2\/product_cat?post=58524"},{"taxonomy":"product_tag","embeddable":true,"href":"https:\/\/shop.bjerring-sales.dk\/en\/wp-json\/wp\/v2\/product_tag?post=58524"}],"curies":[{"name":"wp","href":"https:\/\/api.w.org\/{rel}","templated":true}]}}