{"id":58495,"date":"2023-04-13T09:44:55","date_gmt":"2023-04-13T07:44:55","guid":{"rendered":"https:\/\/pule.se\/produkt\/pelarstativ-45x48-cm\/"},"modified":"2026-04-16T20:35:53","modified_gmt":"2026-04-16T18:35:53","slug":"pelarstativ-45cm-4hojder","status":"publish","type":"product","link":"https:\/\/shop.bjerring-sales.dk\/en\/product\/pelarstativ-45cm-4hojder\/","title":{"rendered":"Pillar stand \u00d845 cm \u2013 4 different heights"},"content":{"rendered":"<div class=\"wpb-content-wrapper\"><div class=\"vc_row wpb_row vc_row-fluid\"><div class=\"wpb_column vc_column_container vc_col-sm-12\"><div class=\"vc_column-inner\"><div class=\"wpb_wrapper\">\n\t<div class=\"wpb_text_column wpb_content_element\" >\n\t\t<div class=\"wpb_wrapper\">\n\t\t\t<p><span style=\"font-size: 24pt\">Pillar stand with round base \u00d845 cm - Available in 4 different heights<br \/>\n<\/span>The pillar stand from the Studio series is a table stand with a round foot that can be used for most types of table tops. The pillar stand can be expanded with the possibility of creating, for example, conference tables, dining tables and meeting tables. Both the foot and the pillars are powder-coated steel constructions. The stand has adjustable paws, which makes it easy and smooth to stabilize the table stand when needed. The stand is intended for indoor use.<\/p>\n\n\t\t<\/div>\n\t<\/div>\n<\/div><\/div><\/div><\/div><div class=\"vc_row wpb_row vc_row-fluid\"><div class=\"wpb_column vc_column_container vc_col-sm-6\"><div class=\"vc_column-inner\"><div class=\"wpb_wrapper\">\n\t<div  class=\"wpb_single_image wpb_content_element vc_align_center\">\n\t\t\n\t\t<figure class=\"wpb_wrapper vc_figure\">\n\t\t\t<div class=\"vc_single_image-wrapper vc_box_shadow_border  vc_box_border_grey\"><img loading=\"lazy\" decoding=\"async\" width=\"800\" height=\"550\" src=\"https:\/\/shop.bjerring-sales.dk\/wp-content\/uploads\/2021\/04\/Studio-Table-Choice-7.jpg\" class=\"vc_single_image-img attachment-full\" alt=\"\" title=\"Studio-Table-Choice-7\" srcset=\"https:\/\/shop.bjerring-sales.dk\/wp-content\/uploads\/2021\/04\/Studio-Table-Choice-7.jpg 800w, https:\/\/shop.bjerring-sales.dk\/wp-content\/uploads\/2021\/04\/Studio-Table-Choice-7-150x103.jpg 150w, https:\/\/shop.bjerring-sales.dk\/wp-content\/uploads\/2021\/04\/Studio-Table-Choice-7-600x413.jpg 600w, https:\/\/shop.bjerring-sales.dk\/wp-content\/uploads\/2021\/04\/Studio-Table-Choice-7-300x206.jpg 300w, https:\/\/shop.bjerring-sales.dk\/wp-content\/uploads\/2021\/04\/Studio-Table-Choice-7-768x528.jpg 768w\" sizes=\"auto, (max-width: 800px) 100vw, 800px\" \/><\/div>\n\t\t<\/figure>\n\t<\/div>\n<\/div><\/div><\/div><div class=\"wpb_column vc_column_container vc_col-sm-6\"><div class=\"vc_column-inner\"><div class=\"wpb_wrapper\">\n\t<div  class=\"wpb_single_image wpb_content_element vc_align_center\">\n\t\t\n\t\t<figure class=\"wpb_wrapper vc_figure\">\n\t\t\t<div class=\"vc_single_image-wrapper vc_box_shadow_border  vc_box_border_grey\"><img loading=\"lazy\" decoding=\"async\" width=\"800\" height=\"550\" src=\"https:\/\/shop.bjerring-sales.dk\/wp-content\/uploads\/2021\/04\/Studio-Table-Choice-6.jpg\" class=\"vc_single_image-img attachment-full\" alt=\"\" title=\"Studio-Table-Choice-6\" srcset=\"https:\/\/shop.bjerring-sales.dk\/wp-content\/uploads\/2021\/04\/Studio-Table-Choice-6.jpg 800w, https:\/\/shop.bjerring-sales.dk\/wp-content\/uploads\/2021\/04\/Studio-Table-Choice-6-150x103.jpg 150w, https:\/\/shop.bjerring-sales.dk\/wp-content\/uploads\/2021\/04\/Studio-Table-Choice-6-600x413.jpg 600w, https:\/\/shop.bjerring-sales.dk\/wp-content\/uploads\/2021\/04\/Studio-Table-Choice-6-300x206.jpg 300w, https:\/\/shop.bjerring-sales.dk\/wp-content\/uploads\/2021\/04\/Studio-Table-Choice-6-768x528.jpg 768w\" sizes=\"auto, (max-width: 800px) 100vw, 800px\" \/><\/div>\n\t\t<\/figure>\n\t<\/div>\n<\/div><\/div><\/div><\/div><div class=\"vc_row wpb_row vc_row-fluid\"><div class=\"wpb_column vc_column_container vc_col-sm-6\"><div class=\"vc_column-inner\"><div class=\"wpb_wrapper\">\n\t<div class=\"wpb_text_column wpb_content_element\" >\n\t\t<div class=\"wpb_wrapper\">\n\t\t\t<p><span style=\"font-size: 18pt\">\u00d845\u00d748 cm<\/span><\/p>\n<ul>\n<li>1 pc 45cm stand fits the sizes: \u00d850-80cm, 50x50cm, 60x60cm, 60x70cm, 70x70cm<\/li>\n<li>2 pcs 45cm stand fits the sizes: 120x50cm, 120x60cm, 120x70cm, 140x50cm, 140x60cm, 140x70cm, 160x50cm, 160x60cm, 160x70cm<\/li>\n<\/ul>\n<p><span style=\"font-size: 18pt\">\u00d845 \u00d7 72 cm<\/span><\/p>\n<ul>\n<li>1 stand fits the sizes: \u00d850-70cm, 50x50cm, 60x60cm, 60x70cm, 70x70cm<\/li>\n<li>2 stands fit the sizes: 120x50cm, 120x60cm, 120x70cm, 140x50cm, 140x60cm, 140x70cm, 160x50cm, 160x60cm, 160x70cm<\/li>\n<\/ul>\n<p><span style=\"font-size: 18pt\">\u00d845\u00d788 cm<\/span><\/p>\n<ul>\n<li>1 stand fits the sizes: \u00d850-60cm, 50x50cm, 60x60cm<\/li>\n<li>2 stands fit the sizes: 120x50cm, 120x60cm, 140x50cm, 140x60cm, 160x50cm, 160x60cm<\/li>\n<\/ul>\n<p><span style=\"font-size: 18pt\">\u00d845\u00d7108 cm<\/span><\/p>\n<ul>\n<li>1 stand fits the sizes: \u00d850-60cm, 50x50cm, 60x60cm<\/li>\n<li>2 stands fit the sizes: 120x50cm, 120x60cm, 140x50cm, 140x60cm, 160x50cm, 160x60cm<\/li>\n<\/ul>\n\n\t\t<\/div>\n\t<\/div>\n<\/div><\/div><\/div><div class=\"wpb_column vc_column_container vc_col-sm-6\"><div class=\"vc_column-inner\"><div class=\"wpb_wrapper\">\n\t<div class=\"wpb_text_column wpb_content_element\" >\n\t\t<div class=\"wpb_wrapper\">\n\t\t\t<p><span style=\"font-size: 18pt\">Colors<br \/>\n<\/span>The pillar stand is available in black, silver gray and polished stainless steel.<\/p>\n<p><span style=\"font-size: 18pt\">Measure<\/span><\/p>\n<ul>\n<li>\u00d845\u00d748 cm<\/li>\n<li>\u00d845 \u00d7 72 cm<\/li>\n<li>\u00d845\u00d788 cm<\/li>\n<li>\u00d845\u00d7108 cm<\/li>\n<\/ul>\n<p><span style=\"font-size: 18pt\">Weight<\/span><\/p>\n<ul>\n<li>\u00d845\u00d748 cm \u2013 12 kg<\/li>\n<li>\u00d845\u00d772 cm \u2013 12.7 kg<\/li>\n<li>\u00d845\u00d788 cm \u2013 14 kg<\/li>\n<li>\u00d845\u00d7108 cm \u2013 14.6 kg<\/li>\n<\/ul>\n<p><span style=\"font-size: 18pt\">Guarantee<br \/>\n<\/span>2 years<\/p>\n\n\t\t<\/div>\n\t<\/div>\n<\/div><\/div><\/div><\/div>\n<\/div>","protected":false},"excerpt":{"rendered":"<p>Pillar stand with round base \u00d845\u00d748 cm for cafe tables. The column stand from the Studio series is a table stand with a round base that can be used for most types of table tops. The column stand can be built on with several stands to be able to carry larger table tops.<\/p>","protected":false},"featured_media":102384,"template":"","meta":{"iawp_total_views":2},"product_brand":[],"product_cat":[6363,5819],"product_tag":[6039,6468],"class_list":{"0":"post-58495","1":"product","2":"type-product","3":"status-publish","4":"has-post-thumbnail","6":"product_cat-studio","7":"product_cat-bordsstativ","8":"product_tag-pelarstativ","9":"product_tag-studio","11":"first","12":"instock","13":"taxable","14":"shipping-taxable","15":"purchasable","16":"product-type-variable"},"yoast_head":"<!-- This site is optimized with the Yoast SEO plugin v27.0 - https:\/\/yoast.com\/product\/yoast-seo-wordpress\/ -->\n<title>Pelarstativ \u00d845 cm - 4 olika h\u00f6jder - Bjerring-Sales<\/title>\n<meta name=\"description\" content=\"Pelarstativet fr\u00e5n Studio serien \u00e4r ett bordsstativ med rund fot som kan anv\u00e4ndas f\u00f6r dom flesta typer av bordsskivor. Pelarstativet kan byggas ut med m\u00f6jligheten att skapa exempelvis konferensbord, matbord och m\u00f6tesbord.\" \/>\n<meta name=\"robots\" content=\"index, follow, max-snippet:-1, max-image-preview:large, max-video-preview:-1\" \/>\n<link rel=\"canonical\" href=\"https:\/\/shop.bjerring-sales.dk\/en\/product\/pelarstativ-45cm-4hojder\/\" \/>\n<meta property=\"og:locale\" content=\"en_GB\" \/>\n<meta property=\"og:type\" content=\"article\" \/>\n<meta property=\"og:title\" content=\"Pelarstativ med rund fot \u00d845 cm - Finns i 4 olika h\u00f6jder\" \/>\n<meta property=\"og:description\" content=\"Pelarstativet fr\u00e5n Studio serien \u00e4r ett bordsstativ med rund fot som kan anv\u00e4ndas f\u00f6r dom flesta typer av bordsskivor. Pelarstativet kan byggas ut med m\u00f6jligheten att skapa exempelvis konferensbord, matbord och m\u00f6tesbord.\" \/>\n<meta property=\"og:url\" content=\"https:\/\/shop.bjerring-sales.dk\/en\/product\/pelarstativ-45cm-4hojder\/\" \/>\n<meta property=\"og:site_name\" content=\"Bjerring-Sales\" \/>\n<meta property=\"article:modified_time\" content=\"2026-04-16T18:35:53+00:00\" \/>\n<meta property=\"og:image\" content=\"https:\/\/shop.bjerring-sales.dk\/wp-content\/uploads\/2021\/04\/Studio-Table-Choice-7.jpg\" \/>\n\t<meta property=\"og:image:width\" content=\"800\" \/>\n\t<meta property=\"og:image:height\" content=\"550\" \/>\n\t<meta property=\"og:image:type\" content=\"image\/jpeg\" \/>\n<meta name=\"twitter:card\" content=\"summary_large_image\" \/>\n<meta name=\"twitter:title\" content=\"Pelarstativ med rund fot \u00d845 cm - Finns i 4 olika h\u00f6jder\" \/>\n<meta name=\"twitter:description\" content=\"Pelarstativet fr\u00e5n Studio serien \u00e4r ett bordsstativ med rund fot som kan anv\u00e4ndas f\u00f6r dom flesta typer av bordsskivor. Pelarstativet kan byggas ut med m\u00f6jligheten att skapa exempelvis konferensbord, matbord och m\u00f6tesbord.\" \/>\n<meta name=\"twitter:image\" content=\"https:\/\/shop.bjerring-sales.dk\/wp-content\/uploads\/2021\/04\/Studio-Table-Choice-7.jpg\" \/>\n<meta name=\"twitter:label1\" content=\"Estimated reading time\" \/>\n\t<meta name=\"twitter:data1\" content=\"2 minutes\" \/>\n<script type=\"application\/ld+json\" class=\"yoast-schema-graph\">{\"@context\":\"https:\/\/schema.org\",\"@graph\":[{\"@type\":\"WebPage\",\"@id\":\"https:\/\/shop.bjerring-sales.dk\/sv\/produkt\/pelarstativ-45cm-4hojder\/\",\"url\":\"https:\/\/shop.bjerring-sales.dk\/sv\/produkt\/pelarstativ-45cm-4hojder\/\",\"name\":\"Pelarstativ \u00d845 cm - 4 olika h\u00f6jder - Bjerring-Sales\",\"isPartOf\":{\"@id\":\"https:\/\/shop.bjerring-sales.dk\/#website\"},\"primaryImageOfPage\":{\"@id\":\"https:\/\/shop.bjerring-sales.dk\/sv\/produkt\/pelarstativ-45cm-4hojder\/#primaryimage\"},\"image\":{\"@id\":\"https:\/\/shop.bjerring-sales.dk\/sv\/produkt\/pelarstativ-45cm-4hojder\/#primaryimage\"},\"thumbnailUrl\":\"https:\/\/shop.bjerring-sales.dk\/wp-content\/uploads\/2026\/03\/45xH_all_sizes_variation_mtl_frames.jpg\",\"datePublished\":\"2023-04-13T07:44:55+00:00\",\"dateModified\":\"2026-04-16T18:35:53+00:00\",\"description\":\"Pelarstativet fr\u00e5n Studio serien \u00e4r ett bordsstativ med rund fot som kan anv\u00e4ndas f\u00f6r dom flesta typer av bordsskivor. Pelarstativet kan byggas ut med m\u00f6jligheten att skapa exempelvis konferensbord, matbord och m\u00f6tesbord.\",\"breadcrumb\":{\"@id\":\"https:\/\/shop.bjerring-sales.dk\/sv\/produkt\/pelarstativ-45cm-4hojder\/#breadcrumb\"},\"inLanguage\":\"en-GB\",\"potentialAction\":[{\"@type\":\"ReadAction\",\"target\":[\"https:\/\/shop.bjerring-sales.dk\/sv\/produkt\/pelarstativ-45cm-4hojder\/\"]}]},{\"@type\":\"ImageObject\",\"inLanguage\":\"en-GB\",\"@id\":\"https:\/\/shop.bjerring-sales.dk\/sv\/produkt\/pelarstativ-45cm-4hojder\/#primaryimage\",\"url\":\"https:\/\/shop.bjerring-sales.dk\/wp-content\/uploads\/2026\/03\/45xH_all_sizes_variation_mtl_frames.jpg\",\"contentUrl\":\"https:\/\/shop.bjerring-sales.dk\/wp-content\/uploads\/2026\/03\/45xH_all_sizes_variation_mtl_frames.jpg\",\"width\":800,\"height\":800},{\"@type\":\"BreadcrumbList\",\"@id\":\"https:\/\/shop.bjerring-sales.dk\/sv\/produkt\/pelarstativ-45cm-4hojder\/#breadcrumb\",\"itemListElement\":[{\"@type\":\"ListItem\",\"position\":1,\"name\":\"Hem\",\"item\":\"https:\/\/shop.bjerring-sales.dk\/\"},{\"@type\":\"ListItem\",\"position\":2,\"name\":\"Webbutik\",\"item\":\"https:\/\/shop.bjerring-sales.dk\/butik\/\"},{\"@type\":\"ListItem\",\"position\":3,\"name\":\"Pelarstativ \u00d845 cm &#8211; 4 olika h\u00f6jder\"}]},{\"@type\":\"WebSite\",\"@id\":\"https:\/\/shop.bjerring-sales.dk\/#website\",\"url\":\"https:\/\/shop.bjerring-sales.dk\/\",\"name\":\"Bjerring-Sales\",\"description\":\"M\u00f6bler f\u00f6r teatrar, skolor, kontor och k\u00f6pcentrum\",\"publisher\":{\"@id\":\"https:\/\/shop.bjerring-sales.dk\/#organization\"},\"potentialAction\":[{\"@type\":\"SearchAction\",\"target\":{\"@type\":\"EntryPoint\",\"urlTemplate\":\"https:\/\/shop.bjerring-sales.dk\/?s={search_term_string}\"},\"query-input\":{\"@type\":\"PropertyValueSpecification\",\"valueRequired\":true,\"valueName\":\"search_term_string\"}}],\"inLanguage\":\"en-GB\"},{\"@type\":\"Organization\",\"@id\":\"https:\/\/shop.bjerring-sales.dk\/#organization\",\"name\":\"Bjerring-Sales\",\"url\":\"https:\/\/shop.bjerring-sales.dk\/\",\"logo\":{\"@type\":\"ImageObject\",\"inLanguage\":\"en-GB\",\"@id\":\"https:\/\/shop.bjerring-sales.dk\/#\/schema\/logo\/image\/\",\"url\":\"https:\/\/shop.bjerring-sales.dk\/wp-content\/uploads\/2023\/01\/logo_sv.png\",\"contentUrl\":\"https:\/\/shop.bjerring-sales.dk\/wp-content\/uploads\/2023\/01\/logo_sv.png\",\"width\":195,\"height\":68,\"caption\":\"Bjerring-Sales\"},\"image\":{\"@id\":\"https:\/\/shop.bjerring-sales.dk\/#\/schema\/logo\/image\/\"}}]}<\/script>\n<!-- \/ Yoast SEO plugin. -->","yoast_head_json":{"title":"Pelarstativ \u00d845 cm - 4 olika h\u00f6jder - Bjerring-Sales","description":"Pelarstativet fr\u00e5n Studio serien \u00e4r ett bordsstativ med rund fot som kan anv\u00e4ndas f\u00f6r dom flesta typer av bordsskivor. Pelarstativet kan byggas ut med m\u00f6jligheten att skapa exempelvis konferensbord, matbord och m\u00f6tesbord.","robots":{"index":"index","follow":"follow","max-snippet":"max-snippet:-1","max-image-preview":"max-image-preview:large","max-video-preview":"max-video-preview:-1"},"canonical":"https:\/\/shop.bjerring-sales.dk\/en\/product\/pelarstativ-45cm-4hojder\/","og_locale":"en_GB","og_type":"article","og_title":"Pelarstativ med rund fot \u00d845 cm - Finns i 4 olika h\u00f6jder","og_description":"Pelarstativet fr\u00e5n Studio serien \u00e4r ett bordsstativ med rund fot som kan anv\u00e4ndas f\u00f6r dom flesta typer av bordsskivor. Pelarstativet kan byggas ut med m\u00f6jligheten att skapa exempelvis konferensbord, matbord och m\u00f6tesbord.","og_url":"https:\/\/shop.bjerring-sales.dk\/en\/product\/pelarstativ-45cm-4hojder\/","og_site_name":"Bjerring-Sales","article_modified_time":"2026-04-16T18:35:53+00:00","og_image":[{"width":800,"height":550,"url":"https:\/\/shop.bjerring-sales.dk\/wp-content\/uploads\/2021\/04\/Studio-Table-Choice-7.jpg","type":"image\/jpeg"}],"twitter_card":"summary_large_image","twitter_title":"Pelarstativ med rund fot \u00d845 cm - Finns i 4 olika h\u00f6jder","twitter_description":"Pelarstativet fr\u00e5n Studio serien \u00e4r ett bordsstativ med rund fot som kan anv\u00e4ndas f\u00f6r dom flesta typer av bordsskivor. Pelarstativet kan byggas ut med m\u00f6jligheten att skapa exempelvis konferensbord, matbord och m\u00f6tesbord.","twitter_image":"https:\/\/shop.bjerring-sales.dk\/wp-content\/uploads\/2021\/04\/Studio-Table-Choice-7.jpg","twitter_misc":{"Estimated reading time":"2 minutes"},"schema":{"@context":"https:\/\/schema.org","@graph":[{"@type":"WebPage","@id":"https:\/\/shop.bjerring-sales.dk\/sv\/produkt\/pelarstativ-45cm-4hojder\/","url":"https:\/\/shop.bjerring-sales.dk\/sv\/produkt\/pelarstativ-45cm-4hojder\/","name":"Pelarstativ \u00d845 cm - 4 olika h\u00f6jder - Bjerring-Sales","isPartOf":{"@id":"https:\/\/shop.bjerring-sales.dk\/#website"},"primaryImageOfPage":{"@id":"https:\/\/shop.bjerring-sales.dk\/sv\/produkt\/pelarstativ-45cm-4hojder\/#primaryimage"},"image":{"@id":"https:\/\/shop.bjerring-sales.dk\/sv\/produkt\/pelarstativ-45cm-4hojder\/#primaryimage"},"thumbnailUrl":"https:\/\/shop.bjerring-sales.dk\/wp-content\/uploads\/2026\/03\/45xH_all_sizes_variation_mtl_frames.jpg","datePublished":"2023-04-13T07:44:55+00:00","dateModified":"2026-04-16T18:35:53+00:00","description":"Pelarstativet fr\u00e5n Studio serien \u00e4r ett bordsstativ med rund fot som kan anv\u00e4ndas f\u00f6r dom flesta typer av bordsskivor. Pelarstativet kan byggas ut med m\u00f6jligheten att skapa exempelvis konferensbord, matbord och m\u00f6tesbord.","breadcrumb":{"@id":"https:\/\/shop.bjerring-sales.dk\/sv\/produkt\/pelarstativ-45cm-4hojder\/#breadcrumb"},"inLanguage":"en-GB","potentialAction":[{"@type":"ReadAction","target":["https:\/\/shop.bjerring-sales.dk\/sv\/produkt\/pelarstativ-45cm-4hojder\/"]}]},{"@type":"ImageObject","inLanguage":"en-GB","@id":"https:\/\/shop.bjerring-sales.dk\/sv\/produkt\/pelarstativ-45cm-4hojder\/#primaryimage","url":"https:\/\/shop.bjerring-sales.dk\/wp-content\/uploads\/2026\/03\/45xH_all_sizes_variation_mtl_frames.jpg","contentUrl":"https:\/\/shop.bjerring-sales.dk\/wp-content\/uploads\/2026\/03\/45xH_all_sizes_variation_mtl_frames.jpg","width":800,"height":800},{"@type":"BreadcrumbList","@id":"https:\/\/shop.bjerring-sales.dk\/sv\/produkt\/pelarstativ-45cm-4hojder\/#breadcrumb","itemListElement":[{"@type":"ListItem","position":1,"name":"Hem","item":"https:\/\/shop.bjerring-sales.dk\/"},{"@type":"ListItem","position":2,"name":"Webbutik","item":"https:\/\/shop.bjerring-sales.dk\/butik\/"},{"@type":"ListItem","position":3,"name":"Pelarstativ \u00d845 cm &#8211; 4 olika h\u00f6jder"}]},{"@type":"WebSite","@id":"https:\/\/shop.bjerring-sales.dk\/#website","url":"https:\/\/shop.bjerring-sales.dk\/","name":"Bjerring Sales","description":"Furniture for theatres, schools, offices and shopping centres","publisher":{"@id":"https:\/\/shop.bjerring-sales.dk\/#organization"},"potentialAction":[{"@type":"SearchAction","target":{"@type":"EntryPoint","urlTemplate":"https:\/\/shop.bjerring-sales.dk\/?s={search_term_string}"},"query-input":{"@type":"PropertyValueSpecification","valueRequired":true,"valueName":"search_term_string"}}],"inLanguage":"en-GB"},{"@type":"Organization","@id":"https:\/\/shop.bjerring-sales.dk\/#organization","name":"Bjerring Sales","url":"https:\/\/shop.bjerring-sales.dk\/","logo":{"@type":"ImageObject","inLanguage":"en-GB","@id":"https:\/\/shop.bjerring-sales.dk\/#\/schema\/logo\/image\/","url":"https:\/\/shop.bjerring-sales.dk\/wp-content\/uploads\/2023\/01\/logo_sv.png","contentUrl":"https:\/\/shop.bjerring-sales.dk\/wp-content\/uploads\/2023\/01\/logo_sv.png","width":195,"height":68,"caption":"Bjerring-Sales"},"image":{"@id":"https:\/\/shop.bjerring-sales.dk\/#\/schema\/logo\/image\/"}}]}},"_links":{"self":[{"href":"https:\/\/shop.bjerring-sales.dk\/en\/wp-json\/wp\/v2\/product\/58495","targetHints":{"allow":["GET"]}}],"collection":[{"href":"https:\/\/shop.bjerring-sales.dk\/en\/wp-json\/wp\/v2\/product"}],"about":[{"href":"https:\/\/shop.bjerring-sales.dk\/en\/wp-json\/wp\/v2\/types\/product"}],"wp:featuredmedia":[{"embeddable":true,"href":"https:\/\/shop.bjerring-sales.dk\/en\/wp-json\/wp\/v2\/media\/102384"}],"wp:attachment":[{"href":"https:\/\/shop.bjerring-sales.dk\/en\/wp-json\/wp\/v2\/media?parent=58495"}],"wp:term":[{"taxonomy":"product_brand","embeddable":true,"href":"https:\/\/shop.bjerring-sales.dk\/en\/wp-json\/wp\/v2\/product_brand?post=58495"},{"taxonomy":"product_cat","embeddable":true,"href":"https:\/\/shop.bjerring-sales.dk\/en\/wp-json\/wp\/v2\/product_cat?post=58495"},{"taxonomy":"product_tag","embeddable":true,"href":"https:\/\/shop.bjerring-sales.dk\/en\/wp-json\/wp\/v2\/product_tag?post=58495"}],"curies":[{"name":"wp","href":"https:\/\/api.w.org\/{rel}","templated":true}]}}