{"id":58156,"date":"2021-02-16T16:22:24","date_gmt":"2021-02-16T15:22:24","guid":{"rendered":"https:\/\/pule.se\/produkt\/hurts-basic-41x50x51-urban-oak\/"},"modified":"2026-04-02T09:54:12","modified_gmt":"2026-04-02T07:54:12","slug":"hurts-basic-41x50x51-urban-oak","status":"publish","type":"product","link":"https:\/\/shop.bjerring-sales.dk\/en\/product\/hurts-basic-41x50x51-urban-oak\/","title":{"rendered":"Hurts Basic 41.5x50x51 cm - urban oak"},"content":{"rendered":"<div class=\"wpb-content-wrapper\"><div class=\"vc_row wpb_row vc_row-fluid\"><div class=\"wpb_column vc_column_container vc_col-sm-12\"><div class=\"vc_column-inner\"><div class=\"wpb_wrapper\">\n\t<div class=\"wpb_text_column wpb_content_element\" >\n\t\t<div class=\"wpb_wrapper\">\n\t\t\t<p><span style=\"font-size: 24pt;\">Hurts in Urban Oak with 3 drawers 41.5x50x51 cm - Modify Basic<br \/>\n<\/span>Hurtsar i Hurtsar i Basic version within the Modify series are produced with price and appearance in mind. Hurtsen gives the user plenty of space for personal items and documents without taking up too much space in the office, or in the open office landscape. In other words, a Hurts is &quot;smart storage&quot;. It comes with a key and lock for the door, which creates a safe space. The lock locks all drawers in the case at the same time. Lock with 2 keys included.<\/p>\n<p><span style=\"font-size: 18pt;\">Colors<br \/>\n<\/span>The Hurtsen in Basic design is available as stock in white, gray &amp; urban oak with different colors on the handle. In the future, we will also have Hurts in Premium design with other undercarriage and colors. Currently we can arrange special orders with other color combinations with a 3-5 week delivery time.<\/p>\n\n\t\t<\/div>\n\t<\/div>\n<\/div><\/div><\/div><\/div><div class=\"vc_row wpb_row vc_row-fluid\"><div class=\"wpb_column vc_column_container vc_col-sm-4\"><div class=\"vc_column-inner\"><div class=\"wpb_wrapper\">\n\t<div  class=\"wpb_single_image wpb_content_element vc_align_center\">\n\t\t\n\t\t<figure class=\"wpb_wrapper vc_figure\">\n\t\t\t<div class=\"vc_single_image-wrapper vc_box_shadow_border  vc_box_border_grey\"><img loading=\"lazy\" decoding=\"async\" width=\"800\" height=\"550\" src=\"https:\/\/shop.bjerring-sales.dk\/wp-content\/uploads\/2021\/02\/Hurts-miljo-3.jpg\" class=\"vc_single_image-img attachment-full\" alt=\"\" title=\"Hurts-environment-3\" srcset=\"https:\/\/shop.bjerring-sales.dk\/wp-content\/uploads\/2021\/02\/Hurts-miljo-3.jpg 800w, https:\/\/shop.bjerring-sales.dk\/wp-content\/uploads\/2021\/02\/Hurts-miljo-3-150x103.jpg 150w, https:\/\/shop.bjerring-sales.dk\/wp-content\/uploads\/2021\/02\/Hurts-miljo-3-600x413.jpg 600w, https:\/\/shop.bjerring-sales.dk\/wp-content\/uploads\/2021\/02\/Hurts-miljo-3-300x206.jpg 300w, https:\/\/shop.bjerring-sales.dk\/wp-content\/uploads\/2021\/02\/Hurts-miljo-3-768x528.jpg 768w\" sizes=\"auto, (max-width: 800px) 100vw, 800px\" \/><\/div>\n\t\t<\/figure>\n\t<\/div>\n<\/div><\/div><\/div><div class=\"wpb_column vc_column_container vc_col-sm-4\"><div class=\"vc_column-inner\"><div class=\"wpb_wrapper\">\n\t<div  class=\"wpb_single_image wpb_content_element vc_align_center\">\n\t\t\n\t\t<figure class=\"wpb_wrapper vc_figure\">\n\t\t\t<div class=\"vc_single_image-wrapper vc_box_shadow_border  vc_box_border_grey\"><img loading=\"lazy\" decoding=\"async\" width=\"800\" height=\"550\" src=\"https:\/\/shop.bjerring-sales.dk\/wp-content\/uploads\/2021\/02\/Hurts-miljo-2-800x550-1.jpg\" class=\"vc_single_image-img attachment-full\" alt=\"\" title=\"Hurts-environment-2-800x550-1\" srcset=\"https:\/\/shop.bjerring-sales.dk\/wp-content\/uploads\/2021\/02\/Hurts-miljo-2-800x550-1.jpg 800w, https:\/\/shop.bjerring-sales.dk\/wp-content\/uploads\/2021\/02\/Hurts-miljo-2-800x550-1-150x103.jpg 150w, https:\/\/shop.bjerring-sales.dk\/wp-content\/uploads\/2021\/02\/Hurts-miljo-2-800x550-1-600x413.jpg 600w, https:\/\/shop.bjerring-sales.dk\/wp-content\/uploads\/2021\/02\/Hurts-miljo-2-800x550-1-300x206.jpg 300w, https:\/\/shop.bjerring-sales.dk\/wp-content\/uploads\/2021\/02\/Hurts-miljo-2-800x550-1-768x528.jpg 768w\" sizes=\"auto, (max-width: 800px) 100vw, 800px\" \/><\/div>\n\t\t<\/figure>\n\t<\/div>\n<\/div><\/div><\/div><div class=\"wpb_column vc_column_container vc_col-sm-4\"><div class=\"vc_column-inner\"><div class=\"wpb_wrapper\">\n\t<div  class=\"wpb_single_image wpb_content_element vc_align_center\">\n\t\t\n\t\t<figure class=\"wpb_wrapper vc_figure\">\n\t\t\t<div class=\"vc_single_image-wrapper vc_box_shadow_border  vc_box_border_grey\"><img loading=\"lazy\" decoding=\"async\" width=\"800\" height=\"550\" src=\"https:\/\/shop.bjerring-sales.dk\/wp-content\/uploads\/2021\/02\/Hurts-miljo-1-800x550-2.jpg\" class=\"vc_single_image-img attachment-full\" alt=\"\" title=\"Hurts-environment-1-800x550-2\" srcset=\"https:\/\/shop.bjerring-sales.dk\/wp-content\/uploads\/2021\/02\/Hurts-miljo-1-800x550-2.jpg 800w, https:\/\/shop.bjerring-sales.dk\/wp-content\/uploads\/2021\/02\/Hurts-miljo-1-800x550-2-150x103.jpg 150w, https:\/\/shop.bjerring-sales.dk\/wp-content\/uploads\/2021\/02\/Hurts-miljo-1-800x550-2-600x413.jpg 600w, https:\/\/shop.bjerring-sales.dk\/wp-content\/uploads\/2021\/02\/Hurts-miljo-1-800x550-2-300x206.jpg 300w, https:\/\/shop.bjerring-sales.dk\/wp-content\/uploads\/2021\/02\/Hurts-miljo-1-800x550-2-768x528.jpg 768w\" sizes=\"auto, (max-width: 800px) 100vw, 800px\" \/><\/div>\n\t\t<\/figure>\n\t<\/div>\n<\/div><\/div><\/div><\/div><div class=\"vc_row wpb_row vc_row-fluid\"><div class=\"wpb_column vc_column_container vc_col-sm-6\"><div class=\"vc_column-inner\"><div class=\"wpb_wrapper\">\n\t<div class=\"wpb_text_column wpb_content_element\" >\n\t\t<div class=\"wpb_wrapper\">\n\t\t\t<p><span style=\"font-size: 18pt;\">Areas of use<br \/>\n<\/span>The drawer is a natural element in the office and in the open office landscape. Hide chargers and post-it notes, documents and private items so that the desk stays clean and tidy. The drawer has quality wheels, which makes it easy to move it when needed.<\/p>\n<p><span style=\"font-size: 18pt;\">Measure<br \/>\n<\/span>Modify hurts Basic 41.5x50x51 cm<br \/>\nWidth: 41.5 cm<br \/>\nHeight: 51 cm<br \/>\nDepth: 50 cm<\/p>\n<p><span style=\"font-size: 18pt;\">Dimensions of packaging<br \/>\n<\/span>Width: 42.5 cm<br \/>\nHeight: 52 cm<br \/>\nDepth: 51 cm<\/p>\n<p><span style=\"font-size: 18pt;\">Hurts - Material<\/span><\/p>\n<ul>\n<li>The upper part of the drawer is made of 16 mm MFC (melamine) with 1 mm ABS edging.<\/li>\n<li>The lower part is made of a white 4 mm fiberboard.<\/li>\n<li>The drawers are foil-wrapped with sides of a white 12 mm MFC (melamine) board.<\/li>\n<li>The drawers have a max. load of 15 kg.<\/li>\n<\/ul>\n<p><span style=\"font-size: 18pt;\">Hurts - Handles, wheels &amp; locks<br \/>\n<\/span><\/p>\n<ul>\n<li>The handles are made of aluminum and then powder coated in white, silver gray or black.<\/li>\n<li>The wheels are \u00d837 mm and have a load capacity of 50 kg\/wheel.<\/li>\n<li>The lock that is mounted on the drawer is a central lock that locks all drawers.<\/li>\n<\/ul>\n<p><span style=\"font-size: 18pt;\">Certifications<br \/>\n<\/span>LST EN 14073-1: 2004 | LST EN 14073-2: 2004 | LST EN 14073-3: 2004 | LST EN 14074-2004<\/p>\n<p><span style=\"font-size: 18pt;\">Guarantee<br \/>\n<\/span>5 years<\/p>\n\n\t\t<\/div>\n\t<\/div>\n<\/div><\/div><\/div><div class=\"wpb_column vc_column_container vc_col-sm-6\"><div class=\"vc_column-inner\"><div class=\"wpb_wrapper\">\n\t<div  class=\"wpb_single_image wpb_content_element vc_align_center\">\n\t\t\n\t\t<figure class=\"wpb_wrapper vc_figure\">\n\t\t\t<div class=\"vc_single_image-wrapper   vc_box_border_grey\"><img loading=\"lazy\" decoding=\"async\" width=\"1080\" height=\"1400\" src=\"https:\/\/shop.bjerring-sales.dk\/wp-content\/uploads\/2021\/02\/ELJ-Miniatyrer-Hurts-bigger-1.jpg\" class=\"vc_single_image-img attachment-full\" alt=\"\" title=\"ELJ-Miniatures-Hurts-bigger\" srcset=\"https:\/\/shop.bjerring-sales.dk\/wp-content\/uploads\/2021\/02\/ELJ-Miniatyrer-Hurts-bigger-1.jpg 1080w, https:\/\/shop.bjerring-sales.dk\/wp-content\/uploads\/2021\/02\/ELJ-Miniatyrer-Hurts-bigger-1-150x194.jpg 150w, https:\/\/shop.bjerring-sales.dk\/wp-content\/uploads\/2021\/02\/ELJ-Miniatyrer-Hurts-bigger-1-600x778.jpg 600w, https:\/\/shop.bjerring-sales.dk\/wp-content\/uploads\/2021\/02\/ELJ-Miniatyrer-Hurts-bigger-1-231x300.jpg 231w, https:\/\/shop.bjerring-sales.dk\/wp-content\/uploads\/2021\/02\/ELJ-Miniatyrer-Hurts-bigger-1-790x1024.jpg 790w, https:\/\/shop.bjerring-sales.dk\/wp-content\/uploads\/2021\/02\/ELJ-Miniatyrer-Hurts-bigger-1-768x996.jpg 768w\" sizes=\"auto, (max-width: 1080px) 100vw, 1080px\" \/><\/div>\n\t\t<\/figure>\n\t<\/div>\n<\/div><\/div><\/div><\/div>\n<\/div>","protected":false},"excerpt":{"rendered":"<p>Hurts Basic in Urban Oak from the Modify series is designed with price and appearance in mind. Hurtsen gives the user plenty of space for personal items and documents without taking up too much space in the office, or in the open office landscape. In other words, a Hurts is &quot;smart storage&quot;.<\/p>","protected":false},"featured_media":100324,"template":"","meta":{"iawp_total_views":0},"product_brand":[],"product_cat":[6358,5810,5690],"product_tag":[5807,5808,5809],"class_list":{"0":"post-58156","1":"product","2":"type-product","3":"status-publish","4":"has-post-thumbnail","6":"product_cat-modify","7":"product_cat-hurtsar","8":"product_cat-forvaring","9":"product_tag-forvaring","10":"product_tag-hurts","11":"product_tag-urban-oak","13":"first","14":"instock","15":"taxable","16":"shipping-taxable","17":"purchasable","18":"product-type-variable"},"yoast_head":"<!-- This site is optimized with the Yoast SEO plugin v27.0 - https:\/\/yoast.com\/product\/yoast-seo-wordpress\/ -->\n<title>Hurts Basic 41,5x50x51 cm - urban oak - Bjerring-Sales<\/title>\n<meta name=\"robots\" content=\"index, follow, max-snippet:-1, max-image-preview:large, max-video-preview:-1\" \/>\n<link rel=\"canonical\" href=\"https:\/\/shop.bjerring-sales.dk\/en\/product\/hurts-basic-41x50x51-urban-oak\/\" \/>\n<meta property=\"og:locale\" content=\"en_GB\" \/>\n<meta property=\"og:type\" content=\"article\" \/>\n<meta property=\"og:title\" content=\"Hurts Basic 41,5x50x51 cm - urban oak - Bjerring-Sales\" \/>\n<meta property=\"og:description\" content=\"Hurts Basic i Urban Oak fr\u00e5n Modify serien \u00e4r framtagen med pris och utseende i \u00e5tanke. Hurtsen ger anv\u00e4ndaren mycket plats f\u00f6r personliga f\u00f6rem\u00e5l och dokument utan att ta f\u00f6r mycket plats i kontoret, eller i det \u00f6ppna kontorslandskapet. En hurts \u00e4r med andra ord \u201dsmart f\u00f6rvaring\u201d.\" \/>\n<meta property=\"og:url\" content=\"https:\/\/shop.bjerring-sales.dk\/en\/product\/hurts-basic-41x50x51-urban-oak\/\" \/>\n<meta property=\"og:site_name\" content=\"Bjerring-Sales\" \/>\n<meta property=\"article:modified_time\" content=\"2026-04-02T07:54:12+00:00\" \/>\n<meta property=\"og:image\" content=\"https:\/\/shop.bjerring-sales.dk\/wp-content\/uploads\/2025\/01\/PSR532_Wood_White-handles_1.png\" \/>\n\t<meta property=\"og:image:width\" content=\"800\" \/>\n\t<meta property=\"og:image:height\" content=\"800\" \/>\n\t<meta property=\"og:image:type\" content=\"image\/png\" \/>\n<meta name=\"twitter:card\" content=\"summary_large_image\" \/>\n<meta name=\"twitter:label1\" content=\"Estimated reading time\" \/>\n\t<meta name=\"twitter:data1\" content=\"2 minutes\" \/>\n<script type=\"application\/ld+json\" class=\"yoast-schema-graph\">{\"@context\":\"https:\/\/schema.org\",\"@graph\":[{\"@type\":\"WebPage\",\"@id\":\"https:\/\/shop.bjerring-sales.dk\/product\/hurts-basic-41x50x51-urban-oak\/\",\"url\":\"https:\/\/shop.bjerring-sales.dk\/product\/hurts-basic-41x50x51-urban-oak\/\",\"name\":\"Hurts Basic 41,5x50x51 cm - urban oak - Bjerring-Sales\",\"isPartOf\":{\"@id\":\"https:\/\/shop.bjerring-sales.dk\/#website\"},\"primaryImageOfPage\":{\"@id\":\"https:\/\/shop.bjerring-sales.dk\/product\/hurts-basic-41x50x51-urban-oak\/#primaryimage\"},\"image\":{\"@id\":\"https:\/\/shop.bjerring-sales.dk\/product\/hurts-basic-41x50x51-urban-oak\/#primaryimage\"},\"thumbnailUrl\":\"https:\/\/shop.bjerring-sales.dk\/wp-content\/uploads\/2025\/01\/PSR532_Wood_White-handles_1.png\",\"datePublished\":\"2021-02-16T15:22:24+00:00\",\"dateModified\":\"2026-04-02T07:54:12+00:00\",\"breadcrumb\":{\"@id\":\"https:\/\/shop.bjerring-sales.dk\/product\/hurts-basic-41x50x51-urban-oak\/#breadcrumb\"},\"inLanguage\":\"en-GB\",\"potentialAction\":[{\"@type\":\"ReadAction\",\"target\":[\"https:\/\/shop.bjerring-sales.dk\/product\/hurts-basic-41x50x51-urban-oak\/\"]}]},{\"@type\":\"ImageObject\",\"inLanguage\":\"en-GB\",\"@id\":\"https:\/\/shop.bjerring-sales.dk\/product\/hurts-basic-41x50x51-urban-oak\/#primaryimage\",\"url\":\"https:\/\/shop.bjerring-sales.dk\/wp-content\/uploads\/2025\/01\/PSR532_Wood_White-handles_1.png\",\"contentUrl\":\"https:\/\/shop.bjerring-sales.dk\/wp-content\/uploads\/2025\/01\/PSR532_Wood_White-handles_1.png\",\"width\":800,\"height\":800},{\"@type\":\"BreadcrumbList\",\"@id\":\"https:\/\/shop.bjerring-sales.dk\/product\/hurts-basic-41x50x51-urban-oak\/#breadcrumb\",\"itemListElement\":[{\"@type\":\"ListItem\",\"position\":1,\"name\":\"Hem\",\"item\":\"https:\/\/shop.bjerring-sales.dk\/\"},{\"@type\":\"ListItem\",\"position\":2,\"name\":\"Webbutik\",\"item\":\"https:\/\/shop.bjerring-sales.dk\/butik\/\"},{\"@type\":\"ListItem\",\"position\":3,\"name\":\"Hurts Basic 41,5x50x51 cm &#8211; urban oak\"}]},{\"@type\":\"WebSite\",\"@id\":\"https:\/\/shop.bjerring-sales.dk\/#website\",\"url\":\"https:\/\/shop.bjerring-sales.dk\/\",\"name\":\"Bjerring-Sales\",\"description\":\"M\u00f6bler f\u00f6r teatrar, skolor, kontor och k\u00f6pcentrum\",\"publisher\":{\"@id\":\"https:\/\/shop.bjerring-sales.dk\/#organization\"},\"potentialAction\":[{\"@type\":\"SearchAction\",\"target\":{\"@type\":\"EntryPoint\",\"urlTemplate\":\"https:\/\/shop.bjerring-sales.dk\/?s={search_term_string}\"},\"query-input\":{\"@type\":\"PropertyValueSpecification\",\"valueRequired\":true,\"valueName\":\"search_term_string\"}}],\"inLanguage\":\"en-GB\"},{\"@type\":\"Organization\",\"@id\":\"https:\/\/shop.bjerring-sales.dk\/#organization\",\"name\":\"Bjerring-Sales\",\"url\":\"https:\/\/shop.bjerring-sales.dk\/\",\"logo\":{\"@type\":\"ImageObject\",\"inLanguage\":\"en-GB\",\"@id\":\"https:\/\/shop.bjerring-sales.dk\/#\/schema\/logo\/image\/\",\"url\":\"https:\/\/shop.bjerring-sales.dk\/wp-content\/uploads\/2023\/01\/logo_sv.png\",\"contentUrl\":\"https:\/\/shop.bjerring-sales.dk\/wp-content\/uploads\/2023\/01\/logo_sv.png\",\"width\":195,\"height\":68,\"caption\":\"Bjerring-Sales\"},\"image\":{\"@id\":\"https:\/\/shop.bjerring-sales.dk\/#\/schema\/logo\/image\/\"}}]}<\/script>\n<!-- \/ Yoast SEO plugin. -->","yoast_head_json":{"title":"Hurts Basic 41,5x50x51 cm - urban oak - Bjerring-Sales","robots":{"index":"index","follow":"follow","max-snippet":"max-snippet:-1","max-image-preview":"max-image-preview:large","max-video-preview":"max-video-preview:-1"},"canonical":"https:\/\/shop.bjerring-sales.dk\/en\/product\/hurts-basic-41x50x51-urban-oak\/","og_locale":"en_GB","og_type":"article","og_title":"Hurts Basic 41,5x50x51 cm - urban oak - Bjerring-Sales","og_description":"Hurts Basic i Urban Oak fr\u00e5n Modify serien \u00e4r framtagen med pris och utseende i \u00e5tanke. Hurtsen ger anv\u00e4ndaren mycket plats f\u00f6r personliga f\u00f6rem\u00e5l och dokument utan att ta f\u00f6r mycket plats i kontoret, eller i det \u00f6ppna kontorslandskapet. En hurts \u00e4r med andra ord \u201dsmart f\u00f6rvaring\u201d.","og_url":"https:\/\/shop.bjerring-sales.dk\/en\/product\/hurts-basic-41x50x51-urban-oak\/","og_site_name":"Bjerring-Sales","article_modified_time":"2026-04-02T07:54:12+00:00","og_image":[{"width":800,"height":800,"url":"https:\/\/shop.bjerring-sales.dk\/wp-content\/uploads\/2025\/01\/PSR532_Wood_White-handles_1.png","type":"image\/png"}],"twitter_card":"summary_large_image","twitter_misc":{"Estimated reading time":"2 minutes"},"schema":{"@context":"https:\/\/schema.org","@graph":[{"@type":"WebPage","@id":"https:\/\/shop.bjerring-sales.dk\/product\/hurts-basic-41x50x51-urban-oak\/","url":"https:\/\/shop.bjerring-sales.dk\/product\/hurts-basic-41x50x51-urban-oak\/","name":"Hurts Basic 41,5x50x51 cm - urban oak - Bjerring-Sales","isPartOf":{"@id":"https:\/\/shop.bjerring-sales.dk\/#website"},"primaryImageOfPage":{"@id":"https:\/\/shop.bjerring-sales.dk\/product\/hurts-basic-41x50x51-urban-oak\/#primaryimage"},"image":{"@id":"https:\/\/shop.bjerring-sales.dk\/product\/hurts-basic-41x50x51-urban-oak\/#primaryimage"},"thumbnailUrl":"https:\/\/shop.bjerring-sales.dk\/wp-content\/uploads\/2025\/01\/PSR532_Wood_White-handles_1.png","datePublished":"2021-02-16T15:22:24+00:00","dateModified":"2026-04-02T07:54:12+00:00","breadcrumb":{"@id":"https:\/\/shop.bjerring-sales.dk\/product\/hurts-basic-41x50x51-urban-oak\/#breadcrumb"},"inLanguage":"en-GB","potentialAction":[{"@type":"ReadAction","target":["https:\/\/shop.bjerring-sales.dk\/product\/hurts-basic-41x50x51-urban-oak\/"]}]},{"@type":"ImageObject","inLanguage":"en-GB","@id":"https:\/\/shop.bjerring-sales.dk\/product\/hurts-basic-41x50x51-urban-oak\/#primaryimage","url":"https:\/\/shop.bjerring-sales.dk\/wp-content\/uploads\/2025\/01\/PSR532_Wood_White-handles_1.png","contentUrl":"https:\/\/shop.bjerring-sales.dk\/wp-content\/uploads\/2025\/01\/PSR532_Wood_White-handles_1.png","width":800,"height":800},{"@type":"BreadcrumbList","@id":"https:\/\/shop.bjerring-sales.dk\/product\/hurts-basic-41x50x51-urban-oak\/#breadcrumb","itemListElement":[{"@type":"ListItem","position":1,"name":"Hem","item":"https:\/\/shop.bjerring-sales.dk\/"},{"@type":"ListItem","position":2,"name":"Webbutik","item":"https:\/\/shop.bjerring-sales.dk\/butik\/"},{"@type":"ListItem","position":3,"name":"Hurts Basic 41,5x50x51 cm &#8211; urban oak"}]},{"@type":"WebSite","@id":"https:\/\/shop.bjerring-sales.dk\/#website","url":"https:\/\/shop.bjerring-sales.dk\/","name":"Bjerring Sales","description":"Furniture for theatres, schools, offices and shopping centres","publisher":{"@id":"https:\/\/shop.bjerring-sales.dk\/#organization"},"potentialAction":[{"@type":"SearchAction","target":{"@type":"EntryPoint","urlTemplate":"https:\/\/shop.bjerring-sales.dk\/?s={search_term_string}"},"query-input":{"@type":"PropertyValueSpecification","valueRequired":true,"valueName":"search_term_string"}}],"inLanguage":"en-GB"},{"@type":"Organization","@id":"https:\/\/shop.bjerring-sales.dk\/#organization","name":"Bjerring Sales","url":"https:\/\/shop.bjerring-sales.dk\/","logo":{"@type":"ImageObject","inLanguage":"en-GB","@id":"https:\/\/shop.bjerring-sales.dk\/#\/schema\/logo\/image\/","url":"https:\/\/shop.bjerring-sales.dk\/wp-content\/uploads\/2023\/01\/logo_sv.png","contentUrl":"https:\/\/shop.bjerring-sales.dk\/wp-content\/uploads\/2023\/01\/logo_sv.png","width":195,"height":68,"caption":"Bjerring-Sales"},"image":{"@id":"https:\/\/shop.bjerring-sales.dk\/#\/schema\/logo\/image\/"}}]}},"_links":{"self":[{"href":"https:\/\/shop.bjerring-sales.dk\/en\/wp-json\/wp\/v2\/product\/58156","targetHints":{"allow":["GET"]}}],"collection":[{"href":"https:\/\/shop.bjerring-sales.dk\/en\/wp-json\/wp\/v2\/product"}],"about":[{"href":"https:\/\/shop.bjerring-sales.dk\/en\/wp-json\/wp\/v2\/types\/product"}],"wp:featuredmedia":[{"embeddable":true,"href":"https:\/\/shop.bjerring-sales.dk\/en\/wp-json\/wp\/v2\/media\/100324"}],"wp:attachment":[{"href":"https:\/\/shop.bjerring-sales.dk\/en\/wp-json\/wp\/v2\/media?parent=58156"}],"wp:term":[{"taxonomy":"product_brand","embeddable":true,"href":"https:\/\/shop.bjerring-sales.dk\/en\/wp-json\/wp\/v2\/product_brand?post=58156"},{"taxonomy":"product_cat","embeddable":true,"href":"https:\/\/shop.bjerring-sales.dk\/en\/wp-json\/wp\/v2\/product_cat?post=58156"},{"taxonomy":"product_tag","embeddable":true,"href":"https:\/\/shop.bjerring-sales.dk\/en\/wp-json\/wp\/v2\/product_tag?post=58156"}],"curies":[{"name":"wp","href":"https:\/\/api.w.org\/{rel}","templated":true}]}}