{"id":57177,"date":"2022-07-05T14:52:22","date_gmt":"2022-07-05T12:52:22","guid":{"rendered":"https:\/\/pule.se\/produkt\/easy-hoj-sankbart-skrivbord\/"},"modified":"2026-04-17T13:24:47","modified_gmt":"2026-04-17T11:24:47","slug":"easy-hoj-sankbart-skrivbord","status":"publish","type":"product","link":"https:\/\/shop.bjerring-sales.dk\/en\/product\/easy-hoj-sankbart-skrivbord\/","title":{"rendered":"EASY \u2013 Raised &amp; lowerable single-motor desk"},"content":{"rendered":"<div class=\"wpb-content-wrapper\"><div class=\"vc_row wpb_row vc_row-fluid\"><div class=\"wpb_column vc_column_container vc_col-sm-12\"><div class=\"vc_column-inner\"><div class=\"wpb_wrapper\">\n\t<div class=\"wpb_text_column wpb_content_element vc_custom_1630497286719\" >\n\t\t<div class=\"wpb_wrapper\">\n\t\t\t<p><span style=\"font-size: 24pt;\">Up &amp; Down EASY \u2013 A desk that can be raised and lowered with 1 motor<br \/>\n<\/span>Up &amp; Down EASY is a stylish and affordable desk with 1 motor. EASY is a height-adjustable desk that is easily maneuvered into different positions so that the user can work in both a sitting and standing position. With its different sizes, Up &amp; Down EASY is suitable for the office as well as the home office. The table is easy to assemble and is available in several colors on both the stand and table top.<\/p>\n\n\t\t<\/div>\n\t<\/div>\n<\/div><\/div><\/div><\/div><div class=\"vc_row wpb_row vc_row-fluid\"><div class=\"wpb_column vc_column_container vc_col-sm-4\"><div class=\"vc_column-inner\"><div class=\"wpb_wrapper\">\n\t<div  class=\"wpb_single_image wpb_content_element vc_align_center\">\n\t\t\n\t\t<figure class=\"wpb_wrapper vc_figure\">\n\t\t\t<div class=\"vc_single_image-wrapper vc_box_shadow_border  vc_box_border_grey\"><img loading=\"lazy\" decoding=\"async\" width=\"800\" height=\"800\" src=\"https:\/\/shop.bjerring-sales.dk\/wp-content\/uploads\/2021\/06\/UpDown_skrivbord_EASY_scene_07_800px-1.jpg\" class=\"vc_single_image-img attachment-full\" alt=\"\" title=\"UpDown_desktop_EASY_scene_07_800px\" srcset=\"https:\/\/shop.bjerring-sales.dk\/wp-content\/uploads\/2021\/06\/UpDown_skrivbord_EASY_scene_07_800px-1.jpg 800w, https:\/\/shop.bjerring-sales.dk\/wp-content\/uploads\/2021\/06\/UpDown_skrivbord_EASY_scene_07_800px-1-300x300.jpg 300w, https:\/\/shop.bjerring-sales.dk\/wp-content\/uploads\/2021\/06\/UpDown_skrivbord_EASY_scene_07_800px-1-150x150.jpg 150w, https:\/\/shop.bjerring-sales.dk\/wp-content\/uploads\/2021\/06\/UpDown_skrivbord_EASY_scene_07_800px-1-600x600.jpg 600w, https:\/\/shop.bjerring-sales.dk\/wp-content\/uploads\/2021\/06\/UpDown_skrivbord_EASY_scene_07_800px-1-768x768.jpg 768w\" sizes=\"auto, (max-width: 800px) 100vw, 800px\" \/><\/div>\n\t\t<\/figure>\n\t<\/div>\n<\/div><\/div><\/div><div class=\"wpb_column vc_column_container vc_col-sm-4\"><div class=\"vc_column-inner\"><div class=\"wpb_wrapper\">\n\t<div  class=\"wpb_single_image wpb_content_element vc_align_center\">\n\t\t\n\t\t<figure class=\"wpb_wrapper vc_figure\">\n\t\t\t<div class=\"vc_single_image-wrapper vc_box_shadow_border  vc_box_border_grey\"><img loading=\"lazy\" decoding=\"async\" width=\"800\" height=\"800\" src=\"https:\/\/shop.bjerring-sales.dk\/wp-content\/uploads\/2021\/06\/UpDown_skrivbord_EASY_scene_08_800px-1.jpg\" class=\"vc_single_image-img attachment-full\" alt=\"\" title=\"UpDown_desktop_EASY_scene_08_800px\" srcset=\"https:\/\/shop.bjerring-sales.dk\/wp-content\/uploads\/2021\/06\/UpDown_skrivbord_EASY_scene_08_800px-1.jpg 800w, https:\/\/shop.bjerring-sales.dk\/wp-content\/uploads\/2021\/06\/UpDown_skrivbord_EASY_scene_08_800px-1-300x300.jpg 300w, https:\/\/shop.bjerring-sales.dk\/wp-content\/uploads\/2021\/06\/UpDown_skrivbord_EASY_scene_08_800px-1-150x150.jpg 150w, https:\/\/shop.bjerring-sales.dk\/wp-content\/uploads\/2021\/06\/UpDown_skrivbord_EASY_scene_08_800px-1-600x600.jpg 600w, https:\/\/shop.bjerring-sales.dk\/wp-content\/uploads\/2021\/06\/UpDown_skrivbord_EASY_scene_08_800px-1-768x768.jpg 768w\" sizes=\"auto, (max-width: 800px) 100vw, 800px\" \/><\/div>\n\t\t<\/figure>\n\t<\/div>\n<\/div><\/div><\/div><div class=\"wpb_column vc_column_container vc_col-sm-4\"><div class=\"vc_column-inner\"><div class=\"wpb_wrapper\">\n\t<div  class=\"wpb_single_image wpb_content_element vc_align_center\">\n\t\t\n\t\t<figure class=\"wpb_wrapper vc_figure\">\n\t\t\t<div class=\"vc_single_image-wrapper vc_box_shadow_border  vc_box_border_grey\"><img loading=\"lazy\" decoding=\"async\" width=\"800\" height=\"800\" src=\"https:\/\/shop.bjerring-sales.dk\/wp-content\/uploads\/2021\/06\/UpDown_skrivbord_EASY_scene_09_800px-1.jpg\" class=\"vc_single_image-img attachment-full\" alt=\"\" title=\"UpDown_desktop_EASY_scene_09_800px\" srcset=\"https:\/\/shop.bjerring-sales.dk\/wp-content\/uploads\/2021\/06\/UpDown_skrivbord_EASY_scene_09_800px-1.jpg 800w, https:\/\/shop.bjerring-sales.dk\/wp-content\/uploads\/2021\/06\/UpDown_skrivbord_EASY_scene_09_800px-1-300x300.jpg 300w, https:\/\/shop.bjerring-sales.dk\/wp-content\/uploads\/2021\/06\/UpDown_skrivbord_EASY_scene_09_800px-1-150x150.jpg 150w, https:\/\/shop.bjerring-sales.dk\/wp-content\/uploads\/2021\/06\/UpDown_skrivbord_EASY_scene_09_800px-1-600x600.jpg 600w, https:\/\/shop.bjerring-sales.dk\/wp-content\/uploads\/2021\/06\/UpDown_skrivbord_EASY_scene_09_800px-1-768x768.jpg 768w\" sizes=\"auto, (max-width: 800px) 100vw, 800px\" \/><\/div>\n\t\t<\/figure>\n\t<\/div>\n<\/div><\/div><\/div><\/div><div class=\"vc_row wpb_row vc_row-fluid\"><div class=\"wpb_column vc_column_container vc_col-sm-6\"><div class=\"vc_column-inner\"><div class=\"wpb_wrapper\">\n\t<div class=\"wpb_text_column wpb_content_element vc_custom_1735850898570\" >\n\t\t<div class=\"wpb_wrapper\">\n\t\t\t<p><span style=\"font-size: 18pt;\">Area of use<br \/>\n<\/span>Up &amp; Down EASY is part of the Up &amp; Down series where we also stock the ECO &amp; Zero tables with crank, One with 1 motor and Two with double motors. Up &amp; Down is a complete furniture series with desks that can be raised and lowered. The goal of the Up &amp; Down series is that anyone should be able to have the perfect workplace, whether it is the workplace at home, in the office or in the open office landscape.<\/p>\n<p><span style=\"font-size: 18pt;\">Stand<br \/>\n<\/span>The stand has a modern design with straight lines, which means that the desk fits into all types of office spaces. The table stand is built with 2-part rectangular legs that have been powder coated. The lifting capacity is 70 kg, which means that the user can easily fit 2-3 screens, docking stations, documents, etc. The stand is available in the colors white, black and silver grey.<\/p>\n<p><span style=\"font-size: 18pt;\">Table tops<br \/>\n<\/span>We have different models of table tops in the Up &amp; Down series. Rectangular 19 mm laminate tops in white, black, grey, beech, birch, oak and urban oak. We also stock 22 mm laminate tops in white with a belly outlet. We can also custom manufacture table tops in different sizes &amp; materials that are not included in our standard range. Contact us for more information.<\/p>\n<p><span style=\"font-size: 18pt;\">Measure<\/span><br \/>\n100\u00d760 cm<br \/>\n100\u00d770 cm<br \/>\n120 \u00d7 60 cm<br \/>\n120 \u00d7 70 cm<br \/>\n120 \u00d7 80 cm<br \/>\n140 \u00d7 60 cm<br \/>\n140 \u00d7 70 cm<br \/>\n140 \u00d7 80 cm<br \/>\n160 \u00d7 70 cm<br \/>\n160 \u00d7 80 cm<\/p>\n\n\t\t<\/div>\n\t<\/div>\n<\/div><\/div><\/div><div class=\"wpb_column vc_column_container vc_col-sm-6\"><div class=\"vc_column-inner\"><div class=\"wpb_wrapper\">\n\t<div class=\"wpb_text_column wpb_content_element vc_custom_1735851350468\" >\n\t\t<div class=\"wpb_wrapper\">\n\t\t\t<p><span style=\"font-size: 18pt;\">Specifications<br \/>\n<\/span>The table has a raise\/lower speed of 25 mm\/second<br \/>\nTube dimension 80 \u00d7 50 mm<br \/>\nHeight with disc: 730-1230 mm<br \/>\nLength: 850-1290 mm<br \/>\nWidth: 600 mm<br \/>\nSize of foot: 650\u00d780 mm<br \/>\nStroke length: 500 mm<br \/>\nRec. Maximum load: 70 kg<\/p>\n<p><span style=\"font-size: 18pt;\">Weight for table with top<\/span><br \/>\n100\u00d760 cm = 29 kg<br \/>\n100\u00d770 cm = 30 kg<br \/>\n120\u00d760 cm = 30.5 kg<br \/>\n120\u00d770 cm = 31.5 kg<br \/>\n120\u00d780 cm = 33.5 kg<br \/>\n140\u00d760 cm = 32.5 kg<br \/>\n140\u00d770 cm = 34 kg<br \/>\n140\u00d780 cm = 35.5 kg<br \/>\n160\u00d770 cm = 36 kg<br \/>\n160\u00d780 cm = 37.5 kg<\/p>\n<p><span style=\"font-size: 18pt;\">Guarantee<br \/>\n<\/span>5 year warranty on the entire Up &amp; Down series.<\/p>\n<p><span style=\"font-size: 18pt;\">Manual<\/span><br \/>\n<a href=\"https:\/\/shop.bjerring-sales.dk\/wp-content\/uploads\/2021\/03\/PDF-doc-16.png\"><img loading=\"lazy\" decoding=\"async\" class=\"alignnone size-full wp-image-72653\" src=\"https:\/\/shop.bjerring-sales.dk\/wp-content\/uploads\/2021\/03\/PDF-doc-16.png\" alt=\"\" width=\"16\" height=\"16\" \/><\/a> <a href=\"https:\/\/elj.se\/wp-content\/uploads\/2021\/11\/Up-Down-EASY-manual-n.pdf\" target=\"_blank\" rel=\"noopener\">Manual<\/a><\/p>\n\n\t\t<\/div>\n\t<\/div>\n<\/div><\/div><\/div><\/div>\n<\/div>","protected":false},"excerpt":{"rendered":"<p>Up &amp; Down EASY is one of our desks that is powered by 1 motor. The table is part of the Up &amp; Down series, which consists of different height-adjustable desks that are operated with 1 motor, 2 motors or manually with a crank.<\/p>","protected":false},"featured_media":98701,"template":"","meta":{"iawp_total_views":52},"product_brand":[],"product_cat":[5786,5787,5785,5788,5629,6353],"product_tag":[5778,5779,5780,5781,5782,5783,5784],"class_list":{"0":"post-57177","1":"product","2":"type-product","3":"status-publish","4":"has-post-thumbnail","6":"product_cat-skrivbord","7":"product_cat-bord","8":"product_cat-hemmakontor","9":"product_cat-hoj-sankbara-bord","10":"product_cat-kontorsmobler","11":"product_cat-up-down-easy","12":"product_tag-hoj-och-sankbara-bord","13":"product_tag-hoj-sankbart","14":"product_tag-up-down","15":"product_tag-skrivbord","16":"product_tag-elj-furniture","17":"product_tag-easy","18":"product_tag-enmotorigt-bord","20":"first","21":"instock","22":"taxable","23":"shipping-taxable","24":"purchasable","25":"product-type-variable"},"yoast_head":"<!-- This site is optimized with the Yoast SEO plugin v27.0 - https:\/\/yoast.com\/product\/yoast-seo-wordpress\/ -->\n<title>EASY - H\u00f6j &amp; s\u00e4nkbart enmotorigt skrivbord - Bjerring-Sales<\/title>\n<meta name=\"description\" content=\"Up &amp; Down EASY \u00e4r v\u00e5ra prisv\u00e4rda h\u00f6j och s\u00e4nkbara skrivbord med 1 motor. Vi har \u00e4ven skrivbord med 2 motorer och med vev beroende p\u00e5 \u00e4ndam\u00e5l.\" \/>\n<meta name=\"robots\" content=\"index, follow, max-snippet:-1, max-image-preview:large, max-video-preview:-1\" \/>\n<link rel=\"canonical\" href=\"https:\/\/shop.bjerring-sales.dk\/en\/product\/easy-hoj-sankbart-skrivbord\/\" \/>\n<meta property=\"og:locale\" content=\"en_GB\" \/>\n<meta property=\"og:type\" content=\"article\" \/>\n<meta property=\"og:title\" content=\"EASY - H\u00f6j &amp; s\u00e4nkbart enmotorigt skrivbord - Bjerring-Sales\" \/>\n<meta property=\"og:description\" content=\"Up &amp; Down EASY \u00e4r v\u00e5ra prisv\u00e4rda h\u00f6j och s\u00e4nkbara skrivbord med 1 motor. Vi har \u00e4ven skrivbord med 2 motorer och med vev beroende p\u00e5 \u00e4ndam\u00e5l.\" \/>\n<meta property=\"og:url\" content=\"https:\/\/shop.bjerring-sales.dk\/en\/product\/easy-hoj-sankbart-skrivbord\/\" \/>\n<meta property=\"og:site_name\" content=\"Bjerring-Sales\" \/>\n<meta property=\"article:modified_time\" content=\"2026-04-17T11:24:47+00:00\" \/>\n<meta property=\"og:image\" content=\"https:\/\/shop.bjerring-sales.dk\/wp-content\/uploads\/2024\/09\/Easy_160x70_WhiteLegs_WhiteTop.jpg\" \/>\n\t<meta property=\"og:image:width\" content=\"800\" \/>\n\t<meta property=\"og:image:height\" content=\"800\" \/>\n\t<meta property=\"og:image:type\" content=\"image\/jpeg\" \/>\n<meta name=\"twitter:card\" content=\"summary_large_image\" \/>\n<meta name=\"twitter:label1\" content=\"Estimated reading time\" \/>\n\t<meta name=\"twitter:data1\" content=\"3 minutes\" \/>\n<script type=\"application\/ld+json\" class=\"yoast-schema-graph\">{\"@context\":\"https:\/\/schema.org\",\"@graph\":[{\"@type\":\"WebPage\",\"@id\":\"https:\/\/shop.bjerring-sales.dk\/product\/easy-hoj-sankbart-skrivbord\/\",\"url\":\"https:\/\/shop.bjerring-sales.dk\/product\/easy-hoj-sankbart-skrivbord\/\",\"name\":\"EASY - H\u00f6j &amp; s\u00e4nkbart enmotorigt skrivbord - Bjerring-Sales\",\"isPartOf\":{\"@id\":\"https:\/\/shop.bjerring-sales.dk\/#website\"},\"primaryImageOfPage\":{\"@id\":\"https:\/\/shop.bjerring-sales.dk\/product\/easy-hoj-sankbart-skrivbord\/#primaryimage\"},\"image\":{\"@id\":\"https:\/\/shop.bjerring-sales.dk\/product\/easy-hoj-sankbart-skrivbord\/#primaryimage\"},\"thumbnailUrl\":\"https:\/\/shop.bjerring-sales.dk\/wp-content\/uploads\/2024\/09\/Easy_160x70_WhiteLegs_WhiteTop.jpg\",\"datePublished\":\"2022-07-05T12:52:22+00:00\",\"dateModified\":\"2026-04-17T11:24:47+00:00\",\"description\":\"Up & Down EASY \u00e4r v\u00e5ra prisv\u00e4rda h\u00f6j och s\u00e4nkbara skrivbord med 1 motor. Vi har \u00e4ven skrivbord med 2 motorer och med vev beroende p\u00e5 \u00e4ndam\u00e5l.\",\"breadcrumb\":{\"@id\":\"https:\/\/shop.bjerring-sales.dk\/product\/easy-hoj-sankbart-skrivbord\/#breadcrumb\"},\"inLanguage\":\"en-GB\",\"potentialAction\":[{\"@type\":\"ReadAction\",\"target\":[\"https:\/\/shop.bjerring-sales.dk\/product\/easy-hoj-sankbart-skrivbord\/\"]}]},{\"@type\":\"ImageObject\",\"inLanguage\":\"en-GB\",\"@id\":\"https:\/\/shop.bjerring-sales.dk\/product\/easy-hoj-sankbart-skrivbord\/#primaryimage\",\"url\":\"https:\/\/shop.bjerring-sales.dk\/wp-content\/uploads\/2024\/09\/Easy_160x70_WhiteLegs_WhiteTop.jpg\",\"contentUrl\":\"https:\/\/shop.bjerring-sales.dk\/wp-content\/uploads\/2024\/09\/Easy_160x70_WhiteLegs_WhiteTop.jpg\",\"width\":800,\"height\":800},{\"@type\":\"BreadcrumbList\",\"@id\":\"https:\/\/shop.bjerring-sales.dk\/product\/easy-hoj-sankbart-skrivbord\/#breadcrumb\",\"itemListElement\":[{\"@type\":\"ListItem\",\"position\":1,\"name\":\"Hem\",\"item\":\"https:\/\/shop.bjerring-sales.dk\/\"},{\"@type\":\"ListItem\",\"position\":2,\"name\":\"Webbutik\",\"item\":\"https:\/\/shop.bjerring-sales.dk\/butik\/\"},{\"@type\":\"ListItem\",\"position\":3,\"name\":\"EASY &#8211; H\u00f6j &amp; s\u00e4nkbart enmotorigt skrivbord\"}]},{\"@type\":\"WebSite\",\"@id\":\"https:\/\/shop.bjerring-sales.dk\/#website\",\"url\":\"https:\/\/shop.bjerring-sales.dk\/\",\"name\":\"Bjerring-Sales\",\"description\":\"M\u00f6bler f\u00f6r teatrar, skolor, kontor och k\u00f6pcentrum\",\"publisher\":{\"@id\":\"https:\/\/shop.bjerring-sales.dk\/#organization\"},\"potentialAction\":[{\"@type\":\"SearchAction\",\"target\":{\"@type\":\"EntryPoint\",\"urlTemplate\":\"https:\/\/shop.bjerring-sales.dk\/?s={search_term_string}\"},\"query-input\":{\"@type\":\"PropertyValueSpecification\",\"valueRequired\":true,\"valueName\":\"search_term_string\"}}],\"inLanguage\":\"en-GB\"},{\"@type\":\"Organization\",\"@id\":\"https:\/\/shop.bjerring-sales.dk\/#organization\",\"name\":\"Bjerring-Sales\",\"url\":\"https:\/\/shop.bjerring-sales.dk\/\",\"logo\":{\"@type\":\"ImageObject\",\"inLanguage\":\"en-GB\",\"@id\":\"https:\/\/shop.bjerring-sales.dk\/#\/schema\/logo\/image\/\",\"url\":\"https:\/\/shop.bjerring-sales.dk\/wp-content\/uploads\/2023\/01\/logo_sv.png\",\"contentUrl\":\"https:\/\/shop.bjerring-sales.dk\/wp-content\/uploads\/2023\/01\/logo_sv.png\",\"width\":195,\"height\":68,\"caption\":\"Bjerring-Sales\"},\"image\":{\"@id\":\"https:\/\/shop.bjerring-sales.dk\/#\/schema\/logo\/image\/\"}}]}<\/script>\n<!-- \/ Yoast SEO plugin. -->","yoast_head_json":{"title":"EASY - H\u00f6j &amp; s\u00e4nkbart enmotorigt skrivbord - Bjerring-Sales","description":"Up & Down EASY \u00e4r v\u00e5ra prisv\u00e4rda h\u00f6j och s\u00e4nkbara skrivbord med 1 motor. Vi har \u00e4ven skrivbord med 2 motorer och med vev beroende p\u00e5 \u00e4ndam\u00e5l.","robots":{"index":"index","follow":"follow","max-snippet":"max-snippet:-1","max-image-preview":"max-image-preview:large","max-video-preview":"max-video-preview:-1"},"canonical":"https:\/\/shop.bjerring-sales.dk\/en\/product\/easy-hoj-sankbart-skrivbord\/","og_locale":"en_GB","og_type":"article","og_title":"EASY - H\u00f6j &amp; s\u00e4nkbart enmotorigt skrivbord - Bjerring-Sales","og_description":"Up & Down EASY \u00e4r v\u00e5ra prisv\u00e4rda h\u00f6j och s\u00e4nkbara skrivbord med 1 motor. Vi har \u00e4ven skrivbord med 2 motorer och med vev beroende p\u00e5 \u00e4ndam\u00e5l.","og_url":"https:\/\/shop.bjerring-sales.dk\/en\/product\/easy-hoj-sankbart-skrivbord\/","og_site_name":"Bjerring-Sales","article_modified_time":"2026-04-17T11:24:47+00:00","og_image":[{"width":800,"height":800,"url":"https:\/\/shop.bjerring-sales.dk\/wp-content\/uploads\/2024\/09\/Easy_160x70_WhiteLegs_WhiteTop.jpg","type":"image\/jpeg"}],"twitter_card":"summary_large_image","twitter_misc":{"Estimated reading time":"3 minutes"},"schema":{"@context":"https:\/\/schema.org","@graph":[{"@type":"WebPage","@id":"https:\/\/shop.bjerring-sales.dk\/product\/easy-hoj-sankbart-skrivbord\/","url":"https:\/\/shop.bjerring-sales.dk\/product\/easy-hoj-sankbart-skrivbord\/","name":"EASY - H\u00f6j &amp; s\u00e4nkbart enmotorigt skrivbord - Bjerring-Sales","isPartOf":{"@id":"https:\/\/shop.bjerring-sales.dk\/#website"},"primaryImageOfPage":{"@id":"https:\/\/shop.bjerring-sales.dk\/product\/easy-hoj-sankbart-skrivbord\/#primaryimage"},"image":{"@id":"https:\/\/shop.bjerring-sales.dk\/product\/easy-hoj-sankbart-skrivbord\/#primaryimage"},"thumbnailUrl":"https:\/\/shop.bjerring-sales.dk\/wp-content\/uploads\/2024\/09\/Easy_160x70_WhiteLegs_WhiteTop.jpg","datePublished":"2022-07-05T12:52:22+00:00","dateModified":"2026-04-17T11:24:47+00:00","description":"Up & Down EASY \u00e4r v\u00e5ra prisv\u00e4rda h\u00f6j och s\u00e4nkbara skrivbord med 1 motor. Vi har \u00e4ven skrivbord med 2 motorer och med vev beroende p\u00e5 \u00e4ndam\u00e5l.","breadcrumb":{"@id":"https:\/\/shop.bjerring-sales.dk\/product\/easy-hoj-sankbart-skrivbord\/#breadcrumb"},"inLanguage":"en-GB","potentialAction":[{"@type":"ReadAction","target":["https:\/\/shop.bjerring-sales.dk\/product\/easy-hoj-sankbart-skrivbord\/"]}]},{"@type":"ImageObject","inLanguage":"en-GB","@id":"https:\/\/shop.bjerring-sales.dk\/product\/easy-hoj-sankbart-skrivbord\/#primaryimage","url":"https:\/\/shop.bjerring-sales.dk\/wp-content\/uploads\/2024\/09\/Easy_160x70_WhiteLegs_WhiteTop.jpg","contentUrl":"https:\/\/shop.bjerring-sales.dk\/wp-content\/uploads\/2024\/09\/Easy_160x70_WhiteLegs_WhiteTop.jpg","width":800,"height":800},{"@type":"BreadcrumbList","@id":"https:\/\/shop.bjerring-sales.dk\/product\/easy-hoj-sankbart-skrivbord\/#breadcrumb","itemListElement":[{"@type":"ListItem","position":1,"name":"Hem","item":"https:\/\/shop.bjerring-sales.dk\/"},{"@type":"ListItem","position":2,"name":"Webbutik","item":"https:\/\/shop.bjerring-sales.dk\/butik\/"},{"@type":"ListItem","position":3,"name":"EASY &#8211; H\u00f6j &amp; s\u00e4nkbart enmotorigt skrivbord"}]},{"@type":"WebSite","@id":"https:\/\/shop.bjerring-sales.dk\/#website","url":"https:\/\/shop.bjerring-sales.dk\/","name":"Bjerring Sales","description":"Furniture for theatres, schools, offices and shopping centres","publisher":{"@id":"https:\/\/shop.bjerring-sales.dk\/#organization"},"potentialAction":[{"@type":"SearchAction","target":{"@type":"EntryPoint","urlTemplate":"https:\/\/shop.bjerring-sales.dk\/?s={search_term_string}"},"query-input":{"@type":"PropertyValueSpecification","valueRequired":true,"valueName":"search_term_string"}}],"inLanguage":"en-GB"},{"@type":"Organization","@id":"https:\/\/shop.bjerring-sales.dk\/#organization","name":"Bjerring Sales","url":"https:\/\/shop.bjerring-sales.dk\/","logo":{"@type":"ImageObject","inLanguage":"en-GB","@id":"https:\/\/shop.bjerring-sales.dk\/#\/schema\/logo\/image\/","url":"https:\/\/shop.bjerring-sales.dk\/wp-content\/uploads\/2023\/01\/logo_sv.png","contentUrl":"https:\/\/shop.bjerring-sales.dk\/wp-content\/uploads\/2023\/01\/logo_sv.png","width":195,"height":68,"caption":"Bjerring-Sales"},"image":{"@id":"https:\/\/shop.bjerring-sales.dk\/#\/schema\/logo\/image\/"}}]}},"_links":{"self":[{"href":"https:\/\/shop.bjerring-sales.dk\/en\/wp-json\/wp\/v2\/product\/57177","targetHints":{"allow":["GET"]}}],"collection":[{"href":"https:\/\/shop.bjerring-sales.dk\/en\/wp-json\/wp\/v2\/product"}],"about":[{"href":"https:\/\/shop.bjerring-sales.dk\/en\/wp-json\/wp\/v2\/types\/product"}],"wp:featuredmedia":[{"embeddable":true,"href":"https:\/\/shop.bjerring-sales.dk\/en\/wp-json\/wp\/v2\/media\/98701"}],"wp:attachment":[{"href":"https:\/\/shop.bjerring-sales.dk\/en\/wp-json\/wp\/v2\/media?parent=57177"}],"wp:term":[{"taxonomy":"product_brand","embeddable":true,"href":"https:\/\/shop.bjerring-sales.dk\/en\/wp-json\/wp\/v2\/product_brand?post=57177"},{"taxonomy":"product_cat","embeddable":true,"href":"https:\/\/shop.bjerring-sales.dk\/en\/wp-json\/wp\/v2\/product_cat?post=57177"},{"taxonomy":"product_tag","embeddable":true,"href":"https:\/\/shop.bjerring-sales.dk\/en\/wp-json\/wp\/v2\/product_tag?post=57177"}],"curies":[{"name":"wp","href":"https:\/\/api.w.org\/{rel}","templated":true}]}}