{"id":102445,"date":"2026-04-15T14:21:37","date_gmt":"2026-04-15T12:21:37","guid":{"rendered":"https:\/\/shop.bjerring-sales.dk\/sv\/?post_type=product&#038;p=102445"},"modified":"2026-04-16T17:06:47","modified_gmt":"2026-04-16T15:06:47","slug":"ferrea-bord-fyrkantig-70x70cm-skiva","status":"publish","type":"product","link":"https:\/\/shop.bjerring-sales.dk\/en\/product\/ferrea-bord-fyrkantig-70x70cm-skiva\/","title":{"rendered":"Ferrea bord med fyrkantig 70&#215;70 cm skiva"},"content":{"rendered":"","protected":false},"excerpt":{"rendered":"<p>Ferrea bordet med en fyrkantig 70&#215;70 cm bordsskiva finns med en rad olika valm\u00f6jligheter. Ferrea bordet finns i olika h\u00f6jder samt med olika f\u00e4rgval.<\/p>","protected":false},"featured_media":102551,"template":"","meta":{"iawp_total_views":0},"product_brand":[],"product_cat":[5787,6343,5897,6304,5911,6260],"product_tag":[6256,6395,6469,6470],"class_list":{"0":"post-102445","1":"product","2":"type-product","3":"status-publish","4":"has-post-thumbnail","6":"product_cat-bord","7":"product_cat-bord-utomhus","8":"product_cat-barbord","9":"product_cat-utemobler","10":"product_cat-cafebord","11":"product_cat-matbord","12":"product_tag-fyrkantigt-bord","13":"product_tag-bord-med-kryssfot","14":"product_tag-ferrea-bord","15":"product_tag-uteserveringsbord","17":"first","18":"instock","19":"taxable","20":"shipping-taxable","21":"purchasable","22":"product-type-variable"},"yoast_head":"<!-- This site is optimized with the Yoast SEO plugin v27.0 - https:\/\/yoast.com\/product\/yoast-seo-wordpress\/ -->\n<title>Ferrea bord med fyrkantig 70x70 cm skiva - Bjerring-Sales<\/title>\n<meta name=\"robots\" content=\"index, follow, max-snippet:-1, max-image-preview:large, max-video-preview:-1\" \/>\n<link rel=\"canonical\" href=\"https:\/\/shop.bjerring-sales.dk\/en\/product\/ferrea-bord-fyrkantig-70x70cm-skiva\/\" \/>\n<meta property=\"og:locale\" content=\"en_GB\" \/>\n<meta property=\"og:type\" content=\"article\" \/>\n<meta property=\"og:title\" content=\"Ferrea bord med fyrkantig 70x70 cm skiva - Bjerring-Sales\" \/>\n<meta property=\"og:description\" content=\"Ferrea bordet med en fyrkantig 70x70 cm bordsskiva finns med en rad olika valm\u00f6jligheter. Ferrea bordet finns i olika h\u00f6jder samt med olika f\u00e4rgval.\" \/>\n<meta property=\"og:url\" content=\"https:\/\/shop.bjerring-sales.dk\/en\/product\/ferrea-bord-fyrkantig-70x70cm-skiva\/\" \/>\n<meta property=\"og:site_name\" content=\"Bjerring-Sales\" \/>\n<meta property=\"article:modified_time\" content=\"2026-04-16T15:06:47+00:00\" \/>\n<meta property=\"og:image\" content=\"https:\/\/shop.bjerring-sales.dk\/wp-content\/uploads\/2026\/04\/elj-ferrea-bord-kollage-70x70-1.png\" \/>\n\t<meta property=\"og:image:width\" content=\"800\" \/>\n\t<meta property=\"og:image:height\" content=\"800\" \/>\n\t<meta property=\"og:image:type\" content=\"image\/png\" \/>\n<meta name=\"twitter:card\" content=\"summary_large_image\" \/>\n<script type=\"application\/ld+json\" class=\"yoast-schema-graph\">{\"@context\":\"https:\/\/schema.org\",\"@graph\":[{\"@type\":\"WebPage\",\"@id\":\"https:\/\/shop.bjerring-sales.dk\/sv\/produkt\/ferrea-bord-fyrkantig-70x70cm-skiva\/\",\"url\":\"https:\/\/shop.bjerring-sales.dk\/sv\/produkt\/ferrea-bord-fyrkantig-70x70cm-skiva\/\",\"name\":\"Ferrea bord med fyrkantig 70x70 cm skiva - Bjerring-Sales\",\"isPartOf\":{\"@id\":\"https:\/\/shop.bjerring-sales.dk\/#website\"},\"primaryImageOfPage\":{\"@id\":\"https:\/\/shop.bjerring-sales.dk\/sv\/produkt\/ferrea-bord-fyrkantig-70x70cm-skiva\/#primaryimage\"},\"image\":{\"@id\":\"https:\/\/shop.bjerring-sales.dk\/sv\/produkt\/ferrea-bord-fyrkantig-70x70cm-skiva\/#primaryimage\"},\"thumbnailUrl\":\"https:\/\/shop.bjerring-sales.dk\/wp-content\/uploads\/2026\/04\/elj-ferrea-bord-kollage-70x70-1.png\",\"datePublished\":\"2026-04-15T12:21:37+00:00\",\"dateModified\":\"2026-04-16T15:06:47+00:00\",\"breadcrumb\":{\"@id\":\"https:\/\/shop.bjerring-sales.dk\/sv\/produkt\/ferrea-bord-fyrkantig-70x70cm-skiva\/#breadcrumb\"},\"inLanguage\":\"en-GB\",\"potentialAction\":[{\"@type\":\"ReadAction\",\"target\":[\"https:\/\/shop.bjerring-sales.dk\/sv\/produkt\/ferrea-bord-fyrkantig-70x70cm-skiva\/\"]}]},{\"@type\":\"ImageObject\",\"inLanguage\":\"en-GB\",\"@id\":\"https:\/\/shop.bjerring-sales.dk\/sv\/produkt\/ferrea-bord-fyrkantig-70x70cm-skiva\/#primaryimage\",\"url\":\"https:\/\/shop.bjerring-sales.dk\/wp-content\/uploads\/2026\/04\/elj-ferrea-bord-kollage-70x70-1.png\",\"contentUrl\":\"https:\/\/shop.bjerring-sales.dk\/wp-content\/uploads\/2026\/04\/elj-ferrea-bord-kollage-70x70-1.png\",\"width\":800,\"height\":800},{\"@type\":\"BreadcrumbList\",\"@id\":\"https:\/\/shop.bjerring-sales.dk\/sv\/produkt\/ferrea-bord-fyrkantig-70x70cm-skiva\/#breadcrumb\",\"itemListElement\":[{\"@type\":\"ListItem\",\"position\":1,\"name\":\"Hem\",\"item\":\"https:\/\/shop.bjerring-sales.dk\/\"},{\"@type\":\"ListItem\",\"position\":2,\"name\":\"Webbutik\",\"item\":\"https:\/\/shop.bjerring-sales.dk\/butik\/\"},{\"@type\":\"ListItem\",\"position\":3,\"name\":\"Ferrea bord med fyrkantig 70&#215;70 cm skiva\"}]},{\"@type\":\"WebSite\",\"@id\":\"https:\/\/shop.bjerring-sales.dk\/#website\",\"url\":\"https:\/\/shop.bjerring-sales.dk\/\",\"name\":\"Bjerring-Sales\",\"description\":\"M\u00f6bler f\u00f6r teatrar, skolor, kontor och k\u00f6pcentrum\",\"publisher\":{\"@id\":\"https:\/\/shop.bjerring-sales.dk\/#organization\"},\"potentialAction\":[{\"@type\":\"SearchAction\",\"target\":{\"@type\":\"EntryPoint\",\"urlTemplate\":\"https:\/\/shop.bjerring-sales.dk\/?s={search_term_string}\"},\"query-input\":{\"@type\":\"PropertyValueSpecification\",\"valueRequired\":true,\"valueName\":\"search_term_string\"}}],\"inLanguage\":\"en-GB\"},{\"@type\":\"Organization\",\"@id\":\"https:\/\/shop.bjerring-sales.dk\/#organization\",\"name\":\"Bjerring-Sales\",\"url\":\"https:\/\/shop.bjerring-sales.dk\/\",\"logo\":{\"@type\":\"ImageObject\",\"inLanguage\":\"en-GB\",\"@id\":\"https:\/\/shop.bjerring-sales.dk\/#\/schema\/logo\/image\/\",\"url\":\"https:\/\/shop.bjerring-sales.dk\/wp-content\/uploads\/2023\/01\/logo_sv.png\",\"contentUrl\":\"https:\/\/shop.bjerring-sales.dk\/wp-content\/uploads\/2023\/01\/logo_sv.png\",\"width\":195,\"height\":68,\"caption\":\"Bjerring-Sales\"},\"image\":{\"@id\":\"https:\/\/shop.bjerring-sales.dk\/#\/schema\/logo\/image\/\"}}]}<\/script>\n<!-- \/ Yoast SEO plugin. -->","yoast_head_json":{"title":"Ferrea bord med fyrkantig 70x70 cm skiva - Bjerring-Sales","robots":{"index":"index","follow":"follow","max-snippet":"max-snippet:-1","max-image-preview":"max-image-preview:large","max-video-preview":"max-video-preview:-1"},"canonical":"https:\/\/shop.bjerring-sales.dk\/en\/product\/ferrea-bord-fyrkantig-70x70cm-skiva\/","og_locale":"en_GB","og_type":"article","og_title":"Ferrea bord med fyrkantig 70x70 cm skiva - Bjerring-Sales","og_description":"Ferrea bordet med en fyrkantig 70x70 cm bordsskiva finns med en rad olika valm\u00f6jligheter. Ferrea bordet finns i olika h\u00f6jder samt med olika f\u00e4rgval.","og_url":"https:\/\/shop.bjerring-sales.dk\/en\/product\/ferrea-bord-fyrkantig-70x70cm-skiva\/","og_site_name":"Bjerring-Sales","article_modified_time":"2026-04-16T15:06:47+00:00","og_image":[{"width":800,"height":800,"url":"https:\/\/shop.bjerring-sales.dk\/wp-content\/uploads\/2026\/04\/elj-ferrea-bord-kollage-70x70-1.png","type":"image\/png"}],"twitter_card":"summary_large_image","schema":{"@context":"https:\/\/schema.org","@graph":[{"@type":"WebPage","@id":"https:\/\/shop.bjerring-sales.dk\/sv\/produkt\/ferrea-bord-fyrkantig-70x70cm-skiva\/","url":"https:\/\/shop.bjerring-sales.dk\/sv\/produkt\/ferrea-bord-fyrkantig-70x70cm-skiva\/","name":"Ferrea bord med fyrkantig 70x70 cm skiva - Bjerring-Sales","isPartOf":{"@id":"https:\/\/shop.bjerring-sales.dk\/#website"},"primaryImageOfPage":{"@id":"https:\/\/shop.bjerring-sales.dk\/sv\/produkt\/ferrea-bord-fyrkantig-70x70cm-skiva\/#primaryimage"},"image":{"@id":"https:\/\/shop.bjerring-sales.dk\/sv\/produkt\/ferrea-bord-fyrkantig-70x70cm-skiva\/#primaryimage"},"thumbnailUrl":"https:\/\/shop.bjerring-sales.dk\/wp-content\/uploads\/2026\/04\/elj-ferrea-bord-kollage-70x70-1.png","datePublished":"2026-04-15T12:21:37+00:00","dateModified":"2026-04-16T15:06:47+00:00","breadcrumb":{"@id":"https:\/\/shop.bjerring-sales.dk\/sv\/produkt\/ferrea-bord-fyrkantig-70x70cm-skiva\/#breadcrumb"},"inLanguage":"en-GB","potentialAction":[{"@type":"ReadAction","target":["https:\/\/shop.bjerring-sales.dk\/sv\/produkt\/ferrea-bord-fyrkantig-70x70cm-skiva\/"]}]},{"@type":"ImageObject","inLanguage":"en-GB","@id":"https:\/\/shop.bjerring-sales.dk\/sv\/produkt\/ferrea-bord-fyrkantig-70x70cm-skiva\/#primaryimage","url":"https:\/\/shop.bjerring-sales.dk\/wp-content\/uploads\/2026\/04\/elj-ferrea-bord-kollage-70x70-1.png","contentUrl":"https:\/\/shop.bjerring-sales.dk\/wp-content\/uploads\/2026\/04\/elj-ferrea-bord-kollage-70x70-1.png","width":800,"height":800},{"@type":"BreadcrumbList","@id":"https:\/\/shop.bjerring-sales.dk\/sv\/produkt\/ferrea-bord-fyrkantig-70x70cm-skiva\/#breadcrumb","itemListElement":[{"@type":"ListItem","position":1,"name":"Hem","item":"https:\/\/shop.bjerring-sales.dk\/"},{"@type":"ListItem","position":2,"name":"Webbutik","item":"https:\/\/shop.bjerring-sales.dk\/butik\/"},{"@type":"ListItem","position":3,"name":"Ferrea bord med fyrkantig 70&#215;70 cm skiva"}]},{"@type":"WebSite","@id":"https:\/\/shop.bjerring-sales.dk\/#website","url":"https:\/\/shop.bjerring-sales.dk\/","name":"Bjerring Sales","description":"Furniture for theatres, schools, offices and shopping centres","publisher":{"@id":"https:\/\/shop.bjerring-sales.dk\/#organization"},"potentialAction":[{"@type":"SearchAction","target":{"@type":"EntryPoint","urlTemplate":"https:\/\/shop.bjerring-sales.dk\/?s={search_term_string}"},"query-input":{"@type":"PropertyValueSpecification","valueRequired":true,"valueName":"search_term_string"}}],"inLanguage":"en-GB"},{"@type":"Organization","@id":"https:\/\/shop.bjerring-sales.dk\/#organization","name":"Bjerring Sales","url":"https:\/\/shop.bjerring-sales.dk\/","logo":{"@type":"ImageObject","inLanguage":"en-GB","@id":"https:\/\/shop.bjerring-sales.dk\/#\/schema\/logo\/image\/","url":"https:\/\/shop.bjerring-sales.dk\/wp-content\/uploads\/2023\/01\/logo_sv.png","contentUrl":"https:\/\/shop.bjerring-sales.dk\/wp-content\/uploads\/2023\/01\/logo_sv.png","width":195,"height":68,"caption":"Bjerring-Sales"},"image":{"@id":"https:\/\/shop.bjerring-sales.dk\/#\/schema\/logo\/image\/"}}]}},"_links":{"self":[{"href":"https:\/\/shop.bjerring-sales.dk\/en\/wp-json\/wp\/v2\/product\/102445","targetHints":{"allow":["GET"]}}],"collection":[{"href":"https:\/\/shop.bjerring-sales.dk\/en\/wp-json\/wp\/v2\/product"}],"about":[{"href":"https:\/\/shop.bjerring-sales.dk\/en\/wp-json\/wp\/v2\/types\/product"}],"wp:featuredmedia":[{"embeddable":true,"href":"https:\/\/shop.bjerring-sales.dk\/en\/wp-json\/wp\/v2\/media\/102551"}],"wp:attachment":[{"href":"https:\/\/shop.bjerring-sales.dk\/en\/wp-json\/wp\/v2\/media?parent=102445"}],"wp:term":[{"taxonomy":"product_brand","embeddable":true,"href":"https:\/\/shop.bjerring-sales.dk\/en\/wp-json\/wp\/v2\/product_brand?post=102445"},{"taxonomy":"product_cat","embeddable":true,"href":"https:\/\/shop.bjerring-sales.dk\/en\/wp-json\/wp\/v2\/product_cat?post=102445"},{"taxonomy":"product_tag","embeddable":true,"href":"https:\/\/shop.bjerring-sales.dk\/en\/wp-json\/wp\/v2\/product_tag?post=102445"}],"curies":[{"name":"wp","href":"https:\/\/api.w.org\/{rel}","templated":true}]}}