{"id":101664,"date":"2025-08-12T12:02:16","date_gmt":"2025-08-12T10:02:16","guid":{"rendered":"https:\/\/shop.bjerring-sales.dk\/sv\/produkt\/tygkladd-stapelbar-stol-med-medar-choice\/"},"modified":"2026-03-26T10:01:54","modified_gmt":"2026-03-26T09:01:54","slug":"tygkladd-stapelbar-stol-med-medar-choice","status":"publish","type":"product","link":"https:\/\/shop.bjerring-sales.dk\/en\/product\/tygkladd-stapelbar-stol-med-medar-choice\/","title":{"rendered":"Tygkl\u00e4dd stapelbar stol med medar &#8211; Choice"},"content":{"rendered":"<div class=\"wpb-content-wrapper\"><div class=\"vc_row wpb_row vc_row-fluid\"><div class=\"wpb_column vc_column_container vc_col-sm-12\"><div class=\"vc_column-inner\"><div class=\"wpb_wrapper\">\n\t<div class=\"wpb_text_column wpb_content_element\" >\n\t\t<div class=\"wpb_wrapper\">\n\t\t\t<p><span style=\"font-size: 24pt;\">Tygkl\u00e4dd stapelbar stol med medar \u2013 Choice serien<br \/>\n<\/span>Choice stolen \u00e4r en stapelbar stol som lagerh\u00e5lls i v\u00e4ldigt m\u00e5nga variationer, h\u00e4r presenterar vi den tygkl\u00e4dda varianten med medar. Stolen lagerh\u00e5lls i 48 varianter.<\/p>\n<p>Choice with fabric upholstery is the perfect chair for conferences, offices and training rooms. The chair is available in many variations with seat and back in fabric upholstery. Choose between having the same color on the seat \/ back or seat \/ back in different colors. This creates opportunities for interior designers who want to decorate with furniture that follows a company&#039;s graphic profile, or the opportunity to be able to vary with different colors around a table or in a conference room. The Choice chair is also available with a seat \/ back in plastic or if the customer prefers a seat in fabric and back in plastic or vice versa. Choice is also stocked as a practical stool that can be used next to the desk for colleagues who want to be able to sit down quickly. The Choice chair is unique with many uses and its design creates a comfortable seat that prevents you from getting tired in the back.<\/p>\n\n\t\t<\/div>\n\t<\/div>\n<\/div><\/div><\/div><\/div><div class=\"vc_row wpb_row vc_row-fluid\"><div class=\"wpb_column vc_column_container vc_col-sm-4\"><div class=\"vc_column-inner\"><div class=\"wpb_wrapper\">\n\t<div  class=\"wpb_single_image wpb_content_element vc_align_center\">\n\t\t\n\t\t<figure class=\"wpb_wrapper vc_figure\">\n\t\t\t<div class=\"vc_single_image-wrapper vc_box_shadow_border  vc_box_border_grey\"><img loading=\"lazy\" decoding=\"async\" width=\"1024\" height=\"576\" src=\"https:\/\/shop.bjerring-sales.dk\/wp-content\/uploads\/2025\/08\/ELJ_Ferrea_Restaurant02_06-1024px.jpg\" class=\"vc_single_image-img attachment-full\" alt=\"\" title=\"ELJ_Ferrea_Restaurant02_06-1024px\" srcset=\"https:\/\/shop.bjerring-sales.dk\/wp-content\/uploads\/2025\/08\/ELJ_Ferrea_Restaurant02_06-1024px.jpg 1024w, https:\/\/shop.bjerring-sales.dk\/wp-content\/uploads\/2025\/08\/ELJ_Ferrea_Restaurant02_06-1024px-300x169.jpg 300w, https:\/\/shop.bjerring-sales.dk\/wp-content\/uploads\/2025\/08\/ELJ_Ferrea_Restaurant02_06-1024px-768x432.jpg 768w, https:\/\/shop.bjerring-sales.dk\/wp-content\/uploads\/2025\/08\/ELJ_Ferrea_Restaurant02_06-1024px-18x10.jpg 18w, https:\/\/shop.bjerring-sales.dk\/wp-content\/uploads\/2025\/08\/ELJ_Ferrea_Restaurant02_06-1024px-600x338.jpg 600w, https:\/\/shop.bjerring-sales.dk\/wp-content\/uploads\/2025\/08\/ELJ_Ferrea_Restaurant02_06-1024px-150x84.jpg 150w\" sizes=\"auto, (max-width: 1024px) 100vw, 1024px\" \/><\/div>\n\t\t<\/figure>\n\t<\/div>\n<\/div><\/div><\/div><div class=\"wpb_column vc_column_container vc_col-sm-4\"><div class=\"vc_column-inner\"><div class=\"wpb_wrapper\">\n\t<div  class=\"wpb_single_image wpb_content_element vc_align_center\">\n\t\t\n\t\t<figure class=\"wpb_wrapper vc_figure\">\n\t\t\t<div class=\"vc_single_image-wrapper vc_box_shadow_border  vc_box_border_grey\"><img loading=\"lazy\" decoding=\"async\" width=\"1024\" height=\"576\" src=\"https:\/\/shop.bjerring-sales.dk\/wp-content\/uploads\/2025\/08\/ELJ_Ferrea_Restaurant02_04-1024px-1.jpg\" class=\"vc_single_image-img attachment-full\" alt=\"\" title=\"ELJ_Ferrea_Restaurant02_04-1024px (1)\" srcset=\"https:\/\/shop.bjerring-sales.dk\/wp-content\/uploads\/2025\/08\/ELJ_Ferrea_Restaurant02_04-1024px-1.jpg 1024w, https:\/\/shop.bjerring-sales.dk\/wp-content\/uploads\/2025\/08\/ELJ_Ferrea_Restaurant02_04-1024px-1-300x169.jpg 300w, https:\/\/shop.bjerring-sales.dk\/wp-content\/uploads\/2025\/08\/ELJ_Ferrea_Restaurant02_04-1024px-1-768x432.jpg 768w, https:\/\/shop.bjerring-sales.dk\/wp-content\/uploads\/2025\/08\/ELJ_Ferrea_Restaurant02_04-1024px-1-18x10.jpg 18w, https:\/\/shop.bjerring-sales.dk\/wp-content\/uploads\/2025\/08\/ELJ_Ferrea_Restaurant02_04-1024px-1-600x338.jpg 600w, https:\/\/shop.bjerring-sales.dk\/wp-content\/uploads\/2025\/08\/ELJ_Ferrea_Restaurant02_04-1024px-1-150x84.jpg 150w\" sizes=\"auto, (max-width: 1024px) 100vw, 1024px\" \/><\/div>\n\t\t<\/figure>\n\t<\/div>\n<\/div><\/div><\/div><div class=\"wpb_column vc_column_container vc_col-sm-4\"><div class=\"vc_column-inner\"><div class=\"wpb_wrapper\">\n\t<div  class=\"wpb_single_image wpb_content_element vc_align_center\">\n\t\t\n\t\t<figure class=\"wpb_wrapper vc_figure\">\n\t\t\t<div class=\"vc_single_image-wrapper vc_box_shadow_border  vc_box_border_grey\"><img loading=\"lazy\" decoding=\"async\" width=\"800\" height=\"450\" src=\"https:\/\/shop.bjerring-sales.dk\/wp-content\/uploads\/2025\/08\/BlackBack_Black-Seat-05.jpg\" class=\"vc_single_image-img attachment-full\" alt=\"\" title=\"BlackBack_Black-Seat-05\" srcset=\"https:\/\/shop.bjerring-sales.dk\/wp-content\/uploads\/2025\/08\/BlackBack_Black-Seat-05.jpg 800w, https:\/\/shop.bjerring-sales.dk\/wp-content\/uploads\/2025\/08\/BlackBack_Black-Seat-05-300x169.jpg 300w, https:\/\/shop.bjerring-sales.dk\/wp-content\/uploads\/2025\/08\/BlackBack_Black-Seat-05-768x432.jpg 768w, https:\/\/shop.bjerring-sales.dk\/wp-content\/uploads\/2025\/08\/BlackBack_Black-Seat-05-18x10.jpg 18w, https:\/\/shop.bjerring-sales.dk\/wp-content\/uploads\/2025\/08\/BlackBack_Black-Seat-05-600x338.jpg 600w, https:\/\/shop.bjerring-sales.dk\/wp-content\/uploads\/2025\/08\/BlackBack_Black-Seat-05-150x84.jpg 150w\" sizes=\"auto, (max-width: 800px) 100vw, 800px\" \/><\/div>\n\t\t<\/figure>\n\t<\/div>\n<\/div><\/div><\/div><\/div><div class=\"vc_row wpb_row vc_row-fluid\"><div class=\"wpb_column vc_column_container vc_col-sm-6\"><div class=\"vc_column-inner\"><div class=\"wpb_wrapper\">\n\t<div class=\"wpb_text_column wpb_content_element\" >\n\t\t<div class=\"wpb_wrapper\">\n\t\t\t<p><span style=\"font-size: 18pt;\">Colors<\/span><\/p>\n<ul>\n<li>Seat and back are available in the colors black, blue, light gray and dark gray<\/li>\n<li>The stand is available in the colors black, white and silver gray<\/li>\n<\/ul>\n<p><span style=\"font-size: 18pt;\">Measure<\/span><\/p>\n<ul>\n<li>Height: 800 mm<\/li>\n<li>Depth: 550 mm<\/li>\n<li>Width at the hind legs: 500 mm<\/li>\n<li>Width at the front legs: 470 mm<\/li>\n<li>Seat width: 460 mm<\/li>\n<li>Seat depth: 450 mm<\/li>\n<li>Seat height at the front: 480 mm<\/li>\n<li>Seat height at the rear: 465 mm<\/li>\n<\/ul>\n\n\t\t<\/div>\n\t<\/div>\n<\/div><\/div><\/div><div class=\"wpb_column vc_column_container vc_col-sm-6\"><div class=\"vc_column-inner\"><div class=\"wpb_wrapper\">\n\t<div class=\"wpb_text_column wpb_content_element\" >\n\t\t<div class=\"wpb_wrapper\">\n\t\t\t<p><span style=\"font-size: 18pt;\">Specifications<\/span><\/p>\n<ul>\n<li>Stackable, max 8 pcs in height.<\/li>\n<li>50,000 Martindales<\/li>\n<\/ul>\n<p><span style=\"font-size: 18pt;\">MOQ<br \/>\n<\/span>4pcs<\/p>\n<p><span style=\"font-size: 18pt;\">Weight<br \/>\n<\/span>The Choice chair weighs 6.5 kg<\/p>\n<p><span style=\"font-size: 18pt;\">Guarantee<br \/>\n<\/span>2 years<\/p>\n\n\t\t<\/div>\n\t<\/div>\n<\/div><\/div><\/div><\/div><div class=\"vc_row wpb_row vc_row-fluid\"><div class=\"wpb_column vc_column_container vc_col-sm-4\"><div class=\"vc_column-inner\"><div class=\"wpb_wrapper\">\n\t<div  class=\"wpb_single_image wpb_content_element vc_align_center\">\n\t\t\n\t\t<figure class=\"wpb_wrapper vc_figure\">\n\t\t\t<div class=\"vc_single_image-wrapper vc_box_shadow_border  vc_box_border_grey\"><img loading=\"lazy\" decoding=\"async\" width=\"800\" height=\"450\" src=\"https:\/\/shop.bjerring-sales.dk\/wp-content\/uploads\/2025\/08\/BlackBack_Black-Seat-04.jpg\" class=\"vc_single_image-img attachment-full\" alt=\"\" title=\"BlackBack_Black-Seat-04\" srcset=\"https:\/\/shop.bjerring-sales.dk\/wp-content\/uploads\/2025\/08\/BlackBack_Black-Seat-04.jpg 800w, https:\/\/shop.bjerring-sales.dk\/wp-content\/uploads\/2025\/08\/BlackBack_Black-Seat-04-300x169.jpg 300w, https:\/\/shop.bjerring-sales.dk\/wp-content\/uploads\/2025\/08\/BlackBack_Black-Seat-04-768x432.jpg 768w, https:\/\/shop.bjerring-sales.dk\/wp-content\/uploads\/2025\/08\/BlackBack_Black-Seat-04-18x10.jpg 18w, https:\/\/shop.bjerring-sales.dk\/wp-content\/uploads\/2025\/08\/BlackBack_Black-Seat-04-600x338.jpg 600w, https:\/\/shop.bjerring-sales.dk\/wp-content\/uploads\/2025\/08\/BlackBack_Black-Seat-04-150x84.jpg 150w\" sizes=\"auto, (max-width: 800px) 100vw, 800px\" \/><\/div>\n\t\t<\/figure>\n\t<\/div>\n<\/div><\/div><\/div><div class=\"wpb_column vc_column_container vc_col-sm-4\"><div class=\"vc_column-inner\"><div class=\"wpb_wrapper\">\n\t<div  class=\"wpb_single_image wpb_content_element vc_align_center\">\n\t\t\n\t\t<figure class=\"wpb_wrapper vc_figure\">\n\t\t\t<div class=\"vc_single_image-wrapper vc_box_shadow_border  vc_box_border_grey\"><img loading=\"lazy\" decoding=\"async\" width=\"800\" height=\"450\" src=\"https:\/\/shop.bjerring-sales.dk\/wp-content\/uploads\/2025\/08\/BlackBack_Black-Seat-02.jpg\" class=\"vc_single_image-img attachment-full\" alt=\"\" title=\"BlackBack_Black-Seat-02\" srcset=\"https:\/\/shop.bjerring-sales.dk\/wp-content\/uploads\/2025\/08\/BlackBack_Black-Seat-02.jpg 800w, https:\/\/shop.bjerring-sales.dk\/wp-content\/uploads\/2025\/08\/BlackBack_Black-Seat-02-300x169.jpg 300w, https:\/\/shop.bjerring-sales.dk\/wp-content\/uploads\/2025\/08\/BlackBack_Black-Seat-02-768x432.jpg 768w, https:\/\/shop.bjerring-sales.dk\/wp-content\/uploads\/2025\/08\/BlackBack_Black-Seat-02-18x10.jpg 18w, https:\/\/shop.bjerring-sales.dk\/wp-content\/uploads\/2025\/08\/BlackBack_Black-Seat-02-600x338.jpg 600w, https:\/\/shop.bjerring-sales.dk\/wp-content\/uploads\/2025\/08\/BlackBack_Black-Seat-02-150x84.jpg 150w\" sizes=\"auto, (max-width: 800px) 100vw, 800px\" \/><\/div>\n\t\t<\/figure>\n\t<\/div>\n<\/div><\/div><\/div><div class=\"wpb_column vc_column_container vc_col-sm-4\"><div class=\"vc_column-inner\"><div class=\"wpb_wrapper\">\n\t<div  class=\"wpb_single_image wpb_content_element vc_align_center\">\n\t\t\n\t\t<figure class=\"wpb_wrapper vc_figure\">\n\t\t\t<div class=\"vc_single_image-wrapper vc_box_shadow_border  vc_box_border_grey\"><img loading=\"lazy\" decoding=\"async\" width=\"800\" height=\"450\" src=\"https:\/\/shop.bjerring-sales.dk\/wp-content\/uploads\/2025\/08\/BlackBack_Black-Seat-01.jpg\" class=\"vc_single_image-img attachment-full\" alt=\"\" title=\"BlackBack_Black-Seat-01\" srcset=\"https:\/\/shop.bjerring-sales.dk\/wp-content\/uploads\/2025\/08\/BlackBack_Black-Seat-01.jpg 800w, https:\/\/shop.bjerring-sales.dk\/wp-content\/uploads\/2025\/08\/BlackBack_Black-Seat-01-300x169.jpg 300w, https:\/\/shop.bjerring-sales.dk\/wp-content\/uploads\/2025\/08\/BlackBack_Black-Seat-01-768x432.jpg 768w, https:\/\/shop.bjerring-sales.dk\/wp-content\/uploads\/2025\/08\/BlackBack_Black-Seat-01-18x10.jpg 18w, https:\/\/shop.bjerring-sales.dk\/wp-content\/uploads\/2025\/08\/BlackBack_Black-Seat-01-600x338.jpg 600w, https:\/\/shop.bjerring-sales.dk\/wp-content\/uploads\/2025\/08\/BlackBack_Black-Seat-01-150x84.jpg 150w\" sizes=\"auto, (max-width: 800px) 100vw, 800px\" \/><\/div>\n\t\t<\/figure>\n\t<\/div>\n<\/div><\/div><\/div><\/div>\n<\/div>","protected":false},"excerpt":{"rendered":"<p>Choice med tygkl\u00e4dsel och medar \u00e4r den perfekta stolen f\u00f6r konferenser, kontor och utbildningsrum. Stolen finns i m\u00e5nga variationer med medar och sits och rygg i tygkl\u00e4dsel. V\u00e4lj mellan att ha samma f\u00e4rg p\u00e5 sits\/rygg eller sits\/rygg i olika f\u00e4rger. Detta skapar m\u00f6jligheter f\u00f6r inredare som vill inreda med m\u00f6bler som f\u00f6ljer ett f\u00f6retags grafiska profil. MOQ 4st.<\/p>","protected":false},"featured_media":101661,"template":"","meta":{"iawp_total_views":0},"product_brand":[],"product_cat":[5825,6361,5848,5853],"product_tag":[5849,5852,5887,6043,6067,6068,6069,6467],"class_list":{"0":"post-101664","1":"product","2":"type-product","3":"status-publish","4":"has-post-thumbnail","6":"product_cat-stapelbara-stolar","7":"product_cat-choice","8":"product_cat-kladda-stolar","9":"product_cat-konferensstolar","10":"product_tag-konferensstol","11":"product_tag-stol-med-kladsel","12":"product_tag-matsalsstol","13":"product_tag-tygkladd-stol","14":"product_tag-stilren-stol","15":"product_tag-bekvam-stol","16":"product_tag-stol","17":"product_tag-stol-med-medar","19":"first","20":"instock","21":"taxable","22":"shipping-taxable","23":"purchasable","24":"product-type-variable"},"yoast_head":"<!-- This site is optimized with the Yoast SEO plugin v27.0 - https:\/\/yoast.com\/product\/yoast-seo-wordpress\/ -->\n<title>Tygkl\u00e4dd stapelbar stol med medar - Choice - Bjerring-Sales<\/title>\n<meta name=\"description\" content=\"Choice med tygkl\u00e4dsel och medar \u00e4r den perfekta stolen f\u00f6r konferenser, kontor och utbildningsrum.\" \/>\n<meta name=\"robots\" content=\"index, follow, max-snippet:-1, max-image-preview:large, max-video-preview:-1\" \/>\n<link rel=\"canonical\" href=\"https:\/\/shop.bjerring-sales.dk\/en\/product\/tygkladd-stapelbar-stol-med-medar-choice\/\" \/>\n<meta property=\"og:locale\" content=\"en_GB\" \/>\n<meta property=\"og:type\" content=\"article\" \/>\n<meta property=\"og:title\" content=\"Tygkl\u00e4dd stapelbar stol med medar \u2013 Choice serien\" \/>\n<meta property=\"og:description\" content=\"Choice med tygkl\u00e4dsel och medar \u00e4r den perfekta stolen f\u00f6r konferenser, kontor och utbildningsrum.\" \/>\n<meta property=\"og:url\" content=\"https:\/\/shop.bjerring-sales.dk\/en\/product\/tygkladd-stapelbar-stol-med-medar-choice\/\" \/>\n<meta property=\"og:site_name\" content=\"Bjerring-Sales\" \/>\n<meta property=\"article:modified_time\" content=\"2026-03-26T09:01:54+00:00\" \/>\n<meta property=\"og:image\" content=\"https:\/\/shop.bjerring-sales.dk\/wp-content\/uploads\/2025\/08\/ELJ_Ferrea_Restaurant02_04-1024px-1.jpg\" \/>\n\t<meta property=\"og:image:width\" content=\"1024\" \/>\n\t<meta property=\"og:image:height\" content=\"576\" \/>\n\t<meta property=\"og:image:type\" content=\"image\/jpeg\" \/>\n<meta name=\"twitter:card\" content=\"summary_large_image\" \/>\n<meta name=\"twitter:title\" content=\"Tygkl\u00e4dd stapelbar stol med medar \u2013 Choice serien\" \/>\n<meta name=\"twitter:description\" content=\"Choice med tygkl\u00e4dsel och medar \u00e4r den perfekta stolen f\u00f6r konferenser, kontor och utbildningsrum.\" \/>\n<meta name=\"twitter:image\" content=\"https:\/\/shop.bjerring-sales.dk\/wp-content\/uploads\/2025\/08\/ELJ_Ferrea_Restaurant02_04-1024px-1.jpg\" \/>\n<meta name=\"twitter:label1\" content=\"Estimated reading time\" \/>\n\t<meta name=\"twitter:data1\" content=\"3 minutes\" \/>\n<script type=\"application\/ld+json\" class=\"yoast-schema-graph\">{\"@context\":\"https:\/\/schema.org\",\"@graph\":[{\"@type\":\"WebPage\",\"@id\":\"https:\/\/shop.bjerring-sales.dk\/product\/tygkladd-stapelbar-stol-med-medar-choice\/\",\"url\":\"https:\/\/shop.bjerring-sales.dk\/product\/tygkladd-stapelbar-stol-med-medar-choice\/\",\"name\":\"Tygkl\u00e4dd stapelbar stol med medar - Choice - Bjerring-Sales\",\"isPartOf\":{\"@id\":\"https:\/\/shop.bjerring-sales.dk\/#website\"},\"primaryImageOfPage\":{\"@id\":\"https:\/\/shop.bjerring-sales.dk\/product\/tygkladd-stapelbar-stol-med-medar-choice\/#primaryimage\"},\"image\":{\"@id\":\"https:\/\/shop.bjerring-sales.dk\/product\/tygkladd-stapelbar-stol-med-medar-choice\/#primaryimage\"},\"thumbnailUrl\":\"https:\/\/shop.bjerring-sales.dk\/wp-content\/uploads\/2026\/03\/BlackFrame_BlackSeat_chair1.jpg\",\"datePublished\":\"2025-08-12T10:02:16+00:00\",\"dateModified\":\"2026-03-26T09:01:54+00:00\",\"description\":\"Choice med tygkl\u00e4dsel och medar \u00e4r den perfekta stolen f\u00f6r konferenser, kontor och utbildningsrum.\",\"breadcrumb\":{\"@id\":\"https:\/\/shop.bjerring-sales.dk\/product\/tygkladd-stapelbar-stol-med-medar-choice\/#breadcrumb\"},\"inLanguage\":\"en-GB\",\"potentialAction\":[{\"@type\":\"ReadAction\",\"target\":[\"https:\/\/shop.bjerring-sales.dk\/product\/tygkladd-stapelbar-stol-med-medar-choice\/\"]}]},{\"@type\":\"ImageObject\",\"inLanguage\":\"en-GB\",\"@id\":\"https:\/\/shop.bjerring-sales.dk\/product\/tygkladd-stapelbar-stol-med-medar-choice\/#primaryimage\",\"url\":\"https:\/\/shop.bjerring-sales.dk\/wp-content\/uploads\/2026\/03\/BlackFrame_BlackSeat_chair1.jpg\",\"contentUrl\":\"https:\/\/shop.bjerring-sales.dk\/wp-content\/uploads\/2026\/03\/BlackFrame_BlackSeat_chair1.jpg\",\"width\":800,\"height\":800},{\"@type\":\"BreadcrumbList\",\"@id\":\"https:\/\/shop.bjerring-sales.dk\/product\/tygkladd-stapelbar-stol-med-medar-choice\/#breadcrumb\",\"itemListElement\":[{\"@type\":\"ListItem\",\"position\":1,\"name\":\"Hem\",\"item\":\"https:\/\/shop.bjerring-sales.dk\/\"},{\"@type\":\"ListItem\",\"position\":2,\"name\":\"Webbutik\",\"item\":\"https:\/\/shop.bjerring-sales.dk\/butik\/\"},{\"@type\":\"ListItem\",\"position\":3,\"name\":\"Tygkl\u00e4dd stapelbar stol med medar &#8211; Choice\"}]},{\"@type\":\"WebSite\",\"@id\":\"https:\/\/shop.bjerring-sales.dk\/#website\",\"url\":\"https:\/\/shop.bjerring-sales.dk\/\",\"name\":\"Bjerring-Sales\",\"description\":\"M\u00f6bler f\u00f6r teatrar, skolor, kontor och k\u00f6pcentrum\",\"publisher\":{\"@id\":\"https:\/\/shop.bjerring-sales.dk\/#organization\"},\"potentialAction\":[{\"@type\":\"SearchAction\",\"target\":{\"@type\":\"EntryPoint\",\"urlTemplate\":\"https:\/\/shop.bjerring-sales.dk\/?s={search_term_string}\"},\"query-input\":{\"@type\":\"PropertyValueSpecification\",\"valueRequired\":true,\"valueName\":\"search_term_string\"}}],\"inLanguage\":\"en-GB\"},{\"@type\":\"Organization\",\"@id\":\"https:\/\/shop.bjerring-sales.dk\/#organization\",\"name\":\"Bjerring-Sales\",\"url\":\"https:\/\/shop.bjerring-sales.dk\/\",\"logo\":{\"@type\":\"ImageObject\",\"inLanguage\":\"en-GB\",\"@id\":\"https:\/\/shop.bjerring-sales.dk\/#\/schema\/logo\/image\/\",\"url\":\"https:\/\/shop.bjerring-sales.dk\/wp-content\/uploads\/2023\/01\/logo_sv.png\",\"contentUrl\":\"https:\/\/shop.bjerring-sales.dk\/wp-content\/uploads\/2023\/01\/logo_sv.png\",\"width\":195,\"height\":68,\"caption\":\"Bjerring-Sales\"},\"image\":{\"@id\":\"https:\/\/shop.bjerring-sales.dk\/#\/schema\/logo\/image\/\"}}]}<\/script>\n<!-- \/ Yoast SEO plugin. -->","yoast_head_json":{"title":"Tygkl\u00e4dd stapelbar stol med medar - Choice - Bjerring-Sales","description":"Choice med tygkl\u00e4dsel och medar \u00e4r den perfekta stolen f\u00f6r konferenser, kontor och utbildningsrum.","robots":{"index":"index","follow":"follow","max-snippet":"max-snippet:-1","max-image-preview":"max-image-preview:large","max-video-preview":"max-video-preview:-1"},"canonical":"https:\/\/shop.bjerring-sales.dk\/en\/product\/tygkladd-stapelbar-stol-med-medar-choice\/","og_locale":"en_GB","og_type":"article","og_title":"Tygkl\u00e4dd stapelbar stol med medar \u2013 Choice serien","og_description":"Choice med tygkl\u00e4dsel och medar \u00e4r den perfekta stolen f\u00f6r konferenser, kontor och utbildningsrum.","og_url":"https:\/\/shop.bjerring-sales.dk\/en\/product\/tygkladd-stapelbar-stol-med-medar-choice\/","og_site_name":"Bjerring-Sales","article_modified_time":"2026-03-26T09:01:54+00:00","og_image":[{"width":1024,"height":576,"url":"https:\/\/shop.bjerring-sales.dk\/wp-content\/uploads\/2025\/08\/ELJ_Ferrea_Restaurant02_04-1024px-1.jpg","type":"image\/jpeg"}],"twitter_card":"summary_large_image","twitter_title":"Tygkl\u00e4dd stapelbar stol med medar \u2013 Choice serien","twitter_description":"Choice med tygkl\u00e4dsel och medar \u00e4r den perfekta stolen f\u00f6r konferenser, kontor och utbildningsrum.","twitter_image":"https:\/\/shop.bjerring-sales.dk\/wp-content\/uploads\/2025\/08\/ELJ_Ferrea_Restaurant02_04-1024px-1.jpg","twitter_misc":{"Estimated reading time":"3 minutes"},"schema":{"@context":"https:\/\/schema.org","@graph":[{"@type":"WebPage","@id":"https:\/\/shop.bjerring-sales.dk\/product\/tygkladd-stapelbar-stol-med-medar-choice\/","url":"https:\/\/shop.bjerring-sales.dk\/product\/tygkladd-stapelbar-stol-med-medar-choice\/","name":"Tygkl\u00e4dd stapelbar stol med medar - Choice - Bjerring-Sales","isPartOf":{"@id":"https:\/\/shop.bjerring-sales.dk\/#website"},"primaryImageOfPage":{"@id":"https:\/\/shop.bjerring-sales.dk\/product\/tygkladd-stapelbar-stol-med-medar-choice\/#primaryimage"},"image":{"@id":"https:\/\/shop.bjerring-sales.dk\/product\/tygkladd-stapelbar-stol-med-medar-choice\/#primaryimage"},"thumbnailUrl":"https:\/\/shop.bjerring-sales.dk\/wp-content\/uploads\/2026\/03\/BlackFrame_BlackSeat_chair1.jpg","datePublished":"2025-08-12T10:02:16+00:00","dateModified":"2026-03-26T09:01:54+00:00","description":"Choice med tygkl\u00e4dsel och medar \u00e4r den perfekta stolen f\u00f6r konferenser, kontor och utbildningsrum.","breadcrumb":{"@id":"https:\/\/shop.bjerring-sales.dk\/product\/tygkladd-stapelbar-stol-med-medar-choice\/#breadcrumb"},"inLanguage":"en-GB","potentialAction":[{"@type":"ReadAction","target":["https:\/\/shop.bjerring-sales.dk\/product\/tygkladd-stapelbar-stol-med-medar-choice\/"]}]},{"@type":"ImageObject","inLanguage":"en-GB","@id":"https:\/\/shop.bjerring-sales.dk\/product\/tygkladd-stapelbar-stol-med-medar-choice\/#primaryimage","url":"https:\/\/shop.bjerring-sales.dk\/wp-content\/uploads\/2026\/03\/BlackFrame_BlackSeat_chair1.jpg","contentUrl":"https:\/\/shop.bjerring-sales.dk\/wp-content\/uploads\/2026\/03\/BlackFrame_BlackSeat_chair1.jpg","width":800,"height":800},{"@type":"BreadcrumbList","@id":"https:\/\/shop.bjerring-sales.dk\/product\/tygkladd-stapelbar-stol-med-medar-choice\/#breadcrumb","itemListElement":[{"@type":"ListItem","position":1,"name":"Hem","item":"https:\/\/shop.bjerring-sales.dk\/"},{"@type":"ListItem","position":2,"name":"Webbutik","item":"https:\/\/shop.bjerring-sales.dk\/butik\/"},{"@type":"ListItem","position":3,"name":"Tygkl\u00e4dd stapelbar stol med medar &#8211; Choice"}]},{"@type":"WebSite","@id":"https:\/\/shop.bjerring-sales.dk\/#website","url":"https:\/\/shop.bjerring-sales.dk\/","name":"Bjerring Sales","description":"Furniture for theatres, schools, offices and shopping centres","publisher":{"@id":"https:\/\/shop.bjerring-sales.dk\/#organization"},"potentialAction":[{"@type":"SearchAction","target":{"@type":"EntryPoint","urlTemplate":"https:\/\/shop.bjerring-sales.dk\/?s={search_term_string}"},"query-input":{"@type":"PropertyValueSpecification","valueRequired":true,"valueName":"search_term_string"}}],"inLanguage":"en-GB"},{"@type":"Organization","@id":"https:\/\/shop.bjerring-sales.dk\/#organization","name":"Bjerring Sales","url":"https:\/\/shop.bjerring-sales.dk\/","logo":{"@type":"ImageObject","inLanguage":"en-GB","@id":"https:\/\/shop.bjerring-sales.dk\/#\/schema\/logo\/image\/","url":"https:\/\/shop.bjerring-sales.dk\/wp-content\/uploads\/2023\/01\/logo_sv.png","contentUrl":"https:\/\/shop.bjerring-sales.dk\/wp-content\/uploads\/2023\/01\/logo_sv.png","width":195,"height":68,"caption":"Bjerring-Sales"},"image":{"@id":"https:\/\/shop.bjerring-sales.dk\/#\/schema\/logo\/image\/"}}]}},"_links":{"self":[{"href":"https:\/\/shop.bjerring-sales.dk\/en\/wp-json\/wp\/v2\/product\/101664","targetHints":{"allow":["GET"]}}],"collection":[{"href":"https:\/\/shop.bjerring-sales.dk\/en\/wp-json\/wp\/v2\/product"}],"about":[{"href":"https:\/\/shop.bjerring-sales.dk\/en\/wp-json\/wp\/v2\/types\/product"}],"wp:featuredmedia":[{"embeddable":true,"href":"https:\/\/shop.bjerring-sales.dk\/en\/wp-json\/wp\/v2\/media\/101661"}],"wp:attachment":[{"href":"https:\/\/shop.bjerring-sales.dk\/en\/wp-json\/wp\/v2\/media?parent=101664"}],"wp:term":[{"taxonomy":"product_brand","embeddable":true,"href":"https:\/\/shop.bjerring-sales.dk\/en\/wp-json\/wp\/v2\/product_brand?post=101664"},{"taxonomy":"product_cat","embeddable":true,"href":"https:\/\/shop.bjerring-sales.dk\/en\/wp-json\/wp\/v2\/product_cat?post=101664"},{"taxonomy":"product_tag","embeddable":true,"href":"https:\/\/shop.bjerring-sales.dk\/en\/wp-json\/wp\/v2\/product_tag?post=101664"}],"curies":[{"name":"wp","href":"https:\/\/api.w.org\/{rel}","templated":true}]}}