{"id":101512,"date":"2025-08-12T15:16:13","date_gmt":"2025-08-12T13:16:13","guid":{"rendered":"https:\/\/shop.bjerring-sales.dk\/sv\/produkt\/stapelbar-stol-i-plast-med-medar-och-armstod-choice\/"},"modified":"2026-03-16T11:22:39","modified_gmt":"2026-03-16T10:22:39","slug":"stapelbar-stol-i-plast-med-medar-och-armstod-choice","status":"publish","type":"product","link":"https:\/\/shop.bjerring-sales.dk\/en\/product\/stapelbar-stol-i-plast-med-medar-och-armstod-choice\/","title":{"rendered":"Stapelbar stol i plast med medar och armst\u00f6d &#8211; Choice"},"content":{"rendered":"<div class=\"wpb-content-wrapper\"><div class=\"vc_row wpb_row vc_row-fluid\"><div class=\"wpb_column vc_column_container vc_col-sm-12\"><div class=\"vc_column-inner\"><div class=\"wpb_wrapper\">\n\t<div class=\"wpb_text_column wpb_content_element\" >\n\t\t<div class=\"wpb_wrapper\">\n\t\t\t<p><span style=\"font-size: 24pt;\">Stapelbar stol med medar &amp; sits &amp; rygg i plast \u2013 Choice serien<br \/>\n<\/span>Choice stolen \u00e4r en stapelbar stol som lagerh\u00e5lls i v\u00e4ldigt m\u00e5nga variationer. H\u00e4r presenterar vi Choice med sits och rygg i plast och medar och armst\u00f6d.<\/p>\n<p>Choice with seat and back in plastic is the perfect chair for conferences, offices and training rooms. The chair is available in many variations where it is only the imagination that sets the limits. Choose between having the same color on the seat \/ back or seat \/ back in different colors. This creates opportunities for interior designers who want to decorate with furniture that follows a company&#039;s graphic profile, or the opportunity to be able to vary with different colors around a table or in a conference room. The Choice chair is also available with a seat \/ back in fabric or if the customer prefers a seat in fabric and back in plastic. Choice is also stocked as a practical stool that can be used next to the desk for colleagues who want to be able to sit down quickly. The Choice chair is unique with many uses and its design creates a comfortable seat that prevents you from getting tired in the back.<\/p>\n\n\t\t<\/div>\n\t<\/div>\n<\/div><\/div><\/div><\/div><div class=\"vc_row wpb_row vc_row-fluid\"><div class=\"wpb_column vc_column_container vc_col-sm-4\"><div class=\"vc_column-inner\"><div class=\"wpb_wrapper\">\n\t<div  class=\"wpb_single_image wpb_content_element vc_align_center\">\n\t\t\n\t\t<figure class=\"wpb_wrapper vc_figure\">\n\t\t\t<div class=\"vc_single_image-wrapper vc_box_shadow_border  vc_box_border_grey\"><img loading=\"lazy\" decoding=\"async\" width=\"800\" height=\"533\" src=\"https:\/\/shop.bjerring-sales.dk\/wp-content\/uploads\/2025\/08\/WhiteBack_Black-Seat_-Armrest-02.jpg\" class=\"vc_single_image-img attachment-full\" alt=\"\" title=\"WhiteBack_Black-Seat_-Armrest-02\" srcset=\"https:\/\/shop.bjerring-sales.dk\/wp-content\/uploads\/2025\/08\/WhiteBack_Black-Seat_-Armrest-02.jpg 800w, https:\/\/shop.bjerring-sales.dk\/wp-content\/uploads\/2025\/08\/WhiteBack_Black-Seat_-Armrest-02-300x200.jpg 300w, https:\/\/shop.bjerring-sales.dk\/wp-content\/uploads\/2025\/08\/WhiteBack_Black-Seat_-Armrest-02-768x512.jpg 768w, https:\/\/shop.bjerring-sales.dk\/wp-content\/uploads\/2025\/08\/WhiteBack_Black-Seat_-Armrest-02-18x12.jpg 18w, https:\/\/shop.bjerring-sales.dk\/wp-content\/uploads\/2025\/08\/WhiteBack_Black-Seat_-Armrest-02-600x400.jpg 600w, https:\/\/shop.bjerring-sales.dk\/wp-content\/uploads\/2025\/08\/WhiteBack_Black-Seat_-Armrest-02-150x100.jpg 150w\" sizes=\"auto, (max-width: 800px) 100vw, 800px\" \/><\/div>\n\t\t<\/figure>\n\t<\/div>\n<\/div><\/div><\/div><div class=\"wpb_column vc_column_container vc_col-sm-4\"><div class=\"vc_column-inner\"><div class=\"wpb_wrapper\">\n\t<div  class=\"wpb_single_image wpb_content_element vc_align_center\">\n\t\t\n\t\t<figure class=\"wpb_wrapper vc_figure\">\n\t\t\t<div class=\"vc_single_image-wrapper vc_box_shadow_border  vc_box_border_grey\"><img loading=\"lazy\" decoding=\"async\" width=\"800\" height=\"533\" src=\"https:\/\/shop.bjerring-sales.dk\/wp-content\/uploads\/2025\/08\/WhiteBack_Black-Seat_-Armrest-06.jpg\" class=\"vc_single_image-img attachment-full\" alt=\"\" title=\"WhiteBack_Black-Seat_-Armrest-06\" srcset=\"https:\/\/shop.bjerring-sales.dk\/wp-content\/uploads\/2025\/08\/WhiteBack_Black-Seat_-Armrest-06.jpg 800w, https:\/\/shop.bjerring-sales.dk\/wp-content\/uploads\/2025\/08\/WhiteBack_Black-Seat_-Armrest-06-300x200.jpg 300w, https:\/\/shop.bjerring-sales.dk\/wp-content\/uploads\/2025\/08\/WhiteBack_Black-Seat_-Armrest-06-768x512.jpg 768w, https:\/\/shop.bjerring-sales.dk\/wp-content\/uploads\/2025\/08\/WhiteBack_Black-Seat_-Armrest-06-18x12.jpg 18w, https:\/\/shop.bjerring-sales.dk\/wp-content\/uploads\/2025\/08\/WhiteBack_Black-Seat_-Armrest-06-600x400.jpg 600w, https:\/\/shop.bjerring-sales.dk\/wp-content\/uploads\/2025\/08\/WhiteBack_Black-Seat_-Armrest-06-150x100.jpg 150w\" sizes=\"auto, (max-width: 800px) 100vw, 800px\" \/><\/div>\n\t\t<\/figure>\n\t<\/div>\n<\/div><\/div><\/div><div class=\"wpb_column vc_column_container vc_col-sm-4\"><div class=\"vc_column-inner\"><div class=\"wpb_wrapper\">\n\t<div  class=\"wpb_single_image wpb_content_element vc_align_center\">\n\t\t\n\t\t<figure class=\"wpb_wrapper vc_figure\">\n\t\t\t<div class=\"vc_single_image-wrapper vc_box_shadow_border  vc_box_border_grey\"><img loading=\"lazy\" decoding=\"async\" width=\"800\" height=\"533\" src=\"https:\/\/shop.bjerring-sales.dk\/wp-content\/uploads\/2025\/08\/WhiteBack_Black-Seat_-Armrest-08.jpg\" class=\"vc_single_image-img attachment-full\" alt=\"\" title=\"WhiteBack_Black-Seat_-Armrest-08\" srcset=\"https:\/\/shop.bjerring-sales.dk\/wp-content\/uploads\/2025\/08\/WhiteBack_Black-Seat_-Armrest-08.jpg 800w, https:\/\/shop.bjerring-sales.dk\/wp-content\/uploads\/2025\/08\/WhiteBack_Black-Seat_-Armrest-08-300x200.jpg 300w, https:\/\/shop.bjerring-sales.dk\/wp-content\/uploads\/2025\/08\/WhiteBack_Black-Seat_-Armrest-08-768x512.jpg 768w, https:\/\/shop.bjerring-sales.dk\/wp-content\/uploads\/2025\/08\/WhiteBack_Black-Seat_-Armrest-08-18x12.jpg 18w, https:\/\/shop.bjerring-sales.dk\/wp-content\/uploads\/2025\/08\/WhiteBack_Black-Seat_-Armrest-08-600x400.jpg 600w, https:\/\/shop.bjerring-sales.dk\/wp-content\/uploads\/2025\/08\/WhiteBack_Black-Seat_-Armrest-08-150x100.jpg 150w\" sizes=\"auto, (max-width: 800px) 100vw, 800px\" \/><\/div>\n\t\t<\/figure>\n\t<\/div>\n<\/div><\/div><\/div><\/div><div class=\"vc_row wpb_row vc_row-fluid\"><div class=\"wpb_column vc_column_container vc_col-sm-6\"><div class=\"vc_column-inner\"><div class=\"wpb_wrapper\">\n\t<div class=\"wpb_text_column wpb_content_element\" >\n\t\t<div class=\"wpb_wrapper\">\n\t\t\t<p><span style=\"font-size: 18pt;\">Colors<\/span><\/p>\n<ul>\n<li>Seat and back are available in black, white, lime green, orange and dark gray<\/li>\n<li>The stand is available in black, white and silver gray<\/li>\n<\/ul>\n<p><span style=\"font-size: 18pt;\">Measure<\/span><\/p>\n<ul>\n<li>Height: 800 mm<\/li>\n<li>Depth: 550 mm<\/li>\n<li>Width at the hind legs: 500 mm<\/li>\n<li>Width at the front legs: 470 mm<\/li>\n<li>Back height from the seat: 335 mm<\/li>\n<li>Seat width: 460 mm<\/li>\n<li>Seat depth: 450 mm<\/li>\n<li>Seat height at the front: 480 mm<\/li>\n<li>Seat height at the rear: 465 mm<\/li>\n<\/ul>\n\n\t\t<\/div>\n\t<\/div>\n<\/div><\/div><\/div><div class=\"wpb_column vc_column_container vc_col-sm-6\"><div class=\"vc_column-inner\"><div class=\"wpb_wrapper\">\n\t<div class=\"wpb_text_column wpb_content_element\" >\n\t\t<div class=\"wpb_wrapper\">\n\t\t\t<p><span style=\"font-size: 18pt;\">Specifications<\/span><\/p>\n<ul>\n<li>Stackable, max 8 pcs in height.<\/li>\n<\/ul>\n<p><span style=\"font-size: 18pt;\">Weight<br \/>\n<\/span>The Choice chair weighs 7.3 kg<\/p>\n<p><span style=\"font-size: 18pt;\">Guarantee<br \/>\n<\/span>2 years<\/p>\n\n\t\t<\/div>\n\t<\/div>\n<\/div><\/div><\/div><\/div><div class=\"vc_row wpb_row vc_row-fluid\"><div class=\"wpb_column vc_column_container vc_col-sm-4\"><div class=\"vc_column-inner\"><div class=\"wpb_wrapper\">\n\t<div  class=\"wpb_single_image wpb_content_element vc_align_center\">\n\t\t\n\t\t<figure class=\"wpb_wrapper vc_figure\">\n\t\t\t<div class=\"vc_single_image-wrapper vc_box_shadow_border  vc_box_border_grey\"><img loading=\"lazy\" decoding=\"async\" width=\"800\" height=\"533\" src=\"https:\/\/shop.bjerring-sales.dk\/wp-content\/uploads\/2025\/08\/WhiteBack_Black-Seat_-Armrest-09.jpg\" class=\"vc_single_image-img attachment-full\" alt=\"\" title=\"WhiteBack_Black-Seat_-Armrest-09\" srcset=\"https:\/\/shop.bjerring-sales.dk\/wp-content\/uploads\/2025\/08\/WhiteBack_Black-Seat_-Armrest-09.jpg 800w, https:\/\/shop.bjerring-sales.dk\/wp-content\/uploads\/2025\/08\/WhiteBack_Black-Seat_-Armrest-09-300x200.jpg 300w, https:\/\/shop.bjerring-sales.dk\/wp-content\/uploads\/2025\/08\/WhiteBack_Black-Seat_-Armrest-09-768x512.jpg 768w, https:\/\/shop.bjerring-sales.dk\/wp-content\/uploads\/2025\/08\/WhiteBack_Black-Seat_-Armrest-09-18x12.jpg 18w, https:\/\/shop.bjerring-sales.dk\/wp-content\/uploads\/2025\/08\/WhiteBack_Black-Seat_-Armrest-09-600x400.jpg 600w, https:\/\/shop.bjerring-sales.dk\/wp-content\/uploads\/2025\/08\/WhiteBack_Black-Seat_-Armrest-09-150x100.jpg 150w\" sizes=\"auto, (max-width: 800px) 100vw, 800px\" \/><\/div>\n\t\t<\/figure>\n\t<\/div>\n<\/div><\/div><\/div><div class=\"wpb_column vc_column_container vc_col-sm-4\"><div class=\"vc_column-inner\"><div class=\"wpb_wrapper\">\n\t<div  class=\"wpb_single_image wpb_content_element vc_align_center\">\n\t\t\n\t\t<figure class=\"wpb_wrapper vc_figure\">\n\t\t\t<div class=\"vc_single_image-wrapper vc_box_shadow_border  vc_box_border_grey\"><img loading=\"lazy\" decoding=\"async\" width=\"800\" height=\"533\" src=\"https:\/\/shop.bjerring-sales.dk\/wp-content\/uploads\/2025\/08\/WhiteBack_Black-Seat_-Armrest-10.jpg\" class=\"vc_single_image-img attachment-full\" alt=\"\" title=\"WhiteBack_Black-Seat_-Armrest-10\" srcset=\"https:\/\/shop.bjerring-sales.dk\/wp-content\/uploads\/2025\/08\/WhiteBack_Black-Seat_-Armrest-10.jpg 800w, https:\/\/shop.bjerring-sales.dk\/wp-content\/uploads\/2025\/08\/WhiteBack_Black-Seat_-Armrest-10-300x200.jpg 300w, https:\/\/shop.bjerring-sales.dk\/wp-content\/uploads\/2025\/08\/WhiteBack_Black-Seat_-Armrest-10-768x512.jpg 768w, https:\/\/shop.bjerring-sales.dk\/wp-content\/uploads\/2025\/08\/WhiteBack_Black-Seat_-Armrest-10-18x12.jpg 18w, https:\/\/shop.bjerring-sales.dk\/wp-content\/uploads\/2025\/08\/WhiteBack_Black-Seat_-Armrest-10-600x400.jpg 600w, https:\/\/shop.bjerring-sales.dk\/wp-content\/uploads\/2025\/08\/WhiteBack_Black-Seat_-Armrest-10-150x100.jpg 150w\" sizes=\"auto, (max-width: 800px) 100vw, 800px\" \/><\/div>\n\t\t<\/figure>\n\t<\/div>\n<\/div><\/div><\/div><div class=\"wpb_column vc_column_container vc_col-sm-4\"><div class=\"vc_column-inner\"><div class=\"wpb_wrapper\">\n\t<div  class=\"wpb_single_image wpb_content_element vc_align_center\">\n\t\t\n\t\t<figure class=\"wpb_wrapper vc_figure\">\n\t\t\t<div class=\"vc_single_image-wrapper vc_box_shadow_border  vc_box_border_grey\"><img loading=\"lazy\" decoding=\"async\" width=\"800\" height=\"533\" src=\"https:\/\/shop.bjerring-sales.dk\/wp-content\/uploads\/2025\/08\/WhiteBack_Black-Seat_-Armrest-11.jpg\" class=\"vc_single_image-img attachment-full\" alt=\"\" title=\"WhiteBack_Black-Seat_-Armrest-11\" srcset=\"https:\/\/shop.bjerring-sales.dk\/wp-content\/uploads\/2025\/08\/WhiteBack_Black-Seat_-Armrest-11.jpg 800w, https:\/\/shop.bjerring-sales.dk\/wp-content\/uploads\/2025\/08\/WhiteBack_Black-Seat_-Armrest-11-300x200.jpg 300w, https:\/\/shop.bjerring-sales.dk\/wp-content\/uploads\/2025\/08\/WhiteBack_Black-Seat_-Armrest-11-768x512.jpg 768w, https:\/\/shop.bjerring-sales.dk\/wp-content\/uploads\/2025\/08\/WhiteBack_Black-Seat_-Armrest-11-18x12.jpg 18w, https:\/\/shop.bjerring-sales.dk\/wp-content\/uploads\/2025\/08\/WhiteBack_Black-Seat_-Armrest-11-600x400.jpg 600w, https:\/\/shop.bjerring-sales.dk\/wp-content\/uploads\/2025\/08\/WhiteBack_Black-Seat_-Armrest-11-150x100.jpg 150w\" sizes=\"auto, (max-width: 800px) 100vw, 800px\" \/><\/div>\n\t\t<\/figure>\n\t<\/div>\n<\/div><\/div><\/div><\/div>\n<\/div>","protected":false},"excerpt":{"rendered":"<p>Choice stolen \u00e4r en stapelbar stol som lagerh\u00e5lls i v\u00e4ldigt m\u00e5nga variationer. H\u00e4r presenterar vi Choice med sits och rygg i plast och medar och armst\u00f6d. Choice med sits och rygg i plast och medar \u00e4r den perfekta stolen f\u00f6r konferenser, kontor och utbildningsrum.<\/p>","protected":false},"featured_media":101510,"template":"","meta":{"iawp_total_views":0},"product_brand":[],"product_cat":[5825,6361,5853],"product_tag":[6467,5849,5850,5981,5982,6047,6069],"class_list":{"0":"post-101512","1":"product","2":"type-product","3":"status-publish","4":"has-post-thumbnail","6":"product_cat-stapelbara-stolar","7":"product_cat-choice","8":"product_cat-konferensstolar","9":"product_tag-stol-med-medar","10":"product_tag-konferensstol","11":"product_tag-stapelbar-stol","12":"product_tag-karmstol","13":"product_tag-stol-med-armstod","14":"product_tag-choice-stolen","15":"product_tag-stol","17":"first","18":"instock","19":"taxable","20":"shipping-taxable","21":"purchasable","22":"product-type-variable"},"yoast_head":"<!-- This site is optimized with the Yoast SEO plugin v27.0 - https:\/\/yoast.com\/product\/yoast-seo-wordpress\/ -->\n<title>Stapelbar stol i plast med medar och armst\u00f6d - Choice - Bjerring-Sales<\/title>\n<meta name=\"description\" content=\"Choice stolen \u00e4r en stapelbar stol som lagerh\u00e5lls i v\u00e4ldigt m\u00e5nga variationer. H\u00e4r presenterar vi Choice med sits och rygg i plast och medar och armst\u00f6d.\" \/>\n<meta name=\"robots\" content=\"index, follow, max-snippet:-1, max-image-preview:large, max-video-preview:-1\" \/>\n<link rel=\"canonical\" href=\"https:\/\/shop.bjerring-sales.dk\/en\/product\/stapelbar-stol-i-plast-med-medar-och-armstod-choice\/\" \/>\n<meta property=\"og:locale\" content=\"en_GB\" \/>\n<meta property=\"og:type\" content=\"article\" \/>\n<meta property=\"og:title\" content=\"Stapelbar stol med medar &amp; sits &amp; rygg i plast \u2013 Choice serien\" \/>\n<meta property=\"og:description\" content=\"Choice stolen \u00e4r en stapelbar stol som lagerh\u00e5lls i v\u00e4ldigt m\u00e5nga variationer. H\u00e4r presenterar vi Choice med sits och rygg i plast och medar och armst\u00f6d.\" \/>\n<meta property=\"og:url\" content=\"https:\/\/shop.bjerring-sales.dk\/en\/product\/stapelbar-stol-i-plast-med-medar-och-armstod-choice\/\" \/>\n<meta property=\"og:site_name\" content=\"Bjerring-Sales\" \/>\n<meta property=\"article:modified_time\" content=\"2026-03-16T10:22:39+00:00\" \/>\n<meta property=\"og:image\" content=\"https:\/\/shop.bjerring-sales.dk\/wp-content\/uploads\/2025\/08\/WhiteBack_Black-Seat_-Armrest-11.jpg\" \/>\n\t<meta property=\"og:image:width\" content=\"800\" \/>\n\t<meta property=\"og:image:height\" content=\"533\" \/>\n\t<meta property=\"og:image:type\" content=\"image\/jpeg\" \/>\n<meta name=\"twitter:card\" content=\"summary_large_image\" \/>\n<meta name=\"twitter:title\" content=\"Stapelbar stol med medar &amp; sits &amp; rygg i plast \u2013 Choice serien\" \/>\n<meta name=\"twitter:description\" content=\"Choice stolen \u00e4r en stapelbar stol som lagerh\u00e5lls i v\u00e4ldigt m\u00e5nga variationer. H\u00e4r presenterar vi Choice med sits och rygg i plast och medar och armst\u00f6d.\" \/>\n<meta name=\"twitter:image\" content=\"https:\/\/shop.bjerring-sales.dk\/wp-content\/uploads\/2025\/08\/WhiteBack_Black-Seat_-Armrest-11.jpg\" \/>\n<meta name=\"twitter:label1\" content=\"Estimated reading time\" \/>\n\t<meta name=\"twitter:data1\" content=\"3 minutes\" \/>\n<script type=\"application\/ld+json\" class=\"yoast-schema-graph\">{\"@context\":\"https:\/\/schema.org\",\"@graph\":[{\"@type\":\"WebPage\",\"@id\":\"https:\/\/shop.bjerring-sales.dk\/product\/stapelbar-stol-i-plast-med-medar-och-armstod-choice\/\",\"url\":\"https:\/\/shop.bjerring-sales.dk\/product\/stapelbar-stol-i-plast-med-medar-och-armstod-choice\/\",\"name\":\"Stapelbar stol i plast med medar och armst\u00f6d - Choice - Bjerring-Sales\",\"isPartOf\":{\"@id\":\"https:\/\/shop.bjerring-sales.dk\/#website\"},\"primaryImageOfPage\":{\"@id\":\"https:\/\/shop.bjerring-sales.dk\/product\/stapelbar-stol-i-plast-med-medar-och-armstod-choice\/#primaryimage\"},\"image\":{\"@id\":\"https:\/\/shop.bjerring-sales.dk\/product\/stapelbar-stol-i-plast-med-medar-och-armstod-choice\/#primaryimage\"},\"thumbnailUrl\":\"https:\/\/shop.bjerring-sales.dk\/wp-content\/uploads\/2026\/03\/Choice_WhiteFrame_WhiteHeadrest_BlackSeat.jpg\",\"datePublished\":\"2025-08-12T13:16:13+00:00\",\"dateModified\":\"2026-03-16T10:22:39+00:00\",\"description\":\"Choice stolen \u00e4r en stapelbar stol som lagerh\u00e5lls i v\u00e4ldigt m\u00e5nga variationer. H\u00e4r presenterar vi Choice med sits och rygg i plast och medar och armst\u00f6d.\",\"breadcrumb\":{\"@id\":\"https:\/\/shop.bjerring-sales.dk\/product\/stapelbar-stol-i-plast-med-medar-och-armstod-choice\/#breadcrumb\"},\"inLanguage\":\"en-GB\",\"potentialAction\":[{\"@type\":\"ReadAction\",\"target\":[\"https:\/\/shop.bjerring-sales.dk\/product\/stapelbar-stol-i-plast-med-medar-och-armstod-choice\/\"]}]},{\"@type\":\"ImageObject\",\"inLanguage\":\"en-GB\",\"@id\":\"https:\/\/shop.bjerring-sales.dk\/product\/stapelbar-stol-i-plast-med-medar-och-armstod-choice\/#primaryimage\",\"url\":\"https:\/\/shop.bjerring-sales.dk\/wp-content\/uploads\/2026\/03\/Choice_WhiteFrame_WhiteHeadrest_BlackSeat.jpg\",\"contentUrl\":\"https:\/\/shop.bjerring-sales.dk\/wp-content\/uploads\/2026\/03\/Choice_WhiteFrame_WhiteHeadrest_BlackSeat.jpg\",\"width\":800,\"height\":800},{\"@type\":\"BreadcrumbList\",\"@id\":\"https:\/\/shop.bjerring-sales.dk\/product\/stapelbar-stol-i-plast-med-medar-och-armstod-choice\/#breadcrumb\",\"itemListElement\":[{\"@type\":\"ListItem\",\"position\":1,\"name\":\"Hem\",\"item\":\"https:\/\/shop.bjerring-sales.dk\/\"},{\"@type\":\"ListItem\",\"position\":2,\"name\":\"Webbutik\",\"item\":\"https:\/\/shop.bjerring-sales.dk\/butik\/\"},{\"@type\":\"ListItem\",\"position\":3,\"name\":\"Stapelbar stol i plast med medar och armst\u00f6d &#8211; Choice\"}]},{\"@type\":\"WebSite\",\"@id\":\"https:\/\/shop.bjerring-sales.dk\/#website\",\"url\":\"https:\/\/shop.bjerring-sales.dk\/\",\"name\":\"Bjerring-Sales\",\"description\":\"M\u00f6bler f\u00f6r teatrar, skolor, kontor och k\u00f6pcentrum\",\"publisher\":{\"@id\":\"https:\/\/shop.bjerring-sales.dk\/#organization\"},\"potentialAction\":[{\"@type\":\"SearchAction\",\"target\":{\"@type\":\"EntryPoint\",\"urlTemplate\":\"https:\/\/shop.bjerring-sales.dk\/?s={search_term_string}\"},\"query-input\":{\"@type\":\"PropertyValueSpecification\",\"valueRequired\":true,\"valueName\":\"search_term_string\"}}],\"inLanguage\":\"en-GB\"},{\"@type\":\"Organization\",\"@id\":\"https:\/\/shop.bjerring-sales.dk\/#organization\",\"name\":\"Bjerring-Sales\",\"url\":\"https:\/\/shop.bjerring-sales.dk\/\",\"logo\":{\"@type\":\"ImageObject\",\"inLanguage\":\"en-GB\",\"@id\":\"https:\/\/shop.bjerring-sales.dk\/#\/schema\/logo\/image\/\",\"url\":\"https:\/\/shop.bjerring-sales.dk\/wp-content\/uploads\/2023\/01\/logo_sv.png\",\"contentUrl\":\"https:\/\/shop.bjerring-sales.dk\/wp-content\/uploads\/2023\/01\/logo_sv.png\",\"width\":195,\"height\":68,\"caption\":\"Bjerring-Sales\"},\"image\":{\"@id\":\"https:\/\/shop.bjerring-sales.dk\/#\/schema\/logo\/image\/\"}}]}<\/script>\n<!-- \/ Yoast SEO plugin. -->","yoast_head_json":{"title":"Stapelbar stol i plast med medar och armst\u00f6d - Choice - Bjerring-Sales","description":"Choice stolen \u00e4r en stapelbar stol som lagerh\u00e5lls i v\u00e4ldigt m\u00e5nga variationer. H\u00e4r presenterar vi Choice med sits och rygg i plast och medar och armst\u00f6d.","robots":{"index":"index","follow":"follow","max-snippet":"max-snippet:-1","max-image-preview":"max-image-preview:large","max-video-preview":"max-video-preview:-1"},"canonical":"https:\/\/shop.bjerring-sales.dk\/en\/product\/stapelbar-stol-i-plast-med-medar-och-armstod-choice\/","og_locale":"en_GB","og_type":"article","og_title":"Stapelbar stol med medar & sits & rygg i plast \u2013 Choice serien","og_description":"Choice stolen \u00e4r en stapelbar stol som lagerh\u00e5lls i v\u00e4ldigt m\u00e5nga variationer. H\u00e4r presenterar vi Choice med sits och rygg i plast och medar och armst\u00f6d.","og_url":"https:\/\/shop.bjerring-sales.dk\/en\/product\/stapelbar-stol-i-plast-med-medar-och-armstod-choice\/","og_site_name":"Bjerring-Sales","article_modified_time":"2026-03-16T10:22:39+00:00","og_image":[{"width":800,"height":533,"url":"https:\/\/shop.bjerring-sales.dk\/wp-content\/uploads\/2025\/08\/WhiteBack_Black-Seat_-Armrest-11.jpg","type":"image\/jpeg"}],"twitter_card":"summary_large_image","twitter_title":"Stapelbar stol med medar & sits & rygg i plast \u2013 Choice serien","twitter_description":"Choice stolen \u00e4r en stapelbar stol som lagerh\u00e5lls i v\u00e4ldigt m\u00e5nga variationer. H\u00e4r presenterar vi Choice med sits och rygg i plast och medar och armst\u00f6d.","twitter_image":"https:\/\/shop.bjerring-sales.dk\/wp-content\/uploads\/2025\/08\/WhiteBack_Black-Seat_-Armrest-11.jpg","twitter_misc":{"Estimated reading time":"3 minutes"},"schema":{"@context":"https:\/\/schema.org","@graph":[{"@type":"WebPage","@id":"https:\/\/shop.bjerring-sales.dk\/product\/stapelbar-stol-i-plast-med-medar-och-armstod-choice\/","url":"https:\/\/shop.bjerring-sales.dk\/product\/stapelbar-stol-i-plast-med-medar-och-armstod-choice\/","name":"Stapelbar stol i plast med medar och armst\u00f6d - Choice - Bjerring-Sales","isPartOf":{"@id":"https:\/\/shop.bjerring-sales.dk\/#website"},"primaryImageOfPage":{"@id":"https:\/\/shop.bjerring-sales.dk\/product\/stapelbar-stol-i-plast-med-medar-och-armstod-choice\/#primaryimage"},"image":{"@id":"https:\/\/shop.bjerring-sales.dk\/product\/stapelbar-stol-i-plast-med-medar-och-armstod-choice\/#primaryimage"},"thumbnailUrl":"https:\/\/shop.bjerring-sales.dk\/wp-content\/uploads\/2026\/03\/Choice_WhiteFrame_WhiteHeadrest_BlackSeat.jpg","datePublished":"2025-08-12T13:16:13+00:00","dateModified":"2026-03-16T10:22:39+00:00","description":"Choice stolen \u00e4r en stapelbar stol som lagerh\u00e5lls i v\u00e4ldigt m\u00e5nga variationer. H\u00e4r presenterar vi Choice med sits och rygg i plast och medar och armst\u00f6d.","breadcrumb":{"@id":"https:\/\/shop.bjerring-sales.dk\/product\/stapelbar-stol-i-plast-med-medar-och-armstod-choice\/#breadcrumb"},"inLanguage":"en-GB","potentialAction":[{"@type":"ReadAction","target":["https:\/\/shop.bjerring-sales.dk\/product\/stapelbar-stol-i-plast-med-medar-och-armstod-choice\/"]}]},{"@type":"ImageObject","inLanguage":"en-GB","@id":"https:\/\/shop.bjerring-sales.dk\/product\/stapelbar-stol-i-plast-med-medar-och-armstod-choice\/#primaryimage","url":"https:\/\/shop.bjerring-sales.dk\/wp-content\/uploads\/2026\/03\/Choice_WhiteFrame_WhiteHeadrest_BlackSeat.jpg","contentUrl":"https:\/\/shop.bjerring-sales.dk\/wp-content\/uploads\/2026\/03\/Choice_WhiteFrame_WhiteHeadrest_BlackSeat.jpg","width":800,"height":800},{"@type":"BreadcrumbList","@id":"https:\/\/shop.bjerring-sales.dk\/product\/stapelbar-stol-i-plast-med-medar-och-armstod-choice\/#breadcrumb","itemListElement":[{"@type":"ListItem","position":1,"name":"Hem","item":"https:\/\/shop.bjerring-sales.dk\/"},{"@type":"ListItem","position":2,"name":"Webbutik","item":"https:\/\/shop.bjerring-sales.dk\/butik\/"},{"@type":"ListItem","position":3,"name":"Stapelbar stol i plast med medar och armst\u00f6d &#8211; Choice"}]},{"@type":"WebSite","@id":"https:\/\/shop.bjerring-sales.dk\/#website","url":"https:\/\/shop.bjerring-sales.dk\/","name":"Bjerring Sales","description":"Furniture for theatres, schools, offices and shopping centres","publisher":{"@id":"https:\/\/shop.bjerring-sales.dk\/#organization"},"potentialAction":[{"@type":"SearchAction","target":{"@type":"EntryPoint","urlTemplate":"https:\/\/shop.bjerring-sales.dk\/?s={search_term_string}"},"query-input":{"@type":"PropertyValueSpecification","valueRequired":true,"valueName":"search_term_string"}}],"inLanguage":"en-GB"},{"@type":"Organization","@id":"https:\/\/shop.bjerring-sales.dk\/#organization","name":"Bjerring Sales","url":"https:\/\/shop.bjerring-sales.dk\/","logo":{"@type":"ImageObject","inLanguage":"en-GB","@id":"https:\/\/shop.bjerring-sales.dk\/#\/schema\/logo\/image\/","url":"https:\/\/shop.bjerring-sales.dk\/wp-content\/uploads\/2023\/01\/logo_sv.png","contentUrl":"https:\/\/shop.bjerring-sales.dk\/wp-content\/uploads\/2023\/01\/logo_sv.png","width":195,"height":68,"caption":"Bjerring-Sales"},"image":{"@id":"https:\/\/shop.bjerring-sales.dk\/#\/schema\/logo\/image\/"}}]}},"_links":{"self":[{"href":"https:\/\/shop.bjerring-sales.dk\/en\/wp-json\/wp\/v2\/product\/101512","targetHints":{"allow":["GET"]}}],"collection":[{"href":"https:\/\/shop.bjerring-sales.dk\/en\/wp-json\/wp\/v2\/product"}],"about":[{"href":"https:\/\/shop.bjerring-sales.dk\/en\/wp-json\/wp\/v2\/types\/product"}],"wp:featuredmedia":[{"embeddable":true,"href":"https:\/\/shop.bjerring-sales.dk\/en\/wp-json\/wp\/v2\/media\/101510"}],"wp:attachment":[{"href":"https:\/\/shop.bjerring-sales.dk\/en\/wp-json\/wp\/v2\/media?parent=101512"}],"wp:term":[{"taxonomy":"product_brand","embeddable":true,"href":"https:\/\/shop.bjerring-sales.dk\/en\/wp-json\/wp\/v2\/product_brand?post=101512"},{"taxonomy":"product_cat","embeddable":true,"href":"https:\/\/shop.bjerring-sales.dk\/en\/wp-json\/wp\/v2\/product_cat?post=101512"},{"taxonomy":"product_tag","embeddable":true,"href":"https:\/\/shop.bjerring-sales.dk\/en\/wp-json\/wp\/v2\/product_tag?post=101512"}],"curies":[{"name":"wp","href":"https:\/\/api.w.org\/{rel}","templated":true}]}}