{"id":101391,"date":"2025-08-12T15:19:02","date_gmt":"2025-08-12T13:19:02","guid":{"rendered":"https:\/\/shop.bjerring-sales.dk\/sv\/produkt\/stol-med-medar-och-armstod-tygsits-och-plastrygg-choice\/"},"modified":"2026-03-16T10:53:50","modified_gmt":"2026-03-16T09:53:50","slug":"stol-med-medar-och-armstod-tygsits-och-plastrygg-choice","status":"publish","type":"product","link":"https:\/\/shop.bjerring-sales.dk\/en\/product\/stol-med-medar-och-armstod-tygsits-och-plastrygg-choice\/","title":{"rendered":"Chair with glides and armrests, fabric seat and plastic back - Choice"},"content":{"rendered":"<div class=\"wpb-content-wrapper\"><div class=\"vc_row wpb_row vc_row-fluid\"><div class=\"wpb_column vc_column_container vc_col-sm-12\"><div class=\"vc_column-inner\"><div class=\"wpb_wrapper\">\n\t<div class=\"wpb_text_column wpb_content_element\" >\n\t\t<div class=\"wpb_wrapper\">\n\t\t\t<p><span style=\"font-size: 24pt;\">Chair with armrests, fabric seat, plastic back &amp; glides \u2013 Choice series<br \/>\n<\/span>The Choice chair with armrests is a stackable chair that is stocked in many variations. Here we present Choice with a fabric seat, plastic back and glides. The chair is stocked in 60 variations.<\/p>\n<p>Choice with armrests, fabric seat and plastic back is the perfect chair for conferences, offices and training rooms. The chair is available in many variations where only the imagination sets the limits. Choose between having the same color seat\/back or seat\/back in different colors. This creates opportunities for decorators who want to furnish with furniture that follows a company&#039;s graphic profile, or the possibility of being able to vary with different colors around a table or in a conference room. The Choice chair is also available with a seat\/back in plastic or if the customer prefers a seat in fabric and a back in plastic or vice versa. Choice is also stocked as a practical stool that can be used next to the desk for colleagues who want to be able to sit down quickly. The Choice chair is unique with many areas of use and its design creates a comfortable sitting position that prevents your back from getting tired.<\/p>\n\n\t\t<\/div>\n\t<\/div>\n<\/div><\/div><\/div><\/div><div class=\"vc_row wpb_row vc_row-fluid\"><div class=\"wpb_column vc_column_container vc_col-sm-4\"><div class=\"vc_column-inner\"><div class=\"wpb_wrapper\">\n\t<div  class=\"wpb_single_image wpb_content_element vc_align_center\">\n\t\t\n\t\t<figure class=\"wpb_wrapper vc_figure\">\n\t\t\t<div class=\"vc_single_image-wrapper vc_box_shadow_border  vc_box_border_grey\"><img loading=\"lazy\" decoding=\"async\" width=\"1920\" height=\"1280\" src=\"https:\/\/shop.bjerring-sales.dk\/wp-content\/uploads\/2025\/08\/PlasticDarkGrayBack_BlackSeat-14.jpg\" class=\"vc_single_image-img attachment-full\" alt=\"\" title=\"PlasticDarkGrayBack_BlackSeat-14\" srcset=\"https:\/\/shop.bjerring-sales.dk\/wp-content\/uploads\/2025\/08\/PlasticDarkGrayBack_BlackSeat-14.jpg 1920w, https:\/\/shop.bjerring-sales.dk\/wp-content\/uploads\/2025\/08\/PlasticDarkGrayBack_BlackSeat-14-300x200.jpg 300w, https:\/\/shop.bjerring-sales.dk\/wp-content\/uploads\/2025\/08\/PlasticDarkGrayBack_BlackSeat-14-1024x683.jpg 1024w, https:\/\/shop.bjerring-sales.dk\/wp-content\/uploads\/2025\/08\/PlasticDarkGrayBack_BlackSeat-14-768x512.jpg 768w, https:\/\/shop.bjerring-sales.dk\/wp-content\/uploads\/2025\/08\/PlasticDarkGrayBack_BlackSeat-14-1536x1024.jpg 1536w, https:\/\/shop.bjerring-sales.dk\/wp-content\/uploads\/2025\/08\/PlasticDarkGrayBack_BlackSeat-14-18x12.jpg 18w, https:\/\/shop.bjerring-sales.dk\/wp-content\/uploads\/2025\/08\/PlasticDarkGrayBack_BlackSeat-14-600x400.jpg 600w, https:\/\/shop.bjerring-sales.dk\/wp-content\/uploads\/2025\/08\/PlasticDarkGrayBack_BlackSeat-14-150x100.jpg 150w\" sizes=\"auto, (max-width: 1920px) 100vw, 1920px\" \/><\/div>\n\t\t<\/figure>\n\t<\/div>\n<\/div><\/div><\/div><div class=\"wpb_column vc_column_container vc_col-sm-4\"><div class=\"vc_column-inner\"><div class=\"wpb_wrapper\">\n\t<div  class=\"wpb_single_image wpb_content_element vc_align_center\">\n\t\t\n\t\t<figure class=\"wpb_wrapper vc_figure\">\n\t\t\t<div class=\"vc_single_image-wrapper vc_box_shadow_border  vc_box_border_grey\"><img loading=\"lazy\" decoding=\"async\" width=\"800\" height=\"533\" src=\"https:\/\/shop.bjerring-sales.dk\/wp-content\/uploads\/2025\/08\/PlasticDarkGrayBack_BlackSeat-10.jpg\" class=\"vc_single_image-img attachment-full\" alt=\"\" title=\"PlasticDarkGrayBack_BlackSeat-10\" srcset=\"https:\/\/shop.bjerring-sales.dk\/wp-content\/uploads\/2025\/08\/PlasticDarkGrayBack_BlackSeat-10.jpg 800w, https:\/\/shop.bjerring-sales.dk\/wp-content\/uploads\/2025\/08\/PlasticDarkGrayBack_BlackSeat-10-300x200.jpg 300w, https:\/\/shop.bjerring-sales.dk\/wp-content\/uploads\/2025\/08\/PlasticDarkGrayBack_BlackSeat-10-768x512.jpg 768w, https:\/\/shop.bjerring-sales.dk\/wp-content\/uploads\/2025\/08\/PlasticDarkGrayBack_BlackSeat-10-18x12.jpg 18w, https:\/\/shop.bjerring-sales.dk\/wp-content\/uploads\/2025\/08\/PlasticDarkGrayBack_BlackSeat-10-600x400.jpg 600w, https:\/\/shop.bjerring-sales.dk\/wp-content\/uploads\/2025\/08\/PlasticDarkGrayBack_BlackSeat-10-150x100.jpg 150w\" sizes=\"auto, (max-width: 800px) 100vw, 800px\" \/><\/div>\n\t\t<\/figure>\n\t<\/div>\n<\/div><\/div><\/div><div class=\"wpb_column vc_column_container vc_col-sm-4\"><div class=\"vc_column-inner\"><div class=\"wpb_wrapper\">\n\t<div  class=\"wpb_single_image wpb_content_element vc_align_center\">\n\t\t\n\t\t<figure class=\"wpb_wrapper vc_figure\">\n\t\t\t<div class=\"vc_single_image-wrapper vc_box_shadow_border  vc_box_border_grey\"><img loading=\"lazy\" decoding=\"async\" width=\"800\" height=\"533\" src=\"https:\/\/shop.bjerring-sales.dk\/wp-content\/uploads\/2025\/08\/PlasticDarkGrayBack_BlackSeat-05.jpg\" class=\"vc_single_image-img attachment-full\" alt=\"\" title=\"PlasticDarkGrayBack_BlackSeat-05\" srcset=\"https:\/\/shop.bjerring-sales.dk\/wp-content\/uploads\/2025\/08\/PlasticDarkGrayBack_BlackSeat-05.jpg 800w, https:\/\/shop.bjerring-sales.dk\/wp-content\/uploads\/2025\/08\/PlasticDarkGrayBack_BlackSeat-05-300x200.jpg 300w, https:\/\/shop.bjerring-sales.dk\/wp-content\/uploads\/2025\/08\/PlasticDarkGrayBack_BlackSeat-05-768x512.jpg 768w, https:\/\/shop.bjerring-sales.dk\/wp-content\/uploads\/2025\/08\/PlasticDarkGrayBack_BlackSeat-05-18x12.jpg 18w, https:\/\/shop.bjerring-sales.dk\/wp-content\/uploads\/2025\/08\/PlasticDarkGrayBack_BlackSeat-05-600x400.jpg 600w, https:\/\/shop.bjerring-sales.dk\/wp-content\/uploads\/2025\/08\/PlasticDarkGrayBack_BlackSeat-05-150x100.jpg 150w\" sizes=\"auto, (max-width: 800px) 100vw, 800px\" \/><\/div>\n\t\t<\/figure>\n\t<\/div>\n<\/div><\/div><\/div><\/div><div class=\"vc_row wpb_row vc_row-fluid\"><div class=\"wpb_column vc_column_container vc_col-sm-6\"><div class=\"vc_column-inner\"><div class=\"wpb_wrapper\">\n\t<div class=\"wpb_text_column wpb_content_element\" >\n\t\t<div class=\"wpb_wrapper\">\n\t\t\t<p><span style=\"font-size: 18pt;\">Colors<\/span><\/p>\n<ul>\n<li>The fabric for the seat is available in black, blue, light gray and dark gray<\/li>\n<li>The plastic back is available in black, white, lime green, orange and dark gray<\/li>\n<li>The stand is available in black, white and silver gray<\/li>\n<\/ul>\n<p><span style=\"font-size: 18pt;\">Measure<\/span><\/p>\n<ul>\n<li>Height: 800 mm<\/li>\n<li>Depth: 550 mm<\/li>\n<li>Width at the hind legs: 500 mm<\/li>\n<li>Width at the front legs: 470 mm<\/li>\n<li>Back height from the seat: 335 mm<\/li>\n<li>Seat width: 460 mm<\/li>\n<li>Seat depth: 450 mm<\/li>\n<li>Seat height at the front: 480 mm<\/li>\n<li>Seat height at the rear: 465 mm<\/li>\n<\/ul>\n\n\t\t<\/div>\n\t<\/div>\n<\/div><\/div><\/div><div class=\"wpb_column vc_column_container vc_col-sm-6\"><div class=\"vc_column-inner\"><div class=\"wpb_wrapper\">\n\t<div class=\"wpb_text_column wpb_content_element\" >\n\t\t<div class=\"wpb_wrapper\">\n\t\t\t<p><span style=\"font-size: 18pt;\">Specifications<\/span><\/p>\n<ul>\n<li>Stackable, max 8 pcs in height.<\/li>\n<li>50,000 Martindales<\/li>\n<\/ul>\n<p><span style=\"font-size: 18pt;\">Weight<br \/>\n<\/span>The Choice chair weighs 7.65 kg<\/p>\n<p><span style=\"font-size: 18pt;\">Guarantee<br \/>\n<\/span>2 years<\/p>\n\n\t\t<\/div>\n\t<\/div>\n<\/div><\/div><\/div><\/div><div class=\"vc_row wpb_row vc_row-fluid\"><div class=\"wpb_column vc_column_container vc_col-sm-4\"><div class=\"vc_column-inner\"><div class=\"wpb_wrapper\">\n\t<div  class=\"wpb_single_image wpb_content_element vc_align_center\">\n\t\t\n\t\t<figure class=\"wpb_wrapper vc_figure\">\n\t\t\t<div class=\"vc_single_image-wrapper vc_box_shadow_border  vc_box_border_grey\"><img loading=\"lazy\" decoding=\"async\" width=\"800\" height=\"533\" src=\"https:\/\/shop.bjerring-sales.dk\/wp-content\/uploads\/2025\/08\/PlasticDarkGrayBack_BlackSeat-04.jpg\" class=\"vc_single_image-img attachment-full\" alt=\"\" title=\"PlasticDarkGrayBack_BlackSeat-04\" srcset=\"https:\/\/shop.bjerring-sales.dk\/wp-content\/uploads\/2025\/08\/PlasticDarkGrayBack_BlackSeat-04.jpg 800w, https:\/\/shop.bjerring-sales.dk\/wp-content\/uploads\/2025\/08\/PlasticDarkGrayBack_BlackSeat-04-300x200.jpg 300w, https:\/\/shop.bjerring-sales.dk\/wp-content\/uploads\/2025\/08\/PlasticDarkGrayBack_BlackSeat-04-768x512.jpg 768w, https:\/\/shop.bjerring-sales.dk\/wp-content\/uploads\/2025\/08\/PlasticDarkGrayBack_BlackSeat-04-18x12.jpg 18w, https:\/\/shop.bjerring-sales.dk\/wp-content\/uploads\/2025\/08\/PlasticDarkGrayBack_BlackSeat-04-600x400.jpg 600w, https:\/\/shop.bjerring-sales.dk\/wp-content\/uploads\/2025\/08\/PlasticDarkGrayBack_BlackSeat-04-150x100.jpg 150w\" sizes=\"auto, (max-width: 800px) 100vw, 800px\" \/><\/div>\n\t\t<\/figure>\n\t<\/div>\n<\/div><\/div><\/div><div class=\"wpb_column vc_column_container vc_col-sm-4\"><div class=\"vc_column-inner\"><div class=\"wpb_wrapper\">\n\t<div  class=\"wpb_single_image wpb_content_element vc_align_center\">\n\t\t\n\t\t<figure class=\"wpb_wrapper vc_figure\">\n\t\t\t<div class=\"vc_single_image-wrapper vc_box_shadow_border  vc_box_border_grey\"><img loading=\"lazy\" decoding=\"async\" width=\"1920\" height=\"1280\" src=\"https:\/\/shop.bjerring-sales.dk\/wp-content\/uploads\/2025\/08\/PlasticDarkGrayBack_BlackSeat-03.jpg\" class=\"vc_single_image-img attachment-full\" alt=\"\" title=\"PlasticDarkGrayBack_BlackSeat-03\" srcset=\"https:\/\/shop.bjerring-sales.dk\/wp-content\/uploads\/2025\/08\/PlasticDarkGrayBack_BlackSeat-03.jpg 1920w, https:\/\/shop.bjerring-sales.dk\/wp-content\/uploads\/2025\/08\/PlasticDarkGrayBack_BlackSeat-03-300x200.jpg 300w, https:\/\/shop.bjerring-sales.dk\/wp-content\/uploads\/2025\/08\/PlasticDarkGrayBack_BlackSeat-03-1024x683.jpg 1024w, https:\/\/shop.bjerring-sales.dk\/wp-content\/uploads\/2025\/08\/PlasticDarkGrayBack_BlackSeat-03-768x512.jpg 768w, https:\/\/shop.bjerring-sales.dk\/wp-content\/uploads\/2025\/08\/PlasticDarkGrayBack_BlackSeat-03-1536x1024.jpg 1536w, https:\/\/shop.bjerring-sales.dk\/wp-content\/uploads\/2025\/08\/PlasticDarkGrayBack_BlackSeat-03-18x12.jpg 18w, https:\/\/shop.bjerring-sales.dk\/wp-content\/uploads\/2025\/08\/PlasticDarkGrayBack_BlackSeat-03-600x400.jpg 600w, https:\/\/shop.bjerring-sales.dk\/wp-content\/uploads\/2025\/08\/PlasticDarkGrayBack_BlackSeat-03-150x100.jpg 150w\" sizes=\"auto, (max-width: 1920px) 100vw, 1920px\" \/><\/div>\n\t\t<\/figure>\n\t<\/div>\n<\/div><\/div><\/div><div class=\"wpb_column vc_column_container vc_col-sm-4\"><div class=\"vc_column-inner\"><div class=\"wpb_wrapper\">\n\t<div  class=\"wpb_single_image wpb_content_element vc_align_center\">\n\t\t\n\t\t<figure class=\"wpb_wrapper vc_figure\">\n\t\t\t<div class=\"vc_single_image-wrapper vc_box_shadow_border  vc_box_border_grey\"><img loading=\"lazy\" decoding=\"async\" width=\"800\" height=\"533\" src=\"https:\/\/shop.bjerring-sales.dk\/wp-content\/uploads\/2025\/08\/PlasticDarkGrayBack_BlackSeat-01.jpg\" class=\"vc_single_image-img attachment-full\" alt=\"\" title=\"PlasticDarkGrayBack_BlackSeat-01\" srcset=\"https:\/\/shop.bjerring-sales.dk\/wp-content\/uploads\/2025\/08\/PlasticDarkGrayBack_BlackSeat-01.jpg 800w, https:\/\/shop.bjerring-sales.dk\/wp-content\/uploads\/2025\/08\/PlasticDarkGrayBack_BlackSeat-01-300x200.jpg 300w, https:\/\/shop.bjerring-sales.dk\/wp-content\/uploads\/2025\/08\/PlasticDarkGrayBack_BlackSeat-01-768x512.jpg 768w, https:\/\/shop.bjerring-sales.dk\/wp-content\/uploads\/2025\/08\/PlasticDarkGrayBack_BlackSeat-01-18x12.jpg 18w, https:\/\/shop.bjerring-sales.dk\/wp-content\/uploads\/2025\/08\/PlasticDarkGrayBack_BlackSeat-01-600x400.jpg 600w, https:\/\/shop.bjerring-sales.dk\/wp-content\/uploads\/2025\/08\/PlasticDarkGrayBack_BlackSeat-01-150x100.jpg 150w\" sizes=\"auto, (max-width: 800px) 100vw, 800px\" \/><\/div>\n\t\t<\/figure>\n\t<\/div>\n<\/div><\/div><\/div><\/div>\n<\/div>","protected":false},"excerpt":{"rendered":"<p>Choice with fabric seat and plastic back is the perfect chair for conferences, offices and training rooms. Choose between having the same color on the seat &amp; back or seat &amp; back in different colors. This creates opportunities for interior designers who want to decorate with furniture that follows a company&#039;s graphic profile.<\/p>","protected":false},"featured_media":101389,"template":"","meta":{"iawp_total_views":0},"product_brand":[],"product_cat":[5785,5825,6361,5848,5853],"product_tag":[6467,5849,5850,5851,5852,5981,5982,6047],"class_list":{"0":"post-101391","1":"product","2":"type-product","3":"status-publish","4":"has-post-thumbnail","6":"product_cat-hemmakontor","7":"product_cat-stapelbara-stolar","8":"product_cat-choice","9":"product_cat-kladda-stolar","10":"product_cat-konferensstolar","11":"product_tag-stol-med-medar","12":"product_tag-konferensstol","13":"product_tag-stapelbar-stol","14":"product_tag-stol-med-tygsits","15":"product_tag-stol-med-kladsel","16":"product_tag-karmstol","17":"product_tag-stol-med-armstod","18":"product_tag-choice-stolen","20":"first","21":"instock","22":"taxable","23":"shipping-taxable","24":"purchasable","25":"product-type-variable"},"yoast_head":"<!-- This site is optimized with the Yoast SEO plugin v27.0 - https:\/\/yoast.com\/product\/yoast-seo-wordpress\/ -->\n<title>Stol med medar och armst\u00f6d, tygsits och plastrygg - Choice - Bjerring-Sales<\/title>\n<meta name=\"description\" content=\"Choice med tygsits och plastrygg \u00e4r den perfekta stolen f\u00f6r konferenser, kontor och utbildningsrum. V\u00e4lj mellan att ha samma f\u00e4rg p\u00e5 sits &amp; rygg eller sits &amp; rygg i olika f\u00e4rger.\" \/>\n<meta name=\"robots\" content=\"index, follow, max-snippet:-1, max-image-preview:large, max-video-preview:-1\" \/>\n<link rel=\"canonical\" href=\"https:\/\/shop.bjerring-sales.dk\/en\/product\/stol-med-medar-och-armstod-tygsits-och-plastrygg-choice\/\" \/>\n<meta property=\"og:locale\" content=\"en_GB\" \/>\n<meta property=\"og:type\" content=\"article\" \/>\n<meta property=\"og:title\" content=\"Stol med armst\u00f6d, tygsits, plastrygg &amp; medar \u2013 Choice serien\" \/>\n<meta property=\"og:description\" content=\"Choice med tygsits och plastrygg \u00e4r den perfekta stolen f\u00f6r konferenser, kontor och utbildningsrum. V\u00e4lj mellan att ha samma f\u00e4rg p\u00e5 sits &amp; rygg eller sits &amp; rygg i olika f\u00e4rger.\" \/>\n<meta property=\"og:url\" content=\"https:\/\/shop.bjerring-sales.dk\/en\/product\/stol-med-medar-och-armstod-tygsits-och-plastrygg-choice\/\" \/>\n<meta property=\"og:site_name\" content=\"Bjerring-Sales\" \/>\n<meta property=\"article:modified_time\" content=\"2026-03-16T09:53:50+00:00\" \/>\n<meta property=\"og:image\" content=\"https:\/\/shop.bjerring-sales.dk\/wp-content\/uploads\/2025\/08\/PlasticDarkGrayBack_BlackSeat-14.jpg\" \/>\n\t<meta property=\"og:image:width\" content=\"1920\" \/>\n\t<meta property=\"og:image:height\" content=\"1280\" \/>\n\t<meta property=\"og:image:type\" content=\"image\/jpeg\" \/>\n<meta name=\"twitter:card\" content=\"summary_large_image\" \/>\n<meta name=\"twitter:title\" content=\"Stol med armst\u00f6d, tygsits, plastrygg &amp; medar \u2013 Choice serien\" \/>\n<meta name=\"twitter:description\" content=\"Choice med tygsits och plastrygg \u00e4r den perfekta stolen f\u00f6r konferenser, kontor och utbildningsrum. V\u00e4lj mellan att ha samma f\u00e4rg p\u00e5 sits &amp; rygg eller sits &amp; rygg i olika f\u00e4rger.\" \/>\n<meta name=\"twitter:image\" content=\"https:\/\/shop.bjerring-sales.dk\/wp-content\/uploads\/2025\/08\/PlasticDarkGrayBack_BlackSeat-14.jpg\" \/>\n<meta name=\"twitter:label1\" content=\"Estimated reading time\" \/>\n\t<meta name=\"twitter:data1\" content=\"3 minutes\" \/>\n<script type=\"application\/ld+json\" class=\"yoast-schema-graph\">{\"@context\":\"https:\/\/schema.org\",\"@graph\":[{\"@type\":\"WebPage\",\"@id\":\"https:\/\/shop.bjerring-sales.dk\/product\/stol-med-medar-och-armstod-tygsits-och-plastrygg-choice\/\",\"url\":\"https:\/\/shop.bjerring-sales.dk\/product\/stol-med-medar-och-armstod-tygsits-och-plastrygg-choice\/\",\"name\":\"Stol med medar och armst\u00f6d, tygsits och plastrygg - Choice - Bjerring-Sales\",\"isPartOf\":{\"@id\":\"https:\/\/shop.bjerring-sales.dk\/#website\"},\"primaryImageOfPage\":{\"@id\":\"https:\/\/shop.bjerring-sales.dk\/product\/stol-med-medar-och-armstod-tygsits-och-plastrygg-choice\/#primaryimage\"},\"image\":{\"@id\":\"https:\/\/shop.bjerring-sales.dk\/product\/stol-med-medar-och-armstod-tygsits-och-plastrygg-choice\/#primaryimage\"},\"thumbnailUrl\":\"https:\/\/shop.bjerring-sales.dk\/wp-content\/uploads\/2026\/03\/Choice_WhiteFrame_GreenHeadrest_LightGraySeat.jpg\",\"datePublished\":\"2025-08-12T13:19:02+00:00\",\"dateModified\":\"2026-03-16T09:53:50+00:00\",\"description\":\"Choice med tygsits och plastrygg \u00e4r den perfekta stolen f\u00f6r konferenser, kontor och utbildningsrum. V\u00e4lj mellan att ha samma f\u00e4rg p\u00e5 sits & rygg eller sits & rygg i olika f\u00e4rger.\",\"breadcrumb\":{\"@id\":\"https:\/\/shop.bjerring-sales.dk\/product\/stol-med-medar-och-armstod-tygsits-och-plastrygg-choice\/#breadcrumb\"},\"inLanguage\":\"en-GB\",\"potentialAction\":[{\"@type\":\"ReadAction\",\"target\":[\"https:\/\/shop.bjerring-sales.dk\/product\/stol-med-medar-och-armstod-tygsits-och-plastrygg-choice\/\"]}]},{\"@type\":\"ImageObject\",\"inLanguage\":\"en-GB\",\"@id\":\"https:\/\/shop.bjerring-sales.dk\/product\/stol-med-medar-och-armstod-tygsits-och-plastrygg-choice\/#primaryimage\",\"url\":\"https:\/\/shop.bjerring-sales.dk\/wp-content\/uploads\/2026\/03\/Choice_WhiteFrame_GreenHeadrest_LightGraySeat.jpg\",\"contentUrl\":\"https:\/\/shop.bjerring-sales.dk\/wp-content\/uploads\/2026\/03\/Choice_WhiteFrame_GreenHeadrest_LightGraySeat.jpg\",\"width\":800,\"height\":800},{\"@type\":\"BreadcrumbList\",\"@id\":\"https:\/\/shop.bjerring-sales.dk\/product\/stol-med-medar-och-armstod-tygsits-och-plastrygg-choice\/#breadcrumb\",\"itemListElement\":[{\"@type\":\"ListItem\",\"position\":1,\"name\":\"Hem\",\"item\":\"https:\/\/shop.bjerring-sales.dk\/\"},{\"@type\":\"ListItem\",\"position\":2,\"name\":\"Webbutik\",\"item\":\"https:\/\/shop.bjerring-sales.dk\/butik\/\"},{\"@type\":\"ListItem\",\"position\":3,\"name\":\"Stol med medar och armst\u00f6d, tygsits och plastrygg &#8211; Choice\"}]},{\"@type\":\"WebSite\",\"@id\":\"https:\/\/shop.bjerring-sales.dk\/#website\",\"url\":\"https:\/\/shop.bjerring-sales.dk\/\",\"name\":\"Bjerring-Sales\",\"description\":\"M\u00f6bler f\u00f6r teatrar, skolor, kontor och k\u00f6pcentrum\",\"publisher\":{\"@id\":\"https:\/\/shop.bjerring-sales.dk\/#organization\"},\"potentialAction\":[{\"@type\":\"SearchAction\",\"target\":{\"@type\":\"EntryPoint\",\"urlTemplate\":\"https:\/\/shop.bjerring-sales.dk\/?s={search_term_string}\"},\"query-input\":{\"@type\":\"PropertyValueSpecification\",\"valueRequired\":true,\"valueName\":\"search_term_string\"}}],\"inLanguage\":\"en-GB\"},{\"@type\":\"Organization\",\"@id\":\"https:\/\/shop.bjerring-sales.dk\/#organization\",\"name\":\"Bjerring-Sales\",\"url\":\"https:\/\/shop.bjerring-sales.dk\/\",\"logo\":{\"@type\":\"ImageObject\",\"inLanguage\":\"en-GB\",\"@id\":\"https:\/\/shop.bjerring-sales.dk\/#\/schema\/logo\/image\/\",\"url\":\"https:\/\/shop.bjerring-sales.dk\/wp-content\/uploads\/2023\/01\/logo_sv.png\",\"contentUrl\":\"https:\/\/shop.bjerring-sales.dk\/wp-content\/uploads\/2023\/01\/logo_sv.png\",\"width\":195,\"height\":68,\"caption\":\"Bjerring-Sales\"},\"image\":{\"@id\":\"https:\/\/shop.bjerring-sales.dk\/#\/schema\/logo\/image\/\"}}]}<\/script>\n<!-- \/ Yoast SEO plugin. -->","yoast_head_json":{"title":"Stol med medar och armst\u00f6d, tygsits och plastrygg - Choice - Bjerring-Sales","description":"Choice med tygsits och plastrygg \u00e4r den perfekta stolen f\u00f6r konferenser, kontor och utbildningsrum. V\u00e4lj mellan att ha samma f\u00e4rg p\u00e5 sits & rygg eller sits & rygg i olika f\u00e4rger.","robots":{"index":"index","follow":"follow","max-snippet":"max-snippet:-1","max-image-preview":"max-image-preview:large","max-video-preview":"max-video-preview:-1"},"canonical":"https:\/\/shop.bjerring-sales.dk\/en\/product\/stol-med-medar-och-armstod-tygsits-och-plastrygg-choice\/","og_locale":"en_GB","og_type":"article","og_title":"Stol med armst\u00f6d, tygsits, plastrygg & medar \u2013 Choice serien","og_description":"Choice med tygsits och plastrygg \u00e4r den perfekta stolen f\u00f6r konferenser, kontor och utbildningsrum. V\u00e4lj mellan att ha samma f\u00e4rg p\u00e5 sits & rygg eller sits & rygg i olika f\u00e4rger.","og_url":"https:\/\/shop.bjerring-sales.dk\/en\/product\/stol-med-medar-och-armstod-tygsits-och-plastrygg-choice\/","og_site_name":"Bjerring-Sales","article_modified_time":"2026-03-16T09:53:50+00:00","og_image":[{"width":1920,"height":1280,"url":"https:\/\/shop.bjerring-sales.dk\/wp-content\/uploads\/2025\/08\/PlasticDarkGrayBack_BlackSeat-14.jpg","type":"image\/jpeg"}],"twitter_card":"summary_large_image","twitter_title":"Stol med armst\u00f6d, tygsits, plastrygg & medar \u2013 Choice serien","twitter_description":"Choice med tygsits och plastrygg \u00e4r den perfekta stolen f\u00f6r konferenser, kontor och utbildningsrum. V\u00e4lj mellan att ha samma f\u00e4rg p\u00e5 sits & rygg eller sits & rygg i olika f\u00e4rger.","twitter_image":"https:\/\/shop.bjerring-sales.dk\/wp-content\/uploads\/2025\/08\/PlasticDarkGrayBack_BlackSeat-14.jpg","twitter_misc":{"Estimated reading time":"3 minutes"},"schema":{"@context":"https:\/\/schema.org","@graph":[{"@type":"WebPage","@id":"https:\/\/shop.bjerring-sales.dk\/product\/stol-med-medar-och-armstod-tygsits-och-plastrygg-choice\/","url":"https:\/\/shop.bjerring-sales.dk\/product\/stol-med-medar-och-armstod-tygsits-och-plastrygg-choice\/","name":"Stol med medar och armst\u00f6d, tygsits och plastrygg - Choice - Bjerring-Sales","isPartOf":{"@id":"https:\/\/shop.bjerring-sales.dk\/#website"},"primaryImageOfPage":{"@id":"https:\/\/shop.bjerring-sales.dk\/product\/stol-med-medar-och-armstod-tygsits-och-plastrygg-choice\/#primaryimage"},"image":{"@id":"https:\/\/shop.bjerring-sales.dk\/product\/stol-med-medar-och-armstod-tygsits-och-plastrygg-choice\/#primaryimage"},"thumbnailUrl":"https:\/\/shop.bjerring-sales.dk\/wp-content\/uploads\/2026\/03\/Choice_WhiteFrame_GreenHeadrest_LightGraySeat.jpg","datePublished":"2025-08-12T13:19:02+00:00","dateModified":"2026-03-16T09:53:50+00:00","description":"Choice med tygsits och plastrygg \u00e4r den perfekta stolen f\u00f6r konferenser, kontor och utbildningsrum. V\u00e4lj mellan att ha samma f\u00e4rg p\u00e5 sits & rygg eller sits & rygg i olika f\u00e4rger.","breadcrumb":{"@id":"https:\/\/shop.bjerring-sales.dk\/product\/stol-med-medar-och-armstod-tygsits-och-plastrygg-choice\/#breadcrumb"},"inLanguage":"en-GB","potentialAction":[{"@type":"ReadAction","target":["https:\/\/shop.bjerring-sales.dk\/product\/stol-med-medar-och-armstod-tygsits-och-plastrygg-choice\/"]}]},{"@type":"ImageObject","inLanguage":"en-GB","@id":"https:\/\/shop.bjerring-sales.dk\/product\/stol-med-medar-och-armstod-tygsits-och-plastrygg-choice\/#primaryimage","url":"https:\/\/shop.bjerring-sales.dk\/wp-content\/uploads\/2026\/03\/Choice_WhiteFrame_GreenHeadrest_LightGraySeat.jpg","contentUrl":"https:\/\/shop.bjerring-sales.dk\/wp-content\/uploads\/2026\/03\/Choice_WhiteFrame_GreenHeadrest_LightGraySeat.jpg","width":800,"height":800},{"@type":"BreadcrumbList","@id":"https:\/\/shop.bjerring-sales.dk\/product\/stol-med-medar-och-armstod-tygsits-och-plastrygg-choice\/#breadcrumb","itemListElement":[{"@type":"ListItem","position":1,"name":"Hem","item":"https:\/\/shop.bjerring-sales.dk\/"},{"@type":"ListItem","position":2,"name":"Webbutik","item":"https:\/\/shop.bjerring-sales.dk\/butik\/"},{"@type":"ListItem","position":3,"name":"Stol med medar och armst\u00f6d, tygsits och plastrygg &#8211; Choice"}]},{"@type":"WebSite","@id":"https:\/\/shop.bjerring-sales.dk\/#website","url":"https:\/\/shop.bjerring-sales.dk\/","name":"Bjerring Sales","description":"Furniture for theatres, schools, offices and shopping centres","publisher":{"@id":"https:\/\/shop.bjerring-sales.dk\/#organization"},"potentialAction":[{"@type":"SearchAction","target":{"@type":"EntryPoint","urlTemplate":"https:\/\/shop.bjerring-sales.dk\/?s={search_term_string}"},"query-input":{"@type":"PropertyValueSpecification","valueRequired":true,"valueName":"search_term_string"}}],"inLanguage":"en-GB"},{"@type":"Organization","@id":"https:\/\/shop.bjerring-sales.dk\/#organization","name":"Bjerring Sales","url":"https:\/\/shop.bjerring-sales.dk\/","logo":{"@type":"ImageObject","inLanguage":"en-GB","@id":"https:\/\/shop.bjerring-sales.dk\/#\/schema\/logo\/image\/","url":"https:\/\/shop.bjerring-sales.dk\/wp-content\/uploads\/2023\/01\/logo_sv.png","contentUrl":"https:\/\/shop.bjerring-sales.dk\/wp-content\/uploads\/2023\/01\/logo_sv.png","width":195,"height":68,"caption":"Bjerring-Sales"},"image":{"@id":"https:\/\/shop.bjerring-sales.dk\/#\/schema\/logo\/image\/"}}]}},"_links":{"self":[{"href":"https:\/\/shop.bjerring-sales.dk\/en\/wp-json\/wp\/v2\/product\/101391","targetHints":{"allow":["GET"]}}],"collection":[{"href":"https:\/\/shop.bjerring-sales.dk\/en\/wp-json\/wp\/v2\/product"}],"about":[{"href":"https:\/\/shop.bjerring-sales.dk\/en\/wp-json\/wp\/v2\/types\/product"}],"wp:featuredmedia":[{"embeddable":true,"href":"https:\/\/shop.bjerring-sales.dk\/en\/wp-json\/wp\/v2\/media\/101389"}],"wp:attachment":[{"href":"https:\/\/shop.bjerring-sales.dk\/en\/wp-json\/wp\/v2\/media?parent=101391"}],"wp:term":[{"taxonomy":"product_brand","embeddable":true,"href":"https:\/\/shop.bjerring-sales.dk\/en\/wp-json\/wp\/v2\/product_brand?post=101391"},{"taxonomy":"product_cat","embeddable":true,"href":"https:\/\/shop.bjerring-sales.dk\/en\/wp-json\/wp\/v2\/product_cat?post=101391"},{"taxonomy":"product_tag","embeddable":true,"href":"https:\/\/shop.bjerring-sales.dk\/en\/wp-json\/wp\/v2\/product_tag?post=101391"}],"curies":[{"name":"wp","href":"https:\/\/api.w.org\/{rel}","templated":true}]}}