{"id":101107,"date":"2026-01-21T12:23:44","date_gmt":"2026-01-21T11:23:44","guid":{"rendered":"https:\/\/shop.bjerring-sales.dk\/sv\/produkt\/elevate-2-stativ-med-2-motorer\/"},"modified":"2026-04-02T11:27:12","modified_gmt":"2026-04-02T09:27:12","slug":"elevate-2-stativ-med-2-motorer","status":"publish","type":"product","link":"https:\/\/shop.bjerring-sales.dk\/en\/product\/elevate-2-stativ-med-2-motorer\/","title":{"rendered":"Elevate 2 \u2013 stand with 2 motors"},"content":{"rendered":"<div class=\"wpb-content-wrapper\"><div class=\"vc_row wpb_row vc_row-fluid\"><div class=\"wpb_column vc_column_container vc_col-sm-12\"><div class=\"vc_column-inner\"><div class=\"wpb_wrapper\">\n\t<div class=\"wpb_text_column wpb_content_element\" >\n\t\t<div class=\"wpb_wrapper\">\n\t\t\t<p><span style=\"font-size: 24pt\">Elevate 1 \u2013 A height-adjustable stand with 2 motors<br \/>\n<\/span>Elevate 2 is one of our 2-motor desks. The desk is part of the Elevate series, which consists of various height-adjustable desks powered by 1 motor or 2 motors. Elevate 2 is an affordable height-adjustable desk stand equipped with dual motors. It is easy to adjust the height to switch between sitting and standing positions, which promotes an ergonomic working environment. The stand is stocked in white, black or silver-grey.<\/p>\n\n\t\t<\/div>\n\t<\/div>\n<\/div><\/div><\/div><\/div><div class=\"vc_row wpb_row vc_row-fluid\"><div class=\"wpb_column vc_column_container vc_col-sm-4\"><div class=\"vc_column-inner\"><div class=\"wpb_wrapper\">\n\t<div  class=\"wpb_single_image wpb_content_element vc_align_center\">\n\t\t\n\t\t<figure class=\"wpb_wrapper vc_figure\">\n\t\t\t<div class=\"vc_single_image-wrapper vc_box_shadow_border  vc_box_border_grey\"><img loading=\"lazy\" decoding=\"async\" width=\"2560\" height=\"2560\" src=\"https:\/\/shop.bjerring-sales.dk\/wp-content\/uploads\/2026\/01\/elevate2-001-scaled.jpeg\" class=\"vc_single_image-img attachment-full\" alt=\"\" title=\"elevate2-001\" srcset=\"https:\/\/shop.bjerring-sales.dk\/wp-content\/uploads\/2026\/01\/elevate2-001-scaled.jpeg 2560w, https:\/\/shop.bjerring-sales.dk\/wp-content\/uploads\/2026\/01\/elevate2-001-300x300.jpeg 300w, https:\/\/shop.bjerring-sales.dk\/wp-content\/uploads\/2026\/01\/elevate2-001-1024x1024.jpeg 1024w, https:\/\/shop.bjerring-sales.dk\/wp-content\/uploads\/2026\/01\/elevate2-001-150x150.jpeg 150w, https:\/\/shop.bjerring-sales.dk\/wp-content\/uploads\/2026\/01\/elevate2-001-768x768.jpeg 768w, https:\/\/shop.bjerring-sales.dk\/wp-content\/uploads\/2026\/01\/elevate2-001-1536x1536.jpeg 1536w, https:\/\/shop.bjerring-sales.dk\/wp-content\/uploads\/2026\/01\/elevate2-001-2048x2048.jpeg 2048w, https:\/\/shop.bjerring-sales.dk\/wp-content\/uploads\/2026\/01\/elevate2-001-12x12.jpeg 12w, https:\/\/shop.bjerring-sales.dk\/wp-content\/uploads\/2026\/01\/elevate2-001-600x600.jpeg 600w\" sizes=\"auto, (max-width: 2560px) 100vw, 2560px\" \/><\/div>\n\t\t<\/figure>\n\t<\/div>\n<\/div><\/div><\/div><div class=\"wpb_column vc_column_container vc_col-sm-4\"><div class=\"vc_column-inner\"><div class=\"wpb_wrapper\">\n\t<div  class=\"wpb_single_image wpb_content_element vc_align_center\">\n\t\t\n\t\t<figure class=\"wpb_wrapper vc_figure\">\n\t\t\t<div class=\"vc_single_image-wrapper vc_box_shadow_border  vc_box_border_grey\"><img loading=\"lazy\" decoding=\"async\" width=\"1920\" height=\"1920\" src=\"https:\/\/shop.bjerring-sales.dk\/wp-content\/uploads\/2026\/01\/elevate2-002.jpeg\" class=\"vc_single_image-img attachment-full\" alt=\"\" title=\"elevate2-002\" srcset=\"https:\/\/shop.bjerring-sales.dk\/wp-content\/uploads\/2026\/01\/elevate2-002.jpeg 1920w, https:\/\/shop.bjerring-sales.dk\/wp-content\/uploads\/2026\/01\/elevate2-002-300x300.jpeg 300w, https:\/\/shop.bjerring-sales.dk\/wp-content\/uploads\/2026\/01\/elevate2-002-1024x1024.jpeg 1024w, https:\/\/shop.bjerring-sales.dk\/wp-content\/uploads\/2026\/01\/elevate2-002-150x150.jpeg 150w, https:\/\/shop.bjerring-sales.dk\/wp-content\/uploads\/2026\/01\/elevate2-002-768x768.jpeg 768w, https:\/\/shop.bjerring-sales.dk\/wp-content\/uploads\/2026\/01\/elevate2-002-1536x1536.jpeg 1536w, https:\/\/shop.bjerring-sales.dk\/wp-content\/uploads\/2026\/01\/elevate2-002-12x12.jpeg 12w, https:\/\/shop.bjerring-sales.dk\/wp-content\/uploads\/2026\/01\/elevate2-002-600x600.jpeg 600w\" sizes=\"auto, (max-width: 1920px) 100vw, 1920px\" \/><\/div>\n\t\t<\/figure>\n\t<\/div>\n<\/div><\/div><\/div><div class=\"wpb_column vc_column_container vc_col-sm-4\"><div class=\"vc_column-inner\"><div class=\"wpb_wrapper\">\n\t<div  class=\"wpb_single_image wpb_content_element vc_align_center\">\n\t\t\n\t\t<figure class=\"wpb_wrapper vc_figure\">\n\t\t\t<div class=\"vc_single_image-wrapper vc_box_shadow_border  vc_box_border_grey\"><img loading=\"lazy\" decoding=\"async\" width=\"1920\" height=\"1920\" src=\"https:\/\/shop.bjerring-sales.dk\/wp-content\/uploads\/2026\/01\/elevate2-003.jpeg\" class=\"vc_single_image-img attachment-full\" alt=\"\" title=\"elevate2-003\" srcset=\"https:\/\/shop.bjerring-sales.dk\/wp-content\/uploads\/2026\/01\/elevate2-003.jpeg 1920w, https:\/\/shop.bjerring-sales.dk\/wp-content\/uploads\/2026\/01\/elevate2-003-300x300.jpeg 300w, https:\/\/shop.bjerring-sales.dk\/wp-content\/uploads\/2026\/01\/elevate2-003-1024x1024.jpeg 1024w, https:\/\/shop.bjerring-sales.dk\/wp-content\/uploads\/2026\/01\/elevate2-003-150x150.jpeg 150w, https:\/\/shop.bjerring-sales.dk\/wp-content\/uploads\/2026\/01\/elevate2-003-768x768.jpeg 768w, https:\/\/shop.bjerring-sales.dk\/wp-content\/uploads\/2026\/01\/elevate2-003-1536x1536.jpeg 1536w, https:\/\/shop.bjerring-sales.dk\/wp-content\/uploads\/2026\/01\/elevate2-003-12x12.jpeg 12w, https:\/\/shop.bjerring-sales.dk\/wp-content\/uploads\/2026\/01\/elevate2-003-600x600.jpeg 600w\" sizes=\"auto, (max-width: 1920px) 100vw, 1920px\" \/><\/div>\n\t\t<\/figure>\n\t<\/div>\n<\/div><\/div><\/div><\/div><div class=\"vc_row wpb_row vc_row-fluid\"><div class=\"wpb_column vc_column_container vc_col-sm-6\"><div class=\"vc_column-inner\"><div class=\"wpb_wrapper\">\n\t<div class=\"wpb_text_column wpb_content_element\" >\n\t\t<div class=\"wpb_wrapper\">\n\t\t\t<p><span style=\"font-size: 24pt\">Areas of use<\/span><\/p>\n<hr \/>\n<p><span style=\"font-size: 18pt\">Office<br \/>\n<\/span>Perfect for office environments where employees can switch between sitting and standing working positions during the working day. This helps to reduce the strain on the back and improve blood circulation.<\/p>\n<p><span style=\"font-size: 18pt\">Home office<\/span><br \/>\nFor those who work from home, a height-adjustable desk provides flexibility to adapt the workplace to different needs and work situations, which can improve productivity and ergonomics.<\/p>\n<p><span style=\"font-size: 18pt\">Meeting room<br \/>\n<\/span>In meeting rooms, a height-adjustable desk can be used for standing meetings, which can lead to shorter and more efficient meetings.<\/p>\n<p><span style=\"font-size: 18pt\">Schools\/University<br \/>\n<\/span>Useful in classrooms and libraries to create a dynamic and adaptive learning environment. Pupils and students can benefit from standing and working during longer study sessions.<\/p>\n<p><span style=\"font-size: 18pt\">Stand<br \/>\n<\/span>The stand has a stylish design which makes the desk fit into all different types of office spaces. The table stand has rectangular legs that are powder coated in white, black or silver grey. The stand has a rec. max load of 100 kg which is more than enough for most people.<\/p>\n<p><span style=\"font-size: 18pt\">Manuals<br \/>\n<\/span><a href=\"https:\/\/shop.bjerring-sales.dk\/wp-content\/uploads\/2021\/03\/PDF-doc-16.png\"><img loading=\"lazy\" decoding=\"async\" class=\"alignnone size-full wp-image-72653\" src=\"https:\/\/shop.bjerring-sales.dk\/wp-content\/uploads\/2021\/03\/PDF-doc-16.png\" alt=\"\" width=\"16\" height=\"16\" \/><\/a>\u00a0<a href=\"https:\/\/elj.se\/wp-content\/uploads\/2026\/01\/Elevate-2-Technical-Specifications.pdf\" target=\"_blank\" rel=\"noopener\">Specifications<\/a><br \/>\n<a href=\"https:\/\/shop.bjerring-sales.dk\/wp-content\/uploads\/2021\/03\/PDF-doc-16.png\"><img loading=\"lazy\" decoding=\"async\" class=\"alignnone size-full wp-image-72653\" src=\"https:\/\/shop.bjerring-sales.dk\/wp-content\/uploads\/2021\/03\/PDF-doc-16.png\" alt=\"\" width=\"16\" height=\"16\" \/><\/a> <a href=\"https:\/\/elj.se\/wp-content\/uploads\/2026\/01\/Elevate-2-Product-Sheet.pdf\" target=\"_blank\" rel=\"noopener\">Product sheet<\/a><br \/>\n<a href=\"https:\/\/shop.bjerring-sales.dk\/wp-content\/uploads\/2021\/03\/PDF-doc-16.png\"><img loading=\"lazy\" decoding=\"async\" class=\"alignnone size-full wp-image-72653\" src=\"https:\/\/shop.bjerring-sales.dk\/wp-content\/uploads\/2021\/03\/PDF-doc-16.png\" alt=\"\" width=\"16\" height=\"16\" \/><\/a> <a href=\"https:\/\/elj.se\/wp-content\/uploads\/2026\/01\/Elevate-2-Assembly-Instructions.pdf\">Assembly instructions<\/a><\/p>\n\n\t\t<\/div>\n\t<\/div>\n<\/div><\/div><\/div><div class=\"wpb_column vc_column_container vc_col-sm-6\"><div class=\"vc_column-inner\"><div class=\"wpb_wrapper\">\n\t<div class=\"wpb_text_column wpb_content_element\" >\n\t\t<div class=\"wpb_wrapper\">\n\t\t\t<p><span style=\"font-size: 24pt\">Specifications<\/span><\/p>\n<hr \/>\n\n\t\t<\/div>\n\t<\/div>\n<div class=\"vc_row wpb_row vc_inner vc_row-fluid\"><div class=\"wpb_column vc_column_container vc_col-sm-6\"><div class=\"vc_column-inner\"><div class=\"wpb_wrapper\">\n\t<div class=\"wpb_text_column wpb_content_element\" >\n\t\t<div class=\"wpb_wrapper\">\n\t\t\t<p><strong>Tabletop dimensions<\/strong><\/p>\n<ul>\n<li>Width: 1000-1800mm<\/li>\n<li>Depth: 600-800 mm<\/li>\n<\/ul>\n<p><strong>Height range<\/strong><\/p>\n<ul>\n<li>682 \u2013 1152mm<\/li>\n<li>(Adjustable feet: 1-10 mm)<\/li>\n<\/ul>\n<p><strong>Stroke length<\/strong><\/p>\n<ul>\n<li>470mm<\/li>\n<\/ul>\n<p><strong>Lifting capacity<\/strong><\/p>\n<ul>\n<li>100 kg<\/li>\n<\/ul>\n<p><strong>Weight<\/strong><\/p>\n<ul>\n<li>19 kg<\/li>\n<\/ul>\n<p><strong>Duty cycle<\/strong><\/p>\n<ul>\n<li>1:9<\/li>\n<li>1 min\/9 min break<\/li>\n<\/ul>\n\n\t\t<\/div>\n\t<\/div>\n<\/div><\/div><\/div><div class=\"wpb_column vc_column_container vc_col-sm-6\"><div class=\"vc_column-inner\"><div class=\"wpb_wrapper\">\n\t<div class=\"wpb_text_column wpb_content_element\" >\n\t\t<div class=\"wpb_wrapper\">\n\t\t\t<p><strong>Lifting speed<\/strong><\/p>\n<ul>\n<li>30 mm\/s<\/li>\n<li>(Based on load)<\/li>\n<\/ul>\n<p><strong>Certifications<\/strong><\/p>\n<ul>\n<li>EPD declared<\/li>\n<li>EN-527<\/li>\n<li>BIFMA X5.5<\/li>\n<li>UL-962<\/li>\n<\/ul>\n<p><strong>Color range<\/strong><\/p>\n<ul>\n<li>Black: RAL 9005<\/li>\n<li>Silver: RAL 9006<\/li>\n<li>White: RAL 9016<\/li>\n<\/ul>\n<p><strong>Sound level<\/strong><\/p>\n<ul>\n<li>&lt;48dB<\/li>\n<\/ul>\n<p><strong>Standby consumption<\/strong><\/p>\n<ul>\n<li>0.02W<\/li>\n<\/ul>\n\n\t\t<\/div>\n\t<\/div>\n<\/div><\/div><\/div><\/div><\/div><\/div><\/div><\/div><div class=\"vc_row wpb_row vc_row-fluid\"><div class=\"wpb_column vc_column_container vc_col-sm-4\"><div class=\"vc_column-inner\"><div class=\"wpb_wrapper\">\n\t<div  class=\"wpb_single_image wpb_content_element vc_align_center\">\n\t\t\n\t\t<figure class=\"wpb_wrapper vc_figure\">\n\t\t\t<div class=\"vc_single_image-wrapper vc_box_shadow_border  vc_box_border_grey\"><img loading=\"lazy\" decoding=\"async\" width=\"800\" height=\"800\" src=\"https:\/\/shop.bjerring-sales.dk\/wp-content\/uploads\/2026\/01\/elevate2-004.jpg\" class=\"vc_single_image-img attachment-full\" alt=\"\" title=\"elevate2-004\" srcset=\"https:\/\/shop.bjerring-sales.dk\/wp-content\/uploads\/2026\/01\/elevate2-004.jpg 800w, https:\/\/shop.bjerring-sales.dk\/wp-content\/uploads\/2026\/01\/elevate2-004-300x300.jpg 300w, https:\/\/shop.bjerring-sales.dk\/wp-content\/uploads\/2026\/01\/elevate2-004-150x150.jpg 150w, https:\/\/shop.bjerring-sales.dk\/wp-content\/uploads\/2026\/01\/elevate2-004-768x768.jpg 768w, https:\/\/shop.bjerring-sales.dk\/wp-content\/uploads\/2026\/01\/elevate2-004-12x12.jpg 12w, https:\/\/shop.bjerring-sales.dk\/wp-content\/uploads\/2026\/01\/elevate2-004-600x600.jpg 600w\" sizes=\"auto, (max-width: 800px) 100vw, 800px\" \/><\/div>\n\t\t<\/figure>\n\t<\/div>\n<\/div><\/div><\/div><div class=\"wpb_column vc_column_container vc_col-sm-4\"><div class=\"vc_column-inner\"><div class=\"wpb_wrapper\">\n\t<div  class=\"wpb_single_image wpb_content_element vc_align_center\">\n\t\t\n\t\t<figure class=\"wpb_wrapper vc_figure\">\n\t\t\t<div class=\"vc_single_image-wrapper vc_box_shadow_border  vc_box_border_grey\"><img loading=\"lazy\" decoding=\"async\" width=\"800\" height=\"800\" src=\"https:\/\/shop.bjerring-sales.dk\/wp-content\/uploads\/2026\/01\/elevate2-005.jpg\" class=\"vc_single_image-img attachment-full\" alt=\"\" title=\"elevate2-005\" srcset=\"https:\/\/shop.bjerring-sales.dk\/wp-content\/uploads\/2026\/01\/elevate2-005.jpg 800w, https:\/\/shop.bjerring-sales.dk\/wp-content\/uploads\/2026\/01\/elevate2-005-300x300.jpg 300w, https:\/\/shop.bjerring-sales.dk\/wp-content\/uploads\/2026\/01\/elevate2-005-150x150.jpg 150w, https:\/\/shop.bjerring-sales.dk\/wp-content\/uploads\/2026\/01\/elevate2-005-768x768.jpg 768w, https:\/\/shop.bjerring-sales.dk\/wp-content\/uploads\/2026\/01\/elevate2-005-12x12.jpg 12w, https:\/\/shop.bjerring-sales.dk\/wp-content\/uploads\/2026\/01\/elevate2-005-600x600.jpg 600w\" sizes=\"auto, (max-width: 800px) 100vw, 800px\" \/><\/div>\n\t\t<\/figure>\n\t<\/div>\n<\/div><\/div><\/div><div class=\"wpb_column vc_column_container vc_col-sm-4\"><div class=\"vc_column-inner\"><div class=\"wpb_wrapper\">\n\t<div  class=\"wpb_single_image wpb_content_element vc_align_center\">\n\t\t\n\t\t<figure class=\"wpb_wrapper vc_figure\">\n\t\t\t<div class=\"vc_single_image-wrapper vc_box_shadow_border  vc_box_border_grey\"><img loading=\"lazy\" decoding=\"async\" width=\"800\" height=\"800\" src=\"https:\/\/shop.bjerring-sales.dk\/wp-content\/uploads\/2026\/01\/elevate2-006.jpg\" class=\"vc_single_image-img attachment-full\" alt=\"\" title=\"elevate2-006\" srcset=\"https:\/\/shop.bjerring-sales.dk\/wp-content\/uploads\/2026\/01\/elevate2-006.jpg 800w, https:\/\/shop.bjerring-sales.dk\/wp-content\/uploads\/2026\/01\/elevate2-006-300x300.jpg 300w, https:\/\/shop.bjerring-sales.dk\/wp-content\/uploads\/2026\/01\/elevate2-006-150x150.jpg 150w, https:\/\/shop.bjerring-sales.dk\/wp-content\/uploads\/2026\/01\/elevate2-006-768x768.jpg 768w, https:\/\/shop.bjerring-sales.dk\/wp-content\/uploads\/2026\/01\/elevate2-006-12x12.jpg 12w, https:\/\/shop.bjerring-sales.dk\/wp-content\/uploads\/2026\/01\/elevate2-006-600x600.jpg 600w\" sizes=\"auto, (max-width: 800px) 100vw, 800px\" \/><\/div>\n\t\t<\/figure>\n\t<\/div>\n<\/div><\/div><\/div><\/div>\n<\/div>","protected":false},"excerpt":{"rendered":"<p>The stand has a stylish design, which makes the desk fit into all different types of office spaces. The table stand has rectangular legs that are powder coated in white, black or silver-gray. The stand has a recommended maximum load of 100 kg.<\/p>","protected":false},"featured_media":101235,"template":"","meta":{"iawp_total_views":0},"product_brand":[],"product_cat":[6460,5788,5819],"product_tag":[5985,6413,6461],"class_list":{"0":"post-101107","1":"product","2":"type-product","3":"status-publish","4":"has-post-thumbnail","6":"product_cat-elevate","7":"product_cat-hoj-sankbara-bord","8":"product_cat-bordsstativ","9":"product_tag-hoj-och-sankbara-stativ","10":"product_tag-el-stativ","11":"product_tag-elevate","13":"first","14":"instock","15":"taxable","16":"shipping-taxable","17":"purchasable","18":"product-type-variable"},"yoast_head":"<!-- This site is optimized with the Yoast SEO plugin v27.0 - https:\/\/yoast.com\/product\/yoast-seo-wordpress\/ -->\n<title>Elevate 2 - stativ med 2 motorer - Bjerring-Sales<\/title>\n<meta name=\"description\" content=\"Elevate 2 \u00e4r ett av v\u00e5ra skrivbord som drivs med 2 motorer. Bordet ing\u00e5r i serien Elevate som best\u00e5r av olika h\u00f6jdjusterbara skrivbord som drivs med 1 motor eller 2 motorer.\" \/>\n<meta name=\"robots\" content=\"index, follow, max-snippet:-1, max-image-preview:large, max-video-preview:-1\" \/>\n<link rel=\"canonical\" href=\"https:\/\/shop.bjerring-sales.dk\/en\/product\/elevate-2-stativ-med-2-motorer\/\" \/>\n<meta property=\"og:locale\" content=\"en_GB\" \/>\n<meta property=\"og:type\" content=\"article\" \/>\n<meta property=\"og:title\" content=\"Elevate 2 \u2013 Ett h\u00f6j- s\u00e4nkbart stativ med 2 motorer\" \/>\n<meta property=\"og:description\" content=\"Elevate 2 \u00e4r ett av v\u00e5ra skrivbord som drivs med 2 motorer. Bordet ing\u00e5r i serien Elevate som best\u00e5r av olika h\u00f6jdjusterbara skrivbord som drivs med 1 motor eller 2 motorer.\" \/>\n<meta property=\"og:url\" content=\"https:\/\/shop.bjerring-sales.dk\/en\/product\/elevate-2-stativ-med-2-motorer\/\" \/>\n<meta property=\"og:site_name\" content=\"Bjerring-Sales\" \/>\n<meta property=\"article:modified_time\" content=\"2026-04-02T09:27:12+00:00\" \/>\n<meta property=\"og:image\" content=\"https:\/\/shop.bjerring-sales.dk\/wp-content\/uploads\/2026\/01\/elevate2-002.jpeg\" \/>\n\t<meta property=\"og:image:width\" content=\"1920\" \/>\n\t<meta property=\"og:image:height\" content=\"1920\" \/>\n\t<meta property=\"og:image:type\" content=\"image\/jpeg\" \/>\n<meta name=\"twitter:card\" content=\"summary_large_image\" \/>\n<meta name=\"twitter:title\" content=\"Elevate 2 \u2013 Ett h\u00f6j- s\u00e4nkbart stativ med 2 motorer\" \/>\n<meta name=\"twitter:description\" content=\"Elevate 2 \u00e4r ett av v\u00e5ra skrivbord som drivs med 2 motorer. Bordet ing\u00e5r i serien Elevate som best\u00e5r av olika h\u00f6jdjusterbara skrivbord som drivs med 1 motor eller 2 motorer.\" \/>\n<meta name=\"twitter:image\" content=\"https:\/\/shop.bjerring-sales.dk\/wp-content\/uploads\/2026\/01\/elevate2-002.jpeg\" \/>\n<meta name=\"twitter:label1\" content=\"Estimated reading time\" \/>\n\t<meta name=\"twitter:data1\" content=\"4 minutes\" \/>\n<script type=\"application\/ld+json\" class=\"yoast-schema-graph\">{\"@context\":\"https:\/\/schema.org\",\"@graph\":[{\"@type\":\"WebPage\",\"@id\":\"https:\/\/shop.bjerring-sales.dk\/sv\/produkt\/elevate-2-stativ-med-2-motorer\/\",\"url\":\"https:\/\/shop.bjerring-sales.dk\/sv\/produkt\/elevate-2-stativ-med-2-motorer\/\",\"name\":\"Elevate 2 - stativ med 2 motorer - Bjerring-Sales\",\"isPartOf\":{\"@id\":\"https:\/\/shop.bjerring-sales.dk\/#website\"},\"primaryImageOfPage\":{\"@id\":\"https:\/\/shop.bjerring-sales.dk\/sv\/produkt\/elevate-2-stativ-med-2-motorer\/#primaryimage\"},\"image\":{\"@id\":\"https:\/\/shop.bjerring-sales.dk\/sv\/produkt\/elevate-2-stativ-med-2-motorer\/#primaryimage\"},\"thumbnailUrl\":\"https:\/\/shop.bjerring-sales.dk\/wp-content\/uploads\/2026\/02\/elj-elevate-2-stativ-3-varianter-1.jpg\",\"datePublished\":\"2026-01-21T11:23:44+00:00\",\"dateModified\":\"2026-04-02T09:27:12+00:00\",\"description\":\"Elevate 2 \u00e4r ett av v\u00e5ra skrivbord som drivs med 2 motorer. Bordet ing\u00e5r i serien Elevate som best\u00e5r av olika h\u00f6jdjusterbara skrivbord som drivs med 1 motor eller 2 motorer.\",\"breadcrumb\":{\"@id\":\"https:\/\/shop.bjerring-sales.dk\/sv\/produkt\/elevate-2-stativ-med-2-motorer\/#breadcrumb\"},\"inLanguage\":\"en-GB\",\"potentialAction\":[{\"@type\":\"ReadAction\",\"target\":[\"https:\/\/shop.bjerring-sales.dk\/sv\/produkt\/elevate-2-stativ-med-2-motorer\/\"]}]},{\"@type\":\"ImageObject\",\"inLanguage\":\"en-GB\",\"@id\":\"https:\/\/shop.bjerring-sales.dk\/sv\/produkt\/elevate-2-stativ-med-2-motorer\/#primaryimage\",\"url\":\"https:\/\/shop.bjerring-sales.dk\/wp-content\/uploads\/2026\/02\/elj-elevate-2-stativ-3-varianter-1.jpg\",\"contentUrl\":\"https:\/\/shop.bjerring-sales.dk\/wp-content\/uploads\/2026\/02\/elj-elevate-2-stativ-3-varianter-1.jpg\",\"width\":800,\"height\":800},{\"@type\":\"BreadcrumbList\",\"@id\":\"https:\/\/shop.bjerring-sales.dk\/sv\/produkt\/elevate-2-stativ-med-2-motorer\/#breadcrumb\",\"itemListElement\":[{\"@type\":\"ListItem\",\"position\":1,\"name\":\"Hem\",\"item\":\"https:\/\/shop.bjerring-sales.dk\/\"},{\"@type\":\"ListItem\",\"position\":2,\"name\":\"Webbutik\",\"item\":\"https:\/\/shop.bjerring-sales.dk\/butik\/\"},{\"@type\":\"ListItem\",\"position\":3,\"name\":\"Elevate 2 &#8211; stativ med 2 motorer\"}]},{\"@type\":\"WebSite\",\"@id\":\"https:\/\/shop.bjerring-sales.dk\/#website\",\"url\":\"https:\/\/shop.bjerring-sales.dk\/\",\"name\":\"Bjerring-Sales\",\"description\":\"M\u00f6bler f\u00f6r teatrar, skolor, kontor och k\u00f6pcentrum\",\"publisher\":{\"@id\":\"https:\/\/shop.bjerring-sales.dk\/#organization\"},\"potentialAction\":[{\"@type\":\"SearchAction\",\"target\":{\"@type\":\"EntryPoint\",\"urlTemplate\":\"https:\/\/shop.bjerring-sales.dk\/?s={search_term_string}\"},\"query-input\":{\"@type\":\"PropertyValueSpecification\",\"valueRequired\":true,\"valueName\":\"search_term_string\"}}],\"inLanguage\":\"en-GB\"},{\"@type\":\"Organization\",\"@id\":\"https:\/\/shop.bjerring-sales.dk\/#organization\",\"name\":\"Bjerring-Sales\",\"url\":\"https:\/\/shop.bjerring-sales.dk\/\",\"logo\":{\"@type\":\"ImageObject\",\"inLanguage\":\"en-GB\",\"@id\":\"https:\/\/shop.bjerring-sales.dk\/#\/schema\/logo\/image\/\",\"url\":\"https:\/\/shop.bjerring-sales.dk\/wp-content\/uploads\/2023\/01\/logo_sv.png\",\"contentUrl\":\"https:\/\/shop.bjerring-sales.dk\/wp-content\/uploads\/2023\/01\/logo_sv.png\",\"width\":195,\"height\":68,\"caption\":\"Bjerring-Sales\"},\"image\":{\"@id\":\"https:\/\/shop.bjerring-sales.dk\/#\/schema\/logo\/image\/\"}}]}<\/script>\n<!-- \/ Yoast SEO plugin. -->","yoast_head_json":{"title":"Elevate 2 - stativ med 2 motorer - Bjerring-Sales","description":"Elevate 2 \u00e4r ett av v\u00e5ra skrivbord som drivs med 2 motorer. Bordet ing\u00e5r i serien Elevate som best\u00e5r av olika h\u00f6jdjusterbara skrivbord som drivs med 1 motor eller 2 motorer.","robots":{"index":"index","follow":"follow","max-snippet":"max-snippet:-1","max-image-preview":"max-image-preview:large","max-video-preview":"max-video-preview:-1"},"canonical":"https:\/\/shop.bjerring-sales.dk\/en\/product\/elevate-2-stativ-med-2-motorer\/","og_locale":"en_GB","og_type":"article","og_title":"Elevate 2 \u2013 Ett h\u00f6j- s\u00e4nkbart stativ med 2 motorer","og_description":"Elevate 2 \u00e4r ett av v\u00e5ra skrivbord som drivs med 2 motorer. Bordet ing\u00e5r i serien Elevate som best\u00e5r av olika h\u00f6jdjusterbara skrivbord som drivs med 1 motor eller 2 motorer.","og_url":"https:\/\/shop.bjerring-sales.dk\/en\/product\/elevate-2-stativ-med-2-motorer\/","og_site_name":"Bjerring-Sales","article_modified_time":"2026-04-02T09:27:12+00:00","og_image":[{"width":1920,"height":1920,"url":"https:\/\/shop.bjerring-sales.dk\/wp-content\/uploads\/2026\/01\/elevate2-002.jpeg","type":"image\/jpeg"}],"twitter_card":"summary_large_image","twitter_title":"Elevate 2 \u2013 Ett h\u00f6j- s\u00e4nkbart stativ med 2 motorer","twitter_description":"Elevate 2 \u00e4r ett av v\u00e5ra skrivbord som drivs med 2 motorer. Bordet ing\u00e5r i serien Elevate som best\u00e5r av olika h\u00f6jdjusterbara skrivbord som drivs med 1 motor eller 2 motorer.","twitter_image":"https:\/\/shop.bjerring-sales.dk\/wp-content\/uploads\/2026\/01\/elevate2-002.jpeg","twitter_misc":{"Estimated reading time":"4 minutes"},"schema":{"@context":"https:\/\/schema.org","@graph":[{"@type":"WebPage","@id":"https:\/\/shop.bjerring-sales.dk\/sv\/produkt\/elevate-2-stativ-med-2-motorer\/","url":"https:\/\/shop.bjerring-sales.dk\/sv\/produkt\/elevate-2-stativ-med-2-motorer\/","name":"Elevate 2 - stativ med 2 motorer - Bjerring-Sales","isPartOf":{"@id":"https:\/\/shop.bjerring-sales.dk\/#website"},"primaryImageOfPage":{"@id":"https:\/\/shop.bjerring-sales.dk\/sv\/produkt\/elevate-2-stativ-med-2-motorer\/#primaryimage"},"image":{"@id":"https:\/\/shop.bjerring-sales.dk\/sv\/produkt\/elevate-2-stativ-med-2-motorer\/#primaryimage"},"thumbnailUrl":"https:\/\/shop.bjerring-sales.dk\/wp-content\/uploads\/2026\/02\/elj-elevate-2-stativ-3-varianter-1.jpg","datePublished":"2026-01-21T11:23:44+00:00","dateModified":"2026-04-02T09:27:12+00:00","description":"Elevate 2 \u00e4r ett av v\u00e5ra skrivbord som drivs med 2 motorer. Bordet ing\u00e5r i serien Elevate som best\u00e5r av olika h\u00f6jdjusterbara skrivbord som drivs med 1 motor eller 2 motorer.","breadcrumb":{"@id":"https:\/\/shop.bjerring-sales.dk\/sv\/produkt\/elevate-2-stativ-med-2-motorer\/#breadcrumb"},"inLanguage":"en-GB","potentialAction":[{"@type":"ReadAction","target":["https:\/\/shop.bjerring-sales.dk\/sv\/produkt\/elevate-2-stativ-med-2-motorer\/"]}]},{"@type":"ImageObject","inLanguage":"en-GB","@id":"https:\/\/shop.bjerring-sales.dk\/sv\/produkt\/elevate-2-stativ-med-2-motorer\/#primaryimage","url":"https:\/\/shop.bjerring-sales.dk\/wp-content\/uploads\/2026\/02\/elj-elevate-2-stativ-3-varianter-1.jpg","contentUrl":"https:\/\/shop.bjerring-sales.dk\/wp-content\/uploads\/2026\/02\/elj-elevate-2-stativ-3-varianter-1.jpg","width":800,"height":800},{"@type":"BreadcrumbList","@id":"https:\/\/shop.bjerring-sales.dk\/sv\/produkt\/elevate-2-stativ-med-2-motorer\/#breadcrumb","itemListElement":[{"@type":"ListItem","position":1,"name":"Hem","item":"https:\/\/shop.bjerring-sales.dk\/"},{"@type":"ListItem","position":2,"name":"Webbutik","item":"https:\/\/shop.bjerring-sales.dk\/butik\/"},{"@type":"ListItem","position":3,"name":"Elevate 2 &#8211; stativ med 2 motorer"}]},{"@type":"WebSite","@id":"https:\/\/shop.bjerring-sales.dk\/#website","url":"https:\/\/shop.bjerring-sales.dk\/","name":"Bjerring Sales","description":"Furniture for theatres, schools, offices and shopping centres","publisher":{"@id":"https:\/\/shop.bjerring-sales.dk\/#organization"},"potentialAction":[{"@type":"SearchAction","target":{"@type":"EntryPoint","urlTemplate":"https:\/\/shop.bjerring-sales.dk\/?s={search_term_string}"},"query-input":{"@type":"PropertyValueSpecification","valueRequired":true,"valueName":"search_term_string"}}],"inLanguage":"en-GB"},{"@type":"Organization","@id":"https:\/\/shop.bjerring-sales.dk\/#organization","name":"Bjerring Sales","url":"https:\/\/shop.bjerring-sales.dk\/","logo":{"@type":"ImageObject","inLanguage":"en-GB","@id":"https:\/\/shop.bjerring-sales.dk\/#\/schema\/logo\/image\/","url":"https:\/\/shop.bjerring-sales.dk\/wp-content\/uploads\/2023\/01\/logo_sv.png","contentUrl":"https:\/\/shop.bjerring-sales.dk\/wp-content\/uploads\/2023\/01\/logo_sv.png","width":195,"height":68,"caption":"Bjerring-Sales"},"image":{"@id":"https:\/\/shop.bjerring-sales.dk\/#\/schema\/logo\/image\/"}}]}},"_links":{"self":[{"href":"https:\/\/shop.bjerring-sales.dk\/en\/wp-json\/wp\/v2\/product\/101107","targetHints":{"allow":["GET"]}}],"collection":[{"href":"https:\/\/shop.bjerring-sales.dk\/en\/wp-json\/wp\/v2\/product"}],"about":[{"href":"https:\/\/shop.bjerring-sales.dk\/en\/wp-json\/wp\/v2\/types\/product"}],"wp:featuredmedia":[{"embeddable":true,"href":"https:\/\/shop.bjerring-sales.dk\/en\/wp-json\/wp\/v2\/media\/101235"}],"wp:attachment":[{"href":"https:\/\/shop.bjerring-sales.dk\/en\/wp-json\/wp\/v2\/media?parent=101107"}],"wp:term":[{"taxonomy":"product_brand","embeddable":true,"href":"https:\/\/shop.bjerring-sales.dk\/en\/wp-json\/wp\/v2\/product_brand?post=101107"},{"taxonomy":"product_cat","embeddable":true,"href":"https:\/\/shop.bjerring-sales.dk\/en\/wp-json\/wp\/v2\/product_cat?post=101107"},{"taxonomy":"product_tag","embeddable":true,"href":"https:\/\/shop.bjerring-sales.dk\/en\/wp-json\/wp\/v2\/product_tag?post=101107"}],"curies":[{"name":"wp","href":"https:\/\/api.w.org\/{rel}","templated":true}]}}