{"id":100824,"date":"2025-06-04T11:04:17","date_gmt":"2025-06-04T09:04:17","guid":{"rendered":"https:\/\/shop.bjerring-sales.dk\/sv\/?post_type=product&#038;p=100824"},"modified":"2026-04-14T10:34:36","modified_gmt":"2026-04-14T08:34:36","slug":"rektangulara-utomhusskivor","status":"publish","type":"product","link":"https:\/\/shop.bjerring-sales.dk\/en\/product\/rektangulara-utomhusskivor\/","title":{"rendered":"Rectangular outdoor boards"},"content":{"rendered":"<div class=\"wpb-content-wrapper\"><div class=\"vc_row wpb_row vc_row-fluid\"><div class=\"wpb_column vc_column_container vc_col-sm-12\"><div class=\"vc_column-inner\"><div class=\"wpb_wrapper\">\n\t<div class=\"wpb_text_column wpb_content_element\" >\n\t\t<div class=\"wpb_wrapper\">\n\t\t\t<p><span style=\"font-size: 24pt\">Rectangular table tops that are just as suitable indoors as outdoors!<br \/>\n<\/span>Sevelit table tops are excellent tops to use in outdoor dining, cafes, restaurants, conferences and party rooms. They are resistant to water, alcohol, UV and also to scratches. We stock 4 colors in several different sizes.<\/p>\n\n\t\t<\/div>\n\t<\/div>\n<\/div><\/div><\/div><\/div><div class=\"vc_row wpb_row vc_row-fluid\"><div class=\"wpb_column vc_column_container vc_col-sm-6\"><div class=\"vc_column-inner\"><div class=\"wpb_wrapper\">\n\t<div  class=\"wpb_single_image wpb_content_element vc_align_center\">\n\t\t\n\t\t<figure class=\"wpb_wrapper vc_figure\">\n\t\t\t<div class=\"vc_single_image-wrapper vc_box_shadow_border  vc_box_border_grey\"><img loading=\"lazy\" decoding=\"async\" width=\"800\" height=\"533\" src=\"https:\/\/shop.bjerring-sales.dk\/wp-content\/uploads\/2025\/06\/rektangulara04.jpg\" class=\"vc_single_image-img attachment-full\" alt=\"\" title=\"rectangular04\" srcset=\"https:\/\/shop.bjerring-sales.dk\/wp-content\/uploads\/2025\/06\/rektangulara04.jpg 800w, https:\/\/shop.bjerring-sales.dk\/wp-content\/uploads\/2025\/06\/rektangulara04-300x200.jpg 300w, https:\/\/shop.bjerring-sales.dk\/wp-content\/uploads\/2025\/06\/rektangulara04-768x512.jpg 768w, https:\/\/shop.bjerring-sales.dk\/wp-content\/uploads\/2025\/06\/rektangulara04-18x12.jpg 18w, https:\/\/shop.bjerring-sales.dk\/wp-content\/uploads\/2025\/06\/rektangulara04-600x400.jpg 600w, https:\/\/shop.bjerring-sales.dk\/wp-content\/uploads\/2025\/06\/rektangulara04-150x100.jpg 150w\" sizes=\"auto, (max-width: 800px) 100vw, 800px\" \/><\/div>\n\t\t<\/figure>\n\t<\/div>\n<\/div><\/div><\/div><div class=\"wpb_column vc_column_container vc_col-sm-6\"><div class=\"vc_column-inner\"><div class=\"wpb_wrapper\">\n\t<div  class=\"wpb_single_image wpb_content_element vc_align_center\">\n\t\t\n\t\t<figure class=\"wpb_wrapper vc_figure\">\n\t\t\t<div class=\"vc_single_image-wrapper vc_box_shadow_border  vc_box_border_grey\"><img loading=\"lazy\" decoding=\"async\" width=\"800\" height=\"533\" src=\"https:\/\/shop.bjerring-sales.dk\/wp-content\/uploads\/2025\/06\/rektangulara03.jpg\" class=\"vc_single_image-img attachment-full\" alt=\"\" title=\"rectangular03\" srcset=\"https:\/\/shop.bjerring-sales.dk\/wp-content\/uploads\/2025\/06\/rektangulara03.jpg 800w, https:\/\/shop.bjerring-sales.dk\/wp-content\/uploads\/2025\/06\/rektangulara03-300x200.jpg 300w, https:\/\/shop.bjerring-sales.dk\/wp-content\/uploads\/2025\/06\/rektangulara03-768x512.jpg 768w, https:\/\/shop.bjerring-sales.dk\/wp-content\/uploads\/2025\/06\/rektangulara03-18x12.jpg 18w, https:\/\/shop.bjerring-sales.dk\/wp-content\/uploads\/2025\/06\/rektangulara03-600x400.jpg 600w, https:\/\/shop.bjerring-sales.dk\/wp-content\/uploads\/2025\/06\/rektangulara03-150x100.jpg 150w\" sizes=\"auto, (max-width: 800px) 100vw, 800px\" \/><\/div>\n\t\t<\/figure>\n\t<\/div>\n<\/div><\/div><\/div><\/div><div class=\"vc_row wpb_row vc_row-fluid\"><div class=\"wpb_column vc_column_container vc_col-sm-6\"><div class=\"vc_column-inner\"><div class=\"wpb_wrapper\">\n\t<div class=\"wpb_text_column wpb_content_element\" >\n\t\t<div class=\"wpb_wrapper\">\n\t\t\t<p><span style=\"font-size: 18pt\">Specifications<\/span><\/p>\n<ul>\n<li>Dimensions: 115\u00d770 cm<\/li>\n<li>Weight: 9.75 kg<\/li>\n<\/ul>\n<p><a href=\"https:\/\/shop.bjerring-sales.dk\/wp-content\/uploads\/2025\/06\/rektangulara01.jpg\"><img loading=\"lazy\" decoding=\"async\" class=\"alignnone size-full wp-image-100899\" src=\"https:\/\/shop.bjerring-sales.dk\/wp-content\/uploads\/2025\/06\/rektangulara01.jpg\" alt=\"\" width=\"694\" height=\"574\" srcset=\"https:\/\/shop.bjerring-sales.dk\/wp-content\/uploads\/2025\/06\/rektangulara01.jpg 694w, https:\/\/shop.bjerring-sales.dk\/wp-content\/uploads\/2025\/06\/rektangulara01-300x248.jpg 300w, https:\/\/shop.bjerring-sales.dk\/wp-content\/uploads\/2025\/06\/rektangulara01-15x12.jpg 15w, https:\/\/shop.bjerring-sales.dk\/wp-content\/uploads\/2025\/06\/rektangulara01-600x496.jpg 600w, https:\/\/shop.bjerring-sales.dk\/wp-content\/uploads\/2025\/06\/rektangulara01-150x124.jpg 150w\" sizes=\"auto, (max-width: 694px) 100vw, 694px\" \/><\/a><\/p>\n\n\t\t<\/div>\n\t<\/div>\n<\/div><\/div><\/div><div class=\"wpb_column vc_column_container vc_col-sm-6\"><div class=\"vc_column-inner\"><div class=\"wpb_wrapper\">\n\t<div class=\"wpb_text_column wpb_content_element\" >\n\t\t<div class=\"wpb_wrapper\">\n\t\t\t<p><span style=\"font-size: 18pt\">Colors<\/span><br \/>\nThe outdoor boards are stocked in nautic oak, vintage pine, marble blanc and pizarra.<\/p>\n<p><a href=\"https:\/\/shop.bjerring-sales.dk\/wp-content\/uploads\/2025\/06\/rektangulara02.jpg\"><img loading=\"lazy\" decoding=\"async\" class=\"alignnone size-full wp-image-100900\" src=\"https:\/\/shop.bjerring-sales.dk\/wp-content\/uploads\/2025\/06\/rektangulara02.jpg\" alt=\"\" width=\"646\" height=\"413\" srcset=\"https:\/\/shop.bjerring-sales.dk\/wp-content\/uploads\/2025\/06\/rektangulara02.jpg 646w, https:\/\/shop.bjerring-sales.dk\/wp-content\/uploads\/2025\/06\/rektangulara02-300x192.jpg 300w, https:\/\/shop.bjerring-sales.dk\/wp-content\/uploads\/2025\/06\/rektangulara02-18x12.jpg 18w, https:\/\/shop.bjerring-sales.dk\/wp-content\/uploads\/2025\/06\/rektangulara02-600x384.jpg 600w, https:\/\/shop.bjerring-sales.dk\/wp-content\/uploads\/2025\/06\/rektangulara02-150x96.jpg 150w\" sizes=\"auto, (max-width: 646px) 100vw, 646px\" \/><\/a><\/p>\n\n\t\t<\/div>\n\t<\/div>\n<\/div><\/div><\/div><\/div>\n<\/div>","protected":false},"excerpt":{"rendered":"<p><span data-olk-copy-source=\"MailCompose\">Sevelit table tops are excellent tops to use in outdoor dining, cafes, restaurants, conferences and party rooms. They are\u00a0<\/span>resistant to water, alcohol, UV and also against scratches. We stock 4 colors in several different sizes. These table tops fit our Ferrea tripods (for outdoor and indoor use) and also our Studio tripods (for indoor use).<\/p>","protected":false},"featured_media":100898,"template":"","meta":{"iawp_total_views":1},"product_brand":[],"product_cat":[6463,6304,5868],"product_tag":[6218],"class_list":{"0":"post-100824","1":"product","2":"type-product","3":"status-publish","4":"has-post-thumbnail","6":"product_cat-bordsskivor-utomhus","7":"product_cat-utemobler","8":"product_cat-bordsskivor","9":"product_tag-rektangulara-skivor","11":"first","12":"instock","13":"taxable","14":"shipping-taxable","15":"purchasable","16":"product-type-variable"},"yoast_head":"<!-- This site is optimized with the Yoast SEO plugin v27.0 - https:\/\/yoast.com\/product\/yoast-seo-wordpress\/ -->\n<title>Rektangul\u00e4ra utomhusskivor - Bjerring-Sales<\/title>\n<meta name=\"description\" content=\"Sevelit bordsskivor \u00e4r utm\u00e4rkta skivor att anv\u00e4nda i uteserveringen, caf\u00e9er, restauranger, konferenser och festlokaler. Dom \u00e4r t\u00e5liga mot vatten, alkohol, UV och \u00e4ven mot repor.\" \/>\n<meta name=\"robots\" content=\"index, follow, max-snippet:-1, max-image-preview:large, max-video-preview:-1\" \/>\n<link rel=\"canonical\" href=\"https:\/\/shop.bjerring-sales.dk\/en\/product\/rektangulara-utomhusskivor\/\" \/>\n<meta property=\"og:locale\" content=\"en_GB\" \/>\n<meta property=\"og:type\" content=\"article\" \/>\n<meta property=\"og:title\" content=\"Rektangul\u00e4ra bordsskivor som passar lika bra inomhus som utomhus!\" \/>\n<meta property=\"og:description\" content=\"Sevelit bordsskivor \u00e4r utm\u00e4rkta skivor att anv\u00e4nda i uteserveringen, caf\u00e9er, restauranger, konferenser och festlokaler. Dom \u00e4r t\u00e5liga mot vatten, alkohol, UV och \u00e4ven mot repor.\" \/>\n<meta property=\"og:url\" content=\"https:\/\/shop.bjerring-sales.dk\/en\/product\/rektangulara-utomhusskivor\/\" \/>\n<meta property=\"og:site_name\" content=\"Bjerring-Sales\" \/>\n<meta property=\"article:modified_time\" content=\"2026-04-14T08:34:36+00:00\" \/>\n<meta property=\"og:image\" content=\"https:\/\/shop.bjerring-sales.dk\/wp-content\/uploads\/2025\/10\/1_1.jpg\" \/>\n\t<meta property=\"og:image:width\" content=\"800\" \/>\n\t<meta property=\"og:image:height\" content=\"800\" \/>\n\t<meta property=\"og:image:type\" content=\"image\/jpeg\" \/>\n<meta name=\"twitter:card\" content=\"summary_large_image\" \/>\n<meta name=\"twitter:title\" content=\"Rektangul\u00e4ra bordsskivor som passar lika bra inomhus som utomhus!\" \/>\n<meta name=\"twitter:description\" content=\"Sevelit bordsskivor \u00e4r utm\u00e4rkta skivor att anv\u00e4nda i uteserveringen, caf\u00e9er, restauranger, konferenser och festlokaler. Dom \u00e4r t\u00e5liga mot vatten, alkohol, UV och \u00e4ven mot repor.\" \/>\n<meta name=\"twitter:image\" content=\"https:\/\/shop.bjerring-sales.dk\/wp-content\/uploads\/2025\/10\/1_1.jpg\" \/>\n<meta name=\"twitter:label1\" content=\"Estimated reading time\" \/>\n\t<meta name=\"twitter:data1\" content=\"2 minutes\" \/>\n<script type=\"application\/ld+json\" class=\"yoast-schema-graph\">{\"@context\":\"https:\/\/schema.org\",\"@graph\":[{\"@type\":\"WebPage\",\"@id\":\"https:\/\/shop.bjerring-sales.dk\/sv\/produkt\/rektangulara-utomhusskivor\/\",\"url\":\"https:\/\/shop.bjerring-sales.dk\/sv\/produkt\/rektangulara-utomhusskivor\/\",\"name\":\"Rektangul\u00e4ra utomhusskivor - Bjerring-Sales\",\"isPartOf\":{\"@id\":\"https:\/\/shop.bjerring-sales.dk\/#website\"},\"primaryImageOfPage\":{\"@id\":\"https:\/\/shop.bjerring-sales.dk\/sv\/produkt\/rektangulara-utomhusskivor\/#primaryimage\"},\"image\":{\"@id\":\"https:\/\/shop.bjerring-sales.dk\/sv\/produkt\/rektangulara-utomhusskivor\/#primaryimage\"},\"thumbnailUrl\":\"https:\/\/shop.bjerring-sales.dk\/wp-content\/uploads\/2025\/10\/1_1.jpg\",\"datePublished\":\"2025-06-04T09:04:17+00:00\",\"dateModified\":\"2026-04-14T08:34:36+00:00\",\"description\":\"Sevelit bordsskivor \u00e4r utm\u00e4rkta skivor att anv\u00e4nda i uteserveringen, caf\u00e9er, restauranger, konferenser och festlokaler. Dom \u00e4r t\u00e5liga mot vatten, alkohol, UV och \u00e4ven mot repor.\",\"breadcrumb\":{\"@id\":\"https:\/\/shop.bjerring-sales.dk\/sv\/produkt\/rektangulara-utomhusskivor\/#breadcrumb\"},\"inLanguage\":\"en-GB\",\"potentialAction\":[{\"@type\":\"ReadAction\",\"target\":[\"https:\/\/shop.bjerring-sales.dk\/sv\/produkt\/rektangulara-utomhusskivor\/\"]}]},{\"@type\":\"ImageObject\",\"inLanguage\":\"en-GB\",\"@id\":\"https:\/\/shop.bjerring-sales.dk\/sv\/produkt\/rektangulara-utomhusskivor\/#primaryimage\",\"url\":\"https:\/\/shop.bjerring-sales.dk\/wp-content\/uploads\/2025\/10\/1_1.jpg\",\"contentUrl\":\"https:\/\/shop.bjerring-sales.dk\/wp-content\/uploads\/2025\/10\/1_1.jpg\",\"width\":800,\"height\":800},{\"@type\":\"BreadcrumbList\",\"@id\":\"https:\/\/shop.bjerring-sales.dk\/sv\/produkt\/rektangulara-utomhusskivor\/#breadcrumb\",\"itemListElement\":[{\"@type\":\"ListItem\",\"position\":1,\"name\":\"Hem\",\"item\":\"https:\/\/shop.bjerring-sales.dk\/\"},{\"@type\":\"ListItem\",\"position\":2,\"name\":\"Webbutik\",\"item\":\"https:\/\/shop.bjerring-sales.dk\/butik\/\"},{\"@type\":\"ListItem\",\"position\":3,\"name\":\"Rektangul\u00e4ra utomhusskivor\"}]},{\"@type\":\"WebSite\",\"@id\":\"https:\/\/shop.bjerring-sales.dk\/#website\",\"url\":\"https:\/\/shop.bjerring-sales.dk\/\",\"name\":\"Bjerring-Sales\",\"description\":\"M\u00f6bler f\u00f6r teatrar, skolor, kontor och k\u00f6pcentrum\",\"publisher\":{\"@id\":\"https:\/\/shop.bjerring-sales.dk\/#organization\"},\"potentialAction\":[{\"@type\":\"SearchAction\",\"target\":{\"@type\":\"EntryPoint\",\"urlTemplate\":\"https:\/\/shop.bjerring-sales.dk\/?s={search_term_string}\"},\"query-input\":{\"@type\":\"PropertyValueSpecification\",\"valueRequired\":true,\"valueName\":\"search_term_string\"}}],\"inLanguage\":\"en-GB\"},{\"@type\":\"Organization\",\"@id\":\"https:\/\/shop.bjerring-sales.dk\/#organization\",\"name\":\"Bjerring-Sales\",\"url\":\"https:\/\/shop.bjerring-sales.dk\/\",\"logo\":{\"@type\":\"ImageObject\",\"inLanguage\":\"en-GB\",\"@id\":\"https:\/\/shop.bjerring-sales.dk\/#\/schema\/logo\/image\/\",\"url\":\"https:\/\/shop.bjerring-sales.dk\/wp-content\/uploads\/2023\/01\/logo_sv.png\",\"contentUrl\":\"https:\/\/shop.bjerring-sales.dk\/wp-content\/uploads\/2023\/01\/logo_sv.png\",\"width\":195,\"height\":68,\"caption\":\"Bjerring-Sales\"},\"image\":{\"@id\":\"https:\/\/shop.bjerring-sales.dk\/#\/schema\/logo\/image\/\"}}]}<\/script>\n<!-- \/ Yoast SEO plugin. -->","yoast_head_json":{"title":"Rektangul\u00e4ra utomhusskivor - Bjerring-Sales","description":"Sevelit bordsskivor \u00e4r utm\u00e4rkta skivor att anv\u00e4nda i uteserveringen, caf\u00e9er, restauranger, konferenser och festlokaler. Dom \u00e4r t\u00e5liga mot vatten, alkohol, UV och \u00e4ven mot repor.","robots":{"index":"index","follow":"follow","max-snippet":"max-snippet:-1","max-image-preview":"max-image-preview:large","max-video-preview":"max-video-preview:-1"},"canonical":"https:\/\/shop.bjerring-sales.dk\/en\/product\/rektangulara-utomhusskivor\/","og_locale":"en_GB","og_type":"article","og_title":"Rektangul\u00e4ra bordsskivor som passar lika bra inomhus som utomhus!","og_description":"Sevelit bordsskivor \u00e4r utm\u00e4rkta skivor att anv\u00e4nda i uteserveringen, caf\u00e9er, restauranger, konferenser och festlokaler. Dom \u00e4r t\u00e5liga mot vatten, alkohol, UV och \u00e4ven mot repor.","og_url":"https:\/\/shop.bjerring-sales.dk\/en\/product\/rektangulara-utomhusskivor\/","og_site_name":"Bjerring-Sales","article_modified_time":"2026-04-14T08:34:36+00:00","og_image":[{"width":800,"height":800,"url":"https:\/\/shop.bjerring-sales.dk\/wp-content\/uploads\/2025\/10\/1_1.jpg","type":"image\/jpeg"}],"twitter_card":"summary_large_image","twitter_title":"Rektangul\u00e4ra bordsskivor som passar lika bra inomhus som utomhus!","twitter_description":"Sevelit bordsskivor \u00e4r utm\u00e4rkta skivor att anv\u00e4nda i uteserveringen, caf\u00e9er, restauranger, konferenser och festlokaler. Dom \u00e4r t\u00e5liga mot vatten, alkohol, UV och \u00e4ven mot repor.","twitter_image":"https:\/\/shop.bjerring-sales.dk\/wp-content\/uploads\/2025\/10\/1_1.jpg","twitter_misc":{"Estimated reading time":"2 minutes"},"schema":{"@context":"https:\/\/schema.org","@graph":[{"@type":"WebPage","@id":"https:\/\/shop.bjerring-sales.dk\/sv\/produkt\/rektangulara-utomhusskivor\/","url":"https:\/\/shop.bjerring-sales.dk\/sv\/produkt\/rektangulara-utomhusskivor\/","name":"Rektangul\u00e4ra utomhusskivor - Bjerring-Sales","isPartOf":{"@id":"https:\/\/shop.bjerring-sales.dk\/#website"},"primaryImageOfPage":{"@id":"https:\/\/shop.bjerring-sales.dk\/sv\/produkt\/rektangulara-utomhusskivor\/#primaryimage"},"image":{"@id":"https:\/\/shop.bjerring-sales.dk\/sv\/produkt\/rektangulara-utomhusskivor\/#primaryimage"},"thumbnailUrl":"https:\/\/shop.bjerring-sales.dk\/wp-content\/uploads\/2025\/10\/1_1.jpg","datePublished":"2025-06-04T09:04:17+00:00","dateModified":"2026-04-14T08:34:36+00:00","description":"Sevelit bordsskivor \u00e4r utm\u00e4rkta skivor att anv\u00e4nda i uteserveringen, caf\u00e9er, restauranger, konferenser och festlokaler. Dom \u00e4r t\u00e5liga mot vatten, alkohol, UV och \u00e4ven mot repor.","breadcrumb":{"@id":"https:\/\/shop.bjerring-sales.dk\/sv\/produkt\/rektangulara-utomhusskivor\/#breadcrumb"},"inLanguage":"en-GB","potentialAction":[{"@type":"ReadAction","target":["https:\/\/shop.bjerring-sales.dk\/sv\/produkt\/rektangulara-utomhusskivor\/"]}]},{"@type":"ImageObject","inLanguage":"en-GB","@id":"https:\/\/shop.bjerring-sales.dk\/sv\/produkt\/rektangulara-utomhusskivor\/#primaryimage","url":"https:\/\/shop.bjerring-sales.dk\/wp-content\/uploads\/2025\/10\/1_1.jpg","contentUrl":"https:\/\/shop.bjerring-sales.dk\/wp-content\/uploads\/2025\/10\/1_1.jpg","width":800,"height":800},{"@type":"BreadcrumbList","@id":"https:\/\/shop.bjerring-sales.dk\/sv\/produkt\/rektangulara-utomhusskivor\/#breadcrumb","itemListElement":[{"@type":"ListItem","position":1,"name":"Hem","item":"https:\/\/shop.bjerring-sales.dk\/"},{"@type":"ListItem","position":2,"name":"Webbutik","item":"https:\/\/shop.bjerring-sales.dk\/butik\/"},{"@type":"ListItem","position":3,"name":"Rektangul\u00e4ra utomhusskivor"}]},{"@type":"WebSite","@id":"https:\/\/shop.bjerring-sales.dk\/#website","url":"https:\/\/shop.bjerring-sales.dk\/","name":"Bjerring Sales","description":"Furniture for theatres, schools, offices and shopping centres","publisher":{"@id":"https:\/\/shop.bjerring-sales.dk\/#organization"},"potentialAction":[{"@type":"SearchAction","target":{"@type":"EntryPoint","urlTemplate":"https:\/\/shop.bjerring-sales.dk\/?s={search_term_string}"},"query-input":{"@type":"PropertyValueSpecification","valueRequired":true,"valueName":"search_term_string"}}],"inLanguage":"en-GB"},{"@type":"Organization","@id":"https:\/\/shop.bjerring-sales.dk\/#organization","name":"Bjerring Sales","url":"https:\/\/shop.bjerring-sales.dk\/","logo":{"@type":"ImageObject","inLanguage":"en-GB","@id":"https:\/\/shop.bjerring-sales.dk\/#\/schema\/logo\/image\/","url":"https:\/\/shop.bjerring-sales.dk\/wp-content\/uploads\/2023\/01\/logo_sv.png","contentUrl":"https:\/\/shop.bjerring-sales.dk\/wp-content\/uploads\/2023\/01\/logo_sv.png","width":195,"height":68,"caption":"Bjerring-Sales"},"image":{"@id":"https:\/\/shop.bjerring-sales.dk\/#\/schema\/logo\/image\/"}}]}},"_links":{"self":[{"href":"https:\/\/shop.bjerring-sales.dk\/en\/wp-json\/wp\/v2\/product\/100824","targetHints":{"allow":["GET"]}}],"collection":[{"href":"https:\/\/shop.bjerring-sales.dk\/en\/wp-json\/wp\/v2\/product"}],"about":[{"href":"https:\/\/shop.bjerring-sales.dk\/en\/wp-json\/wp\/v2\/types\/product"}],"wp:featuredmedia":[{"embeddable":true,"href":"https:\/\/shop.bjerring-sales.dk\/en\/wp-json\/wp\/v2\/media\/100898"}],"wp:attachment":[{"href":"https:\/\/shop.bjerring-sales.dk\/en\/wp-json\/wp\/v2\/media?parent=100824"}],"wp:term":[{"taxonomy":"product_brand","embeddable":true,"href":"https:\/\/shop.bjerring-sales.dk\/en\/wp-json\/wp\/v2\/product_brand?post=100824"},{"taxonomy":"product_cat","embeddable":true,"href":"https:\/\/shop.bjerring-sales.dk\/en\/wp-json\/wp\/v2\/product_cat?post=100824"},{"taxonomy":"product_tag","embeddable":true,"href":"https:\/\/shop.bjerring-sales.dk\/en\/wp-json\/wp\/v2\/product_tag?post=100824"}],"curies":[{"name":"wp","href":"https:\/\/api.w.org\/{rel}","templated":true}]}}