{"id":100815,"date":"2025-05-13T14:14:23","date_gmt":"2025-05-13T12:14:23","guid":{"rendered":"https:\/\/shop.bjerring-sales.dk\/sv\/?post_type=product&#038;p=100815"},"modified":"2026-04-14T10:36:38","modified_gmt":"2026-04-14T08:36:38","slug":"fyrkantiga-utomhusskivor","status":"publish","type":"product","link":"https:\/\/shop.bjerring-sales.dk\/en\/product\/fyrkantiga-utomhusskivor\/","title":{"rendered":"Square outdoor boards"},"content":{"rendered":"<div class=\"wpb-content-wrapper\"><div class=\"vc_row wpb_row vc_row-fluid\"><div class=\"wpb_column vc_column_container vc_col-sm-12\"><div class=\"vc_column-inner\"><div class=\"wpb_wrapper\">\n\t<div class=\"wpb_text_column wpb_content_element\" >\n\t\t<div class=\"wpb_wrapper\">\n\t\t\t<p><span style=\"font-size: 24pt\">Square table tops that are just as suitable indoors as outdoors!<br \/>\n<\/span>Sevelit table tops are excellent tops to use in outdoor dining, cafes, restaurants, conferences and party rooms. They are resistant to water, alcohol, UV and also to scratches. We stock 4 colors in several different sizes.<\/p>\n\n\t\t<\/div>\n\t<\/div>\n<\/div><\/div><\/div><\/div><div class=\"vc_row wpb_row vc_row-fluid\"><div class=\"wpb_column vc_column_container vc_col-sm-6\"><div class=\"vc_column-inner\"><div class=\"wpb_wrapper\">\n\t<div  class=\"wpb_single_image wpb_content_element vc_align_center\">\n\t\t\n\t\t<figure class=\"wpb_wrapper vc_figure\">\n\t\t\t<div class=\"vc_single_image-wrapper vc_box_shadow_border  vc_box_border_grey\"><img loading=\"lazy\" decoding=\"async\" width=\"1061\" height=\"707\" src=\"https:\/\/shop.bjerring-sales.dk\/wp-content\/uploads\/2025\/05\/ELJ_Ferrea_03-crop.jpg\" class=\"vc_single_image-img attachment-full\" alt=\"\" title=\"ELJ_Ferrea_03-crop\" srcset=\"https:\/\/shop.bjerring-sales.dk\/wp-content\/uploads\/2025\/05\/ELJ_Ferrea_03-crop.jpg 1061w, https:\/\/shop.bjerring-sales.dk\/wp-content\/uploads\/2025\/05\/ELJ_Ferrea_03-crop-300x200.jpg 300w, https:\/\/shop.bjerring-sales.dk\/wp-content\/uploads\/2025\/05\/ELJ_Ferrea_03-crop-1024x682.jpg 1024w, https:\/\/shop.bjerring-sales.dk\/wp-content\/uploads\/2025\/05\/ELJ_Ferrea_03-crop-768x512.jpg 768w, https:\/\/shop.bjerring-sales.dk\/wp-content\/uploads\/2025\/05\/ELJ_Ferrea_03-crop-18x12.jpg 18w, https:\/\/shop.bjerring-sales.dk\/wp-content\/uploads\/2025\/05\/ELJ_Ferrea_03-crop-600x400.jpg 600w, https:\/\/shop.bjerring-sales.dk\/wp-content\/uploads\/2025\/05\/ELJ_Ferrea_03-crop-150x100.jpg 150w\" sizes=\"auto, (max-width: 1061px) 100vw, 1061px\" \/><\/div>\n\t\t<\/figure>\n\t<\/div>\n<\/div><\/div><\/div><div class=\"wpb_column vc_column_container vc_col-sm-6\"><div class=\"vc_column-inner\"><div class=\"wpb_wrapper\">\n\t<div  class=\"wpb_single_image wpb_content_element vc_align_center\">\n\t\t\n\t\t<figure class=\"wpb_wrapper vc_figure\">\n\t\t\t<div class=\"vc_single_image-wrapper vc_box_shadow_border  vc_box_border_grey\"><img loading=\"lazy\" decoding=\"async\" width=\"1200\" height=\"800\" src=\"https:\/\/shop.bjerring-sales.dk\/wp-content\/uploads\/2025\/05\/ELJ_Ferrea_01.jpg\" class=\"vc_single_image-img attachment-full\" alt=\"\" title=\"ELJ_Ferrea_01\" srcset=\"https:\/\/shop.bjerring-sales.dk\/wp-content\/uploads\/2025\/05\/ELJ_Ferrea_01.jpg 1200w, https:\/\/shop.bjerring-sales.dk\/wp-content\/uploads\/2025\/05\/ELJ_Ferrea_01-300x200.jpg 300w, https:\/\/shop.bjerring-sales.dk\/wp-content\/uploads\/2025\/05\/ELJ_Ferrea_01-1024x683.jpg 1024w, https:\/\/shop.bjerring-sales.dk\/wp-content\/uploads\/2025\/05\/ELJ_Ferrea_01-768x512.jpg 768w, https:\/\/shop.bjerring-sales.dk\/wp-content\/uploads\/2025\/05\/ELJ_Ferrea_01-18x12.jpg 18w, https:\/\/shop.bjerring-sales.dk\/wp-content\/uploads\/2025\/05\/ELJ_Ferrea_01-600x400.jpg 600w, https:\/\/shop.bjerring-sales.dk\/wp-content\/uploads\/2025\/05\/ELJ_Ferrea_01-150x100.jpg 150w\" sizes=\"auto, (max-width: 1200px) 100vw, 1200px\" \/><\/div>\n\t\t<\/figure>\n\t<\/div>\n<\/div><\/div><\/div><\/div><div class=\"vc_row wpb_row vc_row-fluid\"><div class=\"wpb_column vc_column_container vc_col-sm-6\"><div class=\"vc_column-inner\"><div class=\"wpb_wrapper\">\n\t<div class=\"wpb_text_column wpb_content_element\" >\n\t\t<div class=\"wpb_wrapper\">\n\t\t\t<p><span style=\"font-size: 18pt\">Colors<\/span><br \/>\nThe outdoor boards are stocked in nautic oak, vintage pine, marble blanc and pizarra.<\/p>\n<p><a href=\"https:\/\/shop.bjerring-sales.dk\/wp-content\/uploads\/2025\/05\/fyrkantigafarger.jpg\"><img loading=\"lazy\" decoding=\"async\" class=\"alignnone size-full wp-image-100897\" src=\"https:\/\/shop.bjerring-sales.dk\/wp-content\/uploads\/2025\/05\/fyrkantigafarger.jpg\" alt=\"\" width=\"533\" height=\"535\" srcset=\"https:\/\/shop.bjerring-sales.dk\/wp-content\/uploads\/2025\/05\/fyrkantigafarger.jpg 533w, https:\/\/shop.bjerring-sales.dk\/wp-content\/uploads\/2025\/05\/fyrkantigafarger-300x300.jpg 300w, https:\/\/shop.bjerring-sales.dk\/wp-content\/uploads\/2025\/05\/fyrkantigafarger-150x151.jpg 150w, https:\/\/shop.bjerring-sales.dk\/wp-content\/uploads\/2025\/05\/fyrkantigafarger-12x12.jpg 12w\" sizes=\"auto, (max-width: 533px) 100vw, 533px\" \/><\/a><\/p>\n\n\t\t<\/div>\n\t<\/div>\n<\/div><\/div><\/div><div class=\"wpb_column vc_column_container vc_col-sm-6\"><div class=\"vc_column-inner\"><div class=\"wpb_wrapper\">\n\t<div class=\"wpb_text_column wpb_content_element\" >\n\t\t<div class=\"wpb_wrapper\">\n\t\t\t<p><span style=\"font-size: 18pt\">Specifications<\/span><\/p>\n<ul>\n<li>Dimensions: 70\u00d770 cm<\/li>\n<li>Weight: 6 kg<\/li>\n<\/ul>\n<p><a href=\"https:\/\/shop.bjerring-sales.dk\/wp-content\/uploads\/2025\/05\/ferreabord.jpg\"><img loading=\"lazy\" decoding=\"async\" class=\"alignnone size-full wp-image-100896\" src=\"https:\/\/shop.bjerring-sales.dk\/wp-content\/uploads\/2025\/05\/ferreabord.jpg\" alt=\"\" width=\"1370\" height=\"977\" srcset=\"https:\/\/shop.bjerring-sales.dk\/wp-content\/uploads\/2025\/05\/ferreabord.jpg 1370w, https:\/\/shop.bjerring-sales.dk\/wp-content\/uploads\/2025\/05\/ferreabord-300x214.jpg 300w, https:\/\/shop.bjerring-sales.dk\/wp-content\/uploads\/2025\/05\/ferreabord-1024x730.jpg 1024w, https:\/\/shop.bjerring-sales.dk\/wp-content\/uploads\/2025\/05\/ferreabord-768x548.jpg 768w, https:\/\/shop.bjerring-sales.dk\/wp-content\/uploads\/2025\/05\/ferreabord-18x12.jpg 18w, https:\/\/shop.bjerring-sales.dk\/wp-content\/uploads\/2025\/05\/ferreabord-600x428.jpg 600w, https:\/\/shop.bjerring-sales.dk\/wp-content\/uploads\/2025\/05\/ferreabord-150x107.jpg 150w\" sizes=\"auto, (max-width: 1370px) 100vw, 1370px\" \/><\/a><\/p>\n\n\t\t<\/div>\n\t<\/div>\n<\/div><\/div><\/div><\/div>\n<\/div>","protected":false},"excerpt":{"rendered":"<p><span data-olk-copy-source=\"MailCompose\">Sevelit table tops are excellent tops to use in outdoor dining, cafes, restaurants, conferences and party rooms. They are\u00a0<\/span>resistant to water, alcohol, UV and also against scratches. We stock 4 colors in several different sizes. These table tops fit our Ferrea tripods (for outdoor and indoor use) and also our Studio tripods (for indoor use).<\/p>","protected":false},"featured_media":100893,"template":"","meta":{"iawp_total_views":2},"product_brand":[],"product_cat":[6463,6304,5868],"product_tag":[6465],"class_list":{"0":"post-100815","1":"product","2":"type-product","3":"status-publish","4":"has-post-thumbnail","6":"product_cat-bordsskivor-utomhus","7":"product_cat-utemobler","8":"product_cat-bordsskivor","9":"product_tag-fyrkantiga-bordsskivor","11":"first","12":"instock","13":"taxable","14":"shipping-taxable","15":"purchasable","16":"product-type-variable"},"yoast_head":"<!-- This site is optimized with the Yoast SEO plugin v27.0 - https:\/\/yoast.com\/product\/yoast-seo-wordpress\/ -->\n<title>Fyrkantiga utomhusskivor - Bjerring-Sales<\/title>\n<meta name=\"description\" content=\"Sevelit bordsskivor \u00e4r utm\u00e4rkta skivor att anv\u00e4nda i uteserveringen, caf\u00e9er, restauranger, konferenser och festlokaler. Dom \u00e4r t\u00e5liga mot vatten, alkohol, UV och \u00e4ven mot repor.\" \/>\n<meta name=\"robots\" content=\"index, follow, max-snippet:-1, max-image-preview:large, max-video-preview:-1\" \/>\n<link rel=\"canonical\" href=\"https:\/\/shop.bjerring-sales.dk\/en\/product\/fyrkantiga-utomhusskivor\/\" \/>\n<meta property=\"og:locale\" content=\"en_GB\" \/>\n<meta property=\"og:type\" content=\"article\" \/>\n<meta property=\"og:title\" content=\"Fyrkantiga bordsskivor som passar lika bra inomhus som utomhus!\" \/>\n<meta property=\"og:description\" content=\"Sevelit bordsskivor \u00e4r utm\u00e4rkta skivor att anv\u00e4nda i uteserveringen, caf\u00e9er, restauranger, konferenser och festlokaler. Dom \u00e4r t\u00e5liga mot vatten, alkohol, UV och \u00e4ven mot repor.\" \/>\n<meta property=\"og:url\" content=\"https:\/\/shop.bjerring-sales.dk\/en\/product\/fyrkantiga-utomhusskivor\/\" \/>\n<meta property=\"og:site_name\" content=\"Bjerring-Sales\" \/>\n<meta property=\"article:modified_time\" content=\"2026-04-14T08:36:38+00:00\" \/>\n<meta property=\"og:image\" content=\"https:\/\/shop.bjerring-sales.dk\/wp-content\/uploads\/2025\/10\/1_2.jpg\" \/>\n\t<meta property=\"og:image:width\" content=\"800\" \/>\n\t<meta property=\"og:image:height\" content=\"800\" \/>\n\t<meta property=\"og:image:type\" content=\"image\/jpeg\" \/>\n<meta name=\"twitter:card\" content=\"summary_large_image\" \/>\n<meta name=\"twitter:title\" content=\"Fyrkantiga bordsskivor som passar lika bra inomhus som utomhus!\" \/>\n<meta name=\"twitter:description\" content=\"Sevelit bordsskivor \u00e4r utm\u00e4rkta skivor att anv\u00e4nda i uteserveringen, caf\u00e9er, restauranger, konferenser och festlokaler. Dom \u00e4r t\u00e5liga mot vatten, alkohol, UV och \u00e4ven mot repor.\" \/>\n<meta name=\"twitter:image\" content=\"https:\/\/shop.bjerring-sales.dk\/wp-content\/uploads\/2025\/10\/1_2.jpg\" \/>\n<meta name=\"twitter:label1\" content=\"Estimated reading time\" \/>\n\t<meta name=\"twitter:data1\" content=\"2 minutes\" \/>\n<script type=\"application\/ld+json\" class=\"yoast-schema-graph\">{\"@context\":\"https:\/\/schema.org\",\"@graph\":[{\"@type\":\"WebPage\",\"@id\":\"https:\/\/shop.bjerring-sales.dk\/sv\/produkt\/fyrkantiga-utomhusskivor\/\",\"url\":\"https:\/\/shop.bjerring-sales.dk\/sv\/produkt\/fyrkantiga-utomhusskivor\/\",\"name\":\"Fyrkantiga utomhusskivor - Bjerring-Sales\",\"isPartOf\":{\"@id\":\"https:\/\/shop.bjerring-sales.dk\/#website\"},\"primaryImageOfPage\":{\"@id\":\"https:\/\/shop.bjerring-sales.dk\/sv\/produkt\/fyrkantiga-utomhusskivor\/#primaryimage\"},\"image\":{\"@id\":\"https:\/\/shop.bjerring-sales.dk\/sv\/produkt\/fyrkantiga-utomhusskivor\/#primaryimage\"},\"thumbnailUrl\":\"https:\/\/shop.bjerring-sales.dk\/wp-content\/uploads\/2025\/10\/1_2.jpg\",\"datePublished\":\"2025-05-13T12:14:23+00:00\",\"dateModified\":\"2026-04-14T08:36:38+00:00\",\"description\":\"Sevelit bordsskivor \u00e4r utm\u00e4rkta skivor att anv\u00e4nda i uteserveringen, caf\u00e9er, restauranger, konferenser och festlokaler. Dom \u00e4r t\u00e5liga mot vatten, alkohol, UV och \u00e4ven mot repor.\",\"breadcrumb\":{\"@id\":\"https:\/\/shop.bjerring-sales.dk\/sv\/produkt\/fyrkantiga-utomhusskivor\/#breadcrumb\"},\"inLanguage\":\"en-GB\",\"potentialAction\":[{\"@type\":\"ReadAction\",\"target\":[\"https:\/\/shop.bjerring-sales.dk\/sv\/produkt\/fyrkantiga-utomhusskivor\/\"]}]},{\"@type\":\"ImageObject\",\"inLanguage\":\"en-GB\",\"@id\":\"https:\/\/shop.bjerring-sales.dk\/sv\/produkt\/fyrkantiga-utomhusskivor\/#primaryimage\",\"url\":\"https:\/\/shop.bjerring-sales.dk\/wp-content\/uploads\/2025\/10\/1_2.jpg\",\"contentUrl\":\"https:\/\/shop.bjerring-sales.dk\/wp-content\/uploads\/2025\/10\/1_2.jpg\",\"width\":800,\"height\":800},{\"@type\":\"BreadcrumbList\",\"@id\":\"https:\/\/shop.bjerring-sales.dk\/sv\/produkt\/fyrkantiga-utomhusskivor\/#breadcrumb\",\"itemListElement\":[{\"@type\":\"ListItem\",\"position\":1,\"name\":\"Hem\",\"item\":\"https:\/\/shop.bjerring-sales.dk\/\"},{\"@type\":\"ListItem\",\"position\":2,\"name\":\"Webbutik\",\"item\":\"https:\/\/shop.bjerring-sales.dk\/butik\/\"},{\"@type\":\"ListItem\",\"position\":3,\"name\":\"Fyrkantiga utomhusskivor\"}]},{\"@type\":\"WebSite\",\"@id\":\"https:\/\/shop.bjerring-sales.dk\/#website\",\"url\":\"https:\/\/shop.bjerring-sales.dk\/\",\"name\":\"Bjerring-Sales\",\"description\":\"M\u00f6bler f\u00f6r teatrar, skolor, kontor och k\u00f6pcentrum\",\"publisher\":{\"@id\":\"https:\/\/shop.bjerring-sales.dk\/#organization\"},\"potentialAction\":[{\"@type\":\"SearchAction\",\"target\":{\"@type\":\"EntryPoint\",\"urlTemplate\":\"https:\/\/shop.bjerring-sales.dk\/?s={search_term_string}\"},\"query-input\":{\"@type\":\"PropertyValueSpecification\",\"valueRequired\":true,\"valueName\":\"search_term_string\"}}],\"inLanguage\":\"en-GB\"},{\"@type\":\"Organization\",\"@id\":\"https:\/\/shop.bjerring-sales.dk\/#organization\",\"name\":\"Bjerring-Sales\",\"url\":\"https:\/\/shop.bjerring-sales.dk\/\",\"logo\":{\"@type\":\"ImageObject\",\"inLanguage\":\"en-GB\",\"@id\":\"https:\/\/shop.bjerring-sales.dk\/#\/schema\/logo\/image\/\",\"url\":\"https:\/\/shop.bjerring-sales.dk\/wp-content\/uploads\/2023\/01\/logo_sv.png\",\"contentUrl\":\"https:\/\/shop.bjerring-sales.dk\/wp-content\/uploads\/2023\/01\/logo_sv.png\",\"width\":195,\"height\":68,\"caption\":\"Bjerring-Sales\"},\"image\":{\"@id\":\"https:\/\/shop.bjerring-sales.dk\/#\/schema\/logo\/image\/\"}}]}<\/script>\n<!-- \/ Yoast SEO plugin. -->","yoast_head_json":{"title":"Fyrkantiga utomhusskivor - Bjerring-Sales","description":"Sevelit bordsskivor \u00e4r utm\u00e4rkta skivor att anv\u00e4nda i uteserveringen, caf\u00e9er, restauranger, konferenser och festlokaler. Dom \u00e4r t\u00e5liga mot vatten, alkohol, UV och \u00e4ven mot repor.","robots":{"index":"index","follow":"follow","max-snippet":"max-snippet:-1","max-image-preview":"max-image-preview:large","max-video-preview":"max-video-preview:-1"},"canonical":"https:\/\/shop.bjerring-sales.dk\/en\/product\/fyrkantiga-utomhusskivor\/","og_locale":"en_GB","og_type":"article","og_title":"Fyrkantiga bordsskivor som passar lika bra inomhus som utomhus!","og_description":"Sevelit bordsskivor \u00e4r utm\u00e4rkta skivor att anv\u00e4nda i uteserveringen, caf\u00e9er, restauranger, konferenser och festlokaler. Dom \u00e4r t\u00e5liga mot vatten, alkohol, UV och \u00e4ven mot repor.","og_url":"https:\/\/shop.bjerring-sales.dk\/en\/product\/fyrkantiga-utomhusskivor\/","og_site_name":"Bjerring-Sales","article_modified_time":"2026-04-14T08:36:38+00:00","og_image":[{"width":800,"height":800,"url":"https:\/\/shop.bjerring-sales.dk\/wp-content\/uploads\/2025\/10\/1_2.jpg","type":"image\/jpeg"}],"twitter_card":"summary_large_image","twitter_title":"Fyrkantiga bordsskivor som passar lika bra inomhus som utomhus!","twitter_description":"Sevelit bordsskivor \u00e4r utm\u00e4rkta skivor att anv\u00e4nda i uteserveringen, caf\u00e9er, restauranger, konferenser och festlokaler. Dom \u00e4r t\u00e5liga mot vatten, alkohol, UV och \u00e4ven mot repor.","twitter_image":"https:\/\/shop.bjerring-sales.dk\/wp-content\/uploads\/2025\/10\/1_2.jpg","twitter_misc":{"Estimated reading time":"2 minutes"},"schema":{"@context":"https:\/\/schema.org","@graph":[{"@type":"WebPage","@id":"https:\/\/shop.bjerring-sales.dk\/sv\/produkt\/fyrkantiga-utomhusskivor\/","url":"https:\/\/shop.bjerring-sales.dk\/sv\/produkt\/fyrkantiga-utomhusskivor\/","name":"Fyrkantiga utomhusskivor - Bjerring-Sales","isPartOf":{"@id":"https:\/\/shop.bjerring-sales.dk\/#website"},"primaryImageOfPage":{"@id":"https:\/\/shop.bjerring-sales.dk\/sv\/produkt\/fyrkantiga-utomhusskivor\/#primaryimage"},"image":{"@id":"https:\/\/shop.bjerring-sales.dk\/sv\/produkt\/fyrkantiga-utomhusskivor\/#primaryimage"},"thumbnailUrl":"https:\/\/shop.bjerring-sales.dk\/wp-content\/uploads\/2025\/10\/1_2.jpg","datePublished":"2025-05-13T12:14:23+00:00","dateModified":"2026-04-14T08:36:38+00:00","description":"Sevelit bordsskivor \u00e4r utm\u00e4rkta skivor att anv\u00e4nda i uteserveringen, caf\u00e9er, restauranger, konferenser och festlokaler. Dom \u00e4r t\u00e5liga mot vatten, alkohol, UV och \u00e4ven mot repor.","breadcrumb":{"@id":"https:\/\/shop.bjerring-sales.dk\/sv\/produkt\/fyrkantiga-utomhusskivor\/#breadcrumb"},"inLanguage":"en-GB","potentialAction":[{"@type":"ReadAction","target":["https:\/\/shop.bjerring-sales.dk\/sv\/produkt\/fyrkantiga-utomhusskivor\/"]}]},{"@type":"ImageObject","inLanguage":"en-GB","@id":"https:\/\/shop.bjerring-sales.dk\/sv\/produkt\/fyrkantiga-utomhusskivor\/#primaryimage","url":"https:\/\/shop.bjerring-sales.dk\/wp-content\/uploads\/2025\/10\/1_2.jpg","contentUrl":"https:\/\/shop.bjerring-sales.dk\/wp-content\/uploads\/2025\/10\/1_2.jpg","width":800,"height":800},{"@type":"BreadcrumbList","@id":"https:\/\/shop.bjerring-sales.dk\/sv\/produkt\/fyrkantiga-utomhusskivor\/#breadcrumb","itemListElement":[{"@type":"ListItem","position":1,"name":"Hem","item":"https:\/\/shop.bjerring-sales.dk\/"},{"@type":"ListItem","position":2,"name":"Webbutik","item":"https:\/\/shop.bjerring-sales.dk\/butik\/"},{"@type":"ListItem","position":3,"name":"Fyrkantiga utomhusskivor"}]},{"@type":"WebSite","@id":"https:\/\/shop.bjerring-sales.dk\/#website","url":"https:\/\/shop.bjerring-sales.dk\/","name":"Bjerring Sales","description":"Furniture for theatres, schools, offices and shopping centres","publisher":{"@id":"https:\/\/shop.bjerring-sales.dk\/#organization"},"potentialAction":[{"@type":"SearchAction","target":{"@type":"EntryPoint","urlTemplate":"https:\/\/shop.bjerring-sales.dk\/?s={search_term_string}"},"query-input":{"@type":"PropertyValueSpecification","valueRequired":true,"valueName":"search_term_string"}}],"inLanguage":"en-GB"},{"@type":"Organization","@id":"https:\/\/shop.bjerring-sales.dk\/#organization","name":"Bjerring Sales","url":"https:\/\/shop.bjerring-sales.dk\/","logo":{"@type":"ImageObject","inLanguage":"en-GB","@id":"https:\/\/shop.bjerring-sales.dk\/#\/schema\/logo\/image\/","url":"https:\/\/shop.bjerring-sales.dk\/wp-content\/uploads\/2023\/01\/logo_sv.png","contentUrl":"https:\/\/shop.bjerring-sales.dk\/wp-content\/uploads\/2023\/01\/logo_sv.png","width":195,"height":68,"caption":"Bjerring-Sales"},"image":{"@id":"https:\/\/shop.bjerring-sales.dk\/#\/schema\/logo\/image\/"}}]}},"_links":{"self":[{"href":"https:\/\/shop.bjerring-sales.dk\/en\/wp-json\/wp\/v2\/product\/100815","targetHints":{"allow":["GET"]}}],"collection":[{"href":"https:\/\/shop.bjerring-sales.dk\/en\/wp-json\/wp\/v2\/product"}],"about":[{"href":"https:\/\/shop.bjerring-sales.dk\/en\/wp-json\/wp\/v2\/types\/product"}],"wp:featuredmedia":[{"embeddable":true,"href":"https:\/\/shop.bjerring-sales.dk\/en\/wp-json\/wp\/v2\/media\/100893"}],"wp:attachment":[{"href":"https:\/\/shop.bjerring-sales.dk\/en\/wp-json\/wp\/v2\/media?parent=100815"}],"wp:term":[{"taxonomy":"product_brand","embeddable":true,"href":"https:\/\/shop.bjerring-sales.dk\/en\/wp-json\/wp\/v2\/product_brand?post=100815"},{"taxonomy":"product_cat","embeddable":true,"href":"https:\/\/shop.bjerring-sales.dk\/en\/wp-json\/wp\/v2\/product_cat?post=100815"},{"taxonomy":"product_tag","embeddable":true,"href":"https:\/\/shop.bjerring-sales.dk\/en\/wp-json\/wp\/v2\/product_tag?post=100815"}],"curies":[{"name":"wp","href":"https:\/\/api.w.org\/{rel}","templated":true}]}}