{"id":100723,"date":"2025-04-25T13:08:03","date_gmt":"2025-04-25T11:08:03","guid":{"rendered":"https:\/\/shop.bjerring-sales.dk\/sv\/?post_type=product&#038;p=100723"},"modified":"2026-04-16T16:18:12","modified_gmt":"2026-04-16T14:18:12","slug":"helen-fallbart-bord-o60","status":"publish","type":"product","link":"https:\/\/shop.bjerring-sales.dk\/en\/product\/helen-fallbart-bord-o60\/","title":{"rendered":"Helen folding table \u00d860"},"content":{"rendered":"<div class=\"wpb-content-wrapper\"><div class=\"vc_row wpb_row vc_row-fluid\"><div class=\"wpb_column vc_column_container vc_col-sm-12\"><div class=\"vc_column-inner\"><div class=\"wpb_wrapper\">\n\t<div class=\"wpb_text_column wpb_content_element\" >\n\t\t<div class=\"wpb_wrapper\">\n\t\t\t<p><span style=\"font-size: 24pt\">A stylish dining table that fits just as well indoors as outdoors!<br \/>\n<\/span>Helen 60 is a very robust and durable table that works great for both indoor and outdoor use. The table is suitable as a dining table on the balcony, in the garden, in a restaurant and caf\u00e9.<\/p>\n\n\t\t<\/div>\n\t<\/div>\n<\/div><\/div><\/div><\/div><div class=\"vc_row wpb_row vc_row-fluid\"><div class=\"wpb_column vc_column_container vc_col-sm-4\"><div class=\"vc_column-inner\"><div class=\"wpb_wrapper\">\n\t<div  class=\"wpb_single_image wpb_content_element vc_align_center\">\n\t\t\n\t\t<figure class=\"wpb_wrapper vc_figure\">\n\t\t\t<div class=\"vc_single_image-wrapper vc_box_shadow_border  vc_box_border_grey\"><img loading=\"lazy\" decoding=\"async\" width=\"800\" height=\"609\" src=\"https:\/\/shop.bjerring-sales.dk\/wp-content\/uploads\/2025\/04\/elj-helen-fallbart-bord-60-round-miljobild-04-800px.jpg\" class=\"vc_single_image-img attachment-full\" alt=\"\" title=\"elj-helen-foldable-table-60-round-environmental-image-04-800px\" srcset=\"https:\/\/shop.bjerring-sales.dk\/wp-content\/uploads\/2025\/04\/elj-helen-fallbart-bord-60-round-miljobild-04-800px.jpg 800w, https:\/\/shop.bjerring-sales.dk\/wp-content\/uploads\/2025\/04\/elj-helen-fallbart-bord-60-round-miljobild-04-800px-300x228.jpg 300w, https:\/\/shop.bjerring-sales.dk\/wp-content\/uploads\/2025\/04\/elj-helen-fallbart-bord-60-round-miljobild-04-800px-768x585.jpg 768w, https:\/\/shop.bjerring-sales.dk\/wp-content\/uploads\/2025\/04\/elj-helen-fallbart-bord-60-round-miljobild-04-800px-16x12.jpg 16w, https:\/\/shop.bjerring-sales.dk\/wp-content\/uploads\/2025\/04\/elj-helen-fallbart-bord-60-round-miljobild-04-800px-600x457.jpg 600w, https:\/\/shop.bjerring-sales.dk\/wp-content\/uploads\/2025\/04\/elj-helen-fallbart-bord-60-round-miljobild-04-800px-150x114.jpg 150w\" sizes=\"auto, (max-width: 800px) 100vw, 800px\" \/><\/div>\n\t\t<\/figure>\n\t<\/div>\n<\/div><\/div><\/div><div class=\"wpb_column vc_column_container vc_col-sm-4\"><div class=\"vc_column-inner\"><div class=\"wpb_wrapper\">\n\t<div  class=\"wpb_single_image wpb_content_element vc_align_center\">\n\t\t\n\t\t<figure class=\"wpb_wrapper vc_figure\">\n\t\t\t<div class=\"vc_single_image-wrapper vc_box_shadow_border  vc_box_border_grey\"><img loading=\"lazy\" decoding=\"async\" width=\"800\" height=\"609\" src=\"https:\/\/shop.bjerring-sales.dk\/wp-content\/uploads\/2025\/04\/elj-helen-fallbart-bord-60-round-miljobild-03-800px.jpg\" class=\"vc_single_image-img attachment-full\" alt=\"\" title=\"elj-helen-folding-table-60-round-environmental-image-03-800px\" srcset=\"https:\/\/shop.bjerring-sales.dk\/wp-content\/uploads\/2025\/04\/elj-helen-fallbart-bord-60-round-miljobild-03-800px.jpg 800w, https:\/\/shop.bjerring-sales.dk\/wp-content\/uploads\/2025\/04\/elj-helen-fallbart-bord-60-round-miljobild-03-800px-300x228.jpg 300w, https:\/\/shop.bjerring-sales.dk\/wp-content\/uploads\/2025\/04\/elj-helen-fallbart-bord-60-round-miljobild-03-800px-768x585.jpg 768w, https:\/\/shop.bjerring-sales.dk\/wp-content\/uploads\/2025\/04\/elj-helen-fallbart-bord-60-round-miljobild-03-800px-16x12.jpg 16w, https:\/\/shop.bjerring-sales.dk\/wp-content\/uploads\/2025\/04\/elj-helen-fallbart-bord-60-round-miljobild-03-800px-600x457.jpg 600w, https:\/\/shop.bjerring-sales.dk\/wp-content\/uploads\/2025\/04\/elj-helen-fallbart-bord-60-round-miljobild-03-800px-150x114.jpg 150w\" sizes=\"auto, (max-width: 800px) 100vw, 800px\" \/><\/div>\n\t\t<\/figure>\n\t<\/div>\n<\/div><\/div><\/div><div class=\"wpb_column vc_column_container vc_col-sm-4\"><div class=\"vc_column-inner\"><div class=\"wpb_wrapper\">\n\t<div  class=\"wpb_single_image wpb_content_element vc_align_center\">\n\t\t\n\t\t<figure class=\"wpb_wrapper vc_figure\">\n\t\t\t<div class=\"vc_single_image-wrapper vc_box_shadow_border  vc_box_border_grey\"><img loading=\"lazy\" decoding=\"async\" width=\"800\" height=\"609\" src=\"https:\/\/shop.bjerring-sales.dk\/wp-content\/uploads\/2025\/04\/elj-helen-fallbart-bord-60-round-miljobild-02-800px.jpg\" class=\"vc_single_image-img attachment-full\" alt=\"\" title=\"elj-helen-folding-table-60-round-environmental-image-02-800px\" srcset=\"https:\/\/shop.bjerring-sales.dk\/wp-content\/uploads\/2025\/04\/elj-helen-fallbart-bord-60-round-miljobild-02-800px.jpg 800w, https:\/\/shop.bjerring-sales.dk\/wp-content\/uploads\/2025\/04\/elj-helen-fallbart-bord-60-round-miljobild-02-800px-300x228.jpg 300w, https:\/\/shop.bjerring-sales.dk\/wp-content\/uploads\/2025\/04\/elj-helen-fallbart-bord-60-round-miljobild-02-800px-768x585.jpg 768w, https:\/\/shop.bjerring-sales.dk\/wp-content\/uploads\/2025\/04\/elj-helen-fallbart-bord-60-round-miljobild-02-800px-16x12.jpg 16w, https:\/\/shop.bjerring-sales.dk\/wp-content\/uploads\/2025\/04\/elj-helen-fallbart-bord-60-round-miljobild-02-800px-600x457.jpg 600w, https:\/\/shop.bjerring-sales.dk\/wp-content\/uploads\/2025\/04\/elj-helen-fallbart-bord-60-round-miljobild-02-800px-150x114.jpg 150w\" sizes=\"auto, (max-width: 800px) 100vw, 800px\" \/><\/div>\n\t\t<\/figure>\n\t<\/div>\n<\/div><\/div><\/div><\/div><div class=\"vc_row wpb_row vc_row-fluid\"><div class=\"wpb_column vc_column_container vc_col-sm-6\"><div class=\"vc_column-inner\"><div class=\"wpb_wrapper\">\n\t<div class=\"wpb_text_column wpb_content_element\" >\n\t\t<div class=\"wpb_wrapper\">\n\t\t\t<p><span style=\"font-size: 18pt\">Design<\/span><br \/>\nDue to its stylish design, Helen 60 fits into most environments. The Helen table is made of polypropylene that has been reinforced with fiberglass. The table is designed to withstand weather conditions and has removable legs, making it easy to transport and store.<\/p>\n<p><span style=\"font-size: 18pt\">Colors<\/span><br \/>\nThe Helen 60 table is stocked in black, dark gray, taupe, olive green, marasal and opaline green.<\/p>\n<p><span style=\"font-size: 18pt\"><a href=\"https:\/\/shop.bjerring-sales.dk\/wp-content\/uploads\/2025\/04\/allafarger-helene10.jpg\"><img loading=\"lazy\" decoding=\"async\" class=\"alignnone size-full wp-image-100849\" src=\"https:\/\/shop.bjerring-sales.dk\/wp-content\/uploads\/2025\/04\/allafarger-helene10.jpg\" alt=\"\" width=\"1158\" height=\"267\" srcset=\"https:\/\/shop.bjerring-sales.dk\/wp-content\/uploads\/2025\/04\/allafarger-helene10.jpg 1158w, https:\/\/shop.bjerring-sales.dk\/wp-content\/uploads\/2025\/04\/allafarger-helene10-300x69.jpg 300w, https:\/\/shop.bjerring-sales.dk\/wp-content\/uploads\/2025\/04\/allafarger-helene10-1024x236.jpg 1024w, https:\/\/shop.bjerring-sales.dk\/wp-content\/uploads\/2025\/04\/allafarger-helene10-768x177.jpg 768w, https:\/\/shop.bjerring-sales.dk\/wp-content\/uploads\/2025\/04\/allafarger-helene10-18x4.jpg 18w, https:\/\/shop.bjerring-sales.dk\/wp-content\/uploads\/2025\/04\/allafarger-helene10-600x138.jpg 600w, https:\/\/shop.bjerring-sales.dk\/wp-content\/uploads\/2025\/04\/allafarger-helene10-150x35.jpg 150w\" sizes=\"auto, (max-width: 1158px) 100vw, 1158px\" \/><\/a><\/span><\/p>\n<p><span style=\"font-size: 18pt\">Specifications<\/span><\/p>\n<ul>\n<li>Simple and quick assembly\/disassembly<\/li>\n<li>Accommodates 4 people<\/li>\n<li>Polypropylene reinforced with fiberglass<\/li>\n<li>Robust<\/li>\n<li>Suitable for both indoors and outdoors<\/li>\n<li>UV-resistant and water-repellent<\/li>\n<li>Made in Europe<\/li>\n<\/ul>\n<p><span style=\"font-size: 18pt\">Measure<\/span><\/p>\n<ul>\n<li>Height: 74 cm<\/li>\n<li>Diameter: 60 cm<\/li>\n<\/ul>\n\n\t\t<\/div>\n\t<\/div>\n<\/div><\/div><\/div><div class=\"wpb_column vc_column_container vc_col-sm-6\"><div class=\"vc_column-inner\"><div class=\"wpb_wrapper\">\n\t<div class=\"wpb_text_column wpb_content_element\" >\n\t\t<div class=\"wpb_wrapper\">\n\t\t\t<p><span style=\"font-size: 18pt\">Weight<\/span><\/p>\n<ul>\n<li>4.5 kg<\/li>\n<\/ul>\n\n\t\t<\/div>\n\t<\/div>\n\n\t<div class=\"wpb_text_column wpb_content_element vc_custom_1748615447687\" >\n\t\t<div class=\"wpb_wrapper\">\n\t\t\t<p><span style=\"font-size: 18pt\">Video<\/span><\/p>\n\n\t\t<\/div>\n\t<\/div>\n\n\t<div class=\"wpb_video_widget wpb_content_element vc_clearfix vc_video-aspect-ratio-169 vc_video-el-width-100 vc_video-align-left wd-rs-6839beb3f26be\" >\n\t\t<div class=\"wpb_wrapper\">\n\t\t\t\n\t\t\t<div class=\"wpb_video_wrapper\"><iframe loading=\"lazy\" title=\"Siesta Exclusive | Helen Folding Table \u00d860\" width=\"500\" height=\"281\" src=\"https:\/\/www.youtube.com\/embed\/1QL-Cqg24vQ?feature=oembed\" frameborder=\"0\" allow=\"accelerometer; autoplay; clipboard-write; encrypted-media; gyroscope; picture-in-picture; web-share\" referrerpolicy=\"strict-origin-when-cross-origin\" allowfullscreen><\/iframe><\/div>\n\t\t<\/div>\n\t<\/div>\n\n\t<div class=\"wpb_text_column wpb_content_element\" >\n\t\t<div class=\"wpb_wrapper\">\n\t\t\t<p><span style=\"font-size: 18pt\">Document<\/span><br \/>\n<a href=\"https:\/\/shop.bjerring-sales.dk\/wp-content\/uploads\/2021\/03\/PDF-doc-16.png\"><img loading=\"lazy\" decoding=\"async\" class=\"alignnone wp-image-72653 size-full\" src=\"https:\/\/shop.bjerring-sales.dk\/wp-content\/uploads\/2021\/03\/PDF-doc-16.png\" alt=\"\" width=\"16\" height=\"16\" \/><\/a>\u00a0<a href=\"https:\/\/elj.se\/wp-content\/uploads\/2025\/04\/helen-60-rund-monteringsanvisning.pdf\" target=\"_blank\" rel=\"noopener\">Download assembly instructions<\/a><br \/>\n<a href=\"https:\/\/shop.bjerring-sales.dk\/wp-content\/uploads\/2021\/03\/PDF-doc-16.png\"><img loading=\"lazy\" decoding=\"async\" class=\"alignnone wp-image-72653 size-full\" src=\"https:\/\/shop.bjerring-sales.dk\/wp-content\/uploads\/2021\/03\/PDF-doc-16.png\" alt=\"\" width=\"16\" height=\"16\" \/><\/a> <a href=\"https:\/\/elj.se\/wp-content\/uploads\/2025\/04\/helen-60-rund-produktblad.pdf\" target=\"_blank\" rel=\"noopener\">Download product sheet<\/a><\/p>\n\n\t\t<\/div>\n\t<\/div>\n<\/div><\/div><\/div><\/div>\n<\/div>","protected":false},"excerpt":{"rendered":"<p>Helen round folding table is made of durable, weather-resistant resin. It will never stain, rust or decay. The table is UV-protected, which means the colors will not fade over time. Suitable for both indoor and outdoor use.<\/p>","protected":false},"featured_media":100729,"template":"","meta":{"iawp_total_views":35},"product_brand":[],"product_cat":[6357,5863,6343,6304,5911],"product_tag":[6168,6169],"class_list":{"0":"post-100723","1":"product","2":"type-product","3":"status-publish","4":"has-post-thumbnail","6":"product_cat-siesta-exclusive","7":"product_cat-fallbara-bord","8":"product_cat-bord-utomhus","9":"product_cat-utemobler","10":"product_cat-cafebord","11":"product_tag-cafebord-runda","12":"product_tag-fallbart-cafebord","14":"first","15":"instock","16":"taxable","17":"shipping-taxable","18":"purchasable","19":"product-type-variable"},"yoast_head":"<!-- This site is optimized with the Yoast SEO plugin v27.0 - https:\/\/yoast.com\/product\/yoast-seo-wordpress\/ -->\n<title>Helen f\u00e4llbart bord \u00d860 - Bjerring-Sales<\/title>\n<meta name=\"description\" content=\"Helen runt f\u00e4llbord \u00e4r tillverkat av slitstark, v\u00e4derbest\u00e4ndig resin. Det kommer aldrig att fl\u00e4cka, rosta eller f\u00f6rfalla.\" \/>\n<meta name=\"robots\" content=\"index, follow, max-snippet:-1, max-image-preview:large, max-video-preview:-1\" \/>\n<link rel=\"canonical\" href=\"https:\/\/shop.bjerring-sales.dk\/en\/product\/helen-fallbart-bord-o60\/\" \/>\n<meta property=\"og:locale\" content=\"en_GB\" \/>\n<meta property=\"og:type\" content=\"article\" \/>\n<meta property=\"og:title\" content=\"Ett stilrent matbord som passar lika bra inomhus som utomhus!\" \/>\n<meta property=\"og:description\" content=\"Helen runt f\u00e4llbord \u00e4r tillverkat av slitstark, v\u00e4derbest\u00e4ndig resin. Det kommer aldrig att fl\u00e4cka, rosta eller f\u00f6rfalla.\" \/>\n<meta property=\"og:url\" content=\"https:\/\/shop.bjerring-sales.dk\/en\/product\/helen-fallbart-bord-o60\/\" \/>\n<meta property=\"og:site_name\" content=\"Bjerring-Sales\" \/>\n<meta property=\"article:modified_time\" content=\"2026-04-16T14:18:12+00:00\" \/>\n<meta property=\"og:image\" content=\"https:\/\/shop.bjerring-sales.dk\/wp-content\/uploads\/2025\/04\/elj-helen-fallbart-bord-60-round-miljobild-04-800px.jpg\" \/>\n\t<meta property=\"og:image:width\" content=\"800\" \/>\n\t<meta property=\"og:image:height\" content=\"609\" \/>\n\t<meta property=\"og:image:type\" content=\"image\/jpeg\" \/>\n<meta name=\"twitter:card\" content=\"summary_large_image\" \/>\n<meta name=\"twitter:title\" content=\"Ett stilrent matbord som passar lika bra inomhus som utomhus!\" \/>\n<meta name=\"twitter:description\" content=\"Helen runt f\u00e4llbord \u00e4r tillverkat av slitstark, v\u00e4derbest\u00e4ndig resin. Det kommer aldrig att fl\u00e4cka, rosta eller f\u00f6rfalla.\" \/>\n<meta name=\"twitter:image\" content=\"https:\/\/shop.bjerring-sales.dk\/wp-content\/uploads\/2025\/04\/elj-helen-fallbart-bord-60-round-miljobild-04-800px.jpg\" \/>\n<meta name=\"twitter:label1\" content=\"Estimated reading time\" \/>\n\t<meta name=\"twitter:data1\" content=\"3 minutes\" \/>\n<script type=\"application\/ld+json\" class=\"yoast-schema-graph\">{\"@context\":\"https:\/\/schema.org\",\"@graph\":[{\"@type\":\"WebPage\",\"@id\":\"https:\/\/shop.bjerring-sales.dk\/sv\/produkt\/helen-fallbart-bord-o60\/\",\"url\":\"https:\/\/shop.bjerring-sales.dk\/sv\/produkt\/helen-fallbart-bord-o60\/\",\"name\":\"Helen f\u00e4llbart bord \u00d860 - Bjerring-Sales\",\"isPartOf\":{\"@id\":\"https:\/\/shop.bjerring-sales.dk\/#website\"},\"primaryImageOfPage\":{\"@id\":\"https:\/\/shop.bjerring-sales.dk\/sv\/produkt\/helen-fallbart-bord-o60\/#primaryimage\"},\"image\":{\"@id\":\"https:\/\/shop.bjerring-sales.dk\/sv\/produkt\/helen-fallbart-bord-o60\/#primaryimage\"},\"thumbnailUrl\":\"https:\/\/shop.bjerring-sales.dk\/wp-content\/uploads\/2025\/03\/helen-folding-table-60-round-black-800x800px.jpg\",\"datePublished\":\"2025-04-25T11:08:03+00:00\",\"dateModified\":\"2026-04-16T14:18:12+00:00\",\"description\":\"Helen runt f\u00e4llbord \u00e4r tillverkat av slitstark, v\u00e4derbest\u00e4ndig resin. Det kommer aldrig att fl\u00e4cka, rosta eller f\u00f6rfalla.\",\"breadcrumb\":{\"@id\":\"https:\/\/shop.bjerring-sales.dk\/sv\/produkt\/helen-fallbart-bord-o60\/#breadcrumb\"},\"inLanguage\":\"en-GB\",\"potentialAction\":[{\"@type\":\"ReadAction\",\"target\":[\"https:\/\/shop.bjerring-sales.dk\/sv\/produkt\/helen-fallbart-bord-o60\/\"]}]},{\"@type\":\"ImageObject\",\"inLanguage\":\"en-GB\",\"@id\":\"https:\/\/shop.bjerring-sales.dk\/sv\/produkt\/helen-fallbart-bord-o60\/#primaryimage\",\"url\":\"https:\/\/shop.bjerring-sales.dk\/wp-content\/uploads\/2025\/03\/helen-folding-table-60-round-black-800x800px.jpg\",\"contentUrl\":\"https:\/\/shop.bjerring-sales.dk\/wp-content\/uploads\/2025\/03\/helen-folding-table-60-round-black-800x800px.jpg\",\"width\":800,\"height\":800},{\"@type\":\"BreadcrumbList\",\"@id\":\"https:\/\/shop.bjerring-sales.dk\/sv\/produkt\/helen-fallbart-bord-o60\/#breadcrumb\",\"itemListElement\":[{\"@type\":\"ListItem\",\"position\":1,\"name\":\"Hem\",\"item\":\"https:\/\/shop.bjerring-sales.dk\/\"},{\"@type\":\"ListItem\",\"position\":2,\"name\":\"Webbutik\",\"item\":\"https:\/\/shop.bjerring-sales.dk\/butik\/\"},{\"@type\":\"ListItem\",\"position\":3,\"name\":\"Helen f\u00e4llbart bord \u00d860\"}]},{\"@type\":\"WebSite\",\"@id\":\"https:\/\/shop.bjerring-sales.dk\/#website\",\"url\":\"https:\/\/shop.bjerring-sales.dk\/\",\"name\":\"Bjerring-Sales\",\"description\":\"M\u00f6bler f\u00f6r teatrar, skolor, kontor och k\u00f6pcentrum\",\"publisher\":{\"@id\":\"https:\/\/shop.bjerring-sales.dk\/#organization\"},\"potentialAction\":[{\"@type\":\"SearchAction\",\"target\":{\"@type\":\"EntryPoint\",\"urlTemplate\":\"https:\/\/shop.bjerring-sales.dk\/?s={search_term_string}\"},\"query-input\":{\"@type\":\"PropertyValueSpecification\",\"valueRequired\":true,\"valueName\":\"search_term_string\"}}],\"inLanguage\":\"en-GB\"},{\"@type\":\"Organization\",\"@id\":\"https:\/\/shop.bjerring-sales.dk\/#organization\",\"name\":\"Bjerring-Sales\",\"url\":\"https:\/\/shop.bjerring-sales.dk\/\",\"logo\":{\"@type\":\"ImageObject\",\"inLanguage\":\"en-GB\",\"@id\":\"https:\/\/shop.bjerring-sales.dk\/#\/schema\/logo\/image\/\",\"url\":\"https:\/\/shop.bjerring-sales.dk\/wp-content\/uploads\/2023\/01\/logo_sv.png\",\"contentUrl\":\"https:\/\/shop.bjerring-sales.dk\/wp-content\/uploads\/2023\/01\/logo_sv.png\",\"width\":195,\"height\":68,\"caption\":\"Bjerring-Sales\"},\"image\":{\"@id\":\"https:\/\/shop.bjerring-sales.dk\/#\/schema\/logo\/image\/\"}}]}<\/script>\n<!-- \/ Yoast SEO plugin. -->","yoast_head_json":{"title":"Helen f\u00e4llbart bord \u00d860 - Bjerring-Sales","description":"Helen runt f\u00e4llbord \u00e4r tillverkat av slitstark, v\u00e4derbest\u00e4ndig resin. Det kommer aldrig att fl\u00e4cka, rosta eller f\u00f6rfalla.","robots":{"index":"index","follow":"follow","max-snippet":"max-snippet:-1","max-image-preview":"max-image-preview:large","max-video-preview":"max-video-preview:-1"},"canonical":"https:\/\/shop.bjerring-sales.dk\/en\/product\/helen-fallbart-bord-o60\/","og_locale":"en_GB","og_type":"article","og_title":"Ett stilrent matbord som passar lika bra inomhus som utomhus!","og_description":"Helen runt f\u00e4llbord \u00e4r tillverkat av slitstark, v\u00e4derbest\u00e4ndig resin. Det kommer aldrig att fl\u00e4cka, rosta eller f\u00f6rfalla.","og_url":"https:\/\/shop.bjerring-sales.dk\/en\/product\/helen-fallbart-bord-o60\/","og_site_name":"Bjerring-Sales","article_modified_time":"2026-04-16T14:18:12+00:00","og_image":[{"width":800,"height":609,"url":"https:\/\/shop.bjerring-sales.dk\/wp-content\/uploads\/2025\/04\/elj-helen-fallbart-bord-60-round-miljobild-04-800px.jpg","type":"image\/jpeg"}],"twitter_card":"summary_large_image","twitter_title":"Ett stilrent matbord som passar lika bra inomhus som utomhus!","twitter_description":"Helen runt f\u00e4llbord \u00e4r tillverkat av slitstark, v\u00e4derbest\u00e4ndig resin. Det kommer aldrig att fl\u00e4cka, rosta eller f\u00f6rfalla.","twitter_image":"https:\/\/shop.bjerring-sales.dk\/wp-content\/uploads\/2025\/04\/elj-helen-fallbart-bord-60-round-miljobild-04-800px.jpg","twitter_misc":{"Estimated reading time":"3 minutes"},"schema":{"@context":"https:\/\/schema.org","@graph":[{"@type":"WebPage","@id":"https:\/\/shop.bjerring-sales.dk\/sv\/produkt\/helen-fallbart-bord-o60\/","url":"https:\/\/shop.bjerring-sales.dk\/sv\/produkt\/helen-fallbart-bord-o60\/","name":"Helen f\u00e4llbart bord \u00d860 - Bjerring-Sales","isPartOf":{"@id":"https:\/\/shop.bjerring-sales.dk\/#website"},"primaryImageOfPage":{"@id":"https:\/\/shop.bjerring-sales.dk\/sv\/produkt\/helen-fallbart-bord-o60\/#primaryimage"},"image":{"@id":"https:\/\/shop.bjerring-sales.dk\/sv\/produkt\/helen-fallbart-bord-o60\/#primaryimage"},"thumbnailUrl":"https:\/\/shop.bjerring-sales.dk\/wp-content\/uploads\/2025\/03\/helen-folding-table-60-round-black-800x800px.jpg","datePublished":"2025-04-25T11:08:03+00:00","dateModified":"2026-04-16T14:18:12+00:00","description":"Helen runt f\u00e4llbord \u00e4r tillverkat av slitstark, v\u00e4derbest\u00e4ndig resin. Det kommer aldrig att fl\u00e4cka, rosta eller f\u00f6rfalla.","breadcrumb":{"@id":"https:\/\/shop.bjerring-sales.dk\/sv\/produkt\/helen-fallbart-bord-o60\/#breadcrumb"},"inLanguage":"en-GB","potentialAction":[{"@type":"ReadAction","target":["https:\/\/shop.bjerring-sales.dk\/sv\/produkt\/helen-fallbart-bord-o60\/"]}]},{"@type":"ImageObject","inLanguage":"en-GB","@id":"https:\/\/shop.bjerring-sales.dk\/sv\/produkt\/helen-fallbart-bord-o60\/#primaryimage","url":"https:\/\/shop.bjerring-sales.dk\/wp-content\/uploads\/2025\/03\/helen-folding-table-60-round-black-800x800px.jpg","contentUrl":"https:\/\/shop.bjerring-sales.dk\/wp-content\/uploads\/2025\/03\/helen-folding-table-60-round-black-800x800px.jpg","width":800,"height":800},{"@type":"BreadcrumbList","@id":"https:\/\/shop.bjerring-sales.dk\/sv\/produkt\/helen-fallbart-bord-o60\/#breadcrumb","itemListElement":[{"@type":"ListItem","position":1,"name":"Hem","item":"https:\/\/shop.bjerring-sales.dk\/"},{"@type":"ListItem","position":2,"name":"Webbutik","item":"https:\/\/shop.bjerring-sales.dk\/butik\/"},{"@type":"ListItem","position":3,"name":"Helen f\u00e4llbart bord \u00d860"}]},{"@type":"WebSite","@id":"https:\/\/shop.bjerring-sales.dk\/#website","url":"https:\/\/shop.bjerring-sales.dk\/","name":"Bjerring Sales","description":"Furniture for theatres, schools, offices and shopping centres","publisher":{"@id":"https:\/\/shop.bjerring-sales.dk\/#organization"},"potentialAction":[{"@type":"SearchAction","target":{"@type":"EntryPoint","urlTemplate":"https:\/\/shop.bjerring-sales.dk\/?s={search_term_string}"},"query-input":{"@type":"PropertyValueSpecification","valueRequired":true,"valueName":"search_term_string"}}],"inLanguage":"en-GB"},{"@type":"Organization","@id":"https:\/\/shop.bjerring-sales.dk\/#organization","name":"Bjerring Sales","url":"https:\/\/shop.bjerring-sales.dk\/","logo":{"@type":"ImageObject","inLanguage":"en-GB","@id":"https:\/\/shop.bjerring-sales.dk\/#\/schema\/logo\/image\/","url":"https:\/\/shop.bjerring-sales.dk\/wp-content\/uploads\/2023\/01\/logo_sv.png","contentUrl":"https:\/\/shop.bjerring-sales.dk\/wp-content\/uploads\/2023\/01\/logo_sv.png","width":195,"height":68,"caption":"Bjerring-Sales"},"image":{"@id":"https:\/\/shop.bjerring-sales.dk\/#\/schema\/logo\/image\/"}}]}},"_links":{"self":[{"href":"https:\/\/shop.bjerring-sales.dk\/en\/wp-json\/wp\/v2\/product\/100723","targetHints":{"allow":["GET"]}}],"collection":[{"href":"https:\/\/shop.bjerring-sales.dk\/en\/wp-json\/wp\/v2\/product"}],"about":[{"href":"https:\/\/shop.bjerring-sales.dk\/en\/wp-json\/wp\/v2\/types\/product"}],"wp:featuredmedia":[{"embeddable":true,"href":"https:\/\/shop.bjerring-sales.dk\/en\/wp-json\/wp\/v2\/media\/100729"}],"wp:attachment":[{"href":"https:\/\/shop.bjerring-sales.dk\/en\/wp-json\/wp\/v2\/media?parent=100723"}],"wp:term":[{"taxonomy":"product_brand","embeddable":true,"href":"https:\/\/shop.bjerring-sales.dk\/en\/wp-json\/wp\/v2\/product_brand?post=100723"},{"taxonomy":"product_cat","embeddable":true,"href":"https:\/\/shop.bjerring-sales.dk\/en\/wp-json\/wp\/v2\/product_cat?post=100723"},{"taxonomy":"product_tag","embeddable":true,"href":"https:\/\/shop.bjerring-sales.dk\/en\/wp-json\/wp\/v2\/product_tag?post=100723"}],"curies":[{"name":"wp","href":"https:\/\/api.w.org\/{rel}","templated":true}]}}