{"id":100695,"date":"2025-04-25T13:07:54","date_gmt":"2025-04-25T11:07:54","guid":{"rendered":"https:\/\/shop.bjerring-sales.dk\/sv\/?post_type=product&#038;p=100695"},"modified":"2026-03-30T07:35:18","modified_gmt":"2026-03-30T05:35:18","slug":"helen-stapelbar-stol","status":"publish","type":"product","link":"https:\/\/shop.bjerring-sales.dk\/en\/product\/helen-stapelbar-stol\/","title":{"rendered":"Helen stackable chair"},"content":{"rendered":"<div class=\"wpb-content-wrapper\"><div class=\"vc_row wpb_row vc_row-fluid\"><div class=\"wpb_column vc_column_container vc_col-sm-12\"><div class=\"vc_column-inner\"><div class=\"wpb_wrapper\">\n\t<div class=\"wpb_text_column wpb_content_element\" >\n\t\t<div class=\"wpb_wrapper\">\n\t\t\t<p><span style=\"font-size: 24pt\">Helen \u2013 A stable stackable chair for private and public environments!<br \/>\n<\/span>The stackable Helen chair is manufactured using the latest air molding technology. Polypropylene reinforced with fiberglass provides perfect control of channel drainage and wall thickness.<\/p>\n\n\t\t<\/div>\n\t<\/div>\n<\/div><\/div><\/div><\/div><div class=\"vc_row wpb_row vc_row-fluid\"><div class=\"wpb_column vc_column_container vc_col-sm-4\"><div class=\"vc_column-inner\"><div class=\"wpb_wrapper\">\n\t<div  class=\"wpb_single_image wpb_content_element vc_align_center\">\n\t\t\n\t\t<figure class=\"wpb_wrapper vc_figure\">\n\t\t\t<div class=\"vc_single_image-wrapper vc_box_shadow_border  vc_box_border_grey\"><img loading=\"lazy\" decoding=\"async\" width=\"800\" height=\"609\" src=\"https:\/\/shop.bjerring-sales.dk\/wp-content\/uploads\/2025\/04\/elj-helen-stapelbar-stol-miljobild-03-800px.jpg\" class=\"vc_single_image-img attachment-full\" alt=\"\" title=\"elj-helen-stackable-chair-environment-picture-03-800px\" srcset=\"https:\/\/shop.bjerring-sales.dk\/wp-content\/uploads\/2025\/04\/elj-helen-stapelbar-stol-miljobild-03-800px.jpg 800w, https:\/\/shop.bjerring-sales.dk\/wp-content\/uploads\/2025\/04\/elj-helen-stapelbar-stol-miljobild-03-800px-300x228.jpg 300w, https:\/\/shop.bjerring-sales.dk\/wp-content\/uploads\/2025\/04\/elj-helen-stapelbar-stol-miljobild-03-800px-768x585.jpg 768w, https:\/\/shop.bjerring-sales.dk\/wp-content\/uploads\/2025\/04\/elj-helen-stapelbar-stol-miljobild-03-800px-16x12.jpg 16w, https:\/\/shop.bjerring-sales.dk\/wp-content\/uploads\/2025\/04\/elj-helen-stapelbar-stol-miljobild-03-800px-600x457.jpg 600w, https:\/\/shop.bjerring-sales.dk\/wp-content\/uploads\/2025\/04\/elj-helen-stapelbar-stol-miljobild-03-800px-150x114.jpg 150w\" sizes=\"auto, (max-width: 800px) 100vw, 800px\" \/><\/div>\n\t\t<\/figure>\n\t<\/div>\n<\/div><\/div><\/div><div class=\"wpb_column vc_column_container vc_col-sm-4\"><div class=\"vc_column-inner\"><div class=\"wpb_wrapper\">\n\t<div  class=\"wpb_single_image wpb_content_element vc_align_center\">\n\t\t\n\t\t<figure class=\"wpb_wrapper vc_figure\">\n\t\t\t<div class=\"vc_single_image-wrapper vc_box_shadow_border  vc_box_border_grey\"><img loading=\"lazy\" decoding=\"async\" width=\"800\" height=\"609\" src=\"https:\/\/shop.bjerring-sales.dk\/wp-content\/uploads\/2025\/04\/elj-helen-stapelbar-stol-miljobild-06-800px.jpg\" class=\"vc_single_image-img attachment-full\" alt=\"\" title=\"elj-helen-stackable-chair-environment-picture-06-800px\" srcset=\"https:\/\/shop.bjerring-sales.dk\/wp-content\/uploads\/2025\/04\/elj-helen-stapelbar-stol-miljobild-06-800px.jpg 800w, https:\/\/shop.bjerring-sales.dk\/wp-content\/uploads\/2025\/04\/elj-helen-stapelbar-stol-miljobild-06-800px-300x228.jpg 300w, https:\/\/shop.bjerring-sales.dk\/wp-content\/uploads\/2025\/04\/elj-helen-stapelbar-stol-miljobild-06-800px-768x585.jpg 768w, https:\/\/shop.bjerring-sales.dk\/wp-content\/uploads\/2025\/04\/elj-helen-stapelbar-stol-miljobild-06-800px-16x12.jpg 16w, https:\/\/shop.bjerring-sales.dk\/wp-content\/uploads\/2025\/04\/elj-helen-stapelbar-stol-miljobild-06-800px-600x457.jpg 600w, https:\/\/shop.bjerring-sales.dk\/wp-content\/uploads\/2025\/04\/elj-helen-stapelbar-stol-miljobild-06-800px-150x114.jpg 150w\" sizes=\"auto, (max-width: 800px) 100vw, 800px\" \/><\/div>\n\t\t<\/figure>\n\t<\/div>\n<\/div><\/div><\/div><div class=\"wpb_column vc_column_container vc_col-sm-4\"><div class=\"vc_column-inner\"><div class=\"wpb_wrapper\">\n\t<div  class=\"wpb_single_image wpb_content_element vc_align_center\">\n\t\t\n\t\t<figure class=\"wpb_wrapper vc_figure\">\n\t\t\t<div class=\"vc_single_image-wrapper vc_box_shadow_border  vc_box_border_grey\"><img loading=\"lazy\" decoding=\"async\" width=\"800\" height=\"609\" src=\"https:\/\/shop.bjerring-sales.dk\/wp-content\/uploads\/2025\/04\/elj-helen-stapelbar-stol-miljobild-18-800px.jpg\" class=\"vc_single_image-img attachment-full\" alt=\"\" title=\"elj-helen-stackable-chair-environment-picture-18-800px\" srcset=\"https:\/\/shop.bjerring-sales.dk\/wp-content\/uploads\/2025\/04\/elj-helen-stapelbar-stol-miljobild-18-800px.jpg 800w, https:\/\/shop.bjerring-sales.dk\/wp-content\/uploads\/2025\/04\/elj-helen-stapelbar-stol-miljobild-18-800px-300x228.jpg 300w, https:\/\/shop.bjerring-sales.dk\/wp-content\/uploads\/2025\/04\/elj-helen-stapelbar-stol-miljobild-18-800px-768x585.jpg 768w, https:\/\/shop.bjerring-sales.dk\/wp-content\/uploads\/2025\/04\/elj-helen-stapelbar-stol-miljobild-18-800px-16x12.jpg 16w, https:\/\/shop.bjerring-sales.dk\/wp-content\/uploads\/2025\/04\/elj-helen-stapelbar-stol-miljobild-18-800px-600x457.jpg 600w, https:\/\/shop.bjerring-sales.dk\/wp-content\/uploads\/2025\/04\/elj-helen-stapelbar-stol-miljobild-18-800px-150x114.jpg 150w\" sizes=\"auto, (max-width: 800px) 100vw, 800px\" \/><\/div>\n\t\t<\/figure>\n\t<\/div>\n<\/div><\/div><\/div><\/div><div class=\"vc_row wpb_row vc_row-fluid\"><div class=\"wpb_column vc_column_container vc_col-sm-6\"><div class=\"vc_column-inner\"><div class=\"wpb_wrapper\">\n\t<div class=\"wpb_text_column wpb_content_element\" >\n\t\t<div class=\"wpb_wrapper\">\n\t\t\t<p><span style=\"font-size: 18pt\">Design<\/span><br \/>\nWhen the designers came up with the design of the Helen chair, there were a few important key factors. The primary one was to create a stackable chair for indoor and outdoor use. The chair should be easy to furnish with and be of high quality. The Helen chair meets all of the points mentioned and is therefore very suitable for both private and public contexts. Examples of this are restaurants, cafes, outdoor cafes, conferences, events and at home in the garden.<\/p>\n<p><span style=\"font-size: 18pt\">Colors<\/span><br \/>\nHelen stackable chair is stocked in black, dark grey, taupe, olive green and marsala<\/p>\n<p><span style=\"font-size: 18pt\"><a href=\"https:\/\/shop.bjerring-sales.dk\/wp-content\/uploads\/2025\/04\/helenstapelbar-allafarger.jpg\"><img loading=\"lazy\" decoding=\"async\" class=\"alignnone size-full wp-image-100860\" src=\"https:\/\/shop.bjerring-sales.dk\/wp-content\/uploads\/2025\/04\/helenstapelbar-allafarger.jpg\" alt=\"\" width=\"1206\" height=\"309\" srcset=\"https:\/\/shop.bjerring-sales.dk\/wp-content\/uploads\/2025\/04\/helenstapelbar-allafarger.jpg 1206w, https:\/\/shop.bjerring-sales.dk\/wp-content\/uploads\/2025\/04\/helenstapelbar-allafarger-300x77.jpg 300w, https:\/\/shop.bjerring-sales.dk\/wp-content\/uploads\/2025\/04\/helenstapelbar-allafarger-1024x262.jpg 1024w, https:\/\/shop.bjerring-sales.dk\/wp-content\/uploads\/2025\/04\/helenstapelbar-allafarger-768x197.jpg 768w, https:\/\/shop.bjerring-sales.dk\/wp-content\/uploads\/2025\/04\/helenstapelbar-allafarger-18x5.jpg 18w, https:\/\/shop.bjerring-sales.dk\/wp-content\/uploads\/2025\/04\/helenstapelbar-allafarger-600x154.jpg 600w, https:\/\/shop.bjerring-sales.dk\/wp-content\/uploads\/2025\/04\/helenstapelbar-allafarger-150x38.jpg 150w\" sizes=\"auto, (max-width: 1206px) 100vw, 1206px\" \/><\/a><\/span><\/p>\n<p><span style=\"font-size: 18pt\">Specifications<\/span><\/p>\n<ul>\n<li>Made of UV stabilized polypropylene reinforced with fiberglass<\/li>\n<li>Stacks 6 chairs<\/li>\n<li>Suitable for both indoors and outdoors<\/li>\n<li>UV-resistant and water-repellent<\/li>\n<li>Certified and tested by CATAS. Italian institute for certification, research and testing in the furniture sector. Expert center for research and industrial analysis<\/li>\n<li>Made in Europe<\/li>\n<\/ul>\n<p><span style=\"font-size: 18pt\">Measure<\/span><\/p>\n<ul>\n<li>Height: 840 mm<\/li>\n<li>Width: 500 mm<\/li>\n<li>Depth: 590mm<\/li>\n<li>Seat height: 470 mm<\/li>\n<\/ul>\n\n\t\t<\/div>\n\t<\/div>\n<\/div><\/div><\/div><div class=\"wpb_column vc_column_container vc_col-sm-6\"><div class=\"vc_column-inner\"><div class=\"wpb_wrapper\">\n\t<div class=\"wpb_text_column wpb_content_element\" >\n\t\t<div class=\"wpb_wrapper\">\n\t\t\t<p><span style=\"font-size: 18pt\">Weight<\/span><\/p>\n<ul>\n<li>3.75 kg<\/li>\n<\/ul>\n<p><span style=\"font-size: 18pt\">MOQ<\/span><\/p>\n<ul>\n<li>4 pcs when ordering a color that is part of our standard range.<\/li>\n<\/ul>\n\n\t\t<\/div>\n\t<\/div>\n\n\t<div class=\"wpb_text_column wpb_content_element vc_custom_1748615447687\" >\n\t\t<div class=\"wpb_wrapper\">\n\t\t\t<p><span style=\"font-size: 18pt\">Video<\/span><\/p>\n\n\t\t<\/div>\n\t<\/div>\n\n\t<div class=\"wpb_video_widget wpb_content_element vc_clearfix vc_video-aspect-ratio-169 vc_video-el-width-100 vc_video-align-left wd-rs-683ae2de2d9a2\" >\n\t\t<div class=\"wpb_wrapper\">\n\t\t\t\n\t\t\t<div class=\"wpb_video_wrapper\"><iframe loading=\"lazy\" title=\"Siesta Exclusive | Helen Chair\" width=\"500\" height=\"281\" src=\"https:\/\/www.youtube.com\/embed\/8sFki6Vd1Hc?feature=oembed\" frameborder=\"0\" allow=\"accelerometer; autoplay; clipboard-write; encrypted-media; gyroscope; picture-in-picture; web-share\" referrerpolicy=\"strict-origin-when-cross-origin\" allowfullscreen><\/iframe><\/div>\n\t\t<\/div>\n\t<\/div>\n\n\t<div class=\"wpb_text_column wpb_content_element\" >\n\t\t<div class=\"wpb_wrapper\">\n\t\t\t<p><span style=\"font-size: 18pt\">Document<\/span><br \/>\n<a href=\"https:\/\/shop.bjerring-sales.dk\/wp-content\/uploads\/2021\/03\/PDF-doc-16.png\"><img loading=\"lazy\" decoding=\"async\" class=\"alignnone size-full wp-image-72653\" src=\"https:\/\/shop.bjerring-sales.dk\/wp-content\/uploads\/2021\/03\/PDF-doc-16.png\" alt=\"\" width=\"16\" height=\"16\" \/><\/a> <a href=\"https:\/\/elj.se\/wp-content\/uploads\/2025\/04\/helen_chair_catas_test_report-1676380766.pdf\" target=\"_blank\" rel=\"noopener\">Download certification<\/a><br \/>\n<a href=\"https:\/\/shop.bjerring-sales.dk\/wp-content\/uploads\/2021\/03\/PDF-doc-16.png\"><img loading=\"lazy\" decoding=\"async\" class=\"alignnone size-full wp-image-72653\" src=\"https:\/\/shop.bjerring-sales.dk\/wp-content\/uploads\/2021\/03\/PDF-doc-16.png\" alt=\"\" width=\"16\" height=\"16\" \/><\/a> <a href=\"https:\/\/elj.se\/wp-content\/uploads\/2025\/04\/helen-stapelbar-stol-produktblad.pdf\" target=\"_blank\" rel=\"noopener\">Download product sheet<\/a><\/p>\n\n\t\t<\/div>\n\t<\/div>\n<\/div><\/div><\/div><\/div>\n<\/div>","protected":false},"excerpt":{"rendered":"<p>Helen stacking chair is made in one piece of polypropylene reinforced with fiberglass, using the latest generation air-forming technology in neutral tones. Suitable for both indoor and outdoor use.<\/p>","protected":false},"featured_media":100693,"template":"","meta":{"iawp_total_views":43},"product_brand":[],"product_cat":[6357,6344,5791,5825,6304,5896],"product_tag":[6203,6281,5850,5887,5980],"class_list":{"0":"post-100695","1":"product","2":"type-product","3":"status-publish","4":"has-post-thumbnail","6":"product_cat-siesta-exclusive","7":"product_cat-stolar-utomhus","8":"product_cat-stolar","9":"product_cat-stapelbara-stolar","10":"product_cat-utemobler","11":"product_cat-barstolar","12":"product_tag-cafestol","13":"product_tag-tradgardsstol","14":"product_tag-stapelbar-stol","15":"product_tag-matsalsstol","16":"product_tag-siesta-exclusive","18":"first","19":"instock","20":"taxable","21":"shipping-taxable","22":"purchasable","23":"product-type-variable"},"yoast_head":"<!-- This site is optimized with the Yoast SEO plugin v27.0 - https:\/\/yoast.com\/product\/yoast-seo-wordpress\/ -->\n<title>Helen stapelbar stol - Bjerring-Sales<\/title>\n<meta name=\"description\" content=\"Vid tillverkningen av den stapelbara Helen stolen anv\u00e4nder man den senaste tekniken med air molding. Polypropen som f\u00f6rst\u00e4rkts med glasfiber ger en perfekt kontroll av kanalavtappning och v\u00e4ggtjocklek.\" \/>\n<meta name=\"robots\" content=\"index, follow, max-snippet:-1, max-image-preview:large, max-video-preview:-1\" \/>\n<link rel=\"canonical\" href=\"https:\/\/shop.bjerring-sales.dk\/en\/product\/helen-stapelbar-stol\/\" \/>\n<meta property=\"og:locale\" content=\"en_GB\" \/>\n<meta property=\"og:type\" content=\"article\" \/>\n<meta property=\"og:title\" content=\"Helen \u2013 En stabil stapelbar stol f\u00f6r privat och offentlig milj\u00f6!\" \/>\n<meta property=\"og:description\" content=\"Vid tillverkningen av den stapelbara Helen stolen anv\u00e4nder man den senaste tekniken med air molding. Polypropen som f\u00f6rst\u00e4rkts med glasfiber ger en perfekt kontroll av kanalavtappning och v\u00e4ggtjocklek.\" \/>\n<meta property=\"og:url\" content=\"https:\/\/shop.bjerring-sales.dk\/en\/product\/helen-stapelbar-stol\/\" \/>\n<meta property=\"og:site_name\" content=\"Bjerring-Sales\" \/>\n<meta property=\"article:modified_time\" content=\"2026-03-30T05:35:18+00:00\" \/>\n<meta property=\"og:image\" content=\"https:\/\/shop.bjerring-sales.dk\/wp-content\/uploads\/2025\/04\/elj-helen-stapelbar-stol-miljobild-06-800px.jpg\" \/>\n\t<meta property=\"og:image:width\" content=\"800\" \/>\n\t<meta property=\"og:image:height\" content=\"609\" \/>\n\t<meta property=\"og:image:type\" content=\"image\/jpeg\" \/>\n<meta name=\"twitter:card\" content=\"summary_large_image\" \/>\n<meta name=\"twitter:title\" content=\"Helen \u2013 En stabil stapelbar stol f\u00f6r privat och offentlig milj\u00f6!\" \/>\n<meta name=\"twitter:description\" content=\"Vid tillverkningen av den stapelbara Helen stolen anv\u00e4nder man den senaste tekniken med air molding. Polypropen som f\u00f6rst\u00e4rkts med glasfiber ger en perfekt kontroll av kanalavtappning och v\u00e4ggtjocklek.\" \/>\n<meta name=\"twitter:image\" content=\"https:\/\/shop.bjerring-sales.dk\/wp-content\/uploads\/2025\/04\/elj-helen-stapelbar-stol-miljobild-06-800px.jpg\" \/>\n<meta name=\"twitter:label1\" content=\"Estimated reading time\" \/>\n\t<meta name=\"twitter:data1\" content=\"3 minutes\" \/>\n<script type=\"application\/ld+json\" class=\"yoast-schema-graph\">{\"@context\":\"https:\/\/schema.org\",\"@graph\":[{\"@type\":\"WebPage\",\"@id\":\"https:\/\/shop.bjerring-sales.dk\/sv\/produkt\/helen-stapelbar-stol\/\",\"url\":\"https:\/\/shop.bjerring-sales.dk\/sv\/produkt\/helen-stapelbar-stol\/\",\"name\":\"Helen stapelbar stol - Bjerring-Sales\",\"isPartOf\":{\"@id\":\"https:\/\/shop.bjerring-sales.dk\/#website\"},\"primaryImageOfPage\":{\"@id\":\"https:\/\/shop.bjerring-sales.dk\/sv\/produkt\/helen-stapelbar-stol\/#primaryimage\"},\"image\":{\"@id\":\"https:\/\/shop.bjerring-sales.dk\/sv\/produkt\/helen-stapelbar-stol\/#primaryimage\"},\"thumbnailUrl\":\"https:\/\/shop.bjerring-sales.dk\/wp-content\/uploads\/2025\/03\/helen-chair-olive-green-800x800px.jpg\",\"datePublished\":\"2025-04-25T11:07:54+00:00\",\"dateModified\":\"2026-03-30T05:35:18+00:00\",\"description\":\"Vid tillverkningen av den stapelbara Helen stolen anv\u00e4nder man den senaste tekniken med air molding. Polypropen som f\u00f6rst\u00e4rkts med glasfiber ger en perfekt kontroll av kanalavtappning och v\u00e4ggtjocklek.\",\"breadcrumb\":{\"@id\":\"https:\/\/shop.bjerring-sales.dk\/sv\/produkt\/helen-stapelbar-stol\/#breadcrumb\"},\"inLanguage\":\"en-GB\",\"potentialAction\":[{\"@type\":\"ReadAction\",\"target\":[\"https:\/\/shop.bjerring-sales.dk\/sv\/produkt\/helen-stapelbar-stol\/\"]}]},{\"@type\":\"ImageObject\",\"inLanguage\":\"en-GB\",\"@id\":\"https:\/\/shop.bjerring-sales.dk\/sv\/produkt\/helen-stapelbar-stol\/#primaryimage\",\"url\":\"https:\/\/shop.bjerring-sales.dk\/wp-content\/uploads\/2025\/03\/helen-chair-olive-green-800x800px.jpg\",\"contentUrl\":\"https:\/\/shop.bjerring-sales.dk\/wp-content\/uploads\/2025\/03\/helen-chair-olive-green-800x800px.jpg\",\"width\":800,\"height\":800},{\"@type\":\"BreadcrumbList\",\"@id\":\"https:\/\/shop.bjerring-sales.dk\/sv\/produkt\/helen-stapelbar-stol\/#breadcrumb\",\"itemListElement\":[{\"@type\":\"ListItem\",\"position\":1,\"name\":\"Hem\",\"item\":\"https:\/\/shop.bjerring-sales.dk\/\"},{\"@type\":\"ListItem\",\"position\":2,\"name\":\"Webbutik\",\"item\":\"https:\/\/shop.bjerring-sales.dk\/butik\/\"},{\"@type\":\"ListItem\",\"position\":3,\"name\":\"Helen stapelbar stol\"}]},{\"@type\":\"WebSite\",\"@id\":\"https:\/\/shop.bjerring-sales.dk\/#website\",\"url\":\"https:\/\/shop.bjerring-sales.dk\/\",\"name\":\"Bjerring-Sales\",\"description\":\"M\u00f6bler f\u00f6r teatrar, skolor, kontor och k\u00f6pcentrum\",\"publisher\":{\"@id\":\"https:\/\/shop.bjerring-sales.dk\/#organization\"},\"potentialAction\":[{\"@type\":\"SearchAction\",\"target\":{\"@type\":\"EntryPoint\",\"urlTemplate\":\"https:\/\/shop.bjerring-sales.dk\/?s={search_term_string}\"},\"query-input\":{\"@type\":\"PropertyValueSpecification\",\"valueRequired\":true,\"valueName\":\"search_term_string\"}}],\"inLanguage\":\"en-GB\"},{\"@type\":\"Organization\",\"@id\":\"https:\/\/shop.bjerring-sales.dk\/#organization\",\"name\":\"Bjerring-Sales\",\"url\":\"https:\/\/shop.bjerring-sales.dk\/\",\"logo\":{\"@type\":\"ImageObject\",\"inLanguage\":\"en-GB\",\"@id\":\"https:\/\/shop.bjerring-sales.dk\/#\/schema\/logo\/image\/\",\"url\":\"https:\/\/shop.bjerring-sales.dk\/wp-content\/uploads\/2023\/01\/logo_sv.png\",\"contentUrl\":\"https:\/\/shop.bjerring-sales.dk\/wp-content\/uploads\/2023\/01\/logo_sv.png\",\"width\":195,\"height\":68,\"caption\":\"Bjerring-Sales\"},\"image\":{\"@id\":\"https:\/\/shop.bjerring-sales.dk\/#\/schema\/logo\/image\/\"}}]}<\/script>\n<!-- \/ Yoast SEO plugin. -->","yoast_head_json":{"title":"Helen stapelbar stol - Bjerring-Sales","description":"The stackable Helen chair is manufactured using the latest air molding technology. Polypropylene reinforced with fiberglass provides perfect control of channel drainage and wall thickness.","robots":{"index":"index","follow":"follow","max-snippet":"max-snippet:-1","max-image-preview":"max-image-preview:large","max-video-preview":"max-video-preview:-1"},"canonical":"https:\/\/shop.bjerring-sales.dk\/en\/product\/helen-stapelbar-stol\/","og_locale":"en_GB","og_type":"article","og_title":"Helen \u2013 En stabil stapelbar stol f\u00f6r privat och offentlig milj\u00f6!","og_description":"Vid tillverkningen av den stapelbara Helen stolen anv\u00e4nder man den senaste tekniken med air molding. Polypropen som f\u00f6rst\u00e4rkts med glasfiber ger en perfekt kontroll av kanalavtappning och v\u00e4ggtjocklek.","og_url":"https:\/\/shop.bjerring-sales.dk\/en\/product\/helen-stapelbar-stol\/","og_site_name":"Bjerring-Sales","article_modified_time":"2026-03-30T05:35:18+00:00","og_image":[{"width":800,"height":609,"url":"https:\/\/shop.bjerring-sales.dk\/wp-content\/uploads\/2025\/04\/elj-helen-stapelbar-stol-miljobild-06-800px.jpg","type":"image\/jpeg"}],"twitter_card":"summary_large_image","twitter_title":"Helen \u2013 En stabil stapelbar stol f\u00f6r privat och offentlig milj\u00f6!","twitter_description":"Vid tillverkningen av den stapelbara Helen stolen anv\u00e4nder man den senaste tekniken med air molding. Polypropen som f\u00f6rst\u00e4rkts med glasfiber ger en perfekt kontroll av kanalavtappning och v\u00e4ggtjocklek.","twitter_image":"https:\/\/shop.bjerring-sales.dk\/wp-content\/uploads\/2025\/04\/elj-helen-stapelbar-stol-miljobild-06-800px.jpg","twitter_misc":{"Estimated reading time":"3 minutes"},"schema":{"@context":"https:\/\/schema.org","@graph":[{"@type":"WebPage","@id":"https:\/\/shop.bjerring-sales.dk\/sv\/produkt\/helen-stapelbar-stol\/","url":"https:\/\/shop.bjerring-sales.dk\/sv\/produkt\/helen-stapelbar-stol\/","name":"Helen stapelbar stol - Bjerring-Sales","isPartOf":{"@id":"https:\/\/shop.bjerring-sales.dk\/#website"},"primaryImageOfPage":{"@id":"https:\/\/shop.bjerring-sales.dk\/sv\/produkt\/helen-stapelbar-stol\/#primaryimage"},"image":{"@id":"https:\/\/shop.bjerring-sales.dk\/sv\/produkt\/helen-stapelbar-stol\/#primaryimage"},"thumbnailUrl":"https:\/\/shop.bjerring-sales.dk\/wp-content\/uploads\/2025\/03\/helen-chair-olive-green-800x800px.jpg","datePublished":"2025-04-25T11:07:54+00:00","dateModified":"2026-03-30T05:35:18+00:00","description":"The stackable Helen chair is manufactured using the latest air molding technology. Polypropylene reinforced with fiberglass provides perfect control of channel drainage and wall thickness.","breadcrumb":{"@id":"https:\/\/shop.bjerring-sales.dk\/sv\/produkt\/helen-stapelbar-stol\/#breadcrumb"},"inLanguage":"en-GB","potentialAction":[{"@type":"ReadAction","target":["https:\/\/shop.bjerring-sales.dk\/sv\/produkt\/helen-stapelbar-stol\/"]}]},{"@type":"ImageObject","inLanguage":"en-GB","@id":"https:\/\/shop.bjerring-sales.dk\/sv\/produkt\/helen-stapelbar-stol\/#primaryimage","url":"https:\/\/shop.bjerring-sales.dk\/wp-content\/uploads\/2025\/03\/helen-chair-olive-green-800x800px.jpg","contentUrl":"https:\/\/shop.bjerring-sales.dk\/wp-content\/uploads\/2025\/03\/helen-chair-olive-green-800x800px.jpg","width":800,"height":800},{"@type":"BreadcrumbList","@id":"https:\/\/shop.bjerring-sales.dk\/sv\/produkt\/helen-stapelbar-stol\/#breadcrumb","itemListElement":[{"@type":"ListItem","position":1,"name":"Hem","item":"https:\/\/shop.bjerring-sales.dk\/"},{"@type":"ListItem","position":2,"name":"Webbutik","item":"https:\/\/shop.bjerring-sales.dk\/butik\/"},{"@type":"ListItem","position":3,"name":"Helen stapelbar stol"}]},{"@type":"WebSite","@id":"https:\/\/shop.bjerring-sales.dk\/#website","url":"https:\/\/shop.bjerring-sales.dk\/","name":"Bjerring Sales","description":"Furniture for theatres, schools, offices and shopping centres","publisher":{"@id":"https:\/\/shop.bjerring-sales.dk\/#organization"},"potentialAction":[{"@type":"SearchAction","target":{"@type":"EntryPoint","urlTemplate":"https:\/\/shop.bjerring-sales.dk\/?s={search_term_string}"},"query-input":{"@type":"PropertyValueSpecification","valueRequired":true,"valueName":"search_term_string"}}],"inLanguage":"en-GB"},{"@type":"Organization","@id":"https:\/\/shop.bjerring-sales.dk\/#organization","name":"Bjerring Sales","url":"https:\/\/shop.bjerring-sales.dk\/","logo":{"@type":"ImageObject","inLanguage":"en-GB","@id":"https:\/\/shop.bjerring-sales.dk\/#\/schema\/logo\/image\/","url":"https:\/\/shop.bjerring-sales.dk\/wp-content\/uploads\/2023\/01\/logo_sv.png","contentUrl":"https:\/\/shop.bjerring-sales.dk\/wp-content\/uploads\/2023\/01\/logo_sv.png","width":195,"height":68,"caption":"Bjerring-Sales"},"image":{"@id":"https:\/\/shop.bjerring-sales.dk\/#\/schema\/logo\/image\/"}}]}},"_links":{"self":[{"href":"https:\/\/shop.bjerring-sales.dk\/en\/wp-json\/wp\/v2\/product\/100695","targetHints":{"allow":["GET"]}}],"collection":[{"href":"https:\/\/shop.bjerring-sales.dk\/en\/wp-json\/wp\/v2\/product"}],"about":[{"href":"https:\/\/shop.bjerring-sales.dk\/en\/wp-json\/wp\/v2\/types\/product"}],"wp:featuredmedia":[{"embeddable":true,"href":"https:\/\/shop.bjerring-sales.dk\/en\/wp-json\/wp\/v2\/media\/100693"}],"wp:attachment":[{"href":"https:\/\/shop.bjerring-sales.dk\/en\/wp-json\/wp\/v2\/media?parent=100695"}],"wp:term":[{"taxonomy":"product_brand","embeddable":true,"href":"https:\/\/shop.bjerring-sales.dk\/en\/wp-json\/wp\/v2\/product_brand?post=100695"},{"taxonomy":"product_cat","embeddable":true,"href":"https:\/\/shop.bjerring-sales.dk\/en\/wp-json\/wp\/v2\/product_cat?post=100695"},{"taxonomy":"product_tag","embeddable":true,"href":"https:\/\/shop.bjerring-sales.dk\/en\/wp-json\/wp\/v2\/product_tag?post=100695"}],"curies":[{"name":"wp","href":"https:\/\/api.w.org\/{rel}","templated":true}]}}