{"id":100648,"date":"2025-03-18T13:07:28","date_gmt":"2025-03-18T12:07:28","guid":{"rendered":"https:\/\/shop.bjerring-sales.dk\/sv\/?post_type=product&#038;p=100648"},"modified":"2026-04-15T09:15:37","modified_gmt":"2026-04-15T07:15:37","slug":"kabelranna-adapt","status":"publish","type":"product","link":"https:\/\/shop.bjerring-sales.dk\/en\/product\/kabelranna-adapt\/","title":{"rendered":"Cable tray Adapt"},"content":{"rendered":"<div class=\"wpb-content-wrapper\"><div class=\"vc_row wpb_row vc_row-fluid\"><div class=\"wpb_column vc_column_container vc_col-sm-12\"><div class=\"vc_column-inner\"><div class=\"wpb_wrapper\">\n\t<div class=\"wpb_text_column wpb_content_element\" >\n\t\t<div class=\"wpb_wrapper\">\n\t\t\t<p><span style=\"font-size: 24pt\">Adapt cable tray \u2013 Cord-free surface, smooth working peace.<\/span><\/p>\n<p>Keep your desk tidy with a cable tray that makes it easy to collect and hide cords, power strips and adapters. The open design provides both good ventilation and easy access when you need to adjust or add cables. With its generous capacity, it holds everything you need \u2013 and assembly is quick and easy, without any hassle.<\/p>\n\n\t\t<\/div>\n\t<\/div>\n<\/div><\/div><\/div><\/div><div class=\"vc_row wpb_row vc_row-fluid\"><div class=\"wpb_column vc_column_container vc_col-sm-6\"><div class=\"vc_column-inner\"><div class=\"wpb_wrapper\">\n\t<div  class=\"wpb_single_image wpb_content_element vc_align_center\">\n\t\t\n\t\t<figure class=\"wpb_wrapper vc_figure\">\n\t\t\t<div class=\"vc_single_image-wrapper vc_box_shadow_border  vc_box_border_grey\"><img loading=\"lazy\" decoding=\"async\" width=\"800\" height=\"540\" src=\"https:\/\/shop.bjerring-sales.dk\/wp-content\/uploads\/2025\/03\/kabelranna-adapt05.jpg\" class=\"vc_single_image-img attachment-full\" alt=\"\" title=\"cable tray-adapt05\" srcset=\"https:\/\/shop.bjerring-sales.dk\/wp-content\/uploads\/2025\/03\/kabelranna-adapt05.jpg 800w, https:\/\/shop.bjerring-sales.dk\/wp-content\/uploads\/2025\/03\/kabelranna-adapt05-300x203.jpg 300w, https:\/\/shop.bjerring-sales.dk\/wp-content\/uploads\/2025\/03\/kabelranna-adapt05-768x518.jpg 768w, https:\/\/shop.bjerring-sales.dk\/wp-content\/uploads\/2025\/03\/kabelranna-adapt05-18x12.jpg 18w, https:\/\/shop.bjerring-sales.dk\/wp-content\/uploads\/2025\/03\/kabelranna-adapt05-600x405.jpg 600w, https:\/\/shop.bjerring-sales.dk\/wp-content\/uploads\/2025\/03\/kabelranna-adapt05-150x101.jpg 150w\" sizes=\"auto, (max-width: 800px) 100vw, 800px\" \/><\/div>\n\t\t<\/figure>\n\t<\/div>\n<\/div><\/div><\/div><div class=\"wpb_column vc_column_container vc_col-sm-6\"><div class=\"vc_column-inner\"><div class=\"wpb_wrapper\">\n\t<div  class=\"wpb_single_image wpb_content_element vc_align_center\">\n\t\t\n\t\t<figure class=\"wpb_wrapper vc_figure\">\n\t\t\t<div class=\"vc_single_image-wrapper vc_box_shadow_border  vc_box_border_grey\"><img loading=\"lazy\" decoding=\"async\" width=\"800\" height=\"535\" src=\"https:\/\/shop.bjerring-sales.dk\/wp-content\/uploads\/2025\/03\/kabelranna-adapt06.jpg\" class=\"vc_single_image-img attachment-full\" alt=\"\" title=\"cable tray-adapt06\" srcset=\"https:\/\/shop.bjerring-sales.dk\/wp-content\/uploads\/2025\/03\/kabelranna-adapt06.jpg 800w, https:\/\/shop.bjerring-sales.dk\/wp-content\/uploads\/2025\/03\/kabelranna-adapt06-300x201.jpg 300w, https:\/\/shop.bjerring-sales.dk\/wp-content\/uploads\/2025\/03\/kabelranna-adapt06-768x514.jpg 768w, https:\/\/shop.bjerring-sales.dk\/wp-content\/uploads\/2025\/03\/kabelranna-adapt06-18x12.jpg 18w, https:\/\/shop.bjerring-sales.dk\/wp-content\/uploads\/2025\/03\/kabelranna-adapt06-600x401.jpg 600w, https:\/\/shop.bjerring-sales.dk\/wp-content\/uploads\/2025\/03\/kabelranna-adapt06-150x100.jpg 150w\" sizes=\"auto, (max-width: 800px) 100vw, 800px\" \/><\/div>\n\t\t<\/figure>\n\t<\/div>\n<\/div><\/div><\/div><\/div><div class=\"vc_row wpb_row vc_row-fluid\"><div class=\"wpb_column vc_column_container vc_col-sm-12\"><div class=\"vc_column-inner\"><div class=\"wpb_wrapper\"><div class=\"vc_row wpb_row vc_inner vc_row-fluid\"><div class=\"wpb_column vc_column_container vc_col-sm-12\"><div class=\"vc_column-inner\"><div class=\"wpb_wrapper\">\n\t<div class=\"wpb_text_column wpb_content_element vc_custom_1745072226057\" >\n\t\t<div class=\"wpb_wrapper\">\n\t\t\t<p><span style=\"font-size: 18pt\">Specifications<\/span><\/p>\n\n\t\t<\/div>\n\t<\/div>\n<div class=\"vc_separator wpb_content_element vc_separator_align_center vc_sep_width_100 vc_sep_pos_align_center vc_separator_no_text vc_sep_color_grey vc_custom_1745072233152\" ><span class=\"vc_sep_holder vc_sep_holder_l\"><span class=\"vc_sep_line\"><\/span><\/span><span class=\"vc_sep_holder vc_sep_holder_r\"><span class=\"vc_sep_line\"><\/span><\/span>\n<\/div><\/div><\/div><\/div><\/div><div class=\"vc_row wpb_row vc_inner vc_row-fluid\"><div class=\"wpb_column vc_column_container vc_col-sm-6\"><div class=\"vc_column-inner\"><div class=\"wpb_wrapper\">\n\t<div class=\"wpb_text_column wpb_content_element\" >\n\t\t<div class=\"wpb_wrapper\">\n\t\t\t<ul>\n<li>Material: Steel<\/li>\n<li>Surface treatment: Powder coating<\/li>\n<li>Dimensions: 600 \u00d7 135 \u00d7 108 mm<\/li>\n<li>Mounting: Screw mount<\/li>\n<li>Color: Matte black, matte white<\/li>\n<li>Packaging: Standard \/ Ziplock plastic bag<\/li>\n<li>Maximum load: 5 kg<\/li>\n<li>Gross weight: 1.3 kg<\/li>\n<li>Net weight: 0.8 kg<\/li>\n<\/ul>\n\n\t\t<\/div>\n\t<\/div>\n<\/div><\/div><\/div><div class=\"wpb_column vc_column_container vc_col-sm-6\"><div class=\"vc_column-inner\"><div class=\"wpb_wrapper\">\n\t<div class=\"wpb_text_column wpb_content_element\" >\n\t\t<div class=\"wpb_wrapper\">\n\t\t\t<p><a href=\"https:\/\/shop.bjerring-sales.dk\/wp-content\/uploads\/2025\/03\/kabelranna-adapt07.png\"><img loading=\"lazy\" decoding=\"async\" class=\"alignnone size-full wp-image-100777\" src=\"https:\/\/shop.bjerring-sales.dk\/wp-content\/uploads\/2025\/03\/kabelranna-adapt07.png\" alt=\"\" width=\"491\" height=\"224\" srcset=\"https:\/\/shop.bjerring-sales.dk\/wp-content\/uploads\/2025\/03\/kabelranna-adapt07.png 491w, https:\/\/shop.bjerring-sales.dk\/wp-content\/uploads\/2025\/03\/kabelranna-adapt07-300x137.png 300w, https:\/\/shop.bjerring-sales.dk\/wp-content\/uploads\/2025\/03\/kabelranna-adapt07-18x8.png 18w, https:\/\/shop.bjerring-sales.dk\/wp-content\/uploads\/2025\/03\/kabelranna-adapt07-150x68.png 150w\" sizes=\"auto, (max-width: 491px) 100vw, 491px\" \/><\/a><\/p>\n\n\t\t<\/div>\n\t<\/div>\n<\/div><\/div><\/div><\/div><\/div><\/div><\/div><\/div>\n<\/div>","protected":false},"excerpt":{"rendered":"<p><span style=\"color: #ff0000\">The black cable tray is temporarily closed and is expected to reopen in mid-April.<\/span> The Adapt cable tray is a practical cable holder for mounting under the desk, made of powder-coated steel, and provides stable storage for heavy cables and electrical equipment. Easy to assemble with easy-to-access attachment points and openings at both ends for easy cable routing and organization.<\/p>","protected":false},"featured_media":100662,"template":"","meta":{"iawp_total_views":3},"product_brand":[],"product_cat":[5785,5798,5804],"product_tag":[5886,6333,6451],"class_list":{"0":"post-100648","1":"product","2":"type-product","3":"status-publish","4":"has-post-thumbnail","6":"product_cat-hemmakontor","7":"product_cat-kontorsprodukter","8":"product_cat-tillbehor-bord","9":"product_tag-kabelranna","10":"product_tag-kabeldike","11":"product_tag-kabelhantering","13":"first","14":"instock","15":"taxable","16":"shipping-taxable","17":"purchasable","18":"product-type-variable"},"yoast_head":"<!-- This site is optimized with the Yoast SEO plugin v27.0 - https:\/\/yoast.com\/product\/yoast-seo-wordpress\/ -->\n<title>Kabelr\u00e4nna Adapt - Bjerring-Sales<\/title>\n<meta name=\"description\" content=\"Kabelr\u00e4nna Adapt \u00e4r en praktisk kabelh\u00e5llare f\u00f6r montering under skrivbordet som \u00e4r tillverkad i pulverlackerat st\u00e5l och ger stabil f\u00f6rvaring f\u00f6r tunga kablar och elutrustning.\" \/>\n<meta name=\"robots\" content=\"index, follow, max-snippet:-1, max-image-preview:large, max-video-preview:-1\" \/>\n<link rel=\"canonical\" href=\"https:\/\/shop.bjerring-sales.dk\/en\/product\/kabelranna-adapt\/\" \/>\n<meta property=\"og:locale\" content=\"en_GB\" \/>\n<meta property=\"og:type\" content=\"article\" \/>\n<meta property=\"og:title\" content=\"Adapt kabelr\u00e4nna \u2013 Sladdfri yta, smidig arbetsro.\" \/>\n<meta property=\"og:description\" content=\"Kabelr\u00e4nna Adapt \u00e4r en praktisk kabelh\u00e5llare f\u00f6r montering under skrivbordet som \u00e4r tillverkad i pulverlackerat st\u00e5l och ger stabil f\u00f6rvaring f\u00f6r tunga kablar och elutrustning.\" \/>\n<meta property=\"og:url\" content=\"https:\/\/shop.bjerring-sales.dk\/en\/product\/kabelranna-adapt\/\" \/>\n<meta property=\"og:site_name\" content=\"Bjerring-Sales\" \/>\n<meta property=\"article:modified_time\" content=\"2026-04-15T07:15:37+00:00\" \/>\n<meta property=\"og:image\" content=\"https:\/\/shop.bjerring-sales.dk\/wp-content\/uploads\/2025\/04\/elj-kabelranna-adapt-07-800x800px.jpg\" \/>\n\t<meta property=\"og:image:width\" content=\"800\" \/>\n\t<meta property=\"og:image:height\" content=\"800\" \/>\n\t<meta property=\"og:image:type\" content=\"image\/jpeg\" \/>\n<meta name=\"twitter:card\" content=\"summary_large_image\" \/>\n<meta name=\"twitter:title\" content=\"Adapt kabelr\u00e4nna \u2013 Sladdfri yta, smidig arbetsro.\" \/>\n<meta name=\"twitter:description\" content=\"Kabelr\u00e4nna Adapt \u00e4r en praktisk kabelh\u00e5llare f\u00f6r montering under skrivbordet som \u00e4r tillverkad i pulverlackerat st\u00e5l och ger stabil f\u00f6rvaring f\u00f6r tunga kablar och elutrustning.\" \/>\n<meta name=\"twitter:image\" content=\"https:\/\/shop.bjerring-sales.dk\/wp-content\/uploads\/2025\/04\/elj-kabelranna-adapt-07-800x800px.jpg\" \/>\n<meta name=\"twitter:label1\" content=\"Estimated reading time\" \/>\n\t<meta name=\"twitter:data1\" content=\"2 minutes\" \/>\n<script type=\"application\/ld+json\" class=\"yoast-schema-graph\">{\"@context\":\"https:\/\/schema.org\",\"@graph\":[{\"@type\":\"WebPage\",\"@id\":\"https:\/\/shop.bjerring-sales.dk\/sv\/produkt\/kabelranna-adapt\/\",\"url\":\"https:\/\/shop.bjerring-sales.dk\/sv\/produkt\/kabelranna-adapt\/\",\"name\":\"Kabelr\u00e4nna Adapt - Bjerring-Sales\",\"isPartOf\":{\"@id\":\"https:\/\/shop.bjerring-sales.dk\/#website\"},\"primaryImageOfPage\":{\"@id\":\"https:\/\/shop.bjerring-sales.dk\/sv\/produkt\/kabelranna-adapt\/#primaryimage\"},\"image\":{\"@id\":\"https:\/\/shop.bjerring-sales.dk\/sv\/produkt\/kabelranna-adapt\/#primaryimage\"},\"thumbnailUrl\":\"https:\/\/shop.bjerring-sales.dk\/wp-content\/uploads\/2025\/03\/elj-kabelranna-adapt-svart-800x800px.jpg\",\"datePublished\":\"2025-03-18T12:07:28+00:00\",\"dateModified\":\"2026-04-15T07:15:37+00:00\",\"description\":\"Kabelr\u00e4nna Adapt \u00e4r en praktisk kabelh\u00e5llare f\u00f6r montering under skrivbordet som \u00e4r tillverkad i pulverlackerat st\u00e5l och ger stabil f\u00f6rvaring f\u00f6r tunga kablar och elutrustning.\",\"breadcrumb\":{\"@id\":\"https:\/\/shop.bjerring-sales.dk\/sv\/produkt\/kabelranna-adapt\/#breadcrumb\"},\"inLanguage\":\"en-GB\",\"potentialAction\":[{\"@type\":\"ReadAction\",\"target\":[\"https:\/\/shop.bjerring-sales.dk\/sv\/produkt\/kabelranna-adapt\/\"]}]},{\"@type\":\"ImageObject\",\"inLanguage\":\"en-GB\",\"@id\":\"https:\/\/shop.bjerring-sales.dk\/sv\/produkt\/kabelranna-adapt\/#primaryimage\",\"url\":\"https:\/\/shop.bjerring-sales.dk\/wp-content\/uploads\/2025\/03\/elj-kabelranna-adapt-svart-800x800px.jpg\",\"contentUrl\":\"https:\/\/shop.bjerring-sales.dk\/wp-content\/uploads\/2025\/03\/elj-kabelranna-adapt-svart-800x800px.jpg\",\"width\":800,\"height\":800},{\"@type\":\"BreadcrumbList\",\"@id\":\"https:\/\/shop.bjerring-sales.dk\/sv\/produkt\/kabelranna-adapt\/#breadcrumb\",\"itemListElement\":[{\"@type\":\"ListItem\",\"position\":1,\"name\":\"Hem\",\"item\":\"https:\/\/shop.bjerring-sales.dk\/\"},{\"@type\":\"ListItem\",\"position\":2,\"name\":\"Webbutik\",\"item\":\"https:\/\/shop.bjerring-sales.dk\/butik\/\"},{\"@type\":\"ListItem\",\"position\":3,\"name\":\"Kabelr\u00e4nna Adapt\"}]},{\"@type\":\"WebSite\",\"@id\":\"https:\/\/shop.bjerring-sales.dk\/#website\",\"url\":\"https:\/\/shop.bjerring-sales.dk\/\",\"name\":\"Bjerring-Sales\",\"description\":\"M\u00f6bler f\u00f6r teatrar, skolor, kontor och k\u00f6pcentrum\",\"publisher\":{\"@id\":\"https:\/\/shop.bjerring-sales.dk\/#organization\"},\"potentialAction\":[{\"@type\":\"SearchAction\",\"target\":{\"@type\":\"EntryPoint\",\"urlTemplate\":\"https:\/\/shop.bjerring-sales.dk\/?s={search_term_string}\"},\"query-input\":{\"@type\":\"PropertyValueSpecification\",\"valueRequired\":true,\"valueName\":\"search_term_string\"}}],\"inLanguage\":\"en-GB\"},{\"@type\":\"Organization\",\"@id\":\"https:\/\/shop.bjerring-sales.dk\/#organization\",\"name\":\"Bjerring-Sales\",\"url\":\"https:\/\/shop.bjerring-sales.dk\/\",\"logo\":{\"@type\":\"ImageObject\",\"inLanguage\":\"en-GB\",\"@id\":\"https:\/\/shop.bjerring-sales.dk\/#\/schema\/logo\/image\/\",\"url\":\"https:\/\/shop.bjerring-sales.dk\/wp-content\/uploads\/2023\/01\/logo_sv.png\",\"contentUrl\":\"https:\/\/shop.bjerring-sales.dk\/wp-content\/uploads\/2023\/01\/logo_sv.png\",\"width\":195,\"height\":68,\"caption\":\"Bjerring-Sales\"},\"image\":{\"@id\":\"https:\/\/shop.bjerring-sales.dk\/#\/schema\/logo\/image\/\"}}]}<\/script>\n<!-- \/ Yoast SEO plugin. -->","yoast_head_json":{"title":"Kabelr\u00e4nna Adapt - Bjerring-Sales","description":"Kabelr\u00e4nna Adapt \u00e4r en praktisk kabelh\u00e5llare f\u00f6r montering under skrivbordet som \u00e4r tillverkad i pulverlackerat st\u00e5l och ger stabil f\u00f6rvaring f\u00f6r tunga kablar och elutrustning.","robots":{"index":"index","follow":"follow","max-snippet":"max-snippet:-1","max-image-preview":"max-image-preview:large","max-video-preview":"max-video-preview:-1"},"canonical":"https:\/\/shop.bjerring-sales.dk\/en\/product\/kabelranna-adapt\/","og_locale":"en_GB","og_type":"article","og_title":"Adapt kabelr\u00e4nna \u2013 Sladdfri yta, smidig arbetsro.","og_description":"Kabelr\u00e4nna Adapt \u00e4r en praktisk kabelh\u00e5llare f\u00f6r montering under skrivbordet som \u00e4r tillverkad i pulverlackerat st\u00e5l och ger stabil f\u00f6rvaring f\u00f6r tunga kablar och elutrustning.","og_url":"https:\/\/shop.bjerring-sales.dk\/en\/product\/kabelranna-adapt\/","og_site_name":"Bjerring-Sales","article_modified_time":"2026-04-15T07:15:37+00:00","og_image":[{"width":800,"height":800,"url":"https:\/\/shop.bjerring-sales.dk\/wp-content\/uploads\/2025\/04\/elj-kabelranna-adapt-07-800x800px.jpg","type":"image\/jpeg"}],"twitter_card":"summary_large_image","twitter_title":"Adapt kabelr\u00e4nna \u2013 Sladdfri yta, smidig arbetsro.","twitter_description":"Kabelr\u00e4nna Adapt \u00e4r en praktisk kabelh\u00e5llare f\u00f6r montering under skrivbordet som \u00e4r tillverkad i pulverlackerat st\u00e5l och ger stabil f\u00f6rvaring f\u00f6r tunga kablar och elutrustning.","twitter_image":"https:\/\/shop.bjerring-sales.dk\/wp-content\/uploads\/2025\/04\/elj-kabelranna-adapt-07-800x800px.jpg","twitter_misc":{"Estimated reading time":"2 minutes"},"schema":{"@context":"https:\/\/schema.org","@graph":[{"@type":"WebPage","@id":"https:\/\/shop.bjerring-sales.dk\/sv\/produkt\/kabelranna-adapt\/","url":"https:\/\/shop.bjerring-sales.dk\/sv\/produkt\/kabelranna-adapt\/","name":"Kabelr\u00e4nna Adapt - Bjerring-Sales","isPartOf":{"@id":"https:\/\/shop.bjerring-sales.dk\/#website"},"primaryImageOfPage":{"@id":"https:\/\/shop.bjerring-sales.dk\/sv\/produkt\/kabelranna-adapt\/#primaryimage"},"image":{"@id":"https:\/\/shop.bjerring-sales.dk\/sv\/produkt\/kabelranna-adapt\/#primaryimage"},"thumbnailUrl":"https:\/\/shop.bjerring-sales.dk\/wp-content\/uploads\/2025\/03\/elj-kabelranna-adapt-svart-800x800px.jpg","datePublished":"2025-03-18T12:07:28+00:00","dateModified":"2026-04-15T07:15:37+00:00","description":"Kabelr\u00e4nna Adapt \u00e4r en praktisk kabelh\u00e5llare f\u00f6r montering under skrivbordet som \u00e4r tillverkad i pulverlackerat st\u00e5l och ger stabil f\u00f6rvaring f\u00f6r tunga kablar och elutrustning.","breadcrumb":{"@id":"https:\/\/shop.bjerring-sales.dk\/sv\/produkt\/kabelranna-adapt\/#breadcrumb"},"inLanguage":"en-GB","potentialAction":[{"@type":"ReadAction","target":["https:\/\/shop.bjerring-sales.dk\/sv\/produkt\/kabelranna-adapt\/"]}]},{"@type":"ImageObject","inLanguage":"en-GB","@id":"https:\/\/shop.bjerring-sales.dk\/sv\/produkt\/kabelranna-adapt\/#primaryimage","url":"https:\/\/shop.bjerring-sales.dk\/wp-content\/uploads\/2025\/03\/elj-kabelranna-adapt-svart-800x800px.jpg","contentUrl":"https:\/\/shop.bjerring-sales.dk\/wp-content\/uploads\/2025\/03\/elj-kabelranna-adapt-svart-800x800px.jpg","width":800,"height":800},{"@type":"BreadcrumbList","@id":"https:\/\/shop.bjerring-sales.dk\/sv\/produkt\/kabelranna-adapt\/#breadcrumb","itemListElement":[{"@type":"ListItem","position":1,"name":"Hem","item":"https:\/\/shop.bjerring-sales.dk\/"},{"@type":"ListItem","position":2,"name":"Webbutik","item":"https:\/\/shop.bjerring-sales.dk\/butik\/"},{"@type":"ListItem","position":3,"name":"Kabelr\u00e4nna Adapt"}]},{"@type":"WebSite","@id":"https:\/\/shop.bjerring-sales.dk\/#website","url":"https:\/\/shop.bjerring-sales.dk\/","name":"Bjerring Sales","description":"Furniture for theatres, schools, offices and shopping centres","publisher":{"@id":"https:\/\/shop.bjerring-sales.dk\/#organization"},"potentialAction":[{"@type":"SearchAction","target":{"@type":"EntryPoint","urlTemplate":"https:\/\/shop.bjerring-sales.dk\/?s={search_term_string}"},"query-input":{"@type":"PropertyValueSpecification","valueRequired":true,"valueName":"search_term_string"}}],"inLanguage":"en-GB"},{"@type":"Organization","@id":"https:\/\/shop.bjerring-sales.dk\/#organization","name":"Bjerring Sales","url":"https:\/\/shop.bjerring-sales.dk\/","logo":{"@type":"ImageObject","inLanguage":"en-GB","@id":"https:\/\/shop.bjerring-sales.dk\/#\/schema\/logo\/image\/","url":"https:\/\/shop.bjerring-sales.dk\/wp-content\/uploads\/2023\/01\/logo_sv.png","contentUrl":"https:\/\/shop.bjerring-sales.dk\/wp-content\/uploads\/2023\/01\/logo_sv.png","width":195,"height":68,"caption":"Bjerring-Sales"},"image":{"@id":"https:\/\/shop.bjerring-sales.dk\/#\/schema\/logo\/image\/"}}]}},"_links":{"self":[{"href":"https:\/\/shop.bjerring-sales.dk\/en\/wp-json\/wp\/v2\/product\/100648","targetHints":{"allow":["GET"]}}],"collection":[{"href":"https:\/\/shop.bjerring-sales.dk\/en\/wp-json\/wp\/v2\/product"}],"about":[{"href":"https:\/\/shop.bjerring-sales.dk\/en\/wp-json\/wp\/v2\/types\/product"}],"wp:featuredmedia":[{"embeddable":true,"href":"https:\/\/shop.bjerring-sales.dk\/en\/wp-json\/wp\/v2\/media\/100662"}],"wp:attachment":[{"href":"https:\/\/shop.bjerring-sales.dk\/en\/wp-json\/wp\/v2\/media?parent=100648"}],"wp:term":[{"taxonomy":"product_brand","embeddable":true,"href":"https:\/\/shop.bjerring-sales.dk\/en\/wp-json\/wp\/v2\/product_brand?post=100648"},{"taxonomy":"product_cat","embeddable":true,"href":"https:\/\/shop.bjerring-sales.dk\/en\/wp-json\/wp\/v2\/product_cat?post=100648"},{"taxonomy":"product_tag","embeddable":true,"href":"https:\/\/shop.bjerring-sales.dk\/en\/wp-json\/wp\/v2\/product_tag?post=100648"}],"curies":[{"name":"wp","href":"https:\/\/api.w.org\/{rel}","templated":true}]}}