{"id":100645,"date":"2025-03-18T12:50:24","date_gmt":"2025-03-18T11:50:24","guid":{"rendered":"https:\/\/shop.bjerring-sales.dk\/sv\/?post_type=product&#038;p=100645"},"modified":"2026-04-10T15:23:01","modified_gmt":"2026-04-10T13:23:01","slug":"laddstation-adapt","status":"publish","type":"product","link":"https:\/\/shop.bjerring-sales.dk\/en\/product\/laddstation-adapt\/","title":{"rendered":"Adapt charging station"},"content":{"rendered":"<div class=\"wpb-content-wrapper\"><div class=\"vc_row wpb_row vc_row-fluid\"><div class=\"wpb_column vc_column_container vc_col-sm-12\"><div class=\"vc_column-inner\"><div class=\"wpb_wrapper\">\n\t<div class=\"wpb_text_column wpb_content_element\" >\n\t\t<div class=\"wpb_wrapper\">\n\t\t\t<p><span style=\"font-size: 24pt;\">Adapt charging station \u2013 A practical solution for your devices<br \/>\n<\/span>Charge your phone, smartwatch and wireless headphones at the same time \u2013 without the hassle of tangled cables. This wireless charging station supports fast charging up to 15W for compatible smartphones and is equipped with both overheating protection and foreign object detection to ensure safe and efficient charging. It also has protection against short circuits and overcurrent. With its dual coil, you can charge your phone both vertically and horizontally \u2013 perfect for watching movies, reading or making video calls while your device is charging.<\/p>\n\n\t\t<\/div>\n\t<\/div>\n<\/div><\/div><\/div><\/div><div class=\"vc_row wpb_row vc_row-fluid\"><div class=\"wpb_column vc_column_container vc_col-sm-6\"><div class=\"vc_column-inner\"><div class=\"wpb_wrapper\">\n\t<div  class=\"wpb_single_image wpb_content_element vc_align_center\">\n\t\t\n\t\t<figure class=\"wpb_wrapper vc_figure\">\n\t\t\t<div class=\"vc_single_image-wrapper vc_box_shadow_border  vc_box_border_grey\"><img loading=\"lazy\" decoding=\"async\" width=\"800\" height=\"533\" src=\"https:\/\/shop.bjerring-sales.dk\/wp-content\/uploads\/2025\/03\/laddstation10.webp\" class=\"vc_single_image-img attachment-full\" alt=\"\" title=\"charging station10\" srcset=\"https:\/\/shop.bjerring-sales.dk\/wp-content\/uploads\/2025\/03\/laddstation10.webp 800w, https:\/\/shop.bjerring-sales.dk\/wp-content\/uploads\/2025\/03\/laddstation10-300x200.webp 300w, https:\/\/shop.bjerring-sales.dk\/wp-content\/uploads\/2025\/03\/laddstation10-768x512.webp 768w, https:\/\/shop.bjerring-sales.dk\/wp-content\/uploads\/2025\/03\/laddstation10-18x12.webp 18w, https:\/\/shop.bjerring-sales.dk\/wp-content\/uploads\/2025\/03\/laddstation10-600x400.webp 600w, https:\/\/shop.bjerring-sales.dk\/wp-content\/uploads\/2025\/03\/laddstation10-150x100.webp 150w\" sizes=\"auto, (max-width: 800px) 100vw, 800px\" \/><\/div>\n\t\t<\/figure>\n\t<\/div>\n<\/div><\/div><\/div><div class=\"wpb_column vc_column_container vc_col-sm-6\"><div class=\"vc_column-inner\"><div class=\"wpb_wrapper\">\n\t<div  class=\"wpb_single_image wpb_content_element vc_align_center\">\n\t\t\n\t\t<figure class=\"wpb_wrapper vc_figure\">\n\t\t\t<div class=\"vc_single_image-wrapper vc_box_shadow_border  vc_box_border_grey\"><img loading=\"lazy\" decoding=\"async\" width=\"800\" height=\"533\" src=\"https:\/\/shop.bjerring-sales.dk\/wp-content\/uploads\/2025\/03\/laddstation11.webp\" class=\"vc_single_image-img attachment-full\" alt=\"\" title=\"charging station11\" srcset=\"https:\/\/shop.bjerring-sales.dk\/wp-content\/uploads\/2025\/03\/laddstation11.webp 800w, https:\/\/shop.bjerring-sales.dk\/wp-content\/uploads\/2025\/03\/laddstation11-300x200.webp 300w, https:\/\/shop.bjerring-sales.dk\/wp-content\/uploads\/2025\/03\/laddstation11-768x512.webp 768w, https:\/\/shop.bjerring-sales.dk\/wp-content\/uploads\/2025\/03\/laddstation11-18x12.webp 18w, https:\/\/shop.bjerring-sales.dk\/wp-content\/uploads\/2025\/03\/laddstation11-600x400.webp 600w, https:\/\/shop.bjerring-sales.dk\/wp-content\/uploads\/2025\/03\/laddstation11-150x100.webp 150w\" sizes=\"auto, (max-width: 800px) 100vw, 800px\" \/><\/div>\n\t\t<\/figure>\n\t<\/div>\n<\/div><\/div><\/div><\/div><div class=\"vc_row wpb_row vc_row-fluid\"><div class=\"wpb_column vc_column_container vc_col-sm-4\"><div class=\"vc_column-inner\"><div class=\"wpb_wrapper\">\n\t<div  class=\"wpb_single_image wpb_content_element vc_align_center\">\n\t\t\n\t\t<figure class=\"wpb_wrapper vc_figure\">\n\t\t\t<div class=\"vc_single_image-wrapper vc_box_shadow_border  vc_box_border_grey\"><img loading=\"lazy\" decoding=\"async\" width=\"800\" height=\"800\" src=\"https:\/\/shop.bjerring-sales.dk\/wp-content\/uploads\/2025\/03\/laddstation12.webp\" class=\"vc_single_image-img attachment-full\" alt=\"\" title=\"charging station12\" srcset=\"https:\/\/shop.bjerring-sales.dk\/wp-content\/uploads\/2025\/03\/laddstation12.webp 800w, https:\/\/shop.bjerring-sales.dk\/wp-content\/uploads\/2025\/03\/laddstation12-300x300.webp 300w, https:\/\/shop.bjerring-sales.dk\/wp-content\/uploads\/2025\/03\/laddstation12-150x150.webp 150w, https:\/\/shop.bjerring-sales.dk\/wp-content\/uploads\/2025\/03\/laddstation12-768x768.webp 768w, https:\/\/shop.bjerring-sales.dk\/wp-content\/uploads\/2025\/03\/laddstation12-12x12.webp 12w, https:\/\/shop.bjerring-sales.dk\/wp-content\/uploads\/2025\/03\/laddstation12-600x600.webp 600w\" sizes=\"auto, (max-width: 800px) 100vw, 800px\" \/><\/div>\n\t\t<\/figure>\n\t<\/div>\n<\/div><\/div><\/div><div class=\"wpb_column vc_column_container vc_col-sm-4\"><div class=\"vc_column-inner\"><div class=\"wpb_wrapper\">\n\t<div  class=\"wpb_single_image wpb_content_element vc_align_center\">\n\t\t\n\t\t<figure class=\"wpb_wrapper vc_figure\">\n\t\t\t<div class=\"vc_single_image-wrapper vc_box_shadow_border  vc_box_border_grey\"><img loading=\"lazy\" decoding=\"async\" width=\"800\" height=\"800\" src=\"https:\/\/shop.bjerring-sales.dk\/wp-content\/uploads\/2025\/03\/laddstation13.webp\" class=\"vc_single_image-img attachment-full\" alt=\"\" title=\"charging station13\" srcset=\"https:\/\/shop.bjerring-sales.dk\/wp-content\/uploads\/2025\/03\/laddstation13.webp 800w, https:\/\/shop.bjerring-sales.dk\/wp-content\/uploads\/2025\/03\/laddstation13-300x300.webp 300w, https:\/\/shop.bjerring-sales.dk\/wp-content\/uploads\/2025\/03\/laddstation13-150x150.webp 150w, https:\/\/shop.bjerring-sales.dk\/wp-content\/uploads\/2025\/03\/laddstation13-768x768.webp 768w, https:\/\/shop.bjerring-sales.dk\/wp-content\/uploads\/2025\/03\/laddstation13-12x12.webp 12w, https:\/\/shop.bjerring-sales.dk\/wp-content\/uploads\/2025\/03\/laddstation13-600x600.webp 600w\" sizes=\"auto, (max-width: 800px) 100vw, 800px\" \/><\/div>\n\t\t<\/figure>\n\t<\/div>\n<\/div><\/div><\/div><div class=\"wpb_column vc_column_container vc_col-sm-4\"><div class=\"vc_column-inner\"><div class=\"wpb_wrapper\">\n\t<div  class=\"wpb_single_image wpb_content_element vc_align_center\">\n\t\t\n\t\t<figure class=\"wpb_wrapper vc_figure\">\n\t\t\t<div class=\"vc_single_image-wrapper vc_box_shadow_border  vc_box_border_grey\"><img loading=\"lazy\" decoding=\"async\" width=\"800\" height=\"800\" src=\"https:\/\/shop.bjerring-sales.dk\/wp-content\/uploads\/2025\/03\/laddstation14.webp\" class=\"vc_single_image-img attachment-full\" alt=\"\" title=\"charging station14\" srcset=\"https:\/\/shop.bjerring-sales.dk\/wp-content\/uploads\/2025\/03\/laddstation14.webp 800w, https:\/\/shop.bjerring-sales.dk\/wp-content\/uploads\/2025\/03\/laddstation14-300x300.webp 300w, https:\/\/shop.bjerring-sales.dk\/wp-content\/uploads\/2025\/03\/laddstation14-150x150.webp 150w, https:\/\/shop.bjerring-sales.dk\/wp-content\/uploads\/2025\/03\/laddstation14-768x768.webp 768w, https:\/\/shop.bjerring-sales.dk\/wp-content\/uploads\/2025\/03\/laddstation14-12x12.webp 12w, https:\/\/shop.bjerring-sales.dk\/wp-content\/uploads\/2025\/03\/laddstation14-600x600.webp 600w\" sizes=\"auto, (max-width: 800px) 100vw, 800px\" \/><\/div>\n\t\t<\/figure>\n\t<\/div>\n<\/div><\/div><\/div><\/div><div class=\"vc_row wpb_row vc_row-fluid\"><div class=\"wpb_column vc_column_container vc_col-sm-12\"><div class=\"vc_column-inner\"><div class=\"wpb_wrapper\"><div class=\"vc_row wpb_row vc_inner vc_row-fluid\"><div class=\"wpb_column vc_column_container vc_col-sm-12\"><div class=\"vc_column-inner\"><div class=\"wpb_wrapper\">\n\t<div class=\"wpb_text_column wpb_content_element vc_custom_1745072226057\" >\n\t\t<div class=\"wpb_wrapper\">\n\t\t\t<p><span style=\"font-size: 18pt;\">Specifications<\/span><\/p>\n\n\t\t<\/div>\n\t<\/div>\n<div class=\"vc_separator wpb_content_element vc_separator_align_center vc_sep_width_100 vc_sep_pos_align_center vc_separator_no_text vc_sep_color_grey vc_custom_1745072233152\" ><span class=\"vc_sep_holder vc_sep_holder_l\"><span class=\"vc_sep_line\"><\/span><\/span><span class=\"vc_sep_holder vc_sep_holder_r\"><span class=\"vc_sep_line\"><\/span><\/span>\n<\/div><\/div><\/div><\/div><\/div><div class=\"vc_row wpb_row vc_inner vc_row-fluid\"><div class=\"wpb_column vc_column_container vc_col-sm-6\"><div class=\"vc_column-inner\"><div class=\"wpb_wrapper\">\n\t<div class=\"wpb_text_column wpb_content_element vc_custom_1745250590482\" >\n\t\t<div class=\"wpb_wrapper\">\n\t\t\t<ul>\n<li>Dimensions: 136.62 \u00d7 101.63 \u00d7 135.92 mm<\/li>\n<li>Weight (net weight): 212.6 g<\/li>\n<li>Material: ABS plastic<\/li>\n<li>Input voltage: 9V\/2A, 12V\/2A, 5V\/3A<\/li>\n<li>Output:\n<ul>\n<li>Mobile: 5W \/ 7.5W \/ 10W \/ 15W (Max)<\/li>\n<li>Headphones: 3W (Max)<\/li>\n<li>Clock: 2.5W (Max)<\/li>\n<\/ul>\n<\/li>\n<li>Frequency: 110\u2013205 kHz<\/li>\n<li>Efficiency: \u2265 73 %<\/li>\n<\/ul>\n\n\t\t<\/div>\n\t<\/div>\n<\/div><\/div><\/div><div class=\"wpb_column vc_column_container vc_col-sm-6\"><div class=\"vc_column-inner\"><div class=\"wpb_wrapper\">\n\t<div class=\"wpb_text_column wpb_content_element\" >\n\t\t<div class=\"wpb_wrapper\">\n\t\t\t<ul>\n<li>Desk mount holes: No<\/li>\n<li>Colour: Black<\/li>\n<li>Certifications: CE, FCC, PSE, Qi<\/li>\n<li>Accessories: USB cable<\/li>\n<li>Power adapter included: No<\/li>\n<li>Magnetic: Yes<\/li>\n<li>Lithium battery: No<\/li>\n<li>Gross weight: 0.29 kg<\/li>\n<li>Net weight: 0.21 kg<\/li>\n<\/ul>\n\n\t\t<\/div>\n\t<\/div>\n<\/div><\/div><\/div><\/div><\/div><\/div><\/div><\/div><div class=\"vc_row wpb_row vc_row-fluid\"><div class=\"wpb_column vc_column_container vc_col-sm-12\"><div class=\"vc_column-inner\"><div class=\"wpb_wrapper\"><div class=\"vc_row wpb_row vc_inner vc_row-fluid\"><div class=\"wpb_column vc_column_container vc_col-sm-12\"><div class=\"vc_column-inner\"><div class=\"wpb_wrapper\">\n\t<div class=\"wpb_text_column wpb_content_element vc_custom_1761319561710\" >\n\t\t<div class=\"wpb_wrapper\">\n\t\t\t<p><span style=\"font-size: 18pt;\">Suitable for the following<\/span><\/p>\n\n\t\t<\/div>\n\t<\/div>\n<div class=\"vc_separator wpb_content_element vc_separator_align_center vc_sep_width_100 vc_sep_pos_align_center vc_separator_no_text vc_sep_color_grey vc_custom_1745072233152\" ><span class=\"vc_sep_holder vc_sep_holder_l\"><span class=\"vc_sep_line\"><\/span><\/span><span class=\"vc_sep_holder vc_sep_holder_r\"><span class=\"vc_sep_line\"><\/span><\/span>\n<\/div><\/div><\/div><\/div><\/div><div class=\"vc_row wpb_row vc_inner vc_row-fluid\"><div class=\"wpb_column vc_column_container vc_col-sm-12\"><div class=\"vc_column-inner\"><div class=\"wpb_wrapper\">\n\t<div class=\"wpb_text_column wpb_content_element vc_custom_1761319758625\" >\n\t\t<div class=\"wpb_wrapper\">\n\t\t\t<p><strong>Telephones<\/strong><\/p>\n<p>Apple:<\/p>\n<ul>\n<li>iPhone 15 Plus, 15 Pro Max, 15 Pro, 15, 14 Plus, 14 pro Max, 14 Pro, 14, 13 pro Max, 13 pro, 13, 12, 12 Pro, 12 Pro Max, 11, 11 Plus, 11 Pro, 11 Pro Max, SE, X, XR, XS, XSMax, 8, 8 Plus<\/li>\n<\/ul>\n<p>Samsung:<\/p>\n<ul>\n<li>Galaxy W: 24, 24Flip, 23, 23Flip<\/li>\n<li>Galaxy Z: Fold5, Flip5, Fold4, Flip4, Galaxy A53 5gFlip, Flip3.<\/li>\n<li>Galaxy S: 23, 23+, 23 Ultra, 22, 22+, 22 Ultra, 21, 21+, 21 Ultra, 20, 20+, 20 Ultra, 20FE10, 10+, 10e, 9, 9+, 8, 8+, 7, 7 edge, 6 edge, 6 edge+, 6G9209, 6Active.<\/li>\n<li>Galaxy Note: 20 Ultra, 20, 10, 10e, 10+, 9, 8, 7, 6, 5<\/li>\n<\/ul>\n<p>Huawei:<\/p>\n<ul>\n<li>P30 Pro, P40 Pro, P40 Pro+; Mate: 40E, 40 RS, 40 Pro+, 40 Pro, 40, 30E Pro, 30 5G, 30 Pro 5G, 30, 30 pro, 30 RS, 20 Pro, 20 RS, RS<\/li>\n<\/ul>\n<p>Xiaomi:<\/p>\n<ul>\n<li>10, 10 Pro, 9, 9 Pro, Mix 3, Mix 2s.<\/li>\n<li>Including other devices with built-in wireless charging receiver; (Note: All devices must meet the Q1 standard)<\/li>\n<\/ul>\n<p><strong>Watches<\/strong><\/p>\n<p>Apple:<\/p>\n<ul>\n<li>iWatch S2, S3, S4, S5, S6, S7, SE, SE 2, S8, S9, Ultra, Ultra 2, Herm\u00e8s<\/li>\n<\/ul>\n<p><strong>Earbuds<\/strong><\/p>\n<p>Apple:<\/p>\n<ul>\n<li>Airpods 1, Airpods 2, Airpods 3, AirPods Pro, AirPods Pro 2<\/li>\n<\/ul>\n<p>Samsung:<\/p>\n<ul>\n<li>Galaxy Buds \/ Buds+ \/ Buds Pro \/ Buds Live \/ Buds 2 Pro<\/li>\n<\/ul>\n<p>And other Qi-compatible headphones<\/p>\n\n\t\t<\/div>\n\t<\/div>\n<\/div><\/div><\/div><\/div><\/div><\/div><\/div><\/div>\n<\/div>","protected":false},"excerpt":{"rendered":"<p>Charge your Qi-standard smartphone, smartwatch and headphones simultaneously with three charging surfaces. Equipped with foreign object detection and temperature control for extra safety. The LED light strip shows the charging status and can be turned off with a light touch when you are sleeping or resting.<\/p>","protected":false},"featured_media":100656,"template":"","meta":{"iawp_total_views":2},"product_brand":[],"product_cat":[5785,5798],"product_tag":[],"class_list":{"0":"post-100645","1":"product","2":"type-product","3":"status-publish","4":"has-post-thumbnail","6":"product_cat-hemmakontor","7":"product_cat-kontorsprodukter","9":"first","10":"instock","11":"taxable","12":"shipping-taxable","13":"purchasable","14":"product-type-simple"},"yoast_head":"<!-- This site is optimized with the Yoast SEO plugin v27.0 - https:\/\/yoast.com\/product\/yoast-seo-wordpress\/ -->\n<title>Laddstation Adapt - Bjerring-Sales<\/title>\n<meta name=\"description\" content=\"Ladda din Qi-standard smartphone, smartklocka och h\u00f6rlurar samtidigt med tre laddningsytor. Utrustad med fr\u00e4mmande f\u00f6rem\u00e5lsdetektion och temperaturkontroll f\u00f6r extra s\u00e4kerhet.\" \/>\n<meta name=\"robots\" content=\"index, follow, max-snippet:-1, max-image-preview:large, max-video-preview:-1\" \/>\n<link rel=\"canonical\" href=\"https:\/\/shop.bjerring-sales.dk\/en\/product\/laddstation-adapt\/\" \/>\n<meta property=\"og:locale\" content=\"en_GB\" \/>\n<meta property=\"og:type\" content=\"article\" \/>\n<meta property=\"og:title\" content=\"Adapt laddstation \u2013 En prasktisk l\u00f6sning till dina enheter\" \/>\n<meta property=\"og:description\" content=\"Ladda din Qi-standard smartphone, smartklocka och h\u00f6rlurar samtidigt med tre laddningsytor. Utrustad med fr\u00e4mmande f\u00f6rem\u00e5lsdetektion och temperaturkontroll f\u00f6r extra s\u00e4kerhet.\" \/>\n<meta property=\"og:url\" content=\"https:\/\/shop.bjerring-sales.dk\/en\/product\/laddstation-adapt\/\" \/>\n<meta property=\"og:site_name\" content=\"Bjerring-Sales\" \/>\n<meta property=\"article:modified_time\" content=\"2026-04-10T13:23:01+00:00\" \/>\n<meta property=\"og:image\" content=\"https:\/\/shop.bjerring-sales.dk\/wp-content\/uploads\/2025\/03\/elj-laddstation-adapt-800x800px-02.jpg\" \/>\n\t<meta property=\"og:image:width\" content=\"800\" \/>\n\t<meta property=\"og:image:height\" content=\"800\" \/>\n\t<meta property=\"og:image:type\" content=\"image\/jpeg\" \/>\n<meta name=\"twitter:card\" content=\"summary_large_image\" \/>\n<meta name=\"twitter:title\" content=\"Adapt laddstation \u2013 En prasktisk l\u00f6sning till dina enheter\" \/>\n<meta name=\"twitter:description\" content=\"Ladda din Qi-standard smartphone, smartklocka och h\u00f6rlurar samtidigt med tre laddningsytor. Utrustad med fr\u00e4mmande f\u00f6rem\u00e5lsdetektion och temperaturkontroll f\u00f6r extra s\u00e4kerhet.\" \/>\n<meta name=\"twitter:image\" content=\"https:\/\/shop.bjerring-sales.dk\/wp-content\/uploads\/2025\/03\/elj-laddstation-adapt-800x800px-02.jpg\" \/>\n<meta name=\"twitter:label1\" content=\"Estimated reading time\" \/>\n\t<meta name=\"twitter:data1\" content=\"4 minutes\" \/>\n<script type=\"application\/ld+json\" class=\"yoast-schema-graph\">{\"@context\":\"https:\/\/schema.org\",\"@graph\":[{\"@type\":\"WebPage\",\"@id\":\"https:\/\/shop.bjerring-sales.dk\/product\/laddstation-adapt\/\",\"url\":\"https:\/\/shop.bjerring-sales.dk\/product\/laddstation-adapt\/\",\"name\":\"Laddstation Adapt - Bjerring-Sales\",\"isPartOf\":{\"@id\":\"https:\/\/shop.bjerring-sales.dk\/#website\"},\"primaryImageOfPage\":{\"@id\":\"https:\/\/shop.bjerring-sales.dk\/product\/laddstation-adapt\/#primaryimage\"},\"image\":{\"@id\":\"https:\/\/shop.bjerring-sales.dk\/product\/laddstation-adapt\/#primaryimage\"},\"thumbnailUrl\":\"https:\/\/shop.bjerring-sales.dk\/wp-content\/uploads\/2025\/03\/elj-laddstation-adapt-800x800px.jpg\",\"datePublished\":\"2025-03-18T11:50:24+00:00\",\"dateModified\":\"2026-04-10T13:23:01+00:00\",\"description\":\"Ladda din Qi-standard smartphone, smartklocka och h\u00f6rlurar samtidigt med tre laddningsytor. Utrustad med fr\u00e4mmande f\u00f6rem\u00e5lsdetektion och temperaturkontroll f\u00f6r extra s\u00e4kerhet.\",\"breadcrumb\":{\"@id\":\"https:\/\/shop.bjerring-sales.dk\/product\/laddstation-adapt\/#breadcrumb\"},\"inLanguage\":\"en-GB\",\"potentialAction\":[{\"@type\":\"ReadAction\",\"target\":[\"https:\/\/shop.bjerring-sales.dk\/product\/laddstation-adapt\/\"]}]},{\"@type\":\"ImageObject\",\"inLanguage\":\"en-GB\",\"@id\":\"https:\/\/shop.bjerring-sales.dk\/product\/laddstation-adapt\/#primaryimage\",\"url\":\"https:\/\/shop.bjerring-sales.dk\/wp-content\/uploads\/2025\/03\/elj-laddstation-adapt-800x800px.jpg\",\"contentUrl\":\"https:\/\/shop.bjerring-sales.dk\/wp-content\/uploads\/2025\/03\/elj-laddstation-adapt-800x800px.jpg\",\"width\":800,\"height\":800},{\"@type\":\"BreadcrumbList\",\"@id\":\"https:\/\/shop.bjerring-sales.dk\/product\/laddstation-adapt\/#breadcrumb\",\"itemListElement\":[{\"@type\":\"ListItem\",\"position\":1,\"name\":\"Hem\",\"item\":\"https:\/\/shop.bjerring-sales.dk\/\"},{\"@type\":\"ListItem\",\"position\":2,\"name\":\"Webbutik\",\"item\":\"https:\/\/shop.bjerring-sales.dk\/butik\/\"},{\"@type\":\"ListItem\",\"position\":3,\"name\":\"Laddstation Adapt\"}]},{\"@type\":\"WebSite\",\"@id\":\"https:\/\/shop.bjerring-sales.dk\/#website\",\"url\":\"https:\/\/shop.bjerring-sales.dk\/\",\"name\":\"Bjerring-Sales\",\"description\":\"M\u00f6bler f\u00f6r teatrar, skolor, kontor och k\u00f6pcentrum\",\"publisher\":{\"@id\":\"https:\/\/shop.bjerring-sales.dk\/#organization\"},\"potentialAction\":[{\"@type\":\"SearchAction\",\"target\":{\"@type\":\"EntryPoint\",\"urlTemplate\":\"https:\/\/shop.bjerring-sales.dk\/?s={search_term_string}\"},\"query-input\":{\"@type\":\"PropertyValueSpecification\",\"valueRequired\":true,\"valueName\":\"search_term_string\"}}],\"inLanguage\":\"en-GB\"},{\"@type\":\"Organization\",\"@id\":\"https:\/\/shop.bjerring-sales.dk\/#organization\",\"name\":\"Bjerring-Sales\",\"url\":\"https:\/\/shop.bjerring-sales.dk\/\",\"logo\":{\"@type\":\"ImageObject\",\"inLanguage\":\"en-GB\",\"@id\":\"https:\/\/shop.bjerring-sales.dk\/#\/schema\/logo\/image\/\",\"url\":\"https:\/\/shop.bjerring-sales.dk\/wp-content\/uploads\/2023\/01\/logo_sv.png\",\"contentUrl\":\"https:\/\/shop.bjerring-sales.dk\/wp-content\/uploads\/2023\/01\/logo_sv.png\",\"width\":195,\"height\":68,\"caption\":\"Bjerring-Sales\"},\"image\":{\"@id\":\"https:\/\/shop.bjerring-sales.dk\/#\/schema\/logo\/image\/\"}}]}<\/script>\n<!-- \/ Yoast SEO plugin. -->","yoast_head_json":{"title":"Laddstation Adapt - Bjerring-Sales","description":"Ladda din Qi-standard smartphone, smartklocka och h\u00f6rlurar samtidigt med tre laddningsytor. Utrustad med fr\u00e4mmande f\u00f6rem\u00e5lsdetektion och temperaturkontroll f\u00f6r extra s\u00e4kerhet.","robots":{"index":"index","follow":"follow","max-snippet":"max-snippet:-1","max-image-preview":"max-image-preview:large","max-video-preview":"max-video-preview:-1"},"canonical":"https:\/\/shop.bjerring-sales.dk\/en\/product\/laddstation-adapt\/","og_locale":"en_GB","og_type":"article","og_title":"Adapt laddstation \u2013 En prasktisk l\u00f6sning till dina enheter","og_description":"Ladda din Qi-standard smartphone, smartklocka och h\u00f6rlurar samtidigt med tre laddningsytor. Utrustad med fr\u00e4mmande f\u00f6rem\u00e5lsdetektion och temperaturkontroll f\u00f6r extra s\u00e4kerhet.","og_url":"https:\/\/shop.bjerring-sales.dk\/en\/product\/laddstation-adapt\/","og_site_name":"Bjerring-Sales","article_modified_time":"2026-04-10T13:23:01+00:00","og_image":[{"width":800,"height":800,"url":"https:\/\/shop.bjerring-sales.dk\/wp-content\/uploads\/2025\/03\/elj-laddstation-adapt-800x800px-02.jpg","type":"image\/jpeg"}],"twitter_card":"summary_large_image","twitter_title":"Adapt laddstation \u2013 En prasktisk l\u00f6sning till dina enheter","twitter_description":"Ladda din Qi-standard smartphone, smartklocka och h\u00f6rlurar samtidigt med tre laddningsytor. Utrustad med fr\u00e4mmande f\u00f6rem\u00e5lsdetektion och temperaturkontroll f\u00f6r extra s\u00e4kerhet.","twitter_image":"https:\/\/shop.bjerring-sales.dk\/wp-content\/uploads\/2025\/03\/elj-laddstation-adapt-800x800px-02.jpg","twitter_misc":{"Estimated reading time":"4 minutes"},"schema":{"@context":"https:\/\/schema.org","@graph":[{"@type":"WebPage","@id":"https:\/\/shop.bjerring-sales.dk\/product\/laddstation-adapt\/","url":"https:\/\/shop.bjerring-sales.dk\/product\/laddstation-adapt\/","name":"Laddstation Adapt - Bjerring-Sales","isPartOf":{"@id":"https:\/\/shop.bjerring-sales.dk\/#website"},"primaryImageOfPage":{"@id":"https:\/\/shop.bjerring-sales.dk\/product\/laddstation-adapt\/#primaryimage"},"image":{"@id":"https:\/\/shop.bjerring-sales.dk\/product\/laddstation-adapt\/#primaryimage"},"thumbnailUrl":"https:\/\/shop.bjerring-sales.dk\/wp-content\/uploads\/2025\/03\/elj-laddstation-adapt-800x800px.jpg","datePublished":"2025-03-18T11:50:24+00:00","dateModified":"2026-04-10T13:23:01+00:00","description":"Ladda din Qi-standard smartphone, smartklocka och h\u00f6rlurar samtidigt med tre laddningsytor. Utrustad med fr\u00e4mmande f\u00f6rem\u00e5lsdetektion och temperaturkontroll f\u00f6r extra s\u00e4kerhet.","breadcrumb":{"@id":"https:\/\/shop.bjerring-sales.dk\/product\/laddstation-adapt\/#breadcrumb"},"inLanguage":"en-GB","potentialAction":[{"@type":"ReadAction","target":["https:\/\/shop.bjerring-sales.dk\/product\/laddstation-adapt\/"]}]},{"@type":"ImageObject","inLanguage":"en-GB","@id":"https:\/\/shop.bjerring-sales.dk\/product\/laddstation-adapt\/#primaryimage","url":"https:\/\/shop.bjerring-sales.dk\/wp-content\/uploads\/2025\/03\/elj-laddstation-adapt-800x800px.jpg","contentUrl":"https:\/\/shop.bjerring-sales.dk\/wp-content\/uploads\/2025\/03\/elj-laddstation-adapt-800x800px.jpg","width":800,"height":800},{"@type":"BreadcrumbList","@id":"https:\/\/shop.bjerring-sales.dk\/product\/laddstation-adapt\/#breadcrumb","itemListElement":[{"@type":"ListItem","position":1,"name":"Hem","item":"https:\/\/shop.bjerring-sales.dk\/"},{"@type":"ListItem","position":2,"name":"Webbutik","item":"https:\/\/shop.bjerring-sales.dk\/butik\/"},{"@type":"ListItem","position":3,"name":"Laddstation Adapt"}]},{"@type":"WebSite","@id":"https:\/\/shop.bjerring-sales.dk\/#website","url":"https:\/\/shop.bjerring-sales.dk\/","name":"Bjerring Sales","description":"Furniture for theatres, schools, offices and shopping centres","publisher":{"@id":"https:\/\/shop.bjerring-sales.dk\/#organization"},"potentialAction":[{"@type":"SearchAction","target":{"@type":"EntryPoint","urlTemplate":"https:\/\/shop.bjerring-sales.dk\/?s={search_term_string}"},"query-input":{"@type":"PropertyValueSpecification","valueRequired":true,"valueName":"search_term_string"}}],"inLanguage":"en-GB"},{"@type":"Organization","@id":"https:\/\/shop.bjerring-sales.dk\/#organization","name":"Bjerring Sales","url":"https:\/\/shop.bjerring-sales.dk\/","logo":{"@type":"ImageObject","inLanguage":"en-GB","@id":"https:\/\/shop.bjerring-sales.dk\/#\/schema\/logo\/image\/","url":"https:\/\/shop.bjerring-sales.dk\/wp-content\/uploads\/2023\/01\/logo_sv.png","contentUrl":"https:\/\/shop.bjerring-sales.dk\/wp-content\/uploads\/2023\/01\/logo_sv.png","width":195,"height":68,"caption":"Bjerring-Sales"},"image":{"@id":"https:\/\/shop.bjerring-sales.dk\/#\/schema\/logo\/image\/"}}]}},"_links":{"self":[{"href":"https:\/\/shop.bjerring-sales.dk\/en\/wp-json\/wp\/v2\/product\/100645","targetHints":{"allow":["GET"]}}],"collection":[{"href":"https:\/\/shop.bjerring-sales.dk\/en\/wp-json\/wp\/v2\/product"}],"about":[{"href":"https:\/\/shop.bjerring-sales.dk\/en\/wp-json\/wp\/v2\/types\/product"}],"wp:featuredmedia":[{"embeddable":true,"href":"https:\/\/shop.bjerring-sales.dk\/en\/wp-json\/wp\/v2\/media\/100656"}],"wp:attachment":[{"href":"https:\/\/shop.bjerring-sales.dk\/en\/wp-json\/wp\/v2\/media?parent=100645"}],"wp:term":[{"taxonomy":"product_brand","embeddable":true,"href":"https:\/\/shop.bjerring-sales.dk\/en\/wp-json\/wp\/v2\/product_brand?post=100645"},{"taxonomy":"product_cat","embeddable":true,"href":"https:\/\/shop.bjerring-sales.dk\/en\/wp-json\/wp\/v2\/product_cat?post=100645"},{"taxonomy":"product_tag","embeddable":true,"href":"https:\/\/shop.bjerring-sales.dk\/en\/wp-json\/wp\/v2\/product_tag?post=100645"}],"curies":[{"name":"wp","href":"https:\/\/api.w.org\/{rel}","templated":true}]}}