{"id":100644,"date":"2025-03-18T12:52:57","date_gmt":"2025-03-18T11:52:57","guid":{"rendered":"https:\/\/shop.bjerring-sales.dk\/sv\/?post_type=product&#038;p=100644"},"modified":"2026-04-15T10:44:24","modified_gmt":"2026-04-15T08:44:24","slug":"skrivbordsunderlagg-adapt","status":"publish","type":"product","link":"https:\/\/shop.bjerring-sales.dk\/en\/product\/skrivbordsunderlagg-adapt\/","title":{"rendered":"Desktop wallpaper Adapt"},"content":{"rendered":"<div class=\"wpb-content-wrapper\"><div class=\"vc_row wpb_row vc_row-fluid\"><div class=\"wpb_column vc_column_container vc_col-sm-12\"><div class=\"vc_column-inner\"><div class=\"wpb_wrapper\">\n\t<div class=\"wpb_text_column wpb_content_element\" >\n\t\t<div class=\"wpb_wrapper\">\n\t\t\t<p><span style=\"font-size: 24pt;\">Adapt desk pad \u2013 An ergonomic solution for your desk<br \/>\n<\/span>Stylish and durable leather desk mat that enhances both the feel and longevity of your work surface. It effectively protects against scratches, marks and spills, while helping you keep your desk clean, organized and tidy. The high-quality lock stitching prevents the edges from fraying or breaking over time. A clever edge design wraps around the front edge of the desk and keeps the mat in place, along with the non-slip backing that ensures it stays stable even with daily use. The water-repellent surface also means that the mat can be easily vacuumed or wiped with a damp cloth - perfect for both home and office.<\/p>\n\n\t\t<\/div>\n\t<\/div>\n<\/div><\/div><\/div><\/div><div class=\"vc_row wpb_row vc_row-fluid\"><div class=\"wpb_column vc_column_container vc_col-sm-6\"><div class=\"vc_column-inner\"><div class=\"wpb_wrapper\">\n\t<div  class=\"wpb_single_image wpb_content_element vc_align_center\">\n\t\t\n\t\t<figure class=\"wpb_wrapper vc_figure\">\n\t\t\t<div class=\"vc_single_image-wrapper vc_box_shadow_border  vc_box_border_grey\"><img loading=\"lazy\" decoding=\"async\" width=\"800\" height=\"533\" src=\"https:\/\/shop.bjerring-sales.dk\/wp-content\/uploads\/2025\/03\/skrivbordsunerlagg10.webp\" class=\"vc_single_image-img attachment-full\" alt=\"\" title=\"deskunerlagg10\" srcset=\"https:\/\/shop.bjerring-sales.dk\/wp-content\/uploads\/2025\/03\/skrivbordsunerlagg10.webp 800w, https:\/\/shop.bjerring-sales.dk\/wp-content\/uploads\/2025\/03\/skrivbordsunerlagg10-300x200.webp 300w, https:\/\/shop.bjerring-sales.dk\/wp-content\/uploads\/2025\/03\/skrivbordsunerlagg10-768x512.webp 768w, https:\/\/shop.bjerring-sales.dk\/wp-content\/uploads\/2025\/03\/skrivbordsunerlagg10-18x12.webp 18w, https:\/\/shop.bjerring-sales.dk\/wp-content\/uploads\/2025\/03\/skrivbordsunerlagg10-600x400.webp 600w, https:\/\/shop.bjerring-sales.dk\/wp-content\/uploads\/2025\/03\/skrivbordsunerlagg10-150x100.webp 150w\" sizes=\"auto, (max-width: 800px) 100vw, 800px\" \/><\/div>\n\t\t<\/figure>\n\t<\/div>\n<\/div><\/div><\/div><div class=\"wpb_column vc_column_container vc_col-sm-6\"><div class=\"vc_column-inner\"><div class=\"wpb_wrapper\">\n\t<div  class=\"wpb_single_image wpb_content_element vc_align_center\">\n\t\t\n\t\t<figure class=\"wpb_wrapper vc_figure\">\n\t\t\t<div class=\"vc_single_image-wrapper vc_box_shadow_border  vc_box_border_grey\"><img loading=\"lazy\" decoding=\"async\" width=\"800\" height=\"533\" src=\"https:\/\/shop.bjerring-sales.dk\/wp-content\/uploads\/2025\/03\/skrivbordsunerlagg11.jpg\" class=\"vc_single_image-img attachment-full\" alt=\"\" title=\"desksunerlagg11\" srcset=\"https:\/\/shop.bjerring-sales.dk\/wp-content\/uploads\/2025\/03\/skrivbordsunerlagg11.jpg 800w, https:\/\/shop.bjerring-sales.dk\/wp-content\/uploads\/2025\/03\/skrivbordsunerlagg11-300x200.jpg 300w, https:\/\/shop.bjerring-sales.dk\/wp-content\/uploads\/2025\/03\/skrivbordsunerlagg11-768x512.jpg 768w, https:\/\/shop.bjerring-sales.dk\/wp-content\/uploads\/2025\/03\/skrivbordsunerlagg11-18x12.jpg 18w, https:\/\/shop.bjerring-sales.dk\/wp-content\/uploads\/2025\/03\/skrivbordsunerlagg11-600x400.jpg 600w, https:\/\/shop.bjerring-sales.dk\/wp-content\/uploads\/2025\/03\/skrivbordsunerlagg11-150x100.jpg 150w\" sizes=\"auto, (max-width: 800px) 100vw, 800px\" \/><\/div>\n\t\t<\/figure>\n\t<\/div>\n<\/div><\/div><\/div><\/div><div class=\"vc_row wpb_row vc_row-fluid\"><div class=\"wpb_column vc_column_container vc_col-sm-12\"><div class=\"vc_column-inner\"><div class=\"wpb_wrapper\"><div class=\"vc_row wpb_row vc_inner vc_row-fluid\"><div class=\"wpb_column vc_column_container vc_col-sm-12\"><div class=\"vc_column-inner\"><div class=\"wpb_wrapper\">\n\t<div class=\"wpb_text_column wpb_content_element vc_custom_1745072226057\" >\n\t\t<div class=\"wpb_wrapper\">\n\t\t\t<p><span style=\"font-size: 18pt;\">Specifications<\/span><\/p>\n\n\t\t<\/div>\n\t<\/div>\n<div class=\"vc_separator wpb_content_element vc_separator_align_center vc_sep_width_100 vc_sep_pos_align_center vc_separator_no_text vc_sep_color_grey vc_custom_1745072233152\" ><span class=\"vc_sep_holder vc_sep_holder_l\"><span class=\"vc_sep_line\"><\/span><\/span><span class=\"vc_sep_holder vc_sep_holder_r\"><span class=\"vc_sep_line\"><\/span><\/span>\n<\/div><\/div><\/div><\/div><\/div><div class=\"vc_row wpb_row vc_inner vc_row-fluid\"><div class=\"wpb_column vc_column_container vc_col-sm-6\"><div class=\"vc_column-inner\"><div class=\"wpb_wrapper\">\n\t<div class=\"wpb_text_column wpb_content_element vc_custom_1745249112297\" >\n\t\t<div class=\"wpb_wrapper\">\n\t\t\t<ul>\n<li>Material: Polyvinyl chloride (PVC)<\/li>\n<li>Colour: Black<\/li>\n<li>Dimensions: 800 \u00d7 400 mm<\/li>\n<\/ul>\n\n\t\t<\/div>\n\t<\/div>\n<\/div><\/div><\/div><div class=\"wpb_column vc_column_container vc_col-sm-6\"><div class=\"vc_column-inner\"><div class=\"wpb_wrapper\">\n\t<div class=\"wpb_text_column wpb_content_element\" >\n\t\t<div class=\"wpb_wrapper\">\n\t\t\t<ul>\n<li>RGB lighting: No<\/li>\n<li>Overlock stitch: Yes<\/li>\n<li>Water resistant: Yes<\/li>\n<\/ul>\n\n\t\t<\/div>\n\t<\/div>\n<\/div><\/div><\/div><\/div><\/div><\/div><\/div><\/div>\n<\/div>","protected":false},"excerpt":{"rendered":"<p>Adapt is a PVC leather mouse pad with edge protection that offers comfort and protection for your wrist during long hours in front of the computer. Made of stylish and easy-care PVC leather that provides smooth and precise mouse movement.<\/p>","protected":false},"featured_media":100659,"template":"","meta":{"iawp_total_views":10},"product_brand":[],"product_cat":[5785,5798],"product_tag":[5793],"class_list":{"0":"post-100644","1":"product","2":"type-product","3":"status-publish","4":"has-post-thumbnail","6":"product_cat-hemmakontor","7":"product_cat-kontorsprodukter","8":"product_tag-ergonomi","10":"first","11":"instock","12":"taxable","13":"shipping-taxable","14":"purchasable","15":"product-type-simple"},"yoast_head":"<!-- This site is optimized with the Yoast SEO plugin v27.0 - https:\/\/yoast.com\/product\/yoast-seo-wordpress\/ -->\n<title>Skrivbordsunderl\u00e4gg Adapt - Bjerring-Sales<\/title>\n<meta name=\"description\" content=\"Skrivbordsunderl\u00e4gg Adapt \u00e4r en musmatta i PVC-l\u00e4der med Kantsskydd erbjuder komfort och skydd f\u00f6r handleden vid l\u00e5nga timmar framf\u00f6r datorn.\" \/>\n<meta name=\"robots\" content=\"index, follow, max-snippet:-1, max-image-preview:large, max-video-preview:-1\" \/>\n<link rel=\"canonical\" href=\"https:\/\/shop.bjerring-sales.dk\/en\/product\/skrivbordsunderlagg-adapt\/\" \/>\n<meta property=\"og:locale\" content=\"en_GB\" \/>\n<meta property=\"og:type\" content=\"article\" \/>\n<meta property=\"og:title\" content=\"Adapt skrivbordsunderl\u00e4gg \u2013 En ergonomisk l\u00f6sning till dit skrivbord\" \/>\n<meta property=\"og:description\" content=\"Skrivbordsunderl\u00e4gg Adapt \u00e4r en musmatta i PVC-l\u00e4der med Kantsskydd erbjuder komfort och skydd f\u00f6r handleden vid l\u00e5nga timmar framf\u00f6r datorn.\" \/>\n<meta property=\"og:url\" content=\"https:\/\/shop.bjerring-sales.dk\/en\/product\/skrivbordsunderlagg-adapt\/\" \/>\n<meta property=\"og:site_name\" content=\"Bjerring-Sales\" \/>\n<meta property=\"article:modified_time\" content=\"2026-04-15T08:44:24+00:00\" \/>\n<meta property=\"og:image\" content=\"https:\/\/shop.bjerring-sales.dk\/wp-content\/uploads\/2025\/03\/elj-skrivbordsunderlagg-adapt-800x800px-miljo-01.jpg\" \/>\n\t<meta property=\"og:image:width\" content=\"800\" \/>\n\t<meta property=\"og:image:height\" content=\"800\" \/>\n\t<meta property=\"og:image:type\" content=\"image\/jpeg\" \/>\n<meta name=\"twitter:card\" content=\"summary_large_image\" \/>\n<meta name=\"twitter:title\" content=\"Adapt skrivbordsunderl\u00e4gg \u2013 En ergonomisk l\u00f6sning till dit skrivbord\" \/>\n<meta name=\"twitter:description\" content=\"Skrivbordsunderl\u00e4gg Adapt \u00e4r en musmatta i PVC-l\u00e4der med Kantsskydd erbjuder komfort och skydd f\u00f6r handleden vid l\u00e5nga timmar framf\u00f6r datorn.\" \/>\n<meta name=\"twitter:image\" content=\"https:\/\/shop.bjerring-sales.dk\/wp-content\/uploads\/2025\/03\/elj-skrivbordsunderlagg-adapt-800x800px-miljo-01.jpg\" \/>\n<meta name=\"twitter:label1\" content=\"Estimated reading time\" \/>\n\t<meta name=\"twitter:data1\" content=\"2 minutes\" \/>\n<script type=\"application\/ld+json\" class=\"yoast-schema-graph\">{\"@context\":\"https:\/\/schema.org\",\"@graph\":[{\"@type\":\"WebPage\",\"@id\":\"https:\/\/shop.bjerring-sales.dk\/product\/skrivbordsunderlagg-adapt\/\",\"url\":\"https:\/\/shop.bjerring-sales.dk\/product\/skrivbordsunderlagg-adapt\/\",\"name\":\"Skrivbordsunderl\u00e4gg Adapt - Bjerring-Sales\",\"isPartOf\":{\"@id\":\"https:\/\/shop.bjerring-sales.dk\/#website\"},\"primaryImageOfPage\":{\"@id\":\"https:\/\/shop.bjerring-sales.dk\/product\/skrivbordsunderlagg-adapt\/#primaryimage\"},\"image\":{\"@id\":\"https:\/\/shop.bjerring-sales.dk\/product\/skrivbordsunderlagg-adapt\/#primaryimage\"},\"thumbnailUrl\":\"https:\/\/shop.bjerring-sales.dk\/wp-content\/uploads\/2025\/03\/elj-skrivbordsunderlagg-adapt-800x800px.jpg\",\"datePublished\":\"2025-03-18T11:52:57+00:00\",\"dateModified\":\"2026-04-15T08:44:24+00:00\",\"description\":\"Skrivbordsunderl\u00e4gg Adapt \u00e4r en musmatta i PVC-l\u00e4der med Kantsskydd erbjuder komfort och skydd f\u00f6r handleden vid l\u00e5nga timmar framf\u00f6r datorn.\",\"breadcrumb\":{\"@id\":\"https:\/\/shop.bjerring-sales.dk\/product\/skrivbordsunderlagg-adapt\/#breadcrumb\"},\"inLanguage\":\"en-GB\",\"potentialAction\":[{\"@type\":\"ReadAction\",\"target\":[\"https:\/\/shop.bjerring-sales.dk\/product\/skrivbordsunderlagg-adapt\/\"]}]},{\"@type\":\"ImageObject\",\"inLanguage\":\"en-GB\",\"@id\":\"https:\/\/shop.bjerring-sales.dk\/product\/skrivbordsunderlagg-adapt\/#primaryimage\",\"url\":\"https:\/\/shop.bjerring-sales.dk\/wp-content\/uploads\/2025\/03\/elj-skrivbordsunderlagg-adapt-800x800px.jpg\",\"contentUrl\":\"https:\/\/shop.bjerring-sales.dk\/wp-content\/uploads\/2025\/03\/elj-skrivbordsunderlagg-adapt-800x800px.jpg\",\"width\":800,\"height\":800},{\"@type\":\"BreadcrumbList\",\"@id\":\"https:\/\/shop.bjerring-sales.dk\/product\/skrivbordsunderlagg-adapt\/#breadcrumb\",\"itemListElement\":[{\"@type\":\"ListItem\",\"position\":1,\"name\":\"Hem\",\"item\":\"https:\/\/shop.bjerring-sales.dk\/\"},{\"@type\":\"ListItem\",\"position\":2,\"name\":\"Webbutik\",\"item\":\"https:\/\/shop.bjerring-sales.dk\/butik\/\"},{\"@type\":\"ListItem\",\"position\":3,\"name\":\"Skrivbordsunderl\u00e4gg Adapt\"}]},{\"@type\":\"WebSite\",\"@id\":\"https:\/\/shop.bjerring-sales.dk\/#website\",\"url\":\"https:\/\/shop.bjerring-sales.dk\/\",\"name\":\"Bjerring-Sales\",\"description\":\"M\u00f6bler f\u00f6r teatrar, skolor, kontor och k\u00f6pcentrum\",\"publisher\":{\"@id\":\"https:\/\/shop.bjerring-sales.dk\/#organization\"},\"potentialAction\":[{\"@type\":\"SearchAction\",\"target\":{\"@type\":\"EntryPoint\",\"urlTemplate\":\"https:\/\/shop.bjerring-sales.dk\/?s={search_term_string}\"},\"query-input\":{\"@type\":\"PropertyValueSpecification\",\"valueRequired\":true,\"valueName\":\"search_term_string\"}}],\"inLanguage\":\"en-GB\"},{\"@type\":\"Organization\",\"@id\":\"https:\/\/shop.bjerring-sales.dk\/#organization\",\"name\":\"Bjerring-Sales\",\"url\":\"https:\/\/shop.bjerring-sales.dk\/\",\"logo\":{\"@type\":\"ImageObject\",\"inLanguage\":\"en-GB\",\"@id\":\"https:\/\/shop.bjerring-sales.dk\/#\/schema\/logo\/image\/\",\"url\":\"https:\/\/shop.bjerring-sales.dk\/wp-content\/uploads\/2023\/01\/logo_sv.png\",\"contentUrl\":\"https:\/\/shop.bjerring-sales.dk\/wp-content\/uploads\/2023\/01\/logo_sv.png\",\"width\":195,\"height\":68,\"caption\":\"Bjerring-Sales\"},\"image\":{\"@id\":\"https:\/\/shop.bjerring-sales.dk\/#\/schema\/logo\/image\/\"}}]}<\/script>\n<!-- \/ Yoast SEO plugin. -->","yoast_head_json":{"title":"Skrivbordsunderl\u00e4gg Adapt - Bjerring-Sales","description":"Skrivbordsunderl\u00e4gg Adapt \u00e4r en musmatta i PVC-l\u00e4der med Kantsskydd erbjuder komfort och skydd f\u00f6r handleden vid l\u00e5nga timmar framf\u00f6r datorn.","robots":{"index":"index","follow":"follow","max-snippet":"max-snippet:-1","max-image-preview":"max-image-preview:large","max-video-preview":"max-video-preview:-1"},"canonical":"https:\/\/shop.bjerring-sales.dk\/en\/product\/skrivbordsunderlagg-adapt\/","og_locale":"en_GB","og_type":"article","og_title":"Adapt skrivbordsunderl\u00e4gg \u2013 En ergonomisk l\u00f6sning till dit skrivbord","og_description":"Skrivbordsunderl\u00e4gg Adapt \u00e4r en musmatta i PVC-l\u00e4der med Kantsskydd erbjuder komfort och skydd f\u00f6r handleden vid l\u00e5nga timmar framf\u00f6r datorn.","og_url":"https:\/\/shop.bjerring-sales.dk\/en\/product\/skrivbordsunderlagg-adapt\/","og_site_name":"Bjerring-Sales","article_modified_time":"2026-04-15T08:44:24+00:00","og_image":[{"width":800,"height":800,"url":"https:\/\/shop.bjerring-sales.dk\/wp-content\/uploads\/2025\/03\/elj-skrivbordsunderlagg-adapt-800x800px-miljo-01.jpg","type":"image\/jpeg"}],"twitter_card":"summary_large_image","twitter_title":"Adapt skrivbordsunderl\u00e4gg \u2013 En ergonomisk l\u00f6sning till dit skrivbord","twitter_description":"Skrivbordsunderl\u00e4gg Adapt \u00e4r en musmatta i PVC-l\u00e4der med Kantsskydd erbjuder komfort och skydd f\u00f6r handleden vid l\u00e5nga timmar framf\u00f6r datorn.","twitter_image":"https:\/\/shop.bjerring-sales.dk\/wp-content\/uploads\/2025\/03\/elj-skrivbordsunderlagg-adapt-800x800px-miljo-01.jpg","twitter_misc":{"Estimated reading time":"2 minutes"},"schema":{"@context":"https:\/\/schema.org","@graph":[{"@type":"WebPage","@id":"https:\/\/shop.bjerring-sales.dk\/product\/skrivbordsunderlagg-adapt\/","url":"https:\/\/shop.bjerring-sales.dk\/product\/skrivbordsunderlagg-adapt\/","name":"Skrivbordsunderl\u00e4gg Adapt - Bjerring-Sales","isPartOf":{"@id":"https:\/\/shop.bjerring-sales.dk\/#website"},"primaryImageOfPage":{"@id":"https:\/\/shop.bjerring-sales.dk\/product\/skrivbordsunderlagg-adapt\/#primaryimage"},"image":{"@id":"https:\/\/shop.bjerring-sales.dk\/product\/skrivbordsunderlagg-adapt\/#primaryimage"},"thumbnailUrl":"https:\/\/shop.bjerring-sales.dk\/wp-content\/uploads\/2025\/03\/elj-skrivbordsunderlagg-adapt-800x800px.jpg","datePublished":"2025-03-18T11:52:57+00:00","dateModified":"2026-04-15T08:44:24+00:00","description":"Skrivbordsunderl\u00e4gg Adapt \u00e4r en musmatta i PVC-l\u00e4der med Kantsskydd erbjuder komfort och skydd f\u00f6r handleden vid l\u00e5nga timmar framf\u00f6r datorn.","breadcrumb":{"@id":"https:\/\/shop.bjerring-sales.dk\/product\/skrivbordsunderlagg-adapt\/#breadcrumb"},"inLanguage":"en-GB","potentialAction":[{"@type":"ReadAction","target":["https:\/\/shop.bjerring-sales.dk\/product\/skrivbordsunderlagg-adapt\/"]}]},{"@type":"ImageObject","inLanguage":"en-GB","@id":"https:\/\/shop.bjerring-sales.dk\/product\/skrivbordsunderlagg-adapt\/#primaryimage","url":"https:\/\/shop.bjerring-sales.dk\/wp-content\/uploads\/2025\/03\/elj-skrivbordsunderlagg-adapt-800x800px.jpg","contentUrl":"https:\/\/shop.bjerring-sales.dk\/wp-content\/uploads\/2025\/03\/elj-skrivbordsunderlagg-adapt-800x800px.jpg","width":800,"height":800},{"@type":"BreadcrumbList","@id":"https:\/\/shop.bjerring-sales.dk\/product\/skrivbordsunderlagg-adapt\/#breadcrumb","itemListElement":[{"@type":"ListItem","position":1,"name":"Hem","item":"https:\/\/shop.bjerring-sales.dk\/"},{"@type":"ListItem","position":2,"name":"Webbutik","item":"https:\/\/shop.bjerring-sales.dk\/butik\/"},{"@type":"ListItem","position":3,"name":"Skrivbordsunderl\u00e4gg Adapt"}]},{"@type":"WebSite","@id":"https:\/\/shop.bjerring-sales.dk\/#website","url":"https:\/\/shop.bjerring-sales.dk\/","name":"Bjerring Sales","description":"Furniture for theatres, schools, offices and shopping centres","publisher":{"@id":"https:\/\/shop.bjerring-sales.dk\/#organization"},"potentialAction":[{"@type":"SearchAction","target":{"@type":"EntryPoint","urlTemplate":"https:\/\/shop.bjerring-sales.dk\/?s={search_term_string}"},"query-input":{"@type":"PropertyValueSpecification","valueRequired":true,"valueName":"search_term_string"}}],"inLanguage":"en-GB"},{"@type":"Organization","@id":"https:\/\/shop.bjerring-sales.dk\/#organization","name":"Bjerring Sales","url":"https:\/\/shop.bjerring-sales.dk\/","logo":{"@type":"ImageObject","inLanguage":"en-GB","@id":"https:\/\/shop.bjerring-sales.dk\/#\/schema\/logo\/image\/","url":"https:\/\/shop.bjerring-sales.dk\/wp-content\/uploads\/2023\/01\/logo_sv.png","contentUrl":"https:\/\/shop.bjerring-sales.dk\/wp-content\/uploads\/2023\/01\/logo_sv.png","width":195,"height":68,"caption":"Bjerring-Sales"},"image":{"@id":"https:\/\/shop.bjerring-sales.dk\/#\/schema\/logo\/image\/"}}]}},"_links":{"self":[{"href":"https:\/\/shop.bjerring-sales.dk\/en\/wp-json\/wp\/v2\/product\/100644","targetHints":{"allow":["GET"]}}],"collection":[{"href":"https:\/\/shop.bjerring-sales.dk\/en\/wp-json\/wp\/v2\/product"}],"about":[{"href":"https:\/\/shop.bjerring-sales.dk\/en\/wp-json\/wp\/v2\/types\/product"}],"wp:featuredmedia":[{"embeddable":true,"href":"https:\/\/shop.bjerring-sales.dk\/en\/wp-json\/wp\/v2\/media\/100659"}],"wp:attachment":[{"href":"https:\/\/shop.bjerring-sales.dk\/en\/wp-json\/wp\/v2\/media?parent=100644"}],"wp:term":[{"taxonomy":"product_brand","embeddable":true,"href":"https:\/\/shop.bjerring-sales.dk\/en\/wp-json\/wp\/v2\/product_brand?post=100644"},{"taxonomy":"product_cat","embeddable":true,"href":"https:\/\/shop.bjerring-sales.dk\/en\/wp-json\/wp\/v2\/product_cat?post=100644"},{"taxonomy":"product_tag","embeddable":true,"href":"https:\/\/shop.bjerring-sales.dk\/en\/wp-json\/wp\/v2\/product_tag?post=100644"}],"curies":[{"name":"wp","href":"https:\/\/api.w.org\/{rel}","templated":true}]}}