{"id":100643,"date":"2025-03-18T12:34:22","date_gmt":"2025-03-18T11:34:22","guid":{"rendered":"https:\/\/shop.bjerring-sales.dk\/sv\/?post_type=product&#038;p=100643"},"modified":"2026-03-19T09:38:53","modified_gmt":"2026-03-19T08:38:53","slug":"skrivbordslampa-adapt","status":"publish","type":"product","link":"https:\/\/shop.bjerring-sales.dk\/en\/product\/skrivbordslampa-adapt\/","title":{"rendered":"Desk lamp Adapt"},"content":{"rendered":"<div class=\"wpb-content-wrapper\"><div class=\"vc_row wpb_row vc_row-fluid\"><div class=\"wpb_column vc_column_container vc_col-sm-8\"><div class=\"vc_column-inner\"><div class=\"wpb_wrapper\">\n\t<div class=\"wpb_text_column wpb_content_element\" >\n\t\t<div class=\"wpb_wrapper\">\n\t\t\t<p><span style=\"font-size: 24pt;\">Adapt table lamp \u2013 A flexible lamp that fits any desk<br \/>\n<\/span>Adapt table lamp is an innovative, functional and stylish lamp that adapts to you and your everyday life. Forget static solutions \u2013 with Adapt table lamp you can adjust the arm from 0 to 130 degrees to get just the right angle for the moment. Adapt table lamp folds easily and takes up minimal space \u2013 perfect for those who often change workspaces. Say hello to a perfect light pattern, whether you work from home or sit in the office.<\/p>\n<p><span style=\"font-size: 18pt;\">The Adapt table lamp is designed to make lighting easy!<br \/>\n<\/span>With six brightness levels to choose from and a timeless, elegant design, you get a lot of design for your money. You can also easily charge your mobile phone in the USB socket that is also in the lamp. And if you forget to turn it off, the lamp will automatically turn off using an Eco-timer. Economical and energy-saving has never been easier. Adapt table lamp is available in black.<\/p>\n\n\t\t<\/div>\n\t<\/div>\n<\/div><\/div><\/div><div class=\"wpb_column vc_column_container vc_col-sm-4\"><div class=\"vc_column-inner\"><div class=\"wpb_wrapper\">\n\t<div class=\"wpb_text_column wpb_content_element\" >\n\t\t<div class=\"wpb_wrapper\">\n\t\t\t<p><a href=\"https:\/\/shop.bjerring-sales.dk\/wp-content\/uploads\/2025\/03\/skrivbordslampa02.webp\"><img loading=\"lazy\" decoding=\"async\" class=\"alignnone size-full wp-image-100778\" src=\"https:\/\/shop.bjerring-sales.dk\/wp-content\/uploads\/2025\/03\/skrivbordslampa02.webp\" alt=\"\" width=\"800\" height=\"800\" srcset=\"https:\/\/shop.bjerring-sales.dk\/wp-content\/uploads\/2025\/03\/skrivbordslampa02.webp 800w, https:\/\/shop.bjerring-sales.dk\/wp-content\/uploads\/2025\/03\/skrivbordslampa02-300x300.webp 300w, https:\/\/shop.bjerring-sales.dk\/wp-content\/uploads\/2025\/03\/skrivbordslampa02-150x150.webp 150w, https:\/\/shop.bjerring-sales.dk\/wp-content\/uploads\/2025\/03\/skrivbordslampa02-768x768.webp 768w, https:\/\/shop.bjerring-sales.dk\/wp-content\/uploads\/2025\/03\/skrivbordslampa02-12x12.webp 12w, https:\/\/shop.bjerring-sales.dk\/wp-content\/uploads\/2025\/03\/skrivbordslampa02-600x600.webp 600w\" sizes=\"auto, (max-width: 800px) 100vw, 800px\" \/><\/a><\/p>\n\n\t\t<\/div>\n\t<\/div>\n<\/div><\/div><\/div><\/div><div class=\"vc_row wpb_row vc_row-fluid\"><div class=\"wpb_column vc_column_container vc_col-sm-12\"><div class=\"vc_column-inner\"><div class=\"wpb_wrapper\"><div class=\"vc_row wpb_row vc_inner vc_row-fluid\"><div class=\"wpb_column vc_column_container vc_col-sm-12\"><div class=\"vc_column-inner\"><div class=\"wpb_wrapper\">\n\t<div class=\"wpb_text_column wpb_content_element vc_custom_1745072226057\" >\n\t\t<div class=\"wpb_wrapper\">\n\t\t\t<p><span style=\"font-size: 18pt;\">Specifications<\/span><\/p>\n\n\t\t<\/div>\n\t<\/div>\n<div class=\"vc_separator wpb_content_element vc_separator_align_center vc_sep_width_100 vc_sep_pos_align_center vc_separator_no_text vc_sep_color_grey vc_custom_1745072233152\" ><span class=\"vc_sep_holder vc_sep_holder_l\"><span class=\"vc_sep_line\"><\/span><\/span><span class=\"vc_sep_holder vc_sep_holder_r\"><span class=\"vc_sep_line\"><\/span><\/span>\n<\/div><\/div><\/div><\/div><\/div><div class=\"vc_row wpb_row vc_inner vc_row-fluid\"><div class=\"wpb_column vc_column_container vc_col-sm-6\"><div class=\"vc_column-inner\"><div class=\"wpb_wrapper\">\n\t<div class=\"wpb_text_column wpb_content_element\" >\n\t\t<div class=\"wpb_wrapper\">\n\t\t\t<ul>\n<li>Dimensions (L x W x H): 410 x 120 x 455 mm<\/li>\n<li>Net weight: 1120g<\/li>\n<li>Power: 12W<\/li>\n<li>Light source: SMD 4014, 66 pcs<\/li>\n<li>Light source life: 20,000 hours<\/li>\n<li>Color temperature (CCT): 3000K \u2013 5000K<\/li>\n<li>Brightness control: 6 levels<\/li>\n<li>Color rendering index (CRI): &gt; Ra80<\/li>\n<li>Luminous flux: 400\u2013450 lm<\/li>\n<\/ul>\n\n\t\t<\/div>\n\t<\/div>\n<\/div><\/div><\/div><div class=\"wpb_column vc_column_container vc_col-sm-6\"><div class=\"vc_column-inner\"><div class=\"wpb_wrapper\">\n\t<div class=\"wpb_text_column wpb_content_element\" >\n\t\t<div class=\"wpb_wrapper\">\n\t\t\t<ul>\n<li>Luminance in the center: 1000 lux @ 40 cm height<\/li>\n<li>IP rating: IP20<\/li>\n<li>Colour: Black<\/li>\n<li>Certifications: CE, ErP<\/li>\n<li>Warranty: 2 years<\/li>\n<li>Lithium battery: No<\/li>\n<li>Gross weight: 1.5 kg<\/li>\n<li>Net weight: 1.3 kg<\/li>\n<\/ul>\n\n\t\t<\/div>\n\t<\/div>\n<\/div><\/div><\/div><\/div><\/div><\/div><\/div><\/div><div class=\"vc_row wpb_row vc_row-fluid\"><div class=\"wpb_column vc_column_container vc_col-sm-12\"><div class=\"vc_column-inner\"><div class=\"wpb_wrapper\">\n\t<div class=\"wpb_text_column wpb_content_element\" >\n\t\t<div class=\"wpb_wrapper\">\n\t\t\t<p><span style=\"font-size: 18pt;\">Guarantee<\/span><\/p>\n<ul>\n<li>2 years<\/li>\n<\/ul>\n\n\t\t<\/div>\n\t<\/div>\n<\/div><\/div><\/div><\/div>\n<\/div>","protected":false},"excerpt":{"rendered":"<p><span class=\"TextRun SCXO13533771 BCX0\" lang=\"SV-SE\" xml:lang=\"SV-SE\" data-contrast=\"none\"><span class=\"SpellingError SCXO13533771 BCX0\">Adapt<\/span><span class=\"NormalTextRun SCXO13533771 BCX0\"> table lamp is a stylish and flexible lamp that fits all desks and workplaces. With six brightness levels to choose from and a timeless, elegant design, you get a lot of design for your money. The lamp&#039;s arm can also be adjusted<\/span><\/span><span class=\"TextRun SCXO13533771 BCX0\" lang=\"SV-SE\" xml:lang=\"SV-SE\" data-contrast=\"none\"><span class=\"NormalTextRun SCXO13533771 BCX0\"> to get just the right angle for the moment. It&#039;s also easy to charge your mobile phone using the USB socket in the lamp base.\u00a0<\/span><\/span><\/p>","protected":false},"featured_media":100655,"template":"","meta":{"iawp_total_views":5},"product_brand":[],"product_cat":[5785,5798],"product_tag":[6322,6324],"class_list":{"0":"post-100643","1":"product","2":"type-product","3":"status-publish","4":"has-post-thumbnail","6":"product_cat-hemmakontor","7":"product_cat-kontorsprodukter","8":"product_tag-bordslampa","9":"product_tag-skrivbordslampa","11":"first","12":"instock","13":"taxable","14":"shipping-taxable","15":"purchasable","16":"product-type-simple"},"yoast_head":"<!-- This site is optimized with the Yoast SEO plugin v27.0 - https:\/\/yoast.com\/product\/yoast-seo-wordpress\/ -->\n<title>Skrivbordslampa Adapt - Bjerring-Sales<\/title>\n<meta name=\"description\" content=\"Adapt bordslampa \u00e4r en stilren och flexibel lampa som passar alla skrivbord och arbetsplatser. Med sex ljusstyrkor att v\u00e4lja mellan och ett tidl\u00f6st, elegant formspr\u00e5k f\u00e5r man mycket design f\u00f6r pengarna.\" \/>\n<meta name=\"robots\" content=\"index, follow, max-snippet:-1, max-image-preview:large, max-video-preview:-1\" \/>\n<link rel=\"canonical\" href=\"https:\/\/shop.bjerring-sales.dk\/en\/product\/skrivbordslampa-adapt\/\" \/>\n<meta property=\"og:locale\" content=\"en_GB\" \/>\n<meta property=\"og:type\" content=\"article\" \/>\n<meta property=\"og:title\" content=\"Adapt bordslampa \u2013 En flexibel lampa som passar alla skrivbord\" \/>\n<meta property=\"og:description\" content=\"Adapt bordslampa \u00e4r en stilren och flexibel lampa som passar alla skrivbord och arbetsplatser. Med sex ljusstyrkor att v\u00e4lja mellan och ett tidl\u00f6st, elegant formspr\u00e5k f\u00e5r man mycket design f\u00f6r pengarna.\" \/>\n<meta property=\"og:url\" content=\"https:\/\/shop.bjerring-sales.dk\/en\/product\/skrivbordslampa-adapt\/\" \/>\n<meta property=\"og:site_name\" content=\"Bjerring-Sales\" \/>\n<meta property=\"article:modified_time\" content=\"2026-03-19T08:38:53+00:00\" \/>\n<meta property=\"og:image\" content=\"https:\/\/shop.bjerring-sales.dk\/wp-content\/uploads\/2025\/03\/elj-skrivbordslampa-adapt-800x800px.jpg\" \/>\n\t<meta property=\"og:image:width\" content=\"800\" \/>\n\t<meta property=\"og:image:height\" content=\"800\" \/>\n\t<meta property=\"og:image:type\" content=\"image\/jpeg\" \/>\n<meta name=\"twitter:card\" content=\"summary_large_image\" \/>\n<meta name=\"twitter:title\" content=\"Adapt bordslampa \u2013 En flexibel lampa som passar alla skrivbord\" \/>\n<meta name=\"twitter:description\" content=\"Adapt bordslampa \u00e4r en stilren och flexibel lampa som passar alla skrivbord och arbetsplatser. Med sex ljusstyrkor att v\u00e4lja mellan och ett tidl\u00f6st, elegant formspr\u00e5k f\u00e5r man mycket design f\u00f6r pengarna.\" \/>\n<meta name=\"twitter:image\" content=\"https:\/\/shop.bjerring-sales.dk\/wp-content\/uploads\/2025\/03\/elj-skrivbordslampa-adapt-800x800px.jpg\" \/>\n<meta name=\"twitter:label1\" content=\"Estimated reading time\" \/>\n\t<meta name=\"twitter:data1\" content=\"2 minutes\" \/>\n<script type=\"application\/ld+json\" class=\"yoast-schema-graph\">{\"@context\":\"https:\/\/schema.org\",\"@graph\":[{\"@type\":\"WebPage\",\"@id\":\"https:\/\/shop.bjerring-sales.dk\/product\/skrivbordslampa-adapt\/\",\"url\":\"https:\/\/shop.bjerring-sales.dk\/product\/skrivbordslampa-adapt\/\",\"name\":\"Skrivbordslampa Adapt - Bjerring-Sales\",\"isPartOf\":{\"@id\":\"https:\/\/shop.bjerring-sales.dk\/#website\"},\"primaryImageOfPage\":{\"@id\":\"https:\/\/shop.bjerring-sales.dk\/product\/skrivbordslampa-adapt\/#primaryimage\"},\"image\":{\"@id\":\"https:\/\/shop.bjerring-sales.dk\/product\/skrivbordslampa-adapt\/#primaryimage\"},\"thumbnailUrl\":\"https:\/\/shop.bjerring-sales.dk\/wp-content\/uploads\/2025\/03\/elj-skrivbordslampa-adapt-800x800px.jpg\",\"datePublished\":\"2025-03-18T11:34:22+00:00\",\"dateModified\":\"2026-03-19T08:38:53+00:00\",\"description\":\"Adapt bordslampa \u00e4r en stilren och flexibel lampa som passar alla skrivbord och arbetsplatser. Med sex ljusstyrkor att v\u00e4lja mellan och ett tidl\u00f6st, elegant formspr\u00e5k f\u00e5r man mycket design f\u00f6r pengarna.\",\"breadcrumb\":{\"@id\":\"https:\/\/shop.bjerring-sales.dk\/product\/skrivbordslampa-adapt\/#breadcrumb\"},\"inLanguage\":\"en-GB\",\"potentialAction\":[{\"@type\":\"ReadAction\",\"target\":[\"https:\/\/shop.bjerring-sales.dk\/product\/skrivbordslampa-adapt\/\"]}]},{\"@type\":\"ImageObject\",\"inLanguage\":\"en-GB\",\"@id\":\"https:\/\/shop.bjerring-sales.dk\/product\/skrivbordslampa-adapt\/#primaryimage\",\"url\":\"https:\/\/shop.bjerring-sales.dk\/wp-content\/uploads\/2025\/03\/elj-skrivbordslampa-adapt-800x800px.jpg\",\"contentUrl\":\"https:\/\/shop.bjerring-sales.dk\/wp-content\/uploads\/2025\/03\/elj-skrivbordslampa-adapt-800x800px.jpg\",\"width\":800,\"height\":800},{\"@type\":\"BreadcrumbList\",\"@id\":\"https:\/\/shop.bjerring-sales.dk\/product\/skrivbordslampa-adapt\/#breadcrumb\",\"itemListElement\":[{\"@type\":\"ListItem\",\"position\":1,\"name\":\"Hem\",\"item\":\"https:\/\/shop.bjerring-sales.dk\/\"},{\"@type\":\"ListItem\",\"position\":2,\"name\":\"Webbutik\",\"item\":\"https:\/\/shop.bjerring-sales.dk\/butik\/\"},{\"@type\":\"ListItem\",\"position\":3,\"name\":\"Skrivbordslampa Adapt\"}]},{\"@type\":\"WebSite\",\"@id\":\"https:\/\/shop.bjerring-sales.dk\/#website\",\"url\":\"https:\/\/shop.bjerring-sales.dk\/\",\"name\":\"Bjerring-Sales\",\"description\":\"M\u00f6bler f\u00f6r teatrar, skolor, kontor och k\u00f6pcentrum\",\"publisher\":{\"@id\":\"https:\/\/shop.bjerring-sales.dk\/#organization\"},\"potentialAction\":[{\"@type\":\"SearchAction\",\"target\":{\"@type\":\"EntryPoint\",\"urlTemplate\":\"https:\/\/shop.bjerring-sales.dk\/?s={search_term_string}\"},\"query-input\":{\"@type\":\"PropertyValueSpecification\",\"valueRequired\":true,\"valueName\":\"search_term_string\"}}],\"inLanguage\":\"en-GB\"},{\"@type\":\"Organization\",\"@id\":\"https:\/\/shop.bjerring-sales.dk\/#organization\",\"name\":\"Bjerring-Sales\",\"url\":\"https:\/\/shop.bjerring-sales.dk\/\",\"logo\":{\"@type\":\"ImageObject\",\"inLanguage\":\"en-GB\",\"@id\":\"https:\/\/shop.bjerring-sales.dk\/#\/schema\/logo\/image\/\",\"url\":\"https:\/\/shop.bjerring-sales.dk\/wp-content\/uploads\/2023\/01\/logo_sv.png\",\"contentUrl\":\"https:\/\/shop.bjerring-sales.dk\/wp-content\/uploads\/2023\/01\/logo_sv.png\",\"width\":195,\"height\":68,\"caption\":\"Bjerring-Sales\"},\"image\":{\"@id\":\"https:\/\/shop.bjerring-sales.dk\/#\/schema\/logo\/image\/\"}}]}<\/script>\n<!-- \/ Yoast SEO plugin. -->","yoast_head_json":{"title":"Skrivbordslampa Adapt - Bjerring-Sales","description":"Adapt bordslampa \u00e4r en stilren och flexibel lampa som passar alla skrivbord och arbetsplatser. Med sex ljusstyrkor att v\u00e4lja mellan och ett tidl\u00f6st, elegant formspr\u00e5k f\u00e5r man mycket design f\u00f6r pengarna.","robots":{"index":"index","follow":"follow","max-snippet":"max-snippet:-1","max-image-preview":"max-image-preview:large","max-video-preview":"max-video-preview:-1"},"canonical":"https:\/\/shop.bjerring-sales.dk\/en\/product\/skrivbordslampa-adapt\/","og_locale":"en_GB","og_type":"article","og_title":"Adapt bordslampa \u2013 En flexibel lampa som passar alla skrivbord","og_description":"Adapt bordslampa \u00e4r en stilren och flexibel lampa som passar alla skrivbord och arbetsplatser. Med sex ljusstyrkor att v\u00e4lja mellan och ett tidl\u00f6st, elegant formspr\u00e5k f\u00e5r man mycket design f\u00f6r pengarna.","og_url":"https:\/\/shop.bjerring-sales.dk\/en\/product\/skrivbordslampa-adapt\/","og_site_name":"Bjerring-Sales","article_modified_time":"2026-03-19T08:38:53+00:00","og_image":[{"width":800,"height":800,"url":"https:\/\/shop.bjerring-sales.dk\/wp-content\/uploads\/2025\/03\/elj-skrivbordslampa-adapt-800x800px.jpg","type":"image\/jpeg"}],"twitter_card":"summary_large_image","twitter_title":"Adapt bordslampa \u2013 En flexibel lampa som passar alla skrivbord","twitter_description":"Adapt bordslampa \u00e4r en stilren och flexibel lampa som passar alla skrivbord och arbetsplatser. Med sex ljusstyrkor att v\u00e4lja mellan och ett tidl\u00f6st, elegant formspr\u00e5k f\u00e5r man mycket design f\u00f6r pengarna.","twitter_image":"https:\/\/shop.bjerring-sales.dk\/wp-content\/uploads\/2025\/03\/elj-skrivbordslampa-adapt-800x800px.jpg","twitter_misc":{"Estimated reading time":"2 minutes"},"schema":{"@context":"https:\/\/schema.org","@graph":[{"@type":"WebPage","@id":"https:\/\/shop.bjerring-sales.dk\/product\/skrivbordslampa-adapt\/","url":"https:\/\/shop.bjerring-sales.dk\/product\/skrivbordslampa-adapt\/","name":"Skrivbordslampa Adapt - Bjerring-Sales","isPartOf":{"@id":"https:\/\/shop.bjerring-sales.dk\/#website"},"primaryImageOfPage":{"@id":"https:\/\/shop.bjerring-sales.dk\/product\/skrivbordslampa-adapt\/#primaryimage"},"image":{"@id":"https:\/\/shop.bjerring-sales.dk\/product\/skrivbordslampa-adapt\/#primaryimage"},"thumbnailUrl":"https:\/\/shop.bjerring-sales.dk\/wp-content\/uploads\/2025\/03\/elj-skrivbordslampa-adapt-800x800px.jpg","datePublished":"2025-03-18T11:34:22+00:00","dateModified":"2026-03-19T08:38:53+00:00","description":"Adapt bordslampa \u00e4r en stilren och flexibel lampa som passar alla skrivbord och arbetsplatser. Med sex ljusstyrkor att v\u00e4lja mellan och ett tidl\u00f6st, elegant formspr\u00e5k f\u00e5r man mycket design f\u00f6r pengarna.","breadcrumb":{"@id":"https:\/\/shop.bjerring-sales.dk\/product\/skrivbordslampa-adapt\/#breadcrumb"},"inLanguage":"en-GB","potentialAction":[{"@type":"ReadAction","target":["https:\/\/shop.bjerring-sales.dk\/product\/skrivbordslampa-adapt\/"]}]},{"@type":"ImageObject","inLanguage":"en-GB","@id":"https:\/\/shop.bjerring-sales.dk\/product\/skrivbordslampa-adapt\/#primaryimage","url":"https:\/\/shop.bjerring-sales.dk\/wp-content\/uploads\/2025\/03\/elj-skrivbordslampa-adapt-800x800px.jpg","contentUrl":"https:\/\/shop.bjerring-sales.dk\/wp-content\/uploads\/2025\/03\/elj-skrivbordslampa-adapt-800x800px.jpg","width":800,"height":800},{"@type":"BreadcrumbList","@id":"https:\/\/shop.bjerring-sales.dk\/product\/skrivbordslampa-adapt\/#breadcrumb","itemListElement":[{"@type":"ListItem","position":1,"name":"Hem","item":"https:\/\/shop.bjerring-sales.dk\/"},{"@type":"ListItem","position":2,"name":"Webbutik","item":"https:\/\/shop.bjerring-sales.dk\/butik\/"},{"@type":"ListItem","position":3,"name":"Skrivbordslampa Adapt"}]},{"@type":"WebSite","@id":"https:\/\/shop.bjerring-sales.dk\/#website","url":"https:\/\/shop.bjerring-sales.dk\/","name":"Bjerring Sales","description":"Furniture for theatres, schools, offices and shopping centres","publisher":{"@id":"https:\/\/shop.bjerring-sales.dk\/#organization"},"potentialAction":[{"@type":"SearchAction","target":{"@type":"EntryPoint","urlTemplate":"https:\/\/shop.bjerring-sales.dk\/?s={search_term_string}"},"query-input":{"@type":"PropertyValueSpecification","valueRequired":true,"valueName":"search_term_string"}}],"inLanguage":"en-GB"},{"@type":"Organization","@id":"https:\/\/shop.bjerring-sales.dk\/#organization","name":"Bjerring Sales","url":"https:\/\/shop.bjerring-sales.dk\/","logo":{"@type":"ImageObject","inLanguage":"en-GB","@id":"https:\/\/shop.bjerring-sales.dk\/#\/schema\/logo\/image\/","url":"https:\/\/shop.bjerring-sales.dk\/wp-content\/uploads\/2023\/01\/logo_sv.png","contentUrl":"https:\/\/shop.bjerring-sales.dk\/wp-content\/uploads\/2023\/01\/logo_sv.png","width":195,"height":68,"caption":"Bjerring-Sales"},"image":{"@id":"https:\/\/shop.bjerring-sales.dk\/#\/schema\/logo\/image\/"}}]}},"_links":{"self":[{"href":"https:\/\/shop.bjerring-sales.dk\/en\/wp-json\/wp\/v2\/product\/100643","targetHints":{"allow":["GET"]}}],"collection":[{"href":"https:\/\/shop.bjerring-sales.dk\/en\/wp-json\/wp\/v2\/product"}],"about":[{"href":"https:\/\/shop.bjerring-sales.dk\/en\/wp-json\/wp\/v2\/types\/product"}],"wp:featuredmedia":[{"embeddable":true,"href":"https:\/\/shop.bjerring-sales.dk\/en\/wp-json\/wp\/v2\/media\/100655"}],"wp:attachment":[{"href":"https:\/\/shop.bjerring-sales.dk\/en\/wp-json\/wp\/v2\/media?parent=100643"}],"wp:term":[{"taxonomy":"product_brand","embeddable":true,"href":"https:\/\/shop.bjerring-sales.dk\/en\/wp-json\/wp\/v2\/product_brand?post=100643"},{"taxonomy":"product_cat","embeddable":true,"href":"https:\/\/shop.bjerring-sales.dk\/en\/wp-json\/wp\/v2\/product_cat?post=100643"},{"taxonomy":"product_tag","embeddable":true,"href":"https:\/\/shop.bjerring-sales.dk\/en\/wp-json\/wp\/v2\/product_tag?post=100643"}],"curies":[{"name":"wp","href":"https:\/\/api.w.org\/{rel}","templated":true}]}}