{"id":100641,"date":"2025-03-18T13:10:59","date_gmt":"2025-03-18T12:10:59","guid":{"rendered":"https:\/\/shop.bjerring-sales.dk\/sv\/?post_type=product&#038;p=100641"},"modified":"2026-01-14T14:14:58","modified_gmt":"2026-01-14T13:14:58","slug":"monitorarm-adapt-2-skarmar","status":"publish","type":"product","link":"https:\/\/shop.bjerring-sales.dk\/en\/product\/monitorarm-adapt-2-skarmar\/","title":{"rendered":"Monitor arm Adapt for 2 screens"},"content":{"rendered":"<div class=\"wpb-content-wrapper\"><div class=\"vc_row wpb_row vc_row-fluid\"><div class=\"wpb_column vc_column_container vc_col-sm-12\"><div class=\"vc_column-inner\"><div class=\"wpb_wrapper\">\n\t<div class=\"wpb_text_column wpb_content_element\" >\n\t\t<div class=\"wpb_wrapper\">\n\t\t\t<p><span style=\"font-size: 24pt;\">Monitor arm for 2 screens \u2013 Create a stylish workplace!<br \/>\n<\/span>Our Adapt monitor arm has 2 interconnected arms to be able to carry 2 display screens with a total maximum load of 18 kg. The monitor arms work well for screens that are 17-32 inches, which is usually the most common size range for a regular office. A fairly modern screen that is 32\u2033 weighs just under 4 kg. The arms can be moved back and forth with an arm length of about 45.3 cm. The display holders can also be adjusted in height. You simply attach the arm to the desk top, it works for most boards.<\/p>\n\n\t\t<\/div>\n\t<\/div>\n<\/div><\/div><\/div><\/div><div class=\"vc_row wpb_row vc_row-fluid\"><div class=\"wpb_column vc_column_container vc_col-sm-4\"><div class=\"vc_column-inner\"><div class=\"wpb_wrapper\">\n\t<div  class=\"wpb_single_image wpb_content_element vc_align_center\">\n\t\t\n\t\t<figure class=\"wpb_wrapper vc_figure\">\n\t\t\t<div class=\"vc_single_image-wrapper vc_box_shadow_border  vc_box_border_grey\"><img loading=\"lazy\" decoding=\"async\" width=\"800\" height=\"533\" src=\"https:\/\/shop.bjerring-sales.dk\/wp-content\/uploads\/2025\/03\/adapt01monitor2skarmar.webp\" class=\"vc_single_image-img attachment-full\" alt=\"\" title=\"adapt01monitor2screens\" srcset=\"https:\/\/shop.bjerring-sales.dk\/wp-content\/uploads\/2025\/03\/adapt01monitor2skarmar.webp 800w, https:\/\/shop.bjerring-sales.dk\/wp-content\/uploads\/2025\/03\/adapt01monitor2skarmar-300x200.webp 300w, https:\/\/shop.bjerring-sales.dk\/wp-content\/uploads\/2025\/03\/adapt01monitor2skarmar-768x512.webp 768w, https:\/\/shop.bjerring-sales.dk\/wp-content\/uploads\/2025\/03\/adapt01monitor2skarmar-18x12.webp 18w, https:\/\/shop.bjerring-sales.dk\/wp-content\/uploads\/2025\/03\/adapt01monitor2skarmar-600x400.webp 600w, https:\/\/shop.bjerring-sales.dk\/wp-content\/uploads\/2025\/03\/adapt01monitor2skarmar-150x100.webp 150w\" sizes=\"auto, (max-width: 800px) 100vw, 800px\" \/><\/div>\n\t\t<\/figure>\n\t<\/div>\n<\/div><\/div><\/div><div class=\"wpb_column vc_column_container vc_col-sm-4\"><div class=\"vc_column-inner\"><div class=\"wpb_wrapper\">\n\t<div  class=\"wpb_single_image wpb_content_element vc_align_center\">\n\t\t\n\t\t<figure class=\"wpb_wrapper vc_figure\">\n\t\t\t<div class=\"vc_single_image-wrapper vc_box_shadow_border  vc_box_border_grey\"><img loading=\"lazy\" decoding=\"async\" width=\"800\" height=\"533\" src=\"https:\/\/shop.bjerring-sales.dk\/wp-content\/uploads\/2025\/03\/adapt02monitor2skarmar.webp\" class=\"vc_single_image-img attachment-full\" alt=\"\" title=\"adapt02monitor2screens\" srcset=\"https:\/\/shop.bjerring-sales.dk\/wp-content\/uploads\/2025\/03\/adapt02monitor2skarmar.webp 800w, https:\/\/shop.bjerring-sales.dk\/wp-content\/uploads\/2025\/03\/adapt02monitor2skarmar-300x200.webp 300w, https:\/\/shop.bjerring-sales.dk\/wp-content\/uploads\/2025\/03\/adapt02monitor2skarmar-768x512.webp 768w, https:\/\/shop.bjerring-sales.dk\/wp-content\/uploads\/2025\/03\/adapt02monitor2skarmar-18x12.webp 18w, https:\/\/shop.bjerring-sales.dk\/wp-content\/uploads\/2025\/03\/adapt02monitor2skarmar-600x400.webp 600w, https:\/\/shop.bjerring-sales.dk\/wp-content\/uploads\/2025\/03\/adapt02monitor2skarmar-150x100.webp 150w\" sizes=\"auto, (max-width: 800px) 100vw, 800px\" \/><\/div>\n\t\t<\/figure>\n\t<\/div>\n<\/div><\/div><\/div><div class=\"wpb_column vc_column_container vc_col-sm-4\"><div class=\"vc_column-inner\"><div class=\"wpb_wrapper\">\n\t<div  class=\"wpb_single_image wpb_content_element vc_align_center\">\n\t\t\n\t\t<figure class=\"wpb_wrapper vc_figure\">\n\t\t\t<div class=\"vc_single_image-wrapper vc_box_shadow_border  vc_box_border_grey\"><img loading=\"lazy\" decoding=\"async\" width=\"800\" height=\"533\" src=\"https:\/\/shop.bjerring-sales.dk\/wp-content\/uploads\/2025\/03\/adapt03monitor2skarmar.webp\" class=\"vc_single_image-img attachment-full\" alt=\"\" title=\"adapt03monitor2screens\" srcset=\"https:\/\/shop.bjerring-sales.dk\/wp-content\/uploads\/2025\/03\/adapt03monitor2skarmar.webp 800w, https:\/\/shop.bjerring-sales.dk\/wp-content\/uploads\/2025\/03\/adapt03monitor2skarmar-300x200.webp 300w, https:\/\/shop.bjerring-sales.dk\/wp-content\/uploads\/2025\/03\/adapt03monitor2skarmar-768x512.webp 768w, https:\/\/shop.bjerring-sales.dk\/wp-content\/uploads\/2025\/03\/adapt03monitor2skarmar-18x12.webp 18w, https:\/\/shop.bjerring-sales.dk\/wp-content\/uploads\/2025\/03\/adapt03monitor2skarmar-600x400.webp 600w, https:\/\/shop.bjerring-sales.dk\/wp-content\/uploads\/2025\/03\/adapt03monitor2skarmar-150x100.webp 150w\" sizes=\"auto, (max-width: 800px) 100vw, 800px\" \/><\/div>\n\t\t<\/figure>\n\t<\/div>\n<\/div><\/div><\/div><\/div><div class=\"vc_row wpb_row vc_row-fluid\"><div class=\"wpb_column vc_column_container vc_col-sm-12\"><div class=\"vc_column-inner\"><div class=\"wpb_wrapper\">\n\t<div class=\"wpb_text_column wpb_content_element\" >\n\t\t<div class=\"wpb_wrapper\">\n\t\t\t<p><span style=\"font-size: 18pt;\">Areas of use<\/span><br \/>\nOur display holders are suitable for open office landscapes to save on the size of the table. Of course, it is also suitable for other offices and for the home for gamers who want to increase control!<\/p>\n<p><span style=\"font-size: 18pt;\">Ergonomics<\/span><br \/>\nChoosing a display holder for computer screens instead of just placing the screens on the table makes the screen position higher, which in turn creates a more natural position for the user. The screen holders help you create a more ergonomic workplace, whether in the office or at home.<\/p>\n\n\t\t<\/div>\n\t<\/div>\n<div class=\"vc_row wpb_row vc_inner vc_row-fluid\"><div class=\"wpb_column vc_column_container vc_col-sm-12\"><div class=\"vc_column-inner\"><div class=\"wpb_wrapper\">\n\t<div class=\"wpb_text_column wpb_content_element vc_custom_1745072226057\" >\n\t\t<div class=\"wpb_wrapper\">\n\t\t\t<p><span style=\"font-size: 18pt;\">Specifications<\/span><\/p>\n\n\t\t<\/div>\n\t<\/div>\n<div class=\"vc_separator wpb_content_element vc_separator_align_center vc_sep_width_100 vc_sep_pos_align_center vc_separator_no_text vc_sep_color_grey vc_custom_1745072233152\" ><span class=\"vc_sep_holder vc_sep_holder_l\"><span class=\"vc_sep_line\"><\/span><\/span><span class=\"vc_sep_holder vc_sep_holder_r\"><span class=\"vc_sep_line\"><\/span><\/span>\n<\/div><\/div><\/div><\/div><\/div><\/div><\/div><\/div><\/div><div class=\"vc_row wpb_row vc_row-fluid\"><div class=\"wpb_column vc_column_container vc_col-sm-12\"><div class=\"vc_column-inner\"><div class=\"wpb_wrapper\"><div class=\"vc_row wpb_row vc_inner vc_row-fluid\"><div class=\"wpb_column vc_column_container vc_col-sm-6\"><div class=\"vc_column-inner\"><div class=\"wpb_wrapper\">\n\t<div class=\"wpb_text_column wpb_content_element\" >\n\t\t<div class=\"wpb_wrapper\">\n\t\t\t<ul>\n<li>Materials: Steel, aluminum, plastic<\/li>\n<li>Surface treatment: Powder coating<\/li>\n<li>Color: Matte black<\/li>\n<li>Dimensions: 1005 \u00d7 114 \u00d7 594 mm<\/li>\n<li>Fits screen size: 17\u2033\u201332\u2033<\/li>\n<li>Curved screen support: Yes<\/li>\n<li>Number of screens: 2<\/li>\n<li>Maximum load per screen: 1\u20139 kg<\/li>\n<li>VESA compatible: 75\u00d775, 100\u00d7100<\/li>\n<li>Tilt angle: +55\u00b0 ~ -55\u00b0<\/li>\n<li>Turning radius: +90\u00b0 ~ -90\u00b0<\/li>\n<li>Screen rotation: +180\u00b0 ~ -180\u00b0<\/li>\n<\/ul>\n\n\t\t<\/div>\n\t<\/div>\n<\/div><\/div><\/div><div class=\"wpb_column vc_column_container vc_col-sm-6\"><div class=\"vc_column-inner\"><div class=\"wpb_wrapper\">\n\t<div class=\"wpb_text_column wpb_content_element\" >\n\t\t<div class=\"wpb_wrapper\">\n\t\t\t<ul>\n<li>Maximum arm extension: 453 mm<\/li>\n<li>Mounting: Table clamp or grommet<\/li>\n<li>Recommended table thickness:\n<ul>\n<li>Clamp: 10\u201385 mm (0.39\u2033\u20133.3\u2033)<\/li>\n<li>Feedthrough: 10\u201380 mm (0.39\u2033\u20133.1\u2033)<\/li>\n<\/ul>\n<\/li>\n<li>Quick mount for VESA plate: Yes<\/li>\n<li>USB port: No<\/li>\n<li>Cable management: Yes<\/li>\n<li>Packaging with accessories: Compartmented plastic bag<\/li>\n<\/ul>\n\n\t\t<\/div>\n\t<\/div>\n<\/div><\/div><\/div><\/div><\/div><\/div><\/div><\/div>\n<\/div>","protected":false},"excerpt":{"rendered":"<p>This space-saving spring-assisted monitor arm mounts and adjusts two monitors perfectly in tight spaces for the best ergonomics. Shorter arms make it easy to adjust screens of different sizes. Equipped with a quick release VESA mount, adjustable spring for weight balance, cable management and a 180\u00b0 rotation stop to prevent the arm from hitting screens or walls.<\/p>","protected":false},"featured_media":100661,"template":"","meta":{"iawp_total_views":5},"product_brand":[],"product_cat":[5785,5870],"product_tag":[5795,5797,5871,5872],"class_list":{"0":"post-100641","1":"product","2":"type-product","3":"status-publish","4":"has-post-thumbnail","6":"product_cat-hemmakontor","7":"product_cat-monitorarmar","8":"product_tag-skarmhallare","9":"product_tag-monitorarm","10":"product_tag-skarmhallare-dubbel","11":"product_tag-displayhallare-2-skarmar","13":"first","14":"instock","15":"taxable","16":"shipping-taxable","17":"purchasable","18":"product-type-simple"},"yoast_head":"<!-- This site is optimized with the Yoast SEO plugin v27.0 - https:\/\/yoast.com\/product\/yoast-seo-wordpress\/ -->\n<title>Monitorarm Adapt f\u00f6r 2 sk\u00e4rmar - Bjerring-Sales<\/title>\n<meta name=\"description\" content=\"V\u00e5r Adapt monitorarm har 2 sammankopplade armar f\u00f6r att kunna b\u00e4ra 2 displaysk\u00e4rmar med en total maximal belastning p\u00e5 18 kg.\" \/>\n<meta name=\"robots\" content=\"index, follow, max-snippet:-1, max-image-preview:large, max-video-preview:-1\" \/>\n<link rel=\"canonical\" href=\"https:\/\/shop.bjerring-sales.dk\/en\/product\/monitorarm-adapt-2-skarmar\/\" \/>\n<meta property=\"og:locale\" content=\"en_GB\" \/>\n<meta property=\"og:type\" content=\"article\" \/>\n<meta property=\"og:title\" content=\"Monitorarm f\u00f6r 2 sk\u00e4rmar \u2013 Skapa en stilren arbetsplats!\" \/>\n<meta property=\"og:description\" content=\"V\u00e5r Adapt monitorarm har 2 sammankopplade armar f\u00f6r att kunna b\u00e4ra 2 displaysk\u00e4rmar med en total maximal belastning p\u00e5 18 kg.\" \/>\n<meta property=\"og:url\" content=\"https:\/\/shop.bjerring-sales.dk\/en\/product\/monitorarm-adapt-2-skarmar\/\" \/>\n<meta property=\"og:site_name\" content=\"Bjerring-Sales\" \/>\n<meta property=\"article:modified_time\" content=\"2026-01-14T13:14:58+00:00\" \/>\n<meta property=\"og:image\" content=\"https:\/\/shop.bjerring-sales.dk\/wp-content\/uploads\/2025\/03\/adapt01monitor2skarmar.webp\" \/>\n\t<meta property=\"og:image:width\" content=\"800\" \/>\n\t<meta property=\"og:image:height\" content=\"533\" \/>\n\t<meta property=\"og:image:type\" content=\"image\/webp\" \/>\n<meta name=\"twitter:card\" content=\"summary_large_image\" \/>\n<meta name=\"twitter:title\" content=\"Monitorarm f\u00f6r 2 sk\u00e4rmar \u2013 Skapa en stilren arbetsplats!\" \/>\n<meta name=\"twitter:description\" content=\"V\u00e5r Adapt monitorarm har 2 sammankopplade armar f\u00f6r att kunna b\u00e4ra 2 displaysk\u00e4rmar med en total maximal belastning p\u00e5 18 kg.\" \/>\n<meta name=\"twitter:image\" content=\"https:\/\/shop.bjerring-sales.dk\/wp-content\/uploads\/2025\/03\/adapt01monitor2skarmar.webp\" \/>\n<meta name=\"twitter:label1\" content=\"Estimated reading time\" \/>\n\t<meta name=\"twitter:data1\" content=\"3 minutes\" \/>\n<script type=\"application\/ld+json\" class=\"yoast-schema-graph\">{\"@context\":\"https:\/\/schema.org\",\"@graph\":[{\"@type\":\"WebPage\",\"@id\":\"https:\/\/shop.bjerring-sales.dk\/product\/monitorarm-adapt-2-skarmar\/\",\"url\":\"https:\/\/shop.bjerring-sales.dk\/product\/monitorarm-adapt-2-skarmar\/\",\"name\":\"Monitorarm Adapt f\u00f6r 2 sk\u00e4rmar - Bjerring-Sales\",\"isPartOf\":{\"@id\":\"https:\/\/shop.bjerring-sales.dk\/#website\"},\"primaryImageOfPage\":{\"@id\":\"https:\/\/shop.bjerring-sales.dk\/product\/monitorarm-adapt-2-skarmar\/#primaryimage\"},\"image\":{\"@id\":\"https:\/\/shop.bjerring-sales.dk\/product\/monitorarm-adapt-2-skarmar\/#primaryimage\"},\"thumbnailUrl\":\"https:\/\/shop.bjerring-sales.dk\/wp-content\/uploads\/2025\/03\/elj-monitorarm-2-skarmar-800x800px.jpg\",\"datePublished\":\"2025-03-18T12:10:59+00:00\",\"dateModified\":\"2026-01-14T13:14:58+00:00\",\"description\":\"V\u00e5r Adapt monitorarm har 2 sammankopplade armar f\u00f6r att kunna b\u00e4ra 2 displaysk\u00e4rmar med en total maximal belastning p\u00e5 18 kg.\",\"breadcrumb\":{\"@id\":\"https:\/\/shop.bjerring-sales.dk\/product\/monitorarm-adapt-2-skarmar\/#breadcrumb\"},\"inLanguage\":\"en-GB\",\"potentialAction\":[{\"@type\":\"ReadAction\",\"target\":[\"https:\/\/shop.bjerring-sales.dk\/product\/monitorarm-adapt-2-skarmar\/\"]}]},{\"@type\":\"ImageObject\",\"inLanguage\":\"en-GB\",\"@id\":\"https:\/\/shop.bjerring-sales.dk\/product\/monitorarm-adapt-2-skarmar\/#primaryimage\",\"url\":\"https:\/\/shop.bjerring-sales.dk\/wp-content\/uploads\/2025\/03\/elj-monitorarm-2-skarmar-800x800px.jpg\",\"contentUrl\":\"https:\/\/shop.bjerring-sales.dk\/wp-content\/uploads\/2025\/03\/elj-monitorarm-2-skarmar-800x800px.jpg\",\"width\":800,\"height\":800},{\"@type\":\"BreadcrumbList\",\"@id\":\"https:\/\/shop.bjerring-sales.dk\/product\/monitorarm-adapt-2-skarmar\/#breadcrumb\",\"itemListElement\":[{\"@type\":\"ListItem\",\"position\":1,\"name\":\"Hem\",\"item\":\"https:\/\/shop.bjerring-sales.dk\/\"},{\"@type\":\"ListItem\",\"position\":2,\"name\":\"Webbutik\",\"item\":\"https:\/\/shop.bjerring-sales.dk\/butik\/\"},{\"@type\":\"ListItem\",\"position\":3,\"name\":\"Monitorarm Adapt f\u00f6r 2 sk\u00e4rmar\"}]},{\"@type\":\"WebSite\",\"@id\":\"https:\/\/shop.bjerring-sales.dk\/#website\",\"url\":\"https:\/\/shop.bjerring-sales.dk\/\",\"name\":\"Bjerring-Sales\",\"description\":\"M\u00f6bler f\u00f6r teatrar, skolor, kontor och k\u00f6pcentrum\",\"publisher\":{\"@id\":\"https:\/\/shop.bjerring-sales.dk\/#organization\"},\"potentialAction\":[{\"@type\":\"SearchAction\",\"target\":{\"@type\":\"EntryPoint\",\"urlTemplate\":\"https:\/\/shop.bjerring-sales.dk\/?s={search_term_string}\"},\"query-input\":{\"@type\":\"PropertyValueSpecification\",\"valueRequired\":true,\"valueName\":\"search_term_string\"}}],\"inLanguage\":\"en-GB\"},{\"@type\":\"Organization\",\"@id\":\"https:\/\/shop.bjerring-sales.dk\/#organization\",\"name\":\"Bjerring-Sales\",\"url\":\"https:\/\/shop.bjerring-sales.dk\/\",\"logo\":{\"@type\":\"ImageObject\",\"inLanguage\":\"en-GB\",\"@id\":\"https:\/\/shop.bjerring-sales.dk\/#\/schema\/logo\/image\/\",\"url\":\"https:\/\/shop.bjerring-sales.dk\/wp-content\/uploads\/2023\/01\/logo_sv.png\",\"contentUrl\":\"https:\/\/shop.bjerring-sales.dk\/wp-content\/uploads\/2023\/01\/logo_sv.png\",\"width\":195,\"height\":68,\"caption\":\"Bjerring-Sales\"},\"image\":{\"@id\":\"https:\/\/shop.bjerring-sales.dk\/#\/schema\/logo\/image\/\"}}]}<\/script>\n<!-- \/ Yoast SEO plugin. -->","yoast_head_json":{"title":"Monitorarm Adapt f\u00f6r 2 sk\u00e4rmar - Bjerring-Sales","description":"V\u00e5r Adapt monitorarm har 2 sammankopplade armar f\u00f6r att kunna b\u00e4ra 2 displaysk\u00e4rmar med en total maximal belastning p\u00e5 18 kg.","robots":{"index":"index","follow":"follow","max-snippet":"max-snippet:-1","max-image-preview":"max-image-preview:large","max-video-preview":"max-video-preview:-1"},"canonical":"https:\/\/shop.bjerring-sales.dk\/en\/product\/monitorarm-adapt-2-skarmar\/","og_locale":"en_GB","og_type":"article","og_title":"Monitorarm f\u00f6r 2 sk\u00e4rmar \u2013 Skapa en stilren arbetsplats!","og_description":"V\u00e5r Adapt monitorarm har 2 sammankopplade armar f\u00f6r att kunna b\u00e4ra 2 displaysk\u00e4rmar med en total maximal belastning p\u00e5 18 kg.","og_url":"https:\/\/shop.bjerring-sales.dk\/en\/product\/monitorarm-adapt-2-skarmar\/","og_site_name":"Bjerring-Sales","article_modified_time":"2026-01-14T13:14:58+00:00","og_image":[{"width":800,"height":533,"url":"https:\/\/shop.bjerring-sales.dk\/wp-content\/uploads\/2025\/03\/adapt01monitor2skarmar.webp","type":"image\/webp"}],"twitter_card":"summary_large_image","twitter_title":"Monitorarm f\u00f6r 2 sk\u00e4rmar \u2013 Skapa en stilren arbetsplats!","twitter_description":"V\u00e5r Adapt monitorarm har 2 sammankopplade armar f\u00f6r att kunna b\u00e4ra 2 displaysk\u00e4rmar med en total maximal belastning p\u00e5 18 kg.","twitter_image":"https:\/\/shop.bjerring-sales.dk\/wp-content\/uploads\/2025\/03\/adapt01monitor2skarmar.webp","twitter_misc":{"Estimated reading time":"3 minutes"},"schema":{"@context":"https:\/\/schema.org","@graph":[{"@type":"WebPage","@id":"https:\/\/shop.bjerring-sales.dk\/product\/monitorarm-adapt-2-skarmar\/","url":"https:\/\/shop.bjerring-sales.dk\/product\/monitorarm-adapt-2-skarmar\/","name":"Monitorarm Adapt f\u00f6r 2 sk\u00e4rmar - Bjerring-Sales","isPartOf":{"@id":"https:\/\/shop.bjerring-sales.dk\/#website"},"primaryImageOfPage":{"@id":"https:\/\/shop.bjerring-sales.dk\/product\/monitorarm-adapt-2-skarmar\/#primaryimage"},"image":{"@id":"https:\/\/shop.bjerring-sales.dk\/product\/monitorarm-adapt-2-skarmar\/#primaryimage"},"thumbnailUrl":"https:\/\/shop.bjerring-sales.dk\/wp-content\/uploads\/2025\/03\/elj-monitorarm-2-skarmar-800x800px.jpg","datePublished":"2025-03-18T12:10:59+00:00","dateModified":"2026-01-14T13:14:58+00:00","description":"V\u00e5r Adapt monitorarm har 2 sammankopplade armar f\u00f6r att kunna b\u00e4ra 2 displaysk\u00e4rmar med en total maximal belastning p\u00e5 18 kg.","breadcrumb":{"@id":"https:\/\/shop.bjerring-sales.dk\/product\/monitorarm-adapt-2-skarmar\/#breadcrumb"},"inLanguage":"en-GB","potentialAction":[{"@type":"ReadAction","target":["https:\/\/shop.bjerring-sales.dk\/product\/monitorarm-adapt-2-skarmar\/"]}]},{"@type":"ImageObject","inLanguage":"en-GB","@id":"https:\/\/shop.bjerring-sales.dk\/product\/monitorarm-adapt-2-skarmar\/#primaryimage","url":"https:\/\/shop.bjerring-sales.dk\/wp-content\/uploads\/2025\/03\/elj-monitorarm-2-skarmar-800x800px.jpg","contentUrl":"https:\/\/shop.bjerring-sales.dk\/wp-content\/uploads\/2025\/03\/elj-monitorarm-2-skarmar-800x800px.jpg","width":800,"height":800},{"@type":"BreadcrumbList","@id":"https:\/\/shop.bjerring-sales.dk\/product\/monitorarm-adapt-2-skarmar\/#breadcrumb","itemListElement":[{"@type":"ListItem","position":1,"name":"Hem","item":"https:\/\/shop.bjerring-sales.dk\/"},{"@type":"ListItem","position":2,"name":"Webbutik","item":"https:\/\/shop.bjerring-sales.dk\/butik\/"},{"@type":"ListItem","position":3,"name":"Monitorarm Adapt f\u00f6r 2 sk\u00e4rmar"}]},{"@type":"WebSite","@id":"https:\/\/shop.bjerring-sales.dk\/#website","url":"https:\/\/shop.bjerring-sales.dk\/","name":"Bjerring Sales","description":"Furniture for theatres, schools, offices and shopping centres","publisher":{"@id":"https:\/\/shop.bjerring-sales.dk\/#organization"},"potentialAction":[{"@type":"SearchAction","target":{"@type":"EntryPoint","urlTemplate":"https:\/\/shop.bjerring-sales.dk\/?s={search_term_string}"},"query-input":{"@type":"PropertyValueSpecification","valueRequired":true,"valueName":"search_term_string"}}],"inLanguage":"en-GB"},{"@type":"Organization","@id":"https:\/\/shop.bjerring-sales.dk\/#organization","name":"Bjerring Sales","url":"https:\/\/shop.bjerring-sales.dk\/","logo":{"@type":"ImageObject","inLanguage":"en-GB","@id":"https:\/\/shop.bjerring-sales.dk\/#\/schema\/logo\/image\/","url":"https:\/\/shop.bjerring-sales.dk\/wp-content\/uploads\/2023\/01\/logo_sv.png","contentUrl":"https:\/\/shop.bjerring-sales.dk\/wp-content\/uploads\/2023\/01\/logo_sv.png","width":195,"height":68,"caption":"Bjerring-Sales"},"image":{"@id":"https:\/\/shop.bjerring-sales.dk\/#\/schema\/logo\/image\/"}}]}},"_links":{"self":[{"href":"https:\/\/shop.bjerring-sales.dk\/en\/wp-json\/wp\/v2\/product\/100641","targetHints":{"allow":["GET"]}}],"collection":[{"href":"https:\/\/shop.bjerring-sales.dk\/en\/wp-json\/wp\/v2\/product"}],"about":[{"href":"https:\/\/shop.bjerring-sales.dk\/en\/wp-json\/wp\/v2\/types\/product"}],"wp:featuredmedia":[{"embeddable":true,"href":"https:\/\/shop.bjerring-sales.dk\/en\/wp-json\/wp\/v2\/media\/100661"}],"wp:attachment":[{"href":"https:\/\/shop.bjerring-sales.dk\/en\/wp-json\/wp\/v2\/media?parent=100641"}],"wp:term":[{"taxonomy":"product_brand","embeddable":true,"href":"https:\/\/shop.bjerring-sales.dk\/en\/wp-json\/wp\/v2\/product_brand?post=100641"},{"taxonomy":"product_cat","embeddable":true,"href":"https:\/\/shop.bjerring-sales.dk\/en\/wp-json\/wp\/v2\/product_cat?post=100641"},{"taxonomy":"product_tag","embeddable":true,"href":"https:\/\/shop.bjerring-sales.dk\/en\/wp-json\/wp\/v2\/product_tag?post=100641"}],"curies":[{"name":"wp","href":"https:\/\/api.w.org\/{rel}","templated":true}]}}