{"id":100640,"date":"2025-03-18T13:10:00","date_gmt":"2025-03-18T12:10:00","guid":{"rendered":"https:\/\/shop.bjerring-sales.dk\/sv\/?post_type=product&#038;p=100640"},"modified":"2026-03-19T14:15:46","modified_gmt":"2026-03-19T13:15:46","slug":"monitorarm-adapt-1-skarm","status":"publish","type":"product","link":"https:\/\/shop.bjerring-sales.dk\/en\/product\/monitorarm-adapt-1-skarm\/","title":{"rendered":"Monitor arm Adapt for 1 screen"},"content":{"rendered":"<div class=\"wpb-content-wrapper\"><div class=\"vc_row wpb_row vc_row-fluid\"><div class=\"wpb_column vc_column_container vc_col-sm-12\"><div class=\"vc_column-inner\"><div class=\"wpb_wrapper\">\n\t<div class=\"wpb_text_column wpb_content_element\" >\n\t\t<div class=\"wpb_wrapper\">\n\t\t\t<p><span style=\"font-size: 24pt;\">Smooth movement, clean workspace \u2013 perfect position for every screen<br \/>\n<\/span>Get a cleaner, more ergonomic desk with a monitor arm that combines smart functionality with sleek design. The removable VESA plate makes installation quick and easy, while the built-in cable management keeps cords neatly hidden. A 180\u00b0 rotation stop prevents the arm from hitting walls or other monitors, and the built-in spring mechanism lets you easily adjust the height to suit the weight of your monitor. The space-saving design also frees up valuable workspace on your desk.<\/p>\n\n\t\t<\/div>\n\t<\/div>\n<\/div><\/div><\/div><\/div><div class=\"vc_row wpb_row vc_row-fluid\"><div class=\"wpb_column vc_column_container vc_col-sm-12\"><div class=\"vc_column-inner\"><div class=\"wpb_wrapper\"><div class=\"vc_row wpb_row vc_inner vc_row-fluid\"><div class=\"wpb_column vc_column_container vc_col-sm-12\"><div class=\"vc_column-inner\"><div class=\"wpb_wrapper\">\n\t<div class=\"wpb_text_column wpb_content_element vc_custom_1745072226057\" >\n\t\t<div class=\"wpb_wrapper\">\n\t\t\t<p><span style=\"font-size: 18pt;\">Specifications<\/span><\/p>\n\n\t\t<\/div>\n\t<\/div>\n<div class=\"vc_separator wpb_content_element vc_separator_align_center vc_sep_width_100 vc_sep_pos_align_center vc_separator_no_text vc_sep_color_grey vc_custom_1745072233152\" ><span class=\"vc_sep_holder vc_sep_holder_l\"><span class=\"vc_sep_line\"><\/span><\/span><span class=\"vc_sep_holder vc_sep_holder_r\"><span class=\"vc_sep_line\"><\/span><\/span>\n<\/div><\/div><\/div><\/div><\/div><div class=\"vc_row wpb_row vc_inner vc_row-fluid\"><div class=\"wpb_column vc_column_container vc_col-sm-6\"><div class=\"vc_column-inner\"><div class=\"wpb_wrapper\">\n\t<div class=\"wpb_text_column wpb_content_element\" >\n\t\t<div class=\"wpb_wrapper\">\n\t\t\t<ul>\n<li>Steel, aluminum, plastic<\/li>\n<li>Surface treatment: Powder coating<\/li>\n<li>Color: Matte black<\/li>\n<li>Dimensions: 114 \u00d7 520 \u00d7 594 mm<\/li>\n<li>Fits screen size: 17\u2033\u201332\u2033<\/li>\n<li>Curved screen support: Yes<\/li>\n<li>Number of screens: 1<\/li>\n<li>Maximum load per screen: 1\u20139 kg<\/li>\n<li>VESA compatible: 75\u00d775, 100\u00d7100<\/li>\n<li>Tilt angle: +55\u00b0 ~ -55\u00b0<\/li>\n<li>Turning radius: +90\u00b0 ~ -90\u00b0<\/li>\n<li>Screen rotation: +180\u00b0 ~ -180\u00b0<\/li>\n<\/ul>\n\n\t\t<\/div>\n\t<\/div>\n<\/div><\/div><\/div><div class=\"wpb_column vc_column_container vc_col-sm-6\"><div class=\"vc_column-inner\"><div class=\"wpb_wrapper\">\n\t<div class=\"wpb_text_column wpb_content_element\" >\n\t\t<div class=\"wpb_wrapper\">\n\t\t\t<ul>\n<li>Maximum arm extension: 453 mm (17.8\u2033)<\/li>\n<li>Mounting: Table clamp or grommet<\/li>\n<li>Recommended table thickness:\n<ul>\n<li>Clamp: 10\u201385 mm<\/li>\n<li>Throughput: 10\u201340 mm<\/li>\n<\/ul>\n<\/li>\n<li>Quick mount for VESA plate: Yes<\/li>\n<li>USB port: No<\/li>\n<li>Cable management: Yes<\/li>\n<li>Packaging with accessories: Compartmented plastic bag<\/li>\n<\/ul>\n\n\t\t<\/div>\n\t<\/div>\n<\/div><\/div><\/div><\/div><\/div><\/div><\/div><\/div>\n<\/div>","protected":false},"excerpt":{"rendered":"<p>This space-saving spring-assisted monitor arm fits perfectly in tight spaces and provides optimal ergonomics and depth. Equipped with a quick-release VESA mount, adjustable spring for perfect weight balance, cable management and a 180\u00b0 rotation stop that prevents the arm from hitting screens or walls.<\/p>","protected":false},"featured_media":100660,"template":"","meta":{"iawp_total_views":0},"product_brand":[],"product_cat":[5785,5870],"product_tag":[5794,5795,5797],"class_list":{"0":"post-100640","1":"product","2":"type-product","3":"status-publish","4":"has-post-thumbnail","6":"product_cat-hemmakontor","7":"product_cat-monitorarmar","8":"product_tag-displayhallare-1-skarm","9":"product_tag-skarmhallare","10":"product_tag-monitorarm","12":"first","13":"instock","14":"taxable","15":"shipping-taxable","16":"purchasable","17":"product-type-simple"},"yoast_head":"<!-- This site is optimized with the Yoast SEO plugin v27.0 - https:\/\/yoast.com\/product\/yoast-seo-wordpress\/ -->\n<title>Monitorarm Adapt f\u00f6r 1 sk\u00e4rm - Bjerring-Sales<\/title>\n<meta name=\"description\" content=\"Denna platsbesparande monitorarm med fj\u00e4derassistans passar perfekt i tr\u00e5nga utrymmen och ger optimal ergonomi och djup. Utrustad med snabbf\u00e4ste f\u00f6r VESA, justerbar fj\u00e4der f\u00f6r perfekt viktbalans, kabelhantering samt 180\u00b0 rotationsstopp som f\u00f6rhindrar att armen sl\u00e5r i sk\u00e4rmar eller v\u00e4ggar.\" \/>\n<meta name=\"robots\" content=\"index, follow, max-snippet:-1, max-image-preview:large, max-video-preview:-1\" \/>\n<link rel=\"canonical\" href=\"https:\/\/shop.bjerring-sales.dk\/en\/product\/monitorarm-adapt-1-skarm\/\" \/>\n<meta property=\"og:locale\" content=\"en_GB\" \/>\n<meta property=\"og:type\" content=\"article\" \/>\n<meta property=\"og:title\" content=\"Smidig r\u00f6relse, ren arbetsyta \u2013 perfekt position f\u00f6r varje sk\u00e4rm\" \/>\n<meta property=\"og:description\" content=\"Denna platsbesparande monitorarm med fj\u00e4derassistans passar perfekt i tr\u00e5nga utrymmen och ger optimal ergonomi och djup. Utrustad med snabbf\u00e4ste f\u00f6r VESA, justerbar fj\u00e4der f\u00f6r perfekt viktbalans, kabelhantering samt 180\u00b0 rotationsstopp som f\u00f6rhindrar att armen sl\u00e5r i sk\u00e4rmar eller v\u00e4ggar.\" \/>\n<meta property=\"og:url\" content=\"https:\/\/shop.bjerring-sales.dk\/en\/product\/monitorarm-adapt-1-skarm\/\" \/>\n<meta property=\"og:site_name\" content=\"Bjerring-Sales\" \/>\n<meta property=\"article:modified_time\" content=\"2026-03-19T13:15:46+00:00\" \/>\n<meta property=\"og:image\" content=\"https:\/\/shop.bjerring-sales.dk\/wp-content\/uploads\/2025\/03\/elj-monitorarm-1-skarm-800x800px.jpg\" \/>\n\t<meta property=\"og:image:width\" content=\"800\" \/>\n\t<meta property=\"og:image:height\" content=\"800\" \/>\n\t<meta property=\"og:image:type\" content=\"image\/jpeg\" \/>\n<meta name=\"twitter:card\" content=\"summary_large_image\" \/>\n<meta name=\"twitter:title\" content=\"Smidig r\u00f6relse, ren arbetsyta \u2013 perfekt position f\u00f6r varje sk\u00e4rm\" \/>\n<meta name=\"twitter:description\" content=\"Denna platsbesparande monitorarm med fj\u00e4derassistans passar perfekt i tr\u00e5nga utrymmen och ger optimal ergonomi och djup. Utrustad med snabbf\u00e4ste f\u00f6r VESA, justerbar fj\u00e4der f\u00f6r perfekt viktbalans, kabelhantering samt 180\u00b0 rotationsstopp som f\u00f6rhindrar att armen sl\u00e5r i sk\u00e4rmar eller v\u00e4ggar.\" \/>\n<meta name=\"twitter:image\" content=\"https:\/\/shop.bjerring-sales.dk\/wp-content\/uploads\/2025\/03\/elj-monitorarm-1-skarm-800x800px.jpg\" \/>\n<meta name=\"twitter:label1\" content=\"Estimated reading time\" \/>\n\t<meta name=\"twitter:data1\" content=\"2 minutes\" \/>\n<script type=\"application\/ld+json\" class=\"yoast-schema-graph\">{\"@context\":\"https:\/\/schema.org\",\"@graph\":[{\"@type\":\"WebPage\",\"@id\":\"https:\/\/shop.bjerring-sales.dk\/product\/monitorarm-adapt-1-skarm\/\",\"url\":\"https:\/\/shop.bjerring-sales.dk\/product\/monitorarm-adapt-1-skarm\/\",\"name\":\"Monitorarm Adapt f\u00f6r 1 sk\u00e4rm - Bjerring-Sales\",\"isPartOf\":{\"@id\":\"https:\/\/shop.bjerring-sales.dk\/#website\"},\"primaryImageOfPage\":{\"@id\":\"https:\/\/shop.bjerring-sales.dk\/product\/monitorarm-adapt-1-skarm\/#primaryimage\"},\"image\":{\"@id\":\"https:\/\/shop.bjerring-sales.dk\/product\/monitorarm-adapt-1-skarm\/#primaryimage\"},\"thumbnailUrl\":\"https:\/\/shop.bjerring-sales.dk\/wp-content\/uploads\/2025\/03\/elj-monitorarm-1-skarm-800x800px.jpg\",\"datePublished\":\"2025-03-18T12:10:00+00:00\",\"dateModified\":\"2026-03-19T13:15:46+00:00\",\"description\":\"Denna platsbesparande monitorarm med fj\u00e4derassistans passar perfekt i tr\u00e5nga utrymmen och ger optimal ergonomi och djup. Utrustad med snabbf\u00e4ste f\u00f6r VESA, justerbar fj\u00e4der f\u00f6r perfekt viktbalans, kabelhantering samt 180\u00b0 rotationsstopp som f\u00f6rhindrar att armen sl\u00e5r i sk\u00e4rmar eller v\u00e4ggar.\",\"breadcrumb\":{\"@id\":\"https:\/\/shop.bjerring-sales.dk\/product\/monitorarm-adapt-1-skarm\/#breadcrumb\"},\"inLanguage\":\"en-GB\",\"potentialAction\":[{\"@type\":\"ReadAction\",\"target\":[\"https:\/\/shop.bjerring-sales.dk\/product\/monitorarm-adapt-1-skarm\/\"]}]},{\"@type\":\"ImageObject\",\"inLanguage\":\"en-GB\",\"@id\":\"https:\/\/shop.bjerring-sales.dk\/product\/monitorarm-adapt-1-skarm\/#primaryimage\",\"url\":\"https:\/\/shop.bjerring-sales.dk\/wp-content\/uploads\/2025\/03\/elj-monitorarm-1-skarm-800x800px.jpg\",\"contentUrl\":\"https:\/\/shop.bjerring-sales.dk\/wp-content\/uploads\/2025\/03\/elj-monitorarm-1-skarm-800x800px.jpg\",\"width\":800,\"height\":800},{\"@type\":\"BreadcrumbList\",\"@id\":\"https:\/\/shop.bjerring-sales.dk\/product\/monitorarm-adapt-1-skarm\/#breadcrumb\",\"itemListElement\":[{\"@type\":\"ListItem\",\"position\":1,\"name\":\"Hem\",\"item\":\"https:\/\/shop.bjerring-sales.dk\/\"},{\"@type\":\"ListItem\",\"position\":2,\"name\":\"Webbutik\",\"item\":\"https:\/\/shop.bjerring-sales.dk\/butik\/\"},{\"@type\":\"ListItem\",\"position\":3,\"name\":\"Monitorarm Adapt f\u00f6r 1 sk\u00e4rm\"}]},{\"@type\":\"WebSite\",\"@id\":\"https:\/\/shop.bjerring-sales.dk\/#website\",\"url\":\"https:\/\/shop.bjerring-sales.dk\/\",\"name\":\"Bjerring-Sales\",\"description\":\"M\u00f6bler f\u00f6r teatrar, skolor, kontor och k\u00f6pcentrum\",\"publisher\":{\"@id\":\"https:\/\/shop.bjerring-sales.dk\/#organization\"},\"potentialAction\":[{\"@type\":\"SearchAction\",\"target\":{\"@type\":\"EntryPoint\",\"urlTemplate\":\"https:\/\/shop.bjerring-sales.dk\/?s={search_term_string}\"},\"query-input\":{\"@type\":\"PropertyValueSpecification\",\"valueRequired\":true,\"valueName\":\"search_term_string\"}}],\"inLanguage\":\"en-GB\"},{\"@type\":\"Organization\",\"@id\":\"https:\/\/shop.bjerring-sales.dk\/#organization\",\"name\":\"Bjerring-Sales\",\"url\":\"https:\/\/shop.bjerring-sales.dk\/\",\"logo\":{\"@type\":\"ImageObject\",\"inLanguage\":\"en-GB\",\"@id\":\"https:\/\/shop.bjerring-sales.dk\/#\/schema\/logo\/image\/\",\"url\":\"https:\/\/shop.bjerring-sales.dk\/wp-content\/uploads\/2023\/01\/logo_sv.png\",\"contentUrl\":\"https:\/\/shop.bjerring-sales.dk\/wp-content\/uploads\/2023\/01\/logo_sv.png\",\"width\":195,\"height\":68,\"caption\":\"Bjerring-Sales\"},\"image\":{\"@id\":\"https:\/\/shop.bjerring-sales.dk\/#\/schema\/logo\/image\/\"}}]}<\/script>\n<!-- \/ Yoast SEO plugin. -->","yoast_head_json":{"title":"Monitorarm Adapt f\u00f6r 1 sk\u00e4rm - Bjerring-Sales","description":"This space-saving spring-assisted monitor arm fits perfectly in tight spaces and provides optimal ergonomics and depth. Equipped with a quick-release VESA mount, adjustable spring for perfect weight balance, cable management and a 180\u00b0 rotation stop that prevents the arm from hitting screens or walls.","robots":{"index":"index","follow":"follow","max-snippet":"max-snippet:-1","max-image-preview":"max-image-preview:large","max-video-preview":"max-video-preview:-1"},"canonical":"https:\/\/shop.bjerring-sales.dk\/en\/product\/monitorarm-adapt-1-skarm\/","og_locale":"en_GB","og_type":"article","og_title":"Smidig r\u00f6relse, ren arbetsyta \u2013 perfekt position f\u00f6r varje sk\u00e4rm","og_description":"Denna platsbesparande monitorarm med fj\u00e4derassistans passar perfekt i tr\u00e5nga utrymmen och ger optimal ergonomi och djup. Utrustad med snabbf\u00e4ste f\u00f6r VESA, justerbar fj\u00e4der f\u00f6r perfekt viktbalans, kabelhantering samt 180\u00b0 rotationsstopp som f\u00f6rhindrar att armen sl\u00e5r i sk\u00e4rmar eller v\u00e4ggar.","og_url":"https:\/\/shop.bjerring-sales.dk\/en\/product\/monitorarm-adapt-1-skarm\/","og_site_name":"Bjerring-Sales","article_modified_time":"2026-03-19T13:15:46+00:00","og_image":[{"width":800,"height":800,"url":"https:\/\/shop.bjerring-sales.dk\/wp-content\/uploads\/2025\/03\/elj-monitorarm-1-skarm-800x800px.jpg","type":"image\/jpeg"}],"twitter_card":"summary_large_image","twitter_title":"Smidig r\u00f6relse, ren arbetsyta \u2013 perfekt position f\u00f6r varje sk\u00e4rm","twitter_description":"Denna platsbesparande monitorarm med fj\u00e4derassistans passar perfekt i tr\u00e5nga utrymmen och ger optimal ergonomi och djup. Utrustad med snabbf\u00e4ste f\u00f6r VESA, justerbar fj\u00e4der f\u00f6r perfekt viktbalans, kabelhantering samt 180\u00b0 rotationsstopp som f\u00f6rhindrar att armen sl\u00e5r i sk\u00e4rmar eller v\u00e4ggar.","twitter_image":"https:\/\/shop.bjerring-sales.dk\/wp-content\/uploads\/2025\/03\/elj-monitorarm-1-skarm-800x800px.jpg","twitter_misc":{"Estimated reading time":"2 minutes"},"schema":{"@context":"https:\/\/schema.org","@graph":[{"@type":"WebPage","@id":"https:\/\/shop.bjerring-sales.dk\/product\/monitorarm-adapt-1-skarm\/","url":"https:\/\/shop.bjerring-sales.dk\/product\/monitorarm-adapt-1-skarm\/","name":"Monitorarm Adapt f\u00f6r 1 sk\u00e4rm - Bjerring-Sales","isPartOf":{"@id":"https:\/\/shop.bjerring-sales.dk\/#website"},"primaryImageOfPage":{"@id":"https:\/\/shop.bjerring-sales.dk\/product\/monitorarm-adapt-1-skarm\/#primaryimage"},"image":{"@id":"https:\/\/shop.bjerring-sales.dk\/product\/monitorarm-adapt-1-skarm\/#primaryimage"},"thumbnailUrl":"https:\/\/shop.bjerring-sales.dk\/wp-content\/uploads\/2025\/03\/elj-monitorarm-1-skarm-800x800px.jpg","datePublished":"2025-03-18T12:10:00+00:00","dateModified":"2026-03-19T13:15:46+00:00","description":"This space-saving spring-assisted monitor arm fits perfectly in tight spaces and provides optimal ergonomics and depth. Equipped with a quick-release VESA mount, adjustable spring for perfect weight balance, cable management and a 180\u00b0 rotation stop that prevents the arm from hitting screens or walls.","breadcrumb":{"@id":"https:\/\/shop.bjerring-sales.dk\/product\/monitorarm-adapt-1-skarm\/#breadcrumb"},"inLanguage":"en-GB","potentialAction":[{"@type":"ReadAction","target":["https:\/\/shop.bjerring-sales.dk\/product\/monitorarm-adapt-1-skarm\/"]}]},{"@type":"ImageObject","inLanguage":"en-GB","@id":"https:\/\/shop.bjerring-sales.dk\/product\/monitorarm-adapt-1-skarm\/#primaryimage","url":"https:\/\/shop.bjerring-sales.dk\/wp-content\/uploads\/2025\/03\/elj-monitorarm-1-skarm-800x800px.jpg","contentUrl":"https:\/\/shop.bjerring-sales.dk\/wp-content\/uploads\/2025\/03\/elj-monitorarm-1-skarm-800x800px.jpg","width":800,"height":800},{"@type":"BreadcrumbList","@id":"https:\/\/shop.bjerring-sales.dk\/product\/monitorarm-adapt-1-skarm\/#breadcrumb","itemListElement":[{"@type":"ListItem","position":1,"name":"Hem","item":"https:\/\/shop.bjerring-sales.dk\/"},{"@type":"ListItem","position":2,"name":"Webbutik","item":"https:\/\/shop.bjerring-sales.dk\/butik\/"},{"@type":"ListItem","position":3,"name":"Monitorarm Adapt f\u00f6r 1 sk\u00e4rm"}]},{"@type":"WebSite","@id":"https:\/\/shop.bjerring-sales.dk\/#website","url":"https:\/\/shop.bjerring-sales.dk\/","name":"Bjerring Sales","description":"Furniture for theatres, schools, offices and shopping centres","publisher":{"@id":"https:\/\/shop.bjerring-sales.dk\/#organization"},"potentialAction":[{"@type":"SearchAction","target":{"@type":"EntryPoint","urlTemplate":"https:\/\/shop.bjerring-sales.dk\/?s={search_term_string}"},"query-input":{"@type":"PropertyValueSpecification","valueRequired":true,"valueName":"search_term_string"}}],"inLanguage":"en-GB"},{"@type":"Organization","@id":"https:\/\/shop.bjerring-sales.dk\/#organization","name":"Bjerring Sales","url":"https:\/\/shop.bjerring-sales.dk\/","logo":{"@type":"ImageObject","inLanguage":"en-GB","@id":"https:\/\/shop.bjerring-sales.dk\/#\/schema\/logo\/image\/","url":"https:\/\/shop.bjerring-sales.dk\/wp-content\/uploads\/2023\/01\/logo_sv.png","contentUrl":"https:\/\/shop.bjerring-sales.dk\/wp-content\/uploads\/2023\/01\/logo_sv.png","width":195,"height":68,"caption":"Bjerring-Sales"},"image":{"@id":"https:\/\/shop.bjerring-sales.dk\/#\/schema\/logo\/image\/"}}]}},"_links":{"self":[{"href":"https:\/\/shop.bjerring-sales.dk\/en\/wp-json\/wp\/v2\/product\/100640","targetHints":{"allow":["GET"]}}],"collection":[{"href":"https:\/\/shop.bjerring-sales.dk\/en\/wp-json\/wp\/v2\/product"}],"about":[{"href":"https:\/\/shop.bjerring-sales.dk\/en\/wp-json\/wp\/v2\/types\/product"}],"wp:featuredmedia":[{"embeddable":true,"href":"https:\/\/shop.bjerring-sales.dk\/en\/wp-json\/wp\/v2\/media\/100660"}],"wp:attachment":[{"href":"https:\/\/shop.bjerring-sales.dk\/en\/wp-json\/wp\/v2\/media?parent=100640"}],"wp:term":[{"taxonomy":"product_brand","embeddable":true,"href":"https:\/\/shop.bjerring-sales.dk\/en\/wp-json\/wp\/v2\/product_brand?post=100640"},{"taxonomy":"product_cat","embeddable":true,"href":"https:\/\/shop.bjerring-sales.dk\/en\/wp-json\/wp\/v2\/product_cat?post=100640"},{"taxonomy":"product_tag","embeddable":true,"href":"https:\/\/shop.bjerring-sales.dk\/en\/wp-json\/wp\/v2\/product_tag?post=100640"}],"curies":[{"name":"wp","href":"https:\/\/api.w.org\/{rel}","templated":true}]}}