{"id":29257,"date":"2021-03-07T00:23:39","date_gmt":"2021-03-06T23:23:39","guid":{"rendered":"https:\/\/pule.se\/?page_id=29257"},"modified":"2023-05-30T23:11:40","modified_gmt":"2023-05-30T21:11:40","slug":"returer","status":"publish","type":"page","link":"https:\/\/shop.bjerring-sales.dk\/en\/returer\/","title":{"rendered":"Returns"},"content":{"rendered":"<div class=\"wpb-content-wrapper\"><div data-vc-full-width=\"true\" data-vc-full-width-temp=\"true\" data-vc-full-width-init=\"false\" data-vc-stretch-content=\"true\" class=\"vc_row wpb_row vc_row-fluid vc_custom_1615073903999 vc_column-gap-5 vc_row-no-padding vc_row-o-equal-height vc_row-flex\"><div class=\"wpb_column vc_column_container vc_col-sm-1\/5 vc_hidden-sm vc_hidden-xs\"><div class=\"vc_column-inner\"><div class=\"wpb_wrapper\">\n\t<div  class=\"wpb_single_image wpb_content_element vc_align_center\">\n\t\t\n\t\t<figure class=\"wpb_wrapper vc_figure\">\n\t\t\t<div class=\"vc_single_image-wrapper   vc_box_border_grey\"><img loading=\"lazy\" decoding=\"async\" width=\"800\" height=\"800\" src=\"https:\/\/shop.bjerring-sales.dk\/wp-content\/uploads\/2021\/03\/kvadrat-stolsvagnar.jpg\" class=\"vc_single_image-img attachment-full\" alt=\"\" title=\"square wheelchairs\" srcset=\"https:\/\/shop.bjerring-sales.dk\/wp-content\/uploads\/2021\/03\/kvadrat-stolsvagnar.jpg 300w, https:\/\/shop.bjerring-sales.dk\/wp-content\/uploads\/2021\/03\/kvadrat-stolsvagnar.jpg 150w, https:\/\/shop.bjerring-sales.dk\/wp-content\/uploads\/2021\/03\/kvadrat-stolsvagnar.jpg 600w, https:\/\/shop.bjerring-sales.dk\/wp-content\/uploads\/2021\/03\/kvadrat-stolsvagnar.jpg 768w, https:\/\/shop.bjerring-sales.dk\/wp-content\/uploads\/2021\/03\/kvadrat-stolsvagnar.jpg 800w\" sizes=\"auto, (max-width: 800px) 100vw, 800px\" \/><\/div>\n\t\t<\/figure>\n\t<\/div>\n<\/div><\/div><\/div><div class=\"wpb_column vc_column_container vc_col-sm-1\/5 vc_hidden-sm vc_hidden-xs\"><div class=\"vc_column-inner\"><div class=\"wpb_wrapper\">\n\t<div  class=\"wpb_single_image wpb_content_element vc_align_center\">\n\t\t\n\t\t<figure class=\"wpb_wrapper vc_figure\">\n\t\t\t<div class=\"vc_single_image-wrapper   vc_box_border_grey\"><img loading=\"lazy\" decoding=\"async\" width=\"800\" height=\"800\" src=\"https:\/\/shop.bjerring-sales.dk\/wp-content\/uploads\/2021\/02\/kategori-kontorsstolar.jpg\" class=\"vc_single_image-img attachment-full\" alt=\"\" title=\"category office chairs\" srcset=\"https:\/\/shop.bjerring-sales.dk\/wp-content\/uploads\/2021\/02\/kategori-kontorsstolar.jpg 300w, https:\/\/shop.bjerring-sales.dk\/wp-content\/uploads\/2021\/02\/kategori-kontorsstolar.jpg 150w, https:\/\/shop.bjerring-sales.dk\/wp-content\/uploads\/2021\/02\/kategori-kontorsstolar.jpg 600w, https:\/\/shop.bjerring-sales.dk\/wp-content\/uploads\/2021\/02\/kategori-kontorsstolar.jpg 768w, https:\/\/shop.bjerring-sales.dk\/wp-content\/uploads\/2021\/02\/kategori-kontorsstolar.jpg 800w\" sizes=\"auto, (max-width: 800px) 100vw, 800px\" \/><\/div>\n\t\t<\/figure>\n\t<\/div>\n<\/div><\/div><\/div><div class=\"wpb_column vc_column_container vc_col-sm-1\/5 vc_hidden-sm vc_hidden-xs\"><div class=\"vc_column-inner\"><div class=\"wpb_wrapper\">\n\t<div  class=\"wpb_single_image wpb_content_element vc_align_center\">\n\t\t\n\t\t<figure class=\"wpb_wrapper vc_figure\">\n\t\t\t<div class=\"vc_single_image-wrapper   vc_box_border_grey\"><img loading=\"lazy\" decoding=\"async\" width=\"800\" height=\"800\" src=\"https:\/\/shop.bjerring-sales.dk\/wp-content\/uploads\/2021\/03\/kvadrat-tillbehorskap.jpg\" class=\"vc_single_image-img attachment-full\" alt=\"\" title=\"square accessories\" srcset=\"https:\/\/shop.bjerring-sales.dk\/wp-content\/uploads\/2021\/03\/kvadrat-tillbehorskap.jpg 300w, https:\/\/shop.bjerring-sales.dk\/wp-content\/uploads\/2021\/03\/kvadrat-tillbehorskap.jpg 150w, https:\/\/shop.bjerring-sales.dk\/wp-content\/uploads\/2021\/03\/kvadrat-tillbehorskap.jpg 600w, https:\/\/shop.bjerring-sales.dk\/wp-content\/uploads\/2021\/03\/kvadrat-tillbehorskap.jpg 768w, https:\/\/shop.bjerring-sales.dk\/wp-content\/uploads\/2021\/03\/kvadrat-tillbehorskap.jpg 800w\" sizes=\"auto, (max-width: 800px) 100vw, 800px\" \/><\/div>\n\t\t<\/figure>\n\t<\/div>\n<\/div><\/div><\/div><div class=\"wpb_column vc_column_container vc_col-sm-1\/5 vc_hidden-sm vc_hidden-xs\"><div class=\"vc_column-inner\"><div class=\"wpb_wrapper\">\n\t<div  class=\"wpb_single_image wpb_content_element vc_align_center\">\n\t\t\n\t\t<figure class=\"wpb_wrapper vc_figure\">\n\t\t\t<div class=\"vc_single_image-wrapper   vc_box_border_grey\"><img loading=\"lazy\" decoding=\"async\" width=\"800\" height=\"800\" src=\"https:\/\/shop.bjerring-sales.dk\/wp-content\/uploads\/2021\/02\/kategori-forvaring.jpg\" class=\"vc_single_image-img attachment-full\" alt=\"\" title=\"category storage\" srcset=\"https:\/\/shop.bjerring-sales.dk\/wp-content\/uploads\/2021\/02\/kategori-forvaring.jpg 300w, https:\/\/shop.bjerring-sales.dk\/wp-content\/uploads\/2021\/02\/kategori-forvaring.jpg 150w, https:\/\/shop.bjerring-sales.dk\/wp-content\/uploads\/2021\/02\/kategori-forvaring.jpg 600w, https:\/\/shop.bjerring-sales.dk\/wp-content\/uploads\/2021\/02\/kategori-forvaring.jpg 768w, https:\/\/shop.bjerring-sales.dk\/wp-content\/uploads\/2021\/02\/kategori-forvaring.jpg 800w\" sizes=\"auto, (max-width: 800px) 100vw, 800px\" \/><\/div>\n\t\t<\/figure>\n\t<\/div>\n<\/div><\/div><\/div><div class=\"wpb_column vc_column_container vc_col-sm-1\/5\"><div class=\"vc_column-inner\"><div class=\"wpb_wrapper\">\n\t<div  class=\"wpb_single_image wpb_content_element vc_align_center\">\n\t\t\n\t\t<figure class=\"wpb_wrapper vc_figure\">\n\t\t\t<div class=\"vc_single_image-wrapper   vc_box_border_grey\"><img loading=\"lazy\" decoding=\"async\" width=\"800\" height=\"800\" src=\"https:\/\/shop.bjerring-sales.dk\/wp-content\/uploads\/2021\/03\/kvadrat-kostolparband.jpg\" class=\"vc_single_image-img attachment-full\" alt=\"\" title=\"square costal pair band\" srcset=\"https:\/\/shop.bjerring-sales.dk\/wp-content\/uploads\/2021\/03\/kvadrat-kostolparband.jpg 300w, https:\/\/shop.bjerring-sales.dk\/wp-content\/uploads\/2021\/03\/kvadrat-kostolparband.jpg 150w, https:\/\/shop.bjerring-sales.dk\/wp-content\/uploads\/2021\/03\/kvadrat-kostolparband.jpg 600w, https:\/\/shop.bjerring-sales.dk\/wp-content\/uploads\/2021\/03\/kvadrat-kostolparband.jpg 768w, https:\/\/shop.bjerring-sales.dk\/wp-content\/uploads\/2021\/03\/kvadrat-kostolparband.jpg 800w\" sizes=\"auto, (max-width: 800px) 100vw, 800px\" \/><\/div>\n\t\t<\/figure>\n\t<\/div>\n<\/div><\/div><\/div><\/div><div class=\"vc_row-full-width vc_clearfix\"><\/div><div class=\"vc_row wpb_row vc_row-fluid\"><div class=\"wpb_column vc_column_container vc_col-sm-12\"><div class=\"vc_column-inner\"><div class=\"wpb_wrapper\">\n\t\t<div id=\"wd-60441429112b3\" class=\"title-wrapper wd-wpb wd-set-mb reset-last-child  wd-rs-60441429112b3 wd-title-color-primary wd-title-style-underlined text-center  wd-underline-colored\">\n\t\t\t\n\t\t\t<div class=\"liner-continer\">\n\t\t\t\t<h4 class=\"woodmart-title-container title  wd-font-weight- wd-fontsize-l\" >Returns<\/h4>\n\t\t\t\t\t\t\t<\/div>\n\t\t\t\n\t\t\t\n\t\t\t\n\t\t<\/div>\n\t\t\n\t\t\n\t<div class=\"wpb_text_column wpb_content_element\" >\n\t\t<div class=\"wpb_wrapper\">\n\t\t\t<p><span style=\"font-size: 18pt;\">Right of withdrawal<br \/>\n<\/span>When purchasing goods on the website, you as a customer have a statutory 14-day right of withdrawal that applies from the time you have received an item that you have ordered.<\/p>\n<hr \/>\n<p><span style=\"font-size: 18pt;\">When exercising your right of withdrawal<br \/>\n<\/span>You must announce that you regret it. The message must be sent to our email address. In your message, your name, your address, e-mail address, the order number and which goods the return applies to must be clearly stated.<br \/>\nYou should return the products to us immediately and at the latest within the statutory 14 days after the cancellation notice.<br \/>\nYou are responsible for return shipping, delivery and condition of the products upon return, the products should therefore be sent well packaged and in their original packaging.<br \/>\nFrom the refund amount, we reserve the right to deduct an amount corresponding to the reduction in value compared to the original value of the product in the case of a used or damaged product.<\/p>\n<hr \/>\n<p><span style=\"font-size: 18pt;\">Claims and complaints<\/span><br \/>\nWe inspect all products before they are sent to you. Should the product still be damaged or wrongly shipped when it arrives, we undertake, in accordance with current consumer protection legislation, to rectify the error free of charge.<br \/>\nYou must always contact us for approval before returning a defective item.<br \/>\nThe complaint must be sent immediately after the defect has been discovered.<\/p>\n<hr \/>\n<p><span style=\"font-size: 18pt;\">How do you proceed with a complaint?<\/span><br \/>\nAny errors and defects must always be reported to us via e-mail where you state your name, your address, e-mail address, order number and a description of the error.<\/p>\n<p>If we are unable to remedy the defect or supply a similar product, we will refund you for the defective product in accordance with applicable consumer protection legislation. We are responsible for return shipping in the event of approved complaints.<br \/>\nWe reserve the right to refuse a complaint if it turns out that the product is not faulty in accordance with current consumer protection legislation. In the case of complaints, we follow guidelines from the General Complaints Board, see arn.se.<\/p>\n\n\t\t<\/div>\n\t<\/div>\n<\/div><\/div><\/div><\/div>\n<\/div>","protected":false},"excerpt":{"rendered":"Returns Right of withdrawal When purchasing goods on the website, you as a customer have a statutory 14-day right of withdrawal that applies from","protected":false},"author":1,"featured_media":0,"parent":0,"menu_order":0,"comment_status":"closed","ping_status":"closed","template":"","meta":{"iawp_total_views":6,"footnotes":""},"class_list":["post-29257","page","type-page","status-publish","hentry"],"yoast_head":"<!-- This site is optimized with the Yoast SEO plugin v27.0 - https:\/\/yoast.com\/product\/yoast-seo-wordpress\/ -->\n<title>Returer - Bjerring-Sales<\/title>\n<meta name=\"description\" content=\"Ta del av v\u00e5r returpolicy\" \/>\n<meta name=\"robots\" content=\"noindex, follow\" \/>\n<meta property=\"og:locale\" content=\"en_GB\" \/>\n<meta property=\"og:type\" content=\"article\" \/>\n<meta property=\"og:title\" content=\"Returer - Bjerring-Sales\" \/>\n<meta property=\"og:description\" content=\"Ta del av v\u00e5r returpolicy\" \/>\n<meta property=\"og:url\" content=\"https:\/\/shop.bjerring-sales.dk\/en\/returer\/\" \/>\n<meta property=\"og:site_name\" content=\"Bjerring-Sales\" \/>\n<meta property=\"article:modified_time\" content=\"2023-05-30T21:11:40+00:00\" \/>\n<meta name=\"twitter:card\" content=\"summary_large_image\" \/>\n<meta name=\"twitter:label1\" content=\"Estimated reading time\" \/>\n\t<meta name=\"twitter:data1\" content=\"2 minutes\" \/>\n<script type=\"application\/ld+json\" class=\"yoast-schema-graph\">{\"@context\":\"https:\/\/schema.org\",\"@graph\":[{\"@type\":\"WebPage\",\"@id\":\"https:\/\/shop.bjerring-sales.dk\/returer\/\",\"url\":\"https:\/\/shop.bjerring-sales.dk\/returer\/\",\"name\":\"Returer - Bjerring-Sales\",\"isPartOf\":{\"@id\":\"https:\/\/shop.bjerring-sales.dk\/#website\"},\"datePublished\":\"2021-03-06T23:23:39+00:00\",\"dateModified\":\"2023-05-30T21:11:40+00:00\",\"description\":\"Ta del av v\u00e5r returpolicy\",\"breadcrumb\":{\"@id\":\"https:\/\/shop.bjerring-sales.dk\/returer\/#breadcrumb\"},\"inLanguage\":\"en-GB\",\"potentialAction\":[{\"@type\":\"ReadAction\",\"target\":[\"https:\/\/shop.bjerring-sales.dk\/returer\/\"]}]},{\"@type\":\"BreadcrumbList\",\"@id\":\"https:\/\/shop.bjerring-sales.dk\/returer\/#breadcrumb\",\"itemListElement\":[{\"@type\":\"ListItem\",\"position\":1,\"name\":\"Hem\",\"item\":\"https:\/\/shop.bjerring-sales.dk\/\"},{\"@type\":\"ListItem\",\"position\":2,\"name\":\"Returer\"}]},{\"@type\":\"WebSite\",\"@id\":\"https:\/\/shop.bjerring-sales.dk\/#website\",\"url\":\"https:\/\/shop.bjerring-sales.dk\/\",\"name\":\"Bjerring-Sales\",\"description\":\"M\u00f6bler f\u00f6r teatrar, skolor, kontor och k\u00f6pcentrum\",\"publisher\":{\"@id\":\"https:\/\/shop.bjerring-sales.dk\/#organization\"},\"potentialAction\":[{\"@type\":\"SearchAction\",\"target\":{\"@type\":\"EntryPoint\",\"urlTemplate\":\"https:\/\/shop.bjerring-sales.dk\/?s={search_term_string}\"},\"query-input\":{\"@type\":\"PropertyValueSpecification\",\"valueRequired\":true,\"valueName\":\"search_term_string\"}}],\"inLanguage\":\"en-GB\"},{\"@type\":\"Organization\",\"@id\":\"https:\/\/shop.bjerring-sales.dk\/#organization\",\"name\":\"Bjerring-Sales\",\"url\":\"https:\/\/shop.bjerring-sales.dk\/\",\"logo\":{\"@type\":\"ImageObject\",\"inLanguage\":\"en-GB\",\"@id\":\"https:\/\/shop.bjerring-sales.dk\/#\/schema\/logo\/image\/\",\"url\":\"https:\/\/shop.bjerring-sales.dk\/wp-content\/uploads\/2023\/01\/logo_sv.png\",\"contentUrl\":\"https:\/\/shop.bjerring-sales.dk\/wp-content\/uploads\/2023\/01\/logo_sv.png\",\"width\":195,\"height\":68,\"caption\":\"Bjerring-Sales\"},\"image\":{\"@id\":\"https:\/\/shop.bjerring-sales.dk\/#\/schema\/logo\/image\/\"}}]}<\/script>\n<!-- \/ Yoast SEO plugin. -->","yoast_head_json":{"title":"Returer - Bjerring-Sales","description":"Ta del av v\u00e5r returpolicy","robots":{"index":"noindex","follow":"follow"},"og_locale":"en_GB","og_type":"article","og_title":"Returer - Bjerring-Sales","og_description":"Ta del av v\u00e5r returpolicy","og_url":"https:\/\/shop.bjerring-sales.dk\/en\/returer\/","og_site_name":"Bjerring-Sales","article_modified_time":"2023-05-30T21:11:40+00:00","twitter_card":"summary_large_image","twitter_misc":{"Estimated reading time":"2 minutes"},"schema":{"@context":"https:\/\/schema.org","@graph":[{"@type":"WebPage","@id":"https:\/\/shop.bjerring-sales.dk\/returer\/","url":"https:\/\/shop.bjerring-sales.dk\/returer\/","name":"Returer - Bjerring-Sales","isPartOf":{"@id":"https:\/\/shop.bjerring-sales.dk\/#website"},"datePublished":"2021-03-06T23:23:39+00:00","dateModified":"2023-05-30T21:11:40+00:00","description":"Ta del av v\u00e5r returpolicy","breadcrumb":{"@id":"https:\/\/shop.bjerring-sales.dk\/returer\/#breadcrumb"},"inLanguage":"en-GB","potentialAction":[{"@type":"ReadAction","target":["https:\/\/shop.bjerring-sales.dk\/returer\/"]}]},{"@type":"BreadcrumbList","@id":"https:\/\/shop.bjerring-sales.dk\/returer\/#breadcrumb","itemListElement":[{"@type":"ListItem","position":1,"name":"Hem","item":"https:\/\/shop.bjerring-sales.dk\/"},{"@type":"ListItem","position":2,"name":"Returer"}]},{"@type":"WebSite","@id":"https:\/\/shop.bjerring-sales.dk\/#website","url":"https:\/\/shop.bjerring-sales.dk\/","name":"Bjerring Sales","description":"Furniture for theatres, schools, offices and shopping centres","publisher":{"@id":"https:\/\/shop.bjerring-sales.dk\/#organization"},"potentialAction":[{"@type":"SearchAction","target":{"@type":"EntryPoint","urlTemplate":"https:\/\/shop.bjerring-sales.dk\/?s={search_term_string}"},"query-input":{"@type":"PropertyValueSpecification","valueRequired":true,"valueName":"search_term_string"}}],"inLanguage":"en-GB"},{"@type":"Organization","@id":"https:\/\/shop.bjerring-sales.dk\/#organization","name":"Bjerring Sales","url":"https:\/\/shop.bjerring-sales.dk\/","logo":{"@type":"ImageObject","inLanguage":"en-GB","@id":"https:\/\/shop.bjerring-sales.dk\/#\/schema\/logo\/image\/","url":"https:\/\/shop.bjerring-sales.dk\/wp-content\/uploads\/2023\/01\/logo_sv.png","contentUrl":"https:\/\/shop.bjerring-sales.dk\/wp-content\/uploads\/2023\/01\/logo_sv.png","width":195,"height":68,"caption":"Bjerring-Sales"},"image":{"@id":"https:\/\/shop.bjerring-sales.dk\/#\/schema\/logo\/image\/"}}]}},"_links":{"self":[{"href":"https:\/\/shop.bjerring-sales.dk\/en\/wp-json\/wp\/v2\/pages\/29257","targetHints":{"allow":["GET"]}}],"collection":[{"href":"https:\/\/shop.bjerring-sales.dk\/en\/wp-json\/wp\/v2\/pages"}],"about":[{"href":"https:\/\/shop.bjerring-sales.dk\/en\/wp-json\/wp\/v2\/types\/page"}],"author":[{"embeddable":true,"href":"https:\/\/shop.bjerring-sales.dk\/en\/wp-json\/wp\/v2\/users\/1"}],"replies":[{"embeddable":true,"href":"https:\/\/shop.bjerring-sales.dk\/en\/wp-json\/wp\/v2\/comments?post=29257"}],"version-history":[{"count":0,"href":"https:\/\/shop.bjerring-sales.dk\/en\/wp-json\/wp\/v2\/pages\/29257\/revisions"}],"wp:attachment":[{"href":"https:\/\/shop.bjerring-sales.dk\/en\/wp-json\/wp\/v2\/media?parent=29257"}],"curies":[{"name":"wp","href":"https:\/\/api.w.org\/{rel}","templated":true}]}}