{"id":29246,"date":"2021-03-06T20:12:54","date_gmt":"2021-03-06T19:12:54","guid":{"rendered":"https:\/\/pule.se\/?page_id=29246"},"modified":"2023-05-30T23:10:48","modified_gmt":"2023-05-30T21:10:48","slug":"kopvillkor","status":"publish","type":"page","link":"https:\/\/shop.bjerring-sales.dk\/en\/kopvillkor\/","title":{"rendered":"Terms of purchase"},"content":{"rendered":"<div class=\"wpb-content-wrapper\"><div data-vc-full-width=\"true\" data-vc-full-width-temp=\"true\" data-vc-full-width-init=\"false\" data-vc-stretch-content=\"true\" class=\"vc_row wpb_row vc_row-fluid vc_custom_1615073903999 vc_column-gap-5 vc_row-no-padding vc_row-o-equal-height vc_row-flex\"><div class=\"wpb_column vc_column_container vc_col-sm-1\/5 vc_hidden-sm vc_hidden-xs\"><div class=\"vc_column-inner\"><div class=\"wpb_wrapper\">\n\t<div  class=\"wpb_single_image wpb_content_element vc_align_center\">\n\t\t\n\t\t<figure class=\"wpb_wrapper vc_figure\">\n\t\t\t<div class=\"vc_single_image-wrapper   vc_box_border_grey\"><img loading=\"lazy\" decoding=\"async\" width=\"800\" height=\"800\" src=\"https:\/\/shop.bjerring-sales.dk\/wp-content\/uploads\/2021\/03\/kvadrat-dukartextilier.jpg\" class=\"vc_single_image-img attachment-full\" alt=\"\" title=\"square cloth textiles\" srcset=\"https:\/\/shop.bjerring-sales.dk\/wp-content\/uploads\/2021\/03\/kvadrat-dukartextilier.jpg 300w, https:\/\/shop.bjerring-sales.dk\/wp-content\/uploads\/2021\/03\/kvadrat-dukartextilier.jpg 150w, https:\/\/shop.bjerring-sales.dk\/wp-content\/uploads\/2021\/03\/kvadrat-dukartextilier.jpg 600w, https:\/\/shop.bjerring-sales.dk\/wp-content\/uploads\/2021\/03\/kvadrat-dukartextilier.jpg 768w, https:\/\/shop.bjerring-sales.dk\/wp-content\/uploads\/2021\/03\/kvadrat-dukartextilier.jpg 800w\" sizes=\"auto, (max-width: 800px) 100vw, 800px\" \/><\/div>\n\t\t<\/figure>\n\t<\/div>\n<\/div><\/div><\/div><div class=\"wpb_column vc_column_container vc_col-sm-1\/5 vc_hidden-sm vc_hidden-xs\"><div class=\"vc_column-inner\"><div class=\"wpb_wrapper\">\n\t<div  class=\"wpb_single_image wpb_content_element vc_align_center\">\n\t\t\n\t\t<figure class=\"wpb_wrapper vc_figure\">\n\t\t\t<div class=\"vc_single_image-wrapper   vc_box_border_grey\"><img loading=\"lazy\" decoding=\"async\" width=\"800\" height=\"800\" src=\"https:\/\/shop.bjerring-sales.dk\/wp-content\/uploads\/2021\/03\/kvadrat-paketprodukter.jpg\" class=\"vc_single_image-img attachment-full\" alt=\"\" title=\"square package products\" srcset=\"https:\/\/shop.bjerring-sales.dk\/wp-content\/uploads\/2021\/03\/kvadrat-paketprodukter.jpg 300w, https:\/\/shop.bjerring-sales.dk\/wp-content\/uploads\/2021\/03\/kvadrat-paketprodukter.jpg 150w, https:\/\/shop.bjerring-sales.dk\/wp-content\/uploads\/2021\/03\/kvadrat-paketprodukter.jpg 600w, https:\/\/shop.bjerring-sales.dk\/wp-content\/uploads\/2021\/03\/kvadrat-paketprodukter.jpg 768w, https:\/\/shop.bjerring-sales.dk\/wp-content\/uploads\/2021\/03\/kvadrat-paketprodukter.jpg 800w\" sizes=\"auto, (max-width: 800px) 100vw, 800px\" \/><\/div>\n\t\t<\/figure>\n\t<\/div>\n<\/div><\/div><\/div><div class=\"wpb_column vc_column_container vc_col-sm-1\/5 vc_hidden-sm vc_hidden-xs\"><div class=\"vc_column-inner\"><div class=\"wpb_wrapper\">\n\t<div  class=\"wpb_single_image wpb_content_element vc_align_center\">\n\t\t\n\t\t<figure class=\"wpb_wrapper vc_figure\">\n\t\t\t<div class=\"vc_single_image-wrapper   vc_box_border_grey\"><img loading=\"lazy\" decoding=\"async\" width=\"800\" height=\"800\" src=\"https:\/\/shop.bjerring-sales.dk\/wp-content\/uploads\/2021\/03\/kvadrat-hurtsar.jpg\" class=\"vc_single_image-img attachment-full\" alt=\"\" title=\"square-hurtsar\" srcset=\"https:\/\/shop.bjerring-sales.dk\/wp-content\/uploads\/2021\/03\/kvadrat-hurtsar.jpg 300w, https:\/\/shop.bjerring-sales.dk\/wp-content\/uploads\/2021\/03\/kvadrat-hurtsar.jpg 150w, https:\/\/shop.bjerring-sales.dk\/wp-content\/uploads\/2021\/03\/kvadrat-hurtsar.jpg 600w, https:\/\/shop.bjerring-sales.dk\/wp-content\/uploads\/2021\/03\/kvadrat-hurtsar.jpg 768w, https:\/\/shop.bjerring-sales.dk\/wp-content\/uploads\/2021\/03\/kvadrat-hurtsar.jpg 800w\" sizes=\"auto, (max-width: 800px) 100vw, 800px\" \/><\/div>\n\t\t<\/figure>\n\t<\/div>\n<\/div><\/div><\/div><div class=\"wpb_column vc_column_container vc_col-sm-1\/5 vc_hidden-sm vc_hidden-xs\"><div class=\"vc_column-inner\"><div class=\"wpb_wrapper\">\n\t<div  class=\"wpb_single_image wpb_content_element vc_align_center\">\n\t\t\n\t\t<figure class=\"wpb_wrapper vc_figure\">\n\t\t\t<div class=\"vc_single_image-wrapper   vc_box_border_grey\"><img loading=\"lazy\" decoding=\"async\" width=\"800\" height=\"800\" src=\"https:\/\/shop.bjerring-sales.dk\/wp-content\/uploads\/2021\/03\/kvadrat-skrivbordsprodukter.jpg\" class=\"vc_single_image-img attachment-full\" alt=\"\" title=\"square desk products\" srcset=\"https:\/\/shop.bjerring-sales.dk\/wp-content\/uploads\/2021\/03\/kvadrat-skrivbordsprodukter.jpg 300w, https:\/\/shop.bjerring-sales.dk\/wp-content\/uploads\/2021\/03\/kvadrat-skrivbordsprodukter.jpg 150w, https:\/\/shop.bjerring-sales.dk\/wp-content\/uploads\/2021\/03\/kvadrat-skrivbordsprodukter.jpg 600w, https:\/\/shop.bjerring-sales.dk\/wp-content\/uploads\/2021\/03\/kvadrat-skrivbordsprodukter.jpg 768w, https:\/\/shop.bjerring-sales.dk\/wp-content\/uploads\/2021\/03\/kvadrat-skrivbordsprodukter.jpg 800w\" sizes=\"auto, (max-width: 800px) 100vw, 800px\" \/><\/div>\n\t\t<\/figure>\n\t<\/div>\n<\/div><\/div><\/div><div class=\"wpb_column vc_column_container vc_col-sm-1\/5\"><div class=\"vc_column-inner\"><div class=\"wpb_wrapper\">\n\t<div  class=\"wpb_single_image wpb_content_element vc_align_center\">\n\t\t\n\t\t<figure class=\"wpb_wrapper vc_figure\">\n\t\t\t<div class=\"vc_single_image-wrapper   vc_box_border_grey\"><img loading=\"lazy\" decoding=\"async\" width=\"800\" height=\"800\" src=\"https:\/\/shop.bjerring-sales.dk\/wp-content\/uploads\/2021\/03\/kvadrat-kontorsprodukter.jpg\" class=\"vc_single_image-img attachment-full\" alt=\"\" title=\"square office products\" srcset=\"https:\/\/shop.bjerring-sales.dk\/wp-content\/uploads\/2021\/03\/kvadrat-kontorsprodukter.jpg 300w, https:\/\/shop.bjerring-sales.dk\/wp-content\/uploads\/2021\/03\/kvadrat-kontorsprodukter.jpg 150w, https:\/\/shop.bjerring-sales.dk\/wp-content\/uploads\/2021\/03\/kvadrat-kontorsprodukter.jpg 600w, https:\/\/shop.bjerring-sales.dk\/wp-content\/uploads\/2021\/03\/kvadrat-kontorsprodukter.jpg 768w, https:\/\/shop.bjerring-sales.dk\/wp-content\/uploads\/2021\/03\/kvadrat-kontorsprodukter.jpg 800w\" sizes=\"auto, (max-width: 800px) 100vw, 800px\" \/><\/div>\n\t\t<\/figure>\n\t<\/div>\n<\/div><\/div><\/div><\/div><div class=\"vc_row-full-width vc_clearfix\"><\/div><div class=\"vc_row wpb_row vc_row-fluid\"><div class=\"wpb_column vc_column_container vc_col-sm-12\"><div class=\"vc_column-inner\"><div class=\"wpb_wrapper\">\n\t\t<div id=\"wd-604414726d05d\" class=\"title-wrapper wd-wpb wd-set-mb reset-last-child  wd-rs-604414726d05d wd-title-color-primary wd-title-style-underlined text-center  wd-underline-colored\">\n\t\t\t\n\t\t\t<div class=\"liner-continer\">\n\t\t\t\t<h4 class=\"woodmart-title-container title  wd-font-weight- wd-fontsize-l\" >Terms of purchase<\/h4>\n\t\t\t\t\t\t\t<\/div>\n\t\t\t\n\t\t\t\n\t\t\t\n\t\t<\/div>\n\t\t\n\t\t\n\t<div class=\"wpb_text_column wpb_content_element\" >\n\t\t<div class=\"wpb_wrapper\">\n\t\t\t<p><span style=\"font-size: 18pt;\">Ordering<\/span><br \/>\nWhen you have completed your order, an order confirmation will be sent to your email address. In the confirmation you will find all information about products, price, billing and delivery address.<br \/>\nIf there is an error in the order confirmation, you must immediately contact us via e-mail.<\/p>\n<hr \/>\n<p><span style=\"font-size: 18pt;\">Delivery<\/span><br \/>\nOur normal delivery times are 3-5 days. ATTENTION! Orders placed on weekends are sent on the following Monday at the earliest.<br \/>\nIf delays in delivery should occur (without us notifying you of a longer delivery time), you must contact us by e-mail.<\/p>\n<hr \/>\n<p><span style=\"font-size: 18pt;\">Prices<br \/>\n<\/span>All prices in the store are stated in SEK and all prices include 25% VAT.<br \/>\nWe reserve the right to price changes caused by price changes from the supplier, misprints in the price list and inaccuracies in prices due to incorrect information and reserve the right to adjust the price.<\/p>\n<hr \/>\n<p><span style=\"font-size: 18pt;\">Limitation of liability<br \/>\n<\/span><strong>We take no responsibility for indirect damages that may occur due to the product.<\/strong><br \/>\nWe accept no responsibility for delays\/errors as a result of circumstances beyond the company&#039;s control (Force Majeure). These circumstances can be, for example, labor conflict, fire, war, authority decision, reduced or non-existent delivery from the supplier.<br \/>\nFurthermore, no responsibility is taken for any changes to products\/product characteristics that have been changed by the respective supplier and other factors beyond our control.<\/p>\n<hr \/>\n<p><span style=\"font-size: 18pt;\">Product information<\/span><br \/>\nWe reserve the right for any typographical errors on this website and final sale of products. We do not guarantee that the images reproduce the exact appearance of the products as a certain color difference may occur depending on the monitor, photo quality and resolution. We always try our best to expose the products as correctly as possible.<\/p>\n\n\t\t<\/div>\n\t<\/div>\n<\/div><\/div><\/div><\/div>\n<\/div>","protected":false},"excerpt":{"rendered":"Terms of Purchase Order When you have completed your order, an order confirmation will be sent to your email address. In the confirmation you will find all the information about","protected":false},"author":1,"featured_media":0,"parent":0,"menu_order":0,"comment_status":"closed","ping_status":"closed","template":"","meta":{"iawp_total_views":21,"footnotes":""},"class_list":["post-29246","page","type-page","status-publish","hentry"],"yoast_head":"<!-- This site is optimized with the Yoast SEO plugin v27.0 - https:\/\/yoast.com\/product\/yoast-seo-wordpress\/ -->\n<title>K\u00f6pvillkor - Bjerring-Sales<\/title>\n<meta name=\"description\" content=\"Ta del av v\u00e5ra k\u00f6pvillkor\" \/>\n<meta name=\"robots\" content=\"noindex, follow\" \/>\n<meta property=\"og:locale\" content=\"en_GB\" \/>\n<meta property=\"og:type\" content=\"article\" \/>\n<meta property=\"og:title\" content=\"K\u00f6pvillkor - Bjerring-Sales\" \/>\n<meta property=\"og:description\" content=\"Ta del av v\u00e5ra k\u00f6pvillkor\" \/>\n<meta property=\"og:url\" content=\"https:\/\/shop.bjerring-sales.dk\/en\/kopvillkor\/\" \/>\n<meta property=\"og:site_name\" content=\"Bjerring-Sales\" \/>\n<meta property=\"article:modified_time\" content=\"2023-05-30T21:10:48+00:00\" \/>\n<meta name=\"twitter:card\" content=\"summary_large_image\" \/>\n<meta name=\"twitter:label1\" content=\"Estimated reading time\" \/>\n\t<meta name=\"twitter:data1\" content=\"2 minutes\" \/>\n<script type=\"application\/ld+json\" class=\"yoast-schema-graph\">{\"@context\":\"https:\/\/schema.org\",\"@graph\":[{\"@type\":\"WebPage\",\"@id\":\"https:\/\/shop.bjerring-sales.dk\/kopvillkor\/\",\"url\":\"https:\/\/shop.bjerring-sales.dk\/kopvillkor\/\",\"name\":\"K\u00f6pvillkor - Bjerring-Sales\",\"isPartOf\":{\"@id\":\"https:\/\/shop.bjerring-sales.dk\/#website\"},\"datePublished\":\"2021-03-06T19:12:54+00:00\",\"dateModified\":\"2023-05-30T21:10:48+00:00\",\"description\":\"Ta del av v\u00e5ra k\u00f6pvillkor\",\"breadcrumb\":{\"@id\":\"https:\/\/shop.bjerring-sales.dk\/kopvillkor\/#breadcrumb\"},\"inLanguage\":\"en-GB\",\"potentialAction\":[{\"@type\":\"ReadAction\",\"target\":[\"https:\/\/shop.bjerring-sales.dk\/kopvillkor\/\"]}]},{\"@type\":\"BreadcrumbList\",\"@id\":\"https:\/\/shop.bjerring-sales.dk\/kopvillkor\/#breadcrumb\",\"itemListElement\":[{\"@type\":\"ListItem\",\"position\":1,\"name\":\"Hem\",\"item\":\"https:\/\/shop.bjerring-sales.dk\/\"},{\"@type\":\"ListItem\",\"position\":2,\"name\":\"K\u00f6pvillkor\"}]},{\"@type\":\"WebSite\",\"@id\":\"https:\/\/shop.bjerring-sales.dk\/#website\",\"url\":\"https:\/\/shop.bjerring-sales.dk\/\",\"name\":\"Bjerring-Sales\",\"description\":\"M\u00f6bler f\u00f6r teatrar, skolor, kontor och k\u00f6pcentrum\",\"publisher\":{\"@id\":\"https:\/\/shop.bjerring-sales.dk\/#organization\"},\"potentialAction\":[{\"@type\":\"SearchAction\",\"target\":{\"@type\":\"EntryPoint\",\"urlTemplate\":\"https:\/\/shop.bjerring-sales.dk\/?s={search_term_string}\"},\"query-input\":{\"@type\":\"PropertyValueSpecification\",\"valueRequired\":true,\"valueName\":\"search_term_string\"}}],\"inLanguage\":\"en-GB\"},{\"@type\":\"Organization\",\"@id\":\"https:\/\/shop.bjerring-sales.dk\/#organization\",\"name\":\"Bjerring-Sales\",\"url\":\"https:\/\/shop.bjerring-sales.dk\/\",\"logo\":{\"@type\":\"ImageObject\",\"inLanguage\":\"en-GB\",\"@id\":\"https:\/\/shop.bjerring-sales.dk\/#\/schema\/logo\/image\/\",\"url\":\"https:\/\/shop.bjerring-sales.dk\/wp-content\/uploads\/2023\/01\/logo_sv.png\",\"contentUrl\":\"https:\/\/shop.bjerring-sales.dk\/wp-content\/uploads\/2023\/01\/logo_sv.png\",\"width\":195,\"height\":68,\"caption\":\"Bjerring-Sales\"},\"image\":{\"@id\":\"https:\/\/shop.bjerring-sales.dk\/#\/schema\/logo\/image\/\"}}]}<\/script>\n<!-- \/ Yoast SEO plugin. -->","yoast_head_json":{"title":"Terms and conditions - Bjerring-Sales","description":"Read our terms and conditions","robots":{"index":"noindex","follow":"follow"},"og_locale":"en_GB","og_type":"article","og_title":"K\u00f6pvillkor - Bjerring-Sales","og_description":"Ta del av v\u00e5ra k\u00f6pvillkor","og_url":"https:\/\/shop.bjerring-sales.dk\/en\/kopvillkor\/","og_site_name":"Bjerring-Sales","article_modified_time":"2023-05-30T21:10:48+00:00","twitter_card":"summary_large_image","twitter_misc":{"Estimated reading time":"2 minutes"},"schema":{"@context":"https:\/\/schema.org","@graph":[{"@type":"WebPage","@id":"https:\/\/shop.bjerring-sales.dk\/kopvillkor\/","url":"https:\/\/shop.bjerring-sales.dk\/kopvillkor\/","name":"Terms and conditions - Bjerring-Sales","isPartOf":{"@id":"https:\/\/shop.bjerring-sales.dk\/#website"},"datePublished":"2021-03-06T19:12:54+00:00","dateModified":"2023-05-30T21:10:48+00:00","description":"Read our terms and conditions","breadcrumb":{"@id":"https:\/\/shop.bjerring-sales.dk\/kopvillkor\/#breadcrumb"},"inLanguage":"en-GB","potentialAction":[{"@type":"ReadAction","target":["https:\/\/shop.bjerring-sales.dk\/kopvillkor\/"]}]},{"@type":"BreadcrumbList","@id":"https:\/\/shop.bjerring-sales.dk\/kopvillkor\/#breadcrumb","itemListElement":[{"@type":"ListItem","position":1,"name":"Hem","item":"https:\/\/shop.bjerring-sales.dk\/"},{"@type":"ListItem","position":2,"name":"K\u00f6pvillkor"}]},{"@type":"WebSite","@id":"https:\/\/shop.bjerring-sales.dk\/#website","url":"https:\/\/shop.bjerring-sales.dk\/","name":"Bjerring Sales","description":"Furniture for theatres, schools, offices and shopping centres","publisher":{"@id":"https:\/\/shop.bjerring-sales.dk\/#organization"},"potentialAction":[{"@type":"SearchAction","target":{"@type":"EntryPoint","urlTemplate":"https:\/\/shop.bjerring-sales.dk\/?s={search_term_string}"},"query-input":{"@type":"PropertyValueSpecification","valueRequired":true,"valueName":"search_term_string"}}],"inLanguage":"en-GB"},{"@type":"Organization","@id":"https:\/\/shop.bjerring-sales.dk\/#organization","name":"Bjerring Sales","url":"https:\/\/shop.bjerring-sales.dk\/","logo":{"@type":"ImageObject","inLanguage":"en-GB","@id":"https:\/\/shop.bjerring-sales.dk\/#\/schema\/logo\/image\/","url":"https:\/\/shop.bjerring-sales.dk\/wp-content\/uploads\/2023\/01\/logo_sv.png","contentUrl":"https:\/\/shop.bjerring-sales.dk\/wp-content\/uploads\/2023\/01\/logo_sv.png","width":195,"height":68,"caption":"Bjerring-Sales"},"image":{"@id":"https:\/\/shop.bjerring-sales.dk\/#\/schema\/logo\/image\/"}}]}},"_links":{"self":[{"href":"https:\/\/shop.bjerring-sales.dk\/en\/wp-json\/wp\/v2\/pages\/29246","targetHints":{"allow":["GET"]}}],"collection":[{"href":"https:\/\/shop.bjerring-sales.dk\/en\/wp-json\/wp\/v2\/pages"}],"about":[{"href":"https:\/\/shop.bjerring-sales.dk\/en\/wp-json\/wp\/v2\/types\/page"}],"author":[{"embeddable":true,"href":"https:\/\/shop.bjerring-sales.dk\/en\/wp-json\/wp\/v2\/users\/1"}],"replies":[{"embeddable":true,"href":"https:\/\/shop.bjerring-sales.dk\/en\/wp-json\/wp\/v2\/comments?post=29246"}],"version-history":[{"count":0,"href":"https:\/\/shop.bjerring-sales.dk\/en\/wp-json\/wp\/v2\/pages\/29246\/revisions"}],"wp:attachment":[{"href":"https:\/\/shop.bjerring-sales.dk\/en\/wp-json\/wp\/v2\/media?parent=29246"}],"curies":[{"name":"wp","href":"https:\/\/api.w.org\/{rel}","templated":true}]}}