{"id":28823,"date":"2021-02-21T18:58:18","date_gmt":"2021-02-21T17:58:18","guid":{"rendered":"https:\/\/pule.se\/?page_id=28823"},"modified":"2024-10-27T12:54:51","modified_gmt":"2024-10-27T11:54:51","slug":"inspiration","status":"publish","type":"page","link":"https:\/\/shop.bjerring-sales.dk\/en\/inspiration\/","title":{"rendered":"Inspiration"},"content":{"rendered":"<div class=\"wpb-content-wrapper\"><div class=\"vc_row wpb_row vc_row-fluid vc_custom_1729534102506 wd-rs-671698910626c wd-section-stretch-content-no-pd\"><div class=\"wpb_column vc_column_container vc_col-sm-12\"><div class=\"vc_column-inner\"><div class=\"wpb_wrapper\">\n\t<div class=\"wpb_raw_code wpb_raw_html wpb_content_element\" >\n\t\t<div class=\"wpb_wrapper\">\n\t\t\t<script src=\"https:\/\/static.elfsight.com\/platform\/platform.js\" async><\/script>\n<div class=\"elfsight-app-74623f53-0d43-46a5-bbe8-6a9e14c07b53\" data-elfsight-app-lazy><\/div>\n\t\t<\/div>\n\t<\/div>\n<\/div><\/div><\/div><\/div>\n<\/div>","protected":false},"excerpt":{"rendered":"","protected":false},"author":1,"featured_media":0,"parent":0,"menu_order":0,"comment_status":"closed","ping_status":"closed","template":"","meta":{"iawp_total_views":18,"footnotes":""},"class_list":["post-28823","page","type-page","status-publish","hentry"],"yoast_head":"<!-- This site is optimized with the Yoast SEO plugin v27.0 - https:\/\/yoast.com\/product\/yoast-seo-wordpress\/ -->\n<title>Inspiration - Bjerring-Sales<\/title>\n<meta name=\"description\" content=\"P\u00e5 denna sida har vi sammanst\u00e4llt ett urval av bilder fr\u00e5n v\u00e5ra leverant\u00f6rer f\u00f6r att ge er id\u00e9er och inspiration.\" \/>\n<meta name=\"robots\" content=\"index, follow, max-snippet:-1, max-image-preview:large, max-video-preview:-1\" \/>\n<link rel=\"canonical\" href=\"https:\/\/shop.bjerring-sales.dk\/en\/inspiration\/\" \/>\n<meta property=\"og:locale\" content=\"en_GB\" \/>\n<meta property=\"og:type\" content=\"article\" \/>\n<meta property=\"og:title\" content=\"Inspiration - Bjerring-Sales\" \/>\n<meta property=\"og:description\" content=\"P\u00e5 denna sida har vi sammanst\u00e4llt ett urval av bilder fr\u00e5n v\u00e5ra leverant\u00f6rer f\u00f6r att ge er id\u00e9er och inspiration.\" \/>\n<meta property=\"og:url\" content=\"https:\/\/shop.bjerring-sales.dk\/en\/inspiration\/\" \/>\n<meta property=\"og:site_name\" content=\"Bjerring-Sales\" \/>\n<meta property=\"article:modified_time\" content=\"2024-10-27T11:54:51+00:00\" \/>\n<meta name=\"twitter:card\" content=\"summary_large_image\" \/>\n<meta name=\"twitter:label1\" content=\"Estimated reading time\" \/>\n\t<meta name=\"twitter:data1\" content=\"2 minutes\" \/>\n<script type=\"application\/ld+json\" class=\"yoast-schema-graph\">{\"@context\":\"https:\/\/schema.org\",\"@graph\":[{\"@type\":\"WebPage\",\"@id\":\"https:\/\/shop.bjerring-sales.dk\/inspiration\/\",\"url\":\"https:\/\/shop.bjerring-sales.dk\/inspiration\/\",\"name\":\"Inspiration - Bjerring-Sales\",\"isPartOf\":{\"@id\":\"https:\/\/shop.bjerring-sales.dk\/#website\"},\"datePublished\":\"2021-02-21T17:58:18+00:00\",\"dateModified\":\"2024-10-27T11:54:51+00:00\",\"description\":\"P\u00e5 denna sida har vi sammanst\u00e4llt ett urval av bilder fr\u00e5n v\u00e5ra leverant\u00f6rer f\u00f6r att ge er id\u00e9er och inspiration.\",\"breadcrumb\":{\"@id\":\"https:\/\/shop.bjerring-sales.dk\/inspiration\/#breadcrumb\"},\"inLanguage\":\"en-GB\",\"potentialAction\":[{\"@type\":\"ReadAction\",\"target\":[\"https:\/\/shop.bjerring-sales.dk\/inspiration\/\"]}]},{\"@type\":\"BreadcrumbList\",\"@id\":\"https:\/\/shop.bjerring-sales.dk\/inspiration\/#breadcrumb\",\"itemListElement\":[{\"@type\":\"ListItem\",\"position\":1,\"name\":\"Hem\",\"item\":\"https:\/\/shop.bjerring-sales.dk\/\"},{\"@type\":\"ListItem\",\"position\":2,\"name\":\"Inspiration\"}]},{\"@type\":\"WebSite\",\"@id\":\"https:\/\/shop.bjerring-sales.dk\/#website\",\"url\":\"https:\/\/shop.bjerring-sales.dk\/\",\"name\":\"Bjerring-Sales\",\"description\":\"M\u00f6bler f\u00f6r teatrar, skolor, kontor och k\u00f6pcentrum\",\"publisher\":{\"@id\":\"https:\/\/shop.bjerring-sales.dk\/#organization\"},\"potentialAction\":[{\"@type\":\"SearchAction\",\"target\":{\"@type\":\"EntryPoint\",\"urlTemplate\":\"https:\/\/shop.bjerring-sales.dk\/?s={search_term_string}\"},\"query-input\":{\"@type\":\"PropertyValueSpecification\",\"valueRequired\":true,\"valueName\":\"search_term_string\"}}],\"inLanguage\":\"en-GB\"},{\"@type\":\"Organization\",\"@id\":\"https:\/\/shop.bjerring-sales.dk\/#organization\",\"name\":\"Bjerring-Sales\",\"url\":\"https:\/\/shop.bjerring-sales.dk\/\",\"logo\":{\"@type\":\"ImageObject\",\"inLanguage\":\"en-GB\",\"@id\":\"https:\/\/shop.bjerring-sales.dk\/#\/schema\/logo\/image\/\",\"url\":\"https:\/\/shop.bjerring-sales.dk\/wp-content\/uploads\/2023\/01\/logo_sv.png\",\"contentUrl\":\"https:\/\/shop.bjerring-sales.dk\/wp-content\/uploads\/2023\/01\/logo_sv.png\",\"width\":195,\"height\":68,\"caption\":\"Bjerring-Sales\"},\"image\":{\"@id\":\"https:\/\/shop.bjerring-sales.dk\/#\/schema\/logo\/image\/\"}}]}<\/script>\n<!-- \/ Yoast SEO plugin. -->","yoast_head_json":{"title":"Inspiration - Bjerring-Sales","description":"P\u00e5 denna sida har vi sammanst\u00e4llt ett urval av bilder fr\u00e5n v\u00e5ra leverant\u00f6rer f\u00f6r att ge er id\u00e9er och inspiration.","robots":{"index":"index","follow":"follow","max-snippet":"max-snippet:-1","max-image-preview":"max-image-preview:large","max-video-preview":"max-video-preview:-1"},"canonical":"https:\/\/shop.bjerring-sales.dk\/en\/inspiration\/","og_locale":"en_GB","og_type":"article","og_title":"Inspiration - Bjerring-Sales","og_description":"P\u00e5 denna sida har vi sammanst\u00e4llt ett urval av bilder fr\u00e5n v\u00e5ra leverant\u00f6rer f\u00f6r att ge er id\u00e9er och inspiration.","og_url":"https:\/\/shop.bjerring-sales.dk\/en\/inspiration\/","og_site_name":"Bjerring-Sales","article_modified_time":"2024-10-27T11:54:51+00:00","twitter_card":"summary_large_image","twitter_misc":{"Estimated reading time":"2 minutes"},"schema":{"@context":"https:\/\/schema.org","@graph":[{"@type":"WebPage","@id":"https:\/\/shop.bjerring-sales.dk\/inspiration\/","url":"https:\/\/shop.bjerring-sales.dk\/inspiration\/","name":"Inspiration - Bjerring-Sales","isPartOf":{"@id":"https:\/\/shop.bjerring-sales.dk\/#website"},"datePublished":"2021-02-21T17:58:18+00:00","dateModified":"2024-10-27T11:54:51+00:00","description":"P\u00e5 denna sida har vi sammanst\u00e4llt ett urval av bilder fr\u00e5n v\u00e5ra leverant\u00f6rer f\u00f6r att ge er id\u00e9er och inspiration.","breadcrumb":{"@id":"https:\/\/shop.bjerring-sales.dk\/inspiration\/#breadcrumb"},"inLanguage":"en-GB","potentialAction":[{"@type":"ReadAction","target":["https:\/\/shop.bjerring-sales.dk\/inspiration\/"]}]},{"@type":"BreadcrumbList","@id":"https:\/\/shop.bjerring-sales.dk\/inspiration\/#breadcrumb","itemListElement":[{"@type":"ListItem","position":1,"name":"Hem","item":"https:\/\/shop.bjerring-sales.dk\/"},{"@type":"ListItem","position":2,"name":"Inspiration"}]},{"@type":"WebSite","@id":"https:\/\/shop.bjerring-sales.dk\/#website","url":"https:\/\/shop.bjerring-sales.dk\/","name":"Bjerring Sales","description":"Furniture for theatres, schools, offices and shopping centres","publisher":{"@id":"https:\/\/shop.bjerring-sales.dk\/#organization"},"potentialAction":[{"@type":"SearchAction","target":{"@type":"EntryPoint","urlTemplate":"https:\/\/shop.bjerring-sales.dk\/?s={search_term_string}"},"query-input":{"@type":"PropertyValueSpecification","valueRequired":true,"valueName":"search_term_string"}}],"inLanguage":"en-GB"},{"@type":"Organization","@id":"https:\/\/shop.bjerring-sales.dk\/#organization","name":"Bjerring Sales","url":"https:\/\/shop.bjerring-sales.dk\/","logo":{"@type":"ImageObject","inLanguage":"en-GB","@id":"https:\/\/shop.bjerring-sales.dk\/#\/schema\/logo\/image\/","url":"https:\/\/shop.bjerring-sales.dk\/wp-content\/uploads\/2023\/01\/logo_sv.png","contentUrl":"https:\/\/shop.bjerring-sales.dk\/wp-content\/uploads\/2023\/01\/logo_sv.png","width":195,"height":68,"caption":"Bjerring-Sales"},"image":{"@id":"https:\/\/shop.bjerring-sales.dk\/#\/schema\/logo\/image\/"}}]}},"_links":{"self":[{"href":"https:\/\/shop.bjerring-sales.dk\/en\/wp-json\/wp\/v2\/pages\/28823","targetHints":{"allow":["GET"]}}],"collection":[{"href":"https:\/\/shop.bjerring-sales.dk\/en\/wp-json\/wp\/v2\/pages"}],"about":[{"href":"https:\/\/shop.bjerring-sales.dk\/en\/wp-json\/wp\/v2\/types\/page"}],"author":[{"embeddable":true,"href":"https:\/\/shop.bjerring-sales.dk\/en\/wp-json\/wp\/v2\/users\/1"}],"replies":[{"embeddable":true,"href":"https:\/\/shop.bjerring-sales.dk\/en\/wp-json\/wp\/v2\/comments?post=28823"}],"version-history":[{"count":1,"href":"https:\/\/shop.bjerring-sales.dk\/en\/wp-json\/wp\/v2\/pages\/28823\/revisions"}],"predecessor-version":[{"id":100245,"href":"https:\/\/shop.bjerring-sales.dk\/en\/wp-json\/wp\/v2\/pages\/28823\/revisions\/100245"}],"wp:attachment":[{"href":"https:\/\/shop.bjerring-sales.dk\/en\/wp-json\/wp\/v2\/media?parent=28823"}],"curies":[{"name":"wp","href":"https:\/\/api.w.org\/{rel}","templated":true}]}}