{"id":98700,"date":"2019-08-20T09:48:33","date_gmt":"2019-08-20T07:48:33","guid":{"rendered":"https:\/\/shop.bjerring-sales.dk\/sv\/produkt\/everyis1-kontorsstol-2\/"},"modified":"2025-10-13T11:51:22","modified_gmt":"2025-10-13T09:51:22","slug":"everyis1-kontorsstol","status":"publish","type":"product","link":"https:\/\/shop.bjerring-sales.dk\/da\/vare\/everyis1-kontorsstol\/","title":{"rendered":"EVERYis1 \u2013 Moderne kontorstol i stof"},"content":{"rendered":"<div class=\"wpb-content-wrapper\"><div class=\"vc_row wpb_row vc_row-fluid\"><div class=\"wpb_column vc_column_container vc_col-sm-12\"><div class=\"vc_column-inner\"><div class=\"wpb_wrapper\">\n\t<div class=\"wpb_text_column wpb_content_element\" >\n\t\t<div class=\"wpb_wrapper\">\n\t\t\t<p style=\"text-align: left\"><span style=\"font-size: 24pt\">EVERYis1 \u2013 En kontorstol til det moderne kontor<br \/>\n<\/span>EVERYis1 er en stilren og moderne kontorstol, der tilpasser sig brugeren i stedet for, at brugeren skal tilpasse sig stolen. Det er en kontorstol der er nem at l\u00e6re at kende og bruge i enhver forstand. Sp\u00e6ndingen af rygl\u00e6net justeres automatisk til forskellige kropsv\u00e6gte takket v\u00e6re dens nyudviklede autolift-synkronmekanisme. EVERYis1 er designet af Sven von Boetticher, som er en tysk produktdesigner og grundl\u00e6gger af designfirmaet ID AID.<\/p>\n\n\t\t<\/div>\n\t<\/div>\n<\/div><\/div><\/div><\/div><div class=\"vc_row wpb_row vc_row-fluid\"><div class=\"wpb_column vc_column_container vc_col-sm-6\"><div class=\"vc_column-inner\"><div class=\"wpb_wrapper\">\n\t<div  class=\"wpb_single_image wpb_content_element vc_align_center\">\n\t\t\n\t\t<figure class=\"wpb_wrapper vc_figure\">\n\t\t\t<div class=\"vc_single_image-wrapper vc_box_shadow_border  vc_box_border_grey\"><img loading=\"lazy\" decoding=\"async\" width=\"800\" height=\"550\" src=\"https:\/\/shop.bjerring-sales.dk\/wp-content\/uploads\/2020\/10\/every1isnyhet4.jpg\" class=\"vc_single_image-img attachment-full\" alt=\"\" title=\"hver1erny4\" srcset=\"https:\/\/shop.bjerring-sales.dk\/wp-content\/uploads\/2020\/10\/every1isnyhet4.jpg 800w, https:\/\/shop.bjerring-sales.dk\/wp-content\/uploads\/2020\/10\/every1isnyhet4-150x103.jpg 150w, https:\/\/shop.bjerring-sales.dk\/wp-content\/uploads\/2020\/10\/every1isnyhet4-600x413.jpg 600w, https:\/\/shop.bjerring-sales.dk\/wp-content\/uploads\/2020\/10\/every1isnyhet4-300x206.jpg 300w, https:\/\/shop.bjerring-sales.dk\/wp-content\/uploads\/2020\/10\/every1isnyhet4-768x528.jpg 768w\" sizes=\"auto, (max-width: 800px) 100vw, 800px\" \/><\/div>\n\t\t<\/figure>\n\t<\/div>\n<\/div><\/div><\/div><div class=\"wpb_column vc_column_container vc_col-sm-6\"><div class=\"vc_column-inner\"><div class=\"wpb_wrapper\">\n\t<div  class=\"wpb_single_image wpb_content_element vc_align_center\">\n\t\t\n\t\t<figure class=\"wpb_wrapper vc_figure\">\n\t\t\t<div class=\"vc_single_image-wrapper vc_box_shadow_border  vc_box_border_grey\"><img loading=\"lazy\" decoding=\"async\" width=\"800\" height=\"550\" src=\"https:\/\/shop.bjerring-sales.dk\/wp-content\/uploads\/2020\/10\/every1isnyhet3.jpg\" class=\"vc_single_image-img attachment-full\" alt=\"\" title=\"hver1erny3\" srcset=\"https:\/\/shop.bjerring-sales.dk\/wp-content\/uploads\/2020\/10\/every1isnyhet3.jpg 800w, https:\/\/shop.bjerring-sales.dk\/wp-content\/uploads\/2020\/10\/every1isnyhet3-150x103.jpg 150w, https:\/\/shop.bjerring-sales.dk\/wp-content\/uploads\/2020\/10\/every1isnyhet3-600x413.jpg 600w, https:\/\/shop.bjerring-sales.dk\/wp-content\/uploads\/2020\/10\/every1isnyhet3-300x206.jpg 300w, https:\/\/shop.bjerring-sales.dk\/wp-content\/uploads\/2020\/10\/every1isnyhet3-768x528.jpg 768w\" sizes=\"auto, (max-width: 800px) 100vw, 800px\" \/><\/div>\n\t\t<\/figure>\n\t<\/div>\n<\/div><\/div><\/div><\/div><div class=\"vc_row wpb_row vc_row-fluid\"><div class=\"wpb_column vc_column_container vc_col-sm-6\"><div class=\"vc_column-inner\"><div class=\"wpb_wrapper\">\n\t<div class=\"wpb_text_column wpb_content_element\" >\n\t\t<div class=\"wpb_wrapper\">\n\t\t\t<p><span style=\"font-size: 24pt\">Anvendelsesomr\u00e5der<br \/>\n<\/span>Den sorte kontorstol EVERYis1 passer ind i ethvert kontor. Frem for alt passer det ind i kontorer, der er i konstant forandring. Denne kontorstol er ikke udstyret med hundredvis af h\u00e5ndtag som andre kontorstole. Det er allerede tilpasset under fremstillingen, at det ikke skal tilpasses meget mere af brugeren. Alle sidder behageligt i EVERYis1 kontorstolen, uanset om du er h\u00f8j eller lav, og det er den blevet kendt for. Kontorstolen har et anbefalet max. belastning p\u00e5 120 kg. Stoffet har 100.000 martindales og er ekstremt slidst\u00e6rkt. Alle komponenter er omhyggeligt designet af Interstuhl for at im\u00f8dekomme kravene fra det moderne kontor.<\/p>\n<p><span style=\"font-size: 18pt\">Ergonomi<br \/>\n<\/span>Stolen er designet til at v\u00e6re enkel, men med mulighed for at begr\u00e6nse rygl\u00e6nets h\u00e6ldning til tre positioner. Det er en af grundene til, at EVERYis1 er udstyret med et minimalt antal h\u00e5ndtag og knapper. Det sikrer ogs\u00e5, at den fremragende ergonomi og komfortfunktioner rent faktisk bliver brugt.<\/p>\n<p><span style=\"font-size: 18pt\">M\u00e5l<br \/>\n<\/span>Samlede m\u00e5l: 1145x660x600 mm<br \/>\nS\u00e6deh\u00f8jde: 420-525 mm<br \/>\nS\u00e6debredde: 490 mm<br \/>\nS\u00e6dedybde: 430 mm<\/p>\n<p><a href=\"https:\/\/shop.bjerring-sales.dk\/wp-content\/uploads\/2020\/10\/stol.jpg\"><img loading=\"lazy\" decoding=\"async\" class=\"alignnone size-full wp-image-66163\" src=\"https:\/\/shop.bjerring-sales.dk\/wp-content\/uploads\/2020\/10\/stol.jpg\" alt=\"\" width=\"956\" height=\"184\" srcset=\"https:\/\/shop.bjerring-sales.dk\/wp-content\/uploads\/2020\/10\/stol.jpg 956w, https:\/\/shop.bjerring-sales.dk\/wp-content\/uploads\/2020\/10\/stol-150x29.jpg 150w, https:\/\/shop.bjerring-sales.dk\/wp-content\/uploads\/2020\/10\/stol-600x115.jpg 600w, https:\/\/shop.bjerring-sales.dk\/wp-content\/uploads\/2020\/10\/stol-300x58.jpg 300w, https:\/\/shop.bjerring-sales.dk\/wp-content\/uploads\/2020\/10\/stol-768x148.jpg 768w\" sizes=\"auto, (max-width: 956px) 100vw, 956px\" \/><\/a><\/p>\n\n\t\t<\/div>\n\t<\/div>\n<\/div><\/div><\/div><div class=\"wpb_column vc_column_container vc_col-sm-6\"><div class=\"vc_column-inner\"><div class=\"wpb_wrapper\">\n\t<div class=\"wpb_text_column wpb_content_element\" >\n\t\t<div class=\"wpb_wrapper\">\n\t\t\t<p><span style=\"font-size: 24pt\">Farver<br \/>\n<\/span>Vi har i \u00f8jeblikket EVERYis1 p\u00e5 lager i sort mesh og sort stof. Vil du bestille EVERYis1 eller en af de andre kontorstole i en anden farve? Ved en MOQ p\u00e5 4 kan du specialbestille EVERYis1 i en af de andre farver leveret af Interstuhl.<\/p>\n<p><span style=\"font-size: 18pt\">Garanti<br \/>\n<\/span>10 \u00e5rs garanti<\/p>\n<p><span style=\"font-size: 18pt\">Certificeringer<br \/>\n<\/span>Kvalitetsstyringssystem DIN EN ISO 9001:2008, VO (EG) No. 1221\/2009 (EMAS), Milj\u00f8ledelsessystem DIN EN ISO 14001:2009, OHSAS, EcoVadis guld, Commitment to sustainability. Quality Office, Blue Angel, Bifma e3 level Platinum.<\/p>\n<p><a href=\"https:\/\/shop.bjerring-sales.dk\/wp-content\/uploads\/2020\/10\/cert.jpg\"><img loading=\"lazy\" decoding=\"async\" class=\"alignnone size-full wp-image-66164\" src=\"https:\/\/shop.bjerring-sales.dk\/wp-content\/uploads\/2020\/10\/cert.jpg\" alt=\"\" width=\"1155\" height=\"139\" srcset=\"https:\/\/shop.bjerring-sales.dk\/wp-content\/uploads\/2020\/10\/cert.jpg 1155w, https:\/\/shop.bjerring-sales.dk\/wp-content\/uploads\/2020\/10\/cert-150x18.jpg 150w, https:\/\/shop.bjerring-sales.dk\/wp-content\/uploads\/2020\/10\/cert-600x72.jpg 600w, https:\/\/shop.bjerring-sales.dk\/wp-content\/uploads\/2020\/10\/cert-300x36.jpg 300w, https:\/\/shop.bjerring-sales.dk\/wp-content\/uploads\/2020\/10\/cert-1024x123.jpg 1024w, https:\/\/shop.bjerring-sales.dk\/wp-content\/uploads\/2020\/10\/cert-768x92.jpg 768w\" sizes=\"auto, (max-width: 1155px) 100vw, 1155px\" \/><\/a><\/p>\n\n\t\t<\/div>\n\t<\/div>\n<\/div><\/div><\/div><\/div>\n<\/div>","protected":false},"excerpt":{"rendered":"<p>EVERYis1 er en stilren og moderne kontorstol, der tilpasser sig brugeren i stedet for, at brugeren skal tilpasse sig stolen. Stolen er fyldt med ryg i stof eller mesh. Stoffet har en slidstyrke p\u00e5 100.000 martindale<\/p>","protected":false},"featured_media":100883,"template":"","meta":{"iawp_total_views":8},"product_brand":[],"product_cat":[5791,5629,5826,5827,6349],"product_tag":[5876,5877,5793,5874,5875],"class_list":{"0":"post-98700","1":"product","2":"type-product","3":"status-publish","4":"has-post-thumbnail","6":"product_cat-stolar","7":"product_cat-kontorsmobler","8":"product_cat-skrivbordsstolar","9":"product_cat-kontorsstolar","10":"product_cat-interstuhl","11":"product_tag-interstuhl","12":"product_tag-everyis1","13":"product_tag-ergonomi","14":"product_tag-arbetsstol","15":"product_tag-kontorsstol","17":"first","18":"instock","19":"taxable","20":"shipping-taxable","21":"purchasable","22":"product-type-simple"},"yoast_head":"<!-- This site is optimized with the Yoast SEO plugin v27.0 - https:\/\/yoast.com\/product\/yoast-seo-wordpress\/ -->\n<title>EVERYis1 - Modern kontorsstol i tyg - Bjerring-Sales<\/title>\n<meta name=\"description\" content=\"EVERYis1 \u00e4r en snygg och modern kontorsstol som anpassar sig till anv\u00e4ndaren ist\u00e4llet f\u00f6r att anv\u00e4ndaren ska anpassa sig till stolen. Stolen lagerh\u00e5lls med rygg i tyg eller mesh. Tyget har en slitstyrka p\u00e5 100,000 martindales.\" \/>\n<meta name=\"robots\" content=\"index, follow, max-snippet:-1, max-image-preview:large, max-video-preview:-1\" \/>\n<link rel=\"canonical\" href=\"https:\/\/shop.bjerring-sales.dk\/da\/vare\/everyis1-kontorsstol\/\" \/>\n<meta property=\"og:locale\" content=\"da_DK\" \/>\n<meta property=\"og:type\" content=\"article\" \/>\n<meta property=\"og:title\" content=\"EVERYis1 \u2013 En kontorsstol f\u00f6r det moderna kontoret\" \/>\n<meta property=\"og:description\" content=\"EVERYis1 \u00e4r en snygg och modern kontorsstol som anpassar sig till anv\u00e4ndaren ist\u00e4llet f\u00f6r att anv\u00e4ndaren ska anpassa sig till stolen. Stolen lagerh\u00e5lls med rygg i tyg eller mesh. Tyget har en slitstyrka p\u00e5 100,000 martindales.\" \/>\n<meta property=\"og:url\" content=\"https:\/\/shop.bjerring-sales.dk\/da\/vare\/everyis1-kontorsstol\/\" \/>\n<meta property=\"og:site_name\" content=\"Bjerring-Sales\" \/>\n<meta property=\"article:modified_time\" content=\"2025-10-13T09:51:22+00:00\" \/>\n<meta property=\"og:image\" content=\"https:\/\/shop.bjerring-sales.dk\/wp-content\/uploads\/2020\/10\/every1isnyhet3.jpg\" \/>\n\t<meta property=\"og:image:width\" content=\"800\" \/>\n\t<meta property=\"og:image:height\" content=\"550\" \/>\n\t<meta property=\"og:image:type\" content=\"image\/jpeg\" \/>\n<meta name=\"twitter:card\" content=\"summary_large_image\" \/>\n<meta name=\"twitter:title\" content=\"EVERYis1 \u2013 En kontorsstol f\u00f6r det moderna kontoret\" \/>\n<meta name=\"twitter:description\" content=\"EVERYis1 \u00e4r en snygg och modern kontorsstol som anpassar sig till anv\u00e4ndaren ist\u00e4llet f\u00f6r att anv\u00e4ndaren ska anpassa sig till stolen. Stolen lagerh\u00e5lls med rygg i tyg eller mesh. Tyget har en slitstyrka p\u00e5 100,000 martindales.\" \/>\n<meta name=\"twitter:image\" content=\"https:\/\/shop.bjerring-sales.dk\/wp-content\/uploads\/2020\/10\/every1isnyhet3.jpg\" \/>\n<meta name=\"twitter:label1\" content=\"Estimeret l\u00e6setid\" \/>\n\t<meta name=\"twitter:data1\" content=\"3 minutter\" \/>\n<script type=\"application\/ld+json\" class=\"yoast-schema-graph\">{\"@context\":\"https:\/\/schema.org\",\"@graph\":[{\"@type\":\"WebPage\",\"@id\":\"https:\/\/shop.bjerring-sales.dk\/sv\/produkt\/everyis1-kontorsstol\/\",\"url\":\"https:\/\/shop.bjerring-sales.dk\/sv\/produkt\/everyis1-kontorsstol\/\",\"name\":\"EVERYis1 - Modern kontorsstol i tyg - Bjerring-Sales\",\"isPartOf\":{\"@id\":\"https:\/\/shop.bjerring-sales.dk\/#website\"},\"primaryImageOfPage\":{\"@id\":\"https:\/\/shop.bjerring-sales.dk\/sv\/produkt\/everyis1-kontorsstol\/#primaryimage\"},\"image\":{\"@id\":\"https:\/\/shop.bjerring-sales.dk\/sv\/produkt\/everyis1-kontorsstol\/#primaryimage\"},\"thumbnailUrl\":\"https:\/\/shop.bjerring-sales.dk\/wp-content\/uploads\/2025\/09\/10453198_S1-800px-gemini.jpg\",\"datePublished\":\"2019-08-20T07:48:33+00:00\",\"dateModified\":\"2025-10-13T09:51:22+00:00\",\"description\":\"EVERYis1 \u00e4r en snygg och modern kontorsstol som anpassar sig till anv\u00e4ndaren ist\u00e4llet f\u00f6r att anv\u00e4ndaren ska anpassa sig till stolen. Stolen lagerh\u00e5lls med rygg i tyg eller mesh. Tyget har en slitstyrka p\u00e5 100,000 martindales.\",\"breadcrumb\":{\"@id\":\"https:\/\/shop.bjerring-sales.dk\/sv\/produkt\/everyis1-kontorsstol\/#breadcrumb\"},\"inLanguage\":\"da-DK\",\"potentialAction\":[{\"@type\":\"ReadAction\",\"target\":[\"https:\/\/shop.bjerring-sales.dk\/sv\/produkt\/everyis1-kontorsstol\/\"]}]},{\"@type\":\"ImageObject\",\"inLanguage\":\"da-DK\",\"@id\":\"https:\/\/shop.bjerring-sales.dk\/sv\/produkt\/everyis1-kontorsstol\/#primaryimage\",\"url\":\"https:\/\/shop.bjerring-sales.dk\/wp-content\/uploads\/2025\/09\/10453198_S1-800px-gemini.jpg\",\"contentUrl\":\"https:\/\/shop.bjerring-sales.dk\/wp-content\/uploads\/2025\/09\/10453198_S1-800px-gemini.jpg\",\"width\":1024,\"height\":1024},{\"@type\":\"BreadcrumbList\",\"@id\":\"https:\/\/shop.bjerring-sales.dk\/sv\/produkt\/everyis1-kontorsstol\/#breadcrumb\",\"itemListElement\":[{\"@type\":\"ListItem\",\"position\":1,\"name\":\"Hem\",\"item\":\"https:\/\/shop.bjerring-sales.dk\/\"},{\"@type\":\"ListItem\",\"position\":2,\"name\":\"Webbutik\",\"item\":\"https:\/\/shop.bjerring-sales.dk\/butik\/\"},{\"@type\":\"ListItem\",\"position\":3,\"name\":\"EVERYis1 &#8211; Modern kontorsstol i tyg\"}]},{\"@type\":\"WebSite\",\"@id\":\"https:\/\/shop.bjerring-sales.dk\/#website\",\"url\":\"https:\/\/shop.bjerring-sales.dk\/\",\"name\":\"Bjerring-Sales\",\"description\":\"M\u00f6bler f\u00f6r teatrar, skolor, kontor och k\u00f6pcentrum\",\"publisher\":{\"@id\":\"https:\/\/shop.bjerring-sales.dk\/#organization\"},\"potentialAction\":[{\"@type\":\"SearchAction\",\"target\":{\"@type\":\"EntryPoint\",\"urlTemplate\":\"https:\/\/shop.bjerring-sales.dk\/?s={search_term_string}\"},\"query-input\":{\"@type\":\"PropertyValueSpecification\",\"valueRequired\":true,\"valueName\":\"search_term_string\"}}],\"inLanguage\":\"da-DK\"},{\"@type\":\"Organization\",\"@id\":\"https:\/\/shop.bjerring-sales.dk\/#organization\",\"name\":\"Bjerring-Sales\",\"url\":\"https:\/\/shop.bjerring-sales.dk\/\",\"logo\":{\"@type\":\"ImageObject\",\"inLanguage\":\"da-DK\",\"@id\":\"https:\/\/shop.bjerring-sales.dk\/#\/schema\/logo\/image\/\",\"url\":\"https:\/\/shop.bjerring-sales.dk\/wp-content\/uploads\/2023\/01\/logo_sv.png\",\"contentUrl\":\"https:\/\/shop.bjerring-sales.dk\/wp-content\/uploads\/2023\/01\/logo_sv.png\",\"width\":195,\"height\":68,\"caption\":\"Bjerring-Sales\"},\"image\":{\"@id\":\"https:\/\/shop.bjerring-sales.dk\/#\/schema\/logo\/image\/\"}}]}<\/script>\n<!-- \/ Yoast SEO plugin. -->","yoast_head_json":{"title":"EVERYis1 - Modern kontorsstol i tyg - Bjerring-Sales","description":"EVERYis1 er en stilren og moderne kontorstol, der tilpasser sig brugeren i stedet for, at brugeren skal tilpasse sig stolen. Stolen er fyldt med ryg i stof eller mesh. Stoffet har en slidstyrke p\u00e5 100.000 martindale.","robots":{"index":"index","follow":"follow","max-snippet":"max-snippet:-1","max-image-preview":"max-image-preview:large","max-video-preview":"max-video-preview:-1"},"canonical":"https:\/\/shop.bjerring-sales.dk\/da\/vare\/everyis1-kontorsstol\/","og_locale":"da_DK","og_type":"article","og_title":"EVERYis1 \u2013 En kontorsstol f\u00f6r det moderna kontoret","og_description":"EVERYis1 \u00e4r en snygg och modern kontorsstol som anpassar sig till anv\u00e4ndaren ist\u00e4llet f\u00f6r att anv\u00e4ndaren ska anpassa sig till stolen. Stolen lagerh\u00e5lls med rygg i tyg eller mesh. Tyget har en slitstyrka p\u00e5 100,000 martindales.","og_url":"https:\/\/shop.bjerring-sales.dk\/da\/vare\/everyis1-kontorsstol\/","og_site_name":"Bjerring-Sales","article_modified_time":"2025-10-13T09:51:22+00:00","og_image":[{"width":800,"height":550,"url":"https:\/\/shop.bjerring-sales.dk\/wp-content\/uploads\/2020\/10\/every1isnyhet3.jpg","type":"image\/jpeg"}],"twitter_card":"summary_large_image","twitter_title":"EVERYis1 \u2013 En kontorsstol f\u00f6r det moderna kontoret","twitter_description":"EVERYis1 \u00e4r en snygg och modern kontorsstol som anpassar sig till anv\u00e4ndaren ist\u00e4llet f\u00f6r att anv\u00e4ndaren ska anpassa sig till stolen. Stolen lagerh\u00e5lls med rygg i tyg eller mesh. Tyget har en slitstyrka p\u00e5 100,000 martindales.","twitter_image":"https:\/\/shop.bjerring-sales.dk\/wp-content\/uploads\/2020\/10\/every1isnyhet3.jpg","twitter_misc":{"Estimeret l\u00e6setid":"3 minutter"},"schema":{"@context":"https:\/\/schema.org","@graph":[{"@type":"WebPage","@id":"https:\/\/shop.bjerring-sales.dk\/sv\/produkt\/everyis1-kontorsstol\/","url":"https:\/\/shop.bjerring-sales.dk\/sv\/produkt\/everyis1-kontorsstol\/","name":"EVERYis1 - Modern kontorsstol i tyg - Bjerring-Sales","isPartOf":{"@id":"https:\/\/shop.bjerring-sales.dk\/#website"},"primaryImageOfPage":{"@id":"https:\/\/shop.bjerring-sales.dk\/sv\/produkt\/everyis1-kontorsstol\/#primaryimage"},"image":{"@id":"https:\/\/shop.bjerring-sales.dk\/sv\/produkt\/everyis1-kontorsstol\/#primaryimage"},"thumbnailUrl":"https:\/\/shop.bjerring-sales.dk\/wp-content\/uploads\/2025\/09\/10453198_S1-800px-gemini.jpg","datePublished":"2019-08-20T07:48:33+00:00","dateModified":"2025-10-13T09:51:22+00:00","description":"EVERYis1 er en stilren og moderne kontorstol, der tilpasser sig brugeren i stedet for, at brugeren skal tilpasse sig stolen. Stolen er fyldt med ryg i stof eller mesh. Stoffet har en slidstyrke p\u00e5 100.000 martindale.","breadcrumb":{"@id":"https:\/\/shop.bjerring-sales.dk\/sv\/produkt\/everyis1-kontorsstol\/#breadcrumb"},"inLanguage":"da-DK","potentialAction":[{"@type":"ReadAction","target":["https:\/\/shop.bjerring-sales.dk\/sv\/produkt\/everyis1-kontorsstol\/"]}]},{"@type":"ImageObject","inLanguage":"da-DK","@id":"https:\/\/shop.bjerring-sales.dk\/sv\/produkt\/everyis1-kontorsstol\/#primaryimage","url":"https:\/\/shop.bjerring-sales.dk\/wp-content\/uploads\/2025\/09\/10453198_S1-800px-gemini.jpg","contentUrl":"https:\/\/shop.bjerring-sales.dk\/wp-content\/uploads\/2025\/09\/10453198_S1-800px-gemini.jpg","width":1024,"height":1024},{"@type":"BreadcrumbList","@id":"https:\/\/shop.bjerring-sales.dk\/sv\/produkt\/everyis1-kontorsstol\/#breadcrumb","itemListElement":[{"@type":"ListItem","position":1,"name":"Hem","item":"https:\/\/shop.bjerring-sales.dk\/"},{"@type":"ListItem","position":2,"name":"Webbutik","item":"https:\/\/shop.bjerring-sales.dk\/butik\/"},{"@type":"ListItem","position":3,"name":"EVERYis1 &#8211; Modern kontorsstol i tyg"}]},{"@type":"WebSite","@id":"https:\/\/shop.bjerring-sales.dk\/#website","url":"https:\/\/shop.bjerring-sales.dk\/","name":"Bjerring-Salg","description":"M\u00f8bler til teatre, skoler, kontorer og indk\u00f8bscentre","publisher":{"@id":"https:\/\/shop.bjerring-sales.dk\/#organization"},"potentialAction":[{"@type":"SearchAction","target":{"@type":"EntryPoint","urlTemplate":"https:\/\/shop.bjerring-sales.dk\/?s={search_term_string}"},"query-input":{"@type":"PropertyValueSpecification","valueRequired":true,"valueName":"search_term_string"}}],"inLanguage":"da-DK"},{"@type":"Organization","@id":"https:\/\/shop.bjerring-sales.dk\/#organization","name":"Bjerring-Salg","url":"https:\/\/shop.bjerring-sales.dk\/","logo":{"@type":"ImageObject","inLanguage":"da-DK","@id":"https:\/\/shop.bjerring-sales.dk\/#\/schema\/logo\/image\/","url":"https:\/\/shop.bjerring-sales.dk\/wp-content\/uploads\/2023\/01\/logo_sv.png","contentUrl":"https:\/\/shop.bjerring-sales.dk\/wp-content\/uploads\/2023\/01\/logo_sv.png","width":195,"height":68,"caption":"Bjerring-Sales"},"image":{"@id":"https:\/\/shop.bjerring-sales.dk\/#\/schema\/logo\/image\/"}}]}},"_links":{"self":[{"href":"https:\/\/shop.bjerring-sales.dk\/da\/wp-json\/wp\/v2\/product\/98700","targetHints":{"allow":["GET"]}}],"collection":[{"href":"https:\/\/shop.bjerring-sales.dk\/da\/wp-json\/wp\/v2\/product"}],"about":[{"href":"https:\/\/shop.bjerring-sales.dk\/da\/wp-json\/wp\/v2\/types\/product"}],"wp:featuredmedia":[{"embeddable":true,"href":"https:\/\/shop.bjerring-sales.dk\/da\/wp-json\/wp\/v2\/media\/100883"}],"wp:attachment":[{"href":"https:\/\/shop.bjerring-sales.dk\/da\/wp-json\/wp\/v2\/media?parent=98700"}],"wp:term":[{"taxonomy":"product_brand","embeddable":true,"href":"https:\/\/shop.bjerring-sales.dk\/da\/wp-json\/wp\/v2\/product_brand?post=98700"},{"taxonomy":"product_cat","embeddable":true,"href":"https:\/\/shop.bjerring-sales.dk\/da\/wp-json\/wp\/v2\/product_cat?post=98700"},{"taxonomy":"product_tag","embeddable":true,"href":"https:\/\/shop.bjerring-sales.dk\/da\/wp-json\/wp\/v2\/product_tag?post=98700"}],"curies":[{"name":"wp","href":"https:\/\/api.w.org\/{rel}","templated":true}]}}