{"id":98654,"date":"2022-02-23T14:44:01","date_gmt":"2022-02-23T13:44:01","guid":{"rendered":"https:\/\/shop.bjerring-sales.dk\/sv\/produkt\/monitorarm-easy-for-2-skarmar-3\/"},"modified":"2026-02-28T19:55:51","modified_gmt":"2026-02-28T18:55:51","slug":"monitorarm-easy-for-2-skarmar","status":"publish","type":"product","link":"https:\/\/shop.bjerring-sales.dk\/da\/vare\/monitorarm-easy-for-2-skarmar\/","title":{"rendered":"Monitor arm EASY til 2 sk\u00e6rme"},"content":{"rendered":"<div class=\"wpb-content-wrapper\"><div class=\"vc_row wpb_row vc_row-fluid\"><div class=\"wpb_column vc_column_container vc_col-sm-12\"><div class=\"vc_column-inner\"><div class=\"wpb_wrapper\">\n\t<div class=\"wpb_text_column wpb_content_element\" >\n\t\t<div class=\"wpb_wrapper\">\n\t\t\t<p style=\"text-align: left;\"><span style=\"font-size: 24pt;\">Monitor armen EASY holder dine sk\u00e6rme p\u00e5 plads!<br \/>\n<\/span>Stativet har 2 sammenkoblede arme, der kan b\u00e6re 2 sk\u00e6rme med en anbefalet maks. belastning p\u00e5 2-9 kg, hvilket normalt er de mest almindelige st\u00f8rrelser p\u00e5 et kontor. En forholdsvis moderne sk\u00e6rm p\u00e5 32&quot; vejer lige under 4 kg. Armene har et gasfjedersystem, hvilket betyder, at du nemt kan justere sk\u00e6rmen til den \u00f8nskede position for den bedst mulige vinkel. Med en hovedrotation p\u00e5 360\u00b0 og god h\u00e6ldning b\u00e5de op og ned giver EASY sk\u00e6rmholderen brugeren stor frihed.<\/p>\n\n\t\t<\/div>\n\t<\/div>\n<\/div><\/div><\/div><\/div><div class=\"vc_row wpb_row vc_row-fluid\"><div class=\"wpb_column vc_column_container vc_col-sm-4\"><div class=\"vc_column-inner\"><div class=\"wpb_wrapper\">\n\t<div  class=\"wpb_single_image wpb_content_element vc_align_center\">\n\t\t\n\t\t<figure class=\"wpb_wrapper vc_figure\">\n\t\t\t<div class=\"vc_single_image-wrapper vc_box_shadow_border  vc_box_border_grey\"><img loading=\"lazy\" decoding=\"async\" width=\"800\" height=\"550\" src=\"https:\/\/shop.bjerring-sales.dk\/wp-content\/uploads\/2022\/02\/Monitorarm-UDM-25-Scene-03-1.jpg\" class=\"vc_single_image-img attachment-full\" alt=\"\" title=\"Monitorarm-UDM-25-Scene-03\" srcset=\"https:\/\/shop.bjerring-sales.dk\/wp-content\/uploads\/2022\/02\/Monitorarm-UDM-25-Scene-03-1.jpg 800w, https:\/\/shop.bjerring-sales.dk\/wp-content\/uploads\/2022\/02\/Monitorarm-UDM-25-Scene-03-1-150x103.jpg 150w, https:\/\/shop.bjerring-sales.dk\/wp-content\/uploads\/2022\/02\/Monitorarm-UDM-25-Scene-03-1-600x413.jpg 600w, https:\/\/shop.bjerring-sales.dk\/wp-content\/uploads\/2022\/02\/Monitorarm-UDM-25-Scene-03-1-300x206.jpg 300w, https:\/\/shop.bjerring-sales.dk\/wp-content\/uploads\/2022\/02\/Monitorarm-UDM-25-Scene-03-1-768x528.jpg 768w, https:\/\/shop.bjerring-sales.dk\/wp-content\/uploads\/2022\/02\/Monitorarm-UDM-25-Scene-03-1-18x12.jpg 18w\" sizes=\"auto, (max-width: 800px) 100vw, 800px\" \/><\/div>\n\t\t<\/figure>\n\t<\/div>\n<\/div><\/div><\/div><div class=\"wpb_column vc_column_container vc_col-sm-4\"><div class=\"vc_column-inner\"><div class=\"wpb_wrapper\">\n\t<div  class=\"wpb_single_image wpb_content_element vc_align_center\">\n\t\t\n\t\t<figure class=\"wpb_wrapper vc_figure\">\n\t\t\t<div class=\"vc_single_image-wrapper vc_box_shadow_border  vc_box_border_grey\"><img loading=\"lazy\" decoding=\"async\" width=\"800\" height=\"550\" src=\"https:\/\/shop.bjerring-sales.dk\/wp-content\/uploads\/2022\/02\/Monitorarm-UDM-25-Scene-01-1.jpg\" class=\"vc_single_image-img attachment-full\" alt=\"\" title=\"Monitorarm-UDM-25-Scene-01\" srcset=\"https:\/\/shop.bjerring-sales.dk\/wp-content\/uploads\/2022\/02\/Monitorarm-UDM-25-Scene-01-1.jpg 800w, https:\/\/shop.bjerring-sales.dk\/wp-content\/uploads\/2022\/02\/Monitorarm-UDM-25-Scene-01-1-150x103.jpg 150w, https:\/\/shop.bjerring-sales.dk\/wp-content\/uploads\/2022\/02\/Monitorarm-UDM-25-Scene-01-1-600x413.jpg 600w, https:\/\/shop.bjerring-sales.dk\/wp-content\/uploads\/2022\/02\/Monitorarm-UDM-25-Scene-01-1-300x206.jpg 300w, https:\/\/shop.bjerring-sales.dk\/wp-content\/uploads\/2022\/02\/Monitorarm-UDM-25-Scene-01-1-768x528.jpg 768w, https:\/\/shop.bjerring-sales.dk\/wp-content\/uploads\/2022\/02\/Monitorarm-UDM-25-Scene-01-1-18x12.jpg 18w\" sizes=\"auto, (max-width: 800px) 100vw, 800px\" \/><\/div>\n\t\t<\/figure>\n\t<\/div>\n<\/div><\/div><\/div><div class=\"wpb_column vc_column_container vc_col-sm-4\"><div class=\"vc_column-inner\"><div class=\"wpb_wrapper\">\n\t<div  class=\"wpb_single_image wpb_content_element vc_align_center\">\n\t\t\n\t\t<figure class=\"wpb_wrapper vc_figure\">\n\t\t\t<div class=\"vc_single_image-wrapper vc_box_shadow_border  vc_box_border_grey\"><img loading=\"lazy\" decoding=\"async\" width=\"800\" height=\"550\" src=\"https:\/\/shop.bjerring-sales.dk\/wp-content\/uploads\/2022\/02\/monitorarm_easy_miljo_1.jpg\" class=\"vc_single_image-img attachment-full\" alt=\"\" title=\"monitorarm_easy_miljo_1\" srcset=\"https:\/\/shop.bjerring-sales.dk\/wp-content\/uploads\/2022\/02\/monitorarm_easy_miljo_1.jpg 800w, https:\/\/shop.bjerring-sales.dk\/wp-content\/uploads\/2022\/02\/monitorarm_easy_miljo_1-150x103.jpg 150w, https:\/\/shop.bjerring-sales.dk\/wp-content\/uploads\/2022\/02\/monitorarm_easy_miljo_1-600x413.jpg 600w, https:\/\/shop.bjerring-sales.dk\/wp-content\/uploads\/2022\/02\/monitorarm_easy_miljo_1-300x206.jpg 300w, https:\/\/shop.bjerring-sales.dk\/wp-content\/uploads\/2022\/02\/monitorarm_easy_miljo_1-768x528.jpg 768w, https:\/\/shop.bjerring-sales.dk\/wp-content\/uploads\/2022\/02\/monitorarm_easy_miljo_1-18x12.jpg 18w\" sizes=\"auto, (max-width: 800px) 100vw, 800px\" \/><\/div>\n\t\t<\/figure>\n\t<\/div>\n<\/div><\/div><\/div><\/div><div class=\"vc_row wpb_row vc_row-fluid\"><div class=\"wpb_column vc_column_container vc_col-sm-12\"><div class=\"vc_column-inner\"><div class=\"wpb_wrapper\">\n\t<div class=\"wpb_text_column wpb_content_element vc_custom_1631139868961\" >\n\t\t<div class=\"wpb_wrapper\">\n\t\t\t<p style=\"text-align: left;\"><span style=\"font-size: 18pt;\">Specifikationer<\/span><\/p>\n\n\t\t<\/div>\n\t<\/div>\n<div class=\"vc_separator wpb_content_element vc_separator_align_center vc_sep_width_100 vc_sep_pos_align_center vc_separator_no_text vc_sep_color_grey\" ><span class=\"vc_sep_holder vc_sep_holder_l\"><span class=\"vc_sep_line\"><\/span><\/span><span class=\"vc_sep_holder vc_sep_holder_r\"><span class=\"vc_sep_line\"><\/span><\/span>\n<\/div><\/div><\/div><\/div><\/div><div class=\"vc_row wpb_row vc_row-fluid\"><div class=\"wpb_column vc_column_container vc_col-sm-6\"><div class=\"vc_column-inner\"><div class=\"wpb_wrapper\">\n\t<div class=\"wpb_text_column wpb_content_element\" >\n\t\t<div class=\"wpb_wrapper\">\n\t\t\t<ul>\n<li>VESA-beslag med hurtigudl\u00f8ser til to sk\u00e6rme<\/li>\n<li>VESA: 100x100MM, 75x75MM<\/li>\n<li>Hoveddrejning: 360\u00b0<\/li>\n<li>Sk\u00e6rmst\u00f8rrelse: 17\u201d-32\u201d<\/li>\n<li>Maks. belastning: 2-9 kg<\/li>\n<li>Tilt: 90\u00b0 op, 15\u00b0 ned<\/li>\n<li>Materiale: aluminium<\/li>\n<li>Kabelstyring<\/li>\n<li>Farve: Sort<\/li>\n<li>V\u00e6gt: 20,4 kg<\/li>\n<\/ul>\n\n\t\t<\/div>\n\t<\/div>\n<\/div><\/div><\/div><div class=\"wpb_column vc_column_container vc_col-sm-6\"><div class=\"vc_column-inner\"><div class=\"wpb_wrapper\">\n\t<div class=\"wpb_text_column wpb_content_element\" >\n\t\t<div class=\"wpb_wrapper\">\n\t\t\t<p><a href=\"https:\/\/shop.bjerring-sales.dk\/wp-content\/uploads\/2022\/02\/Monitorarm-UDM-E25-line-drawing-1.jpg\"><img loading=\"lazy\" decoding=\"async\" class=\"alignnone size-full wp-image-100233\" src=\"https:\/\/shop.bjerring-sales.dk\/wp-content\/uploads\/2022\/02\/Monitorarm-UDM-E25-line-drawing-1.jpg\" alt=\"\" width=\"800\" height=\"550\" srcset=\"https:\/\/shop.bjerring-sales.dk\/wp-content\/uploads\/2022\/02\/Monitorarm-UDM-E25-line-drawing-1.jpg 800w, https:\/\/shop.bjerring-sales.dk\/wp-content\/uploads\/2022\/02\/Monitorarm-UDM-E25-line-drawing-1-150x103.jpg 150w, https:\/\/shop.bjerring-sales.dk\/wp-content\/uploads\/2022\/02\/Monitorarm-UDM-E25-line-drawing-1-600x413.jpg 600w, https:\/\/shop.bjerring-sales.dk\/wp-content\/uploads\/2022\/02\/Monitorarm-UDM-E25-line-drawing-1-300x206.jpg 300w, https:\/\/shop.bjerring-sales.dk\/wp-content\/uploads\/2022\/02\/Monitorarm-UDM-E25-line-drawing-1-768x528.jpg 768w, https:\/\/shop.bjerring-sales.dk\/wp-content\/uploads\/2022\/02\/Monitorarm-UDM-E25-line-drawing-1-18x12.jpg 18w\" sizes=\"auto, (max-width: 800px) 100vw, 800px\" \/><\/a><\/p>\n\n\t\t<\/div>\n\t<\/div>\n<\/div><\/div><\/div><\/div>\n<\/div>","protected":false},"excerpt":{"rendered":"<p>Den hvide sk\u00e6rmarm EASY har 2 sammenkoblede arme, der kan b\u00e6re 2 sk\u00e6rme med en anbefalet maks. belastning p\u00e5 2-9 kg. Sk\u00e6rmholderne fungerer godt til sk\u00e6rme p\u00e5 17-32 tommer, som normalt er de mest almindelige st\u00f8rrelser p\u00e5 et almindeligt kontor. En rimelig moderne sk\u00e6rm p\u00e5 32 tommer vejer lige under 4 kg.<\/p>","protected":false},"featured_media":101100,"template":"","meta":{"iawp_total_views":1},"product_brand":[],"product_cat":[5785,6353,5870,5804],"product_tag":[6023,5795,5872],"class_list":{"0":"post-98654","1":"product","2":"type-product","3":"status-publish","4":"has-post-thumbnail","6":"product_cat-hemmakontor","7":"product_cat-up-down-easy","8":"product_cat-monitorarmar","9":"product_cat-tillbehor-bord","10":"product_tag-monitorarm-easy","11":"product_tag-skarmhallare","12":"product_tag-displayhallare-2-skarmar","14":"first","15":"instock","16":"taxable","17":"shipping-taxable","18":"purchasable","19":"product-type-variable"},"yoast_head":"<!-- This site is optimized with the Yoast SEO plugin v27.0 - https:\/\/yoast.com\/product\/yoast-seo-wordpress\/ -->\n<title>Monitorarm EASY f\u00f6r 2 sk\u00e4rmar - Bjerring-Sales<\/title>\n<meta name=\"description\" content=\"Monitorarmen EASY har 2 sammankopplade armar f\u00f6r att kunna b\u00e4ra 2 displaysk\u00e4rmar med en rek. max. belastning p\u00e5 2-9 kg eller 17-32 tum.\" \/>\n<meta name=\"robots\" content=\"index, follow, max-snippet:-1, max-image-preview:large, max-video-preview:-1\" \/>\n<link rel=\"canonical\" href=\"https:\/\/shop.bjerring-sales.dk\/da\/product\/monitorarm-easy-for-2-skarmar\/\" \/>\n<meta property=\"og:locale\" content=\"da_DK\" \/>\n<meta property=\"og:type\" content=\"article\" \/>\n<meta property=\"og:title\" content=\"Monitorarmen EASY h\u00e5ller dina sk\u00e4rmar p\u00e5 plats!\" \/>\n<meta property=\"og:description\" content=\"Monitorarmen EASY har 2 sammankopplade armar f\u00f6r att kunna b\u00e4ra 2 displaysk\u00e4rmar med en rek. max. belastning p\u00e5 2-9 kg eller 17-32 tum.\" \/>\n<meta property=\"og:url\" content=\"https:\/\/shop.bjerring-sales.dk\/da\/product\/monitorarm-easy-for-2-skarmar\/\" \/>\n<meta property=\"og:site_name\" content=\"Bjerring-Sales\" \/>\n<meta property=\"article:modified_time\" content=\"2026-02-28T18:55:51+00:00\" \/>\n<meta property=\"og:image\" content=\"https:\/\/shop.bjerring-sales.dk\/wp-content\/uploads\/2022\/02\/Monitorarm-UDM-25-Scene-03-1.jpg\" \/>\n\t<meta property=\"og:image:width\" content=\"800\" \/>\n\t<meta property=\"og:image:height\" content=\"550\" \/>\n\t<meta property=\"og:image:type\" content=\"image\/jpeg\" \/>\n<meta name=\"twitter:card\" content=\"summary_large_image\" \/>\n<meta name=\"twitter:title\" content=\"Monitorarmen EASY h\u00e5ller dina sk\u00e4rmar p\u00e5 plats!\" \/>\n<meta name=\"twitter:description\" content=\"Monitorarmen EASY har 2 sammankopplade armar f\u00f6r att kunna b\u00e4ra 2 displaysk\u00e4rmar med en rek. max. belastning p\u00e5 2-9 kg eller 17-32 tum.\" \/>\n<meta name=\"twitter:image\" content=\"https:\/\/shop.bjerring-sales.dk\/wp-content\/uploads\/2022\/02\/Monitorarm-UDM-25-Scene-03-1.jpg\" \/>\n<meta name=\"twitter:label1\" content=\"Estimeret l\u00e6setid\" \/>\n\t<meta name=\"twitter:data1\" content=\"2 minutter\" \/>\n<script type=\"application\/ld+json\" class=\"yoast-schema-graph\">{\"@context\":\"https:\/\/schema.org\",\"@graph\":[{\"@type\":\"WebPage\",\"@id\":\"https:\/\/shop.bjerring-sales.dk\/product\/monitorarm-easy-for-2-skarmar\/\",\"url\":\"https:\/\/shop.bjerring-sales.dk\/product\/monitorarm-easy-for-2-skarmar\/\",\"name\":\"Monitorarm EASY f\u00f6r 2 sk\u00e4rmar - Bjerring-Sales\",\"isPartOf\":{\"@id\":\"https:\/\/shop.bjerring-sales.dk\/#website\"},\"primaryImageOfPage\":{\"@id\":\"https:\/\/shop.bjerring-sales.dk\/product\/monitorarm-easy-for-2-skarmar\/#primaryimage\"},\"image\":{\"@id\":\"https:\/\/shop.bjerring-sales.dk\/product\/monitorarm-easy-for-2-skarmar\/#primaryimage\"},\"thumbnailUrl\":\"https:\/\/shop.bjerring-sales.dk\/wp-content\/uploads\/2026\/01\/monitorarm_easy_7-1.jpg\",\"datePublished\":\"2022-02-23T13:44:01+00:00\",\"dateModified\":\"2026-02-28T18:55:51+00:00\",\"description\":\"Monitorarmen EASY har 2 sammankopplade armar f\u00f6r att kunna b\u00e4ra 2 displaysk\u00e4rmar med en rek. max. belastning p\u00e5 2-9 kg eller 17-32 tum.\",\"breadcrumb\":{\"@id\":\"https:\/\/shop.bjerring-sales.dk\/product\/monitorarm-easy-for-2-skarmar\/#breadcrumb\"},\"inLanguage\":\"da-DK\",\"potentialAction\":[{\"@type\":\"ReadAction\",\"target\":[\"https:\/\/shop.bjerring-sales.dk\/product\/monitorarm-easy-for-2-skarmar\/\"]}]},{\"@type\":\"ImageObject\",\"inLanguage\":\"da-DK\",\"@id\":\"https:\/\/shop.bjerring-sales.dk\/product\/monitorarm-easy-for-2-skarmar\/#primaryimage\",\"url\":\"https:\/\/shop.bjerring-sales.dk\/wp-content\/uploads\/2026\/01\/monitorarm_easy_7-1.jpg\",\"contentUrl\":\"https:\/\/shop.bjerring-sales.dk\/wp-content\/uploads\/2026\/01\/monitorarm_easy_7-1.jpg\",\"width\":800,\"height\":800},{\"@type\":\"BreadcrumbList\",\"@id\":\"https:\/\/shop.bjerring-sales.dk\/product\/monitorarm-easy-for-2-skarmar\/#breadcrumb\",\"itemListElement\":[{\"@type\":\"ListItem\",\"position\":1,\"name\":\"Hem\",\"item\":\"https:\/\/shop.bjerring-sales.dk\/\"},{\"@type\":\"ListItem\",\"position\":2,\"name\":\"Webbutik\",\"item\":\"https:\/\/shop.bjerring-sales.dk\/butik\/\"},{\"@type\":\"ListItem\",\"position\":3,\"name\":\"Monitorarm EASY f\u00f6r 2 sk\u00e4rmar\"}]},{\"@type\":\"WebSite\",\"@id\":\"https:\/\/shop.bjerring-sales.dk\/#website\",\"url\":\"https:\/\/shop.bjerring-sales.dk\/\",\"name\":\"Bjerring-Sales\",\"description\":\"M\u00f6bler f\u00f6r teatrar, skolor, kontor och k\u00f6pcentrum\",\"publisher\":{\"@id\":\"https:\/\/shop.bjerring-sales.dk\/#organization\"},\"potentialAction\":[{\"@type\":\"SearchAction\",\"target\":{\"@type\":\"EntryPoint\",\"urlTemplate\":\"https:\/\/shop.bjerring-sales.dk\/?s={search_term_string}\"},\"query-input\":{\"@type\":\"PropertyValueSpecification\",\"valueRequired\":true,\"valueName\":\"search_term_string\"}}],\"inLanguage\":\"da-DK\"},{\"@type\":\"Organization\",\"@id\":\"https:\/\/shop.bjerring-sales.dk\/#organization\",\"name\":\"Bjerring-Sales\",\"url\":\"https:\/\/shop.bjerring-sales.dk\/\",\"logo\":{\"@type\":\"ImageObject\",\"inLanguage\":\"da-DK\",\"@id\":\"https:\/\/shop.bjerring-sales.dk\/#\/schema\/logo\/image\/\",\"url\":\"https:\/\/shop.bjerring-sales.dk\/wp-content\/uploads\/2023\/01\/logo_sv.png\",\"contentUrl\":\"https:\/\/shop.bjerring-sales.dk\/wp-content\/uploads\/2023\/01\/logo_sv.png\",\"width\":195,\"height\":68,\"caption\":\"Bjerring-Sales\"},\"image\":{\"@id\":\"https:\/\/shop.bjerring-sales.dk\/#\/schema\/logo\/image\/\"}}]}<\/script>\n<!-- \/ Yoast SEO plugin. -->","yoast_head_json":{"title":"Monitorarm EASY f\u00f6r 2 sk\u00e4rmar - Bjerring-Sales","description":"Monitorarmen EASY har 2 sammankopplade armar f\u00f6r att kunna b\u00e4ra 2 displaysk\u00e4rmar med en rek. max. belastning p\u00e5 2-9 kg eller 17-32 tum.","robots":{"index":"index","follow":"follow","max-snippet":"max-snippet:-1","max-image-preview":"max-image-preview:large","max-video-preview":"max-video-preview:-1"},"canonical":"https:\/\/shop.bjerring-sales.dk\/da\/product\/monitorarm-easy-for-2-skarmar\/","og_locale":"da_DK","og_type":"article","og_title":"Monitorarmen EASY h\u00e5ller dina sk\u00e4rmar p\u00e5 plats!","og_description":"Monitorarmen EASY har 2 sammankopplade armar f\u00f6r att kunna b\u00e4ra 2 displaysk\u00e4rmar med en rek. max. belastning p\u00e5 2-9 kg eller 17-32 tum.","og_url":"https:\/\/shop.bjerring-sales.dk\/da\/product\/monitorarm-easy-for-2-skarmar\/","og_site_name":"Bjerring-Sales","article_modified_time":"2026-02-28T18:55:51+00:00","og_image":[{"width":800,"height":550,"url":"https:\/\/shop.bjerring-sales.dk\/wp-content\/uploads\/2022\/02\/Monitorarm-UDM-25-Scene-03-1.jpg","type":"image\/jpeg"}],"twitter_card":"summary_large_image","twitter_title":"Monitorarmen EASY h\u00e5ller dina sk\u00e4rmar p\u00e5 plats!","twitter_description":"Monitorarmen EASY har 2 sammankopplade armar f\u00f6r att kunna b\u00e4ra 2 displaysk\u00e4rmar med en rek. max. belastning p\u00e5 2-9 kg eller 17-32 tum.","twitter_image":"https:\/\/shop.bjerring-sales.dk\/wp-content\/uploads\/2022\/02\/Monitorarm-UDM-25-Scene-03-1.jpg","twitter_misc":{"Estimeret l\u00e6setid":"2 minutter"},"schema":{"@context":"https:\/\/schema.org","@graph":[{"@type":"WebPage","@id":"https:\/\/shop.bjerring-sales.dk\/product\/monitorarm-easy-for-2-skarmar\/","url":"https:\/\/shop.bjerring-sales.dk\/product\/monitorarm-easy-for-2-skarmar\/","name":"Monitorarm EASY f\u00f6r 2 sk\u00e4rmar - Bjerring-Sales","isPartOf":{"@id":"https:\/\/shop.bjerring-sales.dk\/#website"},"primaryImageOfPage":{"@id":"https:\/\/shop.bjerring-sales.dk\/product\/monitorarm-easy-for-2-skarmar\/#primaryimage"},"image":{"@id":"https:\/\/shop.bjerring-sales.dk\/product\/monitorarm-easy-for-2-skarmar\/#primaryimage"},"thumbnailUrl":"https:\/\/shop.bjerring-sales.dk\/wp-content\/uploads\/2026\/01\/monitorarm_easy_7-1.jpg","datePublished":"2022-02-23T13:44:01+00:00","dateModified":"2026-02-28T18:55:51+00:00","description":"Monitorarmen EASY har 2 sammankopplade armar f\u00f6r att kunna b\u00e4ra 2 displaysk\u00e4rmar med en rek. max. belastning p\u00e5 2-9 kg eller 17-32 tum.","breadcrumb":{"@id":"https:\/\/shop.bjerring-sales.dk\/product\/monitorarm-easy-for-2-skarmar\/#breadcrumb"},"inLanguage":"da-DK","potentialAction":[{"@type":"ReadAction","target":["https:\/\/shop.bjerring-sales.dk\/product\/monitorarm-easy-for-2-skarmar\/"]}]},{"@type":"ImageObject","inLanguage":"da-DK","@id":"https:\/\/shop.bjerring-sales.dk\/product\/monitorarm-easy-for-2-skarmar\/#primaryimage","url":"https:\/\/shop.bjerring-sales.dk\/wp-content\/uploads\/2026\/01\/monitorarm_easy_7-1.jpg","contentUrl":"https:\/\/shop.bjerring-sales.dk\/wp-content\/uploads\/2026\/01\/monitorarm_easy_7-1.jpg","width":800,"height":800},{"@type":"BreadcrumbList","@id":"https:\/\/shop.bjerring-sales.dk\/product\/monitorarm-easy-for-2-skarmar\/#breadcrumb","itemListElement":[{"@type":"ListItem","position":1,"name":"Hem","item":"https:\/\/shop.bjerring-sales.dk\/"},{"@type":"ListItem","position":2,"name":"Webbutik","item":"https:\/\/shop.bjerring-sales.dk\/butik\/"},{"@type":"ListItem","position":3,"name":"Monitorarm EASY f\u00f6r 2 sk\u00e4rmar"}]},{"@type":"WebSite","@id":"https:\/\/shop.bjerring-sales.dk\/#website","url":"https:\/\/shop.bjerring-sales.dk\/","name":"Bjerring-Salg","description":"M\u00f8bler til teatre, skoler, kontorer og indk\u00f8bscentre","publisher":{"@id":"https:\/\/shop.bjerring-sales.dk\/#organization"},"potentialAction":[{"@type":"SearchAction","target":{"@type":"EntryPoint","urlTemplate":"https:\/\/shop.bjerring-sales.dk\/?s={search_term_string}"},"query-input":{"@type":"PropertyValueSpecification","valueRequired":true,"valueName":"search_term_string"}}],"inLanguage":"da-DK"},{"@type":"Organization","@id":"https:\/\/shop.bjerring-sales.dk\/#organization","name":"Bjerring-Salg","url":"https:\/\/shop.bjerring-sales.dk\/","logo":{"@type":"ImageObject","inLanguage":"da-DK","@id":"https:\/\/shop.bjerring-sales.dk\/#\/schema\/logo\/image\/","url":"https:\/\/shop.bjerring-sales.dk\/wp-content\/uploads\/2023\/01\/logo_sv.png","contentUrl":"https:\/\/shop.bjerring-sales.dk\/wp-content\/uploads\/2023\/01\/logo_sv.png","width":195,"height":68,"caption":"Bjerring-Sales"},"image":{"@id":"https:\/\/shop.bjerring-sales.dk\/#\/schema\/logo\/image\/"}}]}},"_links":{"self":[{"href":"https:\/\/shop.bjerring-sales.dk\/da\/wp-json\/wp\/v2\/product\/98654","targetHints":{"allow":["GET"]}}],"collection":[{"href":"https:\/\/shop.bjerring-sales.dk\/da\/wp-json\/wp\/v2\/product"}],"about":[{"href":"https:\/\/shop.bjerring-sales.dk\/da\/wp-json\/wp\/v2\/types\/product"}],"wp:featuredmedia":[{"embeddable":true,"href":"https:\/\/shop.bjerring-sales.dk\/da\/wp-json\/wp\/v2\/media\/101100"}],"wp:attachment":[{"href":"https:\/\/shop.bjerring-sales.dk\/da\/wp-json\/wp\/v2\/media?parent=98654"}],"wp:term":[{"taxonomy":"product_brand","embeddable":true,"href":"https:\/\/shop.bjerring-sales.dk\/da\/wp-json\/wp\/v2\/product_brand?post=98654"},{"taxonomy":"product_cat","embeddable":true,"href":"https:\/\/shop.bjerring-sales.dk\/da\/wp-json\/wp\/v2\/product_cat?post=98654"},{"taxonomy":"product_tag","embeddable":true,"href":"https:\/\/shop.bjerring-sales.dk\/da\/wp-json\/wp\/v2\/product_tag?post=98654"}],"curies":[{"name":"wp","href":"https:\/\/api.w.org\/{rel}","templated":true}]}}