{"id":98124,"date":"2024-08-08T10:00:37","date_gmt":"2024-08-08T08:00:37","guid":{"rendered":"https:\/\/shop.bjerring-sales.dk\/sv\/produkt\/upis1-stand-up-pall-2\/"},"modified":"2024-10-25T16:34:06","modified_gmt":"2024-10-25T14:34:06","slug":"upis1-stand-up-pall","status":"publish","type":"product","link":"https:\/\/shop.bjerring-sales.dk\/da\/vare\/upis1-stand-up-pall\/","title":{"rendered":"UPis1 Stand-Up \u2013 Balancestol"},"content":{"rendered":"<div class=\"wpb-content-wrapper\"><div class=\"vc_row wpb_row vc_row-fluid\"><div class=\"wpb_column vc_column_container vc_col-sm-12\"><div class=\"vc_column-inner\"><div class=\"wpb_wrapper\">\n\t<div class=\"wpb_text_column wpb_content_element\" >\n\t\t<div class=\"wpb_wrapper\">\n\t\t\t<p><span style=\"font-size: 24pt\">UPis1 Stand-Up 110U er en ergonomisk st\u00e5stol fra Interstuhl<br \/>\n<\/span>Med UPis1 Stand-Up fra Interstuhl kan du nemt f\u00e5 mere bev\u00e6gelse i din hverdag. Den st\u00e5ende ergonomiske balancestol kan bruges til mange form\u00e5l, ved spontane m\u00f8der, p\u00e5 workshops eller under brainstorming. UPis1 Stand-Up er et sp\u00e6ndende alternativ til den klassiske balancestol.<\/p>\n\n\t\t<\/div>\n\t<\/div>\n<\/div><\/div><\/div><\/div><div class=\"vc_row wpb_row vc_row-fluid\"><div class=\"wpb_column vc_column_container vc_col-sm-4\"><div class=\"vc_column-inner\"><div class=\"wpb_wrapper\">\n\t<div  class=\"wpb_single_image wpb_content_element vc_align_center\">\n\t\t\n\t\t<figure class=\"wpb_wrapper vc_figure\">\n\t\t\t<div class=\"vc_single_image-wrapper vc_box_shadow_border  vc_box_border_grey\"><img loading=\"lazy\" decoding=\"async\" width=\"800\" height=\"550\" src=\"https:\/\/shop.bjerring-sales.dk\/wp-content\/uploads\/2024\/08\/UPis1-standup_2.jpg\" class=\"vc_single_image-img attachment-full\" alt=\"\" title=\"UPis1-standup_2\" srcset=\"https:\/\/shop.bjerring-sales.dk\/wp-content\/uploads\/2024\/08\/UPis1-standup_2.jpg 800w, https:\/\/shop.bjerring-sales.dk\/wp-content\/uploads\/2024\/08\/UPis1-standup_2-150x103.jpg 150w, https:\/\/shop.bjerring-sales.dk\/wp-content\/uploads\/2024\/08\/UPis1-standup_2-600x413.jpg 600w, https:\/\/shop.bjerring-sales.dk\/wp-content\/uploads\/2024\/08\/UPis1-standup_2-300x206.jpg 300w, https:\/\/shop.bjerring-sales.dk\/wp-content\/uploads\/2024\/08\/UPis1-standup_2-768x528.jpg 768w, https:\/\/shop.bjerring-sales.dk\/wp-content\/uploads\/2024\/08\/UPis1-standup_2-18x12.jpg 18w\" sizes=\"auto, (max-width: 800px) 100vw, 800px\" \/><\/div>\n\t\t<\/figure>\n\t<\/div>\n<\/div><\/div><\/div><div class=\"wpb_column vc_column_container vc_col-sm-4\"><div class=\"vc_column-inner\"><div class=\"wpb_wrapper\">\n\t<div  class=\"wpb_single_image wpb_content_element vc_align_center\">\n\t\t\n\t\t<figure class=\"wpb_wrapper vc_figure\">\n\t\t\t<div class=\"vc_single_image-wrapper vc_box_shadow_border  vc_box_border_grey\"><img loading=\"lazy\" decoding=\"async\" width=\"800\" height=\"550\" src=\"https:\/\/shop.bjerring-sales.dk\/wp-content\/uploads\/2024\/08\/UPis1-standup_1.jpg\" class=\"vc_single_image-img attachment-full\" alt=\"\" title=\"UPis1-standup_1\" srcset=\"https:\/\/shop.bjerring-sales.dk\/wp-content\/uploads\/2024\/08\/UPis1-standup_1.jpg 800w, https:\/\/shop.bjerring-sales.dk\/wp-content\/uploads\/2024\/08\/UPis1-standup_1-150x103.jpg 150w, https:\/\/shop.bjerring-sales.dk\/wp-content\/uploads\/2024\/08\/UPis1-standup_1-600x413.jpg 600w, https:\/\/shop.bjerring-sales.dk\/wp-content\/uploads\/2024\/08\/UPis1-standup_1-300x206.jpg 300w, https:\/\/shop.bjerring-sales.dk\/wp-content\/uploads\/2024\/08\/UPis1-standup_1-768x528.jpg 768w, https:\/\/shop.bjerring-sales.dk\/wp-content\/uploads\/2024\/08\/UPis1-standup_1-18x12.jpg 18w\" sizes=\"auto, (max-width: 800px) 100vw, 800px\" \/><\/div>\n\t\t<\/figure>\n\t<\/div>\n<\/div><\/div><\/div><div class=\"wpb_column vc_column_container vc_col-sm-4\"><div class=\"vc_column-inner\"><div class=\"wpb_wrapper\">\n\t<div  class=\"wpb_single_image wpb_content_element vc_align_center\">\n\t\t\n\t\t<figure class=\"wpb_wrapper vc_figure\">\n\t\t\t<div class=\"vc_single_image-wrapper vc_box_shadow_border  vc_box_border_grey\"><img loading=\"lazy\" decoding=\"async\" width=\"800\" height=\"550\" src=\"https:\/\/shop.bjerring-sales.dk\/wp-content\/uploads\/2024\/08\/Milieu_Up3.jpg\" class=\"vc_single_image-img attachment-full\" alt=\"\" title=\"Milieu_Up3\" srcset=\"https:\/\/shop.bjerring-sales.dk\/wp-content\/uploads\/2024\/08\/Milieu_Up3.jpg 800w, https:\/\/shop.bjerring-sales.dk\/wp-content\/uploads\/2024\/08\/Milieu_Up3-150x103.jpg 150w, https:\/\/shop.bjerring-sales.dk\/wp-content\/uploads\/2024\/08\/Milieu_Up3-600x413.jpg 600w, https:\/\/shop.bjerring-sales.dk\/wp-content\/uploads\/2024\/08\/Milieu_Up3-300x206.jpg 300w, https:\/\/shop.bjerring-sales.dk\/wp-content\/uploads\/2024\/08\/Milieu_Up3-768x528.jpg 768w, https:\/\/shop.bjerring-sales.dk\/wp-content\/uploads\/2024\/08\/Milieu_Up3-18x12.jpg 18w\" sizes=\"auto, (max-width: 800px) 100vw, 800px\" \/><\/div>\n\t\t<\/figure>\n\t<\/div>\n<\/div><\/div><\/div><\/div><div class=\"vc_row wpb_row vc_row-fluid\"><div class=\"wpb_column vc_column_container vc_col-sm-6\"><div class=\"vc_column-inner\"><div class=\"wpb_wrapper\">\n\t<div class=\"wpb_text_column wpb_content_element\" >\n\t\t<div class=\"wpb_wrapper\">\n\t\t\t<p><span style=\"font-size: 18pt\">Interstuhl \u2013 Med pioner\u00e5nd til succes<\/span><\/p>\n<p>Firmaet blev grundlagt i 1930 af Wilhelm Link som beslagsmed i Tieringen (Baden-W\u00fcrttemberg). P\u00e5 grund af tilbagegangen i hesteholdet efter 2. Verdenskrigs afslutning udviklede Link og hans s\u00f8n Werner en ny forretningsid\u00e9: P\u00e5 grund af manglen p\u00e5 komfortable siddepladser til syersker i tekstilindustrien opfandt duoen passende stole til arbejderne i 1961 og begyndte at fremstille industrielle arbejdsstole. Interstuhl-m\u00e6rket blev lanceret i 1967. Virksomheden, der stadig er familieejet i dag, er nu en af de f\u00f8rende leverand\u00f8rer af industri- og kontorstole og producerer stadig traditionelt i Tyskland. Ved at bruge den nyeste teknologi, altid sammen med en b\u00e6redygtig bevidsthed, skabes fremragende designprodukter med de h\u00f8jeste kvalitetsstandarder.<\/p>\n<p><span style=\"font-size: 18pt\">Specifikationer<\/span><\/p>\n<ul>\n<li>Kontinuerlig s\u00e6deh\u00f8jdejustering via h\u00e5ndledsstrop fra 590 \u2013 845 mm (sikkerhedsgasfjeder). Drejelig top. Fleksibel st\u00e5st\u00f8tte. Praktisk og stilfuld rem til b\u00e5de h\u00f8jdejustering og transport.<\/li>\n<li>S\u00e6dets overflade best\u00e5r af en bl\u00f8d s\u00e6deindsats med skridsikker beskyttelse, basaltgr\u00e5 RAL 7012<\/li>\n<li>S\u00f8jlen\/stellet er lavet af polyamid<\/li>\n<li>Alle materialer er rene og genanvendelige. Produktet er ikke egnet til udend\u00f8rs arealer.<\/li>\n<li>Milj\u00f8venligt<\/li>\n<\/ul>\n<p><span style=\"font-size: 18pt\">Farver<\/span><\/p>\n<ul>\n<li>UPis1 Stand-Up er lagerf\u00f8rt i sort, r\u00f8d, turkis, gul, r\u00e5hvid og laksepink<\/li>\n<\/ul>\n<p><span style=\"font-size: 18pt\">M\u00e5l<\/span><\/p>\n<ul>\n<li>H\u00f8jde: 590 \u2013 845 mm<\/li>\n<li>Bredde: 330 mm<\/li>\n<\/ul>\n\n\t\t<\/div>\n\t<\/div>\n<\/div><\/div><\/div><div class=\"wpb_column vc_column_container vc_col-sm-6\"><div class=\"vc_column-inner\"><div class=\"wpb_wrapper\">\n\t<div class=\"wpb_text_column wpb_content_element\" >\n\t\t<div class=\"wpb_wrapper\">\n\t\t\t<p><span style=\"font-size: 18pt\">V\u00e6gt<\/span><\/p>\n<ul>\n<li>V\u00e6gt: 5 kg<\/li>\n<\/ul>\n<p><span style=\"font-size: 18pt\">Standarder og certificeringer<\/span><\/p>\n<ul>\n<li>Standarder GS-Symbol for testet sikkerhed. LEVEL\u00ae 3 \u2013 platincertificering i overensstemmelse med ANSI\/BIFMA e3 Furniture Sustainability Standard.<\/li>\n<li>Kvalitetsstyringssystem DIN EN ISO 9001:2015, Forordning (EF) nr. 1221\/2009 (EMAS), Milj\u00f8ledelsessystem DIN EN ISO 14001:2015, Sundheds- og sikkerhedsledelsessystem DIN ISO 45001:2018, Energiledelsessystem DIN EN ISO 50001:2018, EcoVadis guld, Forpligtelse til b\u00e6redygtighed. Bl\u00e5 Engel.<\/li>\n<\/ul>\n<p><span style=\"font-size: 18pt\">Garanti<\/span><\/p>\n<ul>\n<li>10 \u00e5rs garanti<\/li>\n<\/ul>\n<p><a href=\"https:\/\/shop.bjerring-sales.dk\/wp-content\/uploads\/2024\/08\/Kollektionsuebersicht_UP.jpg\"><img loading=\"lazy\" decoding=\"async\" class=\"alignnone size-full wp-image-100219\" src=\"https:\/\/shop.bjerring-sales.dk\/wp-content\/uploads\/2024\/08\/Kollektionsuebersicht_UP.jpg\" alt=\"\" width=\"1000\" height=\"438\" srcset=\"https:\/\/shop.bjerring-sales.dk\/wp-content\/uploads\/2024\/08\/Kollektionsuebersicht_UP.jpg 1000w, https:\/\/shop.bjerring-sales.dk\/wp-content\/uploads\/2024\/08\/Kollektionsuebersicht_UP-150x66.jpg 150w, https:\/\/shop.bjerring-sales.dk\/wp-content\/uploads\/2024\/08\/Kollektionsuebersicht_UP-600x263.jpg 600w, https:\/\/shop.bjerring-sales.dk\/wp-content\/uploads\/2024\/08\/Kollektionsuebersicht_UP-300x131.jpg 300w, https:\/\/shop.bjerring-sales.dk\/wp-content\/uploads\/2024\/08\/Kollektionsuebersicht_UP-768x336.jpg 768w, https:\/\/shop.bjerring-sales.dk\/wp-content\/uploads\/2024\/08\/Kollektionsuebersicht_UP-18x8.jpg 18w\" sizes=\"auto, (max-width: 1000px) 100vw, 1000px\" \/><\/a><\/p>\n\n\t\t<\/div>\n\t<\/div>\n<\/div><\/div><\/div><\/div>\n<\/div>","protected":false},"excerpt":{"rendered":"<p>Med UPis1 Stand-Up fra Interstuhl kan du nemt f\u00e5 mere bev\u00e6gelse i din hverdag. Den st\u00e5ende ergonomiske balancestol kan bruges til mange form\u00e5l, ved spontane m\u00f8der, p\u00e5 workshops eller under brainstorming. UPis1 Stand-Up er et sp\u00e6ndende alternativ til den klassiske balancestol. Sort farve<\/p>","protected":false},"featured_media":98122,"template":"","meta":{"iawp_total_views":6},"product_brand":[],"product_cat":[5785,5826,6025,6349,5896],"product_tag":[6319,6320,6321,5876,5950,6031],"class_list":{"0":"post-98124","1":"product","2":"type-product","3":"status-publish","4":"has-post-thumbnail","6":"product_cat-hemmakontor","7":"product_cat-skrivbordsstolar","8":"product_cat-ergonomiskt-sittande","9":"product_cat-interstuhl","10":"product_cat-barstolar","11":"product_tag-upis1-stand-up","12":"product_tag-pall","13":"product_tag-upis1-110u","14":"product_tag-interstuhl","15":"product_tag-balanspall","16":"product_tag-ergonomiskt-sittande","18":"first","19":"instock","20":"taxable","21":"shipping-taxable","22":"purchasable","23":"product-type-variable"},"yoast_head":"<!-- This site is optimized with the Yoast SEO plugin v27.0 - https:\/\/yoast.com\/product\/yoast-seo-wordpress\/ -->\n<title>UPis1 Stand-Up - Pall - Bjerring-Sales<\/title>\n<meta name=\"description\" content=\"Med UPis1 Stand-Up fr\u00e5n Interstuhl kan du p\u00e5 ett enkelt s\u00e4tt f\u00f6ra in mer r\u00f6relse i din vardag. Den st\u00e5ende ergonomiska st\u00e5pallen kan anv\u00e4ndas till m\u00e5nga \u00e4ndam\u00e5l, vid spontana m\u00f6ten, i workshops eller vid brainstorming.\" \/>\n<meta name=\"robots\" content=\"index, follow, max-snippet:-1, max-image-preview:large, max-video-preview:-1\" \/>\n<link rel=\"canonical\" href=\"https:\/\/shop.bjerring-sales.dk\/da\/vare\/upis1-stand-up-pall\/\" \/>\n<meta property=\"og:locale\" content=\"da_DK\" \/>\n<meta property=\"og:type\" content=\"article\" \/>\n<meta property=\"og:title\" content=\"UPis1 Stand-Up \u00e4r en ergonomisk st\u00e5pall\" \/>\n<meta property=\"og:description\" content=\"Med UPis1 Stand-Up fr\u00e5n Interstuhl kan du p\u00e5 ett enkelt s\u00e4tt f\u00f6ra in mer r\u00f6relse i din vardag. Den st\u00e5ende ergonomiska st\u00e5pallen kan anv\u00e4ndas till m\u00e5nga \u00e4ndam\u00e5l, vid spontana m\u00f6ten, i workshops eller vid brainstorming.\" \/>\n<meta property=\"og:url\" content=\"https:\/\/shop.bjerring-sales.dk\/da\/vare\/upis1-stand-up-pall\/\" \/>\n<meta property=\"og:site_name\" content=\"Bjerring-Sales\" \/>\n<meta property=\"article:modified_time\" content=\"2024-10-25T14:34:06+00:00\" \/>\n<meta property=\"og:image\" content=\"https:\/\/shop.bjerring-sales.dk\/wp-content\/uploads\/2024\/08\/UPis1-standup_2.jpg\" \/>\n\t<meta property=\"og:image:width\" content=\"800\" \/>\n\t<meta property=\"og:image:height\" content=\"550\" \/>\n\t<meta property=\"og:image:type\" content=\"image\/jpeg\" \/>\n<meta name=\"twitter:card\" content=\"summary_large_image\" \/>\n<meta name=\"twitter:title\" content=\"UPis1 Stand-Up \u00e4r en ergonomisk st\u00e5pall\" \/>\n<meta name=\"twitter:description\" content=\"Med UPis1 Stand-Up fr\u00e5n Interstuhl kan du p\u00e5 ett enkelt s\u00e4tt f\u00f6ra in mer r\u00f6relse i din vardag. Den st\u00e5ende ergonomiska st\u00e5pallen kan anv\u00e4ndas till m\u00e5nga \u00e4ndam\u00e5l, vid spontana m\u00f6ten, i workshops eller vid brainstorming.\" \/>\n<meta name=\"twitter:image\" content=\"https:\/\/shop.bjerring-sales.dk\/wp-content\/uploads\/2024\/08\/UPis1-standup_2.jpg\" \/>\n<meta name=\"twitter:label1\" content=\"Estimeret l\u00e6setid\" \/>\n\t<meta name=\"twitter:data1\" content=\"2 minutter\" \/>\n<script type=\"application\/ld+json\" class=\"yoast-schema-graph\">{\"@context\":\"https:\/\/schema.org\",\"@graph\":[{\"@type\":\"WebPage\",\"@id\":\"https:\/\/shop.bjerring-sales.dk\/sv\/produkt\/upis1-stand-up-pall\/\",\"url\":\"https:\/\/shop.bjerring-sales.dk\/sv\/produkt\/upis1-stand-up-pall\/\",\"name\":\"UPis1 Stand-Up - Pall - Bjerring-Sales\",\"isPartOf\":{\"@id\":\"https:\/\/shop.bjerring-sales.dk\/#website\"},\"primaryImageOfPage\":{\"@id\":\"https:\/\/shop.bjerring-sales.dk\/sv\/produkt\/upis1-stand-up-pall\/#primaryimage\"},\"image\":{\"@id\":\"https:\/\/shop.bjerring-sales.dk\/sv\/produkt\/upis1-stand-up-pall\/#primaryimage\"},\"thumbnailUrl\":\"https:\/\/shop.bjerring-sales.dk\/wp-content\/uploads\/2024\/08\/UPis1_110U_SMART-WHITE.jpg\",\"datePublished\":\"2024-08-08T08:00:37+00:00\",\"dateModified\":\"2024-10-25T14:34:06+00:00\",\"description\":\"Med UPis1 Stand-Up fr\u00e5n Interstuhl kan du p\u00e5 ett enkelt s\u00e4tt f\u00f6ra in mer r\u00f6relse i din vardag. Den st\u00e5ende ergonomiska st\u00e5pallen kan anv\u00e4ndas till m\u00e5nga \u00e4ndam\u00e5l, vid spontana m\u00f6ten, i workshops eller vid brainstorming.\",\"breadcrumb\":{\"@id\":\"https:\/\/shop.bjerring-sales.dk\/sv\/produkt\/upis1-stand-up-pall\/#breadcrumb\"},\"inLanguage\":\"da-DK\",\"potentialAction\":[{\"@type\":\"ReadAction\",\"target\":[\"https:\/\/shop.bjerring-sales.dk\/sv\/produkt\/upis1-stand-up-pall\/\"]}]},{\"@type\":\"ImageObject\",\"inLanguage\":\"da-DK\",\"@id\":\"https:\/\/shop.bjerring-sales.dk\/sv\/produkt\/upis1-stand-up-pall\/#primaryimage\",\"url\":\"https:\/\/shop.bjerring-sales.dk\/wp-content\/uploads\/2024\/08\/UPis1_110U_SMART-WHITE.jpg\",\"contentUrl\":\"https:\/\/shop.bjerring-sales.dk\/wp-content\/uploads\/2024\/08\/UPis1_110U_SMART-WHITE.jpg\",\"width\":800,\"height\":800},{\"@type\":\"BreadcrumbList\",\"@id\":\"https:\/\/shop.bjerring-sales.dk\/sv\/produkt\/upis1-stand-up-pall\/#breadcrumb\",\"itemListElement\":[{\"@type\":\"ListItem\",\"position\":1,\"name\":\"Hem\",\"item\":\"https:\/\/shop.bjerring-sales.dk\/\"},{\"@type\":\"ListItem\",\"position\":2,\"name\":\"Webbutik\",\"item\":\"https:\/\/shop.bjerring-sales.dk\/butik\/\"},{\"@type\":\"ListItem\",\"position\":3,\"name\":\"UPis1 Stand-Up &#8211; Pall\"}]},{\"@type\":\"WebSite\",\"@id\":\"https:\/\/shop.bjerring-sales.dk\/#website\",\"url\":\"https:\/\/shop.bjerring-sales.dk\/\",\"name\":\"Bjerring-Sales\",\"description\":\"M\u00f6bler f\u00f6r teatrar, skolor, kontor och k\u00f6pcentrum\",\"publisher\":{\"@id\":\"https:\/\/shop.bjerring-sales.dk\/#organization\"},\"potentialAction\":[{\"@type\":\"SearchAction\",\"target\":{\"@type\":\"EntryPoint\",\"urlTemplate\":\"https:\/\/shop.bjerring-sales.dk\/?s={search_term_string}\"},\"query-input\":{\"@type\":\"PropertyValueSpecification\",\"valueRequired\":true,\"valueName\":\"search_term_string\"}}],\"inLanguage\":\"da-DK\"},{\"@type\":\"Organization\",\"@id\":\"https:\/\/shop.bjerring-sales.dk\/#organization\",\"name\":\"Bjerring-Sales\",\"url\":\"https:\/\/shop.bjerring-sales.dk\/\",\"logo\":{\"@type\":\"ImageObject\",\"inLanguage\":\"da-DK\",\"@id\":\"https:\/\/shop.bjerring-sales.dk\/#\/schema\/logo\/image\/\",\"url\":\"https:\/\/shop.bjerring-sales.dk\/wp-content\/uploads\/2023\/01\/logo_sv.png\",\"contentUrl\":\"https:\/\/shop.bjerring-sales.dk\/wp-content\/uploads\/2023\/01\/logo_sv.png\",\"width\":195,\"height\":68,\"caption\":\"Bjerring-Sales\"},\"image\":{\"@id\":\"https:\/\/shop.bjerring-sales.dk\/#\/schema\/logo\/image\/\"}}]}<\/script>\n<!-- \/ Yoast SEO plugin. -->","yoast_head_json":{"title":"UPis1 Stand-Up - Pall - Bjerring-Sales","description":"Med UPis1 Stand-Up fr\u00e5n Interstuhl kan du p\u00e5 ett enkelt s\u00e4tt f\u00f6ra in mer r\u00f6relse i din vardag. Den st\u00e5ende ergonomiska st\u00e5pallen kan anv\u00e4ndas till m\u00e5nga \u00e4ndam\u00e5l, vid spontana m\u00f6ten, i workshops eller vid brainstorming.","robots":{"index":"index","follow":"follow","max-snippet":"max-snippet:-1","max-image-preview":"max-image-preview:large","max-video-preview":"max-video-preview:-1"},"canonical":"https:\/\/shop.bjerring-sales.dk\/da\/vare\/upis1-stand-up-pall\/","og_locale":"da_DK","og_type":"article","og_title":"UPis1 Stand-Up \u00e4r en ergonomisk st\u00e5pall","og_description":"Med UPis1 Stand-Up fr\u00e5n Interstuhl kan du p\u00e5 ett enkelt s\u00e4tt f\u00f6ra in mer r\u00f6relse i din vardag. Den st\u00e5ende ergonomiska st\u00e5pallen kan anv\u00e4ndas till m\u00e5nga \u00e4ndam\u00e5l, vid spontana m\u00f6ten, i workshops eller vid brainstorming.","og_url":"https:\/\/shop.bjerring-sales.dk\/da\/vare\/upis1-stand-up-pall\/","og_site_name":"Bjerring-Sales","article_modified_time":"2024-10-25T14:34:06+00:00","og_image":[{"width":800,"height":550,"url":"https:\/\/shop.bjerring-sales.dk\/wp-content\/uploads\/2024\/08\/UPis1-standup_2.jpg","type":"image\/jpeg"}],"twitter_card":"summary_large_image","twitter_title":"UPis1 Stand-Up \u00e4r en ergonomisk st\u00e5pall","twitter_description":"Med UPis1 Stand-Up fr\u00e5n Interstuhl kan du p\u00e5 ett enkelt s\u00e4tt f\u00f6ra in mer r\u00f6relse i din vardag. Den st\u00e5ende ergonomiska st\u00e5pallen kan anv\u00e4ndas till m\u00e5nga \u00e4ndam\u00e5l, vid spontana m\u00f6ten, i workshops eller vid brainstorming.","twitter_image":"https:\/\/shop.bjerring-sales.dk\/wp-content\/uploads\/2024\/08\/UPis1-standup_2.jpg","twitter_misc":{"Estimeret l\u00e6setid":"2 minutter"},"schema":{"@context":"https:\/\/schema.org","@graph":[{"@type":"WebPage","@id":"https:\/\/shop.bjerring-sales.dk\/sv\/produkt\/upis1-stand-up-pall\/","url":"https:\/\/shop.bjerring-sales.dk\/sv\/produkt\/upis1-stand-up-pall\/","name":"UPis1 Stand-Up - Pall - Bjerring-Sales","isPartOf":{"@id":"https:\/\/shop.bjerring-sales.dk\/#website"},"primaryImageOfPage":{"@id":"https:\/\/shop.bjerring-sales.dk\/sv\/produkt\/upis1-stand-up-pall\/#primaryimage"},"image":{"@id":"https:\/\/shop.bjerring-sales.dk\/sv\/produkt\/upis1-stand-up-pall\/#primaryimage"},"thumbnailUrl":"https:\/\/shop.bjerring-sales.dk\/wp-content\/uploads\/2024\/08\/UPis1_110U_SMART-WHITE.jpg","datePublished":"2024-08-08T08:00:37+00:00","dateModified":"2024-10-25T14:34:06+00:00","description":"Med UPis1 Stand-Up fr\u00e5n Interstuhl kan du p\u00e5 ett enkelt s\u00e4tt f\u00f6ra in mer r\u00f6relse i din vardag. Den st\u00e5ende ergonomiska st\u00e5pallen kan anv\u00e4ndas till m\u00e5nga \u00e4ndam\u00e5l, vid spontana m\u00f6ten, i workshops eller vid brainstorming.","breadcrumb":{"@id":"https:\/\/shop.bjerring-sales.dk\/sv\/produkt\/upis1-stand-up-pall\/#breadcrumb"},"inLanguage":"da-DK","potentialAction":[{"@type":"ReadAction","target":["https:\/\/shop.bjerring-sales.dk\/sv\/produkt\/upis1-stand-up-pall\/"]}]},{"@type":"ImageObject","inLanguage":"da-DK","@id":"https:\/\/shop.bjerring-sales.dk\/sv\/produkt\/upis1-stand-up-pall\/#primaryimage","url":"https:\/\/shop.bjerring-sales.dk\/wp-content\/uploads\/2024\/08\/UPis1_110U_SMART-WHITE.jpg","contentUrl":"https:\/\/shop.bjerring-sales.dk\/wp-content\/uploads\/2024\/08\/UPis1_110U_SMART-WHITE.jpg","width":800,"height":800},{"@type":"BreadcrumbList","@id":"https:\/\/shop.bjerring-sales.dk\/sv\/produkt\/upis1-stand-up-pall\/#breadcrumb","itemListElement":[{"@type":"ListItem","position":1,"name":"Hem","item":"https:\/\/shop.bjerring-sales.dk\/"},{"@type":"ListItem","position":2,"name":"Webbutik","item":"https:\/\/shop.bjerring-sales.dk\/butik\/"},{"@type":"ListItem","position":3,"name":"UPis1 Stand-Up &#8211; Pall"}]},{"@type":"WebSite","@id":"https:\/\/shop.bjerring-sales.dk\/#website","url":"https:\/\/shop.bjerring-sales.dk\/","name":"Bjerring-Salg","description":"M\u00f8bler til teatre, skoler, kontorer og indk\u00f8bscentre","publisher":{"@id":"https:\/\/shop.bjerring-sales.dk\/#organization"},"potentialAction":[{"@type":"SearchAction","target":{"@type":"EntryPoint","urlTemplate":"https:\/\/shop.bjerring-sales.dk\/?s={search_term_string}"},"query-input":{"@type":"PropertyValueSpecification","valueRequired":true,"valueName":"search_term_string"}}],"inLanguage":"da-DK"},{"@type":"Organization","@id":"https:\/\/shop.bjerring-sales.dk\/#organization","name":"Bjerring-Salg","url":"https:\/\/shop.bjerring-sales.dk\/","logo":{"@type":"ImageObject","inLanguage":"da-DK","@id":"https:\/\/shop.bjerring-sales.dk\/#\/schema\/logo\/image\/","url":"https:\/\/shop.bjerring-sales.dk\/wp-content\/uploads\/2023\/01\/logo_sv.png","contentUrl":"https:\/\/shop.bjerring-sales.dk\/wp-content\/uploads\/2023\/01\/logo_sv.png","width":195,"height":68,"caption":"Bjerring-Sales"},"image":{"@id":"https:\/\/shop.bjerring-sales.dk\/#\/schema\/logo\/image\/"}}]}},"_links":{"self":[{"href":"https:\/\/shop.bjerring-sales.dk\/da\/wp-json\/wp\/v2\/product\/98124","targetHints":{"allow":["GET"]}}],"collection":[{"href":"https:\/\/shop.bjerring-sales.dk\/da\/wp-json\/wp\/v2\/product"}],"about":[{"href":"https:\/\/shop.bjerring-sales.dk\/da\/wp-json\/wp\/v2\/types\/product"}],"wp:featuredmedia":[{"embeddable":true,"href":"https:\/\/shop.bjerring-sales.dk\/da\/wp-json\/wp\/v2\/media\/98122"}],"wp:attachment":[{"href":"https:\/\/shop.bjerring-sales.dk\/da\/wp-json\/wp\/v2\/media?parent=98124"}],"wp:term":[{"taxonomy":"product_brand","embeddable":true,"href":"https:\/\/shop.bjerring-sales.dk\/da\/wp-json\/wp\/v2\/product_brand?post=98124"},{"taxonomy":"product_cat","embeddable":true,"href":"https:\/\/shop.bjerring-sales.dk\/da\/wp-json\/wp\/v2\/product_cat?post=98124"},{"taxonomy":"product_tag","embeddable":true,"href":"https:\/\/shop.bjerring-sales.dk\/da\/wp-json\/wp\/v2\/product_tag?post=98124"}],"curies":[{"name":"wp","href":"https:\/\/api.w.org\/{rel}","templated":true}]}}