{"id":94927,"date":"2024-01-12T13:25:13","date_gmt":"2024-01-12T12:25:13","guid":{"rendered":"https:\/\/shop.bjerring-sales.dk\/sv\/?post_type=product&#038;p=94927"},"modified":"2024-09-10T17:37:30","modified_gmt":"2024-09-10T15:37:30","slug":"balanspall-svampen-hog","status":"publish","type":"product","link":"https:\/\/shop.bjerring-sales.dk\/da\/vare\/balanspall-svampen-hog\/","title":{"rendered":"Balanecestol Svampen \u2013 H\u00f8j model"},"content":{"rendered":"<div class=\"wpb-content-wrapper\"><div class=\"vc_row wpb_row vc_row-fluid wd-rs-644307f7be0da\"><div class=\"wpb_column vc_column_container vc_col-sm-12\"><div class=\"vc_column-inner\"><div class=\"wpb_wrapper\">\n\t<div class=\"wpb_text_column wpb_content_element\" >\n\t\t<div class=\"wpb_wrapper\">\n\t\t\t<p><span style=\"font-size: 24pt\">Balancstolen Svampen g\u00f8r arbejdsdagen mere aktiv og varieret!<br \/>\n<\/span>Balancestolen Svampen (h\u00f8j model) er en stilfuld, ergonomisk og h\u00f8jdejusterbar balancestolen, der lagerf\u00f8res i 2 forskellige h\u00f8jder. Den lave model har en justerbar s\u00e6deh\u00f8jde p\u00e5 43-50 cm, Den h\u00f8je model har en justerbar s\u00e6deh\u00f8jde p\u00e5 53-78 cm. Balancestolen er den ultimative l\u00f8sning til ergonomisk, b\u00e6redygtig og sund siddestilling. Balancestolen Svampen er en aktiv mulighed til at bruge sammen med h\u00f8jdejusterbare skriveborde.<\/p>\n\n\t\t<\/div>\n\t<\/div>\n<\/div><\/div><\/div><\/div><div class=\"vc_row wpb_row vc_row-fluid wd-rs-644307f7be0da\"><div class=\"wpb_column vc_column_container vc_col-sm-12\"><div class=\"vc_column-inner\"><div class=\"wpb_wrapper\"><div class=\"vc_separator wpb_content_element vc_separator_align_center vc_sep_width_100 vc_sep_pos_align_center vc_separator_no_text vc_sep_color_grey\" ><span class=\"vc_sep_holder vc_sep_holder_l\"><span class=\"vc_sep_line\"><\/span><\/span><span class=\"vc_sep_holder vc_sep_holder_r\"><span class=\"vc_sep_line\"><\/span><\/span>\n<\/div><\/div><\/div><\/div><\/div><div class=\"vc_row wpb_row vc_row-fluid wd-rs-65bf7f7acbdbe\"><div class=\"wpb_column vc_column_container vc_col-sm-12\"><div class=\"vc_column-inner\"><div class=\"wpb_wrapper\">\n\t<div class=\"wpb_text_column wpb_content_element\" >\n\t\t<div class=\"wpb_wrapper\">\n\t\t\t<p><span style=\"font-size: 18pt\">Anvendelsesomr\u00e5de<br \/>\n<\/span>Oplev bedre bev\u00e6gelsesfrihed og f\u00e6nomenal fleksibilitet med Balancestolen Svampen. Balancestolen giver dig mulighed for nemt at skifte mellem siddende og halvsiddende stilling i l\u00f8bet af arbejdsdagen. Nedenfor skriver vi nogle eksempler p\u00e5, hvordan Svampen kan bruges p\u00e5 arbejdspladsen.<\/p>\n\n\t\t<\/div>\n\t<\/div>\n<\/div><\/div><\/div><\/div><div class=\"vc_row wpb_row vc_row-fluid wd-rs-65bf7fbc7e773\"><div class=\"wpb_column vc_column_container vc_col-sm-6\"><div class=\"vc_column-inner\"><div class=\"wpb_wrapper\">\n\t<div class=\"wpb_text_column wpb_content_element\" >\n\t\t<div class=\"wpb_wrapper\">\n\t\t\t<ul>\n<li>Juster s\u00e6deh\u00f8jden og arbejdsstillingen efter dine behov<\/li>\n<li>Aktivt siddende, aktiverer muskelgrupper i ben, krop og ryg<\/li>\n<li>Mindre risiko for ryg-, nakke- og skulderskader gennem en aktiv arbejdsstilling<\/li>\n<\/ul>\n\n\t\t<\/div>\n\t<\/div>\n<\/div><\/div><\/div><div class=\"wpb_column vc_column_container vc_col-sm-6\"><div class=\"vc_column-inner\"><div class=\"wpb_wrapper\">\n\t<div class=\"wpb_text_column wpb_content_element\" >\n\t\t<div class=\"wpb_wrapper\">\n\t\t\t<ul>\n<li>Den \u00f8verste del af balancestolen er bev\u00e6gelig og tilpasser sig dine bev\u00e6gelser<\/li>\n<li>Udstyret med en stabil base, der st\u00e5r solidt p\u00e5 gulvet med anti-skridsikker<\/li>\n<li>Stofbekl\u00e6dt s\u00e6de for \u00f8get komfort under lange arbejdsdage<\/li>\n<\/ul>\n\n\t\t<\/div>\n\t<\/div>\n<\/div><\/div><\/div><\/div><div class=\"vc_row wpb_row vc_row-fluid wd-rs-644307f7be0da\"><div class=\"wpb_column vc_column_container vc_col-sm-12\"><div class=\"vc_column-inner\"><div class=\"wpb_wrapper\"><div class=\"vc_separator wpb_content_element vc_separator_align_center vc_sep_width_100 vc_sep_pos_align_center vc_separator_no_text vc_sep_color_grey\" ><span class=\"vc_sep_holder vc_sep_holder_l\"><span class=\"vc_sep_line\"><\/span><\/span><span class=\"vc_sep_holder vc_sep_holder_r\"><span class=\"vc_sep_line\"><\/span><\/span>\n<\/div><\/div><\/div><\/div><\/div><div class=\"vc_row wpb_row vc_row-fluid wd-rs-65bf7fe7e71e6\"><div class=\"wpb_column vc_column_container vc_col-sm-6\"><div class=\"vc_column-inner\"><div class=\"wpb_wrapper\">\n\t<div class=\"wpb_text_column wpb_content_element\" >\n\t\t<div class=\"wpb_wrapper\">\n\t\t\t<p><span style=\"font-size: 18pt\">Specifikationer<\/span><\/p>\n<ul>\n<li>H\u00f8jdejusterbar balancestolen<\/li>\n<li>ABS r\u00f8r og bundramme<\/li>\n<li>TPE pude nedenunder (skridsikker)<\/li>\n<li>TB-CA117 (st\u00f8bt skum)<\/li>\n<li>H\u00f8jdejusterbar knap under s\u00e6det<\/li>\n<\/ul>\n<p><span style=\"font-size: 18pt\">M\u00e5l<\/span><\/p>\n<ul>\n<li>H\u00f8jde: 530-780 mm<\/li>\n<li>Bredde: 355 mm<\/li>\n<\/ul>\n<p><span style=\"font-size: 18pt\">V\u00e6gt<\/span><\/p>\n<ul>\n<li>V\u00e6gt: 5,8 kg<\/li>\n<\/ul>\n<p><span style=\"font-size: 18pt\">Farver<\/span><\/p>\n<ul>\n<li>Sort<\/li>\n<li>R\u00e5hvid<\/li>\n<\/ul>\n\n\t\t<\/div>\n\t<\/div>\n<\/div><\/div><\/div><div class=\"wpb_column vc_column_container vc_col-sm-6\"><div class=\"vc_column-inner\"><div class=\"wpb_wrapper\">\n\t<div class=\"wpb_text_column wpb_content_element\" >\n\t\t<div class=\"wpb_wrapper\">\n\t\t\t<p><span style=\"font-size: 18pt\">Garanti<\/span><\/p>\n<ul>\n<li>2 \u00e5rs garanti<\/li>\n<\/ul>\n<p><span style=\"font-size: 18pt\">Certificeringer<\/span><\/p>\n<ul>\n<li>N\u00c5<\/li>\n<li>SVHC<\/li>\n<li>RoHs<\/li>\n<li>PAH&#039;er<\/li>\n<\/ul>\n<p><a href=\"https:\/\/shop.bjerring-sales.dk\/wp-content\/uploads\/2024\/01\/balanspallhog.jpg\"><img loading=\"lazy\" decoding=\"async\" class=\"alignnone size-full wp-image-95041\" src=\"https:\/\/shop.bjerring-sales.dk\/wp-content\/uploads\/2024\/01\/balanspallhog.jpg\" alt=\"\" width=\"743\" height=\"283\" srcset=\"https:\/\/shop.bjerring-sales.dk\/wp-content\/uploads\/2024\/01\/balanspallhog.jpg 743w, https:\/\/shop.bjerring-sales.dk\/wp-content\/uploads\/2024\/01\/balanspallhog-150x57.jpg 150w, https:\/\/shop.bjerring-sales.dk\/wp-content\/uploads\/2024\/01\/balanspallhog-600x229.jpg 600w, https:\/\/shop.bjerring-sales.dk\/wp-content\/uploads\/2024\/01\/balanspallhog-300x114.jpg 300w, https:\/\/shop.bjerring-sales.dk\/wp-content\/uploads\/2024\/01\/balanspallhog-18x7.jpg 18w\" sizes=\"auto, (max-width: 743px) 100vw, 743px\" \/><\/a><\/p>\n\n\t\t<\/div>\n\t<\/div>\n<\/div><\/div><\/div><\/div>\n<\/div>","protected":false},"excerpt":{"rendered":"<p>Oplev balancestolen Svampen som en stilfuld, ergonomisk og h\u00f8jdejusterbar balancestolen, der lagerf\u00f8res i 2 forskellige h\u00f8jder. Den lave model har en justerbar s\u00e6deh\u00f8jde p\u00e5 43-50 cm, Den h\u00f8je model har en justerbar s\u00e6deh\u00f8jde p\u00e5 53-78 cm.<\/p>","protected":false},"featured_media":97406,"template":"","meta":{"iawp_total_views":1},"product_brand":[],"product_cat":[6300,5785,5791,5629,5826,6025],"product_tag":[5793,6031,6407,6408],"class_list":{"0":"post-94927","1":"product","2":"type-product","3":"status-publish","4":"has-post-thumbnail","6":"product_cat-arbetsstolar","7":"product_cat-hemmakontor","8":"product_cat-stolar","9":"product_cat-kontorsmobler","10":"product_cat-skrivbordsstolar","11":"product_cat-ergonomiskt-sittande","12":"product_tag-ergonomi","13":"product_tag-ergonomiskt-sittande","14":"product_tag-balanspall-svampen","15":"product_tag-hog-balanspall","17":"first","18":"instock","19":"taxable","20":"shipping-taxable","21":"purchasable","22":"product-type-variable"},"yoast_head":"<!-- This site is optimized with the Yoast SEO plugin v27.0 - https:\/\/yoast.com\/product\/yoast-seo-wordpress\/ -->\n<title>Balanspall Svampen - H\u00f6g modell - Bjerring-Sales<\/title>\n<meta name=\"description\" content=\"Balanspallen \u00e4r den ultimata l\u00f6sningen f\u00f6r ett ergonomiskt, h\u00e5llbart och h\u00e4lsosamt sittande. Balanspall Svampen \u00e4r ett aktivt alternativ f\u00f6r anv\u00e4ndning tillsammans med h\u00f6j och s\u00e4nkbara skrivbord.\" \/>\n<meta name=\"robots\" content=\"index, follow, max-snippet:-1, max-image-preview:large, max-video-preview:-1\" \/>\n<link rel=\"canonical\" href=\"https:\/\/shop.bjerring-sales.dk\/da\/vare\/balanspall-svampen-hog\/\" \/>\n<meta property=\"og:locale\" content=\"da_DK\" \/>\n<meta property=\"og:type\" content=\"article\" \/>\n<meta property=\"og:title\" content=\"Balanspall Svampen g\u00f6r arbetsdagen mer aktiv och varierad!\" \/>\n<meta property=\"og:description\" content=\"Balanspallen \u00e4r den ultimata l\u00f6sningen f\u00f6r ett ergonomiskt, h\u00e5llbart och h\u00e4lsosamt sittande. Balanspall Svampen \u00e4r ett aktivt alternativ f\u00f6r anv\u00e4ndning tillsammans med h\u00f6j och s\u00e4nkbara skrivbord.\" \/>\n<meta property=\"og:url\" content=\"https:\/\/shop.bjerring-sales.dk\/da\/vare\/balanspall-svampen-hog\/\" \/>\n<meta property=\"og:site_name\" content=\"Bjerring-Sales\" \/>\n<meta property=\"article:modified_time\" content=\"2024-09-10T15:37:30+00:00\" \/>\n<meta property=\"og:image\" content=\"https:\/\/shop.bjerring-sales.dk\/wp-content\/uploads\/2024\/01\/Balanspall_svampen_svart_1.jpg\" \/>\n\t<meta property=\"og:image:width\" content=\"800\" \/>\n\t<meta property=\"og:image:height\" content=\"800\" \/>\n\t<meta property=\"og:image:type\" content=\"image\/jpeg\" \/>\n<meta name=\"twitter:card\" content=\"summary_large_image\" \/>\n<meta name=\"twitter:title\" content=\"Balanspall Svampen g\u00f6r arbetsdagen mer aktiv och varierad!\" \/>\n<meta name=\"twitter:description\" content=\"Balanspallen \u00e4r den ultimata l\u00f6sningen f\u00f6r ett ergonomiskt, h\u00e5llbart och h\u00e4lsosamt sittande. Balanspall Svampen \u00e4r ett aktivt alternativ f\u00f6r anv\u00e4ndning tillsammans med h\u00f6j och s\u00e4nkbara skrivbord.\" \/>\n<meta name=\"twitter:image\" content=\"https:\/\/shop.bjerring-sales.dk\/wp-content\/uploads\/2024\/01\/Balanspall_svampen_svart_1.jpg\" \/>\n<meta name=\"twitter:label1\" content=\"Estimeret l\u00e6setid\" \/>\n\t<meta name=\"twitter:data1\" content=\"2 minutter\" \/>\n<script type=\"application\/ld+json\" class=\"yoast-schema-graph\">{\"@context\":\"https:\/\/schema.org\",\"@graph\":[{\"@type\":\"WebPage\",\"@id\":\"https:\/\/shop.bjerring-sales.dk\/sv\/produkt\/balanspall-svampen-hog\/\",\"url\":\"https:\/\/shop.bjerring-sales.dk\/sv\/produkt\/balanspall-svampen-hog\/\",\"name\":\"Balanspall Svampen - H\u00f6g modell - Bjerring-Sales\",\"isPartOf\":{\"@id\":\"https:\/\/shop.bjerring-sales.dk\/#website\"},\"primaryImageOfPage\":{\"@id\":\"https:\/\/shop.bjerring-sales.dk\/sv\/produkt\/balanspall-svampen-hog\/#primaryimage\"},\"image\":{\"@id\":\"https:\/\/shop.bjerring-sales.dk\/sv\/produkt\/balanspall-svampen-hog\/#primaryimage\"},\"thumbnailUrl\":\"https:\/\/shop.bjerring-sales.dk\/wp-content\/uploads\/2024\/06\/Balanspall_svampen_vit_2.jpg\",\"datePublished\":\"2024-01-12T12:25:13+00:00\",\"dateModified\":\"2024-09-10T15:37:30+00:00\",\"description\":\"Balanspallen \u00e4r den ultimata l\u00f6sningen f\u00f6r ett ergonomiskt, h\u00e5llbart och h\u00e4lsosamt sittande. Balanspall Svampen \u00e4r ett aktivt alternativ f\u00f6r anv\u00e4ndning tillsammans med h\u00f6j och s\u00e4nkbara skrivbord.\",\"breadcrumb\":{\"@id\":\"https:\/\/shop.bjerring-sales.dk\/sv\/produkt\/balanspall-svampen-hog\/#breadcrumb\"},\"inLanguage\":\"da-DK\",\"potentialAction\":[{\"@type\":\"ReadAction\",\"target\":[\"https:\/\/shop.bjerring-sales.dk\/sv\/produkt\/balanspall-svampen-hog\/\"]}]},{\"@type\":\"ImageObject\",\"inLanguage\":\"da-DK\",\"@id\":\"https:\/\/shop.bjerring-sales.dk\/sv\/produkt\/balanspall-svampen-hog\/#primaryimage\",\"url\":\"https:\/\/shop.bjerring-sales.dk\/wp-content\/uploads\/2024\/06\/Balanspall_svampen_vit_2.jpg\",\"contentUrl\":\"https:\/\/shop.bjerring-sales.dk\/wp-content\/uploads\/2024\/06\/Balanspall_svampen_vit_2.jpg\",\"width\":800,\"height\":800},{\"@type\":\"BreadcrumbList\",\"@id\":\"https:\/\/shop.bjerring-sales.dk\/sv\/produkt\/balanspall-svampen-hog\/#breadcrumb\",\"itemListElement\":[{\"@type\":\"ListItem\",\"position\":1,\"name\":\"Hem\",\"item\":\"https:\/\/shop.bjerring-sales.dk\/\"},{\"@type\":\"ListItem\",\"position\":2,\"name\":\"Webbutik\",\"item\":\"https:\/\/shop.bjerring-sales.dk\/butik\/\"},{\"@type\":\"ListItem\",\"position\":3,\"name\":\"Balanspall Svampen &#8211; H\u00f6g modell\"}]},{\"@type\":\"WebSite\",\"@id\":\"https:\/\/shop.bjerring-sales.dk\/#website\",\"url\":\"https:\/\/shop.bjerring-sales.dk\/\",\"name\":\"Bjerring-Sales\",\"description\":\"M\u00f6bler f\u00f6r teatrar, skolor, kontor och k\u00f6pcentrum\",\"publisher\":{\"@id\":\"https:\/\/shop.bjerring-sales.dk\/#organization\"},\"potentialAction\":[{\"@type\":\"SearchAction\",\"target\":{\"@type\":\"EntryPoint\",\"urlTemplate\":\"https:\/\/shop.bjerring-sales.dk\/?s={search_term_string}\"},\"query-input\":{\"@type\":\"PropertyValueSpecification\",\"valueRequired\":true,\"valueName\":\"search_term_string\"}}],\"inLanguage\":\"da-DK\"},{\"@type\":\"Organization\",\"@id\":\"https:\/\/shop.bjerring-sales.dk\/#organization\",\"name\":\"Bjerring-Sales\",\"url\":\"https:\/\/shop.bjerring-sales.dk\/\",\"logo\":{\"@type\":\"ImageObject\",\"inLanguage\":\"da-DK\",\"@id\":\"https:\/\/shop.bjerring-sales.dk\/#\/schema\/logo\/image\/\",\"url\":\"https:\/\/shop.bjerring-sales.dk\/wp-content\/uploads\/2023\/01\/logo_sv.png\",\"contentUrl\":\"https:\/\/shop.bjerring-sales.dk\/wp-content\/uploads\/2023\/01\/logo_sv.png\",\"width\":195,\"height\":68,\"caption\":\"Bjerring-Sales\"},\"image\":{\"@id\":\"https:\/\/shop.bjerring-sales.dk\/#\/schema\/logo\/image\/\"}}]}<\/script>\n<!-- \/ Yoast SEO plugin. -->","yoast_head_json":{"title":"Balanspall Svampen - H\u00f6g modell - Bjerring-Sales","description":"Balanspallen \u00e4r den ultimata l\u00f6sningen f\u00f6r ett ergonomiskt, h\u00e5llbart och h\u00e4lsosamt sittande. Balanspall Svampen \u00e4r ett aktivt alternativ f\u00f6r anv\u00e4ndning tillsammans med h\u00f6j och s\u00e4nkbara skrivbord.","robots":{"index":"index","follow":"follow","max-snippet":"max-snippet:-1","max-image-preview":"max-image-preview:large","max-video-preview":"max-video-preview:-1"},"canonical":"https:\/\/shop.bjerring-sales.dk\/da\/vare\/balanspall-svampen-hog\/","og_locale":"da_DK","og_type":"article","og_title":"Balanspall Svampen g\u00f6r arbetsdagen mer aktiv och varierad!","og_description":"Balanspallen \u00e4r den ultimata l\u00f6sningen f\u00f6r ett ergonomiskt, h\u00e5llbart och h\u00e4lsosamt sittande. Balanspall Svampen \u00e4r ett aktivt alternativ f\u00f6r anv\u00e4ndning tillsammans med h\u00f6j och s\u00e4nkbara skrivbord.","og_url":"https:\/\/shop.bjerring-sales.dk\/da\/vare\/balanspall-svampen-hog\/","og_site_name":"Bjerring-Sales","article_modified_time":"2024-09-10T15:37:30+00:00","og_image":[{"width":800,"height":800,"url":"https:\/\/shop.bjerring-sales.dk\/wp-content\/uploads\/2024\/01\/Balanspall_svampen_svart_1.jpg","type":"image\/jpeg"}],"twitter_card":"summary_large_image","twitter_title":"Balanspall Svampen g\u00f6r arbetsdagen mer aktiv och varierad!","twitter_description":"Balanspallen \u00e4r den ultimata l\u00f6sningen f\u00f6r ett ergonomiskt, h\u00e5llbart och h\u00e4lsosamt sittande. Balanspall Svampen \u00e4r ett aktivt alternativ f\u00f6r anv\u00e4ndning tillsammans med h\u00f6j och s\u00e4nkbara skrivbord.","twitter_image":"https:\/\/shop.bjerring-sales.dk\/wp-content\/uploads\/2024\/01\/Balanspall_svampen_svart_1.jpg","twitter_misc":{"Estimeret l\u00e6setid":"2 minutter"},"schema":{"@context":"https:\/\/schema.org","@graph":[{"@type":"WebPage","@id":"https:\/\/shop.bjerring-sales.dk\/sv\/produkt\/balanspall-svampen-hog\/","url":"https:\/\/shop.bjerring-sales.dk\/sv\/produkt\/balanspall-svampen-hog\/","name":"Balanspall Svampen - H\u00f6g modell - Bjerring-Sales","isPartOf":{"@id":"https:\/\/shop.bjerring-sales.dk\/#website"},"primaryImageOfPage":{"@id":"https:\/\/shop.bjerring-sales.dk\/sv\/produkt\/balanspall-svampen-hog\/#primaryimage"},"image":{"@id":"https:\/\/shop.bjerring-sales.dk\/sv\/produkt\/balanspall-svampen-hog\/#primaryimage"},"thumbnailUrl":"https:\/\/shop.bjerring-sales.dk\/wp-content\/uploads\/2024\/06\/Balanspall_svampen_vit_2.jpg","datePublished":"2024-01-12T12:25:13+00:00","dateModified":"2024-09-10T15:37:30+00:00","description":"Balanspallen \u00e4r den ultimata l\u00f6sningen f\u00f6r ett ergonomiskt, h\u00e5llbart och h\u00e4lsosamt sittande. Balanspall Svampen \u00e4r ett aktivt alternativ f\u00f6r anv\u00e4ndning tillsammans med h\u00f6j och s\u00e4nkbara skrivbord.","breadcrumb":{"@id":"https:\/\/shop.bjerring-sales.dk\/sv\/produkt\/balanspall-svampen-hog\/#breadcrumb"},"inLanguage":"da-DK","potentialAction":[{"@type":"ReadAction","target":["https:\/\/shop.bjerring-sales.dk\/sv\/produkt\/balanspall-svampen-hog\/"]}]},{"@type":"ImageObject","inLanguage":"da-DK","@id":"https:\/\/shop.bjerring-sales.dk\/sv\/produkt\/balanspall-svampen-hog\/#primaryimage","url":"https:\/\/shop.bjerring-sales.dk\/wp-content\/uploads\/2024\/06\/Balanspall_svampen_vit_2.jpg","contentUrl":"https:\/\/shop.bjerring-sales.dk\/wp-content\/uploads\/2024\/06\/Balanspall_svampen_vit_2.jpg","width":800,"height":800},{"@type":"BreadcrumbList","@id":"https:\/\/shop.bjerring-sales.dk\/sv\/produkt\/balanspall-svampen-hog\/#breadcrumb","itemListElement":[{"@type":"ListItem","position":1,"name":"Hem","item":"https:\/\/shop.bjerring-sales.dk\/"},{"@type":"ListItem","position":2,"name":"Webbutik","item":"https:\/\/shop.bjerring-sales.dk\/butik\/"},{"@type":"ListItem","position":3,"name":"Balanspall Svampen &#8211; H\u00f6g modell"}]},{"@type":"WebSite","@id":"https:\/\/shop.bjerring-sales.dk\/#website","url":"https:\/\/shop.bjerring-sales.dk\/","name":"Bjerring-Salg","description":"M\u00f8bler til teatre, skoler, kontorer og indk\u00f8bscentre","publisher":{"@id":"https:\/\/shop.bjerring-sales.dk\/#organization"},"potentialAction":[{"@type":"SearchAction","target":{"@type":"EntryPoint","urlTemplate":"https:\/\/shop.bjerring-sales.dk\/?s={search_term_string}"},"query-input":{"@type":"PropertyValueSpecification","valueRequired":true,"valueName":"search_term_string"}}],"inLanguage":"da-DK"},{"@type":"Organization","@id":"https:\/\/shop.bjerring-sales.dk\/#organization","name":"Bjerring-Salg","url":"https:\/\/shop.bjerring-sales.dk\/","logo":{"@type":"ImageObject","inLanguage":"da-DK","@id":"https:\/\/shop.bjerring-sales.dk\/#\/schema\/logo\/image\/","url":"https:\/\/shop.bjerring-sales.dk\/wp-content\/uploads\/2023\/01\/logo_sv.png","contentUrl":"https:\/\/shop.bjerring-sales.dk\/wp-content\/uploads\/2023\/01\/logo_sv.png","width":195,"height":68,"caption":"Bjerring-Sales"},"image":{"@id":"https:\/\/shop.bjerring-sales.dk\/#\/schema\/logo\/image\/"}}]}},"_links":{"self":[{"href":"https:\/\/shop.bjerring-sales.dk\/da\/wp-json\/wp\/v2\/product\/94927","targetHints":{"allow":["GET"]}}],"collection":[{"href":"https:\/\/shop.bjerring-sales.dk\/da\/wp-json\/wp\/v2\/product"}],"about":[{"href":"https:\/\/shop.bjerring-sales.dk\/da\/wp-json\/wp\/v2\/types\/product"}],"wp:featuredmedia":[{"embeddable":true,"href":"https:\/\/shop.bjerring-sales.dk\/da\/wp-json\/wp\/v2\/media\/97406"}],"wp:attachment":[{"href":"https:\/\/shop.bjerring-sales.dk\/da\/wp-json\/wp\/v2\/media?parent=94927"}],"wp:term":[{"taxonomy":"product_brand","embeddable":true,"href":"https:\/\/shop.bjerring-sales.dk\/da\/wp-json\/wp\/v2\/product_brand?post=94927"},{"taxonomy":"product_cat","embeddable":true,"href":"https:\/\/shop.bjerring-sales.dk\/da\/wp-json\/wp\/v2\/product_cat?post=94927"},{"taxonomy":"product_tag","embeddable":true,"href":"https:\/\/shop.bjerring-sales.dk\/da\/wp-json\/wp\/v2\/product_tag?post=94927"}],"curies":[{"name":"wp","href":"https:\/\/api.w.org\/{rel}","templated":true}]}}