{"id":94918,"date":"2024-01-11T09:25:56","date_gmt":"2024-01-11T08:25:56","guid":{"rendered":"https:\/\/shop.bjerring-sales.dk\/sv\/?post_type=product&#038;p=94918"},"modified":"2024-04-22T12:45:16","modified_gmt":"2024-04-22T10:45:16","slug":"balanspall-ergo","status":"publish","type":"product","link":"https:\/\/shop.bjerring-sales.dk\/da\/vare\/balanspall-ergo\/","title":{"rendered":"Balancestol Ergo"},"content":{"rendered":"<div class=\"wpb-content-wrapper\"><div class=\"vc_row wpb_row vc_row-fluid\"><div class=\"wpb_column vc_column_container vc_col-sm-12\"><div class=\"vc_column-inner\"><div class=\"wpb_wrapper\">\n\t<div class=\"wpb_text_column wpb_content_element\" >\n\t\t<div class=\"wpb_wrapper\">\n\t\t\t<p><span style=\"font-size: 24pt;\">En h\u00f8jdejusterbar balancestol til kontorer og andre arbejdsmilj\u00f8er<br \/>\n<\/span>Oplev komforten og innovationen med Ergo, vores ergonomiske h\u00f8jdejusterbare balancestol. Balancestolen Ergo er den ultimative l\u00f8sning til ergonomisk, holdbar og sund siddestilling. Denne stol forvandler den m\u00e5de, vi sidder p\u00e5, den skaber ikke kun en mere behagelig og behagelig siddeplads, men giver ogs\u00e5 et aktivt alternativ til brug med justerbare skriveborde.<\/p>\n\n\t\t<\/div>\n\t<\/div>\n<\/div><\/div><\/div><\/div><div class=\"vc_row wpb_row vc_row-fluid\"><div class=\"wpb_column vc_column_container vc_col-sm-6\"><div class=\"vc_column-inner\"><div class=\"wpb_wrapper\">\n\t<div  class=\"wpb_single_image wpb_content_element vc_align_center\">\n\t\t\n\t\t<figure class=\"wpb_wrapper vc_figure\">\n\t\t\t<div class=\"vc_single_image-wrapper vc_box_shadow_border  vc_box_border_grey\"><img loading=\"lazy\" decoding=\"async\" width=\"800\" height=\"800\" src=\"https:\/\/shop.bjerring-sales.dk\/wp-content\/uploads\/2024\/01\/Balanspall_ergo_skrivbord.jpg.pagespeed.ic_.1WuFD0kCdr.webp\" class=\"vc_single_image-img attachment-full\" alt=\"\" title=\"Balance pallet_ergo_skrivbord.jpg.pagespeed.ic.1WuFD0kCdr\" srcset=\"https:\/\/shop.bjerring-sales.dk\/wp-content\/uploads\/2024\/01\/Balanspall_ergo_skrivbord.jpg.pagespeed.ic_.1WuFD0kCdr.webp 800w, https:\/\/shop.bjerring-sales.dk\/wp-content\/uploads\/2024\/01\/Balanspall_ergo_skrivbord.jpg.pagespeed.ic_.1WuFD0kCdr-300x300.webp 300w, https:\/\/shop.bjerring-sales.dk\/wp-content\/uploads\/2024\/01\/Balanspall_ergo_skrivbord.jpg.pagespeed.ic_.1WuFD0kCdr-150x150.webp 150w, https:\/\/shop.bjerring-sales.dk\/wp-content\/uploads\/2024\/01\/Balanspall_ergo_skrivbord.jpg.pagespeed.ic_.1WuFD0kCdr-600x600.webp 600w, https:\/\/shop.bjerring-sales.dk\/wp-content\/uploads\/2024\/01\/Balanspall_ergo_skrivbord.jpg.pagespeed.ic_.1WuFD0kCdr-768x768.webp 768w, https:\/\/shop.bjerring-sales.dk\/wp-content\/uploads\/2024\/01\/Balanspall_ergo_skrivbord.jpg.pagespeed.ic_.1WuFD0kCdr-12x12.webp 12w\" sizes=\"auto, (max-width: 800px) 100vw, 800px\" \/><\/div>\n\t\t<\/figure>\n\t<\/div>\n<\/div><\/div><\/div><div class=\"wpb_column vc_column_container vc_col-sm-6\"><div class=\"vc_column-inner\"><div class=\"wpb_wrapper\">\n\t<div  class=\"wpb_single_image wpb_content_element vc_align_center\">\n\t\t\n\t\t<figure class=\"wpb_wrapper vc_figure\">\n\t\t\t<div class=\"vc_single_image-wrapper vc_box_shadow_border  vc_box_border_grey\"><img loading=\"lazy\" decoding=\"async\" width=\"800\" height=\"800\" src=\"https:\/\/shop.bjerring-sales.dk\/wp-content\/uploads\/2024\/01\/Balanspall_ergo_miljo_1.jpg.pagespeed.ic_.9UDGkV0Tlj.webp\" class=\"vc_single_image-img attachment-full\" alt=\"\" title=\"Balance pallet_ergo_miljo_1.jpg.pagespeed.ic.9UDGkV0Tlj\" srcset=\"https:\/\/shop.bjerring-sales.dk\/wp-content\/uploads\/2024\/01\/Balanspall_ergo_miljo_1.jpg.pagespeed.ic_.9UDGkV0Tlj.webp 800w, https:\/\/shop.bjerring-sales.dk\/wp-content\/uploads\/2024\/01\/Balanspall_ergo_miljo_1.jpg.pagespeed.ic_.9UDGkV0Tlj-300x300.webp 300w, https:\/\/shop.bjerring-sales.dk\/wp-content\/uploads\/2024\/01\/Balanspall_ergo_miljo_1.jpg.pagespeed.ic_.9UDGkV0Tlj-150x150.webp 150w, https:\/\/shop.bjerring-sales.dk\/wp-content\/uploads\/2024\/01\/Balanspall_ergo_miljo_1.jpg.pagespeed.ic_.9UDGkV0Tlj-600x600.webp 600w, https:\/\/shop.bjerring-sales.dk\/wp-content\/uploads\/2024\/01\/Balanspall_ergo_miljo_1.jpg.pagespeed.ic_.9UDGkV0Tlj-768x768.webp 768w, https:\/\/shop.bjerring-sales.dk\/wp-content\/uploads\/2024\/01\/Balanspall_ergo_miljo_1.jpg.pagespeed.ic_.9UDGkV0Tlj-12x12.webp 12w\" sizes=\"auto, (max-width: 800px) 100vw, 800px\" \/><\/div>\n\t\t<\/figure>\n\t<\/div>\n<\/div><\/div><\/div><\/div><div class=\"vc_row wpb_row vc_row-fluid\"><div class=\"wpb_column vc_column_container vc_col-sm-6\"><div class=\"vc_column-inner\"><div class=\"wpb_wrapper\">\n\t<div class=\"wpb_text_column wpb_content_element\" >\n\t\t<div class=\"wpb_wrapper\">\n\t\t\t<p><span style=\"font-size: 18pt;\">Anvendelsesomr\u00e5de<br \/>\n<\/span>Vores ergonomiske balancestol er alsidig og tilpasningsdygtig, hvilket g\u00f8r den perfekt til at skabe en aktiv og sund siddekultur uanset arbejdsplads eller milj\u00f8. Tag skridtet mod et mere mobilt og velv\u00e6re arbejdsliv med denne innovative siddel\u00f8sning.<\/p>\n<ul>\n<li>Fremme engagerende og aktive m\u00f8der<\/li>\n<li>Forvandle dit hjemmekontor til et sted, hvor du kan sidde dynamisk<\/li>\n<li>Skab et behageligt arbejdsmilj\u00f8, der underst\u00f8tter en sund arbejdsstil<\/li>\n<li>Du har en aktiv arbejdsstil med h\u00f8jdejusterbare skriveborde<\/li>\n<li>Reducer belastningen p\u00e5 ben og ryg under l\u00e6ngere arbejdssessioner<\/li>\n<li>Skab en behaglig atmosf\u00e6re i forskellige offentlige milj\u00f8er<\/li>\n<\/ul>\n<p><span style=\"font-size: 18pt;\">Specifikationer<\/span><\/p>\n<ul>\n<li>100.000 martindale<\/li>\n<li>15 graders h\u00e6ldning<\/li>\n<li>Behagligt h\u00e5ndtag i h\u00f8jre side til h\u00f8jdejustering<\/li>\n<li>H\u00e5ndtag for nem bev\u00e6gelse<\/li>\n<li>Anti-skridsikker i PVC, der g\u00f8r at den st\u00e5r stabilt<\/li>\n<\/ul>\n<p><span style=\"font-size: 18pt;\">V\u00e6gt<\/span><\/p>\n<ul>\n<li>V\u00e6gt: 8 kg<\/li>\n<\/ul>\n\n\t\t<\/div>\n\t<\/div>\n<\/div><\/div><\/div><div class=\"wpb_column vc_column_container vc_col-sm-6\"><div class=\"vc_column-inner\"><div class=\"wpb_wrapper\">\n\t<div class=\"wpb_text_column wpb_content_element\" >\n\t\t<div class=\"wpb_wrapper\">\n\t\t\t<p><span style=\"font-size: 18pt;\">M\u00e5l<\/span><\/p>\n<ul>\n<li>Totalh\u00f8jde: 650-840 mm<\/li>\n<li>S\u00e6deh\u00f8jde: 560-730 mm<\/li>\n<li>S\u00e6debredde: 380 mm<\/li>\n<li>Fodbredde: \u00d8400 mm<\/li>\n<li>Total bredde (med skridsikker plade p\u00e5 fod): \u00d8410 mm<\/li>\n<\/ul>\n<p><span style=\"font-size: 18pt;\"><a href=\"https:\/\/shop.bjerring-sales.dk\/wp-content\/uploads\/2024\/01\/Balanspall_ergo_matt-300x242-1.jpg\"><img loading=\"lazy\" decoding=\"async\" class=\"alignnone size-full wp-image-95042\" src=\"https:\/\/shop.bjerring-sales.dk\/wp-content\/uploads\/2024\/01\/Balanspall_ergo_matt-300x242-1.jpg\" alt=\"\" width=\"300\" height=\"242\" srcset=\"https:\/\/shop.bjerring-sales.dk\/wp-content\/uploads\/2024\/01\/Balanspall_ergo_matt-300x242-1.jpg 300w, https:\/\/shop.bjerring-sales.dk\/wp-content\/uploads\/2024\/01\/Balanspall_ergo_matt-300x242-1-150x121.jpg 150w, https:\/\/shop.bjerring-sales.dk\/wp-content\/uploads\/2024\/01\/Balanspall_ergo_matt-300x242-1-15x12.jpg 15w\" sizes=\"auto, (max-width: 300px) 100vw, 300px\" \/><\/a><\/span><\/p>\n<p><span style=\"font-size: 18pt;\">Certificeringer<\/span><\/p>\n<ul>\n<li>Stofbetr\u00e6k er fremstillet i overensstemmelse med CA117-2013 standarden<\/li>\n<\/ul>\n<p><span style=\"font-size: 18pt;\">Garanti<\/span><\/p>\n<ul>\n<li>2 \u00e5rs garanti<\/li>\n<\/ul>\n\n\t\t<\/div>\n\t<\/div>\n<\/div><\/div><\/div><\/div>\n<\/div>","protected":false},"excerpt":{"rendered":"<p>Oplev komforten og innovationen med Ergo, vores ergonomiske h\u00f8jdejusterbare balancestol. Balancestol Ergo er den ultimative l\u00f8sning til ergonomisk, holdbar og sund siddestilling.<\/p>","protected":false},"featured_media":94916,"template":"","meta":{"iawp_total_views":4},"product_brand":[],"product_cat":[6300,5785,5791,5629,5826,5827,6025],"product_tag":[5793,6031,6406],"class_list":{"0":"post-94918","1":"product","2":"type-product","3":"status-publish","4":"has-post-thumbnail","6":"product_cat-arbetsstolar","7":"product_cat-hemmakontor","8":"product_cat-stolar","9":"product_cat-kontorsmobler","10":"product_cat-skrivbordsstolar","11":"product_cat-kontorsstolar","12":"product_cat-ergonomiskt-sittande","13":"product_tag-ergonomi","14":"product_tag-ergonomiskt-sittande","15":"product_tag-balanspall-ergo","17":"first","18":"instock","19":"taxable","20":"shipping-taxable","21":"purchasable","22":"product-type-simple"},"yoast_head":"<!-- This site is optimized with the Yoast SEO plugin v27.0 - https:\/\/yoast.com\/product\/yoast-seo-wordpress\/ -->\n<title>Balanspall Ergo - Bjerring-Sales<\/title>\n<meta name=\"description\" content=\"Uppt\u00e4ck komforten och innovationen med Ergo, v\u00e5r ergonomiska h\u00f6jdjusterbara balanspall. Balanspallen Ergo \u00e4r den ultimata l\u00f6sningen f\u00f6r ett ergonomiskt, h\u00e5llbart och h\u00e4lsosamt sittande.\" \/>\n<meta name=\"robots\" content=\"index, follow, max-snippet:-1, max-image-preview:large, max-video-preview:-1\" \/>\n<link rel=\"canonical\" href=\"https:\/\/shop.bjerring-sales.dk\/da\/product\/balanspall-ergo\/\" \/>\n<meta property=\"og:locale\" content=\"da_DK\" \/>\n<meta property=\"og:type\" content=\"article\" \/>\n<meta property=\"og:title\" content=\"Balanspall Ergo - En h\u00f6j- s\u00e4nkbar balanspall f\u00f6r kontor och andra arbetsmilj\u00f6er\" \/>\n<meta property=\"og:description\" content=\"Uppt\u00e4ck komforten och innovationen med Ergo, v\u00e5r ergonomiska h\u00f6jdjusterbara balanspall. Balanspallen Ergo \u00e4r den ultimata l\u00f6sningen f\u00f6r ett ergonomiskt, h\u00e5llbart och h\u00e4lsosamt sittande.\" \/>\n<meta property=\"og:url\" content=\"https:\/\/shop.bjerring-sales.dk\/da\/product\/balanspall-ergo\/\" \/>\n<meta property=\"og:site_name\" content=\"Bjerring-Sales\" \/>\n<meta property=\"article:modified_time\" content=\"2024-04-22T10:45:16+00:00\" \/>\n<meta property=\"og:image\" content=\"https:\/\/shop.bjerring-sales.dk\/wp-content\/uploads\/2024\/01\/Balanspall_ergo_skrivbord.jpg.pagespeed.ic_.1WuFD0kCdr.webp\" \/>\n\t<meta property=\"og:image:width\" content=\"800\" \/>\n\t<meta property=\"og:image:height\" content=\"800\" \/>\n\t<meta property=\"og:image:type\" content=\"image\/webp\" \/>\n<meta name=\"twitter:card\" content=\"summary_large_image\" \/>\n<meta name=\"twitter:title\" content=\"Balanspall Ergo - En h\u00f6j- s\u00e4nkbar balanspall f\u00f6r kontor och andra arbetsmilj\u00f6er\" \/>\n<meta name=\"twitter:description\" content=\"Uppt\u00e4ck komforten och innovationen med Ergo, v\u00e5r ergonomiska h\u00f6jdjusterbara balanspall. Balanspallen Ergo \u00e4r den ultimata l\u00f6sningen f\u00f6r ett ergonomiskt, h\u00e5llbart och h\u00e4lsosamt sittande.\" \/>\n<meta name=\"twitter:image\" content=\"https:\/\/shop.bjerring-sales.dk\/wp-content\/uploads\/2024\/01\/Balanspall_ergo_skrivbord.jpg.pagespeed.ic_.1WuFD0kCdr.webp\" \/>\n<meta name=\"twitter:label1\" content=\"Estimeret l\u00e6setid\" \/>\n\t<meta name=\"twitter:data1\" content=\"2 minutter\" \/>\n<script type=\"application\/ld+json\" class=\"yoast-schema-graph\">{\"@context\":\"https:\/\/schema.org\",\"@graph\":[{\"@type\":\"WebPage\",\"@id\":\"https:\/\/shop.bjerring-sales.dk\/product\/balanspall-ergo\/\",\"url\":\"https:\/\/shop.bjerring-sales.dk\/product\/balanspall-ergo\/\",\"name\":\"Balanspall Ergo - Bjerring-Sales\",\"isPartOf\":{\"@id\":\"https:\/\/shop.bjerring-sales.dk\/#website\"},\"primaryImageOfPage\":{\"@id\":\"https:\/\/shop.bjerring-sales.dk\/product\/balanspall-ergo\/#primaryimage\"},\"image\":{\"@id\":\"https:\/\/shop.bjerring-sales.dk\/product\/balanspall-ergo\/#primaryimage\"},\"thumbnailUrl\":\"https:\/\/shop.bjerring-sales.dk\/wp-content\/uploads\/2024\/01\/Balanspall_Ergo_svart_1.jpg\",\"datePublished\":\"2024-01-11T08:25:56+00:00\",\"dateModified\":\"2024-04-22T10:45:16+00:00\",\"description\":\"Uppt\u00e4ck komforten och innovationen med Ergo, v\u00e5r ergonomiska h\u00f6jdjusterbara balanspall. Balanspallen Ergo \u00e4r den ultimata l\u00f6sningen f\u00f6r ett ergonomiskt, h\u00e5llbart och h\u00e4lsosamt sittande.\",\"breadcrumb\":{\"@id\":\"https:\/\/shop.bjerring-sales.dk\/product\/balanspall-ergo\/#breadcrumb\"},\"inLanguage\":\"da-DK\",\"potentialAction\":[{\"@type\":\"ReadAction\",\"target\":[\"https:\/\/shop.bjerring-sales.dk\/product\/balanspall-ergo\/\"]}]},{\"@type\":\"ImageObject\",\"inLanguage\":\"da-DK\",\"@id\":\"https:\/\/shop.bjerring-sales.dk\/product\/balanspall-ergo\/#primaryimage\",\"url\":\"https:\/\/shop.bjerring-sales.dk\/wp-content\/uploads\/2024\/01\/Balanspall_Ergo_svart_1.jpg\",\"contentUrl\":\"https:\/\/shop.bjerring-sales.dk\/wp-content\/uploads\/2024\/01\/Balanspall_Ergo_svart_1.jpg\",\"width\":800,\"height\":800},{\"@type\":\"BreadcrumbList\",\"@id\":\"https:\/\/shop.bjerring-sales.dk\/product\/balanspall-ergo\/#breadcrumb\",\"itemListElement\":[{\"@type\":\"ListItem\",\"position\":1,\"name\":\"Hem\",\"item\":\"https:\/\/shop.bjerring-sales.dk\/\"},{\"@type\":\"ListItem\",\"position\":2,\"name\":\"Webbutik\",\"item\":\"https:\/\/shop.bjerring-sales.dk\/butik\/\"},{\"@type\":\"ListItem\",\"position\":3,\"name\":\"Balanspall Ergo\"}]},{\"@type\":\"WebSite\",\"@id\":\"https:\/\/shop.bjerring-sales.dk\/#website\",\"url\":\"https:\/\/shop.bjerring-sales.dk\/\",\"name\":\"Bjerring-Sales\",\"description\":\"M\u00f6bler f\u00f6r teatrar, skolor, kontor och k\u00f6pcentrum\",\"publisher\":{\"@id\":\"https:\/\/shop.bjerring-sales.dk\/#organization\"},\"potentialAction\":[{\"@type\":\"SearchAction\",\"target\":{\"@type\":\"EntryPoint\",\"urlTemplate\":\"https:\/\/shop.bjerring-sales.dk\/?s={search_term_string}\"},\"query-input\":{\"@type\":\"PropertyValueSpecification\",\"valueRequired\":true,\"valueName\":\"search_term_string\"}}],\"inLanguage\":\"da-DK\"},{\"@type\":\"Organization\",\"@id\":\"https:\/\/shop.bjerring-sales.dk\/#organization\",\"name\":\"Bjerring-Sales\",\"url\":\"https:\/\/shop.bjerring-sales.dk\/\",\"logo\":{\"@type\":\"ImageObject\",\"inLanguage\":\"da-DK\",\"@id\":\"https:\/\/shop.bjerring-sales.dk\/#\/schema\/logo\/image\/\",\"url\":\"https:\/\/shop.bjerring-sales.dk\/wp-content\/uploads\/2023\/01\/logo_sv.png\",\"contentUrl\":\"https:\/\/shop.bjerring-sales.dk\/wp-content\/uploads\/2023\/01\/logo_sv.png\",\"width\":195,\"height\":68,\"caption\":\"Bjerring-Sales\"},\"image\":{\"@id\":\"https:\/\/shop.bjerring-sales.dk\/#\/schema\/logo\/image\/\"}}]}<\/script>\n<!-- \/ Yoast SEO plugin. -->","yoast_head_json":{"title":"Balanspall Ergo - Bjerring-Sales","description":"Oplev komforten og innovationen med Ergo, vores ergonomiske h\u00f8jdejusterbare balancestol. Balancestol Ergo er den ultimative l\u00f8sning til ergonomisk, holdbar og sund siddestilling.","robots":{"index":"index","follow":"follow","max-snippet":"max-snippet:-1","max-image-preview":"max-image-preview:large","max-video-preview":"max-video-preview:-1"},"canonical":"https:\/\/shop.bjerring-sales.dk\/da\/product\/balanspall-ergo\/","og_locale":"da_DK","og_type":"article","og_title":"Balanspall Ergo - En h\u00f6j- s\u00e4nkbar balanspall f\u00f6r kontor och andra arbetsmilj\u00f6er","og_description":"Uppt\u00e4ck komforten och innovationen med Ergo, v\u00e5r ergonomiska h\u00f6jdjusterbara balanspall. Balanspallen Ergo \u00e4r den ultimata l\u00f6sningen f\u00f6r ett ergonomiskt, h\u00e5llbart och h\u00e4lsosamt sittande.","og_url":"https:\/\/shop.bjerring-sales.dk\/da\/product\/balanspall-ergo\/","og_site_name":"Bjerring-Sales","article_modified_time":"2024-04-22T10:45:16+00:00","og_image":[{"width":800,"height":800,"url":"https:\/\/shop.bjerring-sales.dk\/wp-content\/uploads\/2024\/01\/Balanspall_ergo_skrivbord.jpg.pagespeed.ic_.1WuFD0kCdr.webp","type":"image\/webp"}],"twitter_card":"summary_large_image","twitter_title":"Balanspall Ergo - En h\u00f6j- s\u00e4nkbar balanspall f\u00f6r kontor och andra arbetsmilj\u00f6er","twitter_description":"Uppt\u00e4ck komforten och innovationen med Ergo, v\u00e5r ergonomiska h\u00f6jdjusterbara balanspall. Balanspallen Ergo \u00e4r den ultimata l\u00f6sningen f\u00f6r ett ergonomiskt, h\u00e5llbart och h\u00e4lsosamt sittande.","twitter_image":"https:\/\/shop.bjerring-sales.dk\/wp-content\/uploads\/2024\/01\/Balanspall_ergo_skrivbord.jpg.pagespeed.ic_.1WuFD0kCdr.webp","twitter_misc":{"Estimeret l\u00e6setid":"2 minutter"},"schema":{"@context":"https:\/\/schema.org","@graph":[{"@type":"WebPage","@id":"https:\/\/shop.bjerring-sales.dk\/product\/balanspall-ergo\/","url":"https:\/\/shop.bjerring-sales.dk\/product\/balanspall-ergo\/","name":"Balanspall Ergo - Bjerring-Sales","isPartOf":{"@id":"https:\/\/shop.bjerring-sales.dk\/#website"},"primaryImageOfPage":{"@id":"https:\/\/shop.bjerring-sales.dk\/product\/balanspall-ergo\/#primaryimage"},"image":{"@id":"https:\/\/shop.bjerring-sales.dk\/product\/balanspall-ergo\/#primaryimage"},"thumbnailUrl":"https:\/\/shop.bjerring-sales.dk\/wp-content\/uploads\/2024\/01\/Balanspall_Ergo_svart_1.jpg","datePublished":"2024-01-11T08:25:56+00:00","dateModified":"2024-04-22T10:45:16+00:00","description":"Oplev komforten og innovationen med Ergo, vores ergonomiske h\u00f8jdejusterbare balancestol. Balancestol Ergo er den ultimative l\u00f8sning til ergonomisk, holdbar og sund siddestilling.","breadcrumb":{"@id":"https:\/\/shop.bjerring-sales.dk\/product\/balanspall-ergo\/#breadcrumb"},"inLanguage":"da-DK","potentialAction":[{"@type":"ReadAction","target":["https:\/\/shop.bjerring-sales.dk\/product\/balanspall-ergo\/"]}]},{"@type":"ImageObject","inLanguage":"da-DK","@id":"https:\/\/shop.bjerring-sales.dk\/product\/balanspall-ergo\/#primaryimage","url":"https:\/\/shop.bjerring-sales.dk\/wp-content\/uploads\/2024\/01\/Balanspall_Ergo_svart_1.jpg","contentUrl":"https:\/\/shop.bjerring-sales.dk\/wp-content\/uploads\/2024\/01\/Balanspall_Ergo_svart_1.jpg","width":800,"height":800},{"@type":"BreadcrumbList","@id":"https:\/\/shop.bjerring-sales.dk\/product\/balanspall-ergo\/#breadcrumb","itemListElement":[{"@type":"ListItem","position":1,"name":"Hem","item":"https:\/\/shop.bjerring-sales.dk\/"},{"@type":"ListItem","position":2,"name":"Webbutik","item":"https:\/\/shop.bjerring-sales.dk\/butik\/"},{"@type":"ListItem","position":3,"name":"Balanspall Ergo"}]},{"@type":"WebSite","@id":"https:\/\/shop.bjerring-sales.dk\/#website","url":"https:\/\/shop.bjerring-sales.dk\/","name":"Bjerring-Salg","description":"M\u00f8bler til teatre, skoler, kontorer og indk\u00f8bscentre","publisher":{"@id":"https:\/\/shop.bjerring-sales.dk\/#organization"},"potentialAction":[{"@type":"SearchAction","target":{"@type":"EntryPoint","urlTemplate":"https:\/\/shop.bjerring-sales.dk\/?s={search_term_string}"},"query-input":{"@type":"PropertyValueSpecification","valueRequired":true,"valueName":"search_term_string"}}],"inLanguage":"da-DK"},{"@type":"Organization","@id":"https:\/\/shop.bjerring-sales.dk\/#organization","name":"Bjerring-Salg","url":"https:\/\/shop.bjerring-sales.dk\/","logo":{"@type":"ImageObject","inLanguage":"da-DK","@id":"https:\/\/shop.bjerring-sales.dk\/#\/schema\/logo\/image\/","url":"https:\/\/shop.bjerring-sales.dk\/wp-content\/uploads\/2023\/01\/logo_sv.png","contentUrl":"https:\/\/shop.bjerring-sales.dk\/wp-content\/uploads\/2023\/01\/logo_sv.png","width":195,"height":68,"caption":"Bjerring-Sales"},"image":{"@id":"https:\/\/shop.bjerring-sales.dk\/#\/schema\/logo\/image\/"}}]}},"_links":{"self":[{"href":"https:\/\/shop.bjerring-sales.dk\/da\/wp-json\/wp\/v2\/product\/94918","targetHints":{"allow":["GET"]}}],"collection":[{"href":"https:\/\/shop.bjerring-sales.dk\/da\/wp-json\/wp\/v2\/product"}],"about":[{"href":"https:\/\/shop.bjerring-sales.dk\/da\/wp-json\/wp\/v2\/types\/product"}],"wp:featuredmedia":[{"embeddable":true,"href":"https:\/\/shop.bjerring-sales.dk\/da\/wp-json\/wp\/v2\/media\/94916"}],"wp:attachment":[{"href":"https:\/\/shop.bjerring-sales.dk\/da\/wp-json\/wp\/v2\/media?parent=94918"}],"wp:term":[{"taxonomy":"product_brand","embeddable":true,"href":"https:\/\/shop.bjerring-sales.dk\/da\/wp-json\/wp\/v2\/product_brand?post=94918"},{"taxonomy":"product_cat","embeddable":true,"href":"https:\/\/shop.bjerring-sales.dk\/da\/wp-json\/wp\/v2\/product_cat?post=94918"},{"taxonomy":"product_tag","embeddable":true,"href":"https:\/\/shop.bjerring-sales.dk\/da\/wp-json\/wp\/v2\/product_tag?post=94918"}],"curies":[{"name":"wp","href":"https:\/\/api.w.org\/{rel}","templated":true}]}}